{"id":9508,"date":"2022-12-27T16:49:07","date_gmt":"2022-12-27T16:49:07","guid":{"rendered":"https:\/\/www.barnestest.com\/ueber-uns\/"},"modified":"2023-05-02T19:46:13","modified_gmt":"2023-05-02T18:46:13","slug":"ueber-uns","status":"publish","type":"page","link":"https:\/\/www.barnestest.com\/de\/ueber-uns\/","title":{"rendered":"\u00dcber Uns"},"content":{"rendered":"<div class=\"wpb-content-wrapper\">[mk_page_section bg_color=&#8220;#b6bada&#8220; padding_top=&#8220;60&#8243; padding_bottom=&#8220;60&#8243; sidebar=&#8220;sidebar-1&#8243;][vc_column width=&#8220;8\/12&#8243;][mk_fancy_title tag_name=&#8220;h1&#8243; color=&#8220;#25334b&#8220; size=&#8220;20&#8243; font_weight=&#8220;bold&#8220; margin_bottom=&#8220;0&#8243; font_family=&#8220;none&#8220; animation=&#8220;left-to-right&#8220;]\u00dcber uns[\/mk_fancy_title][mk_fancy_title color=&#8220;#25334b&#8220; size=&#8220;32&#8243; font_weight=&#8220;400&#8243; margin_bottom=&#8220;0&#8243; font_family=&#8220;none&#8220; animation=&#8220;fade-in&#8220;]Ihre Produktqualit\u00e4t ist unsere oberste Priorit\u00e4t[\/mk_fancy_title][vc_column_text css=&#8220;.vc_custom_1590592791780{margin-bottom: 0px !important;}&#8220;]<span style=\"font-size: 18px;\">Unser 1991 gegr\u00fcndetes Unternehmen hat es sich zum Ziel gesetzt, die Bed\u00fcrfnisse der Chipkartenwelt zu erf\u00fcllen. Dank unseres Fachwissens \u00fcber Chipkarten und EMV-Migration sind wir heute ein international f\u00fchrender Anbieter von EMV-Chip- und Magnetstreifen- Testger\u00e4ten und Software.<\/span>[\/vc_column_text][\/vc_column][vc_column width=&#8220;1\/12&#8243;][\/vc_column][vc_column width=&#8220;1\/4&#8243;][\/vc_column][\/mk_page_section][mk_page_section bg_image=&#8220;http:\/\/www.barnestest.com\/wp-content\/uploads\/magnetic-tape-and-ticket-manufacturers-bg.jpg&#8220; bg_position=&#8220;center center&#8220; bg_stretch=&#8220;true&#8220; padding_top=&#8220;60&#8243; padding_bottom=&#8220;60&#8243; sidebar=&#8220;sidebar-1&#8243;][vc_column][vc_row_inner][vc_column_inner width=&#8220;8\/12&#8243;][mk_fancy_title color=&#8220;#25334b&#8220; size=&#8220;32&#8243; font_weight=&#8220;400&#8243; margin_bottom=&#8220;0&#8243; font_family=&#8220;none&#8220; animation=&#8220;left-to-right&#8220;]Unsere L\u00f6sungen[\/mk_fancy_title][vc_column_text css=&#8220;.vc_custom_1585663685043{margin-bottom: 0px !important;}&#8220;]\n<ul>\n<li>Smartcard Test- und Analyseger\u00e4te , die nach ISO, EMV, CQM und alle wichtigen Payment Schemes akkreditiert sind<\/li>\n<li>L\u00f6sungen, die es unseren Kunden erm\u00f6glichen, ihren Kunden gepr\u00fcfte und zertifizierte Zahlungskarten, Ger\u00e4te und mobile Anwendungen sowie Tickets zur Verf\u00fcgung zu stellen<\/li>\n<li>Sie werden f\u00fcr eine erfolgreiche technische Entwicklung, die Fehleranalyse, die \u00dcberpr\u00fcfung der Konformit\u00e4t und f\u00fcr die Qualit\u00e4tssicherung in der Produktion eingesetzt<\/li>\n<li>Barnes Smart Solutions entwickelt, verbessert und f\u00f6rdert das P3-Kartenausgabesystem<\/li>\n<\/ul>\n[\/vc_column_text][\/vc_column_inner][vc_column_inner width=&#8220;1\/12&#8243;][\/vc_column_inner][vc_column_inner width=&#8220;1\/4&#8243;][\/vc_column_inner][\/vc_row_inner][\/vc_column][\/mk_page_section][mk_page_section bg_color=&#8220;#9ca5ba&#8220; min_height=&#8220;0&#8243; padding_top=&#8220;60&#8243; padding_bottom=&#8220;60&#8243; sidebar=&#8220;sidebar-1&#8243;][vc_column][mk_fancy_title tag_name=&#8220;h3&#8243; color=&#8220;#ffffff&#8220; size=&#8220;32&#8243; font_weight=&#8220;400&#8243; margin_bottom=&#8220;0&#8243; font_family=&#8220;none&#8220; align=&#8220;center&#8220; animation=&#8220;left-to-right&#8220;]Erfahren Sie mehr \u00fcber uns[\/mk_fancy_title][mk_padding_divider size=&#8220;10&#8243;][vc_row_inner][vc_column_inner width=&#8220;1\/4&#8243; css=&#8220;.vc_custom_1539254199102{padding-top: 30px !important;padding-bottom: 30px !important;}&#8220;][\/vc_column_inner][vc_column_inner width=&#8220;1\/2&#8243; css=&#8220;.vc_custom_1539254205081{padding-top: 30px !important;padding-bottom: 30px !important;}&#8220;][vc_wp_text]<iframe title=\"YouTube video player\" data-src=\"https:\/\/www.youtube.com\/embed\/f5GhcegbvRM\" width=\"560\" height=\"315\" frameborder=\"0\" allowfullscreen=\"allowfullscreen\" src=\"data:image\/svg+xml;base64,PHN2ZyB3aWR0aD0iMSIgaGVpZ2h0PSIxIiB4bWxucz0iaHR0cDovL3d3dy53My5vcmcvMjAwMC9zdmciPjwvc3ZnPg==\" class=\"lazyload\" data-load-mode=\"1\"><\/iframe>[\/vc_wp_text][\/vc_column_inner][vc_column_inner width=&#8220;1\/4&#8243; css=&#8220;.vc_custom_1558524623995{padding-top: 30px !important;padding-bottom: 30px !important;}&#8220;][\/vc_column_inner][\/vc_row_inner][vc_row_inner][vc_column_inner width=&#8220;1\/4&#8243; css=&#8220;.vc_custom_1539254199102{padding-top: 30px !important;padding-bottom: 30px !important;}&#8220;][mk_custom_box padding_vertical=&#8220;&#8220; margin_bottom=&#8220;&#8220;][mk_fancy_title tag_name=&#8220;h5&#8243; color=&#8220;#ffffff&#8220; size=&#8220;20&#8243; line_height=&#8220;73&#8243; font_weight=&#8220;bold&#8220; margin_bottom=&#8220;0&#8243; font_family=&#8220;none&#8220; animation=&#8220;left-to-right&#8220;]Unsere Kunden[\/mk_fancy_title][vc_column_text el_class=&#8220;whitetext o2c-equal-columns-about&#8220; css=&#8220;.vc_custom_1590593559856{margin-bottom: 0px !important;}&#8220;]<span style=\"font-size: 16px;\">Zu unseren Kunden z\u00e4hlen die weltweit f\u00fchrenden Karten- und Tickethersteller und Entwickler, Personalisierungsb\u00fcros, Banken, Herausgeber, Testlabors und Zahlungssystemen.<\/span>[\/vc_column_text][mk_button dimension=&#8220;flat&#8220; corner_style=&#8220;full_rounded&#8220; url=&#8220;\/about-us\/our-customers\/&#8220; margin_bottom=&#8220;0&#8243; margin_right=&#8220;0&#8243; animation=&#8220;left-to-right&#8220; el_class=&#8220;o2c-periwinkle-button&#8220; bg_color=&#8220;#ffffff&#8220; btn_hover_bg=&#8220;#eaedf1&#8243; text_color=&#8220;dark&#8220; btn_hover_txt_color=&#8220;#666666&#8243;]Erfahren Sie mehr[\/mk_button][\/mk_custom_box][\/vc_column_inner][vc_column_inner width=&#8220;1\/4&#8243; css=&#8220;.vc_custom_1539254205081{padding-top: 30px !important;padding-bottom: 30px !important;}&#8220;][mk_custom_box padding_vertical=&#8220;0&#8243; margin_bottom=&#8220;0&#8243;][mk_fancy_title tag_name=&#8220;h5&#8243; color=&#8220;#ffffff&#8220; size=&#8220;20&#8243; line_height=&#8220;73&#8243; font_weight=&#8220;bold&#8220; margin_bottom=&#8220;0&#8243; font_family=&#8220;none&#8220; animation=&#8220;left-to-right&#8220;]Unsere Partner[\/mk_fancy_title][vc_column_text el_class=&#8220;whitetext o2c-equal-columns-about&#8220; css=&#8220;.vc_custom_1539180324218{margin-bottom: 0px !important;}&#8220;]<span style=\"font-size: 16px;\">Durch die enge Zusammenarbeit mit Zahlungssystemen und Unternehmen der Kartenindustrie bieten wir unseren Kunden einen hervorragenden Service.<br \/>\n[\/vc_column_text][mk_button dimension=&#8220;flat&#8220; corner_style=&#8220;full_rounded&#8220; url=&#8220;\/about-us\/our-partners\/&#8220; margin_bottom=&#8220;0&#8243; margin_right=&#8220;0&#8243; animation=&#8220;left-to-right&#8220; el_class=&#8220;o2c-periwinkle-button&#8220; bg_color=&#8220;#ffffff&#8220; btn_hover_bg=&#8220;#eaedf1&#8243; text_color=&#8220;dark&#8220; btn_hover_txt_color=&#8220;#666666&#8243;]Unsere partner[\/mk_button][\/mk_custom_box][\/vc_column_inner][vc_column_inner width=&#8220;1\/4&#8243; css=&#8220;.vc_custom_1558524623995{padding-top: 30px !important;padding-bottom: 30px !important;}&#8220;][mk_custom_box padding_vertical=&#8220;0&#8243; margin_bottom=&#8220;0&#8243;][mk_fancy_title tag_name=&#8220;h5&#8243; color=&#8220;#ffffff&#8220; size=&#8220;20&#8243; line_height=&#8220;73&#8243; font_weight=&#8220;bold&#8220; margin_bottom=&#8220;0&#8243; font_family=&#8220;none&#8220; animation=&#8220;left-to-right&#8220;]Veranstaltungen[\/mk_fancy_title][vc_column_text el_class=&#8220;whitetext o2c-equal-columns-about&#8220; css=&#8220;.vc_custom_1539180324218{margin-bottom: 0px !important;}&#8220;]<span style=\"font-size: 16px;\">Das ganze Jahr \u00fcber nehmen wir an Veranstaltungen auf der ganzen Welt teil und geben Einblicke und Ratschl\u00e4ge zu effektiven Chip- und Magnetstreifentests und vielem mehr.<\/span>[\/vc_column_text][mk_button dimension=&#8220;flat&#8220; corner_style=&#8220;full_rounded&#8220; url=&#8220;\/about-us\/events\/&#8220; margin_bottom=&#8220;0&#8243; margin_right=&#8220;0&#8243; animation=&#8220;left-to-right&#8220; el_class=&#8220;o2c-periwinkle-button&#8220; bg_color=&#8220;#ffffff&#8220; btn_hover_bg=&#8220;#eaedf1&#8243; text_color=&#8220;dark&#8220; btn_hover_txt_color=&#8220;#666666&#8243;]N\u00e4chste veranstaltungen[\/mk_button][\/mk_custom_box][\/vc_column_inner][vc_column_inner width=&#8220;1\/4&#8243; css=&#8220;.vc_custom_1539254211267{padding-top: 30px !important;padding-bottom: 30px !important;}&#8220;][mk_custom_box padding_vertical=&#8220;0&#8243; margin_bottom=&#8220;0&#8243;][mk_fancy_title tag_name=&#8220;h5&#8243; color=&#8220;#ffffff&#8220; size=&#8220;20&#8243; line_height=&#8220;73&#8243; font_weight=&#8220;bold&#8220; margin_bottom=&#8220;0&#8243; font_family=&#8220;none&#8220; animation=&#8220;left-to-right&#8220;]Erfahrungsberichte[\/mk_fancy_title][vc_column_text el_class=&#8220;whitetext o2c-equal-columns-about&#8220; css=&#8220;.vc_custom_1539180317240{margin-bottom: 0px !important;}&#8220;]<span style=\"font-size: 16px;\">Mit Kunden und Partnern aus den verschiedensten Bereichen stellen wir sicher, dass jeder w\u00e4hrend unserer Zusammenarbeit mit uns den gleichen Standard an Service erh\u00e4lt.<\/span>[\/vc_column_text][mk_button dimension=&#8220;flat&#8220; corner_style=&#8220;full_rounded&#8220; url=&#8220;\/about-us\/testimonials\/&#8220; margin_bottom=&#8220;0&#8243; margin_right=&#8220;0&#8243; animation=&#8220;left-to-right&#8220; el_class=&#8220;o2c-periwinkle-button&#8220; bg_color=&#8220;#ffffff&#8220; btn_hover_bg=&#8220;#eaedf1&#8243; text_color=&#8220;dark&#8220; btn_hover_txt_color=&#8220;#666666&#8243;]Mehr<br \/>\nlesen[\/mk_button][\/mk_custom_box][\/vc_column_inner][\/vc_row_inner][\/vc_column][\/mk_page_section][mk_page_section bg_color=&#8220;#0098db&#8220; el_class=&#8220;o2c-white-contact&#8220; sidebar=&#8220;sidebar-1&#8243;][vc_column width=&#8220;1\/12&#8243;][\/vc_column][vc_column width=&#8220;10\/12&#8243;][mk_padding_divider size=&#8220;65&#8243;][mk_fancy_title color=&#8220;#ffffff&#8220; size=&#8220;32&#8243; font_weight=&#8220;400&#8243; margin_bottom=&#8220;0&#8243; font_family=&#8220;none&#8220; align=&#8220;center&#8220; animation=&#8220;fade-in&#8220;]M\u00f6chten Sie mehr erfahren?[\/mk_fancy_title][mk_padding_divider size=&#8220;30&#8243;]\n<div class=\"wpcf7 no-js\" id=\"wpcf7-f8241-o1\" lang=\"en-US\" dir=\"ltr\" data-wpcf7-id=\"8241\">\n<div class=\"screen-reader-response\"><p role=\"status\" aria-live=\"polite\" aria-atomic=\"true\"><\/p> <ul><\/ul><\/div>\n<form action=\"\/de\/wp-json\/wp\/v2\/pages\/9508#wpcf7-f8241-o1\" method=\"post\" class=\"wpcf7-form init\" aria-label=\"Contact form\" novalidate=\"novalidate\" data-status=\"init\">\n<fieldset class=\"hidden-fields-container\"><input type=\"hidden\" name=\"_wpcf7\" value=\"8241\" \/><input type=\"hidden\" name=\"_wpcf7_version\" value=\"6.1.5\" \/><input type=\"hidden\" name=\"_wpcf7_locale\" value=\"en_US\" \/><input type=\"hidden\" name=\"_wpcf7_unit_tag\" value=\"wpcf7-f8241-o1\" \/><input type=\"hidden\" name=\"_wpcf7_container_post\" value=\"0\" \/><input type=\"hidden\" name=\"_wpcf7_posted_data_hash\" value=\"\" \/><input type=\"hidden\" name=\"_wpcf7_recaptcha_response\" value=\"\" \/>\n<\/fieldset>\n<div class=\"o2c-fullwidth\">\n\t<div class=\"o2c-break1\">\n\t\t<p><span class=\"wpcf7-form-control-wrap\" data-name=\"full-name\"><input size=\"40\" maxlength=\"400\" class=\"wpcf7-form-control wpcf7-text wpcf7-validates-as-required o2c-text-field\" aria-required=\"true\" aria-invalid=\"false\" placeholder=\"Vollst\u00e4ndiger Name\" value=\"\" type=\"text\" name=\"full-name\" \/><\/span><br \/>\n<span class=\"wpcf7-form-control-wrap\" data-name=\"company-name\"><input size=\"40\" maxlength=\"400\" class=\"wpcf7-form-control wpcf7-text wpcf7-validates-as-required o2c-text-field\" aria-required=\"true\" aria-invalid=\"false\" placeholder=\"Unternehmen\" value=\"\" type=\"text\" name=\"company-name\" \/><\/span><br \/>\n<span class=\"wpcf7-form-control-wrap\" data-name=\"customer-email\"><input size=\"40\" maxlength=\"400\" class=\"wpcf7-form-control wpcf7-email wpcf7-validates-as-required wpcf7-text wpcf7-validates-as-email o2c-email-field\" aria-required=\"true\" aria-invalid=\"false\" placeholder=\"Email\" value=\"\" type=\"email\" name=\"customer-email\" \/><\/span><br \/>\n<span class=\"wpcf7-form-control-wrap\" data-name=\"customer-telephone\"><input size=\"40\" maxlength=\"400\" class=\"wpcf7-form-control wpcf7-tel wpcf7-text wpcf7-validates-as-tel o2c-text-field\" aria-invalid=\"false\" placeholder=\"Telefon\" value=\"\" type=\"tel\" name=\"customer-telephone\" \/><\/span><br \/>\n\t\t<span class=\"wpcf7-form-control-wrap recaptcha\" data-name=\"recaptcha\"><span data-sitekey=\"6LfV16QUAAAAAAoDHi55y8SiR8vm8sVeBlZMDHpb\" class=\"wpcf7-form-control wpcf7-recaptcha g-recaptcha\"><\/span>\r\n<noscript>\r\n\t<div class=\"grecaptcha-noscript\">\r\n\t\t<iframe src=\"https:\/\/www.google.com\/recaptcha\/api\/fallback?k=6LfV16QUAAAAAAoDHi55y8SiR8vm8sVeBlZMDHpb\" frameborder=\"0\" scrolling=\"no\" width=\"310\" height=\"430\">\r\n\t\t<\/iframe>\r\n\t\t<textarea name=\"g-recaptcha-response\" rows=\"3\" cols=\"40\" placeholder=\"reCaptcha Response Here\">\r\n\t\t<\/textarea>\r\n\t<\/div>\r\n<\/noscript>\r\n<\/span>\n\t\t<\/p>\n\t<\/div>\n\t<div class=\"o2c-break2\">\n\t\t<p><span class=\"wpcf7-form-control-wrap\" data-name=\"customer-query\"><textarea cols=\"40\" rows=\"10\" maxlength=\"2000\" class=\"wpcf7-form-control wpcf7-textarea o2c-text-area\" aria-invalid=\"false\" placeholder=\"Anfrage\" name=\"customer-query\"><\/textarea><\/span>\n\t\t<\/p>\n\t\t<div class=\"o2c-subscribe\">\n\t\t\t<p><span class=\"wpcf7-form-control-wrap\" data-name=\"checkbox-21\"><span class=\"wpcf7-form-control wpcf7-checkbox\"><span class=\"wpcf7-list-item first last\"><input type=\"checkbox\" name=\"checkbox-21[]\" value=\"Updates abonnieren\" \/><span class=\"wpcf7-list-item-label\">Updates abonnieren<\/span><\/span><\/span><\/span><br \/>\n<input class=\"wpcf7-form-control wpcf7-submit has-spinner o2c-submit\" type=\"submit\" value=\"Senden\" \/>\n\t\t\t<\/p>\n\t\t<\/div>\n\t<\/div>\n<\/div>\n<div class=\"gdpr-text-contact\">\n\t<p>In diesem Formular werden Ihr Name, Ihre E-Mail Adresse und Ihre Telefonnummer erfasst, damit wir in Bezug auf Ihre Anfrage in Kontakt bleiben k\u00f6nnen. Weitere Informationen \u00fcber den Schutz und die Verwaltung dieser Daten finden Sie in unserer Datenschutzerkl\u00e4rung.\n\t<\/p>\n\t<div class=\"gpdr-tick-box-contact\">\n\t\t<p><span class=\"wpcf7-form-control-wrap\" data-name=\"GDPR\"><span class=\"wpcf7-form-control wpcf7-checkbox wpcf7-validates-as-required\"><span class=\"wpcf7-list-item first last\"><input type=\"checkbox\" name=\"GDPR[]\" value=\"Ich bin damit einverstanden, dass Barnes International meine Daten erfasst.\" \/><span class=\"wpcf7-list-item-label\">Ich bin damit einverstanden, dass Barnes International meine Daten erfasst.<\/span><\/span><\/span><\/span>\n\t\t<\/p>\n\t<\/div>\n<\/div><div class=\"wpcf7-response-output\" aria-hidden=\"true\"><\/div>\n<\/form>\n<\/div>\n[mk_padding_divider size=&#8220;65&#8243;][\/vc_column][vc_column width=&#8220;1\/12&#8243;][\/vc_column][\/mk_page_section]<\/span><\/p>\n<\/div>","protected":false},"excerpt":{"rendered":"<p>[mk_page_section bg_color=&#8220;#b6bada&#8220; padding_top=&#8220;60&#8243; padding_bottom=&#8220;60&#8243; sidebar=&#8220;sidebar-1&#8243;][vc_column width=&#8220;8\/12&#8243;][mk_fancy_title tag_name=&#8220;h1&#8243; color=&#8220;#25334b&#8220; size=&#8220;20&#8243; font_weight=&#8220;bold&#8220; margin_bottom=&#8220;0&#8243; font_family=&#8220;none&#8220; animation=&#8220;left-to-right&#8220;]\u00dcber uns[\/mk_fancy_title][mk_fancy_title color=&#8220;#25334b&#8220; size=&#8220;32&#8243; font_weight=&#8220;400&#8243; margin_bottom=&#8220;0&#8243; font_family=&#8220;none&#8220; animation=&#8220;fade-in&#8220;]Ihre Produktqualit\u00e4t ist unsere oberste Priorit\u00e4t[\/mk_fancy_title][vc_column_text css=&#8220;.vc_custom_1590592791780{margin-bottom: 0px !important;}&#8220;]Unser 1991 gegr\u00fcndetes Unternehmen hat es sich zum Ziel gesetzt, die Bed\u00fcrfnisse der Chipkartenwelt zu erf\u00fcllen. Dank unseres Fachwissens \u00fcber Chipkarten und EMV-Migration sind wir heute ein international [&hellip;]<\/p>\n","protected":false},"author":1,"featured_media":0,"parent":0,"menu_order":0,"comment_status":"closed","ping_status":"closed","template":"","meta":{"footnotes":""},"class_list":["post-9508","page","type-page","status-publish","hentry"],"yoast_head":"<!-- This site is optimized with the Yoast SEO plugin v27.3 - https:\/\/yoast.com\/product\/yoast-seo-wordpress\/ -->\n<title>\u00dcber Uns | Barnes International Limited<\/title>\n<meta name=\"description\" content=\"Hier erfahren Sie mehr \u00fcber Barnes International Limited, unter anderem mit wem wir zusammenarbeiten, unsere Partner und warum Finanzinstitute und Kartenhersteller auf der ganzen Welt unseren Magnetstreifen- und Chip-Test L\u00f6sungen vertrauen.\" \/>\n<meta name=\"robots\" content=\"index, follow, max-snippet:-1, max-image-preview:large, max-video-preview:-1\" \/>\n<link rel=\"canonical\" href=\"https:\/\/www.barnestest.com\/de\/ueber-uns\/\" \/>\n<meta property=\"og:locale\" content=\"de_DE\" \/>\n<meta property=\"og:type\" content=\"article\" \/>\n<meta property=\"og:title\" content=\"\u00dcber Uns | Barnes International Limited\" \/>\n<meta property=\"og:description\" content=\"Hier erfahren Sie mehr \u00fcber Barnes International Limited, unter anderem mit wem wir zusammenarbeiten, unsere Partner und warum Finanzinstitute und Kartenhersteller auf der ganzen Welt unseren Magnetstreifen- und Chip-Test L\u00f6sungen vertrauen.\" \/>\n<meta property=\"og:url\" content=\"https:\/\/www.barnestest.com\/de\/ueber-uns\/\" \/>\n<meta property=\"og:site_name\" content=\"Barnes International\" \/>\n<meta property=\"article:modified_time\" content=\"2023-05-02T18:46:13+00:00\" \/>\n<meta property=\"og:image\" content=\"https:\/\/www.barnestest.com\/wp-content\/uploads\/barnes-logo.png\" \/>\n\t<meta property=\"og:image:width\" content=\"183\" \/>\n\t<meta property=\"og:image:height\" content=\"43\" \/>\n\t<meta property=\"og:image:type\" content=\"image\/png\" \/>\n<meta name=\"twitter:card\" content=\"summary_large_image\" \/>\n<meta name=\"twitter:site\" content=\"@barnes_test\" \/>\n<meta name=\"twitter:label1\" content=\"Gesch\u00e4tzte Lesezeit\" \/>\n\t<meta name=\"twitter:data1\" content=\"2\u00a0Minute\" \/>\n<script type=\"application\/ld+json\" class=\"yoast-schema-graph\">{\"@context\":\"https:\\\/\\\/schema.org\",\"@graph\":[{\"@type\":\"WebPage\",\"@id\":\"https:\\\/\\\/www.barnestest.com\\\/de\\\/ueber-uns\\\/\",\"url\":\"https:\\\/\\\/www.barnestest.com\\\/de\\\/ueber-uns\\\/\",\"name\":\"\u00dcber Uns | Barnes International Limited\",\"isPartOf\":{\"@id\":\"https:\\\/\\\/www.barnestest.com\\\/de\\\/#website\"},\"datePublished\":\"2022-12-27T16:49:07+00:00\",\"dateModified\":\"2023-05-02T18:46:13+00:00\",\"description\":\"Hier erfahren Sie mehr \u00fcber Barnes International Limited, unter anderem mit wem wir zusammenarbeiten, unsere Partner und warum Finanzinstitute und Kartenhersteller auf der ganzen Welt unseren Magnetstreifen- und Chip-Test L\u00f6sungen vertrauen.\",\"breadcrumb\":{\"@id\":\"https:\\\/\\\/www.barnestest.com\\\/de\\\/ueber-uns\\\/#breadcrumb\"},\"inLanguage\":\"de\",\"potentialAction\":[{\"@type\":\"ReadAction\",\"target\":[\"https:\\\/\\\/www.barnestest.com\\\/de\\\/ueber-uns\\\/\"]}]},{\"@type\":\"BreadcrumbList\",\"@id\":\"https:\\\/\\\/www.barnestest.com\\\/de\\\/ueber-uns\\\/#breadcrumb\",\"itemListElement\":[{\"@type\":\"ListItem\",\"position\":1,\"name\":\"Home\",\"item\":\"https:\\\/\\\/www.barnestest.com\\\/de\\\/\"},{\"@type\":\"ListItem\",\"position\":2,\"name\":\"\u00dcber Uns\"}]},{\"@type\":\"WebSite\",\"@id\":\"https:\\\/\\\/www.barnestest.com\\\/de\\\/#website\",\"url\":\"https:\\\/\\\/www.barnestest.com\\\/de\\\/\",\"name\":\"Barnes International\",\"description\":\"a leading provider of magnetic stripe and EMV test tools, training and consulting\",\"publisher\":{\"@id\":\"https:\\\/\\\/www.barnestest.com\\\/de\\\/#organization\"},\"potentialAction\":[{\"@type\":\"SearchAction\",\"target\":{\"@type\":\"EntryPoint\",\"urlTemplate\":\"https:\\\/\\\/www.barnestest.com\\\/de\\\/?s={search_term_string}\"},\"query-input\":{\"@type\":\"PropertyValueSpecification\",\"valueRequired\":true,\"valueName\":\"search_term_string\"}}],\"inLanguage\":\"de\"},{\"@type\":\"Organization\",\"@id\":\"https:\\\/\\\/www.barnestest.com\\\/de\\\/#organization\",\"name\":\"Barnes International\",\"url\":\"https:\\\/\\\/www.barnestest.com\\\/de\\\/\",\"logo\":{\"@type\":\"ImageObject\",\"inLanguage\":\"de\",\"@id\":\"https:\\\/\\\/www.barnestest.com\\\/de\\\/#\\\/schema\\\/logo\\\/image\\\/\",\"url\":\"https:\\\/\\\/www.barnestest.com\\\/wp-content\\\/uploads\\\/barnesinternationallogo_transparent.png\",\"contentUrl\":\"https:\\\/\\\/www.barnestest.com\\\/wp-content\\\/uploads\\\/barnesinternationallogo_transparent.png\",\"width\":1712,\"height\":484,\"caption\":\"Barnes International\"},\"image\":{\"@id\":\"https:\\\/\\\/www.barnestest.com\\\/de\\\/#\\\/schema\\\/logo\\\/image\\\/\"},\"sameAs\":[\"https:\\\/\\\/x.com\\\/barnes_test\",\"https:\\\/\\\/www.linkedin.com\\\/company\\\/barnes-international-ltd\\\/\",\"https:\\\/\\\/www.youtube.com\\\/channel\\\/UC5_Lit5ykPemqDHnHda0bvw\"]}]}<\/script>\n<!-- \/ Yoast SEO plugin. -->","yoast_head_json":{"title":"\u00dcber Uns | Barnes International Limited","description":"Hier erfahren Sie mehr \u00fcber Barnes International Limited, unter anderem mit wem wir zusammenarbeiten, unsere Partner und warum Finanzinstitute und Kartenhersteller auf der ganzen Welt unseren Magnetstreifen- und Chip-Test L\u00f6sungen vertrauen.","robots":{"index":"index","follow":"follow","max-snippet":"max-snippet:-1","max-image-preview":"max-image-preview:large","max-video-preview":"max-video-preview:-1"},"canonical":"https:\/\/www.barnestest.com\/de\/ueber-uns\/","og_locale":"de_DE","og_type":"article","og_title":"\u00dcber Uns | Barnes International Limited","og_description":"Hier erfahren Sie mehr \u00fcber Barnes International Limited, unter anderem mit wem wir zusammenarbeiten, unsere Partner und warum Finanzinstitute und Kartenhersteller auf der ganzen Welt unseren Magnetstreifen- und Chip-Test L\u00f6sungen vertrauen.","og_url":"https:\/\/www.barnestest.com\/de\/ueber-uns\/","og_site_name":"Barnes International","article_modified_time":"2023-05-02T18:46:13+00:00","og_image":[{"width":183,"height":43,"url":"https:\/\/www.barnestest.com\/wp-content\/uploads\/barnes-logo.png","type":"image\/png"}],"twitter_card":"summary_large_image","twitter_site":"@barnes_test","twitter_misc":{"Gesch\u00e4tzte Lesezeit":"2\u00a0Minute"},"schema":{"@context":"https:\/\/schema.org","@graph":[{"@type":"WebPage","@id":"https:\/\/www.barnestest.com\/de\/ueber-uns\/","url":"https:\/\/www.barnestest.com\/de\/ueber-uns\/","name":"\u00dcber Uns | Barnes International Limited","isPartOf":{"@id":"https:\/\/www.barnestest.com\/de\/#website"},"datePublished":"2022-12-27T16:49:07+00:00","dateModified":"2023-05-02T18:46:13+00:00","description":"Hier erfahren Sie mehr \u00fcber Barnes International Limited, unter anderem mit wem wir zusammenarbeiten, unsere Partner und warum Finanzinstitute und Kartenhersteller auf der ganzen Welt unseren Magnetstreifen- und Chip-Test L\u00f6sungen vertrauen.","breadcrumb":{"@id":"https:\/\/www.barnestest.com\/de\/ueber-uns\/#breadcrumb"},"inLanguage":"de","potentialAction":[{"@type":"ReadAction","target":["https:\/\/www.barnestest.com\/de\/ueber-uns\/"]}]},{"@type":"BreadcrumbList","@id":"https:\/\/www.barnestest.com\/de\/ueber-uns\/#breadcrumb","itemListElement":[{"@type":"ListItem","position":1,"name":"Home","item":"https:\/\/www.barnestest.com\/de\/"},{"@type":"ListItem","position":2,"name":"\u00dcber Uns"}]},{"@type":"WebSite","@id":"https:\/\/www.barnestest.com\/de\/#website","url":"https:\/\/www.barnestest.com\/de\/","name":"Barnes International","description":"a leading provider of magnetic stripe and EMV test tools, training and consulting","publisher":{"@id":"https:\/\/www.barnestest.com\/de\/#organization"},"potentialAction":[{"@type":"SearchAction","target":{"@type":"EntryPoint","urlTemplate":"https:\/\/www.barnestest.com\/de\/?s={search_term_string}"},"query-input":{"@type":"PropertyValueSpecification","valueRequired":true,"valueName":"search_term_string"}}],"inLanguage":"de"},{"@type":"Organization","@id":"https:\/\/www.barnestest.com\/de\/#organization","name":"Barnes International","url":"https:\/\/www.barnestest.com\/de\/","logo":{"@type":"ImageObject","inLanguage":"de","@id":"https:\/\/www.barnestest.com\/de\/#\/schema\/logo\/image\/","url":"https:\/\/www.barnestest.com\/wp-content\/uploads\/barnesinternationallogo_transparent.png","contentUrl":"https:\/\/www.barnestest.com\/wp-content\/uploads\/barnesinternationallogo_transparent.png","width":1712,"height":484,"caption":"Barnes International"},"image":{"@id":"https:\/\/www.barnestest.com\/de\/#\/schema\/logo\/image\/"},"sameAs":["https:\/\/x.com\/barnes_test","https:\/\/www.linkedin.com\/company\/barnes-international-ltd\/","https:\/\/www.youtube.com\/channel\/UC5_Lit5ykPemqDHnHda0bvw"]}]}},"_links":{"self":[{"href":"https:\/\/www.barnestest.com\/de\/wp-json\/wp\/v2\/pages\/9508","targetHints":{"allow":["GET"]}}],"collection":[{"href":"https:\/\/www.barnestest.com\/de\/wp-json\/wp\/v2\/pages"}],"about":[{"href":"https:\/\/www.barnestest.com\/de\/wp-json\/wp\/v2\/types\/page"}],"author":[{"embeddable":true,"href":"https:\/\/www.barnestest.com\/de\/wp-json\/wp\/v2\/users\/1"}],"replies":[{"embeddable":true,"href":"https:\/\/www.barnestest.com\/de\/wp-json\/wp\/v2\/comments?post=9508"}],"version-history":[{"count":0,"href":"https:\/\/www.barnestest.com\/de\/wp-json\/wp\/v2\/pages\/9508\/revisions"}],"wp:attachment":[{"href":"https:\/\/www.barnestest.com\/de\/wp-json\/wp\/v2\/media?parent=9508"}],"curies":[{"name":"wp","href":"https:\/\/api.w.org\/{rel}","templated":true}]}}