{"id":9511,"date":"2022-12-27T16:55:57","date_gmt":"2022-12-27T16:55:57","guid":{"rendered":"https:\/\/www.barnestest.com\/ueber-uns\/barnes-smart-solutions\/"},"modified":"2023-01-07T20:54:03","modified_gmt":"2023-01-07T20:54:03","slug":"barnes-smart-solutions","status":"publish","type":"page","link":"https:\/\/www.barnestest.com\/de\/ueber-uns\/barnes-smart-solutions\/","title":{"rendered":"Barnes Smart Solutions"},"content":{"rendered":"[mk_page_section bg_image=&#8220;http:\/\/www.barnestest.com\/wp-content\/uploads\/barnes-partners-bg.jpg&#8220; bg_position=&#8220;center top&#8220; bg_repeat=&#8220;no-repeat&#8220; bg_stretch=&#8220;true&#8220; padding_top=&#8220;60&#8243; padding_bottom=&#8220;60&#8243; sidebar=&#8220;sidebar-1&#8243;][vc_column width=&#8220;8\/12&#8243;][mk_fancy_title tag_name=&#8220;h1&#8243; color=&#8220;#25334b&#8220; size=&#8220;20&#8243; font_weight=&#8220;bold&#8220; margin_bottom=&#8220;0&#8243; font_family=&#8220;none&#8220; animation=&#8220;left-to-right&#8220;]Barnes Smart Solutions[\/mk_fancy_title][mk_fancy_title color=&#8220;#25334b&#8220; size=&#8220;32&#8243; font_weight=&#8220;400&#8243; margin_bottom=&#8220;0&#8243; font_family=&#8220;none&#8220; animation=&#8220;fade-in&#8220;]Barnes Smart Solutions ist Teil der Barnes International Gruppe und ist weltweit der einzige Entwickler und Lizenzgeber von P3.[\/mk_fancy_title][vc_column_text css=&#8220;.vc_custom_1571301573755{margin-bottom: 0px !important;}&#8220;]<span style=\"font-size: 18px;\">W\u00e4hrend des Jahres 2017 wurde Barnes Smart Solution gebildet, um ein innovatives, technologieorientiertes L\u00f6sungsunternehmen zu schaffen, das sich auf den Aufbau von Kapazit\u00e4ten f\u00fcr die Betreuung bestehender P3-Kunden, die Weiterentwicklung und Verbesserung der P3-Produktfamilie und die Bereitstellung von laufendem Wartungssupport f\u00fcr P3-Kunden konzentriert, nachdem im Juli 2018 von Thales die Ank\u00fcndigung des \u201eEnd-of-Life\u201c verk\u00fcndigt wurde.<\/span><\/p>\n<p><span style=\"font-size: 18px;\">Mitglieder des Produktmanagement- und Softwareentwicklungsteams f\u00fcr P3 von Thales, die zuvor die Aufgaben des P3-Produktmanagements und der Entwicklung bei Thales erf\u00fcllten, haben sich unserem technischen Expertenteam angeschlossen.<\/span><\/p>\n<p><span style=\"font-size: 18px;\">Barnes Smart Solutions ist Teil der Barnes International Gruppe, die seit 28 Jahren besteht und ihren Hauptsitz in Gro\u00dfbritannien hat. Durch die weltweiten Niederlassungen in den USA, China, Malaysia, Indien, Portugal, Spanien, Kenia und S\u00fcdafrika kann Barnes Smart Solutions alle Kunden f\u00fcr Vertrieb und Support erreichen. Die Ressourcen der Gruppe und die kollektiven intellektuellen F\u00e4higkeiten werden zum Vorteil unserer Kunden eingesetzt.<\/span>[\/vc_column_text][\/vc_column][vc_column width=&#8220;1\/12&#8243;][\/vc_column][vc_column width=&#8220;1\/4&#8243;][\/vc_column][\/mk_page_section][mk_page_section bg_color=&#8220;#3d5e8b&#8220; bg_position=&#8220;left center&#8220; padding_top=&#8220;60&#8243; padding_bottom=&#8220;60&#8243; sidebar=&#8220;sidebar-1&#8243;][vc_column width=&#8220;1\/12&#8243;][\/vc_column][vc_column width=&#8220;10\/12&#8243;][mk_fancy_title color=&#8220;#ffffff&#8220; size=&#8220;32&#8243; font_weight=&#8220;400&#8243; margin_bottom=&#8220;0&#8243; font_family=&#8220;none&#8220; align=&#8220;center&#8220; animation=&#8220;fade-in&#8220;]Barnes Smart Solutions\u2019s Angebote[\/mk_fancy_title][vc_column_text el_class=&#8220;whitetext&#8220; css=&#8220;.vc_custom_1551690887360{margin-bottom: 0px !important;}&#8220;]<span style=\"font-size: 16px;\">Wenn Sie EMV-Token (Smartcards) an Ihre Kunden ausgeben m\u00fcssen, die in einer Vielzahl von Anwendungen, sowohl im finanziellen als auch im nicht-finanziellen Bereich, eingesetzt werden k\u00f6nnen oder wenn Sie von Magnetstreifen auf Chip und Pin umstellen m\u00fcssen, dann kann Barnes Ihnen helfen.<\/span><\/p>\n<p><span style=\"font-size: 16px;\">Barnes bietet ein leistungsf\u00e4higes und ausgereiftes Instrumentarium mit dem Kartenaussteller Daten f\u00fcr die Personalisierung von Chipkarten f\u00fcr eine Vielzahl von Anwendungen im finanziellen und nichtfinanziellen Bereich aufbereiten k\u00f6nnen.<\/span><\/p>\n<p><span style=\"font-size: 16px;\">Die Hauptkomponenten der Ausgabe k\u00f6nnen auf verschiedene Weise kombiniert werden, um sowohl die Anforderungen an eine vollst\u00e4ndige hausinterne Kartenausgabe als auch eine interne Datenaufbereitung zu erf\u00fcllen.<\/span><\/p>\n<p><span style=\"font-size: 16px;\">Die Komponenten lassen sich auch problemlos in bestehende Kartenverwaltungssysteme (CMS) von Kartenherausgebern und in Personalisierungssysteme integrieren, die das Drucken (oder Laden) solcher Informationen auf Smartcards steuern.<\/span><\/p>\n<p><span style=\"font-size: 16px;\">Unser Angebot umfasst:<\/span><\/p>\n<ul>\n<li><span style=\"font-size: 16px;\">P3 (v 1.9) Advance und Server-Software<\/span><\/li>\n<li><span style=\"font-size: 16px;\">P3 (v 1.9) Advance und Server-Software Support Services<\/span><\/li>\n<li><span style=\"font-size: 16px;\">P3 Installations- und Schulungs Services<\/span><\/li>\n<li><span style=\"font-size: 16px;\">Beratungsservice<\/span><\/li>\n<li><span style=\"font-size: 16px;\">Kundenspezifische Entwicklung<\/span><\/li>\n<li><span style=\"font-size: 16px;\">Software Support f\u00fcr kundenspezifische Entwicklung<\/span><\/li>\n<li><span style=\"font-size: 16px;\">P3 Schulung<\/span><\/li>\n<li><span style=\"font-size: 16px;\">Vertriebsparter von Thales payShield 9000 und HSM9-PAC907 firmware<\/span><\/li>\n<\/ul>\n[\/vc_column_text][\/vc_column][vc_column width=&#8220;1\/12&#8243;][\/vc_column][\/mk_page_section][mk_page_section bg_color=&#8220;#0098db&#8220; el_class=&#8220;o2c-white-contact&#8220; sidebar=&#8220;sidebar-1&#8243;][vc_column width=&#8220;1\/12&#8243;][\/vc_column][vc_column width=&#8220;10\/12&#8243;][mk_padding_divider size=&#8220;65&#8243;][mk_fancy_title color=&#8220;#ffffff&#8220; size=&#8220;32&#8243; font_weight=&#8220;400&#8243; margin_bottom=&#8220;0&#8243; font_family=&#8220;none&#8220; align=&#8220;center&#8220; animation=&#8220;fade-in&#8220;]M\u00f6chten Sie mehr erfahren?[\/mk_fancy_title][mk_padding_divider size=&#8220;30&#8243;]\n<div class=\"wpcf7 no-js\" id=\"wpcf7-f8241-o1\" lang=\"en-US\" dir=\"ltr\" data-wpcf7-id=\"8241\">\n<div class=\"screen-reader-response\"><p role=\"status\" aria-live=\"polite\" aria-atomic=\"true\"><\/p> <ul><\/ul><\/div>\n<form action=\"\/de\/wp-json\/wp\/v2\/pages\/9511#wpcf7-f8241-o1\" method=\"post\" class=\"wpcf7-form init\" aria-label=\"Contact form\" novalidate=\"novalidate\" data-status=\"init\">\n<fieldset class=\"hidden-fields-container\"><input type=\"hidden\" name=\"_wpcf7\" value=\"8241\" \/><input type=\"hidden\" name=\"_wpcf7_version\" value=\"6.1.5\" \/><input type=\"hidden\" name=\"_wpcf7_locale\" value=\"en_US\" \/><input type=\"hidden\" name=\"_wpcf7_unit_tag\" value=\"wpcf7-f8241-o1\" \/><input type=\"hidden\" name=\"_wpcf7_container_post\" value=\"0\" \/><input type=\"hidden\" name=\"_wpcf7_posted_data_hash\" value=\"\" \/><input type=\"hidden\" name=\"_wpcf7_recaptcha_response\" value=\"\" \/>\n<\/fieldset>\n<div class=\"o2c-fullwidth\">\n\t<div class=\"o2c-break1\">\n\t\t<p><span class=\"wpcf7-form-control-wrap\" data-name=\"full-name\"><input size=\"40\" maxlength=\"400\" class=\"wpcf7-form-control wpcf7-text wpcf7-validates-as-required o2c-text-field\" aria-required=\"true\" aria-invalid=\"false\" placeholder=\"Vollst\u00e4ndiger Name\" value=\"\" type=\"text\" name=\"full-name\" \/><\/span><br \/>\n<span class=\"wpcf7-form-control-wrap\" data-name=\"company-name\"><input size=\"40\" maxlength=\"400\" class=\"wpcf7-form-control wpcf7-text wpcf7-validates-as-required o2c-text-field\" aria-required=\"true\" aria-invalid=\"false\" placeholder=\"Unternehmen\" value=\"\" type=\"text\" name=\"company-name\" \/><\/span><br \/>\n<span class=\"wpcf7-form-control-wrap\" data-name=\"customer-email\"><input size=\"40\" maxlength=\"400\" class=\"wpcf7-form-control wpcf7-email wpcf7-validates-as-required wpcf7-text wpcf7-validates-as-email o2c-email-field\" aria-required=\"true\" aria-invalid=\"false\" placeholder=\"Email\" value=\"\" type=\"email\" name=\"customer-email\" \/><\/span><br \/>\n<span class=\"wpcf7-form-control-wrap\" data-name=\"customer-telephone\"><input size=\"40\" maxlength=\"400\" class=\"wpcf7-form-control wpcf7-tel wpcf7-text wpcf7-validates-as-tel o2c-text-field\" aria-invalid=\"false\" placeholder=\"Telefon\" value=\"\" type=\"tel\" name=\"customer-telephone\" \/><\/span><br \/>\n\t\t<span class=\"wpcf7-form-control-wrap recaptcha\" data-name=\"recaptcha\"><span data-sitekey=\"6LfV16QUAAAAAAoDHi55y8SiR8vm8sVeBlZMDHpb\" class=\"wpcf7-form-control wpcf7-recaptcha g-recaptcha\"><\/span>\r\n<noscript>\r\n\t<div class=\"grecaptcha-noscript\">\r\n\t\t<iframe src=\"https:\/\/www.google.com\/recaptcha\/api\/fallback?k=6LfV16QUAAAAAAoDHi55y8SiR8vm8sVeBlZMDHpb\" frameborder=\"0\" scrolling=\"no\" width=\"310\" height=\"430\">\r\n\t\t<\/iframe>\r\n\t\t<textarea name=\"g-recaptcha-response\" rows=\"3\" cols=\"40\" placeholder=\"reCaptcha Response Here\">\r\n\t\t<\/textarea>\r\n\t<\/div>\r\n<\/noscript>\r\n<\/span>\n\t\t<\/p>\n\t<\/div>\n\t<div class=\"o2c-break2\">\n\t\t<p><span class=\"wpcf7-form-control-wrap\" data-name=\"customer-query\"><textarea cols=\"40\" rows=\"10\" maxlength=\"2000\" class=\"wpcf7-form-control wpcf7-textarea o2c-text-area\" aria-invalid=\"false\" placeholder=\"Anfrage\" name=\"customer-query\"><\/textarea><\/span>\n\t\t<\/p>\n\t\t<div class=\"o2c-subscribe\">\n\t\t\t<p><span class=\"wpcf7-form-control-wrap\" data-name=\"checkbox-21\"><span class=\"wpcf7-form-control wpcf7-checkbox\"><span class=\"wpcf7-list-item first last\"><input type=\"checkbox\" name=\"checkbox-21[]\" value=\"Updates abonnieren\" \/><span class=\"wpcf7-list-item-label\">Updates abonnieren<\/span><\/span><\/span><\/span><br \/>\n<input class=\"wpcf7-form-control wpcf7-submit has-spinner o2c-submit\" type=\"submit\" value=\"Senden\" \/>\n\t\t\t<\/p>\n\t\t<\/div>\n\t<\/div>\n<\/div>\n<div class=\"gdpr-text-contact\">\n\t<p>In diesem Formular werden Ihr Name, Ihre E-Mail Adresse und Ihre Telefonnummer erfasst, damit wir in Bezug auf Ihre Anfrage in Kontakt bleiben k\u00f6nnen. Weitere Informationen \u00fcber den Schutz und die Verwaltung dieser Daten finden Sie in unserer Datenschutzerkl\u00e4rung.\n\t<\/p>\n\t<div class=\"gpdr-tick-box-contact\">\n\t\t<p><span class=\"wpcf7-form-control-wrap\" data-name=\"GDPR\"><span class=\"wpcf7-form-control wpcf7-checkbox wpcf7-validates-as-required\"><span class=\"wpcf7-list-item first last\"><input type=\"checkbox\" name=\"GDPR[]\" value=\"Ich bin damit einverstanden, dass Barnes International meine Daten erfasst.\" \/><span class=\"wpcf7-list-item-label\">Ich bin damit einverstanden, dass Barnes International meine Daten erfasst.<\/span><\/span><\/span><\/span>\n\t\t<\/p>\n\t<\/div>\n<\/div><div class=\"wpcf7-response-output\" aria-hidden=\"true\"><\/div>\n<\/form>\n<\/div>\n[mk_padding_divider size=&#8220;65&#8243;][\/vc_column][vc_column width=&#8220;1\/12&#8243;][\/vc_column][\/mk_page_section]\n","protected":false},"excerpt":{"rendered":"<p>[mk_page_section bg_image=&#8220;http:\/\/www.barnestest.com\/wp-content\/uploads\/barnes-partners-bg.jpg&#8220; bg_position=&#8220;center top&#8220; bg_repeat=&#8220;no-repeat&#8220; bg_stretch=&#8220;true&#8220; padding_top=&#8220;60&#8243; padding_bottom=&#8220;60&#8243; sidebar=&#8220;sidebar-1&#8243;][vc_column width=&#8220;8\/12&#8243;][mk_fancy_title tag_name=&#8220;h1&#8243; color=&#8220;#25334b&#8220; size=&#8220;20&#8243; font_weight=&#8220;bold&#8220; margin_bottom=&#8220;0&#8243; font_family=&#8220;none&#8220; animation=&#8220;left-to-right&#8220;]Barnes Smart Solutions[\/mk_fancy_title][mk_fancy_title color=&#8220;#25334b&#8220; size=&#8220;32&#8243; font_weight=&#8220;400&#8243; margin_bottom=&#8220;0&#8243; font_family=&#8220;none&#8220; animation=&#8220;fade-in&#8220;]Barnes Smart Solutions ist Teil der Barnes International Gruppe und ist weltweit der einzige Entwickler und Lizenzgeber von P3.[\/mk_fancy_title][vc_column_text css=&#8220;.vc_custom_1571301573755{margin-bottom: 0px !important;}&#8220;]W\u00e4hrend des Jahres 2017 wurde Barnes Smart Solution gebildet, um [&hellip;]<\/p>\n","protected":false},"author":1,"featured_media":0,"parent":9508,"menu_order":0,"comment_status":"closed","ping_status":"closed","template":"","meta":{"footnotes":""},"class_list":["post-9511","page","type-page","status-publish","hentry"],"yoast_head":"<!-- This site is optimized with the Yoast SEO plugin v27.3 - https:\/\/yoast.com\/product\/yoast-seo-wordpress\/ -->\n<title>Barnes Smart Solutions | Barnes Test Solutions<\/title>\n<meta name=\"description\" content=\"Als Teil der Barnes International Gruppe, entwickelt und verbessert Barnes Smart Solutions die P3 Produktfamilie. Mehr \u00fcber uns erfahren Sie hier.\" \/>\n<meta name=\"robots\" content=\"index, follow, max-snippet:-1, max-image-preview:large, max-video-preview:-1\" \/>\n<link rel=\"canonical\" href=\"https:\/\/www.barnestest.com\/de\/ueber-uns\/barnes-smart-solutions\/\" \/>\n<meta property=\"og:locale\" content=\"de_DE\" \/>\n<meta property=\"og:type\" content=\"article\" \/>\n<meta property=\"og:title\" content=\"Barnes Smart Solutions | Barnes Test Solutions\" \/>\n<meta property=\"og:description\" content=\"Als Teil der Barnes International Gruppe, entwickelt und verbessert Barnes Smart Solutions die P3 Produktfamilie. Mehr \u00fcber uns erfahren Sie hier.\" \/>\n<meta property=\"og:url\" content=\"https:\/\/www.barnestest.com\/de\/ueber-uns\/barnes-smart-solutions\/\" \/>\n<meta property=\"og:site_name\" content=\"Barnes International\" \/>\n<meta property=\"article:modified_time\" content=\"2023-01-07T20:54:03+00:00\" \/>\n<meta property=\"og:image\" content=\"https:\/\/www.barnestest.com\/wp-content\/uploads\/barnes-logo.png\" \/>\n\t<meta property=\"og:image:width\" content=\"183\" \/>\n\t<meta property=\"og:image:height\" content=\"43\" \/>\n\t<meta property=\"og:image:type\" content=\"image\/png\" \/>\n<meta name=\"twitter:card\" content=\"summary_large_image\" \/>\n<meta name=\"twitter:site\" content=\"@barnes_test\" \/>\n<meta name=\"twitter:label1\" content=\"Gesch\u00e4tzte Lesezeit\" \/>\n\t<meta name=\"twitter:data1\" content=\"2\u00a0Minute\" \/>\n<script type=\"application\/ld+json\" class=\"yoast-schema-graph\">{\"@context\":\"https:\\\/\\\/schema.org\",\"@graph\":[{\"@type\":\"WebPage\",\"@id\":\"https:\\\/\\\/www.barnestest.com\\\/de\\\/ueber-uns\\\/barnes-smart-solutions\\\/\",\"url\":\"https:\\\/\\\/www.barnestest.com\\\/de\\\/ueber-uns\\\/barnes-smart-solutions\\\/\",\"name\":\"Barnes Smart Solutions | Barnes Test Solutions\",\"isPartOf\":{\"@id\":\"https:\\\/\\\/www.barnestest.com\\\/de\\\/#website\"},\"datePublished\":\"2022-12-27T16:55:57+00:00\",\"dateModified\":\"2023-01-07T20:54:03+00:00\",\"description\":\"Als Teil der Barnes International Gruppe, entwickelt und verbessert Barnes Smart Solutions die P3 Produktfamilie. Mehr \u00fcber uns erfahren Sie hier.\",\"breadcrumb\":{\"@id\":\"https:\\\/\\\/www.barnestest.com\\\/de\\\/ueber-uns\\\/barnes-smart-solutions\\\/#breadcrumb\"},\"inLanguage\":\"de\",\"potentialAction\":[{\"@type\":\"ReadAction\",\"target\":[\"https:\\\/\\\/www.barnestest.com\\\/de\\\/ueber-uns\\\/barnes-smart-solutions\\\/\"]}]},{\"@type\":\"BreadcrumbList\",\"@id\":\"https:\\\/\\\/www.barnestest.com\\\/de\\\/ueber-uns\\\/barnes-smart-solutions\\\/#breadcrumb\",\"itemListElement\":[{\"@type\":\"ListItem\",\"position\":1,\"name\":\"Home\",\"item\":\"https:\\\/\\\/www.barnestest.com\\\/de\\\/\"},{\"@type\":\"ListItem\",\"position\":2,\"name\":\"\u00dcber Uns\",\"item\":\"https:\\\/\\\/www.barnestest.com\\\/de\\\/ueber-uns\\\/\"},{\"@type\":\"ListItem\",\"position\":3,\"name\":\"Barnes Smart Solutions\"}]},{\"@type\":\"WebSite\",\"@id\":\"https:\\\/\\\/www.barnestest.com\\\/de\\\/#website\",\"url\":\"https:\\\/\\\/www.barnestest.com\\\/de\\\/\",\"name\":\"Barnes International\",\"description\":\"a leading provider of magnetic stripe and EMV test tools, training and consulting\",\"publisher\":{\"@id\":\"https:\\\/\\\/www.barnestest.com\\\/de\\\/#organization\"},\"potentialAction\":[{\"@type\":\"SearchAction\",\"target\":{\"@type\":\"EntryPoint\",\"urlTemplate\":\"https:\\\/\\\/www.barnestest.com\\\/de\\\/?s={search_term_string}\"},\"query-input\":{\"@type\":\"PropertyValueSpecification\",\"valueRequired\":true,\"valueName\":\"search_term_string\"}}],\"inLanguage\":\"de\"},{\"@type\":\"Organization\",\"@id\":\"https:\\\/\\\/www.barnestest.com\\\/de\\\/#organization\",\"name\":\"Barnes International\",\"url\":\"https:\\\/\\\/www.barnestest.com\\\/de\\\/\",\"logo\":{\"@type\":\"ImageObject\",\"inLanguage\":\"de\",\"@id\":\"https:\\\/\\\/www.barnestest.com\\\/de\\\/#\\\/schema\\\/logo\\\/image\\\/\",\"url\":\"https:\\\/\\\/www.barnestest.com\\\/wp-content\\\/uploads\\\/barnesinternationallogo_transparent.png\",\"contentUrl\":\"https:\\\/\\\/www.barnestest.com\\\/wp-content\\\/uploads\\\/barnesinternationallogo_transparent.png\",\"width\":1712,\"height\":484,\"caption\":\"Barnes International\"},\"image\":{\"@id\":\"https:\\\/\\\/www.barnestest.com\\\/de\\\/#\\\/schema\\\/logo\\\/image\\\/\"},\"sameAs\":[\"https:\\\/\\\/x.com\\\/barnes_test\",\"https:\\\/\\\/www.linkedin.com\\\/company\\\/barnes-international-ltd\\\/\",\"https:\\\/\\\/www.youtube.com\\\/channel\\\/UC5_Lit5ykPemqDHnHda0bvw\"]}]}<\/script>\n<!-- \/ Yoast SEO plugin. -->","yoast_head_json":{"title":"Barnes Smart Solutions | Barnes Test Solutions","description":"Als Teil der Barnes International Gruppe, entwickelt und verbessert Barnes Smart Solutions die P3 Produktfamilie. Mehr \u00fcber uns erfahren Sie hier.","robots":{"index":"index","follow":"follow","max-snippet":"max-snippet:-1","max-image-preview":"max-image-preview:large","max-video-preview":"max-video-preview:-1"},"canonical":"https:\/\/www.barnestest.com\/de\/ueber-uns\/barnes-smart-solutions\/","og_locale":"de_DE","og_type":"article","og_title":"Barnes Smart Solutions | Barnes Test Solutions","og_description":"Als Teil der Barnes International Gruppe, entwickelt und verbessert Barnes Smart Solutions die P3 Produktfamilie. Mehr \u00fcber uns erfahren Sie hier.","og_url":"https:\/\/www.barnestest.com\/de\/ueber-uns\/barnes-smart-solutions\/","og_site_name":"Barnes International","article_modified_time":"2023-01-07T20:54:03+00:00","og_image":[{"width":183,"height":43,"url":"https:\/\/www.barnestest.com\/wp-content\/uploads\/barnes-logo.png","type":"image\/png"}],"twitter_card":"summary_large_image","twitter_site":"@barnes_test","twitter_misc":{"Gesch\u00e4tzte Lesezeit":"2\u00a0Minute"},"schema":{"@context":"https:\/\/schema.org","@graph":[{"@type":"WebPage","@id":"https:\/\/www.barnestest.com\/de\/ueber-uns\/barnes-smart-solutions\/","url":"https:\/\/www.barnestest.com\/de\/ueber-uns\/barnes-smart-solutions\/","name":"Barnes Smart Solutions | Barnes Test Solutions","isPartOf":{"@id":"https:\/\/www.barnestest.com\/de\/#website"},"datePublished":"2022-12-27T16:55:57+00:00","dateModified":"2023-01-07T20:54:03+00:00","description":"Als Teil der Barnes International Gruppe, entwickelt und verbessert Barnes Smart Solutions die P3 Produktfamilie. Mehr \u00fcber uns erfahren Sie hier.","breadcrumb":{"@id":"https:\/\/www.barnestest.com\/de\/ueber-uns\/barnes-smart-solutions\/#breadcrumb"},"inLanguage":"de","potentialAction":[{"@type":"ReadAction","target":["https:\/\/www.barnestest.com\/de\/ueber-uns\/barnes-smart-solutions\/"]}]},{"@type":"BreadcrumbList","@id":"https:\/\/www.barnestest.com\/de\/ueber-uns\/barnes-smart-solutions\/#breadcrumb","itemListElement":[{"@type":"ListItem","position":1,"name":"Home","item":"https:\/\/www.barnestest.com\/de\/"},{"@type":"ListItem","position":2,"name":"\u00dcber Uns","item":"https:\/\/www.barnestest.com\/de\/ueber-uns\/"},{"@type":"ListItem","position":3,"name":"Barnes Smart Solutions"}]},{"@type":"WebSite","@id":"https:\/\/www.barnestest.com\/de\/#website","url":"https:\/\/www.barnestest.com\/de\/","name":"Barnes International","description":"a leading provider of magnetic stripe and EMV test tools, training and consulting","publisher":{"@id":"https:\/\/www.barnestest.com\/de\/#organization"},"potentialAction":[{"@type":"SearchAction","target":{"@type":"EntryPoint","urlTemplate":"https:\/\/www.barnestest.com\/de\/?s={search_term_string}"},"query-input":{"@type":"PropertyValueSpecification","valueRequired":true,"valueName":"search_term_string"}}],"inLanguage":"de"},{"@type":"Organization","@id":"https:\/\/www.barnestest.com\/de\/#organization","name":"Barnes International","url":"https:\/\/www.barnestest.com\/de\/","logo":{"@type":"ImageObject","inLanguage":"de","@id":"https:\/\/www.barnestest.com\/de\/#\/schema\/logo\/image\/","url":"https:\/\/www.barnestest.com\/wp-content\/uploads\/barnesinternationallogo_transparent.png","contentUrl":"https:\/\/www.barnestest.com\/wp-content\/uploads\/barnesinternationallogo_transparent.png","width":1712,"height":484,"caption":"Barnes International"},"image":{"@id":"https:\/\/www.barnestest.com\/de\/#\/schema\/logo\/image\/"},"sameAs":["https:\/\/x.com\/barnes_test","https:\/\/www.linkedin.com\/company\/barnes-international-ltd\/","https:\/\/www.youtube.com\/channel\/UC5_Lit5ykPemqDHnHda0bvw"]}]}},"_links":{"self":[{"href":"https:\/\/www.barnestest.com\/de\/wp-json\/wp\/v2\/pages\/9511","targetHints":{"allow":["GET"]}}],"collection":[{"href":"https:\/\/www.barnestest.com\/de\/wp-json\/wp\/v2\/pages"}],"about":[{"href":"https:\/\/www.barnestest.com\/de\/wp-json\/wp\/v2\/types\/page"}],"author":[{"embeddable":true,"href":"https:\/\/www.barnestest.com\/de\/wp-json\/wp\/v2\/users\/1"}],"replies":[{"embeddable":true,"href":"https:\/\/www.barnestest.com\/de\/wp-json\/wp\/v2\/comments?post=9511"}],"version-history":[{"count":0,"href":"https:\/\/www.barnestest.com\/de\/wp-json\/wp\/v2\/pages\/9511\/revisions"}],"up":[{"embeddable":true,"href":"https:\/\/www.barnestest.com\/de\/wp-json\/wp\/v2\/pages\/9508"}],"wp:attachment":[{"href":"https:\/\/www.barnestest.com\/de\/wp-json\/wp\/v2\/media?parent=9511"}],"curies":[{"name":"wp","href":"https:\/\/api.w.org\/{rel}","templated":true}]}}