{"id":9520,"date":"2022-12-27T17:19:49","date_gmt":"2022-12-27T17:19:49","guid":{"rendered":"https:\/\/www.barnestest.com\/ueber-uns\/unsere-partner\/"},"modified":"2025-12-17T12:05:54","modified_gmt":"2025-12-17T12:05:54","slug":"unsere-partner","status":"publish","type":"page","link":"https:\/\/www.barnestest.com\/de\/ueber-uns\/unsere-partner\/","title":{"rendered":"Unsere Partner"},"content":{"rendered":"[mk_page_section bg_image=&#8220;http:\/\/www.barnestest.com\/wp-content\/uploads\/barnes-partners-bg.jpg&#8220; bg_position=&#8220;center top&#8220; bg_repeat=&#8220;no-repeat&#8220; bg_stretch=&#8220;true&#8220; padding_top=&#8220;60&#8243; padding_bottom=&#8220;60&#8243; sidebar=&#8220;sidebar-1&#8243;][vc_column width=&#8220;8\/12&#8243;][mk_fancy_title tag_name=&#8220;h1&#8243; color=&#8220;#25334b&#8220; size=&#8220;20&#8243; font_weight=&#8220;bold&#8220; margin_bottom=&#8220;0&#8243; font_family=&#8220;none&#8220; animation=&#8220;left-to-right&#8220;]Partner[\/mk_fancy_title][mk_fancy_title color=&#8220;#25334b&#8220; size=&#8220;32&#8243; font_weight=&#8220;400&#8243; margin_bottom=&#8220;0&#8243; font_family=&#8220;none&#8220; animation=&#8220;fade-in&#8220;]Wir sind immer am aktuellsten Stand \u00fcber die Entwicklungen in der Branche, sodass Sie sich nicht darum k\u00fcmmern m\u00fcssen.[\/mk_fancy_title][vc_column_text css=&#8220;.vc_custom_1585903942456{margin-bottom: 0px !important;}&#8220;]<span style=\"font-size: 18px;\">To ensure our test tools remain the most accurate and reliable on the market, we are a member of various industry bodies and actively participate in discussions around EMV migration to Dual Interface and technological advances in the card and mobile payments industry.<\/span><\/p>\n<p><span style=\"font-size: 18px;\">We also work collaboratively with the major payments networks to ensure our test tools are inline with their latest specifications, and partner with complementary solution providers to bring to market the best possible test tools.<\/span>[\/vc_column_text][\/vc_column][vc_column width=&#8220;1\/12&#8243;][\/vc_column][vc_column width=&#8220;1\/4&#8243;][\/vc_column][\/mk_page_section][mk_page_section bg_color=&#8220;#3d5e8b&#8220; bg_position=&#8220;left center&#8220; padding_top=&#8220;60&#8243; padding_bottom=&#8220;60&#8243; sidebar=&#8220;sidebar-1&#8243;][vc_column width=&#8220;1\/12&#8243;][\/vc_column][vc_column width=&#8220;10\/12&#8243;][mk_fancy_title color=&#8220;#ffffff&#8220; size=&#8220;32&#8243; font_weight=&#8220;400&#8243; margin_bottom=&#8220;0&#8243; font_family=&#8220;none&#8220; align=&#8220;center&#8220; animation=&#8220;fade-in&#8220;]Zahlungssysteme[\/mk_fancy_title][mk_image src=&#8220;https:\/\/www.barnestest.com\/wp-content\/uploads\/payment-schemes_our-partners_about-us_barnestest_rev2023-1.png&#8220; image_size=&#8220;full&#8220; align=&#8220;center&#8220;][mk_padding_divider size=&#8220;20&#8243;][mk_fancy_title color=&#8220;#ffffff&#8220; size=&#8220;32&#8243; font_weight=&#8220;400&#8243; margin_bottom=&#8220;0&#8243; font_family=&#8220;none&#8220; align=&#8220;center&#8220; animation=&#8220;fade-in&#8220;]Technolgie-Partner[\/mk_fancy_title][mk_image src=&#8220;https:\/\/www.barnestest.com\/wp-content\/uploads\/technology-partners_our-partners_about-us_barnestest_rev6.jpg&#8220; image_size=&#8220;full&#8220; align=&#8220;center&#8220;][mk_padding_divider size=&#8220;20&#8243;][mk_fancy_title color=&#8220;#ffffff&#8220; size=&#8220;32&#8243; font_weight=&#8220;400&#8243; margin_bottom=&#8220;0&#8243; font_family=&#8220;none&#8220; align=&#8220;center&#8220; animation=&#8220;fade-in&#8220;]Industrieverb\u00e4nde[\/mk_fancy_title][mk_image src=&#8220;http:\/\/www.barnestest.com\/wp-content\/uploads\/partner-logos_updated_01.png&#8220; image_size=&#8220;full&#8220; align=&#8220;center&#8220;][\/vc_column][vc_column width=&#8220;1\/12&#8243;][\/vc_column][\/mk_page_section][mk_page_section bg_position=&#8220;center center&#8220; bg_stretch=&#8220;true&#8220; padding_top=&#8220;60&#8243; padding_bottom=&#8220;40&#8243; sidebar=&#8220;sidebar-1&#8243;][vc_column][vc_column_text css=&#8220;.vc_custom_1538128188534{margin-bottom: 0px !important;}&#8220;]\n<p style=\"text-align: center;\">&#8222;Barnes International is a well recognised brand on today&#8217;s global market and visiting our clients I&#8217;ve seen them appreciating CPT as an invaluable product with lots of extraordinary knowledge behind it. While being primarily dedicated to card validation and testing, its ability to transfer EMV knowledge is being widely appreciated by our software developers every day.&#8220;<\/p>\n<p style=\"text-align: center;\"><strong>EFTlab, Australia<\/strong><\/p>\n[\/vc_column_text][\/vc_column][\/mk_page_section][mk_page_section bg_color=&#8220;#0098db&#8220; el_class=&#8220;o2c-white-contact&#8220; sidebar=&#8220;sidebar-1&#8243;][vc_column width=&#8220;1\/12&#8243;][\/vc_column][vc_column width=&#8220;10\/12&#8243;][mk_padding_divider size=&#8220;65&#8243;][mk_fancy_title color=&#8220;#ffffff&#8220; size=&#8220;32&#8243; font_weight=&#8220;400&#8243; margin_bottom=&#8220;0&#8243; font_family=&#8220;none&#8220; align=&#8220;center&#8220; animation=&#8220;fade-in&#8220;]M\u00f6chten Sie mehr erfahren?[\/mk_fancy_title][mk_padding_divider size=&#8220;30&#8243;]\n<div class=\"wpcf7 no-js\" id=\"wpcf7-f141-o1\" lang=\"en-US\" dir=\"ltr\" data-wpcf7-id=\"141\">\n<div class=\"screen-reader-response\"><p role=\"status\" aria-live=\"polite\" aria-atomic=\"true\"><\/p> <ul><\/ul><\/div>\n<form action=\"\/de\/wp-json\/wp\/v2\/pages\/9520#wpcf7-f141-o1\" method=\"post\" class=\"wpcf7-form init\" aria-label=\"Contact form\" novalidate=\"novalidate\" data-status=\"init\">\n<fieldset class=\"hidden-fields-container\"><input type=\"hidden\" name=\"_wpcf7\" value=\"141\" \/><input type=\"hidden\" name=\"_wpcf7_version\" value=\"6.1.5\" \/><input type=\"hidden\" name=\"_wpcf7_locale\" value=\"en_US\" \/><input type=\"hidden\" name=\"_wpcf7_unit_tag\" value=\"wpcf7-f141-o1\" \/><input type=\"hidden\" name=\"_wpcf7_container_post\" value=\"0\" \/><input type=\"hidden\" name=\"_wpcf7_posted_data_hash\" value=\"\" \/><input type=\"hidden\" name=\"_wpcf7_recaptcha_response\" value=\"\" \/>\n<\/fieldset>\n<div class=\"o2c-fullwidth\">\n\t<div class=\"o2c-break1\">\n\t\t<p><span class=\"wpcf7-form-control-wrap\" data-name=\"full-name\"><input size=\"40\" maxlength=\"400\" class=\"wpcf7-form-control wpcf7-text wpcf7-validates-as-required o2c-text-field\" aria-required=\"true\" aria-invalid=\"false\" placeholder=\"Full Name\" value=\"\" type=\"text\" name=\"full-name\" \/><\/span><br \/>\n<span class=\"wpcf7-form-control-wrap\" data-name=\"company-name\"><input size=\"40\" maxlength=\"400\" class=\"wpcf7-form-control wpcf7-text wpcf7-validates-as-required o2c-text-field\" aria-required=\"true\" aria-invalid=\"false\" placeholder=\"Company\" value=\"\" type=\"text\" name=\"company-name\" \/><\/span><br \/>\n<span class=\"wpcf7-form-control-wrap\" data-name=\"customer-email\"><input size=\"40\" maxlength=\"400\" class=\"wpcf7-form-control wpcf7-email wpcf7-validates-as-required wpcf7-text wpcf7-validates-as-email o2c-email-field\" aria-required=\"true\" aria-invalid=\"false\" placeholder=\"Email\" value=\"\" type=\"email\" name=\"customer-email\" \/><\/span><br \/>\n<span class=\"wpcf7-form-control-wrap\" data-name=\"customer-telephone\"><input size=\"40\" maxlength=\"400\" class=\"wpcf7-form-control wpcf7-tel wpcf7-text wpcf7-validates-as-tel o2c-text-field\" aria-invalid=\"false\" placeholder=\"Telephone\" value=\"\" type=\"tel\" name=\"customer-telephone\" \/><\/span><br \/>\n\t\t<span class=\"wpcf7-form-control-wrap recaptcha\" data-name=\"recaptcha\"><span data-sitekey=\"6LfV16QUAAAAAAoDHi55y8SiR8vm8sVeBlZMDHpb\" class=\"wpcf7-form-control wpcf7-recaptcha g-recaptcha\"><\/span>\r\n<noscript>\r\n\t<div class=\"grecaptcha-noscript\">\r\n\t\t<iframe src=\"https:\/\/www.google.com\/recaptcha\/api\/fallback?k=6LfV16QUAAAAAAoDHi55y8SiR8vm8sVeBlZMDHpb\" frameborder=\"0\" scrolling=\"no\" width=\"310\" height=\"430\">\r\n\t\t<\/iframe>\r\n\t\t<textarea name=\"g-recaptcha-response\" rows=\"3\" cols=\"40\" placeholder=\"reCaptcha Response Here\">\r\n\t\t<\/textarea>\r\n\t<\/div>\r\n<\/noscript>\r\n<\/span>\n\t\t<\/p>\n\t<\/div>\n\t<div class=\"o2c-break2\">\n\t\t<p><span class=\"wpcf7-form-control-wrap\" data-name=\"customer-query\"><textarea cols=\"40\" rows=\"10\" maxlength=\"2000\" class=\"wpcf7-form-control wpcf7-textarea o2c-text-area\" aria-invalid=\"false\" placeholder=\"Query\" name=\"customer-query\"><\/textarea><\/span>\n\t\t<\/p>\n\t\t<div class=\"o2c-subscribe\">\n\t\t\t<p><span class=\"wpcf7-form-control-wrap\" data-name=\"checkbox-21\"><span class=\"wpcf7-form-control wpcf7-checkbox\"><span class=\"wpcf7-list-item first last\"><input type=\"checkbox\" name=\"checkbox-21[]\" value=\"Subscribe to updates\" \/><span class=\"wpcf7-list-item-label\">Subscribe to updates<\/span><\/span><\/span><\/span><br \/>\n<input class=\"wpcf7-form-control wpcf7-submit has-spinner o2c-submit\" type=\"submit\" value=\"Send\" \/>\n\t\t\t<\/p>\n\t\t<\/div>\n\t<\/div>\n<\/div>\n<div class=\"gdpr-text-contact\">\n\t<p>This form collects your name, email and telephone number so that we can keep in contact with you regarding your enquiry. Our <a href=\"\/privacy-policy\/\">Privacy Policy<\/a> will provide further information on how this data is protected and managed.\n\t<\/p>\n\t<div class=\"gpdr-tick-box-contact\">\n\t\t<p><span class=\"wpcf7-form-control-wrap\" data-name=\"GDPR\"><span class=\"wpcf7-form-control wpcf7-checkbox wpcf7-validates-as-required\"><span class=\"wpcf7-list-item first last\"><input type=\"checkbox\" name=\"GDPR[]\" value=\"I consent to having Barnes International collect my data.\" \/><span class=\"wpcf7-list-item-label\">I consent to having Barnes International collect my data.<\/span><\/span><\/span><\/span>\n\t\t<\/p>\n\t<\/div>\n<\/div><div class=\"wpcf7-response-output\" aria-hidden=\"true\"><\/div>\n<\/form>\n<\/div>\n[mk_padding_divider size=&#8220;65&#8243;][\/vc_column][vc_column width=&#8220;1\/12&#8243;][\/vc_column][\/mk_page_section]\n","protected":false},"excerpt":{"rendered":"<p>[mk_page_section bg_image=&#8220;http:\/\/www.barnestest.com\/wp-content\/uploads\/barnes-partners-bg.jpg&#8220; bg_position=&#8220;center top&#8220; bg_repeat=&#8220;no-repeat&#8220; bg_stretch=&#8220;true&#8220; padding_top=&#8220;60&#8243; padding_bottom=&#8220;60&#8243; sidebar=&#8220;sidebar-1&#8243;][vc_column width=&#8220;8\/12&#8243;][mk_fancy_title tag_name=&#8220;h1&#8243; color=&#8220;#25334b&#8220; size=&#8220;20&#8243; font_weight=&#8220;bold&#8220; margin_bottom=&#8220;0&#8243; font_family=&#8220;none&#8220; animation=&#8220;left-to-right&#8220;]Partner[\/mk_fancy_title][mk_fancy_title color=&#8220;#25334b&#8220; size=&#8220;32&#8243; font_weight=&#8220;400&#8243; margin_bottom=&#8220;0&#8243; font_family=&#8220;none&#8220; animation=&#8220;fade-in&#8220;]Wir sind immer am aktuellsten Stand \u00fcber die Entwicklungen in der Branche, sodass Sie sich nicht darum k\u00fcmmern m\u00fcssen.[\/mk_fancy_title][vc_column_text css=&#8220;.vc_custom_1585903942456{margin-bottom: 0px !important;}&#8220;]To ensure our test tools remain the most accurate and reliable on [&hellip;]<\/p>\n","protected":false},"author":1,"featured_media":0,"parent":9508,"menu_order":0,"comment_status":"closed","ping_status":"closed","template":"","meta":{"footnotes":""},"class_list":["post-9520","page","type-page","status-publish","hentry"],"yoast_head":"<!-- This site is optimized with the Yoast SEO plugin v27.4 - https:\/\/yoast.com\/product\/yoast-seo-wordpress\/ -->\n<title>Unsere Partner | \u00dcber Uns | Barnes International Limited<\/title>\n<meta name=\"description\" content=\"Durch die Zusammenarbeit mit verschiedenen Branchenverb\u00e4nden und gro\u00dfen Zahlungssystemen k\u00f6nnen wir sicherstellen, dass unsere Testger\u00e4te den neuesten Spezifikationen und Standards entsprechen. Hier erfahren Sie mehr \u00fcber die Organisationen, mit denen wir zusammengearbeitet haben.\" \/>\n<meta name=\"robots\" content=\"index, follow, max-snippet:-1, max-image-preview:large, max-video-preview:-1\" \/>\n<link rel=\"canonical\" href=\"https:\/\/www.barnestest.com\/de\/ueber-uns\/unsere-partner\/\" \/>\n<meta property=\"og:locale\" content=\"de_DE\" \/>\n<meta property=\"og:type\" content=\"article\" \/>\n<meta property=\"og:title\" content=\"Unsere Partner | \u00dcber Uns | Barnes International Limited\" \/>\n<meta property=\"og:description\" content=\"Durch die Zusammenarbeit mit verschiedenen Branchenverb\u00e4nden und gro\u00dfen Zahlungssystemen k\u00f6nnen wir sicherstellen, dass unsere Testger\u00e4te den neuesten Spezifikationen und Standards entsprechen. Hier erfahren Sie mehr \u00fcber die Organisationen, mit denen wir zusammengearbeitet haben.\" \/>\n<meta property=\"og:url\" content=\"https:\/\/www.barnestest.com\/de\/ueber-uns\/unsere-partner\/\" \/>\n<meta property=\"og:site_name\" content=\"Barnes International\" \/>\n<meta property=\"article:modified_time\" content=\"2025-12-17T12:05:54+00:00\" \/>\n<meta property=\"og:image\" content=\"https:\/\/www.barnestest.com\/wp-content\/uploads\/barnes-logo.png\" \/>\n\t<meta property=\"og:image:width\" content=\"183\" \/>\n\t<meta property=\"og:image:height\" content=\"43\" \/>\n\t<meta property=\"og:image:type\" content=\"image\/png\" \/>\n<meta name=\"twitter:card\" content=\"summary_large_image\" \/>\n<meta name=\"twitter:site\" content=\"@barnes_test\" \/>\n<meta name=\"twitter:label1\" content=\"Gesch\u00e4tzte Lesezeit\" \/>\n\t<meta name=\"twitter:data1\" content=\"2\u00a0Minute\" \/>\n<script type=\"application\/ld+json\" class=\"yoast-schema-graph\">{\"@context\":\"https:\\\/\\\/schema.org\",\"@graph\":[{\"@type\":\"WebPage\",\"@id\":\"https:\\\/\\\/www.barnestest.com\\\/de\\\/ueber-uns\\\/unsere-partner\\\/\",\"url\":\"https:\\\/\\\/www.barnestest.com\\\/de\\\/ueber-uns\\\/unsere-partner\\\/\",\"name\":\"Unsere Partner | \u00dcber Uns | Barnes International Limited\",\"isPartOf\":{\"@id\":\"https:\\\/\\\/www.barnestest.com\\\/de\\\/#website\"},\"datePublished\":\"2022-12-27T17:19:49+00:00\",\"dateModified\":\"2025-12-17T12:05:54+00:00\",\"description\":\"Durch die Zusammenarbeit mit verschiedenen Branchenverb\u00e4nden und gro\u00dfen Zahlungssystemen k\u00f6nnen wir sicherstellen, dass unsere Testger\u00e4te den neuesten Spezifikationen und Standards entsprechen. Hier erfahren Sie mehr \u00fcber die Organisationen, mit denen wir zusammengearbeitet haben.\",\"breadcrumb\":{\"@id\":\"https:\\\/\\\/www.barnestest.com\\\/de\\\/ueber-uns\\\/unsere-partner\\\/#breadcrumb\"},\"inLanguage\":\"de\",\"potentialAction\":[{\"@type\":\"ReadAction\",\"target\":[\"https:\\\/\\\/www.barnestest.com\\\/de\\\/ueber-uns\\\/unsere-partner\\\/\"]}]},{\"@type\":\"BreadcrumbList\",\"@id\":\"https:\\\/\\\/www.barnestest.com\\\/de\\\/ueber-uns\\\/unsere-partner\\\/#breadcrumb\",\"itemListElement\":[{\"@type\":\"ListItem\",\"position\":1,\"name\":\"Home\",\"item\":\"https:\\\/\\\/www.barnestest.com\\\/de\\\/\"},{\"@type\":\"ListItem\",\"position\":2,\"name\":\"\u00dcber Uns\",\"item\":\"https:\\\/\\\/www.barnestest.com\\\/de\\\/ueber-uns\\\/\"},{\"@type\":\"ListItem\",\"position\":3,\"name\":\"Unsere Partner\"}]},{\"@type\":\"WebSite\",\"@id\":\"https:\\\/\\\/www.barnestest.com\\\/de\\\/#website\",\"url\":\"https:\\\/\\\/www.barnestest.com\\\/de\\\/\",\"name\":\"Barnes International\",\"description\":\"a leading provider of magnetic stripe and EMV test tools, training and consulting\",\"publisher\":{\"@id\":\"https:\\\/\\\/www.barnestest.com\\\/de\\\/#organization\"},\"potentialAction\":[{\"@type\":\"SearchAction\",\"target\":{\"@type\":\"EntryPoint\",\"urlTemplate\":\"https:\\\/\\\/www.barnestest.com\\\/de\\\/?s={search_term_string}\"},\"query-input\":{\"@type\":\"PropertyValueSpecification\",\"valueRequired\":true,\"valueName\":\"search_term_string\"}}],\"inLanguage\":\"de\"},{\"@type\":\"Organization\",\"@id\":\"https:\\\/\\\/www.barnestest.com\\\/de\\\/#organization\",\"name\":\"Barnes International\",\"url\":\"https:\\\/\\\/www.barnestest.com\\\/de\\\/\",\"logo\":{\"@type\":\"ImageObject\",\"inLanguage\":\"de\",\"@id\":\"https:\\\/\\\/www.barnestest.com\\\/de\\\/#\\\/schema\\\/logo\\\/image\\\/\",\"url\":\"https:\\\/\\\/www.barnestest.com\\\/wp-content\\\/uploads\\\/barnesinternationallogo_transparent.png\",\"contentUrl\":\"https:\\\/\\\/www.barnestest.com\\\/wp-content\\\/uploads\\\/barnesinternationallogo_transparent.png\",\"width\":1712,\"height\":484,\"caption\":\"Barnes International\"},\"image\":{\"@id\":\"https:\\\/\\\/www.barnestest.com\\\/de\\\/#\\\/schema\\\/logo\\\/image\\\/\"},\"sameAs\":[\"https:\\\/\\\/x.com\\\/barnes_test\",\"https:\\\/\\\/www.linkedin.com\\\/company\\\/barnes-international-ltd\\\/\",\"https:\\\/\\\/www.youtube.com\\\/channel\\\/UC5_Lit5ykPemqDHnHda0bvw\"]}]}<\/script>\n<!-- \/ Yoast SEO plugin. -->","yoast_head_json":{"title":"Unsere Partner | \u00dcber Uns | Barnes International Limited","description":"Durch die Zusammenarbeit mit verschiedenen Branchenverb\u00e4nden und gro\u00dfen Zahlungssystemen k\u00f6nnen wir sicherstellen, dass unsere Testger\u00e4te den neuesten Spezifikationen und Standards entsprechen. Hier erfahren Sie mehr \u00fcber die Organisationen, mit denen wir zusammengearbeitet haben.","robots":{"index":"index","follow":"follow","max-snippet":"max-snippet:-1","max-image-preview":"max-image-preview:large","max-video-preview":"max-video-preview:-1"},"canonical":"https:\/\/www.barnestest.com\/de\/ueber-uns\/unsere-partner\/","og_locale":"de_DE","og_type":"article","og_title":"Unsere Partner | \u00dcber Uns | Barnes International Limited","og_description":"Durch die Zusammenarbeit mit verschiedenen Branchenverb\u00e4nden und gro\u00dfen Zahlungssystemen k\u00f6nnen wir sicherstellen, dass unsere Testger\u00e4te den neuesten Spezifikationen und Standards entsprechen. Hier erfahren Sie mehr \u00fcber die Organisationen, mit denen wir zusammengearbeitet haben.","og_url":"https:\/\/www.barnestest.com\/de\/ueber-uns\/unsere-partner\/","og_site_name":"Barnes International","article_modified_time":"2025-12-17T12:05:54+00:00","og_image":[{"width":183,"height":43,"url":"https:\/\/www.barnestest.com\/wp-content\/uploads\/barnes-logo.png","type":"image\/png"}],"twitter_card":"summary_large_image","twitter_site":"@barnes_test","twitter_misc":{"Gesch\u00e4tzte Lesezeit":"2\u00a0Minute"},"schema":{"@context":"https:\/\/schema.org","@graph":[{"@type":"WebPage","@id":"https:\/\/www.barnestest.com\/de\/ueber-uns\/unsere-partner\/","url":"https:\/\/www.barnestest.com\/de\/ueber-uns\/unsere-partner\/","name":"Unsere Partner | \u00dcber Uns | Barnes International Limited","isPartOf":{"@id":"https:\/\/www.barnestest.com\/de\/#website"},"datePublished":"2022-12-27T17:19:49+00:00","dateModified":"2025-12-17T12:05:54+00:00","description":"Durch die Zusammenarbeit mit verschiedenen Branchenverb\u00e4nden und gro\u00dfen Zahlungssystemen k\u00f6nnen wir sicherstellen, dass unsere Testger\u00e4te den neuesten Spezifikationen und Standards entsprechen. Hier erfahren Sie mehr \u00fcber die Organisationen, mit denen wir zusammengearbeitet haben.","breadcrumb":{"@id":"https:\/\/www.barnestest.com\/de\/ueber-uns\/unsere-partner\/#breadcrumb"},"inLanguage":"de","potentialAction":[{"@type":"ReadAction","target":["https:\/\/www.barnestest.com\/de\/ueber-uns\/unsere-partner\/"]}]},{"@type":"BreadcrumbList","@id":"https:\/\/www.barnestest.com\/de\/ueber-uns\/unsere-partner\/#breadcrumb","itemListElement":[{"@type":"ListItem","position":1,"name":"Home","item":"https:\/\/www.barnestest.com\/de\/"},{"@type":"ListItem","position":2,"name":"\u00dcber Uns","item":"https:\/\/www.barnestest.com\/de\/ueber-uns\/"},{"@type":"ListItem","position":3,"name":"Unsere Partner"}]},{"@type":"WebSite","@id":"https:\/\/www.barnestest.com\/de\/#website","url":"https:\/\/www.barnestest.com\/de\/","name":"Barnes International","description":"a leading provider of magnetic stripe and EMV test tools, training and consulting","publisher":{"@id":"https:\/\/www.barnestest.com\/de\/#organization"},"potentialAction":[{"@type":"SearchAction","target":{"@type":"EntryPoint","urlTemplate":"https:\/\/www.barnestest.com\/de\/?s={search_term_string}"},"query-input":{"@type":"PropertyValueSpecification","valueRequired":true,"valueName":"search_term_string"}}],"inLanguage":"de"},{"@type":"Organization","@id":"https:\/\/www.barnestest.com\/de\/#organization","name":"Barnes International","url":"https:\/\/www.barnestest.com\/de\/","logo":{"@type":"ImageObject","inLanguage":"de","@id":"https:\/\/www.barnestest.com\/de\/#\/schema\/logo\/image\/","url":"https:\/\/www.barnestest.com\/wp-content\/uploads\/barnesinternationallogo_transparent.png","contentUrl":"https:\/\/www.barnestest.com\/wp-content\/uploads\/barnesinternationallogo_transparent.png","width":1712,"height":484,"caption":"Barnes International"},"image":{"@id":"https:\/\/www.barnestest.com\/de\/#\/schema\/logo\/image\/"},"sameAs":["https:\/\/x.com\/barnes_test","https:\/\/www.linkedin.com\/company\/barnes-international-ltd\/","https:\/\/www.youtube.com\/channel\/UC5_Lit5ykPemqDHnHda0bvw"]}]}},"_links":{"self":[{"href":"https:\/\/www.barnestest.com\/de\/wp-json\/wp\/v2\/pages\/9520","targetHints":{"allow":["GET"]}}],"collection":[{"href":"https:\/\/www.barnestest.com\/de\/wp-json\/wp\/v2\/pages"}],"about":[{"href":"https:\/\/www.barnestest.com\/de\/wp-json\/wp\/v2\/types\/page"}],"author":[{"embeddable":true,"href":"https:\/\/www.barnestest.com\/de\/wp-json\/wp\/v2\/users\/1"}],"replies":[{"embeddable":true,"href":"https:\/\/www.barnestest.com\/de\/wp-json\/wp\/v2\/comments?post=9520"}],"version-history":[{"count":1,"href":"https:\/\/www.barnestest.com\/de\/wp-json\/wp\/v2\/pages\/9520\/revisions"}],"predecessor-version":[{"id":38641,"href":"https:\/\/www.barnestest.com\/de\/wp-json\/wp\/v2\/pages\/9520\/revisions\/38641"}],"up":[{"embeddable":true,"href":"https:\/\/www.barnestest.com\/de\/wp-json\/wp\/v2\/pages\/9508"}],"wp:attachment":[{"href":"https:\/\/www.barnestest.com\/de\/wp-json\/wp\/v2\/media?parent=9520"}],"curies":[{"name":"wp","href":"https:\/\/api.w.org\/{rel}","templated":true}]}}