{"id":9529,"date":"2022-12-27T17:30:39","date_gmt":"2022-12-27T17:30:39","guid":{"rendered":"https:\/\/www.barnestest.com\/ueber-uns\/was-uns-einzigartig-macht\/"},"modified":"2023-01-07T20:58:43","modified_gmt":"2023-01-07T20:58:43","slug":"was-uns-einzigartig-macht","status":"publish","type":"page","link":"https:\/\/www.barnestest.com\/de\/ueber-uns\/was-uns-einzigartig-macht\/","title":{"rendered":"Was Uns Einzigartig Macht"},"content":{"rendered":"[mk_page_section bg_image=&#8220;http:\/\/www.barnestest.com\/wp-content\/uploads\/barnes-advantage-bg.jpg&#8220; bg_position=&#8220;center center&#8220; bg_repeat=&#8220;no-repeat&#8220; bg_stretch=&#8220;true&#8220; padding_top=&#8220;60&#8243; padding_bottom=&#8220;60&#8243; sidebar=&#8220;sidebar-1&#8243;][vc_column width=&#8220;1\/2&#8243;][\/vc_column][vc_column width=&#8220;1\/2&#8243;][mk_fancy_title color=&#8220;#0098db&#8220; size=&#8220;32&#8243; font_weight=&#8220;400&#8243; margin_bottom=&#8220;0&#8243; font_family=&#8220;none&#8220; animation=&#8220;fade-in&#8220;]Was uns einzigartig macht[\/mk_fancy_title][vc_column_text css=&#8220;.vc_custom_1551690932601{margin-bottom: 0px !important;}&#8220;]<span style=\"font-size: 18px; color: #0098db;\">Barnes ist ein anerkannter Partner f\u00fcr EMV-Karten- und Zahlungsanwendungstests, EMV-Datenaufbereitung und Magnetstreifen-Analyseger\u00e4te von Banken und Emittenten, Kartenherstellern, Personalisierungsb\u00fcros, Testlabors und Zahlungssystemen weltweit.<\/span><\/p>\n<p><span style=\"font-size: 18px; color: #0098db;\"><br \/>\nHier sind einige Gr\u00fcnde daf\u00fcr:<\/span>[\/vc_column_text][vc_column_text css=&#8220;.vc_custom_1590595198391{margin-bottom: 0px !important;}&#8220;]\n<h4><span style=\"color: #0098db;\"><span style=\"font-size: 16px;\">Unser Versprechen<\/span><\/span><\/h4>\n<p><span style=\"font-size: 16px; color: #0098db;\">Wir bieten die schnellsten, genauesten und zuverl\u00e4ssigsten Pr\u00fcfger\u00e4te auf dem Markt.<\/span><\/p>\n<h4><span style=\"color: #0098db;\"><span style=\"font-size: 16px;\">Erfahrung<\/span><\/span><\/h4>\n<p><span style=\"font-size: 16px; color: #0098db;\">Unser Team entwickelt und perfektioniert unsere Testprodukte und Software seit \u00fcber 25 Jahren.<\/span><\/p>\n<h4><span style=\"color: #0098db;\"><span style=\"font-size: 16px;\">Qualit\u00e4t &#038; Sicherheit<\/span><\/span><\/h4>\n<p><span style=\"font-size: 16px; color: #0098db;\">Wir garantieren hohe Qualit\u00e4t und die Einhaltung von Industriestandards: ISO, EMV und alle Zahlungssysteme<\/span><\/p>\n<h4><span style=\"color: #0098db;\"><span style=\"font-size: 16px;\">Pr\u00e4zision und Verl\u00e4sslichkeit<\/span><\/span><\/h4>\n<p><span style=\"font-size: 16px; color: #0098db;\">Unsere Testger\u00e4te identifizieren pr\u00e4zise und zuverl\u00e4ssig Kodierungsfehler auf Chipkarten gem\u00e4\u00df allen Industriestandards.<\/span><\/p>\n<h4><span style=\"color: #0098db;\"><span style=\"font-size: 16px;\">Geschwindigkeit<\/span><\/span><\/h4>\n<p><span style=\"font-size: 16px; color: #0098db;\">Unsere Testtools sind die schnellsten auf dem Markt, womit Ihre Produktionskosten gesenkt werden k\u00f6nnen und Ihre Markteinf\u00fchrungszeit verbessert werden kann.<\/span><\/p>\n<h4><span style=\"color: #0098db;\"><span style=\"font-size: 16px;\">Internationale Kundenbetreuung<\/span><\/span><\/h4>\n<p><span style=\"font-size: 16px; color: #0098db;\">Wir verf\u00fcgen \u00fcber ein mehrsprachiges Expertenteam, das alle unsere Kunden gerne ber\u00e4t und unterst\u00fctzt.<\/span><\/p>\n<h4><span style=\"color: #0098db;\"><span style=\"font-size: 16px;\">Kosteneffektiv<\/span><\/span><\/h4>\n<p><span style=\"font-size: 16px; color: #0098db;\">Wir sind transparent in Bezug auf unsere Preise und haben keine versteckten Kosten in unseren Angeboten. Das macht unsere Gesamtpaket-Kosten (einschlie\u00dflich unserer Software) vergleichsweise kosteng\u00fcnstig.<\/span><\/p>\n<h4><span style=\"color: #0098db;\"><span style=\"font-size: 16px;\">Unterst\u00fctzung f\u00fcr Entwickler<\/span><\/span><\/h4>\n<p><span style=\"font-size: 16px; color: #0098db;\">Unsere Testger\u00e4te werden weltweit f\u00fcr die Entwicklung neuer Karten, Anwendungen und Terminals eingesetzt<\/span>[\/vc_column_text][\/vc_column][\/mk_page_section][mk_page_section][vc_column][mk_padding_divider size=&#8220;20&#8243;][mk_fancy_title color=&#8220;#012395&#8243; size=&#8220;32&#8243; font_weight=&#8220;400&#8243; margin_bottom=&#8220;0&#8243; font_family=&#8220;none&#8220; align=&#8220;center&#8220; animation=&#8220;fade-in&#8220;]Vereinbaren Sie ein Termin mit uns[\/mk_fancy_title][vc_column_text css=&#8220;.vc_custom_1590594901822{margin-bottom: 0px !important;}&#8220;]\n<p style=\"text-align: center; padding-left: 40px;\"><span style=\"color: #012395;\">Barnes ist regelm\u00e4\u00dfig als Vortragender und Aussteller auf Messen in der ganzen Welt vertreten. Wenn Sie auf einer Veranstaltung Ihre Anforderungen\/Bed\u00fcrfnisse an Testger\u00e4ten besprechen m\u00f6chten, senden Sie eine E-Mail an <a style=\"color: #012395; text-decoration: underline;\" href=\"mailto:marketing@barnestest.com\">marketing@barnestest.com<\/a><\/span><\/p>\n[\/vc_column_text][vc_column_text css=&#8220;.vc_custom_1585649841051{margin-bottom: 0px !important;}&#8220;][\/vc_column_text][mk_padding_divider size=&#8220;10&#8243;][\/vc_column][\/mk_page_section][mk_page_section bg_color=&#8220;#0098db&#8220; el_class=&#8220;o2c-white-contact&#8220; sidebar=&#8220;sidebar-1&#8243;][vc_column width=&#8220;1\/12&#8243;][\/vc_column][vc_column width=&#8220;10\/12&#8243;][mk_padding_divider size=&#8220;65&#8243;][mk_fancy_title color=&#8220;#ffffff&#8220; size=&#8220;32&#8243; font_weight=&#8220;400&#8243; margin_bottom=&#8220;0&#8243; font_family=&#8220;none&#8220; align=&#8220;center&#8220; animation=&#8220;fade-in&#8220;]M\u00f6chten Sie mehr erfahren?[\/mk_fancy_title][mk_padding_divider size=&#8220;30&#8243;]\n<div class=\"wpcf7 no-js\" id=\"wpcf7-f8241-o1\" lang=\"en-US\" dir=\"ltr\" data-wpcf7-id=\"8241\">\n<div class=\"screen-reader-response\"><p role=\"status\" aria-live=\"polite\" aria-atomic=\"true\"><\/p> <ul><\/ul><\/div>\n<form action=\"\/de\/wp-json\/wp\/v2\/pages\/9529#wpcf7-f8241-o1\" method=\"post\" class=\"wpcf7-form init\" aria-label=\"Contact form\" novalidate=\"novalidate\" data-status=\"init\">\n<fieldset class=\"hidden-fields-container\"><input type=\"hidden\" name=\"_wpcf7\" value=\"8241\" \/><input type=\"hidden\" name=\"_wpcf7_version\" value=\"6.1.5\" \/><input type=\"hidden\" name=\"_wpcf7_locale\" value=\"en_US\" \/><input type=\"hidden\" name=\"_wpcf7_unit_tag\" value=\"wpcf7-f8241-o1\" \/><input type=\"hidden\" name=\"_wpcf7_container_post\" value=\"0\" \/><input type=\"hidden\" name=\"_wpcf7_posted_data_hash\" value=\"\" \/><input type=\"hidden\" name=\"_wpcf7_recaptcha_response\" value=\"\" \/>\n<\/fieldset>\n<div class=\"o2c-fullwidth\">\n\t<div class=\"o2c-break1\">\n\t\t<p><span class=\"wpcf7-form-control-wrap\" data-name=\"full-name\"><input size=\"40\" maxlength=\"400\" class=\"wpcf7-form-control wpcf7-text wpcf7-validates-as-required o2c-text-field\" aria-required=\"true\" aria-invalid=\"false\" placeholder=\"Vollst\u00e4ndiger Name\" value=\"\" type=\"text\" name=\"full-name\" \/><\/span><br \/>\n<span class=\"wpcf7-form-control-wrap\" data-name=\"company-name\"><input size=\"40\" maxlength=\"400\" class=\"wpcf7-form-control wpcf7-text wpcf7-validates-as-required o2c-text-field\" aria-required=\"true\" aria-invalid=\"false\" placeholder=\"Unternehmen\" value=\"\" type=\"text\" name=\"company-name\" \/><\/span><br \/>\n<span class=\"wpcf7-form-control-wrap\" data-name=\"customer-email\"><input size=\"40\" maxlength=\"400\" class=\"wpcf7-form-control wpcf7-email wpcf7-validates-as-required wpcf7-text wpcf7-validates-as-email o2c-email-field\" aria-required=\"true\" aria-invalid=\"false\" placeholder=\"Email\" value=\"\" type=\"email\" name=\"customer-email\" \/><\/span><br \/>\n<span class=\"wpcf7-form-control-wrap\" data-name=\"customer-telephone\"><input size=\"40\" maxlength=\"400\" class=\"wpcf7-form-control wpcf7-tel wpcf7-text wpcf7-validates-as-tel o2c-text-field\" aria-invalid=\"false\" placeholder=\"Telefon\" value=\"\" type=\"tel\" name=\"customer-telephone\" \/><\/span><br \/>\n\t\t<span class=\"wpcf7-form-control-wrap recaptcha\" data-name=\"recaptcha\"><span data-sitekey=\"6LfV16QUAAAAAAoDHi55y8SiR8vm8sVeBlZMDHpb\" class=\"wpcf7-form-control wpcf7-recaptcha g-recaptcha\"><\/span>\r\n<noscript>\r\n\t<div class=\"grecaptcha-noscript\">\r\n\t\t<iframe src=\"https:\/\/www.google.com\/recaptcha\/api\/fallback?k=6LfV16QUAAAAAAoDHi55y8SiR8vm8sVeBlZMDHpb\" frameborder=\"0\" scrolling=\"no\" width=\"310\" height=\"430\">\r\n\t\t<\/iframe>\r\n\t\t<textarea name=\"g-recaptcha-response\" rows=\"3\" cols=\"40\" placeholder=\"reCaptcha Response Here\">\r\n\t\t<\/textarea>\r\n\t<\/div>\r\n<\/noscript>\r\n<\/span>\n\t\t<\/p>\n\t<\/div>\n\t<div class=\"o2c-break2\">\n\t\t<p><span class=\"wpcf7-form-control-wrap\" data-name=\"customer-query\"><textarea cols=\"40\" rows=\"10\" maxlength=\"2000\" class=\"wpcf7-form-control wpcf7-textarea o2c-text-area\" aria-invalid=\"false\" placeholder=\"Anfrage\" name=\"customer-query\"><\/textarea><\/span>\n\t\t<\/p>\n\t\t<div class=\"o2c-subscribe\">\n\t\t\t<p><span class=\"wpcf7-form-control-wrap\" data-name=\"checkbox-21\"><span class=\"wpcf7-form-control wpcf7-checkbox\"><span class=\"wpcf7-list-item first last\"><input type=\"checkbox\" name=\"checkbox-21[]\" value=\"Updates abonnieren\" \/><span class=\"wpcf7-list-item-label\">Updates abonnieren<\/span><\/span><\/span><\/span><br \/>\n<input class=\"wpcf7-form-control wpcf7-submit has-spinner o2c-submit\" type=\"submit\" value=\"Senden\" \/>\n\t\t\t<\/p>\n\t\t<\/div>\n\t<\/div>\n<\/div>\n<div class=\"gdpr-text-contact\">\n\t<p>In diesem Formular werden Ihr Name, Ihre E-Mail Adresse und Ihre Telefonnummer erfasst, damit wir in Bezug auf Ihre Anfrage in Kontakt bleiben k\u00f6nnen. Weitere Informationen \u00fcber den Schutz und die Verwaltung dieser Daten finden Sie in unserer Datenschutzerkl\u00e4rung.\n\t<\/p>\n\t<div class=\"gpdr-tick-box-contact\">\n\t\t<p><span class=\"wpcf7-form-control-wrap\" data-name=\"GDPR\"><span class=\"wpcf7-form-control wpcf7-checkbox wpcf7-validates-as-required\"><span class=\"wpcf7-list-item first last\"><input type=\"checkbox\" name=\"GDPR[]\" value=\"Ich bin damit einverstanden, dass Barnes International meine Daten erfasst.\" \/><span class=\"wpcf7-list-item-label\">Ich bin damit einverstanden, dass Barnes International meine Daten erfasst.<\/span><\/span><\/span><\/span>\n\t\t<\/p>\n\t<\/div>\n<\/div><div class=\"wpcf7-response-output\" aria-hidden=\"true\"><\/div>\n<\/form>\n<\/div>\n[mk_padding_divider size=&#8220;65&#8243;][\/vc_column][vc_column width=&#8220;1\/12&#8243;][\/vc_column][\/mk_page_section]\n","protected":false},"excerpt":{"rendered":"<p>[mk_page_section bg_image=&#8220;http:\/\/www.barnestest.com\/wp-content\/uploads\/barnes-advantage-bg.jpg&#8220; bg_position=&#8220;center center&#8220; bg_repeat=&#8220;no-repeat&#8220; bg_stretch=&#8220;true&#8220; padding_top=&#8220;60&#8243; padding_bottom=&#8220;60&#8243; sidebar=&#8220;sidebar-1&#8243;][vc_column width=&#8220;1\/2&#8243;][\/vc_column][vc_column width=&#8220;1\/2&#8243;][mk_fancy_title color=&#8220;#0098db&#8220; size=&#8220;32&#8243; font_weight=&#8220;400&#8243; margin_bottom=&#8220;0&#8243; font_family=&#8220;none&#8220; animation=&#8220;fade-in&#8220;]Was uns einzigartig macht[\/mk_fancy_title][vc_column_text css=&#8220;.vc_custom_1551690932601{margin-bottom: 0px !important;}&#8220;]Barnes ist ein anerkannter Partner f\u00fcr EMV-Karten- und Zahlungsanwendungstests, EMV-Datenaufbereitung und Magnetstreifen-Analyseger\u00e4te von Banken und Emittenten, Kartenherstellern, Personalisierungsb\u00fcros, Testlabors und Zahlungssystemen weltweit. Hier sind einige Gr\u00fcnde daf\u00fcr:[\/vc_column_text][vc_column_text css=&#8220;.vc_custom_1590595198391{margin-bottom: 0px !important;}&#8220;] Unser Versprechen Wir [&hellip;]<\/p>\n","protected":false},"author":1,"featured_media":0,"parent":9508,"menu_order":0,"comment_status":"closed","ping_status":"closed","template":"","meta":{"footnotes":""},"class_list":["post-9529","page","type-page","status-publish","hentry"],"yoast_head":"<!-- This site is optimized with the Yoast SEO plugin v27.3 - https:\/\/yoast.com\/product\/yoast-seo-wordpress\/ -->\n<title>Was Uns Einzigartig Macht | \u00dcber Uns | Barnes International Limited<\/title>\n<meta name=\"description\" content=\"Dank unseres engagierten Teams von Fachleuten und jahrzehntelanger Erfahrung hat sich Barnes bei Finanzinstituten, Banken, Emittenten und vielen anderen Unternehmen als f\u00fchrender Partner f\u00fcr EMV- und Magnetstreifentests weltweit etablieren k\u00f6nnen. Mehr Informationen finden Sie hier.\" \/>\n<meta name=\"robots\" content=\"index, follow, max-snippet:-1, max-image-preview:large, max-video-preview:-1\" \/>\n<link rel=\"canonical\" href=\"https:\/\/www.barnestest.com\/de\/ueber-uns\/was-uns-einzigartig-macht\/\" \/>\n<meta property=\"og:locale\" content=\"de_DE\" \/>\n<meta property=\"og:type\" content=\"article\" \/>\n<meta property=\"og:title\" content=\"Was Uns Einzigartig Macht | \u00dcber Uns | Barnes International Limited\" \/>\n<meta property=\"og:description\" content=\"Dank unseres engagierten Teams von Fachleuten und jahrzehntelanger Erfahrung hat sich Barnes bei Finanzinstituten, Banken, Emittenten und vielen anderen Unternehmen als f\u00fchrender Partner f\u00fcr EMV- und Magnetstreifentests weltweit etablieren k\u00f6nnen. Mehr Informationen finden Sie hier.\" \/>\n<meta property=\"og:url\" content=\"https:\/\/www.barnestest.com\/de\/ueber-uns\/was-uns-einzigartig-macht\/\" \/>\n<meta property=\"og:site_name\" content=\"Barnes International\" \/>\n<meta property=\"article:modified_time\" content=\"2023-01-07T20:58:43+00:00\" \/>\n<meta property=\"og:image\" content=\"https:\/\/www.barnestest.com\/wp-content\/uploads\/barnes-logo.png\" \/>\n\t<meta property=\"og:image:width\" content=\"183\" \/>\n\t<meta property=\"og:image:height\" content=\"43\" \/>\n\t<meta property=\"og:image:type\" content=\"image\/png\" \/>\n<meta name=\"twitter:card\" content=\"summary_large_image\" \/>\n<meta name=\"twitter:site\" content=\"@barnes_test\" \/>\n<meta name=\"twitter:label1\" content=\"Gesch\u00e4tzte Lesezeit\" \/>\n\t<meta name=\"twitter:data1\" content=\"2\u00a0Minute\" \/>\n<script type=\"application\/ld+json\" class=\"yoast-schema-graph\">{\"@context\":\"https:\\\/\\\/schema.org\",\"@graph\":[{\"@type\":\"WebPage\",\"@id\":\"https:\\\/\\\/www.barnestest.com\\\/de\\\/ueber-uns\\\/was-uns-einzigartig-macht\\\/\",\"url\":\"https:\\\/\\\/www.barnestest.com\\\/de\\\/ueber-uns\\\/was-uns-einzigartig-macht\\\/\",\"name\":\"Was Uns Einzigartig Macht | \u00dcber Uns | Barnes International Limited\",\"isPartOf\":{\"@id\":\"https:\\\/\\\/www.barnestest.com\\\/de\\\/#website\"},\"datePublished\":\"2022-12-27T17:30:39+00:00\",\"dateModified\":\"2023-01-07T20:58:43+00:00\",\"description\":\"Dank unseres engagierten Teams von Fachleuten und jahrzehntelanger Erfahrung hat sich Barnes bei Finanzinstituten, Banken, Emittenten und vielen anderen Unternehmen als f\u00fchrender Partner f\u00fcr EMV- und Magnetstreifentests weltweit etablieren k\u00f6nnen. Mehr Informationen finden Sie hier.\",\"breadcrumb\":{\"@id\":\"https:\\\/\\\/www.barnestest.com\\\/de\\\/ueber-uns\\\/was-uns-einzigartig-macht\\\/#breadcrumb\"},\"inLanguage\":\"de\",\"potentialAction\":[{\"@type\":\"ReadAction\",\"target\":[\"https:\\\/\\\/www.barnestest.com\\\/de\\\/ueber-uns\\\/was-uns-einzigartig-macht\\\/\"]}]},{\"@type\":\"BreadcrumbList\",\"@id\":\"https:\\\/\\\/www.barnestest.com\\\/de\\\/ueber-uns\\\/was-uns-einzigartig-macht\\\/#breadcrumb\",\"itemListElement\":[{\"@type\":\"ListItem\",\"position\":1,\"name\":\"Home\",\"item\":\"https:\\\/\\\/www.barnestest.com\\\/de\\\/\"},{\"@type\":\"ListItem\",\"position\":2,\"name\":\"\u00dcber Uns\",\"item\":\"https:\\\/\\\/www.barnestest.com\\\/de\\\/ueber-uns\\\/\"},{\"@type\":\"ListItem\",\"position\":3,\"name\":\"Was Uns Einzigartig Macht\"}]},{\"@type\":\"WebSite\",\"@id\":\"https:\\\/\\\/www.barnestest.com\\\/de\\\/#website\",\"url\":\"https:\\\/\\\/www.barnestest.com\\\/de\\\/\",\"name\":\"Barnes International\",\"description\":\"a leading provider of magnetic stripe and EMV test tools, training and consulting\",\"publisher\":{\"@id\":\"https:\\\/\\\/www.barnestest.com\\\/de\\\/#organization\"},\"potentialAction\":[{\"@type\":\"SearchAction\",\"target\":{\"@type\":\"EntryPoint\",\"urlTemplate\":\"https:\\\/\\\/www.barnestest.com\\\/de\\\/?s={search_term_string}\"},\"query-input\":{\"@type\":\"PropertyValueSpecification\",\"valueRequired\":true,\"valueName\":\"search_term_string\"}}],\"inLanguage\":\"de\"},{\"@type\":\"Organization\",\"@id\":\"https:\\\/\\\/www.barnestest.com\\\/de\\\/#organization\",\"name\":\"Barnes International\",\"url\":\"https:\\\/\\\/www.barnestest.com\\\/de\\\/\",\"logo\":{\"@type\":\"ImageObject\",\"inLanguage\":\"de\",\"@id\":\"https:\\\/\\\/www.barnestest.com\\\/de\\\/#\\\/schema\\\/logo\\\/image\\\/\",\"url\":\"https:\\\/\\\/www.barnestest.com\\\/wp-content\\\/uploads\\\/barnesinternationallogo_transparent.png\",\"contentUrl\":\"https:\\\/\\\/www.barnestest.com\\\/wp-content\\\/uploads\\\/barnesinternationallogo_transparent.png\",\"width\":1712,\"height\":484,\"caption\":\"Barnes International\"},\"image\":{\"@id\":\"https:\\\/\\\/www.barnestest.com\\\/de\\\/#\\\/schema\\\/logo\\\/image\\\/\"},\"sameAs\":[\"https:\\\/\\\/x.com\\\/barnes_test\",\"https:\\\/\\\/www.linkedin.com\\\/company\\\/barnes-international-ltd\\\/\",\"https:\\\/\\\/www.youtube.com\\\/channel\\\/UC5_Lit5ykPemqDHnHda0bvw\"]}]}<\/script>\n<!-- \/ Yoast SEO plugin. -->","yoast_head_json":{"title":"Was Uns Einzigartig Macht | \u00dcber Uns | Barnes International Limited","description":"Dank unseres engagierten Teams von Fachleuten und jahrzehntelanger Erfahrung hat sich Barnes bei Finanzinstituten, Banken, Emittenten und vielen anderen Unternehmen als f\u00fchrender Partner f\u00fcr EMV- und Magnetstreifentests weltweit etablieren k\u00f6nnen. Mehr Informationen finden Sie hier.","robots":{"index":"index","follow":"follow","max-snippet":"max-snippet:-1","max-image-preview":"max-image-preview:large","max-video-preview":"max-video-preview:-1"},"canonical":"https:\/\/www.barnestest.com\/de\/ueber-uns\/was-uns-einzigartig-macht\/","og_locale":"de_DE","og_type":"article","og_title":"Was Uns Einzigartig Macht | \u00dcber Uns | Barnes International Limited","og_description":"Dank unseres engagierten Teams von Fachleuten und jahrzehntelanger Erfahrung hat sich Barnes bei Finanzinstituten, Banken, Emittenten und vielen anderen Unternehmen als f\u00fchrender Partner f\u00fcr EMV- und Magnetstreifentests weltweit etablieren k\u00f6nnen. Mehr Informationen finden Sie hier.","og_url":"https:\/\/www.barnestest.com\/de\/ueber-uns\/was-uns-einzigartig-macht\/","og_site_name":"Barnes International","article_modified_time":"2023-01-07T20:58:43+00:00","og_image":[{"width":183,"height":43,"url":"https:\/\/www.barnestest.com\/wp-content\/uploads\/barnes-logo.png","type":"image\/png"}],"twitter_card":"summary_large_image","twitter_site":"@barnes_test","twitter_misc":{"Gesch\u00e4tzte Lesezeit":"2\u00a0Minute"},"schema":{"@context":"https:\/\/schema.org","@graph":[{"@type":"WebPage","@id":"https:\/\/www.barnestest.com\/de\/ueber-uns\/was-uns-einzigartig-macht\/","url":"https:\/\/www.barnestest.com\/de\/ueber-uns\/was-uns-einzigartig-macht\/","name":"Was Uns Einzigartig Macht | \u00dcber Uns | Barnes International Limited","isPartOf":{"@id":"https:\/\/www.barnestest.com\/de\/#website"},"datePublished":"2022-12-27T17:30:39+00:00","dateModified":"2023-01-07T20:58:43+00:00","description":"Dank unseres engagierten Teams von Fachleuten und jahrzehntelanger Erfahrung hat sich Barnes bei Finanzinstituten, Banken, Emittenten und vielen anderen Unternehmen als f\u00fchrender Partner f\u00fcr EMV- und Magnetstreifentests weltweit etablieren k\u00f6nnen. Mehr Informationen finden Sie hier.","breadcrumb":{"@id":"https:\/\/www.barnestest.com\/de\/ueber-uns\/was-uns-einzigartig-macht\/#breadcrumb"},"inLanguage":"de","potentialAction":[{"@type":"ReadAction","target":["https:\/\/www.barnestest.com\/de\/ueber-uns\/was-uns-einzigartig-macht\/"]}]},{"@type":"BreadcrumbList","@id":"https:\/\/www.barnestest.com\/de\/ueber-uns\/was-uns-einzigartig-macht\/#breadcrumb","itemListElement":[{"@type":"ListItem","position":1,"name":"Home","item":"https:\/\/www.barnestest.com\/de\/"},{"@type":"ListItem","position":2,"name":"\u00dcber Uns","item":"https:\/\/www.barnestest.com\/de\/ueber-uns\/"},{"@type":"ListItem","position":3,"name":"Was Uns Einzigartig Macht"}]},{"@type":"WebSite","@id":"https:\/\/www.barnestest.com\/de\/#website","url":"https:\/\/www.barnestest.com\/de\/","name":"Barnes International","description":"a leading provider of magnetic stripe and EMV test tools, training and consulting","publisher":{"@id":"https:\/\/www.barnestest.com\/de\/#organization"},"potentialAction":[{"@type":"SearchAction","target":{"@type":"EntryPoint","urlTemplate":"https:\/\/www.barnestest.com\/de\/?s={search_term_string}"},"query-input":{"@type":"PropertyValueSpecification","valueRequired":true,"valueName":"search_term_string"}}],"inLanguage":"de"},{"@type":"Organization","@id":"https:\/\/www.barnestest.com\/de\/#organization","name":"Barnes International","url":"https:\/\/www.barnestest.com\/de\/","logo":{"@type":"ImageObject","inLanguage":"de","@id":"https:\/\/www.barnestest.com\/de\/#\/schema\/logo\/image\/","url":"https:\/\/www.barnestest.com\/wp-content\/uploads\/barnesinternationallogo_transparent.png","contentUrl":"https:\/\/www.barnestest.com\/wp-content\/uploads\/barnesinternationallogo_transparent.png","width":1712,"height":484,"caption":"Barnes International"},"image":{"@id":"https:\/\/www.barnestest.com\/de\/#\/schema\/logo\/image\/"},"sameAs":["https:\/\/x.com\/barnes_test","https:\/\/www.linkedin.com\/company\/barnes-international-ltd\/","https:\/\/www.youtube.com\/channel\/UC5_Lit5ykPemqDHnHda0bvw"]}]}},"_links":{"self":[{"href":"https:\/\/www.barnestest.com\/de\/wp-json\/wp\/v2\/pages\/9529","targetHints":{"allow":["GET"]}}],"collection":[{"href":"https:\/\/www.barnestest.com\/de\/wp-json\/wp\/v2\/pages"}],"about":[{"href":"https:\/\/www.barnestest.com\/de\/wp-json\/wp\/v2\/types\/page"}],"author":[{"embeddable":true,"href":"https:\/\/www.barnestest.com\/de\/wp-json\/wp\/v2\/users\/1"}],"replies":[{"embeddable":true,"href":"https:\/\/www.barnestest.com\/de\/wp-json\/wp\/v2\/comments?post=9529"}],"version-history":[{"count":0,"href":"https:\/\/www.barnestest.com\/de\/wp-json\/wp\/v2\/pages\/9529\/revisions"}],"up":[{"embeddable":true,"href":"https:\/\/www.barnestest.com\/de\/wp-json\/wp\/v2\/pages\/9508"}],"wp:attachment":[{"href":"https:\/\/www.barnestest.com\/de\/wp-json\/wp\/v2\/media?parent=9529"}],"curies":[{"name":"wp","href":"https:\/\/api.w.org\/{rel}","templated":true}]}}