{"id":9532,"date":"2022-12-27T17:50:41","date_gmt":"2022-12-27T17:50:41","guid":{"rendered":"https:\/\/www.barnestest.com\/kontakt\/"},"modified":"2025-12-17T12:47:27","modified_gmt":"2025-12-17T12:47:27","slug":"kontakt","status":"publish","type":"page","link":"https:\/\/www.barnestest.com\/de\/kontakt\/","title":{"rendered":"Kontakt"},"content":{"rendered":"<div class=\"wpb-content-wrapper\">[mk_page_section bg_color=&#8220;#76889d&#8220; min_height=&#8220;0&#8243; padding_top=&#8220;60&#8243; padding_bottom=&#8220;0&#8243; sidebar=&#8220;sidebar-1&#8243;][vc_column width=&#8220;1\/3&#8243;][vc_empty_space height=&#8220;5px&#8220;][vc_single_image image=&#8220;38409&#8243; img_size=&#8220;full&#8220; alignment=&#8220;center&#8220; css=&#8220;&#8220;][mk_fancy_title color=&#8220;#ffffff&#8220; size=&#8220;18&#8243; font_weight=&#8220;400&#8243; margin_bottom=&#8220;0&#8243; font_family=&#8220;none&#8220; animation=&#8220;fade-in&#8220;]\n<p style=\"text-align: center;\"><strong>Barnes International Limited<br \/>\n<\/strong><\/p>\n[\/mk_fancy_title][vc_empty_space height=&#8220;10px&#8220;][mk_fancy_title color=&#8220;#ffffff&#8220; size=&#8220;18&#8243; font_weight=&#8220;400&#8243; margin_bottom=&#8220;0&#8243; font_family=&#8220;none&#8220; animation=&#8220;fade-in&#8220;]\n<p style=\"text-align: center;\"><span style=\"color: #ffffff;\"><a style=\"color: #ffffff;\" href=\"mailto:sales@barnestest.com\"><span style=\"text-decoration: underline;\">sales@barnestest.com<\/span><\/a><br \/>\n<\/span>+44 (0)1730 231313<\/p>\n[\/mk_fancy_title][vc_empty_space height=&#8220;42px&#8220;][\/vc_column][vc_column width=&#8220;1\/3&#8243;][vc_empty_space height=&#8220;75px&#8220;][mk_fancy_title color=&#8220;#ffffff&#8220; size=&#8220;18&#8243; font_weight=&#8220;400&#8243; margin_bottom=&#8220;0&#8243; font_family=&#8220;none&#8220; animation=&#8220;fade-in&#8220; el_class=&#8220;whitetext&#8220;]\n<p style=\"text-align: center;\"><strong>Hauptsitz<\/strong><\/p>\n[\/mk_fancy_title][vc_empty_space height=&#8220;10px&#8220;][mk_fancy_title color=&#8220;#ffffff&#8220; size=&#8220;18&#8243; font_weight=&#8220;400&#8243; margin_bottom=&#8220;0&#8243; font_family=&#8220;none&#8220; animation=&#8220;fade-in&#8220; el_class=&#8220;whitetext&#8220;]\n<p style=\"text-align: center;\">The Loft, St Clair&#8217;s Farm<br \/>\nWickham Road, Droxford<br \/>\nHampshire SO32 3PW, UK<\/p>\n[\/mk_fancy_title][vc_empty_space height=&#8220;42px&#8220;][\/vc_column][vc_column width=&#8220;1\/3&#8243;][vc_single_image image=&#8220;38409&#8243; img_size=&#8220;full&#8220; alignment=&#8220;center&#8220; css=&#8220;&#8220;][mk_fancy_title color=&#8220;#ffffff&#8220; size=&#8220;18&#8243; font_weight=&#8220;400&#8243; margin_bottom=&#8220;0&#8243; font_family=&#8220;none&#8220; animation=&#8220;fade-in&#8220;]\n<p style=\"text-align: center;\"><strong>Barnes Smart Solutions Limited<br \/>\n<\/strong><\/p>\n[\/mk_fancy_title][vc_empty_space height=&#8220;10px&#8220;][mk_fancy_title color=&#8220;#ffffff&#8220; size=&#8220;18&#8243; font_weight=&#8220;400&#8243; margin_bottom=&#8220;0&#8243; font_family=&#8220;none&#8220; animation=&#8220;fade-in&#8220;]\n<p style=\"text-align: center;\"><span style=\"color: #ffffff;\"><a style=\"color: #ffffff;\" href=\"mailto:sales@barnessmart.com\"><span style=\"text-decoration: underline;\">sales@barnessmart.com<\/span><\/a><br \/>\n<\/span>+44 (0)1730 231313<\/p>\n[\/mk_fancy_title][vc_empty_space height=&#8220;42px&#8220;][\/vc_column][\/mk_page_section][mk_page_section full_width=&#8220;true&#8220; padding_top=&#8220;0&#8243; padding_bottom=&#8220;0&#8243; el_class=&#8220;o2c-map&#8220; sidebar=&#8220;sidebar-1&#8243;][vc_column][mk_advanced_gmaps latitude=&#8220;50.934881&#8243; longitude=&#8220;-1.142674&#8243; address=&#8220;Droxford&#8220; latitude_2=&#8220;3.1385035&#8243; longitude_2=&#8220;101.6167773&#8243; address_2=&#8220;Kuala Lumpur&#8220; latitude_3=&#8220;40.2821392&#8243; longitude_3=&#8220;-76.915445&#8243; address_3=&#8220;Harrisburg&#8220; pin_icon=&#8220;https:\/\/www.barnestest.com\/wp-content\/uploads\/map-tear-drop-marker.png&#8220; additional_markers=&#8220;JTVCJTdCJTIydW5pcWlkJTIyJTNBJTIyMTUyNDQ4MzE1NzE0MSUyMiUyQyUyMnRpdGxlJTIyJTNBJTIyU2hhbmdoYWklMjIlMkMlMjJsYXRpdHVkZSUyMiUzQSUyMjMxLjMxNTM0OTcxOTM4OTUwMiUyMiUyQyUyMmxvbmdpdHVkZSUyMiUzQSUyMjEyMS40NjQxMDY4MDI2Njk4NSUyMiUyQyUyMmFkZHJlc3MlMjIlM0ElMjJTaGFuZ2hhaSUyMiU3RCUyQyU3QiUyMnVuaXFpZCUyMiUzQSUyMjE1MjQ4NDA5Mzc2NzAlMjIlMkMlMjJ0aXRsZSUyMiUzQSUyMk5ldyUyMERlbGhpJTIyJTJDJTIybGF0aXR1ZGUlMjIlM0ElMjIyOC41MjcyMTgxJTIyJTJDJTIybG9uZ2l0dWRlJTIyJTNBJTIyNzcuMDY4ODk5MyUyMiUyQyUyMmFkZHJlc3MlMjIlM0ElMjJOZXclMjBEZWxoaSUyMiU3RCUyQyU3QiUyMnVuaXFpZCUyMiUzQSUyMjE1MjQ4NDA5ODYxMzUlMjIlMkMlMjJ0aXRsZSUyMiUzQSUyMk5haXJvYmklMjIlMkMlMjJsYXRpdHVkZSUyMiUzQSUyMi0xLjMwMzIwNTElMjIlMkMlMjJsb25naXR1ZGUlMjIlM0ElMjIzNi41NjcyMDAzJTIyJTJDJTIyYWRkcmVzcyUyMiUzQSUyMk5haXJvYmklMjIlN0QlMkMlN0IlMjJ1bmlxaWQlMjIlM0ElMjIxNTI0ODQxMDgwMDc2JTIyJTJDJTIydGl0bGUlMjIlM0ElMjJCYXJjZWxvbmElMjIlMkMlMjJsYXRpdHVkZSUyMiUzQSUyMjQxLjM5NDc2ODglMjIlMkMlMjJsb25naXR1ZGUlMjIlM0ElMjIyLjA3ODcyNzklMjIlMkMlMjJhZGRyZXNzJTIyJTNBJTIyQmFyY2Vsb25hJTIyJTdEJTJDJTdCJTIydW5pcWlkJTIyJTNBJTIyMTU2MTExODAxOTIwOSUyMiUyQyUyMnRpdGxlJTIyJTNBJTIyQ2FwZSUyMFRvd24lMjIlMkMlMjJsYXRpdHVkZSUyMiUzQSUyMi0zMy45MzQ0MjIlMjIlMkMlMjJsb25naXR1ZGUlMjIlM0ElMjIxOC4zOTUwODQlMjIlMkMlMjJhZGRyZXNzJTIyJTNBJTIyQ2FwZSUyMFRvd24lMjIlN0QlMkMlN0IlMjJ1bmlxaWQlMjIlM0ElMjIxNjI1NDk5Nzg3ODAxJTIyJTJDJTIydGl0bGUlMjIlM0ElMjJBZGRpcyUyMEFiYWJhJTIyJTJDJTIybGF0aXR1ZGUlMjIlM0ElMjI4Ljk5MDk1ODE0OTc3ODgzMiUyMiUyQyUyMmxvbmdpdHVkZSUyMiUzQSUyMjM4Ljc0NTE3MTc2NzAyNTk0JTIyJTJDJTIyYWRkcmVzcyUyMiUzQSUyMkFkZGlzJTIwQWJhYmElMjIlN0QlMkMlN0IlMjJ1bmlxaWQlMjIlM0ElMjIxNjI5OTA3Nzg1NjYxJTIyJTJDJTIydGl0bGUlMjIlM0ElMjJMaW1hJTIyJTJDJTIybGF0aXR1ZGUlMjIlM0ElMjItMTIuMDMzMzE5MDM4Njk3MTclMjIlMkMlMjJsb25naXR1ZGUlMjIlM0ElMjItNzcuMDQzNDA2MjM0ODkxNTklMjIlMkMlMjJhZGRyZXNzJTIyJTNBJTIyTGltYSUyMiU3RCUyQyU3QiUyMnVuaXFpZCUyMiUzQSUyMjE2Mjk5MDc4NDc3NDMlMjIlMkMlMjJ0aXRsZSUyMiUzQSUyMkhvbmclMjBLb25nJTIyJTJDJTIybGF0aXR1ZGUlMjIlM0ElMjIyMi4zMTMyODQ0OTI5NTEwODclMjIlMkMlMjJsb25naXR1ZGUlMjIlM0ElMjIxMTQuMTc1MDY5NzYyOTMzOTclMjIlMkMlMjJhZGRyZXNzJTIyJTNBJTIySG9uZyUyMEtvbmclMjIlN0QlMkMlN0IlMjJ1bmlxaWQlMjIlM0ElMjIxNjI5OTA3ODc4MjA0JTIyJTJDJTIydGl0bGUlMjIlM0ElMjJUb2t5byUyMiUyQyUyMmxhdGl0dWRlJTIyJTNBJTIyMzUuNjk4MjgwMDA3NDQ1MDMlMjIlMkMlMjJsb25naXR1ZGUlMjIlM0ElMjIxMzkuNzcxNzU4OTAwNzM5NTclMjIlMkMlMjJhZGRyZXNzJTIyJTNBJTIyVG9reW8lMjIlN0QlMkMlN0IlMjJ1bmlxaWQlMjIlM0ElMjIxNjI5OTA3OTMwMjg3JTIyJTJDJTIydGl0bGUlMjIlM0ElMjJIb25kdXJhcyUyMiUyQyUyMmxhdGl0dWRlJTIyJTNBJTIyMTUuNTYwNDg1NDIzOTYwMzY0JTIyJTJDJTIybG9uZ2l0dWRlJTIyJTNBJTIyLTg3Ljk1Njc0NzIyMzA5MDElMjIlMkMlMjJhZGRyZXNzJTIyJTNBJTIySG9uZHVyYXMlMjIlN0QlMkMlN0IlMjJ1bmlxaWQlMjIlM0ElMjIxNjI5OTA4MDA3NjY2JTIyJTJDJTIydGl0bGUlMjIlM0ElMjJHdWF0ZW1hbGElMjIlMkMlMjJsYXRpdHVkZSUyMiUzQSUyMjE0LjgwMzE5NTg3NzU4NjY4MyUyMiUyQyUyMmxvbmdpdHVkZSUyMiUzQSUyMi05MC41ODY5OTA2OTkwMjY4NyUyMiUyQyUyMmFkZHJlc3MlMjIlM0ElMjJHdWF0ZW1hbGElMjIlN0QlMkMlN0IlMjJ1bmlxaWQlMjIlM0ElMjIxNjI5OTA5Mzk5MDkzJTIyJTJDJTIydGl0bGUlMjIlM0ElMjJEdWJhaSUyMiUyQyUyMmxhdGl0dWRlJTIyJTNBJTIyMjUuMzExMDIwNDI2NjU0NTElMjIlMkMlMjJsb25naXR1ZGUlMjIlM0ElMjI1NS4yNTUzMTUzMDUwMjE3NiUyMiUyQyUyMmFkZHJlc3MlMjIlM0ElMjJEdWJhaSUyMiU3RCU1RA==&#8220; map_height=&#8220;full&#8220; map_zoom=&#8220;2&#8243; modify_coloring=&#8220;true&#8220; hue=&#8220;#1e73be&#8220;][\/vc_column][\/mk_page_section][mk_page_section bg_color=&#8220;#001183&#8243; padding_top=&#8220;100&#8243; padding_bottom=&#8220;100&#8243; sidebar=&#8220;sidebar-1&#8243;][vc_column width=&#8220;1\/12&#8243;][\/vc_column][vc_column width=&#8220;10\/12&#8243;][mk_fancy_title color=&#8220;#ffffff&#8220; size=&#8220;32&#8243; font_weight=&#8220;400&#8243; margin_bottom=&#8220;0&#8243; font_family=&#8220;none&#8220; align=&#8220;center&#8220;]Kontaktieren Sie Uns[\/mk_fancy_title][mk_padding_divider size=&#8220;30&#8243;][vc_row_inner][vc_column_inner width=&#8220;1\/2&#8243; css=&#8220;.vc_custom_1539264023458{padding-top: 10px !important;}&#8220;][mk_button dimension=&#8220;flat&#8220; corner_style=&#8220;full_rounded&#8220; size=&#8220;large&#8220; url=&#8220;mailto:chipsupport@barnestest.com&#8220; align=&#8220;center&#8220; margin_bottom=&#8220;0&#8243; margin_right=&#8220;0&#8243; animation=&#8220;left-to-right&#8220; el_class=&#8220;o2c-contact-button&#8220; bg_color=&#8220;#ffffff&#8220; btn_hover_bg=&#8220;#eaedf1&#8243; text_color=&#8220;dark&#8220; btn_hover_txt_color=&#8220;#666666&#8243;]Chip-Support[\/mk_button][\/vc_column_inner][vc_column_inner width=&#8220;1\/2&#8243; css=&#8220;.vc_custom_1539264028837{padding-top: 10px !important;}&#8220;][mk_button dimension=&#8220;flat&#8220; corner_style=&#8220;full_rounded&#8220; size=&#8220;large&#8220; url=&#8220;mailto:magsupport@barnestest.com&#8220; align=&#8220;center&#8220; margin_bottom=&#8220;0&#8243; margin_right=&#8220;0&#8243; animation=&#8220;bottom-to-top&#8220; el_class=&#8220;o2c-contact-button&#8220; bg_color=&#8220;#ffffff&#8220; btn_hover_bg=&#8220;#eaedf1&#8243; text_color=&#8220;dark&#8220; btn_hover_txt_color=&#8220;#666666&#8243;]Mag-Support[\/mk_button][\/vc_column_inner][\/vc_row_inner][vc_empty_space height=&#8220;40px&#8220; el_id=&#8220;o2c-contact-page-button-space&#8220;][vc_row_inner][vc_column_inner width=&#8220;1\/2&#8243;][mk_button dimension=&#8220;flat&#8220; corner_style=&#8220;full_rounded&#8220; size=&#8220;large&#8220; url=&#8220;mailto:p3support@barnessmart.com&#8220; align=&#8220;center&#8220; margin_bottom=&#8220;0&#8243; margin_right=&#8220;0&#8243; animation=&#8220;right-to-left&#8220; el_class=&#8220;o2c-contact-button&#8220; bg_color=&#8220;#ffffff&#8220; btn_hover_bg=&#8220;#eaedf1&#8243; text_color=&#8220;dark&#8220; btn_hover_txt_color=&#8220;#666666&#8243;]P3-Support[\/mk_button][\/vc_column_inner][vc_column_inner width=&#8220;1\/2&#8243; css=&#8220;.vc_custom_1539264016663{padding-top: 10px !important;}&#8220;][mk_button dimension=&#8220;flat&#8220; corner_style=&#8220;full_rounded&#8220; size=&#8220;large&#8220; url=&#8220;mailto:authcodes@barnestest.com&#8220; align=&#8220;center&#8220; margin_bottom=&#8220;0&#8243; margin_right=&#8220;0&#8243; animation=&#8220;right-to-left&#8220; el_class=&#8220;o2c-contact-button&#8220; bg_color=&#8220;#ffffff&#8220; btn_hover_bg=&#8220;#eaedf1&#8243; text_color=&#8220;dark&#8220; btn_hover_txt_color=&#8220;#666666&#8243;]Software-Autorisierungs-Codes[\/mk_button][\/vc_column_inner][\/vc_row_inner][\/vc_column][vc_column width=&#8220;1\/12&#8243;][\/vc_column][\/mk_page_section][mk_page_section bg_color=&#8220;#0098db&#8220; el_class=&#8220;o2c-white-contact&#8220; sidebar=&#8220;sidebar-1&#8243;][vc_column width=&#8220;1\/12&#8243;][\/vc_column][vc_column width=&#8220;10\/12&#8243;][mk_padding_divider size=&#8220;65&#8243;][mk_fancy_title color=&#8220;#ffffff&#8220; size=&#8220;32&#8243; font_weight=&#8220;400&#8243; margin_bottom=&#8220;0&#8243; font_family=&#8220;none&#8220; align=&#8220;center&#8220; animation=&#8220;fade-in&#8220;]M\u00f6chten Sie mehr erfahren?[\/mk_fancy_title][mk_padding_divider size=&#8220;30&#8243;]\n<div class=\"wpcf7 no-js\" id=\"wpcf7-f8241-o1\" lang=\"en-US\" dir=\"ltr\" data-wpcf7-id=\"8241\">\n<div class=\"screen-reader-response\"><p role=\"status\" aria-live=\"polite\" aria-atomic=\"true\"><\/p> <ul><\/ul><\/div>\n<form action=\"\/de\/wp-json\/wp\/v2\/pages\/9532#wpcf7-f8241-o1\" method=\"post\" class=\"wpcf7-form init\" aria-label=\"Contact form\" novalidate=\"novalidate\" data-status=\"init\">\n<fieldset class=\"hidden-fields-container\"><input type=\"hidden\" name=\"_wpcf7\" value=\"8241\" \/><input type=\"hidden\" name=\"_wpcf7_version\" value=\"6.1.5\" \/><input type=\"hidden\" name=\"_wpcf7_locale\" value=\"en_US\" \/><input type=\"hidden\" name=\"_wpcf7_unit_tag\" value=\"wpcf7-f8241-o1\" \/><input type=\"hidden\" name=\"_wpcf7_container_post\" value=\"0\" \/><input type=\"hidden\" name=\"_wpcf7_posted_data_hash\" value=\"\" \/><input type=\"hidden\" name=\"_wpcf7_recaptcha_response\" value=\"\" \/>\n<\/fieldset>\n<div class=\"o2c-fullwidth\">\n\t<div class=\"o2c-break1\">\n\t\t<p><span class=\"wpcf7-form-control-wrap\" data-name=\"full-name\"><input size=\"40\" maxlength=\"400\" class=\"wpcf7-form-control wpcf7-text wpcf7-validates-as-required o2c-text-field\" aria-required=\"true\" aria-invalid=\"false\" placeholder=\"Vollst\u00e4ndiger Name\" value=\"\" type=\"text\" name=\"full-name\" \/><\/span><br \/>\n<span class=\"wpcf7-form-control-wrap\" data-name=\"company-name\"><input size=\"40\" maxlength=\"400\" class=\"wpcf7-form-control wpcf7-text wpcf7-validates-as-required o2c-text-field\" aria-required=\"true\" aria-invalid=\"false\" placeholder=\"Unternehmen\" value=\"\" type=\"text\" name=\"company-name\" \/><\/span><br \/>\n<span class=\"wpcf7-form-control-wrap\" data-name=\"customer-email\"><input size=\"40\" maxlength=\"400\" class=\"wpcf7-form-control wpcf7-email wpcf7-validates-as-required wpcf7-text wpcf7-validates-as-email o2c-email-field\" aria-required=\"true\" aria-invalid=\"false\" placeholder=\"Email\" value=\"\" type=\"email\" name=\"customer-email\" \/><\/span><br \/>\n<span class=\"wpcf7-form-control-wrap\" data-name=\"customer-telephone\"><input size=\"40\" maxlength=\"400\" class=\"wpcf7-form-control wpcf7-tel wpcf7-text wpcf7-validates-as-tel o2c-text-field\" aria-invalid=\"false\" placeholder=\"Telefon\" value=\"\" type=\"tel\" name=\"customer-telephone\" \/><\/span><br \/>\n\t\t<span class=\"wpcf7-form-control-wrap recaptcha\" data-name=\"recaptcha\"><span data-sitekey=\"6LfV16QUAAAAAAoDHi55y8SiR8vm8sVeBlZMDHpb\" class=\"wpcf7-form-control wpcf7-recaptcha g-recaptcha\"><\/span>\r\n<noscript>\r\n\t<div class=\"grecaptcha-noscript\">\r\n\t\t<iframe src=\"https:\/\/www.google.com\/recaptcha\/api\/fallback?k=6LfV16QUAAAAAAoDHi55y8SiR8vm8sVeBlZMDHpb\" frameborder=\"0\" scrolling=\"no\" width=\"310\" height=\"430\">\r\n\t\t<\/iframe>\r\n\t\t<textarea name=\"g-recaptcha-response\" rows=\"3\" cols=\"40\" placeholder=\"reCaptcha Response Here\">\r\n\t\t<\/textarea>\r\n\t<\/div>\r\n<\/noscript>\r\n<\/span>\n\t\t<\/p>\n\t<\/div>\n\t<div class=\"o2c-break2\">\n\t\t<p><span class=\"wpcf7-form-control-wrap\" data-name=\"customer-query\"><textarea cols=\"40\" rows=\"10\" maxlength=\"2000\" class=\"wpcf7-form-control wpcf7-textarea o2c-text-area\" aria-invalid=\"false\" placeholder=\"Anfrage\" name=\"customer-query\"><\/textarea><\/span>\n\t\t<\/p>\n\t\t<div class=\"o2c-subscribe\">\n\t\t\t<p><span class=\"wpcf7-form-control-wrap\" data-name=\"checkbox-21\"><span class=\"wpcf7-form-control wpcf7-checkbox\"><span class=\"wpcf7-list-item first last\"><input type=\"checkbox\" name=\"checkbox-21[]\" value=\"Updates abonnieren\" \/><span class=\"wpcf7-list-item-label\">Updates abonnieren<\/span><\/span><\/span><\/span><br \/>\n<input class=\"wpcf7-form-control wpcf7-submit has-spinner o2c-submit\" type=\"submit\" value=\"Senden\" \/>\n\t\t\t<\/p>\n\t\t<\/div>\n\t<\/div>\n<\/div>\n<div class=\"gdpr-text-contact\">\n\t<p>In diesem Formular werden Ihr Name, Ihre E-Mail Adresse und Ihre Telefonnummer erfasst, damit wir in Bezug auf Ihre Anfrage in Kontakt bleiben k\u00f6nnen. Weitere Informationen \u00fcber den Schutz und die Verwaltung dieser Daten finden Sie in unserer Datenschutzerkl\u00e4rung.\n\t<\/p>\n\t<div class=\"gpdr-tick-box-contact\">\n\t\t<p><span class=\"wpcf7-form-control-wrap\" data-name=\"GDPR\"><span class=\"wpcf7-form-control wpcf7-checkbox wpcf7-validates-as-required\"><span class=\"wpcf7-list-item first last\"><input type=\"checkbox\" name=\"GDPR[]\" value=\"Ich bin damit einverstanden, dass Barnes International meine Daten erfasst.\" \/><span class=\"wpcf7-list-item-label\">Ich bin damit einverstanden, dass Barnes International meine Daten erfasst.<\/span><\/span><\/span><\/span>\n\t\t<\/p>\n\t<\/div>\n<\/div><div class=\"wpcf7-response-output\" aria-hidden=\"true\"><\/div>\n<\/form>\n<\/div>\n[mk_padding_divider size=&#8220;65&#8243;][\/vc_column][vc_column width=&#8220;1\/12&#8243;][\/vc_column][\/mk_page_section]\n<\/div>","protected":false},"excerpt":{"rendered":"<p>[mk_page_section bg_color=&#8220;#76889d&#8220; min_height=&#8220;0&#8243; padding_top=&#8220;60&#8243; padding_bottom=&#8220;0&#8243; sidebar=&#8220;sidebar-1&#8243;][vc_column width=&#8220;1\/3&#8243;][vc_empty_space height=&#8220;5px&#8220;][vc_single_image image=&#8220;38409&#8243; img_size=&#8220;full&#8220; alignment=&#8220;center&#8220; css=&#8220;&#8220;][mk_fancy_title color=&#8220;#ffffff&#8220; size=&#8220;18&#8243; font_weight=&#8220;400&#8243; margin_bottom=&#8220;0&#8243; font_family=&#8220;none&#8220; animation=&#8220;fade-in&#8220;] Barnes International Limited [\/mk_fancy_title][vc_empty_space height=&#8220;10px&#8220;][mk_fancy_title color=&#8220;#ffffff&#8220; size=&#8220;18&#8243; font_weight=&#8220;400&#8243; margin_bottom=&#8220;0&#8243; font_family=&#8220;none&#8220; animation=&#8220;fade-in&#8220;] sales@barnestest.com +44 (0)1730 231313 [\/mk_fancy_title][vc_empty_space height=&#8220;42px&#8220;][\/vc_column][vc_column width=&#8220;1\/3&#8243;][vc_empty_space height=&#8220;75px&#8220;][mk_fancy_title color=&#8220;#ffffff&#8220; size=&#8220;18&#8243; font_weight=&#8220;400&#8243; margin_bottom=&#8220;0&#8243; font_family=&#8220;none&#8220; animation=&#8220;fade-in&#8220; el_class=&#8220;whitetext&#8220;] Hauptsitz [\/mk_fancy_title][vc_empty_space height=&#8220;10px&#8220;][mk_fancy_title color=&#8220;#ffffff&#8220; size=&#8220;18&#8243; font_weight=&#8220;400&#8243; margin_bottom=&#8220;0&#8243; font_family=&#8220;none&#8220; animation=&#8220;fade-in&#8220; el_class=&#8220;whitetext&#8220;] The [&hellip;]<\/p>\n","protected":false},"author":1,"featured_media":0,"parent":0,"menu_order":0,"comment_status":"closed","ping_status":"closed","template":"","meta":{"footnotes":""},"class_list":["post-9532","page","type-page","status-publish","hentry"],"yoast_head":"<!-- This site is optimized with the Yoast SEO plugin v27.3 - https:\/\/yoast.com\/product\/yoast-seo-wordpress\/ -->\n<title>Kontaktieren Sie Uns | Barnes International Limited<\/title>\n<meta name=\"description\" content=\"Alle Kontaktinformationen, die Sie f\u00fcr ein Gespr\u00e4ch mit einem Mitarbeiter von Barnes International Limited brauchen, finden Sie hier.\" \/>\n<meta name=\"robots\" content=\"index, follow, max-snippet:-1, max-image-preview:large, max-video-preview:-1\" \/>\n<link rel=\"canonical\" href=\"https:\/\/www.barnestest.com\/de\/kontakt\/\" \/>\n<meta property=\"og:locale\" content=\"de_DE\" \/>\n<meta property=\"og:type\" content=\"article\" \/>\n<meta property=\"og:title\" content=\"Kontaktieren Sie Uns | Barnes International Limited\" \/>\n<meta property=\"og:description\" content=\"Alle Kontaktinformationen, die Sie f\u00fcr ein Gespr\u00e4ch mit einem Mitarbeiter von Barnes International Limited brauchen, finden Sie hier.\" \/>\n<meta property=\"og:url\" content=\"https:\/\/www.barnestest.com\/de\/kontakt\/\" \/>\n<meta property=\"og:site_name\" content=\"Barnes International\" \/>\n<meta property=\"article:modified_time\" content=\"2025-12-17T12:47:27+00:00\" \/>\n<meta property=\"og:image\" content=\"https:\/\/www.barnestest.com\/wp-content\/uploads\/barnes-logo.png\" \/>\n\t<meta property=\"og:image:width\" content=\"183\" \/>\n\t<meta property=\"og:image:height\" content=\"43\" \/>\n\t<meta property=\"og:image:type\" content=\"image\/png\" \/>\n<meta name=\"twitter:card\" content=\"summary_large_image\" \/>\n<meta name=\"twitter:site\" content=\"@barnes_test\" \/>\n<meta name=\"twitter:label1\" content=\"Gesch\u00e4tzte Lesezeit\" \/>\n\t<meta name=\"twitter:data1\" content=\"2\u00a0Minute\" \/>\n<script type=\"application\/ld+json\" class=\"yoast-schema-graph\">{\"@context\":\"https:\\\/\\\/schema.org\",\"@graph\":[{\"@type\":\"WebPage\",\"@id\":\"https:\\\/\\\/www.barnestest.com\\\/de\\\/kontakt\\\/\",\"url\":\"https:\\\/\\\/www.barnestest.com\\\/de\\\/kontakt\\\/\",\"name\":\"Kontaktieren Sie Uns | Barnes International Limited\",\"isPartOf\":{\"@id\":\"https:\\\/\\\/www.barnestest.com\\\/de\\\/#website\"},\"datePublished\":\"2022-12-27T17:50:41+00:00\",\"dateModified\":\"2025-12-17T12:47:27+00:00\",\"description\":\"Alle Kontaktinformationen, die Sie f\u00fcr ein Gespr\u00e4ch mit einem Mitarbeiter von Barnes International Limited brauchen, finden Sie hier.\",\"breadcrumb\":{\"@id\":\"https:\\\/\\\/www.barnestest.com\\\/de\\\/kontakt\\\/#breadcrumb\"},\"inLanguage\":\"de\",\"potentialAction\":[{\"@type\":\"ReadAction\",\"target\":[\"https:\\\/\\\/www.barnestest.com\\\/de\\\/kontakt\\\/\"]}]},{\"@type\":\"BreadcrumbList\",\"@id\":\"https:\\\/\\\/www.barnestest.com\\\/de\\\/kontakt\\\/#breadcrumb\",\"itemListElement\":[{\"@type\":\"ListItem\",\"position\":1,\"name\":\"Home\",\"item\":\"https:\\\/\\\/www.barnestest.com\\\/de\\\/\"},{\"@type\":\"ListItem\",\"position\":2,\"name\":\"Kontakt\"}]},{\"@type\":\"WebSite\",\"@id\":\"https:\\\/\\\/www.barnestest.com\\\/de\\\/#website\",\"url\":\"https:\\\/\\\/www.barnestest.com\\\/de\\\/\",\"name\":\"Barnes International\",\"description\":\"a leading provider of magnetic stripe and EMV test tools, training and consulting\",\"publisher\":{\"@id\":\"https:\\\/\\\/www.barnestest.com\\\/de\\\/#organization\"},\"potentialAction\":[{\"@type\":\"SearchAction\",\"target\":{\"@type\":\"EntryPoint\",\"urlTemplate\":\"https:\\\/\\\/www.barnestest.com\\\/de\\\/?s={search_term_string}\"},\"query-input\":{\"@type\":\"PropertyValueSpecification\",\"valueRequired\":true,\"valueName\":\"search_term_string\"}}],\"inLanguage\":\"de\"},{\"@type\":\"Organization\",\"@id\":\"https:\\\/\\\/www.barnestest.com\\\/de\\\/#organization\",\"name\":\"Barnes International\",\"url\":\"https:\\\/\\\/www.barnestest.com\\\/de\\\/\",\"logo\":{\"@type\":\"ImageObject\",\"inLanguage\":\"de\",\"@id\":\"https:\\\/\\\/www.barnestest.com\\\/de\\\/#\\\/schema\\\/logo\\\/image\\\/\",\"url\":\"https:\\\/\\\/www.barnestest.com\\\/wp-content\\\/uploads\\\/barnesinternationallogo_transparent.png\",\"contentUrl\":\"https:\\\/\\\/www.barnestest.com\\\/wp-content\\\/uploads\\\/barnesinternationallogo_transparent.png\",\"width\":1712,\"height\":484,\"caption\":\"Barnes International\"},\"image\":{\"@id\":\"https:\\\/\\\/www.barnestest.com\\\/de\\\/#\\\/schema\\\/logo\\\/image\\\/\"},\"sameAs\":[\"https:\\\/\\\/x.com\\\/barnes_test\",\"https:\\\/\\\/www.linkedin.com\\\/company\\\/barnes-international-ltd\\\/\",\"https:\\\/\\\/www.youtube.com\\\/channel\\\/UC5_Lit5ykPemqDHnHda0bvw\"]}]}<\/script>\n<!-- \/ Yoast SEO plugin. -->","yoast_head_json":{"title":"Kontaktieren Sie Uns | Barnes International Limited","description":"Alle Kontaktinformationen, die Sie f\u00fcr ein Gespr\u00e4ch mit einem Mitarbeiter von Barnes International Limited brauchen, finden Sie hier.","robots":{"index":"index","follow":"follow","max-snippet":"max-snippet:-1","max-image-preview":"max-image-preview:large","max-video-preview":"max-video-preview:-1"},"canonical":"https:\/\/www.barnestest.com\/de\/kontakt\/","og_locale":"de_DE","og_type":"article","og_title":"Kontaktieren Sie Uns | Barnes International Limited","og_description":"Alle Kontaktinformationen, die Sie f\u00fcr ein Gespr\u00e4ch mit einem Mitarbeiter von Barnes International Limited brauchen, finden Sie hier.","og_url":"https:\/\/www.barnestest.com\/de\/kontakt\/","og_site_name":"Barnes International","article_modified_time":"2025-12-17T12:47:27+00:00","og_image":[{"width":183,"height":43,"url":"https:\/\/www.barnestest.com\/wp-content\/uploads\/barnes-logo.png","type":"image\/png"}],"twitter_card":"summary_large_image","twitter_site":"@barnes_test","twitter_misc":{"Gesch\u00e4tzte Lesezeit":"2\u00a0Minute"},"schema":{"@context":"https:\/\/schema.org","@graph":[{"@type":"WebPage","@id":"https:\/\/www.barnestest.com\/de\/kontakt\/","url":"https:\/\/www.barnestest.com\/de\/kontakt\/","name":"Kontaktieren Sie Uns | Barnes International Limited","isPartOf":{"@id":"https:\/\/www.barnestest.com\/de\/#website"},"datePublished":"2022-12-27T17:50:41+00:00","dateModified":"2025-12-17T12:47:27+00:00","description":"Alle Kontaktinformationen, die Sie f\u00fcr ein Gespr\u00e4ch mit einem Mitarbeiter von Barnes International Limited brauchen, finden Sie hier.","breadcrumb":{"@id":"https:\/\/www.barnestest.com\/de\/kontakt\/#breadcrumb"},"inLanguage":"de","potentialAction":[{"@type":"ReadAction","target":["https:\/\/www.barnestest.com\/de\/kontakt\/"]}]},{"@type":"BreadcrumbList","@id":"https:\/\/www.barnestest.com\/de\/kontakt\/#breadcrumb","itemListElement":[{"@type":"ListItem","position":1,"name":"Home","item":"https:\/\/www.barnestest.com\/de\/"},{"@type":"ListItem","position":2,"name":"Kontakt"}]},{"@type":"WebSite","@id":"https:\/\/www.barnestest.com\/de\/#website","url":"https:\/\/www.barnestest.com\/de\/","name":"Barnes International","description":"a leading provider of magnetic stripe and EMV test tools, training and consulting","publisher":{"@id":"https:\/\/www.barnestest.com\/de\/#organization"},"potentialAction":[{"@type":"SearchAction","target":{"@type":"EntryPoint","urlTemplate":"https:\/\/www.barnestest.com\/de\/?s={search_term_string}"},"query-input":{"@type":"PropertyValueSpecification","valueRequired":true,"valueName":"search_term_string"}}],"inLanguage":"de"},{"@type":"Organization","@id":"https:\/\/www.barnestest.com\/de\/#organization","name":"Barnes International","url":"https:\/\/www.barnestest.com\/de\/","logo":{"@type":"ImageObject","inLanguage":"de","@id":"https:\/\/www.barnestest.com\/de\/#\/schema\/logo\/image\/","url":"https:\/\/www.barnestest.com\/wp-content\/uploads\/barnesinternationallogo_transparent.png","contentUrl":"https:\/\/www.barnestest.com\/wp-content\/uploads\/barnesinternationallogo_transparent.png","width":1712,"height":484,"caption":"Barnes International"},"image":{"@id":"https:\/\/www.barnestest.com\/de\/#\/schema\/logo\/image\/"},"sameAs":["https:\/\/x.com\/barnes_test","https:\/\/www.linkedin.com\/company\/barnes-international-ltd\/","https:\/\/www.youtube.com\/channel\/UC5_Lit5ykPemqDHnHda0bvw"]}]}},"_links":{"self":[{"href":"https:\/\/www.barnestest.com\/de\/wp-json\/wp\/v2\/pages\/9532","targetHints":{"allow":["GET"]}}],"collection":[{"href":"https:\/\/www.barnestest.com\/de\/wp-json\/wp\/v2\/pages"}],"about":[{"href":"https:\/\/www.barnestest.com\/de\/wp-json\/wp\/v2\/types\/page"}],"author":[{"embeddable":true,"href":"https:\/\/www.barnestest.com\/de\/wp-json\/wp\/v2\/users\/1"}],"replies":[{"embeddable":true,"href":"https:\/\/www.barnestest.com\/de\/wp-json\/wp\/v2\/comments?post=9532"}],"version-history":[{"count":2,"href":"https:\/\/www.barnestest.com\/de\/wp-json\/wp\/v2\/pages\/9532\/revisions"}],"predecessor-version":[{"id":38861,"href":"https:\/\/www.barnestest.com\/de\/wp-json\/wp\/v2\/pages\/9532\/revisions\/38861"}],"wp:attachment":[{"href":"https:\/\/www.barnestest.com\/de\/wp-json\/wp\/v2\/media?parent=9532"}],"curies":[{"name":"wp","href":"https:\/\/api.w.org\/{rel}","templated":true}]}}