{"id":9535,"date":"2022-12-27T17:53:55","date_gmt":"2022-12-27T17:53:55","guid":{"rendered":"https:\/\/www.barnestest.com\/emv-ausgabe\/"},"modified":"2023-01-12T11:51:52","modified_gmt":"2023-01-12T11:51:52","slug":"emv-ausgabe","status":"publish","type":"page","link":"https:\/\/www.barnestest.com\/de\/emv-ausgabe\/","title":{"rendered":"EMV Ausgabe"},"content":{"rendered":"<div class=\"wpb-content-wrapper\">[mk_page_section bg_color=&#8220;#6b7d92&#8243; bg_position=&#8220;right top&#8220; bg_repeat=&#8220;no-repeat&#8220; bg_stretch=&#8220;true&#8220; padding_top=&#8220;60&#8243; padding_bottom=&#8220;60&#8243; sidebar=&#8220;sidebar-1&#8243;][vc_column width=&#8220;8\/12&#8243;][mk_fancy_title tag_name=&#8220;h1&#8243; color=&#8220;#ffffff&#8220; size=&#8220;20&#8243; font_weight=&#8220;bold&#8220; margin_bottom=&#8220;0&#8243; font_family=&#8220;none&#8220; animation=&#8220;left-to-right&#8220;]EMV Ausgabe[\/mk_fancy_title][mk_fancy_title color=&#8220;#ffffff&#8220; size=&#8220;32&#8243; font_weight=&#8220;400&#8243; margin_bottom=&#8220;0&#8243; font_family=&#8220;none&#8220; animation=&#8220;fade-in&#8220;]Barnes kann Sie dabei unterst\u00fctzen, wenn Sie EMV-Token (Smartcards) an Ihre Kunden f\u00fcr eine Vielzahl von Anwendungen, sowohl im Finanz- als auch im Nicht-Finanzbereich ausgeben m\u00fcssen oder wenn Sie von Magnetstreifen auf Chip und Pin umstellen m\u00fcssen.[\/mk_fancy_title][vc_column_text el_class=&#8220;whitetext&#8220; css=&#8220;.vc_custom_1538663741026{margin-bottom: 0px !important;}&#8220;]<span style=\"font-size: 18px;\">Barnes bietet ein leistungsf\u00e4higes und hochentwickeltes Spektrum an Produkten, welche es Kartenherausgebern erm\u00f6glicht, Daten f\u00fcr die Personalisierung von Smartcards f\u00fcr eine Vielzahl von Anwendungen, sowohl im finanziellen als auch im nicht-finanziellen Bereich, herzustellen. Die wesentlichen Komponenten der Issuance-L\u00f6sung k\u00f6nnen auf verschiedene Weise kombiniert werden, um sowohl die Anforderungen an eine vollst\u00e4ndige innerbetriebliche (In-house) Kartenausgabe als auch an eine reine betriebsinterne Datenaufbereitung zu erf\u00fcllen. Die Komponenten lassen sich auch problemlos in bestehende Kartenverwaltungssysteme (CMS) von Kartenherausgebern und in Personalisierungssysteme integrieren, die das Drucken (oder Laden) solcher Informationen auf Smartcards erm\u00f6glichen.<br \/>\n<\/span>[\/vc_column_text][\/vc_column][vc_column width=&#8220;1\/12&#8243;][\/vc_column][vc_column width=&#8220;1\/4&#8243;][\/vc_column][\/mk_page_section][mk_page_section bg_color=&#8220;#345382&#8243; bg_position=&#8220;left center&#8220; padding_top=&#8220;60&#8243; padding_bottom=&#8220;60&#8243; sidebar=&#8220;sidebar-1&#8243;][vc_column width=&#8220;1\/6&#8243;][\/vc_column][vc_column width=&#8220;2\/3&#8243;][mk_fancy_title color=&#8220;#ffffff&#8220; size=&#8220;32&#8243; font_weight=&#8220;400&#8243; margin_bottom=&#8220;0&#8243; font_family=&#8220;none&#8220; animation=&#8220;fade-in&#8220;]Das P3 System[\/mk_fancy_title][vc_column_text el_class=&#8220;whitetext&#8220; css=&#8220;.vc_custom_1538663780964{margin-bottom: 0px !important;}&#8220;]<span style=\"font-size: 16px;\">P3 ist eine Komplettl\u00f6sung f\u00fcr die Datenaufbereitung, bestehend aus einer Windows-basierten Anwendung, die ein FIPS 140-2 Level 3 zugelassenes Hardware-Sicherheitsmodul verwendet. Es unterst\u00fctzt alle wichtigen Standard- und firmeneigenen Kartentypen, alle wichtigen Anwendungsstandards f\u00fcr Kartensysteme und mehrere leicht konfigurierbare Input (Pr\u00e4gung) und Ausgabedateiformate (EMV-angereichert).<\/span>[\/vc_column_text][mk_padding_divider size=&#8220;30&#8243;][vc_row_inner][vc_column_inner width=&#8220;1\/2&#8243;][mk_button dimension=&#8220;flat&#8220; corner_style=&#8220;full_rounded&#8220; size=&#8220;large&#8220; url=&#8220;\/emv\/p3\/&#8220; margin_bottom=&#8220;0&#8243; margin_right=&#8220;0&#8243; animation=&#8220;left-to-right&#8220; el_class=&#8220;o2c-periwinkle-dark-button&#8220; bg_color=&#8220;#ffffff&#8220; btn_hover_bg=&#8220;#eaedf1&#8243; text_color=&#8220;dark&#8220; btn_hover_txt_color=&#8220;#666666&#8243;]Mehr Informationen[\/mk_button][\/vc_column_inner][vc_column_inner width=&#8220;1\/2&#8243;][mk_button dimension=&#8220;flat&#8220; corner_style=&#8220;full_rounded&#8220; size=&#8220;large&#8220; url=&#8220;\/wp-content\/uploads\/barnes-smart-solutions-p3-11-21.pdf&#8220; target=&#8220;_blank&#8220; margin_bottom=&#8220;0&#8243; margin_right=&#8220;0&#8243; animation=&#8220;left-to-right&#8220; el_class=&#8220;o2c-periwinkle-dark-button&#8220; bg_color=&#8220;#ffffff&#8220; btn_hover_bg=&#8220;#eaedf1&#8243; text_color=&#8220;dark&#8220; btn_hover_txt_color=&#8220;#666666&#8243;]P3 System[\/mk_button][\/vc_column_inner][\/vc_row_inner][\/vc_column][vc_column width=&#8220;1\/6&#8243;][\/vc_column][\/mk_page_section][mk_page_section bg_color=&#8220;#0098db&#8220; el_class=&#8220;o2c-white-contact&#8220; sidebar=&#8220;sidebar-1&#8243;][vc_column width=&#8220;1\/12&#8243;][\/vc_column][vc_column width=&#8220;10\/12&#8243;][mk_padding_divider size=&#8220;65&#8243;][mk_fancy_title color=&#8220;#ffffff&#8220; size=&#8220;32&#8243; font_weight=&#8220;400&#8243; margin_bottom=&#8220;0&#8243; font_family=&#8220;none&#8220; align=&#8220;center&#8220; animation=&#8220;fade-in&#8220;]M\u00f6chten Sie mehr erfahren?[\/mk_fancy_title][mk_padding_divider size=&#8220;30&#8243;]\n<div class=\"wpcf7 no-js\" id=\"wpcf7-f8241-o1\" lang=\"en-US\" dir=\"ltr\" data-wpcf7-id=\"8241\">\n<div class=\"screen-reader-response\"><p role=\"status\" aria-live=\"polite\" aria-atomic=\"true\"><\/p> <ul><\/ul><\/div>\n<form action=\"\/de\/wp-json\/wp\/v2\/pages\/9535#wpcf7-f8241-o1\" method=\"post\" class=\"wpcf7-form init\" aria-label=\"Contact form\" novalidate=\"novalidate\" data-status=\"init\">\n<fieldset class=\"hidden-fields-container\"><input type=\"hidden\" name=\"_wpcf7\" value=\"8241\" \/><input type=\"hidden\" name=\"_wpcf7_version\" value=\"6.1.5\" \/><input type=\"hidden\" name=\"_wpcf7_locale\" value=\"en_US\" \/><input type=\"hidden\" name=\"_wpcf7_unit_tag\" value=\"wpcf7-f8241-o1\" \/><input type=\"hidden\" name=\"_wpcf7_container_post\" value=\"0\" \/><input type=\"hidden\" name=\"_wpcf7_posted_data_hash\" value=\"\" \/><input type=\"hidden\" name=\"_wpcf7_recaptcha_response\" value=\"\" \/>\n<\/fieldset>\n<div class=\"o2c-fullwidth\">\n\t<div class=\"o2c-break1\">\n\t\t<p><span class=\"wpcf7-form-control-wrap\" data-name=\"full-name\"><input size=\"40\" maxlength=\"400\" class=\"wpcf7-form-control wpcf7-text wpcf7-validates-as-required o2c-text-field\" aria-required=\"true\" aria-invalid=\"false\" placeholder=\"Vollst\u00e4ndiger Name\" value=\"\" type=\"text\" name=\"full-name\" \/><\/span><br \/>\n<span class=\"wpcf7-form-control-wrap\" data-name=\"company-name\"><input size=\"40\" maxlength=\"400\" class=\"wpcf7-form-control wpcf7-text wpcf7-validates-as-required o2c-text-field\" aria-required=\"true\" aria-invalid=\"false\" placeholder=\"Unternehmen\" value=\"\" type=\"text\" name=\"company-name\" \/><\/span><br \/>\n<span class=\"wpcf7-form-control-wrap\" data-name=\"customer-email\"><input size=\"40\" maxlength=\"400\" class=\"wpcf7-form-control wpcf7-email wpcf7-validates-as-required wpcf7-text wpcf7-validates-as-email o2c-email-field\" aria-required=\"true\" aria-invalid=\"false\" placeholder=\"Email\" value=\"\" type=\"email\" name=\"customer-email\" \/><\/span><br \/>\n<span class=\"wpcf7-form-control-wrap\" data-name=\"customer-telephone\"><input size=\"40\" maxlength=\"400\" class=\"wpcf7-form-control wpcf7-tel wpcf7-text wpcf7-validates-as-tel o2c-text-field\" aria-invalid=\"false\" placeholder=\"Telefon\" value=\"\" type=\"tel\" name=\"customer-telephone\" \/><\/span><br \/>\n\t\t<span class=\"wpcf7-form-control-wrap recaptcha\" data-name=\"recaptcha\"><span data-sitekey=\"6LfV16QUAAAAAAoDHi55y8SiR8vm8sVeBlZMDHpb\" class=\"wpcf7-form-control wpcf7-recaptcha g-recaptcha\"><\/span>\r\n<noscript>\r\n\t<div class=\"grecaptcha-noscript\">\r\n\t\t<iframe src=\"https:\/\/www.google.com\/recaptcha\/api\/fallback?k=6LfV16QUAAAAAAoDHi55y8SiR8vm8sVeBlZMDHpb\" frameborder=\"0\" scrolling=\"no\" width=\"310\" height=\"430\">\r\n\t\t<\/iframe>\r\n\t\t<textarea name=\"g-recaptcha-response\" rows=\"3\" cols=\"40\" placeholder=\"reCaptcha Response Here\">\r\n\t\t<\/textarea>\r\n\t<\/div>\r\n<\/noscript>\r\n<\/span>\n\t\t<\/p>\n\t<\/div>\n\t<div class=\"o2c-break2\">\n\t\t<p><span class=\"wpcf7-form-control-wrap\" data-name=\"customer-query\"><textarea cols=\"40\" rows=\"10\" maxlength=\"2000\" class=\"wpcf7-form-control wpcf7-textarea o2c-text-area\" aria-invalid=\"false\" placeholder=\"Anfrage\" name=\"customer-query\"><\/textarea><\/span>\n\t\t<\/p>\n\t\t<div class=\"o2c-subscribe\">\n\t\t\t<p><span class=\"wpcf7-form-control-wrap\" data-name=\"checkbox-21\"><span class=\"wpcf7-form-control wpcf7-checkbox\"><span class=\"wpcf7-list-item first last\"><input type=\"checkbox\" name=\"checkbox-21[]\" value=\"Updates abonnieren\" \/><span class=\"wpcf7-list-item-label\">Updates abonnieren<\/span><\/span><\/span><\/span><br \/>\n<input class=\"wpcf7-form-control wpcf7-submit has-spinner o2c-submit\" type=\"submit\" value=\"Senden\" \/>\n\t\t\t<\/p>\n\t\t<\/div>\n\t<\/div>\n<\/div>\n<div class=\"gdpr-text-contact\">\n\t<p>In diesem Formular werden Ihr Name, Ihre E-Mail Adresse und Ihre Telefonnummer erfasst, damit wir in Bezug auf Ihre Anfrage in Kontakt bleiben k\u00f6nnen. Weitere Informationen \u00fcber den Schutz und die Verwaltung dieser Daten finden Sie in unserer Datenschutzerkl\u00e4rung.\n\t<\/p>\n\t<div class=\"gpdr-tick-box-contact\">\n\t\t<p><span class=\"wpcf7-form-control-wrap\" data-name=\"GDPR\"><span class=\"wpcf7-form-control wpcf7-checkbox wpcf7-validates-as-required\"><span class=\"wpcf7-list-item first last\"><input type=\"checkbox\" name=\"GDPR[]\" value=\"Ich bin damit einverstanden, dass Barnes International meine Daten erfasst.\" \/><span class=\"wpcf7-list-item-label\">Ich bin damit einverstanden, dass Barnes International meine Daten erfasst.<\/span><\/span><\/span><\/span>\n\t\t<\/p>\n\t<\/div>\n<\/div><div class=\"wpcf7-response-output\" aria-hidden=\"true\"><\/div>\n<\/form>\n<\/div>\n[mk_padding_divider size=&#8220;65&#8243;][\/vc_column][vc_column width=&#8220;1\/12&#8243;][\/vc_column][\/mk_page_section]\n<\/div>","protected":false},"excerpt":{"rendered":"<p>[mk_page_section bg_color=&#8220;#6b7d92&#8243; bg_position=&#8220;right top&#8220; bg_repeat=&#8220;no-repeat&#8220; bg_stretch=&#8220;true&#8220; padding_top=&#8220;60&#8243; padding_bottom=&#8220;60&#8243; sidebar=&#8220;sidebar-1&#8243;][vc_column width=&#8220;8\/12&#8243;][mk_fancy_title tag_name=&#8220;h1&#8243; color=&#8220;#ffffff&#8220; size=&#8220;20&#8243; font_weight=&#8220;bold&#8220; margin_bottom=&#8220;0&#8243; font_family=&#8220;none&#8220; animation=&#8220;left-to-right&#8220;]EMV Ausgabe[\/mk_fancy_title][mk_fancy_title color=&#8220;#ffffff&#8220; size=&#8220;32&#8243; font_weight=&#8220;400&#8243; margin_bottom=&#8220;0&#8243; font_family=&#8220;none&#8220; animation=&#8220;fade-in&#8220;]Barnes kann Sie dabei unterst\u00fctzen, wenn Sie EMV-Token (Smartcards) an Ihre Kunden f\u00fcr eine Vielzahl von Anwendungen, sowohl im Finanz- als auch im Nicht-Finanzbereich ausgeben m\u00fcssen oder wenn Sie von Magnetstreifen auf [&hellip;]<\/p>\n","protected":false},"author":1,"featured_media":0,"parent":0,"menu_order":0,"comment_status":"closed","ping_status":"closed","template":"","meta":{"footnotes":""},"class_list":["post-9535","page","type-page","status-publish","hentry"],"yoast_head":"<!-- This site is optimized with the Yoast SEO plugin v27.3 - https:\/\/yoast.com\/product\/yoast-seo-wordpress\/ -->\n<title>EMV Ausgabe | Barnes Test Solutions<\/title>\n<meta name=\"description\" content=\"Barnes entwickelt die Werkzeuge, die Kartenaussteller ben\u00f6tigen, um Chipkarten f\u00fcr die Personalisierung vorzubereiten. Erfahren Sie hier mehr \u00fcber unsere EMV Issuing L\u00f6sung.\" \/>\n<meta name=\"robots\" content=\"index, follow, max-snippet:-1, max-image-preview:large, max-video-preview:-1\" \/>\n<link rel=\"canonical\" href=\"https:\/\/www.barnestest.com\/de\/emv-ausgabe\/\" \/>\n<meta property=\"og:locale\" content=\"de_DE\" \/>\n<meta property=\"og:type\" content=\"article\" \/>\n<meta property=\"og:title\" content=\"EMV Ausgabe | Barnes Test Solutions\" \/>\n<meta property=\"og:description\" content=\"Barnes entwickelt die Werkzeuge, die Kartenaussteller ben\u00f6tigen, um Chipkarten f\u00fcr die Personalisierung vorzubereiten. Erfahren Sie hier mehr \u00fcber unsere EMV Issuing L\u00f6sung.\" \/>\n<meta property=\"og:url\" content=\"https:\/\/www.barnestest.com\/de\/emv-ausgabe\/\" \/>\n<meta property=\"og:site_name\" content=\"Barnes International\" \/>\n<meta property=\"article:modified_time\" content=\"2023-01-12T11:51:52+00:00\" \/>\n<meta property=\"og:image\" content=\"https:\/\/www.barnestest.com\/wp-content\/uploads\/barnes-logo.png\" \/>\n\t<meta property=\"og:image:width\" content=\"183\" \/>\n\t<meta property=\"og:image:height\" content=\"43\" \/>\n\t<meta property=\"og:image:type\" content=\"image\/png\" \/>\n<meta name=\"twitter:card\" content=\"summary_large_image\" \/>\n<meta name=\"twitter:site\" content=\"@barnes_test\" \/>\n<meta name=\"twitter:label1\" content=\"Gesch\u00e4tzte Lesezeit\" \/>\n\t<meta name=\"twitter:data1\" content=\"2\u00a0Minute\" \/>\n<script type=\"application\/ld+json\" class=\"yoast-schema-graph\">{\"@context\":\"https:\\\/\\\/schema.org\",\"@graph\":[{\"@type\":\"WebPage\",\"@id\":\"https:\\\/\\\/www.barnestest.com\\\/de\\\/emv-ausgabe\\\/\",\"url\":\"https:\\\/\\\/www.barnestest.com\\\/de\\\/emv-ausgabe\\\/\",\"name\":\"EMV Ausgabe | Barnes Test Solutions\",\"isPartOf\":{\"@id\":\"https:\\\/\\\/www.barnestest.com\\\/de\\\/#website\"},\"datePublished\":\"2022-12-27T17:53:55+00:00\",\"dateModified\":\"2023-01-12T11:51:52+00:00\",\"description\":\"Barnes entwickelt die Werkzeuge, die Kartenaussteller ben\u00f6tigen, um Chipkarten f\u00fcr die Personalisierung vorzubereiten. Erfahren Sie hier mehr \u00fcber unsere EMV Issuing L\u00f6sung.\",\"breadcrumb\":{\"@id\":\"https:\\\/\\\/www.barnestest.com\\\/de\\\/emv-ausgabe\\\/#breadcrumb\"},\"inLanguage\":\"de\",\"potentialAction\":[{\"@type\":\"ReadAction\",\"target\":[\"https:\\\/\\\/www.barnestest.com\\\/de\\\/emv-ausgabe\\\/\"]}]},{\"@type\":\"BreadcrumbList\",\"@id\":\"https:\\\/\\\/www.barnestest.com\\\/de\\\/emv-ausgabe\\\/#breadcrumb\",\"itemListElement\":[{\"@type\":\"ListItem\",\"position\":1,\"name\":\"Home\",\"item\":\"https:\\\/\\\/www.barnestest.com\\\/de\\\/\"},{\"@type\":\"ListItem\",\"position\":2,\"name\":\"EMV Ausgabe\"}]},{\"@type\":\"WebSite\",\"@id\":\"https:\\\/\\\/www.barnestest.com\\\/de\\\/#website\",\"url\":\"https:\\\/\\\/www.barnestest.com\\\/de\\\/\",\"name\":\"Barnes International\",\"description\":\"a leading provider of magnetic stripe and EMV test tools, training and consulting\",\"publisher\":{\"@id\":\"https:\\\/\\\/www.barnestest.com\\\/de\\\/#organization\"},\"potentialAction\":[{\"@type\":\"SearchAction\",\"target\":{\"@type\":\"EntryPoint\",\"urlTemplate\":\"https:\\\/\\\/www.barnestest.com\\\/de\\\/?s={search_term_string}\"},\"query-input\":{\"@type\":\"PropertyValueSpecification\",\"valueRequired\":true,\"valueName\":\"search_term_string\"}}],\"inLanguage\":\"de\"},{\"@type\":\"Organization\",\"@id\":\"https:\\\/\\\/www.barnestest.com\\\/de\\\/#organization\",\"name\":\"Barnes International\",\"url\":\"https:\\\/\\\/www.barnestest.com\\\/de\\\/\",\"logo\":{\"@type\":\"ImageObject\",\"inLanguage\":\"de\",\"@id\":\"https:\\\/\\\/www.barnestest.com\\\/de\\\/#\\\/schema\\\/logo\\\/image\\\/\",\"url\":\"https:\\\/\\\/www.barnestest.com\\\/wp-content\\\/uploads\\\/barnesinternationallogo_transparent.png\",\"contentUrl\":\"https:\\\/\\\/www.barnestest.com\\\/wp-content\\\/uploads\\\/barnesinternationallogo_transparent.png\",\"width\":1712,\"height\":484,\"caption\":\"Barnes International\"},\"image\":{\"@id\":\"https:\\\/\\\/www.barnestest.com\\\/de\\\/#\\\/schema\\\/logo\\\/image\\\/\"},\"sameAs\":[\"https:\\\/\\\/x.com\\\/barnes_test\",\"https:\\\/\\\/www.linkedin.com\\\/company\\\/barnes-international-ltd\\\/\",\"https:\\\/\\\/www.youtube.com\\\/channel\\\/UC5_Lit5ykPemqDHnHda0bvw\"]}]}<\/script>\n<!-- \/ Yoast SEO plugin. -->","yoast_head_json":{"title":"EMV Ausgabe | Barnes Test Solutions","description":"Barnes entwickelt die Werkzeuge, die Kartenaussteller ben\u00f6tigen, um Chipkarten f\u00fcr die Personalisierung vorzubereiten. Erfahren Sie hier mehr \u00fcber unsere EMV Issuing L\u00f6sung.","robots":{"index":"index","follow":"follow","max-snippet":"max-snippet:-1","max-image-preview":"max-image-preview:large","max-video-preview":"max-video-preview:-1"},"canonical":"https:\/\/www.barnestest.com\/de\/emv-ausgabe\/","og_locale":"de_DE","og_type":"article","og_title":"EMV Ausgabe | Barnes Test Solutions","og_description":"Barnes entwickelt die Werkzeuge, die Kartenaussteller ben\u00f6tigen, um Chipkarten f\u00fcr die Personalisierung vorzubereiten. Erfahren Sie hier mehr \u00fcber unsere EMV Issuing L\u00f6sung.","og_url":"https:\/\/www.barnestest.com\/de\/emv-ausgabe\/","og_site_name":"Barnes International","article_modified_time":"2023-01-12T11:51:52+00:00","og_image":[{"width":183,"height":43,"url":"https:\/\/www.barnestest.com\/wp-content\/uploads\/barnes-logo.png","type":"image\/png"}],"twitter_card":"summary_large_image","twitter_site":"@barnes_test","twitter_misc":{"Gesch\u00e4tzte Lesezeit":"2\u00a0Minute"},"schema":{"@context":"https:\/\/schema.org","@graph":[{"@type":"WebPage","@id":"https:\/\/www.barnestest.com\/de\/emv-ausgabe\/","url":"https:\/\/www.barnestest.com\/de\/emv-ausgabe\/","name":"EMV Ausgabe | Barnes Test Solutions","isPartOf":{"@id":"https:\/\/www.barnestest.com\/de\/#website"},"datePublished":"2022-12-27T17:53:55+00:00","dateModified":"2023-01-12T11:51:52+00:00","description":"Barnes entwickelt die Werkzeuge, die Kartenaussteller ben\u00f6tigen, um Chipkarten f\u00fcr die Personalisierung vorzubereiten. Erfahren Sie hier mehr \u00fcber unsere EMV Issuing L\u00f6sung.","breadcrumb":{"@id":"https:\/\/www.barnestest.com\/de\/emv-ausgabe\/#breadcrumb"},"inLanguage":"de","potentialAction":[{"@type":"ReadAction","target":["https:\/\/www.barnestest.com\/de\/emv-ausgabe\/"]}]},{"@type":"BreadcrumbList","@id":"https:\/\/www.barnestest.com\/de\/emv-ausgabe\/#breadcrumb","itemListElement":[{"@type":"ListItem","position":1,"name":"Home","item":"https:\/\/www.barnestest.com\/de\/"},{"@type":"ListItem","position":2,"name":"EMV Ausgabe"}]},{"@type":"WebSite","@id":"https:\/\/www.barnestest.com\/de\/#website","url":"https:\/\/www.barnestest.com\/de\/","name":"Barnes International","description":"a leading provider of magnetic stripe and EMV test tools, training and consulting","publisher":{"@id":"https:\/\/www.barnestest.com\/de\/#organization"},"potentialAction":[{"@type":"SearchAction","target":{"@type":"EntryPoint","urlTemplate":"https:\/\/www.barnestest.com\/de\/?s={search_term_string}"},"query-input":{"@type":"PropertyValueSpecification","valueRequired":true,"valueName":"search_term_string"}}],"inLanguage":"de"},{"@type":"Organization","@id":"https:\/\/www.barnestest.com\/de\/#organization","name":"Barnes International","url":"https:\/\/www.barnestest.com\/de\/","logo":{"@type":"ImageObject","inLanguage":"de","@id":"https:\/\/www.barnestest.com\/de\/#\/schema\/logo\/image\/","url":"https:\/\/www.barnestest.com\/wp-content\/uploads\/barnesinternationallogo_transparent.png","contentUrl":"https:\/\/www.barnestest.com\/wp-content\/uploads\/barnesinternationallogo_transparent.png","width":1712,"height":484,"caption":"Barnes International"},"image":{"@id":"https:\/\/www.barnestest.com\/de\/#\/schema\/logo\/image\/"},"sameAs":["https:\/\/x.com\/barnes_test","https:\/\/www.linkedin.com\/company\/barnes-international-ltd\/","https:\/\/www.youtube.com\/channel\/UC5_Lit5ykPemqDHnHda0bvw"]}]}},"_links":{"self":[{"href":"https:\/\/www.barnestest.com\/de\/wp-json\/wp\/v2\/pages\/9535","targetHints":{"allow":["GET"]}}],"collection":[{"href":"https:\/\/www.barnestest.com\/de\/wp-json\/wp\/v2\/pages"}],"about":[{"href":"https:\/\/www.barnestest.com\/de\/wp-json\/wp\/v2\/types\/page"}],"author":[{"embeddable":true,"href":"https:\/\/www.barnestest.com\/de\/wp-json\/wp\/v2\/users\/1"}],"replies":[{"embeddable":true,"href":"https:\/\/www.barnestest.com\/de\/wp-json\/wp\/v2\/comments?post=9535"}],"version-history":[{"count":0,"href":"https:\/\/www.barnestest.com\/de\/wp-json\/wp\/v2\/pages\/9535\/revisions"}],"wp:attachment":[{"href":"https:\/\/www.barnestest.com\/de\/wp-json\/wp\/v2\/media?parent=9535"}],"curies":[{"name":"wp","href":"https:\/\/api.w.org\/{rel}","templated":true}]}}