{"id":9545,"date":"2022-12-29T20:03:14","date_gmt":"2022-12-29T20:03:14","guid":{"rendered":"https:\/\/www.barnestest.com\/maerkte\/hersteller-von-annahmegeraeten\/"},"modified":"2025-12-17T12:08:31","modified_gmt":"2025-12-17T12:08:31","slug":"hersteller-von-annahmegeraeten","status":"publish","type":"page","link":"https:\/\/www.barnestest.com\/de\/maerkte\/hersteller-von-annahmegeraeten\/","title":{"rendered":"Hersteller von Annahmeger\u00e4ten"},"content":{"rendered":"<div class=\"wpb-content-wrapper\">[mk_page_section bg_image=&#8220;https:\/\/www.barnestest.com\/wp-content\/uploads\/acceptance-device-manufacturers-bg.jpg&#8220; bg_position=&#8220;center top&#8220; bg_repeat=&#8220;no-repeat&#8220; bg_stretch=&#8220;true&#8220; padding_top=&#8220;60&#8243; padding_bottom=&#8220;60&#8243; sidebar=&#8220;sidebar-1&#8243;][vc_column width=&#8220;8\/12&#8243;][mk_fancy_title tag_name=&#8220;h1&#8243; color=&#8220;#25334b&#8220; size=&#8220;20&#8243; font_weight=&#8220;bold&#8220; margin_bottom=&#8220;0&#8243; font_family=&#8220;none&#8220; animation=&#8220;left-to-right&#8220;]Hersteller von Annahmeger\u00e4ten[\/mk_fancy_title][mk_fancy_title color=&#8220;#25334b&#8220; size=&#8220;32&#8243; font_weight=&#8220;400&#8243; margin_bottom=&#8220;0&#8243; font_family=&#8220;none&#8220; animation=&#8220;fade-in&#8220;]Bieten Sie Ihren Kunden das beste<br \/>\nZahlungserlebnis, das sie verdienen<br \/>\n[\/mk_fancy_title][vc_column_text css=&#8220;.vc_custom_1538564305940{margin-bottom: 0px !important;}&#8220;]<span style=\"font-size: 18px;\">Da der mobile Zahlungsverkehr immer mehr in den Mittelpunkt r\u00fcckt und Bargeld und Karten in Zukunft ersetzen werden, ist es von besonderer Wichtigkeit, dass alle Akteure der mobilen Zahlungsinfrastruktur zusammenarbeiten, damit dem Kunden ein einwandfreies Angebot zur Verf\u00fcgung steht. Das bedeutet, dass Mobiltelefone vor der Markteinf\u00fchrung umfassend getestet werden m\u00fcssen, um sicherzustellen, dass sie den globalen Standards entsprechen.<\/span>[\/vc_column_text][\/vc_column][vc_column width=&#8220;1\/12&#8243;][\/vc_column][vc_column width=&#8220;1\/4&#8243;][\/vc_column][\/mk_page_section][mk_page_section bg_color=&#8220;#9ca5b9&#8243; bg_position=&#8220;left center&#8220; padding_top=&#8220;60&#8243; padding_bottom=&#8220;60&#8243; sidebar=&#8220;sidebar-1&#8243;][vc_column width=&#8220;1\/6&#8243;][\/vc_column][vc_column width=&#8220;2\/3&#8243;][mk_fancy_title color=&#8220;#ffffff&#8220; size=&#8220;32&#8243; font_weight=&#8220;400&#8243; margin_bottom=&#8220;0&#8243; font_family=&#8220;none&#8220; animation=&#8220;fade-in&#8220;]Gew\u00e4hrleistung von Interoperabilit\u00e4t &#8211; unabh\u00e4ngig vom Ger\u00e4t<br \/>\nund vom Standort, an dem die Zahlung beantragt wird[\/mk_fancy_title][vc_column_text el_class=&#8220;whitetext&#8220; css=&#8220;.vc_custom_1538564343724{margin-bottom: 0px !important;}&#8220;]<span style=\"font-size: 16px;\">Unabh\u00e4ngig vom Annahmeger\u00e4t und vom Standort der Zahlung m\u00fcssen die Hersteller sicher gehen, dass das Zahlungssystem wie erwartet funktioniert. Das Barnes Chip Card and Terminal Communication Testger\u00e4t wird von Herstellern der Annahmeger\u00e4te verwendet, um die Interoperabilit\u00e4t zwischen einer EMV-Karte oder einem mobilen Zahlungsger\u00e4t \u00fcber Kontaktschnittstellen zwischen Zahlungsannahmeger\u00e4ten zu validieren.<\/span>[\/vc_column_text][\/vc_column][vc_column width=&#8220;1\/6&#8243;][\/vc_column][\/mk_page_section][mk_page_section bg_color=&#8220;#efefef&#8220; sidebar=&#8220;sidebar-1&#8243;][vc_column][mk_padding_divider][mk_fancy_title color=&#8220;#012395&#8243; size=&#8220;45&#8243; font_weight=&#8220;300&#8243; margin_bottom=&#8220;0&#8243; font_family=&#8220;none&#8220; align=&#8220;center&#8220;]Barnes\u00b4empfohlende Produkte[\/mk_fancy_title][mk_padding_divider size=&#8220;45&#8243;][vc_row_inner el_class=&#8220;o2c-how&#8220;][vc_column_inner width=&#8220;1\/12&#8243;][\/vc_column_inner][vc_column_inner width=&#8220;1\/4&#8243;][mk_image_switch src_first=&#8220;https:\/\/www.barnestest.com\/wp-content\/uploads\/nfc-logo.png&#8220; src_second=&#8220;https:\/\/www.barnestest.com\/wp-content\/uploads\/nfc-logo-cadre.png&#8220; image_width=&#8220;180&#8243; image_height=&#8220;180&#8243; align=&#8220;center&#8220; margin_bottom=&#8220;0&#8243; animation=&#8220;left-to-right&#8220; link=&#8220;url:https%3A%2F%2Fwww.barnestest.com%2Ftest-tools%2Fnfc-mobile-payments%2F|title:dz%20card%2C%20Thailand||&#8220;][vc_custom_heading text=&#8220;NFC Mobile Zahlungen&#8220; font_container=&#8220;tag:p|font_size:14|text_align:center|color:%231b254f&#8220; use_theme_fonts=&#8220;yes&#8220; css_animation=&#8220;left-to-right&#8220; css=&#8220;.vc_custom_1631787186449{padding-top: 10px !important;padding-right: 10px !important;padding-left: 10px !important;}&#8220; link=&#8220;url:https%3A%2F%2Fwww.barnestest.com%2Fde%2Ftest-tools%2Fnfc-mobile-zahlungen%2F|title:NFC%20Mobile%20Zahlungen|&#8220;][\/vc_column_inner][vc_column_inner width=&#8220;1\/4&#8243;][mk_image_switch src_first=&#8220;https:\/\/www.barnestest.com\/wp-content\/uploads\/emv-trg-logo.png&#8220; src_second=&#8220;https:\/\/www.barnestest.com\/wp-content\/uploads\/emv-trg-logo-cadre.png&#8220; image_width=&#8220;180&#8243; image_height=&#8220;180&#8243; align=&#8220;center&#8220; margin_bottom=&#8220;0&#8243; animation=&#8220;right-to-left&#8220; link=&#8220;url:https%3A%2F%2Fwww.barnestest.com%2Fservices%2Femv-training%2F|title:EMV%20Training||&#8220;][vc_custom_heading text=&#8220;EMV Schulung&#8220; font_container=&#8220;tag:p|font_size:14|text_align:center|color:%231b254f&#8220; use_theme_fonts=&#8220;yes&#8220; css_animation=&#8220;right-to-left&#8220; css=&#8220;.vc_custom_1631787259533{padding-top: 10px !important;padding-right: 10px !important;padding-left: 10px !important;}&#8220; link=&#8220;url:https%3A%2F%2Fwww.barnestest.com%2Fde%2Fservices%2Femv-schulung%2F|title:EMV%20Schulung|&#8220;][\/vc_column_inner][vc_column_inner width=&#8220;1\/4&#8243;][mk_image_switch src_first=&#8220;https:\/\/www.barnestest.com\/wp-content\/uploads\/test-limit-cards-logo.png&#8220; src_second=&#8220;https:\/\/www.barnestest.com\/wp-content\/uploads\/test-limit-cards-logo-cadre.png&#8220; image_width=&#8220;180&#8243; image_height=&#8220;180&#8243; align=&#8220;center&#8220; margin_bottom=&#8220;0&#8243; animation=&#8220;right-to-left&#8220; link=&#8220;url:https%3A%2F%2Fwww.barnestest.com%2Ftest-tools%2Fmagnetic-stripe-cards%2F|title:Magnetic%20Stripe%20Test%20Cards||&#8220;][vc_custom_heading text=&#8220;Test-Limitkarten&#8220; font_container=&#8220;tag:p|font_size:14|text_align:center|color:%231b254f&#8220; use_theme_fonts=&#8220;yes&#8220; css_animation=&#8220;right-to-left&#8220; css=&#8220;.vc_custom_1631787641529{padding-top: 10px !important;padding-right: 10px !important;padding-left: 10px !important;}&#8220; link=&#8220;url:https%3A%2F%2Fwww.barnestest.com%2Fde%2Ftest-tools%2Fmagnetstreifen-testkarten%2F|title:Magnetstreifentestkarten|&#8220;][\/vc_column_inner][vc_column_inner width=&#8220;1\/6&#8243;][\/vc_column_inner][\/vc_row_inner][mk_padding_divider][\/vc_column][\/mk_page_section][mk_page_section][vc_column][mk_padding_divider][mk_fancy_title color=&#8220;#012395&#8243; size=&#8220;45&#8243; font_weight=&#8220;300&#8243; margin_bottom=&#8220;0&#8243; font_family=&#8220;none&#8220; align=&#8220;center&#8220;]Wie k\u00f6nnen wir Ihnen helfen?[\/mk_fancy_title][mk_padding_divider size=&#8220;45&#8243;][vc_row_inner el_class=&#8220;o2c-how&#8220;][vc_column_inner width=&#8220;1\/4&#8243;][\/vc_column_inner][vc_column_inner width=&#8220;1\/4&#8243;][mk_image_switch src_first=&#8220;https:\/\/www.barnestest.com\/wp-content\/uploads\/icon-payments-nocircle.png&#8220; src_second=&#8220;https:\/\/www.barnestest.com\/wp-content\/uploads\/icon-payments-circle.png&#8220; image_width=&#8220;105&#8243; image_height=&#8220;105&#8243; crop=&#8220;false&#8220; align=&#8220;center&#8220; margin_bottom=&#8220;0&#8243; animation=&#8220;left-to-right&#8220; link=&#8220;url:https%3A%2F%2Fwww.barnestest.com%2Ftest-tools%2Fnfc-mobile-payments%2F|||&#8220;][vc_custom_heading text=&#8220;EMV, NFC &amp; mobile Zahlungstests&#8220; font_container=&#8220;tag:p|font_size:14|text_align:center|color:%23744093&#8243; use_theme_fonts=&#8220;yes&#8220; css_animation=&#8220;left-to-right&#8220; css=&#8220;.vc_custom_1558525335335{padding-right: 10px !important;padding-left: 10px !important;}&#8220; link=&#8220;url:https%3A%2F%2Fwww.barnestest.com%2Fde%2Ftest-tools%2Fnfc-mobile-zahlungen%2F|&#8220;][\/vc_column_inner][vc_column_inner width=&#8220;1\/4&#8243;][mk_image_switch src_first=&#8220;https:\/\/www.barnestest.com\/wp-content\/uploads\/icon-training-nocircle.png&#8220; src_second=&#8220;https:\/\/www.barnestest.com\/wp-content\/uploads\/icon-training-circle.png&#8220; image_width=&#8220;105&#8243; image_height=&#8220;105&#8243; crop=&#8220;false&#8220; align=&#8220;center&#8220; margin_bottom=&#8220;0&#8243; animation=&#8220;right-to-left&#8220; link=&#8220;url:https%3A%2F%2Fwww.barnestest.com%2Fservices%2Femv-training%2F|||&#8220;][vc_custom_heading text=&#8220;EMV &amp; Magnetstreifen Schulung &amp; Weiterbildung&#8220; font_container=&#8220;tag:p|font_size:14|text_align:center|color:%23c966a1&#8243; use_theme_fonts=&#8220;yes&#8220; css_animation=&#8220;right-to-left&#8220; css=&#8220;.vc_custom_1558525347812{padding-right: 10px !important;padding-left: 10px !important;}&#8220; link=&#8220;url:https%3A%2F%2Fwww.barnestest.com%2Fde%2Fservices%2Femv-schulung%2F|&#8220;][\/vc_column_inner][vc_column_inner width=&#8220;1\/4&#8243;][\/vc_column_inner][\/vc_row_inner][mk_padding_divider][\/vc_column][\/mk_page_section][mk_page_section bg_color=&#8220;#0098db&#8220; el_class=&#8220;o2c-white-contact&#8220; sidebar=&#8220;sidebar-1&#8243;][vc_column width=&#8220;1\/12&#8243;][\/vc_column][vc_column width=&#8220;10\/12&#8243;][mk_padding_divider size=&#8220;65&#8243;][mk_fancy_title color=&#8220;#ffffff&#8220; size=&#8220;32&#8243; font_weight=&#8220;400&#8243; margin_bottom=&#8220;0&#8243; font_family=&#8220;none&#8220; align=&#8220;center&#8220; animation=&#8220;fade-in&#8220;]M\u00f6chten Sie mehr erfahren?[\/mk_fancy_title][mk_padding_divider size=&#8220;30&#8243;]\n<div class=\"wpcf7 no-js\" id=\"wpcf7-f141-o1\" lang=\"en-US\" dir=\"ltr\" data-wpcf7-id=\"141\">\n<div class=\"screen-reader-response\"><p role=\"status\" aria-live=\"polite\" aria-atomic=\"true\"><\/p> <ul><\/ul><\/div>\n<form action=\"\/de\/wp-json\/wp\/v2\/pages\/9545#wpcf7-f141-o1\" method=\"post\" class=\"wpcf7-form init\" aria-label=\"Contact form\" novalidate=\"novalidate\" data-status=\"init\">\n<fieldset class=\"hidden-fields-container\"><input type=\"hidden\" name=\"_wpcf7\" value=\"141\" \/><input type=\"hidden\" name=\"_wpcf7_version\" value=\"6.1.5\" \/><input type=\"hidden\" name=\"_wpcf7_locale\" value=\"en_US\" \/><input type=\"hidden\" name=\"_wpcf7_unit_tag\" value=\"wpcf7-f141-o1\" \/><input type=\"hidden\" name=\"_wpcf7_container_post\" value=\"0\" \/><input type=\"hidden\" name=\"_wpcf7_posted_data_hash\" value=\"\" \/><input type=\"hidden\" name=\"_wpcf7_recaptcha_response\" value=\"\" \/>\n<\/fieldset>\n<div class=\"o2c-fullwidth\">\n\t<div class=\"o2c-break1\">\n\t\t<p><span class=\"wpcf7-form-control-wrap\" data-name=\"full-name\"><input size=\"40\" maxlength=\"400\" class=\"wpcf7-form-control wpcf7-text wpcf7-validates-as-required o2c-text-field\" aria-required=\"true\" aria-invalid=\"false\" placeholder=\"Full Name\" value=\"\" type=\"text\" name=\"full-name\" \/><\/span><br \/>\n<span class=\"wpcf7-form-control-wrap\" data-name=\"company-name\"><input size=\"40\" maxlength=\"400\" class=\"wpcf7-form-control wpcf7-text wpcf7-validates-as-required o2c-text-field\" aria-required=\"true\" aria-invalid=\"false\" placeholder=\"Company\" value=\"\" type=\"text\" name=\"company-name\" \/><\/span><br \/>\n<span class=\"wpcf7-form-control-wrap\" data-name=\"customer-email\"><input size=\"40\" maxlength=\"400\" class=\"wpcf7-form-control wpcf7-email wpcf7-validates-as-required wpcf7-text wpcf7-validates-as-email o2c-email-field\" aria-required=\"true\" aria-invalid=\"false\" placeholder=\"Email\" value=\"\" type=\"email\" name=\"customer-email\" \/><\/span><br \/>\n<span class=\"wpcf7-form-control-wrap\" data-name=\"customer-telephone\"><input size=\"40\" maxlength=\"400\" class=\"wpcf7-form-control wpcf7-tel wpcf7-text wpcf7-validates-as-tel o2c-text-field\" aria-invalid=\"false\" placeholder=\"Telephone\" value=\"\" type=\"tel\" name=\"customer-telephone\" \/><\/span><br \/>\n\t\t<span class=\"wpcf7-form-control-wrap recaptcha\" data-name=\"recaptcha\"><span data-sitekey=\"6LfV16QUAAAAAAoDHi55y8SiR8vm8sVeBlZMDHpb\" class=\"wpcf7-form-control wpcf7-recaptcha g-recaptcha\"><\/span>\r\n<noscript>\r\n\t<div class=\"grecaptcha-noscript\">\r\n\t\t<iframe src=\"https:\/\/www.google.com\/recaptcha\/api\/fallback?k=6LfV16QUAAAAAAoDHi55y8SiR8vm8sVeBlZMDHpb\" frameborder=\"0\" scrolling=\"no\" width=\"310\" height=\"430\">\r\n\t\t<\/iframe>\r\n\t\t<textarea name=\"g-recaptcha-response\" rows=\"3\" cols=\"40\" placeholder=\"reCaptcha Response Here\">\r\n\t\t<\/textarea>\r\n\t<\/div>\r\n<\/noscript>\r\n<\/span>\n\t\t<\/p>\n\t<\/div>\n\t<div class=\"o2c-break2\">\n\t\t<p><span class=\"wpcf7-form-control-wrap\" data-name=\"customer-query\"><textarea cols=\"40\" rows=\"10\" maxlength=\"2000\" class=\"wpcf7-form-control wpcf7-textarea o2c-text-area\" aria-invalid=\"false\" placeholder=\"Query\" name=\"customer-query\"><\/textarea><\/span>\n\t\t<\/p>\n\t\t<div class=\"o2c-subscribe\">\n\t\t\t<p><span class=\"wpcf7-form-control-wrap\" data-name=\"checkbox-21\"><span class=\"wpcf7-form-control wpcf7-checkbox\"><span class=\"wpcf7-list-item first last\"><input type=\"checkbox\" name=\"checkbox-21[]\" value=\"Subscribe to updates\" \/><span class=\"wpcf7-list-item-label\">Subscribe to updates<\/span><\/span><\/span><\/span><br \/>\n<input class=\"wpcf7-form-control wpcf7-submit has-spinner o2c-submit\" type=\"submit\" value=\"Send\" \/>\n\t\t\t<\/p>\n\t\t<\/div>\n\t<\/div>\n<\/div>\n<div class=\"gdpr-text-contact\">\n\t<p>This form collects your name, email and telephone number so that we can keep in contact with you regarding your enquiry. Our <a href=\"\/privacy-policy\/\">Privacy Policy<\/a> will provide further information on how this data is protected and managed.\n\t<\/p>\n\t<div class=\"gpdr-tick-box-contact\">\n\t\t<p><span class=\"wpcf7-form-control-wrap\" data-name=\"GDPR\"><span class=\"wpcf7-form-control wpcf7-checkbox wpcf7-validates-as-required\"><span class=\"wpcf7-list-item first last\"><input type=\"checkbox\" name=\"GDPR[]\" value=\"I consent to having Barnes International collect my data.\" \/><span class=\"wpcf7-list-item-label\">I consent to having Barnes International collect my data.<\/span><\/span><\/span><\/span>\n\t\t<\/p>\n\t<\/div>\n<\/div><div class=\"wpcf7-response-output\" aria-hidden=\"true\"><\/div>\n<\/form>\n<\/div>\n[mk_padding_divider size=&#8220;65&#8243;][\/vc_column][vc_column width=&#8220;1\/12&#8243;][\/vc_column][\/mk_page_section]\n<\/div>","protected":false},"excerpt":{"rendered":"<p>[mk_page_section bg_image=&#8220;https:\/\/www.barnestest.com\/wp-content\/uploads\/acceptance-device-manufacturers-bg.jpg&#8220; bg_position=&#8220;center top&#8220; bg_repeat=&#8220;no-repeat&#8220; bg_stretch=&#8220;true&#8220; padding_top=&#8220;60&#8243; padding_bottom=&#8220;60&#8243; sidebar=&#8220;sidebar-1&#8243;][vc_column width=&#8220;8\/12&#8243;][mk_fancy_title tag_name=&#8220;h1&#8243; color=&#8220;#25334b&#8220; size=&#8220;20&#8243; font_weight=&#8220;bold&#8220; margin_bottom=&#8220;0&#8243; font_family=&#8220;none&#8220; animation=&#8220;left-to-right&#8220;]Hersteller von Annahmeger\u00e4ten[\/mk_fancy_title][mk_fancy_title color=&#8220;#25334b&#8220; size=&#8220;32&#8243; font_weight=&#8220;400&#8243; margin_bottom=&#8220;0&#8243; font_family=&#8220;none&#8220; animation=&#8220;fade-in&#8220;]Bieten Sie Ihren Kunden das beste Zahlungserlebnis, das sie verdienen [\/mk_fancy_title][vc_column_text css=&#8220;.vc_custom_1538564305940{margin-bottom: 0px !important;}&#8220;]Da der mobile Zahlungsverkehr immer mehr in den Mittelpunkt r\u00fcckt und Bargeld und Karten in Zukunft ersetzen werden, [&hellip;]<\/p>\n","protected":false},"author":1,"featured_media":0,"parent":9542,"menu_order":0,"comment_status":"closed","ping_status":"closed","template":"","meta":{"footnotes":""},"class_list":["post-9545","page","type-page","status-publish","hentry"],"yoast_head":"<!-- This site is optimized with the Yoast SEO plugin v27.3 - https:\/\/yoast.com\/product\/yoast-seo-wordpress\/ -->\n<title>Hersteller von Annahmeger\u00e4ten | M\u00e4rkte | Barnes International Limited<\/title>\n<meta name=\"description\" content=\"Wir unterst\u00fctzen Hersteller von Annahmesystemen bei ihren EMV-, NFC- und mobilen Zahlungstests. Unsere weltweit eingesetzten Testl\u00f6sungen gew\u00e4hrleisten, dass Mobiltelefone vor ihrer Markteinf\u00fchrung umfassend getestet werden. Erfahren Sie hier mehr dar\u00fcber, wie wir Ihnen helfen k\u00f6nnen.\" \/>\n<meta name=\"robots\" content=\"index, follow, max-snippet:-1, max-image-preview:large, max-video-preview:-1\" \/>\n<link rel=\"canonical\" href=\"https:\/\/www.barnestest.com\/de\/maerkte\/hersteller-von-annahmegeraeten\/\" \/>\n<meta property=\"og:locale\" content=\"de_DE\" \/>\n<meta property=\"og:type\" content=\"article\" \/>\n<meta property=\"og:title\" content=\"Hersteller von Annahmeger\u00e4ten | M\u00e4rkte | Barnes International Limited\" \/>\n<meta property=\"og:description\" content=\"Wir unterst\u00fctzen Hersteller von Annahmesystemen bei ihren EMV-, NFC- und mobilen Zahlungstests. Unsere weltweit eingesetzten Testl\u00f6sungen gew\u00e4hrleisten, dass Mobiltelefone vor ihrer Markteinf\u00fchrung umfassend getestet werden. Erfahren Sie hier mehr dar\u00fcber, wie wir Ihnen helfen k\u00f6nnen.\" \/>\n<meta property=\"og:url\" content=\"https:\/\/www.barnestest.com\/de\/maerkte\/hersteller-von-annahmegeraeten\/\" \/>\n<meta property=\"og:site_name\" content=\"Barnes International\" \/>\n<meta property=\"article:modified_time\" content=\"2025-12-17T12:08:31+00:00\" \/>\n<meta property=\"og:image\" content=\"https:\/\/www.barnestest.com\/wp-content\/uploads\/barnes-logo.png\" \/>\n\t<meta property=\"og:image:width\" content=\"183\" \/>\n\t<meta property=\"og:image:height\" content=\"43\" \/>\n\t<meta property=\"og:image:type\" content=\"image\/png\" \/>\n<meta name=\"twitter:card\" content=\"summary_large_image\" \/>\n<meta name=\"twitter:site\" content=\"@barnes_test\" \/>\n<meta name=\"twitter:label1\" content=\"Gesch\u00e4tzte Lesezeit\" \/>\n\t<meta name=\"twitter:data1\" content=\"2\u00a0Minute\" \/>\n<script type=\"application\/ld+json\" class=\"yoast-schema-graph\">{\"@context\":\"https:\\\/\\\/schema.org\",\"@graph\":[{\"@type\":\"WebPage\",\"@id\":\"https:\\\/\\\/www.barnestest.com\\\/de\\\/maerkte\\\/hersteller-von-annahmegeraeten\\\/\",\"url\":\"https:\\\/\\\/www.barnestest.com\\\/de\\\/maerkte\\\/hersteller-von-annahmegeraeten\\\/\",\"name\":\"Hersteller von Annahmeger\u00e4ten | M\u00e4rkte | Barnes International Limited\",\"isPartOf\":{\"@id\":\"https:\\\/\\\/www.barnestest.com\\\/de\\\/#website\"},\"datePublished\":\"2022-12-29T20:03:14+00:00\",\"dateModified\":\"2025-12-17T12:08:31+00:00\",\"description\":\"Wir unterst\u00fctzen Hersteller von Annahmesystemen bei ihren EMV-, NFC- und mobilen Zahlungstests. Unsere weltweit eingesetzten Testl\u00f6sungen gew\u00e4hrleisten, dass Mobiltelefone vor ihrer Markteinf\u00fchrung umfassend getestet werden. Erfahren Sie hier mehr dar\u00fcber, wie wir Ihnen helfen k\u00f6nnen.\",\"breadcrumb\":{\"@id\":\"https:\\\/\\\/www.barnestest.com\\\/de\\\/maerkte\\\/hersteller-von-annahmegeraeten\\\/#breadcrumb\"},\"inLanguage\":\"de\",\"potentialAction\":[{\"@type\":\"ReadAction\",\"target\":[\"https:\\\/\\\/www.barnestest.com\\\/de\\\/maerkte\\\/hersteller-von-annahmegeraeten\\\/\"]}]},{\"@type\":\"BreadcrumbList\",\"@id\":\"https:\\\/\\\/www.barnestest.com\\\/de\\\/maerkte\\\/hersteller-von-annahmegeraeten\\\/#breadcrumb\",\"itemListElement\":[{\"@type\":\"ListItem\",\"position\":1,\"name\":\"Home\",\"item\":\"https:\\\/\\\/www.barnestest.com\\\/de\\\/\"},{\"@type\":\"ListItem\",\"position\":2,\"name\":\"M\u00e4rkte\",\"item\":\"https:\\\/\\\/www.barnestest.com\\\/de\\\/maerkte\\\/\"},{\"@type\":\"ListItem\",\"position\":3,\"name\":\"Hersteller von Annahmeger\u00e4ten\"}]},{\"@type\":\"WebSite\",\"@id\":\"https:\\\/\\\/www.barnestest.com\\\/de\\\/#website\",\"url\":\"https:\\\/\\\/www.barnestest.com\\\/de\\\/\",\"name\":\"Barnes International\",\"description\":\"a leading provider of magnetic stripe and EMV test tools, training and consulting\",\"publisher\":{\"@id\":\"https:\\\/\\\/www.barnestest.com\\\/de\\\/#organization\"},\"potentialAction\":[{\"@type\":\"SearchAction\",\"target\":{\"@type\":\"EntryPoint\",\"urlTemplate\":\"https:\\\/\\\/www.barnestest.com\\\/de\\\/?s={search_term_string}\"},\"query-input\":{\"@type\":\"PropertyValueSpecification\",\"valueRequired\":true,\"valueName\":\"search_term_string\"}}],\"inLanguage\":\"de\"},{\"@type\":\"Organization\",\"@id\":\"https:\\\/\\\/www.barnestest.com\\\/de\\\/#organization\",\"name\":\"Barnes International\",\"url\":\"https:\\\/\\\/www.barnestest.com\\\/de\\\/\",\"logo\":{\"@type\":\"ImageObject\",\"inLanguage\":\"de\",\"@id\":\"https:\\\/\\\/www.barnestest.com\\\/de\\\/#\\\/schema\\\/logo\\\/image\\\/\",\"url\":\"https:\\\/\\\/www.barnestest.com\\\/wp-content\\\/uploads\\\/barnesinternationallogo_transparent.png\",\"contentUrl\":\"https:\\\/\\\/www.barnestest.com\\\/wp-content\\\/uploads\\\/barnesinternationallogo_transparent.png\",\"width\":1712,\"height\":484,\"caption\":\"Barnes International\"},\"image\":{\"@id\":\"https:\\\/\\\/www.barnestest.com\\\/de\\\/#\\\/schema\\\/logo\\\/image\\\/\"},\"sameAs\":[\"https:\\\/\\\/x.com\\\/barnes_test\",\"https:\\\/\\\/www.linkedin.com\\\/company\\\/barnes-international-ltd\\\/\",\"https:\\\/\\\/www.youtube.com\\\/channel\\\/UC5_Lit5ykPemqDHnHda0bvw\"]}]}<\/script>\n<!-- \/ Yoast SEO plugin. -->","yoast_head_json":{"title":"Hersteller von Annahmeger\u00e4ten | M\u00e4rkte | Barnes International Limited","description":"Wir unterst\u00fctzen Hersteller von Annahmesystemen bei ihren EMV-, NFC- und mobilen Zahlungstests. Unsere weltweit eingesetzten Testl\u00f6sungen gew\u00e4hrleisten, dass Mobiltelefone vor ihrer Markteinf\u00fchrung umfassend getestet werden. Erfahren Sie hier mehr dar\u00fcber, wie wir Ihnen helfen k\u00f6nnen.","robots":{"index":"index","follow":"follow","max-snippet":"max-snippet:-1","max-image-preview":"max-image-preview:large","max-video-preview":"max-video-preview:-1"},"canonical":"https:\/\/www.barnestest.com\/de\/maerkte\/hersteller-von-annahmegeraeten\/","og_locale":"de_DE","og_type":"article","og_title":"Hersteller von Annahmeger\u00e4ten | M\u00e4rkte | Barnes International Limited","og_description":"Wir unterst\u00fctzen Hersteller von Annahmesystemen bei ihren EMV-, NFC- und mobilen Zahlungstests. Unsere weltweit eingesetzten Testl\u00f6sungen gew\u00e4hrleisten, dass Mobiltelefone vor ihrer Markteinf\u00fchrung umfassend getestet werden. Erfahren Sie hier mehr dar\u00fcber, wie wir Ihnen helfen k\u00f6nnen.","og_url":"https:\/\/www.barnestest.com\/de\/maerkte\/hersteller-von-annahmegeraeten\/","og_site_name":"Barnes International","article_modified_time":"2025-12-17T12:08:31+00:00","og_image":[{"width":183,"height":43,"url":"https:\/\/www.barnestest.com\/wp-content\/uploads\/barnes-logo.png","type":"image\/png"}],"twitter_card":"summary_large_image","twitter_site":"@barnes_test","twitter_misc":{"Gesch\u00e4tzte Lesezeit":"2\u00a0Minute"},"schema":{"@context":"https:\/\/schema.org","@graph":[{"@type":"WebPage","@id":"https:\/\/www.barnestest.com\/de\/maerkte\/hersteller-von-annahmegeraeten\/","url":"https:\/\/www.barnestest.com\/de\/maerkte\/hersteller-von-annahmegeraeten\/","name":"Hersteller von Annahmeger\u00e4ten | M\u00e4rkte | Barnes International Limited","isPartOf":{"@id":"https:\/\/www.barnestest.com\/de\/#website"},"datePublished":"2022-12-29T20:03:14+00:00","dateModified":"2025-12-17T12:08:31+00:00","description":"Wir unterst\u00fctzen Hersteller von Annahmesystemen bei ihren EMV-, NFC- und mobilen Zahlungstests. Unsere weltweit eingesetzten Testl\u00f6sungen gew\u00e4hrleisten, dass Mobiltelefone vor ihrer Markteinf\u00fchrung umfassend getestet werden. Erfahren Sie hier mehr dar\u00fcber, wie wir Ihnen helfen k\u00f6nnen.","breadcrumb":{"@id":"https:\/\/www.barnestest.com\/de\/maerkte\/hersteller-von-annahmegeraeten\/#breadcrumb"},"inLanguage":"de","potentialAction":[{"@type":"ReadAction","target":["https:\/\/www.barnestest.com\/de\/maerkte\/hersteller-von-annahmegeraeten\/"]}]},{"@type":"BreadcrumbList","@id":"https:\/\/www.barnestest.com\/de\/maerkte\/hersteller-von-annahmegeraeten\/#breadcrumb","itemListElement":[{"@type":"ListItem","position":1,"name":"Home","item":"https:\/\/www.barnestest.com\/de\/"},{"@type":"ListItem","position":2,"name":"M\u00e4rkte","item":"https:\/\/www.barnestest.com\/de\/maerkte\/"},{"@type":"ListItem","position":3,"name":"Hersteller von Annahmeger\u00e4ten"}]},{"@type":"WebSite","@id":"https:\/\/www.barnestest.com\/de\/#website","url":"https:\/\/www.barnestest.com\/de\/","name":"Barnes International","description":"a leading provider of magnetic stripe and EMV test tools, training and consulting","publisher":{"@id":"https:\/\/www.barnestest.com\/de\/#organization"},"potentialAction":[{"@type":"SearchAction","target":{"@type":"EntryPoint","urlTemplate":"https:\/\/www.barnestest.com\/de\/?s={search_term_string}"},"query-input":{"@type":"PropertyValueSpecification","valueRequired":true,"valueName":"search_term_string"}}],"inLanguage":"de"},{"@type":"Organization","@id":"https:\/\/www.barnestest.com\/de\/#organization","name":"Barnes International","url":"https:\/\/www.barnestest.com\/de\/","logo":{"@type":"ImageObject","inLanguage":"de","@id":"https:\/\/www.barnestest.com\/de\/#\/schema\/logo\/image\/","url":"https:\/\/www.barnestest.com\/wp-content\/uploads\/barnesinternationallogo_transparent.png","contentUrl":"https:\/\/www.barnestest.com\/wp-content\/uploads\/barnesinternationallogo_transparent.png","width":1712,"height":484,"caption":"Barnes International"},"image":{"@id":"https:\/\/www.barnestest.com\/de\/#\/schema\/logo\/image\/"},"sameAs":["https:\/\/x.com\/barnes_test","https:\/\/www.linkedin.com\/company\/barnes-international-ltd\/","https:\/\/www.youtube.com\/channel\/UC5_Lit5ykPemqDHnHda0bvw"]}]}},"_links":{"self":[{"href":"https:\/\/www.barnestest.com\/de\/wp-json\/wp\/v2\/pages\/9545","targetHints":{"allow":["GET"]}}],"collection":[{"href":"https:\/\/www.barnestest.com\/de\/wp-json\/wp\/v2\/pages"}],"about":[{"href":"https:\/\/www.barnestest.com\/de\/wp-json\/wp\/v2\/types\/page"}],"author":[{"embeddable":true,"href":"https:\/\/www.barnestest.com\/de\/wp-json\/wp\/v2\/users\/1"}],"replies":[{"embeddable":true,"href":"https:\/\/www.barnestest.com\/de\/wp-json\/wp\/v2\/comments?post=9545"}],"version-history":[{"count":4,"href":"https:\/\/www.barnestest.com\/de\/wp-json\/wp\/v2\/pages\/9545\/revisions"}],"predecessor-version":[{"id":38803,"href":"https:\/\/www.barnestest.com\/de\/wp-json\/wp\/v2\/pages\/9545\/revisions\/38803"}],"up":[{"embeddable":true,"href":"https:\/\/www.barnestest.com\/de\/wp-json\/wp\/v2\/pages\/9542"}],"wp:attachment":[{"href":"https:\/\/www.barnestest.com\/de\/wp-json\/wp\/v2\/media?parent=9545"}],"curies":[{"name":"wp","href":"https:\/\/api.w.org\/{rel}","templated":true}]}}