{"id":9611,"date":"2023-01-04T20:07:12","date_gmt":"2023-01-04T20:07:12","guid":{"rendered":"https:\/\/www.barnestest.com\/bedingungen-konditionen\/"},"modified":"2023-01-12T11:55:34","modified_gmt":"2023-01-12T11:55:34","slug":"bedingungen-konditionen","status":"publish","type":"page","link":"https:\/\/www.barnestest.com\/de\/bedingungen-konditionen\/","title":{"rendered":"Bedingungen &#038; Konditionen"},"content":{"rendered":"[mk_page_section bg_color=&#8220;#6b7d92&#8243; padding_top=&#8220;60&#8243; padding_bottom=&#8220;60&#8243; sidebar=&#8220;sidebar-1&#8243;][vc_column width=&#8220;8\/12&#8243;][mk_fancy_title tag_name=&#8220;h1&#8243; color=&#8220;#ffffff&#8220; size=&#8220;20&#8243; font_weight=&#8220;bold&#8220; margin_bottom=&#8220;0&#8243; font_family=&#8220;none&#8220; animation=&#8220;left-to-right&#8220;]Allgemeine Bedingungen &#038; Konditionen[\/mk_fancy_title][mk_fancy_title color=&#8220;#ffffff&#8220; size=&#8220;32&#8243; font_weight=&#8220;400&#8243; margin_bottom=&#8220;0&#8243; font_family=&#8220;none&#8220; animation=&#8220;fade-in&#8220;]Diese Bedingungen gelten f\u00fcr die Nutzung unserer Webseite[\/mk_fancy_title][vc_column_text el_class=&#8220;whitetext&#8220; css=&#8220;.vc_custom_1539182864253{margin-bottom: 0px !important;}&#8220;]<span style=\"font-size: 18px;\">Durch die Nutzung unserer Webseite erkl\u00e4ren Sie sich mit den Nutzungsbedingungen in vollem Umfang einverstanden. F\u00fcr weitere Informationen lesen Sie bitte den folgenden Abschnitt.<\/span>[\/vc_column_text][\/vc_column][vc_column width=&#8220;1\/12&#8243;][\/vc_column][vc_column width=&#8220;1\/4&#8243;][\/vc_column][\/mk_page_section][mk_page_section bg_color=&#8220;#ffffff&#8220; min_height=&#8220;0&#8243; padding_top=&#8220;60&#8243; padding_bottom=&#8220;60&#8243; sidebar=&#8220;sidebar-1&#8243;][vc_column][mk_fancy_title tag_name=&#8220;h3&#8243; color=&#8220;#764295&#8243; size=&#8220;32&#8243; font_weight=&#8220;400&#8243; margin_bottom=&#8220;0&#8243; font_family=&#8220;none&#8220; animation=&#8220;left-to-right&#8220;]Einleitung[\/mk_fancy_title][vc_column_text css=&#8220;.vc_custom_1539182942028{margin-bottom: 0px !important;}&#8220;]Die folgenden Bedingungen regeln die Nutzung unserer Webseite; durch die Nutzung unserer Webseite akzeptieren Sie diese Bedingungen in ihrer Gesamtheit. Wenn Sie mit einem Teil dieser Bedingungen nicht einverstanden sind, sollten Sie unsere Website nicht nutzen.[\/vc_column_text][mk_fancy_title tag_name=&#8220;h4&#8243; color=&#8220;#764295&#8243; size=&#8220;20&#8243; font_weight=&#8220;bold&#8220; margin_bottom=&#8220;0&#8243; font_family=&#8220;none&#8220; animation=&#8220;fade-in&#8220;]Geistige Eigentumsrechte[\/mk_fancy_title][vc_column_text css=&#8220;.vc_custom_1539182965858{margin-bottom: 0px !important;}&#8220;]Sofern nicht anders angegeben, sind wir oder unsere Lizenzgeber Eigent\u00fcmer der geistigen Eigentumsrechte an der Webseite und den Materialien auf der Webseite. Gem\u00e4\u00df der nachstehenden Lizenz sind alle Rechte an unserem geistigen Eigentum vorbehalten.[\/vc_column_text][mk_fancy_title tag_name=&#8220;h4&#8243; color=&#8220;#764295&#8243; size=&#8220;20&#8243; font_weight=&#8220;bold&#8220; margin_bottom=&#8220;0&#8243; font_family=&#8220;none&#8220; animation=&#8220;fade-in&#8220;]Lizenz zur Nutzung der Webseite[\/mk_fancy_title][vc_column_text css=&#8220;.vc_custom_1539183567984{margin-bottom: 0px !important;}&#8220;]Sie d\u00fcrfen die Seiten der Webseite ansehen, nur zu Caching-Zwecken herunterladen und ausdrucken, vorausgesetzt, dass;[\/vc_column_text][vc_column_text css=&#8220;.vc_custom_1539183579664{margin-bottom: 0px !important;}&#8220;]\n<ul>\n<li>Sie d\u00fcrfen kein Material von dieser Webseite neu ver\u00f6ffentlichen (einschlie\u00dflich Wiederver\u00f6ffentlichungen auf einer anderen Webseite) oder Material von dieser Webseite in einem \u00f6ffentlichen oder privaten elektronischen Abrufsystem reproduzieren oder speichern;<\/li>\n<li>Sie d\u00fcrfen das Material auf unserer Webseite ohne unsere ausdr\u00fcckliche schriftliche Zustimmung nicht reproduzieren, vervielf\u00e4ltigen, kopieren, verkaufen, weiterverkaufen, besuchen oder anderweitig f\u00fcr einen kommerziellen Zweck nutzen;<\/li>\n<li>Sie d\u00fcrfen kein Material auf der Webseite bearbeiten oder anderweitig ver\u00e4ndern.<\/li>\n<\/ul>\n[\/vc_column_text][mk_fancy_title tag_name=&#8220;h4&#8243; color=&#8220;#764295&#8243; size=&#8220;20&#8243; font_weight=&#8220;bold&#8220; margin_bottom=&#8220;0&#8243; font_family=&#8220;none&#8220; animation=&#8220;fade-in&#8220;]Haftungsbeschr\u00e4nkungen[\/mk_fancy_title][vc_column_text css=&#8220;.vc_custom_1539183613012{margin-bottom: 0px !important;}&#8220;]Die Informationen auf dieser Website werden kostenlos zur Verf\u00fcgung gestellt, und Sie akzeptieren, dass es unangemessen w\u00e4re, uns in Bezug auf diese Webseite und die Informationen auf dieser Webseite haftbar zu machen. Wir bem\u00fchen uns um die Richtigkeit der Informationen auf dieser Webseite, \u00fcbernehmen jedoch keine Gew\u00e4hr f\u00fcr deren Vollst\u00e4ndigkeit oder Richtigkeit und verpflichten uns auch nicht, daf\u00fcr zu sorgen, dass die Webseite verf\u00fcgbar bleibt oder dass das Material auf dieser Webseite auf dem neuesten Stand gehalten wird.<\/p>\n<p>Soweit es das geltende Recht zul\u00e4sst, schlie\u00dfen wir alle Zusicherungen, Garantien und Bedingungen aus (einschlie\u00dflich, aber nicht beschr\u00e4nkt auf die gesetzlich vorgeschriebenen Bedingungen der zufriedenstellenden Qualit\u00e4t, der Eignung f\u00fcr einen bestimmten Zweck und der Anwendung angemessener Sorgfalt und Sachkenntnis). Unsere Haftung ist auf das nach geltendem Recht maximal zul\u00e4ssige Ma\u00df beschr\u00e4nkt und ausgeschlossen. Wir haften nicht f\u00fcr unmittelbare, mittelbare oder Folgesch\u00e4den, die sich aus diesen Bedingungen oder in Verbindung mit unserer Webseite ergeben, unabh\u00e4ngig davon, ob diese aus unerlaubter Handlung, Vertrag oder anderweitig entstanden sind, einschlie\u00dflich, aber nicht beschr\u00e4nkt auf entgangenen Gewinn, Vertrag, Gesch\u00e4ft, Firmenwert, Daten, Einkommen, Einnahmen oder erwartete Einsparungen.[\/vc_column_text][mk_fancy_title tag_name=&#8220;h4&#8243; color=&#8220;#764295&#8243; size=&#8220;20&#8243; font_weight=&#8220;bold&#8220; margin_bottom=&#8220;0&#8243; font_family=&#8220;none&#8220; animation=&#8220;fade-in&#8220;]Abweichungen[\/mk_fancy_title][vc_column_text css=&#8220;.vc_custom_1539183643109{margin-bottom: 0px !important;}&#8220;]Wir k\u00f6nnen diese Bedingungen von Zeit zu Zeit \u00fcberarbeiten. Bitte \u00fcberpr\u00fcfen Sie diese Seite regelm\u00e4\u00dfig, um sicherzustellen, dass Sie mit der aktuellen Version vertraut sind.[\/vc_column_text][mk_fancy_title tag_name=&#8220;h4&#8243; color=&#8220;#764295&#8243; size=&#8220;20&#8243; font_weight=&#8220;bold&#8220; margin_bottom=&#8220;0&#8243; font_family=&#8220;none&#8220; animation=&#8220;fade-in&#8220;]Vollst\u00e4ndige Vereinbarung[\/mk_fancy_title][vc_column_text css=&#8220;.vc_custom_1539183665677{margin-bottom: 0px !important;}&#8220;]Diese Bedingungen bilden die gesamte Vereinbarung zwischen Ihnen und uns in Bezug auf Ihre Nutzung unserer Webseite und ersetzen alle fr\u00fcheren Vereinbarungen in Bezug auf Ihre Nutzung dieser Webseite.[\/vc_column_text][mk_fancy_title tag_name=&#8220;h4&#8243; color=&#8220;#764295&#8243; size=&#8220;20&#8243; font_weight=&#8220;bold&#8220; margin_bottom=&#8220;0&#8243; font_family=&#8220;none&#8220; animation=&#8220;fade-in&#8220;]Recht und Gerichtsstand[\/mk_fancy_title][vc_column_text css=&#8220;.vc_custom_1539183690621{margin-bottom: 0px !important;}&#8220;]Dieser Hinweis unterliegt englischem Recht und ist nach diesem auszulegen. F\u00fcr alle Streitigkeiten im Zusammenhang mit diesem Hinweis sind ausschlie\u00dflich die Gerichte in England zust\u00e4ndig.[\/vc_column_text][mk_fancy_title tag_name=&#8220;h4&#8243; color=&#8220;#764295&#8243; size=&#8220;20&#8243; font_weight=&#8220;bold&#8220; margin_bottom=&#8220;0&#8243; font_family=&#8220;none&#8220; animation=&#8220;fade-in&#8220;]Unsere Kontaktinformationen[\/mk_fancy_title][vc_column_text css=&#8220;.vc_custom_1539183731624{margin-bottom: 0px !important;}&#8220;]Der vollst\u00e4ndige Name unseres Unternehmens ist Barnes International Limited und unsere Adresse lautet Barnes International Limited, The Loft, St Clair&#8217;s Farm, Wickham Road, Droxford, Hampshire, SO32 3PW. Sie k\u00f6nnen uns per E-Mail unter der folgenden Adresse erreichen: <a href=\"mailto:info@barnestest.com\">info@barnestest.com<\/a>.[\/vc_column_text][\/vc_column][\/mk_page_section][mk_page_section bg_color=&#8220;#0098db&#8220; el_class=&#8220;o2c-white-contact&#8220; sidebar=&#8220;sidebar-1&#8243;][vc_column width=&#8220;1\/12&#8243;][\/vc_column][vc_column width=&#8220;10\/12&#8243;][mk_padding_divider size=&#8220;65&#8243;][mk_fancy_title color=&#8220;#ffffff&#8220; size=&#8220;32&#8243; font_weight=&#8220;400&#8243; margin_bottom=&#8220;0&#8243; font_family=&#8220;none&#8220; align=&#8220;center&#8220; animation=&#8220;fade-in&#8220;]M\u00f6chten Sie mehr erfahren?[\/mk_fancy_title][mk_padding_divider size=&#8220;30&#8243;]\n<div class=\"wpcf7 no-js\" id=\"wpcf7-f8241-o1\" lang=\"en-US\" dir=\"ltr\" data-wpcf7-id=\"8241\">\n<div class=\"screen-reader-response\"><p role=\"status\" aria-live=\"polite\" aria-atomic=\"true\"><\/p> <ul><\/ul><\/div>\n<form action=\"\/de\/wp-json\/wp\/v2\/pages\/9611#wpcf7-f8241-o1\" method=\"post\" class=\"wpcf7-form init\" aria-label=\"Contact form\" novalidate=\"novalidate\" data-status=\"init\">\n<fieldset class=\"hidden-fields-container\"><input type=\"hidden\" name=\"_wpcf7\" value=\"8241\" \/><input type=\"hidden\" name=\"_wpcf7_version\" value=\"6.1.5\" \/><input type=\"hidden\" name=\"_wpcf7_locale\" value=\"en_US\" \/><input type=\"hidden\" name=\"_wpcf7_unit_tag\" value=\"wpcf7-f8241-o1\" \/><input type=\"hidden\" name=\"_wpcf7_container_post\" value=\"0\" \/><input type=\"hidden\" name=\"_wpcf7_posted_data_hash\" value=\"\" \/><input type=\"hidden\" name=\"_wpcf7_recaptcha_response\" value=\"\" \/>\n<\/fieldset>\n<div class=\"o2c-fullwidth\">\n\t<div class=\"o2c-break1\">\n\t\t<p><span class=\"wpcf7-form-control-wrap\" data-name=\"full-name\"><input size=\"40\" maxlength=\"400\" class=\"wpcf7-form-control wpcf7-text wpcf7-validates-as-required o2c-text-field\" aria-required=\"true\" aria-invalid=\"false\" placeholder=\"Vollst\u00e4ndiger Name\" value=\"\" type=\"text\" name=\"full-name\" \/><\/span><br \/>\n<span class=\"wpcf7-form-control-wrap\" data-name=\"company-name\"><input size=\"40\" maxlength=\"400\" class=\"wpcf7-form-control wpcf7-text wpcf7-validates-as-required o2c-text-field\" aria-required=\"true\" aria-invalid=\"false\" placeholder=\"Unternehmen\" value=\"\" type=\"text\" name=\"company-name\" \/><\/span><br \/>\n<span class=\"wpcf7-form-control-wrap\" data-name=\"customer-email\"><input size=\"40\" maxlength=\"400\" class=\"wpcf7-form-control wpcf7-email wpcf7-validates-as-required wpcf7-text wpcf7-validates-as-email o2c-email-field\" aria-required=\"true\" aria-invalid=\"false\" placeholder=\"Email\" value=\"\" type=\"email\" name=\"customer-email\" \/><\/span><br \/>\n<span class=\"wpcf7-form-control-wrap\" data-name=\"customer-telephone\"><input size=\"40\" maxlength=\"400\" class=\"wpcf7-form-control wpcf7-tel wpcf7-text wpcf7-validates-as-tel o2c-text-field\" aria-invalid=\"false\" placeholder=\"Telefon\" value=\"\" type=\"tel\" name=\"customer-telephone\" \/><\/span><br \/>\n\t\t<span class=\"wpcf7-form-control-wrap recaptcha\" data-name=\"recaptcha\"><span data-sitekey=\"6LfV16QUAAAAAAoDHi55y8SiR8vm8sVeBlZMDHpb\" class=\"wpcf7-form-control wpcf7-recaptcha g-recaptcha\"><\/span>\r\n<noscript>\r\n\t<div class=\"grecaptcha-noscript\">\r\n\t\t<iframe src=\"https:\/\/www.google.com\/recaptcha\/api\/fallback?k=6LfV16QUAAAAAAoDHi55y8SiR8vm8sVeBlZMDHpb\" frameborder=\"0\" scrolling=\"no\" width=\"310\" height=\"430\">\r\n\t\t<\/iframe>\r\n\t\t<textarea name=\"g-recaptcha-response\" rows=\"3\" cols=\"40\" placeholder=\"reCaptcha Response Here\">\r\n\t\t<\/textarea>\r\n\t<\/div>\r\n<\/noscript>\r\n<\/span>\n\t\t<\/p>\n\t<\/div>\n\t<div class=\"o2c-break2\">\n\t\t<p><span class=\"wpcf7-form-control-wrap\" data-name=\"customer-query\"><textarea cols=\"40\" rows=\"10\" maxlength=\"2000\" class=\"wpcf7-form-control wpcf7-textarea o2c-text-area\" aria-invalid=\"false\" placeholder=\"Anfrage\" name=\"customer-query\"><\/textarea><\/span>\n\t\t<\/p>\n\t\t<div class=\"o2c-subscribe\">\n\t\t\t<p><span class=\"wpcf7-form-control-wrap\" data-name=\"checkbox-21\"><span class=\"wpcf7-form-control wpcf7-checkbox\"><span class=\"wpcf7-list-item first last\"><input type=\"checkbox\" name=\"checkbox-21[]\" value=\"Updates abonnieren\" \/><span class=\"wpcf7-list-item-label\">Updates abonnieren<\/span><\/span><\/span><\/span><br \/>\n<input class=\"wpcf7-form-control wpcf7-submit has-spinner o2c-submit\" type=\"submit\" value=\"Senden\" \/>\n\t\t\t<\/p>\n\t\t<\/div>\n\t<\/div>\n<\/div>\n<div class=\"gdpr-text-contact\">\n\t<p>In diesem Formular werden Ihr Name, Ihre E-Mail Adresse und Ihre Telefonnummer erfasst, damit wir in Bezug auf Ihre Anfrage in Kontakt bleiben k\u00f6nnen. Weitere Informationen \u00fcber den Schutz und die Verwaltung dieser Daten finden Sie in unserer Datenschutzerkl\u00e4rung.\n\t<\/p>\n\t<div class=\"gpdr-tick-box-contact\">\n\t\t<p><span class=\"wpcf7-form-control-wrap\" data-name=\"GDPR\"><span class=\"wpcf7-form-control wpcf7-checkbox wpcf7-validates-as-required\"><span class=\"wpcf7-list-item first last\"><input type=\"checkbox\" name=\"GDPR[]\" value=\"Ich bin damit einverstanden, dass Barnes International meine Daten erfasst.\" \/><span class=\"wpcf7-list-item-label\">Ich bin damit einverstanden, dass Barnes International meine Daten erfasst.<\/span><\/span><\/span><\/span>\n\t\t<\/p>\n\t<\/div>\n<\/div><div class=\"wpcf7-response-output\" aria-hidden=\"true\"><\/div>\n<\/form>\n<\/div>\n[mk_padding_divider size=&#8220;65&#8243;][\/vc_column][vc_column width=&#8220;1\/12&#8243;][\/vc_column][\/mk_page_section]\n","protected":false},"excerpt":{"rendered":"<p>[mk_page_section bg_color=&#8220;#6b7d92&#8243; padding_top=&#8220;60&#8243; padding_bottom=&#8220;60&#8243; sidebar=&#8220;sidebar-1&#8243;][vc_column width=&#8220;8\/12&#8243;][mk_fancy_title tag_name=&#8220;h1&#8243; color=&#8220;#ffffff&#8220; size=&#8220;20&#8243; font_weight=&#8220;bold&#8220; margin_bottom=&#8220;0&#8243; font_family=&#8220;none&#8220; animation=&#8220;left-to-right&#8220;]Allgemeine Bedingungen &#038; Konditionen[\/mk_fancy_title][mk_fancy_title color=&#8220;#ffffff&#8220; size=&#8220;32&#8243; font_weight=&#8220;400&#8243; margin_bottom=&#8220;0&#8243; font_family=&#8220;none&#8220; animation=&#8220;fade-in&#8220;]Diese Bedingungen gelten f\u00fcr die Nutzung unserer Webseite[\/mk_fancy_title][vc_column_text el_class=&#8220;whitetext&#8220; css=&#8220;.vc_custom_1539182864253{margin-bottom: 0px !important;}&#8220;]Durch die Nutzung unserer Webseite erkl\u00e4ren Sie sich mit den Nutzungsbedingungen in vollem Umfang einverstanden. F\u00fcr weitere Informationen lesen Sie bitte den folgenden [&hellip;]<\/p>\n","protected":false},"author":1,"featured_media":0,"parent":0,"menu_order":0,"comment_status":"closed","ping_status":"closed","template":"","meta":{"footnotes":""},"class_list":["post-9611","page","type-page","status-publish","hentry"],"yoast_head":"<!-- This site is optimized with the Yoast SEO plugin v27.3 - https:\/\/yoast.com\/product\/yoast-seo-wordpress\/ -->\n<title>Bedingungen &amp; Konditionen | Barnes International Limited<\/title>\n<meta name=\"description\" content=\"Die folgenden Bedingungen regeln die Nutzung unserer Webseite; durch die Nutzung unserer Webseite akzeptieren Sie diese Bedingungen in ihrer Gesamtheit. Wenn Sie mit einem Teil dieser Bedingungen nicht einverstanden sind, sollten Sie unsere Webseite nicht nutzen.\" \/>\n<meta name=\"robots\" content=\"index, follow, max-snippet:-1, max-image-preview:large, max-video-preview:-1\" \/>\n<link rel=\"canonical\" href=\"https:\/\/www.barnestest.com\/de\/bedingungen-konditionen\/\" \/>\n<meta property=\"og:locale\" content=\"de_DE\" \/>\n<meta property=\"og:type\" content=\"article\" \/>\n<meta property=\"og:title\" content=\"Bedingungen &amp; Konditionen | Barnes International Limited\" \/>\n<meta property=\"og:description\" content=\"Die folgenden Bedingungen regeln die Nutzung unserer Webseite; durch die Nutzung unserer Webseite akzeptieren Sie diese Bedingungen in ihrer Gesamtheit. Wenn Sie mit einem Teil dieser Bedingungen nicht einverstanden sind, sollten Sie unsere Webseite nicht nutzen.\" \/>\n<meta property=\"og:url\" content=\"https:\/\/www.barnestest.com\/de\/bedingungen-konditionen\/\" \/>\n<meta property=\"og:site_name\" content=\"Barnes International\" \/>\n<meta property=\"article:modified_time\" content=\"2023-01-12T11:55:34+00:00\" \/>\n<meta property=\"og:image\" content=\"https:\/\/www.barnestest.com\/wp-content\/uploads\/barnes-logo.png\" \/>\n\t<meta property=\"og:image:width\" content=\"183\" \/>\n\t<meta property=\"og:image:height\" content=\"43\" \/>\n\t<meta property=\"og:image:type\" content=\"image\/png\" \/>\n<meta name=\"twitter:card\" content=\"summary_large_image\" \/>\n<meta name=\"twitter:site\" content=\"@barnes_test\" \/>\n<meta name=\"twitter:label1\" content=\"Gesch\u00e4tzte Lesezeit\" \/>\n\t<meta name=\"twitter:data1\" content=\"5\u00a0Minute\" \/>\n<script type=\"application\/ld+json\" class=\"yoast-schema-graph\">{\"@context\":\"https:\\\/\\\/schema.org\",\"@graph\":[{\"@type\":\"WebPage\",\"@id\":\"https:\\\/\\\/www.barnestest.com\\\/de\\\/bedingungen-konditionen\\\/\",\"url\":\"https:\\\/\\\/www.barnestest.com\\\/de\\\/bedingungen-konditionen\\\/\",\"name\":\"Bedingungen & Konditionen | Barnes International Limited\",\"isPartOf\":{\"@id\":\"https:\\\/\\\/www.barnestest.com\\\/de\\\/#website\"},\"datePublished\":\"2023-01-04T20:07:12+00:00\",\"dateModified\":\"2023-01-12T11:55:34+00:00\",\"description\":\"Die folgenden Bedingungen regeln die Nutzung unserer Webseite; durch die Nutzung unserer Webseite akzeptieren Sie diese Bedingungen in ihrer Gesamtheit. Wenn Sie mit einem Teil dieser Bedingungen nicht einverstanden sind, sollten Sie unsere Webseite nicht nutzen.\",\"breadcrumb\":{\"@id\":\"https:\\\/\\\/www.barnestest.com\\\/de\\\/bedingungen-konditionen\\\/#breadcrumb\"},\"inLanguage\":\"de\",\"potentialAction\":[{\"@type\":\"ReadAction\",\"target\":[\"https:\\\/\\\/www.barnestest.com\\\/de\\\/bedingungen-konditionen\\\/\"]}]},{\"@type\":\"BreadcrumbList\",\"@id\":\"https:\\\/\\\/www.barnestest.com\\\/de\\\/bedingungen-konditionen\\\/#breadcrumb\",\"itemListElement\":[{\"@type\":\"ListItem\",\"position\":1,\"name\":\"Home\",\"item\":\"https:\\\/\\\/www.barnestest.com\\\/de\\\/\"},{\"@type\":\"ListItem\",\"position\":2,\"name\":\"Bedingungen &#038; Konditionen\"}]},{\"@type\":\"WebSite\",\"@id\":\"https:\\\/\\\/www.barnestest.com\\\/de\\\/#website\",\"url\":\"https:\\\/\\\/www.barnestest.com\\\/de\\\/\",\"name\":\"Barnes International\",\"description\":\"a leading provider of magnetic stripe and EMV test tools, training and consulting\",\"publisher\":{\"@id\":\"https:\\\/\\\/www.barnestest.com\\\/de\\\/#organization\"},\"potentialAction\":[{\"@type\":\"SearchAction\",\"target\":{\"@type\":\"EntryPoint\",\"urlTemplate\":\"https:\\\/\\\/www.barnestest.com\\\/de\\\/?s={search_term_string}\"},\"query-input\":{\"@type\":\"PropertyValueSpecification\",\"valueRequired\":true,\"valueName\":\"search_term_string\"}}],\"inLanguage\":\"de\"},{\"@type\":\"Organization\",\"@id\":\"https:\\\/\\\/www.barnestest.com\\\/de\\\/#organization\",\"name\":\"Barnes International\",\"url\":\"https:\\\/\\\/www.barnestest.com\\\/de\\\/\",\"logo\":{\"@type\":\"ImageObject\",\"inLanguage\":\"de\",\"@id\":\"https:\\\/\\\/www.barnestest.com\\\/de\\\/#\\\/schema\\\/logo\\\/image\\\/\",\"url\":\"https:\\\/\\\/www.barnestest.com\\\/wp-content\\\/uploads\\\/barnesinternationallogo_transparent.png\",\"contentUrl\":\"https:\\\/\\\/www.barnestest.com\\\/wp-content\\\/uploads\\\/barnesinternationallogo_transparent.png\",\"width\":1712,\"height\":484,\"caption\":\"Barnes International\"},\"image\":{\"@id\":\"https:\\\/\\\/www.barnestest.com\\\/de\\\/#\\\/schema\\\/logo\\\/image\\\/\"},\"sameAs\":[\"https:\\\/\\\/x.com\\\/barnes_test\",\"https:\\\/\\\/www.linkedin.com\\\/company\\\/barnes-international-ltd\\\/\",\"https:\\\/\\\/www.youtube.com\\\/channel\\\/UC5_Lit5ykPemqDHnHda0bvw\"]}]}<\/script>\n<!-- \/ Yoast SEO plugin. -->","yoast_head_json":{"title":"Bedingungen & Konditionen | Barnes International Limited","description":"Die folgenden Bedingungen regeln die Nutzung unserer Webseite; durch die Nutzung unserer Webseite akzeptieren Sie diese Bedingungen in ihrer Gesamtheit. Wenn Sie mit einem Teil dieser Bedingungen nicht einverstanden sind, sollten Sie unsere Webseite nicht nutzen.","robots":{"index":"index","follow":"follow","max-snippet":"max-snippet:-1","max-image-preview":"max-image-preview:large","max-video-preview":"max-video-preview:-1"},"canonical":"https:\/\/www.barnestest.com\/de\/bedingungen-konditionen\/","og_locale":"de_DE","og_type":"article","og_title":"Bedingungen & Konditionen | Barnes International Limited","og_description":"Die folgenden Bedingungen regeln die Nutzung unserer Webseite; durch die Nutzung unserer Webseite akzeptieren Sie diese Bedingungen in ihrer Gesamtheit. Wenn Sie mit einem Teil dieser Bedingungen nicht einverstanden sind, sollten Sie unsere Webseite nicht nutzen.","og_url":"https:\/\/www.barnestest.com\/de\/bedingungen-konditionen\/","og_site_name":"Barnes International","article_modified_time":"2023-01-12T11:55:34+00:00","og_image":[{"width":183,"height":43,"url":"https:\/\/www.barnestest.com\/wp-content\/uploads\/barnes-logo.png","type":"image\/png"}],"twitter_card":"summary_large_image","twitter_site":"@barnes_test","twitter_misc":{"Gesch\u00e4tzte Lesezeit":"5\u00a0Minute"},"schema":{"@context":"https:\/\/schema.org","@graph":[{"@type":"WebPage","@id":"https:\/\/www.barnestest.com\/de\/bedingungen-konditionen\/","url":"https:\/\/www.barnestest.com\/de\/bedingungen-konditionen\/","name":"Bedingungen & Konditionen | Barnes International Limited","isPartOf":{"@id":"https:\/\/www.barnestest.com\/de\/#website"},"datePublished":"2023-01-04T20:07:12+00:00","dateModified":"2023-01-12T11:55:34+00:00","description":"Die folgenden Bedingungen regeln die Nutzung unserer Webseite; durch die Nutzung unserer Webseite akzeptieren Sie diese Bedingungen in ihrer Gesamtheit. Wenn Sie mit einem Teil dieser Bedingungen nicht einverstanden sind, sollten Sie unsere Webseite nicht nutzen.","breadcrumb":{"@id":"https:\/\/www.barnestest.com\/de\/bedingungen-konditionen\/#breadcrumb"},"inLanguage":"de","potentialAction":[{"@type":"ReadAction","target":["https:\/\/www.barnestest.com\/de\/bedingungen-konditionen\/"]}]},{"@type":"BreadcrumbList","@id":"https:\/\/www.barnestest.com\/de\/bedingungen-konditionen\/#breadcrumb","itemListElement":[{"@type":"ListItem","position":1,"name":"Home","item":"https:\/\/www.barnestest.com\/de\/"},{"@type":"ListItem","position":2,"name":"Bedingungen &#038; Konditionen"}]},{"@type":"WebSite","@id":"https:\/\/www.barnestest.com\/de\/#website","url":"https:\/\/www.barnestest.com\/de\/","name":"Barnes International","description":"a leading provider of magnetic stripe and EMV test tools, training and consulting","publisher":{"@id":"https:\/\/www.barnestest.com\/de\/#organization"},"potentialAction":[{"@type":"SearchAction","target":{"@type":"EntryPoint","urlTemplate":"https:\/\/www.barnestest.com\/de\/?s={search_term_string}"},"query-input":{"@type":"PropertyValueSpecification","valueRequired":true,"valueName":"search_term_string"}}],"inLanguage":"de"},{"@type":"Organization","@id":"https:\/\/www.barnestest.com\/de\/#organization","name":"Barnes International","url":"https:\/\/www.barnestest.com\/de\/","logo":{"@type":"ImageObject","inLanguage":"de","@id":"https:\/\/www.barnestest.com\/de\/#\/schema\/logo\/image\/","url":"https:\/\/www.barnestest.com\/wp-content\/uploads\/barnesinternationallogo_transparent.png","contentUrl":"https:\/\/www.barnestest.com\/wp-content\/uploads\/barnesinternationallogo_transparent.png","width":1712,"height":484,"caption":"Barnes International"},"image":{"@id":"https:\/\/www.barnestest.com\/de\/#\/schema\/logo\/image\/"},"sameAs":["https:\/\/x.com\/barnes_test","https:\/\/www.linkedin.com\/company\/barnes-international-ltd\/","https:\/\/www.youtube.com\/channel\/UC5_Lit5ykPemqDHnHda0bvw"]}]}},"_links":{"self":[{"href":"https:\/\/www.barnestest.com\/de\/wp-json\/wp\/v2\/pages\/9611","targetHints":{"allow":["GET"]}}],"collection":[{"href":"https:\/\/www.barnestest.com\/de\/wp-json\/wp\/v2\/pages"}],"about":[{"href":"https:\/\/www.barnestest.com\/de\/wp-json\/wp\/v2\/types\/page"}],"author":[{"embeddable":true,"href":"https:\/\/www.barnestest.com\/de\/wp-json\/wp\/v2\/users\/1"}],"replies":[{"embeddable":true,"href":"https:\/\/www.barnestest.com\/de\/wp-json\/wp\/v2\/comments?post=9611"}],"version-history":[{"count":0,"href":"https:\/\/www.barnestest.com\/de\/wp-json\/wp\/v2\/pages\/9611\/revisions"}],"wp:attachment":[{"href":"https:\/\/www.barnestest.com\/de\/wp-json\/wp\/v2\/media?parent=9611"}],"curies":[{"name":"wp","href":"https:\/\/api.w.org\/{rel}","templated":true}]}}