{"id":9614,"date":"2023-01-04T20:27:48","date_gmt":"2023-01-04T20:27:48","guid":{"rendered":"https:\/\/www.barnestest.com\/test-tools\/"},"modified":"2023-01-12T12:27:49","modified_gmt":"2023-01-12T12:27:49","slug":"test-tools","status":"publish","type":"page","link":"https:\/\/www.barnestest.com\/de\/test-tools\/","title":{"rendered":"Test Tools"},"content":{"rendered":"<div class=\"wpb-content-wrapper\">[mk_page_section bg_color=&#8220;#76889d&#8220; padding_top=&#8220;60&#8243; padding_bottom=&#8220;60&#8243; sidebar=&#8220;sidebar-1&#8243;][vc_column width=&#8220;8\/12&#8243;][mk_fancy_title tag_name=&#8220;h1&#8243; color=&#8220;#ffffff&#8220; size=&#8220;20&#8243; font_weight=&#8220;bold&#8220; margin_bottom=&#8220;0&#8243; font_family=&#8220;none&#8220; animation=&#8220;left-to-right&#8220;]Test Tools[\/mk_fancy_title][mk_fancy_title color=&#8220;#ffffff&#8220; size=&#8220;32&#8243; font_weight=&#8220;400&#8243; margin_bottom=&#8220;0&#8243; font_family=&#8220;none&#8220; animation=&#8220;fade-in&#8220;]Steigern Sie die Effizienz und minimieren Sie kostspielige Fehler[\/mk_fancy_title][vc_column_text el_class=&#8220;whitetext&#8220; css=&#8220;.vc_custom_1590595782043{margin-bottom: 0px !important;}&#8220;]<span style=\"font-size: 18px;\">Dank einer Vielzahl von Chip- und Magnetstreifentestwerkzeugen arbeitet Barnes mit Unternehmen auf internationaler Ebene zusammen und kann somit gew\u00e4hrleisten, dass die h\u00f6chste Qualit\u00e4t an magnetischen Medien, Karten und anderen Produkte geliefert werden kann.<\/span>[\/vc_column_text][\/vc_column][vc_column width=&#8220;1\/12&#8243;][\/vc_column][vc_column width=&#8220;1\/4&#8243;][\/vc_column][\/mk_page_section][mk_page_section bg_image=&#8220;http:\/\/www.barnestest.com\/wp-content\/uploads\/barnes_slide_2.jpg&#8220; bg_position=&#8220;center center&#8220; bg_stretch=&#8220;true&#8220; padding_top=&#8220;60&#8243; padding_bottom=&#8220;60&#8243; sidebar=&#8220;sidebar-1&#8243;][vc_column][vc_row_inner][vc_column_inner width=&#8220;8\/12&#8243;][mk_fancy_title color=&#8220;#25334b&#8220; size=&#8220;32&#8243; font_weight=&#8220;400&#8243; margin_bottom=&#8220;0&#8243; font_family=&#8220;none&#8220; animation=&#8220;left-to-right&#8220;]Unsere Test Tool Produkte[\/mk_fancy_title][\/vc_column_inner][vc_column_inner width=&#8220;1\/12&#8243;][\/vc_column_inner][vc_column_inner width=&#8220;1\/4&#8243;][\/vc_column_inner][\/vc_row_inner][vc_row_inner][vc_column_inner width=&#8220;1\/3&#8243; css=&#8220;.vc_custom_1524475255084{padding-right: 5px !important;padding-left: 5px !important;}&#8220;][mk_custom_box corner_radius=&#8220;10&#8243; padding_vertical=&#8220;0&#8243; padding_horizental=&#8220;10&#8243; margin_bottom=&#8220;0&#8243; min_height=&#8220;0&#8243; animation=&#8220;left-to-right&#8220; bg_color=&#8220;#ffffff&#8220;][mk_padding_divider size=&#8220;20&#8243;][mk_fancy_title tag_name=&#8220;h1&#8243; color=&#8220;#76889d&#8220; size=&#8220;20&#8243; font_weight=&#8220;bold&#8220; margin_bottom=&#8220;0&#8243; font_family=&#8220;none&#8220; align=&#8220;center&#8220;]<a href=\"https:\/\/www.barnestest.com\/de\/test-tools\/emv-personalisierungsvalidierung\/\">EMV Perso-Validierung<\/a><br \/>\n<a href=\"https:\/\/www.barnestest.com\/de\/test-tools\/emv-personalisierungsvalidierung\/\"><span style=\"color: #808080;\">CPT 3000v3CL<\/span><\/a>[\/mk_fancy_title][\/mk_custom_box][\/vc_column_inner][vc_column_inner width=&#8220;1\/3&#8243; css=&#8220;.vc_custom_1524475264500{padding-right: 5px !important;padding-left: 5px !important;}&#8220;][mk_custom_box corner_radius=&#8220;10&#8243; padding_vertical=&#8220;0&#8243; padding_horizental=&#8220;10&#8243; margin_bottom=&#8220;0&#8243; min_height=&#8220;0&#8243; animation=&#8220;bottom-to-top&#8220; bg_color=&#8220;#ffffff&#8220;][mk_padding_divider size=&#8220;20&#8243;][mk_fancy_title tag_name=&#8220;h1&#8243; color=&#8220;#76889d&#8220; size=&#8220;20&#8243; font_weight=&#8220;bold&#8220; margin_bottom=&#8220;0&#8243; font_family=&#8220;none&#8220; align=&#8220;center&#8220;]<a href=\"https:\/\/www.barnestest.com\/de\/test-tools\/nfc-mobile-zahlungen\/\">NFC Mobile Zahlungen<\/a><br \/>\n<a href=\"https:\/\/www.barnestest.com\/de\/test-tools\/nfc-mobile-zahlungen\/\"><span style=\"color: #808080;\">CPT 3000v3ML<\/span><\/a>[\/mk_fancy_title][\/mk_custom_box][\/vc_column_inner][vc_column_inner width=&#8220;1\/3&#8243; css=&#8220;.vc_custom_1524475269698{padding-right: 5px !important;padding-left: 5px !important;}&#8220;][mk_custom_box corner_radius=&#8220;10&#8243; padding_vertical=&#8220;0&#8243; padding_horizental=&#8220;10&#8243; margin_bottom=&#8220;0&#8243; min_height=&#8220;0&#8243; animation=&#8220;right-to-left&#8220; bg_color=&#8220;#ffffff&#8220;][mk_padding_divider size=&#8220;20&#8243;][mk_fancy_title tag_name=&#8220;h1&#8243; color=&#8220;#76889d&#8220; size=&#8220;20&#8243; font_weight=&#8220;bold&#8220; margin_bottom=&#8220;0&#8243; font_family=&#8220;none&#8220; align=&#8220;center&#8220;]<a href=\"https:\/\/www.barnestest.com\/de\/test-tools\/cqm-compliance-loesungen\/\">Kontaktlose Testger\u00e4te (CQM)<\/a><br \/>\n<a href=\"https:\/\/www.barnestest.com\/de\/test-tools\/cqm-compliance-loesungen\/\"><span style=\"color: #808080;\">Q-Faktor, RF &#038; Lesedistanz<\/span><\/a>[\/mk_fancy_title][\/mk_custom_box][\/vc_column_inner][\/vc_row_inner][mk_padding_divider size=&#8220;20&#8243;][vc_row_inner][vc_column_inner width=&#8220;1\/3&#8243; css=&#8220;.vc_custom_1524475255084{padding-right: 5px !important;padding-left: 5px !important;}&#8220;][mk_custom_box corner_radius=&#8220;10&#8243; padding_vertical=&#8220;0&#8243; padding_horizental=&#8220;10&#8243; margin_bottom=&#8220;0&#8243; min_height=&#8220;0&#8243; animation=&#8220;left-to-right&#8220; bg_color=&#8220;#ffffff&#8220;][mk_padding_divider size=&#8220;20&#8243;][mk_fancy_title tag_name=&#8220;h1&#8243; color=&#8220;#76889d&#8220; size=&#8220;20&#8243; font_weight=&#8220;bold&#8220; margin_bottom=&#8220;0&#8243; font_family=&#8220;none&#8220; align=&#8220;center&#8220;]<a href=\"https:\/\/www.barnestest.com\/de\/test-tools\/magnetstreifen-analysegeraete\/\">Magnetstreifen Analyseger\u00e4te<\/a><br \/>\n<span style=\"color: #333333;\"><a style=\"color: #333333;\" href=\"https:\/\/www.barnestest.com\/de\/test-tools\/magnetstreifen-analysegeraete\/\"><span style=\"color: #808080;\">REVO \/ MT3000<\/span><\/a><\/span>[\/mk_fancy_title][\/mk_custom_box][\/vc_column_inner][vc_column_inner width=&#8220;1\/3&#8243; css=&#8220;.vc_custom_1524475264500{padding-right: 5px !important;padding-left: 5px !important;}&#8220;][mk_custom_box corner_radius=&#8220;10&#8243; padding_vertical=&#8220;0&#8243; padding_horizental=&#8220;10&#8243; margin_bottom=&#8220;0&#8243; min_height=&#8220;0&#8243; animation=&#8220;bottom-to-top&#8220; bg_color=&#8220;#ffffff&#8220;][mk_padding_divider size=&#8220;20&#8243;][mk_fancy_title tag_name=&#8220;h1&#8243; color=&#8220;#76889d&#8220; size=&#8220;20&#8243; font_weight=&#8220;bold&#8220; margin_bottom=&#8220;0&#8243; font_family=&#8220;none&#8220; align=&#8220;center&#8220;]<a href=\"https:\/\/www.barnestest.com\/de\/test-tools\/magnetstreifen-testkarten\/\">Magnetstreifen<br \/>\n<span style=\"color: #808080;\">Test Limit Karten<\/span><\/a>[\/mk_fancy_title][\/mk_custom_box][\/vc_column_inner][vc_column_inner width=&#8220;1\/3&#8243; css=&#8220;.vc_custom_1524475269698{padding-right: 5px !important;padding-left: 5px !important;}&#8220;][mk_custom_box corner_radius=&#8220;10&#8243; padding_vertical=&#8220;0&#8243; padding_horizental=&#8220;10&#8243; margin_bottom=&#8220;0&#8243; min_height=&#8220;0&#8243; animation=&#8220;right-to-left&#8220; bg_color=&#8220;#ffffff&#8220;][mk_padding_divider size=&#8220;20&#8243;][mk_fancy_title tag_name=&#8220;h1&#8243; color=&#8220;#76889d&#8220; size=&#8220;20&#8243; font_weight=&#8220;bold&#8220; margin_bottom=&#8220;0&#8243; font_family=&#8220;none&#8220; align=&#8220;center&#8220;]<a href=\"https:\/\/www.barnestest.com\/de\/test-tools\/integrierte-testloesungen\/\">Integrierte Testl\u00f6sungen<\/a><br \/>\n<a href=\"https:\/\/www.barnestest.com\/de\/test-tools\/integrierte-testloesungen\/\"><span style=\"color: #808080;\">Inline EMV QC<\/span><\/a>[\/mk_fancy_title][\/mk_custom_box][\/vc_column_inner][\/vc_row_inner][\/vc_column][\/mk_page_section][mk_page_section bg_color=&#8220;#0098db&#8220; el_class=&#8220;o2c-white-contact&#8220; sidebar=&#8220;sidebar-1&#8243;][vc_column width=&#8220;1\/12&#8243;][\/vc_column][vc_column width=&#8220;10\/12&#8243;][mk_padding_divider size=&#8220;65&#8243;][mk_fancy_title color=&#8220;#ffffff&#8220; size=&#8220;32&#8243; font_weight=&#8220;400&#8243; margin_bottom=&#8220;0&#8243; font_family=&#8220;none&#8220; align=&#8220;center&#8220; animation=&#8220;fade-in&#8220;]M\u00f6chten Sie mehr erfahren?[\/mk_fancy_title][mk_padding_divider size=&#8220;30&#8243;]\n<div class=\"wpcf7 no-js\" id=\"wpcf7-f8241-o1\" lang=\"en-US\" dir=\"ltr\" data-wpcf7-id=\"8241\">\n<div class=\"screen-reader-response\"><p role=\"status\" aria-live=\"polite\" aria-atomic=\"true\"><\/p> <ul><\/ul><\/div>\n<form action=\"\/de\/wp-json\/wp\/v2\/pages\/9614#wpcf7-f8241-o1\" method=\"post\" class=\"wpcf7-form init\" aria-label=\"Contact form\" novalidate=\"novalidate\" data-status=\"init\">\n<fieldset class=\"hidden-fields-container\"><input type=\"hidden\" name=\"_wpcf7\" value=\"8241\" \/><input type=\"hidden\" name=\"_wpcf7_version\" value=\"6.1.5\" \/><input type=\"hidden\" name=\"_wpcf7_locale\" value=\"en_US\" \/><input type=\"hidden\" name=\"_wpcf7_unit_tag\" value=\"wpcf7-f8241-o1\" \/><input type=\"hidden\" name=\"_wpcf7_container_post\" value=\"0\" \/><input type=\"hidden\" name=\"_wpcf7_posted_data_hash\" value=\"\" \/><input type=\"hidden\" name=\"_wpcf7_recaptcha_response\" value=\"\" \/>\n<\/fieldset>\n<div class=\"o2c-fullwidth\">\n\t<div class=\"o2c-break1\">\n\t\t<p><span class=\"wpcf7-form-control-wrap\" data-name=\"full-name\"><input size=\"40\" maxlength=\"400\" class=\"wpcf7-form-control wpcf7-text wpcf7-validates-as-required o2c-text-field\" aria-required=\"true\" aria-invalid=\"false\" placeholder=\"Vollst\u00e4ndiger Name\" value=\"\" type=\"text\" name=\"full-name\" \/><\/span><br \/>\n<span class=\"wpcf7-form-control-wrap\" data-name=\"company-name\"><input size=\"40\" maxlength=\"400\" class=\"wpcf7-form-control wpcf7-text wpcf7-validates-as-required o2c-text-field\" aria-required=\"true\" aria-invalid=\"false\" placeholder=\"Unternehmen\" value=\"\" type=\"text\" name=\"company-name\" \/><\/span><br \/>\n<span class=\"wpcf7-form-control-wrap\" data-name=\"customer-email\"><input size=\"40\" maxlength=\"400\" class=\"wpcf7-form-control wpcf7-email wpcf7-validates-as-required wpcf7-text wpcf7-validates-as-email o2c-email-field\" aria-required=\"true\" aria-invalid=\"false\" placeholder=\"Email\" value=\"\" type=\"email\" name=\"customer-email\" \/><\/span><br \/>\n<span class=\"wpcf7-form-control-wrap\" data-name=\"customer-telephone\"><input size=\"40\" maxlength=\"400\" class=\"wpcf7-form-control wpcf7-tel wpcf7-text wpcf7-validates-as-tel o2c-text-field\" aria-invalid=\"false\" placeholder=\"Telefon\" value=\"\" type=\"tel\" name=\"customer-telephone\" \/><\/span><br \/>\n\t\t<span class=\"wpcf7-form-control-wrap recaptcha\" data-name=\"recaptcha\"><span data-sitekey=\"6LfV16QUAAAAAAoDHi55y8SiR8vm8sVeBlZMDHpb\" class=\"wpcf7-form-control wpcf7-recaptcha g-recaptcha\"><\/span>\r\n<noscript>\r\n\t<div class=\"grecaptcha-noscript\">\r\n\t\t<iframe src=\"https:\/\/www.google.com\/recaptcha\/api\/fallback?k=6LfV16QUAAAAAAoDHi55y8SiR8vm8sVeBlZMDHpb\" frameborder=\"0\" scrolling=\"no\" width=\"310\" height=\"430\">\r\n\t\t<\/iframe>\r\n\t\t<textarea name=\"g-recaptcha-response\" rows=\"3\" cols=\"40\" placeholder=\"reCaptcha Response Here\">\r\n\t\t<\/textarea>\r\n\t<\/div>\r\n<\/noscript>\r\n<\/span>\n\t\t<\/p>\n\t<\/div>\n\t<div class=\"o2c-break2\">\n\t\t<p><span class=\"wpcf7-form-control-wrap\" data-name=\"customer-query\"><textarea cols=\"40\" rows=\"10\" maxlength=\"2000\" class=\"wpcf7-form-control wpcf7-textarea o2c-text-area\" aria-invalid=\"false\" placeholder=\"Anfrage\" name=\"customer-query\"><\/textarea><\/span>\n\t\t<\/p>\n\t\t<div class=\"o2c-subscribe\">\n\t\t\t<p><span class=\"wpcf7-form-control-wrap\" data-name=\"checkbox-21\"><span class=\"wpcf7-form-control wpcf7-checkbox\"><span class=\"wpcf7-list-item first last\"><input type=\"checkbox\" name=\"checkbox-21[]\" value=\"Updates abonnieren\" \/><span class=\"wpcf7-list-item-label\">Updates abonnieren<\/span><\/span><\/span><\/span><br \/>\n<input class=\"wpcf7-form-control wpcf7-submit has-spinner o2c-submit\" type=\"submit\" value=\"Senden\" \/>\n\t\t\t<\/p>\n\t\t<\/div>\n\t<\/div>\n<\/div>\n<div class=\"gdpr-text-contact\">\n\t<p>In diesem Formular werden Ihr Name, Ihre E-Mail Adresse und Ihre Telefonnummer erfasst, damit wir in Bezug auf Ihre Anfrage in Kontakt bleiben k\u00f6nnen. Weitere Informationen \u00fcber den Schutz und die Verwaltung dieser Daten finden Sie in unserer Datenschutzerkl\u00e4rung.\n\t<\/p>\n\t<div class=\"gpdr-tick-box-contact\">\n\t\t<p><span class=\"wpcf7-form-control-wrap\" data-name=\"GDPR\"><span class=\"wpcf7-form-control wpcf7-checkbox wpcf7-validates-as-required\"><span class=\"wpcf7-list-item first last\"><input type=\"checkbox\" name=\"GDPR[]\" value=\"Ich bin damit einverstanden, dass Barnes International meine Daten erfasst.\" \/><span class=\"wpcf7-list-item-label\">Ich bin damit einverstanden, dass Barnes International meine Daten erfasst.<\/span><\/span><\/span><\/span>\n\t\t<\/p>\n\t<\/div>\n<\/div><div class=\"wpcf7-response-output\" aria-hidden=\"true\"><\/div>\n<\/form>\n<\/div>\n[mk_padding_divider size=&#8220;65&#8243;][\/vc_column][vc_column width=&#8220;1\/12&#8243;][\/vc_column][\/mk_page_section]\n<\/div>","protected":false},"excerpt":{"rendered":"<p>[mk_page_section bg_color=&#8220;#76889d&#8220; padding_top=&#8220;60&#8243; padding_bottom=&#8220;60&#8243; sidebar=&#8220;sidebar-1&#8243;][vc_column width=&#8220;8\/12&#8243;][mk_fancy_title tag_name=&#8220;h1&#8243; color=&#8220;#ffffff&#8220; size=&#8220;20&#8243; font_weight=&#8220;bold&#8220; margin_bottom=&#8220;0&#8243; font_family=&#8220;none&#8220; animation=&#8220;left-to-right&#8220;]Test Tools[\/mk_fancy_title][mk_fancy_title color=&#8220;#ffffff&#8220; size=&#8220;32&#8243; font_weight=&#8220;400&#8243; margin_bottom=&#8220;0&#8243; font_family=&#8220;none&#8220; animation=&#8220;fade-in&#8220;]Steigern Sie die Effizienz und minimieren Sie kostspielige Fehler[\/mk_fancy_title][vc_column_text el_class=&#8220;whitetext&#8220; css=&#8220;.vc_custom_1590595782043{margin-bottom: 0px !important;}&#8220;]Dank einer Vielzahl von Chip- und Magnetstreifentestwerkzeugen arbeitet Barnes mit Unternehmen auf internationaler Ebene zusammen und kann somit gew\u00e4hrleisten, dass die h\u00f6chste Qualit\u00e4t an [&hellip;]<\/p>\n","protected":false},"author":1,"featured_media":0,"parent":0,"menu_order":0,"comment_status":"closed","ping_status":"closed","template":"","meta":{"footnotes":""},"class_list":["post-9614","page","type-page","status-publish","hentry"],"yoast_head":"<!-- This site is optimized with the Yoast SEO plugin v27.3 - https:\/\/yoast.com\/product\/yoast-seo-wordpress\/ -->\n<title>Test Tools | Barnes International Limited<\/title>\n<meta name=\"description\" content=\"Unternehmen jeder Art und Gr\u00f6\u00dfe k\u00f6nnen dank unserer Magnetstreifentestger\u00e4te effiziente, skalierbare und effektive Testl\u00f6sungen nutzen. Hier erfahren Sie mehr \u00fcber die gesamte Palette der von uns angebotenen Testger\u00e4te.\" \/>\n<meta name=\"robots\" content=\"index, follow, max-snippet:-1, max-image-preview:large, max-video-preview:-1\" \/>\n<link rel=\"canonical\" href=\"https:\/\/www.barnestest.com\/de\/test-tools\/\" \/>\n<meta property=\"og:locale\" content=\"de_DE\" \/>\n<meta property=\"og:type\" content=\"article\" \/>\n<meta property=\"og:title\" content=\"Test Tools | Barnes International Limited\" \/>\n<meta property=\"og:description\" content=\"Unternehmen jeder Art und Gr\u00f6\u00dfe k\u00f6nnen dank unserer Magnetstreifentestger\u00e4te effiziente, skalierbare und effektive Testl\u00f6sungen nutzen. Hier erfahren Sie mehr \u00fcber die gesamte Palette der von uns angebotenen Testger\u00e4te.\" \/>\n<meta property=\"og:url\" content=\"https:\/\/www.barnestest.com\/de\/test-tools\/\" \/>\n<meta property=\"og:site_name\" content=\"Barnes International\" \/>\n<meta property=\"article:modified_time\" content=\"2023-01-12T12:27:49+00:00\" \/>\n<meta property=\"og:image\" content=\"https:\/\/www.barnestest.com\/wp-content\/uploads\/barnes-logo.png\" \/>\n\t<meta property=\"og:image:width\" content=\"183\" \/>\n\t<meta property=\"og:image:height\" content=\"43\" \/>\n\t<meta property=\"og:image:type\" content=\"image\/png\" \/>\n<meta name=\"twitter:card\" content=\"summary_large_image\" \/>\n<meta name=\"twitter:site\" content=\"@barnes_test\" \/>\n<meta name=\"twitter:label1\" content=\"Gesch\u00e4tzte Lesezeit\" \/>\n\t<meta name=\"twitter:data1\" content=\"4\u00a0Minute\" \/>\n<script type=\"application\/ld+json\" class=\"yoast-schema-graph\">{\"@context\":\"https:\\\/\\\/schema.org\",\"@graph\":[{\"@type\":\"WebPage\",\"@id\":\"https:\\\/\\\/www.barnestest.com\\\/de\\\/test-tools\\\/\",\"url\":\"https:\\\/\\\/www.barnestest.com\\\/de\\\/test-tools\\\/\",\"name\":\"Test Tools | Barnes International Limited\",\"isPartOf\":{\"@id\":\"https:\\\/\\\/www.barnestest.com\\\/de\\\/#website\"},\"datePublished\":\"2023-01-04T20:27:48+00:00\",\"dateModified\":\"2023-01-12T12:27:49+00:00\",\"description\":\"Unternehmen jeder Art und Gr\u00f6\u00dfe k\u00f6nnen dank unserer Magnetstreifentestger\u00e4te effiziente, skalierbare und effektive Testl\u00f6sungen nutzen. Hier erfahren Sie mehr \u00fcber die gesamte Palette der von uns angebotenen Testger\u00e4te.\",\"breadcrumb\":{\"@id\":\"https:\\\/\\\/www.barnestest.com\\\/de\\\/test-tools\\\/#breadcrumb\"},\"inLanguage\":\"de\",\"potentialAction\":[{\"@type\":\"ReadAction\",\"target\":[\"https:\\\/\\\/www.barnestest.com\\\/de\\\/test-tools\\\/\"]}]},{\"@type\":\"BreadcrumbList\",\"@id\":\"https:\\\/\\\/www.barnestest.com\\\/de\\\/test-tools\\\/#breadcrumb\",\"itemListElement\":[{\"@type\":\"ListItem\",\"position\":1,\"name\":\"Home\",\"item\":\"https:\\\/\\\/www.barnestest.com\\\/de\\\/\"},{\"@type\":\"ListItem\",\"position\":2,\"name\":\"Test Tools\"}]},{\"@type\":\"WebSite\",\"@id\":\"https:\\\/\\\/www.barnestest.com\\\/de\\\/#website\",\"url\":\"https:\\\/\\\/www.barnestest.com\\\/de\\\/\",\"name\":\"Barnes International\",\"description\":\"a leading provider of magnetic stripe and EMV test tools, training and consulting\",\"publisher\":{\"@id\":\"https:\\\/\\\/www.barnestest.com\\\/de\\\/#organization\"},\"potentialAction\":[{\"@type\":\"SearchAction\",\"target\":{\"@type\":\"EntryPoint\",\"urlTemplate\":\"https:\\\/\\\/www.barnestest.com\\\/de\\\/?s={search_term_string}\"},\"query-input\":{\"@type\":\"PropertyValueSpecification\",\"valueRequired\":true,\"valueName\":\"search_term_string\"}}],\"inLanguage\":\"de\"},{\"@type\":\"Organization\",\"@id\":\"https:\\\/\\\/www.barnestest.com\\\/de\\\/#organization\",\"name\":\"Barnes International\",\"url\":\"https:\\\/\\\/www.barnestest.com\\\/de\\\/\",\"logo\":{\"@type\":\"ImageObject\",\"inLanguage\":\"de\",\"@id\":\"https:\\\/\\\/www.barnestest.com\\\/de\\\/#\\\/schema\\\/logo\\\/image\\\/\",\"url\":\"https:\\\/\\\/www.barnestest.com\\\/wp-content\\\/uploads\\\/barnesinternationallogo_transparent.png\",\"contentUrl\":\"https:\\\/\\\/www.barnestest.com\\\/wp-content\\\/uploads\\\/barnesinternationallogo_transparent.png\",\"width\":1712,\"height\":484,\"caption\":\"Barnes International\"},\"image\":{\"@id\":\"https:\\\/\\\/www.barnestest.com\\\/de\\\/#\\\/schema\\\/logo\\\/image\\\/\"},\"sameAs\":[\"https:\\\/\\\/x.com\\\/barnes_test\",\"https:\\\/\\\/www.linkedin.com\\\/company\\\/barnes-international-ltd\\\/\",\"https:\\\/\\\/www.youtube.com\\\/channel\\\/UC5_Lit5ykPemqDHnHda0bvw\"]}]}<\/script>\n<!-- \/ Yoast SEO plugin. -->","yoast_head_json":{"title":"Test Tools | Barnes International Limited","description":"Unternehmen jeder Art und Gr\u00f6\u00dfe k\u00f6nnen dank unserer Magnetstreifentestger\u00e4te effiziente, skalierbare und effektive Testl\u00f6sungen nutzen. Hier erfahren Sie mehr \u00fcber die gesamte Palette der von uns angebotenen Testger\u00e4te.","robots":{"index":"index","follow":"follow","max-snippet":"max-snippet:-1","max-image-preview":"max-image-preview:large","max-video-preview":"max-video-preview:-1"},"canonical":"https:\/\/www.barnestest.com\/de\/test-tools\/","og_locale":"de_DE","og_type":"article","og_title":"Test Tools | Barnes International Limited","og_description":"Unternehmen jeder Art und Gr\u00f6\u00dfe k\u00f6nnen dank unserer Magnetstreifentestger\u00e4te effiziente, skalierbare und effektive Testl\u00f6sungen nutzen. Hier erfahren Sie mehr \u00fcber die gesamte Palette der von uns angebotenen Testger\u00e4te.","og_url":"https:\/\/www.barnestest.com\/de\/test-tools\/","og_site_name":"Barnes International","article_modified_time":"2023-01-12T12:27:49+00:00","og_image":[{"width":183,"height":43,"url":"https:\/\/www.barnestest.com\/wp-content\/uploads\/barnes-logo.png","type":"image\/png"}],"twitter_card":"summary_large_image","twitter_site":"@barnes_test","twitter_misc":{"Gesch\u00e4tzte Lesezeit":"4\u00a0Minute"},"schema":{"@context":"https:\/\/schema.org","@graph":[{"@type":"WebPage","@id":"https:\/\/www.barnestest.com\/de\/test-tools\/","url":"https:\/\/www.barnestest.com\/de\/test-tools\/","name":"Test Tools | Barnes International Limited","isPartOf":{"@id":"https:\/\/www.barnestest.com\/de\/#website"},"datePublished":"2023-01-04T20:27:48+00:00","dateModified":"2023-01-12T12:27:49+00:00","description":"Unternehmen jeder Art und Gr\u00f6\u00dfe k\u00f6nnen dank unserer Magnetstreifentestger\u00e4te effiziente, skalierbare und effektive Testl\u00f6sungen nutzen. Hier erfahren Sie mehr \u00fcber die gesamte Palette der von uns angebotenen Testger\u00e4te.","breadcrumb":{"@id":"https:\/\/www.barnestest.com\/de\/test-tools\/#breadcrumb"},"inLanguage":"de","potentialAction":[{"@type":"ReadAction","target":["https:\/\/www.barnestest.com\/de\/test-tools\/"]}]},{"@type":"BreadcrumbList","@id":"https:\/\/www.barnestest.com\/de\/test-tools\/#breadcrumb","itemListElement":[{"@type":"ListItem","position":1,"name":"Home","item":"https:\/\/www.barnestest.com\/de\/"},{"@type":"ListItem","position":2,"name":"Test Tools"}]},{"@type":"WebSite","@id":"https:\/\/www.barnestest.com\/de\/#website","url":"https:\/\/www.barnestest.com\/de\/","name":"Barnes International","description":"a leading provider of magnetic stripe and EMV test tools, training and consulting","publisher":{"@id":"https:\/\/www.barnestest.com\/de\/#organization"},"potentialAction":[{"@type":"SearchAction","target":{"@type":"EntryPoint","urlTemplate":"https:\/\/www.barnestest.com\/de\/?s={search_term_string}"},"query-input":{"@type":"PropertyValueSpecification","valueRequired":true,"valueName":"search_term_string"}}],"inLanguage":"de"},{"@type":"Organization","@id":"https:\/\/www.barnestest.com\/de\/#organization","name":"Barnes International","url":"https:\/\/www.barnestest.com\/de\/","logo":{"@type":"ImageObject","inLanguage":"de","@id":"https:\/\/www.barnestest.com\/de\/#\/schema\/logo\/image\/","url":"https:\/\/www.barnestest.com\/wp-content\/uploads\/barnesinternationallogo_transparent.png","contentUrl":"https:\/\/www.barnestest.com\/wp-content\/uploads\/barnesinternationallogo_transparent.png","width":1712,"height":484,"caption":"Barnes International"},"image":{"@id":"https:\/\/www.barnestest.com\/de\/#\/schema\/logo\/image\/"},"sameAs":["https:\/\/x.com\/barnes_test","https:\/\/www.linkedin.com\/company\/barnes-international-ltd\/","https:\/\/www.youtube.com\/channel\/UC5_Lit5ykPemqDHnHda0bvw"]}]}},"_links":{"self":[{"href":"https:\/\/www.barnestest.com\/de\/wp-json\/wp\/v2\/pages\/9614","targetHints":{"allow":["GET"]}}],"collection":[{"href":"https:\/\/www.barnestest.com\/de\/wp-json\/wp\/v2\/pages"}],"about":[{"href":"https:\/\/www.barnestest.com\/de\/wp-json\/wp\/v2\/types\/page"}],"author":[{"embeddable":true,"href":"https:\/\/www.barnestest.com\/de\/wp-json\/wp\/v2\/users\/1"}],"replies":[{"embeddable":true,"href":"https:\/\/www.barnestest.com\/de\/wp-json\/wp\/v2\/comments?post=9614"}],"version-history":[{"count":0,"href":"https:\/\/www.barnestest.com\/de\/wp-json\/wp\/v2\/pages\/9614\/revisions"}],"wp:attachment":[{"href":"https:\/\/www.barnestest.com\/de\/wp-json\/wp\/v2\/media?parent=9614"}],"curies":[{"name":"wp","href":"https:\/\/api.w.org\/{rel}","templated":true}]}}