{"id":9617,"date":"2023-01-04T20:41:57","date_gmt":"2023-01-04T20:41:57","guid":{"rendered":"https:\/\/www.barnestest.com\/test-tools\/cqm-compliance-loesungen\/"},"modified":"2023-01-12T12:36:03","modified_gmt":"2023-01-12T12:36:03","slug":"cqm-compliance-loesungen","status":"publish","type":"page","link":"https:\/\/www.barnestest.com\/de\/test-tools\/cqm-compliance-loesungen\/","title":{"rendered":"CQM Compliance L\u00f6sungen"},"content":{"rendered":"[mk_page_section bg_color=&#8220;#eae2ef&#8220; padding_top=&#8220;60&#8243; padding_bottom=&#8220;60&#8243; sidebar=&#8220;sidebar-1&#8243;][vc_column width=&#8220;8\/12&#8243;][mk_fancy_title tag_name=&#8220;h1&#8243; color=&#8220;#764295&#8243; size=&#8220;20&#8243; font_weight=&#8220;bold&#8220; margin_bottom=&#8220;0&#8243; font_family=&#8220;none&#8220; animation=&#8220;left-to-right&#8220;]CQM Compliance L\u00f6sungen[\/mk_fancy_title][mk_fancy_title color=&#8220;#764295&#8243; size=&#8220;32&#8243; font_weight=&#8220;400&#8243; margin_bottom=&#8220;0&#8243; font_family=&#8220;none&#8220; animation=&#8220;fade-in&#8220;]Resonanzfrequenz, Q-Faktor<br \/>\nund Leseabstand (Reading Distance)[\/mk_fancy_title][vc_column_text css=&#8220;.vc_custom_1590675925387{margin-bottom: 0px !important;}&#8220;]<span style=\"font-size: 14pt;\">Die Hersteller von Finanzkarten m\u00fcssen bei Mastercard nachweisen, dass sie f\u00fcr jede ausgegebene Bankkarte eine Reihe von Tests erfolgreich abgeschlossen haben, einschlie\u00dflich solcher, die sich auf die Qualit\u00e4t der Chipkarten beziehen.  Mastercard definiert seine Card Quality Manufacturing (CQM) Anforderungen, um die Qualit\u00e4t des Produkts w\u00e4hrend der Herstellungs- und Personalisierungsphase zu sichern.<\/span>[\/vc_column_text][\/vc_column][vc_column width=&#8220;1\/12&#8243;][\/vc_column][vc_column width=&#8220;1\/4&#8243;][mk_image src=&#8220;https:\/\/www.barnestest.com\/wp-content\/uploads\/icon-mobile-payments.png&#8220; image_width=&#8220;180&#8243; image_height=&#8220;180&#8243; align=&#8220;center&#8220; margin_bottom=&#8220;0&#8243; animation=&#8220;right-to-left&#8220;][\/vc_column][\/mk_page_section][mk_page_section bg_color=&#8220;#ffffff&#8220; min_height=&#8220;0&#8243; padding_top=&#8220;60&#8243; padding_bottom=&#8220;60&#8243; sidebar=&#8220;sidebar-1&#8243;][vc_column width=&#8220;7\/12&#8243;][mk_fancy_title tag_name=&#8220;h3&#8243; color=&#8220;#764295&#8243; size=&#8220;32&#8243; font_weight=&#8220;400&#8243; margin_bottom=&#8220;0&#8243; font_family=&#8220;none&#8220; animation=&#8220;left-to-right&#8220;]Qualit\u00e4tssicherung von kontaktlosen Zahlungskarten nach den CQM-Standards von Mastercard[\/mk_fancy_title][mk_fancy_title tag_name=&#8220;h4&#8243; color=&#8220;#764295&#8243; size=&#8220;20&#8243; font_weight=&#8220;bold&#8220; margin_bottom=&#8220;0&#8243; font_family=&#8220;none&#8220; animation=&#8220;fade-in&#8220;]Kontaktlose Test Tools[\/mk_fancy_title][vc_column_text css=&#8220;.vc_custom_1643724046878{margin-bottom: 0px !important;}&#8220;]<span style=\"color: #764295; font-size: 14pt;\">Barnes und <a style=\"color: #764295;\" href=\"http:\/\/www.smartware.fr\/\">Smartware<\/a> bieten CQM-Compliance-L\u00f6sungen f\u00fcr Personalisierungsb\u00fcros an, die eine vollst\u00e4ndige Abdeckung der obligatorischen Mastercard-Tests einschlie\u00dflich der kontaktlosen elektromagnetischen Tests bieten.<\/span><\/p>\n<ol>\n<li>Qualifizierungsphase &#8211; Erstellen Sie <em>Ihr Sampleset<\/em>;<\/li>\n<li>Produktionsphase &#8211; Testen Sie Ihre Karten;<\/li>\n<li>Ergebnisse anzeigen &#8211; Leistungsstarker Bericht.<\/li>\n<\/ol>\n<p>&nbsp;<\/p>\n<p><span style=\"font-size: 14pt; color: #764295;\">Die SmartQC-Software bietet einen einfachen Schritt-f\u00fcr-Schritt-Prozess f\u00fcr die Berechnung Ihrer Testergebnisse und die anschlie\u00dfende \u00dcberwachung f\u00fcr:<\/span><\/p>\n<ul>\n<li>#3062# Resonanzfrequenz (Resonance Frequency)<\/li>\n<li>#3063# Q-Faktor (Q-Factor)<\/li>\n<li>#3064# Leseabstand (Reading Distance)<\/li>\n<\/ul>\n[\/vc_column_text][mk_padding_divider size=&#8220;20&#8243;][mk_button dimension=&#8220;flat&#8220; corner_style=&#8220;full_rounded&#8220; size=&#8220;large&#8220; url=&#8220;\/wp-content\/uploads\/barnes-international-barnes-and-smartware-smartqc-solution-11-21-1.pdf&#8220; target=&#8220;_blank&#8220; margin_bottom=&#8220;0&#8243; margin_right=&#8220;0&#8243; animation=&#8220;left-to-right&#8220; el_class=&#8220;o2c-periwinkle-dark-button&#8220; bg_color=&#8220;#764295&#8243; btn_hover_bg=&#8220;#eaedf1&#8243;]Produktdatenblatt[\/mk_button][\/vc_column][vc_column width=&#8220;5\/12&#8243;][mk_padding_divider size=&#8220;60&#8243;][mk_image src=&#8220;https:\/\/www.barnestest.com\/wp-content\/uploads\/cqm-compliance-solution-1-scaled.jpg&#8220; image_size=&#8220;full&#8220; align=&#8220;center&#8220; margin_bottom=&#8220;0&#8243; animation=&#8220;right-to-left&#8220;][mk_padding_divider size=&#8220;60&#8243;][mk_image src=&#8220;https:\/\/www.barnestest.com\/wp-content\/uploads\/cqm-compliance-solution_2-1.png&#8220; image_size=&#8220;full&#8220; align=&#8220;center&#8220; margin_bottom=&#8220;0&#8243; animation=&#8220;right-to-left&#8220;][\/vc_column][\/mk_page_section][mk_page_section bg_color=&#8220;#0098db&#8220; el_class=&#8220;o2c-white-contact&#8220; sidebar=&#8220;sidebar-1&#8243;][vc_column width=&#8220;1\/12&#8243;][\/vc_column][vc_column width=&#8220;10\/12&#8243;][mk_padding_divider size=&#8220;65&#8243;][mk_fancy_title color=&#8220;#ffffff&#8220; size=&#8220;32&#8243; font_weight=&#8220;400&#8243; margin_bottom=&#8220;0&#8243; font_family=&#8220;none&#8220; align=&#8220;center&#8220; animation=&#8220;fade-in&#8220;]M\u00f6chten Sie mehr erfahren?[\/mk_fancy_title][mk_padding_divider size=&#8220;30&#8243;]\n<div class=\"wpcf7 no-js\" id=\"wpcf7-f8241-o1\" lang=\"en-US\" dir=\"ltr\" data-wpcf7-id=\"8241\">\n<div class=\"screen-reader-response\"><p role=\"status\" aria-live=\"polite\" aria-atomic=\"true\"><\/p> <ul><\/ul><\/div>\n<form action=\"\/de\/wp-json\/wp\/v2\/pages\/9617#wpcf7-f8241-o1\" method=\"post\" class=\"wpcf7-form init\" aria-label=\"Contact form\" novalidate=\"novalidate\" data-status=\"init\">\n<fieldset class=\"hidden-fields-container\"><input type=\"hidden\" name=\"_wpcf7\" value=\"8241\" \/><input type=\"hidden\" name=\"_wpcf7_version\" value=\"6.1.5\" \/><input type=\"hidden\" name=\"_wpcf7_locale\" value=\"en_US\" \/><input type=\"hidden\" name=\"_wpcf7_unit_tag\" value=\"wpcf7-f8241-o1\" \/><input type=\"hidden\" name=\"_wpcf7_container_post\" value=\"0\" \/><input type=\"hidden\" name=\"_wpcf7_posted_data_hash\" value=\"\" \/><input type=\"hidden\" name=\"_wpcf7_recaptcha_response\" value=\"\" \/>\n<\/fieldset>\n<div class=\"o2c-fullwidth\">\n\t<div class=\"o2c-break1\">\n\t\t<p><span class=\"wpcf7-form-control-wrap\" data-name=\"full-name\"><input size=\"40\" maxlength=\"400\" class=\"wpcf7-form-control wpcf7-text wpcf7-validates-as-required o2c-text-field\" aria-required=\"true\" aria-invalid=\"false\" placeholder=\"Vollst\u00e4ndiger Name\" value=\"\" type=\"text\" name=\"full-name\" \/><\/span><br \/>\n<span class=\"wpcf7-form-control-wrap\" data-name=\"company-name\"><input size=\"40\" maxlength=\"400\" class=\"wpcf7-form-control wpcf7-text wpcf7-validates-as-required o2c-text-field\" aria-required=\"true\" aria-invalid=\"false\" placeholder=\"Unternehmen\" value=\"\" type=\"text\" name=\"company-name\" \/><\/span><br \/>\n<span class=\"wpcf7-form-control-wrap\" data-name=\"customer-email\"><input size=\"40\" maxlength=\"400\" class=\"wpcf7-form-control wpcf7-email wpcf7-validates-as-required wpcf7-text wpcf7-validates-as-email o2c-email-field\" aria-required=\"true\" aria-invalid=\"false\" placeholder=\"Email\" value=\"\" type=\"email\" name=\"customer-email\" \/><\/span><br \/>\n<span class=\"wpcf7-form-control-wrap\" data-name=\"customer-telephone\"><input size=\"40\" maxlength=\"400\" class=\"wpcf7-form-control wpcf7-tel wpcf7-text wpcf7-validates-as-tel o2c-text-field\" aria-invalid=\"false\" placeholder=\"Telefon\" value=\"\" type=\"tel\" name=\"customer-telephone\" \/><\/span><br \/>\n\t\t<span class=\"wpcf7-form-control-wrap recaptcha\" data-name=\"recaptcha\"><span data-sitekey=\"6LfV16QUAAAAAAoDHi55y8SiR8vm8sVeBlZMDHpb\" class=\"wpcf7-form-control wpcf7-recaptcha g-recaptcha\"><\/span>\r\n<noscript>\r\n\t<div class=\"grecaptcha-noscript\">\r\n\t\t<iframe src=\"https:\/\/www.google.com\/recaptcha\/api\/fallback?k=6LfV16QUAAAAAAoDHi55y8SiR8vm8sVeBlZMDHpb\" frameborder=\"0\" scrolling=\"no\" width=\"310\" height=\"430\">\r\n\t\t<\/iframe>\r\n\t\t<textarea name=\"g-recaptcha-response\" rows=\"3\" cols=\"40\" placeholder=\"reCaptcha Response Here\">\r\n\t\t<\/textarea>\r\n\t<\/div>\r\n<\/noscript>\r\n<\/span>\n\t\t<\/p>\n\t<\/div>\n\t<div class=\"o2c-break2\">\n\t\t<p><span class=\"wpcf7-form-control-wrap\" data-name=\"customer-query\"><textarea cols=\"40\" rows=\"10\" maxlength=\"2000\" class=\"wpcf7-form-control wpcf7-textarea o2c-text-area\" aria-invalid=\"false\" placeholder=\"Anfrage\" name=\"customer-query\"><\/textarea><\/span>\n\t\t<\/p>\n\t\t<div class=\"o2c-subscribe\">\n\t\t\t<p><span class=\"wpcf7-form-control-wrap\" data-name=\"checkbox-21\"><span class=\"wpcf7-form-control wpcf7-checkbox\"><span class=\"wpcf7-list-item first last\"><input type=\"checkbox\" name=\"checkbox-21[]\" value=\"Updates abonnieren\" \/><span class=\"wpcf7-list-item-label\">Updates abonnieren<\/span><\/span><\/span><\/span><br \/>\n<input class=\"wpcf7-form-control wpcf7-submit has-spinner o2c-submit\" type=\"submit\" value=\"Senden\" \/>\n\t\t\t<\/p>\n\t\t<\/div>\n\t<\/div>\n<\/div>\n<div class=\"gdpr-text-contact\">\n\t<p>In diesem Formular werden Ihr Name, Ihre E-Mail Adresse und Ihre Telefonnummer erfasst, damit wir in Bezug auf Ihre Anfrage in Kontakt bleiben k\u00f6nnen. Weitere Informationen \u00fcber den Schutz und die Verwaltung dieser Daten finden Sie in unserer Datenschutzerkl\u00e4rung.\n\t<\/p>\n\t<div class=\"gpdr-tick-box-contact\">\n\t\t<p><span class=\"wpcf7-form-control-wrap\" data-name=\"GDPR\"><span class=\"wpcf7-form-control wpcf7-checkbox wpcf7-validates-as-required\"><span class=\"wpcf7-list-item first last\"><input type=\"checkbox\" name=\"GDPR[]\" value=\"Ich bin damit einverstanden, dass Barnes International meine Daten erfasst.\" \/><span class=\"wpcf7-list-item-label\">Ich bin damit einverstanden, dass Barnes International meine Daten erfasst.<\/span><\/span><\/span><\/span>\n\t\t<\/p>\n\t<\/div>\n<\/div><div class=\"wpcf7-response-output\" aria-hidden=\"true\"><\/div>\n<\/form>\n<\/div>\n[mk_padding_divider size=&#8220;65&#8243;][\/vc_column][vc_column width=&#8220;1\/12&#8243;][\/vc_column][\/mk_page_section]\n","protected":false},"excerpt":{"rendered":"<p>[mk_page_section bg_color=&#8220;#eae2ef&#8220; padding_top=&#8220;60&#8243; padding_bottom=&#8220;60&#8243; sidebar=&#8220;sidebar-1&#8243;][vc_column width=&#8220;8\/12&#8243;][mk_fancy_title tag_name=&#8220;h1&#8243; color=&#8220;#764295&#8243; size=&#8220;20&#8243; font_weight=&#8220;bold&#8220; margin_bottom=&#8220;0&#8243; font_family=&#8220;none&#8220; animation=&#8220;left-to-right&#8220;]CQM Compliance L\u00f6sungen[\/mk_fancy_title][mk_fancy_title color=&#8220;#764295&#8243; size=&#8220;32&#8243; font_weight=&#8220;400&#8243; margin_bottom=&#8220;0&#8243; font_family=&#8220;none&#8220; animation=&#8220;fade-in&#8220;]Resonanzfrequenz, Q-Faktor und Leseabstand (Reading Distance)[\/mk_fancy_title][vc_column_text css=&#8220;.vc_custom_1590675925387{margin-bottom: 0px !important;}&#8220;]Die Hersteller von Finanzkarten m\u00fcssen bei Mastercard nachweisen, dass sie f\u00fcr jede ausgegebene Bankkarte eine Reihe von Tests erfolgreich abgeschlossen haben, einschlie\u00dflich solcher, die sich auf die [&hellip;]<\/p>\n","protected":false},"author":4,"featured_media":0,"parent":9614,"menu_order":0,"comment_status":"closed","ping_status":"closed","template":"","meta":{"footnotes":""},"class_list":["post-9617","page","type-page","status-publish","hentry"],"yoast_head":"<!-- This site is optimized with the Yoast SEO plugin v27.3 - https:\/\/yoast.com\/product\/yoast-seo-wordpress\/ -->\n<title>CQM Compliance L\u00f6sungen | Test Tools | Barnes International Limited<\/title>\n<meta name=\"description\" content=\"CQM Compliance L\u00f6sungen bietet eine vollst\u00e4ndige Abdeckung der obligatorischen Mastercard-Tests \u2013 Resonanzfrequenz, Q-Faktor und Leseabstand (Reading Distance).\" \/>\n<meta name=\"robots\" content=\"index, follow, max-snippet:-1, max-image-preview:large, max-video-preview:-1\" \/>\n<link rel=\"canonical\" href=\"https:\/\/www.barnestest.com\/de\/test-tools\/cqm-compliance-loesungen\/\" \/>\n<meta property=\"og:locale\" content=\"de_DE\" \/>\n<meta property=\"og:type\" content=\"article\" \/>\n<meta property=\"og:title\" content=\"CQM Compliance L\u00f6sungen | Test Tools | Barnes International Limited\" \/>\n<meta property=\"og:description\" content=\"CQM Compliance L\u00f6sungen bietet eine vollst\u00e4ndige Abdeckung der obligatorischen Mastercard-Tests \u2013 Resonanzfrequenz, Q-Faktor und Leseabstand (Reading Distance).\" \/>\n<meta property=\"og:url\" content=\"https:\/\/www.barnestest.com\/de\/test-tools\/cqm-compliance-loesungen\/\" \/>\n<meta property=\"og:site_name\" content=\"Barnes International\" \/>\n<meta property=\"article:modified_time\" content=\"2023-01-12T12:36:03+00:00\" \/>\n<meta property=\"og:image\" content=\"https:\/\/www.barnestest.com\/wp-content\/uploads\/barnes-logo.png\" \/>\n\t<meta property=\"og:image:width\" content=\"183\" \/>\n\t<meta property=\"og:image:height\" content=\"43\" \/>\n\t<meta property=\"og:image:type\" content=\"image\/png\" \/>\n<meta name=\"twitter:card\" content=\"summary_large_image\" \/>\n<meta name=\"twitter:site\" content=\"@barnes_test\" \/>\n<meta name=\"twitter:label1\" content=\"Gesch\u00e4tzte Lesezeit\" \/>\n\t<meta name=\"twitter:data1\" content=\"2\u00a0Minute\" \/>\n<script type=\"application\/ld+json\" class=\"yoast-schema-graph\">{\"@context\":\"https:\\\/\\\/schema.org\",\"@graph\":[{\"@type\":\"WebPage\",\"@id\":\"https:\\\/\\\/www.barnestest.com\\\/de\\\/test-tools\\\/cqm-compliance-loesungen\\\/\",\"url\":\"https:\\\/\\\/www.barnestest.com\\\/de\\\/test-tools\\\/cqm-compliance-loesungen\\\/\",\"name\":\"CQM Compliance L\u00f6sungen | Test Tools | Barnes International Limited\",\"isPartOf\":{\"@id\":\"https:\\\/\\\/www.barnestest.com\\\/de\\\/#website\"},\"datePublished\":\"2023-01-04T20:41:57+00:00\",\"dateModified\":\"2023-01-12T12:36:03+00:00\",\"description\":\"CQM Compliance L\u00f6sungen bietet eine vollst\u00e4ndige Abdeckung der obligatorischen Mastercard-Tests \u2013 Resonanzfrequenz, Q-Faktor und Leseabstand (Reading Distance).\",\"breadcrumb\":{\"@id\":\"https:\\\/\\\/www.barnestest.com\\\/de\\\/test-tools\\\/cqm-compliance-loesungen\\\/#breadcrumb\"},\"inLanguage\":\"de\",\"potentialAction\":[{\"@type\":\"ReadAction\",\"target\":[\"https:\\\/\\\/www.barnestest.com\\\/de\\\/test-tools\\\/cqm-compliance-loesungen\\\/\"]}]},{\"@type\":\"BreadcrumbList\",\"@id\":\"https:\\\/\\\/www.barnestest.com\\\/de\\\/test-tools\\\/cqm-compliance-loesungen\\\/#breadcrumb\",\"itemListElement\":[{\"@type\":\"ListItem\",\"position\":1,\"name\":\"Home\",\"item\":\"https:\\\/\\\/www.barnestest.com\\\/de\\\/\"},{\"@type\":\"ListItem\",\"position\":2,\"name\":\"Test Tools\",\"item\":\"https:\\\/\\\/www.barnestest.com\\\/de\\\/test-tools\\\/\"},{\"@type\":\"ListItem\",\"position\":3,\"name\":\"CQM Compliance L\u00f6sungen\"}]},{\"@type\":\"WebSite\",\"@id\":\"https:\\\/\\\/www.barnestest.com\\\/de\\\/#website\",\"url\":\"https:\\\/\\\/www.barnestest.com\\\/de\\\/\",\"name\":\"Barnes International\",\"description\":\"a leading provider of magnetic stripe and EMV test tools, training and consulting\",\"publisher\":{\"@id\":\"https:\\\/\\\/www.barnestest.com\\\/de\\\/#organization\"},\"potentialAction\":[{\"@type\":\"SearchAction\",\"target\":{\"@type\":\"EntryPoint\",\"urlTemplate\":\"https:\\\/\\\/www.barnestest.com\\\/de\\\/?s={search_term_string}\"},\"query-input\":{\"@type\":\"PropertyValueSpecification\",\"valueRequired\":true,\"valueName\":\"search_term_string\"}}],\"inLanguage\":\"de\"},{\"@type\":\"Organization\",\"@id\":\"https:\\\/\\\/www.barnestest.com\\\/de\\\/#organization\",\"name\":\"Barnes International\",\"url\":\"https:\\\/\\\/www.barnestest.com\\\/de\\\/\",\"logo\":{\"@type\":\"ImageObject\",\"inLanguage\":\"de\",\"@id\":\"https:\\\/\\\/www.barnestest.com\\\/de\\\/#\\\/schema\\\/logo\\\/image\\\/\",\"url\":\"https:\\\/\\\/www.barnestest.com\\\/wp-content\\\/uploads\\\/barnesinternationallogo_transparent.png\",\"contentUrl\":\"https:\\\/\\\/www.barnestest.com\\\/wp-content\\\/uploads\\\/barnesinternationallogo_transparent.png\",\"width\":1712,\"height\":484,\"caption\":\"Barnes International\"},\"image\":{\"@id\":\"https:\\\/\\\/www.barnestest.com\\\/de\\\/#\\\/schema\\\/logo\\\/image\\\/\"},\"sameAs\":[\"https:\\\/\\\/x.com\\\/barnes_test\",\"https:\\\/\\\/www.linkedin.com\\\/company\\\/barnes-international-ltd\\\/\",\"https:\\\/\\\/www.youtube.com\\\/channel\\\/UC5_Lit5ykPemqDHnHda0bvw\"]}]}<\/script>\n<!-- \/ Yoast SEO plugin. -->","yoast_head_json":{"title":"CQM Compliance L\u00f6sungen | Test Tools | Barnes International Limited","description":"CQM Compliance L\u00f6sungen bietet eine vollst\u00e4ndige Abdeckung der obligatorischen Mastercard-Tests \u2013 Resonanzfrequenz, Q-Faktor und Leseabstand (Reading Distance).","robots":{"index":"index","follow":"follow","max-snippet":"max-snippet:-1","max-image-preview":"max-image-preview:large","max-video-preview":"max-video-preview:-1"},"canonical":"https:\/\/www.barnestest.com\/de\/test-tools\/cqm-compliance-loesungen\/","og_locale":"de_DE","og_type":"article","og_title":"CQM Compliance L\u00f6sungen | Test Tools | Barnes International Limited","og_description":"CQM Compliance L\u00f6sungen bietet eine vollst\u00e4ndige Abdeckung der obligatorischen Mastercard-Tests \u2013 Resonanzfrequenz, Q-Faktor und Leseabstand (Reading Distance).","og_url":"https:\/\/www.barnestest.com\/de\/test-tools\/cqm-compliance-loesungen\/","og_site_name":"Barnes International","article_modified_time":"2023-01-12T12:36:03+00:00","og_image":[{"width":183,"height":43,"url":"https:\/\/www.barnestest.com\/wp-content\/uploads\/barnes-logo.png","type":"image\/png"}],"twitter_card":"summary_large_image","twitter_site":"@barnes_test","twitter_misc":{"Gesch\u00e4tzte Lesezeit":"2\u00a0Minute"},"schema":{"@context":"https:\/\/schema.org","@graph":[{"@type":"WebPage","@id":"https:\/\/www.barnestest.com\/de\/test-tools\/cqm-compliance-loesungen\/","url":"https:\/\/www.barnestest.com\/de\/test-tools\/cqm-compliance-loesungen\/","name":"CQM Compliance L\u00f6sungen | Test Tools | Barnes International Limited","isPartOf":{"@id":"https:\/\/www.barnestest.com\/de\/#website"},"datePublished":"2023-01-04T20:41:57+00:00","dateModified":"2023-01-12T12:36:03+00:00","description":"CQM Compliance L\u00f6sungen bietet eine vollst\u00e4ndige Abdeckung der obligatorischen Mastercard-Tests \u2013 Resonanzfrequenz, Q-Faktor und Leseabstand (Reading Distance).","breadcrumb":{"@id":"https:\/\/www.barnestest.com\/de\/test-tools\/cqm-compliance-loesungen\/#breadcrumb"},"inLanguage":"de","potentialAction":[{"@type":"ReadAction","target":["https:\/\/www.barnestest.com\/de\/test-tools\/cqm-compliance-loesungen\/"]}]},{"@type":"BreadcrumbList","@id":"https:\/\/www.barnestest.com\/de\/test-tools\/cqm-compliance-loesungen\/#breadcrumb","itemListElement":[{"@type":"ListItem","position":1,"name":"Home","item":"https:\/\/www.barnestest.com\/de\/"},{"@type":"ListItem","position":2,"name":"Test Tools","item":"https:\/\/www.barnestest.com\/de\/test-tools\/"},{"@type":"ListItem","position":3,"name":"CQM Compliance L\u00f6sungen"}]},{"@type":"WebSite","@id":"https:\/\/www.barnestest.com\/de\/#website","url":"https:\/\/www.barnestest.com\/de\/","name":"Barnes International","description":"a leading provider of magnetic stripe and EMV test tools, training and consulting","publisher":{"@id":"https:\/\/www.barnestest.com\/de\/#organization"},"potentialAction":[{"@type":"SearchAction","target":{"@type":"EntryPoint","urlTemplate":"https:\/\/www.barnestest.com\/de\/?s={search_term_string}"},"query-input":{"@type":"PropertyValueSpecification","valueRequired":true,"valueName":"search_term_string"}}],"inLanguage":"de"},{"@type":"Organization","@id":"https:\/\/www.barnestest.com\/de\/#organization","name":"Barnes International","url":"https:\/\/www.barnestest.com\/de\/","logo":{"@type":"ImageObject","inLanguage":"de","@id":"https:\/\/www.barnestest.com\/de\/#\/schema\/logo\/image\/","url":"https:\/\/www.barnestest.com\/wp-content\/uploads\/barnesinternationallogo_transparent.png","contentUrl":"https:\/\/www.barnestest.com\/wp-content\/uploads\/barnesinternationallogo_transparent.png","width":1712,"height":484,"caption":"Barnes International"},"image":{"@id":"https:\/\/www.barnestest.com\/de\/#\/schema\/logo\/image\/"},"sameAs":["https:\/\/x.com\/barnes_test","https:\/\/www.linkedin.com\/company\/barnes-international-ltd\/","https:\/\/www.youtube.com\/channel\/UC5_Lit5ykPemqDHnHda0bvw"]}]}},"_links":{"self":[{"href":"https:\/\/www.barnestest.com\/de\/wp-json\/wp\/v2\/pages\/9617","targetHints":{"allow":["GET"]}}],"collection":[{"href":"https:\/\/www.barnestest.com\/de\/wp-json\/wp\/v2\/pages"}],"about":[{"href":"https:\/\/www.barnestest.com\/de\/wp-json\/wp\/v2\/types\/page"}],"author":[{"embeddable":true,"href":"https:\/\/www.barnestest.com\/de\/wp-json\/wp\/v2\/users\/4"}],"replies":[{"embeddable":true,"href":"https:\/\/www.barnestest.com\/de\/wp-json\/wp\/v2\/comments?post=9617"}],"version-history":[{"count":0,"href":"https:\/\/www.barnestest.com\/de\/wp-json\/wp\/v2\/pages\/9617\/revisions"}],"up":[{"embeddable":true,"href":"https:\/\/www.barnestest.com\/de\/wp-json\/wp\/v2\/pages\/9614"}],"wp:attachment":[{"href":"https:\/\/www.barnestest.com\/de\/wp-json\/wp\/v2\/media?parent=9617"}],"curies":[{"name":"wp","href":"https:\/\/api.w.org\/{rel}","templated":true}]}}