{"id":4629,"date":"2020-08-04T10:37:18","date_gmt":"2020-08-04T09:37:18","guid":{"rendered":"https:\/\/www.barnestest.com\/sobre-nosotros\/"},"modified":"2023-05-02T19:49:24","modified_gmt":"2023-05-02T18:49:24","slug":"sobre-nosotros","status":"publish","type":"page","link":"https:\/\/www.barnestest.com\/es\/sobre-nosotros\/","title":{"rendered":"Sobre Nosotros"},"content":{"rendered":"<div class=\"wpb-content-wrapper\">[mk_page_section bg_color=\u00bb#b6bada\u00bb padding_top=\u00bb60&#8243; padding_bottom=\u00bb60&#8243; sidebar=\u00bbsidebar-1&#8243;][vc_column width=\u00bb8\/12&#8243;][mk_fancy_title tag_name=\u00bbh1&#8243; color=\u00bb#25334b\u00bb size=\u00bb20&#8243; font_weight=\u00bbbold\u00bb margin_bottom=\u00bb0&#8243; font_family=\u00bbnone\u00bb animation=\u00bbleft-to-right\u00bb]Sobre nosotros[\/mk_fancy_title][mk_fancy_title color=\u00bb#25334b\u00bb size=\u00bb32&#8243; font_weight=\u00bb400&#8243; margin_bottom=\u00bb0&#8243; font_family=\u00bbnone\u00bb animation=\u00bbfade-in\u00bb]La calidad de su producto es nuestra m\u00e1xima prioridad[\/mk_fancy_title][vc_column_text css=\u00bb.vc_custom_1590592791780{margin-bottom: 0px !important;}\u00bb]Formado en 1991, el objetivo de nuestra empresa es satisfacer las necesidades dentro del mundo de las tarjetas inteligentes. Utilizando nuestro conocimiento especializado en las tarjetas inteligentes y migraci\u00f3n del EMV, ahora somos un proveedor internacional l\u00edder de equipos y software de prueba de chip EMV y banda magn\u00e9tica.[\/vc_column_text][\/vc_column][vc_column width=\u00bb1\/12&#8243;][\/vc_column][vc_column width=\u00bb1\/4&#8243;][\/vc_column][\/mk_page_section][mk_page_section bg_image=\u00bbhttp:\/\/www.barnestest.com\/wp-content\/uploads\/magnetic-tape-and-ticket-manufacturers-bg.jpg\u00bb bg_position=\u00bbcenter center\u00bb bg_stretch=\u00bbtrue\u00bb padding_top=\u00bb60&#8243; padding_bottom=\u00bb60&#8243; sidebar=\u00bbsidebar-1&#8243;][vc_column][vc_row_inner][vc_column_inner width=\u00bb8\/12&#8243;][mk_fancy_title color=\u00bb#25334b\u00bb size=\u00bb32&#8243; font_weight=\u00bb400&#8243; margin_bottom=\u00bb0&#8243; font_family=\u00bbnone\u00bb animation=\u00bbleft-to-right\u00bb]Nuestras soluciones[\/mk_fancy_title][vc_column_text css=\u00bb.vc_custom_1585663685043{margin-bottom: 0px !important;}\u00bb]\n<ul>\n<li>Herramientas de An\u00e1lisis y Prueba de Tarjetas Inteligentes que est\u00e1n acreditadas por ISO, EMV, CQM y un Esquema de Pago<\/li>\n<li>Soluciones que permiten a nuestros clientes proporcionar tarjetas de pago, boletos, dispositivos y aplicaciones m\u00f3viles comprobados y certificados a sus clientes<\/li>\n<li>Se utiliza para el desarrollo t\u00e9cnico exitoso, el an\u00e1lisis de fallos, la verificaci\u00f3n de cumplimiento y para el aseguramiento de la calidad de fabricaci\u00f3n<\/li>\n<li>Barnes Smart Solutions desarrolla, mejora y promueve el sistema de emisi\u00f3n de tarjetas P3<\/li>\n<\/ul>\n[\/vc_column_text][\/vc_column_inner][vc_column_inner width=\u00bb1\/12&#8243;][\/vc_column_inner][vc_column_inner width=\u00bb1\/4&#8243;][\/vc_column_inner][\/vc_row_inner][\/vc_column][\/mk_page_section][mk_page_section bg_color=\u00bb#9ca5ba\u00bb min_height=\u00bb0&#8243; padding_top=\u00bb60&#8243; padding_bottom=\u00bb60&#8243; sidebar=\u00bbsidebar-1&#8243;][vc_column][mk_fancy_title tag_name=\u00bbh3&#8243; color=\u00bb#ffffff\u00bb size=\u00bb32&#8243; font_weight=\u00bb400&#8243; margin_bottom=\u00bb0&#8243; font_family=\u00bbnone\u00bb align=\u00bbcenter\u00bb animation=\u00bbleft-to-right\u00bb]Lea m\u00e1s sobre nosotros[\/mk_fancy_title][mk_padding_divider size=\u00bb10&#8243;][vc_row_inner][vc_column_inner width=\u00bb1\/4&#8243; css=\u00bb.vc_custom_1539254199102{padding-top: 30px !important;padding-bottom: 30px !important;}\u00bb][\/vc_column_inner][vc_column_inner width=\u00bb1\/2&#8243; css=\u00bb.vc_custom_1539254205081{padding-top: 30px !important;padding-bottom: 30px !important;}\u00bb][vc_wp_text]<iframe title=\"YouTube video player\" data-src=\"https:\/\/www.youtube.com\/embed\/f5GhcegbvRM\" width=\"560\" height=\"315\" frameborder=\"0\" allowfullscreen=\"allowfullscreen\" src=\"data:image\/svg+xml;base64,PHN2ZyB3aWR0aD0iMSIgaGVpZ2h0PSIxIiB4bWxucz0iaHR0cDovL3d3dy53My5vcmcvMjAwMC9zdmciPjwvc3ZnPg==\" class=\"lazyload\" data-load-mode=\"1\"><\/iframe>[\/vc_wp_text][\/vc_column_inner][vc_column_inner width=\u00bb1\/4&#8243; css=\u00bb.vc_custom_1558524623995{padding-top: 30px !important;padding-bottom: 30px !important;}\u00bb][\/vc_column_inner][\/vc_row_inner][vc_row_inner][vc_column_inner width=\u00bb1\/4&#8243; css=\u00bb.vc_custom_1539254199102{padding-top: 30px !important;padding-bottom: 30px !important;}\u00bb][mk_custom_box padding_vertical=\u00bb\u00bb margin_bottom=\u00bb\u00bb][mk_fancy_title tag_name=\u00bbh5&#8243; color=\u00bb#ffffff\u00bb size=\u00bb20&#8243; line_height=\u00bb73&#8243; font_weight=\u00bbbold\u00bb margin_bottom=\u00bb0&#8243; font_family=\u00bbnone\u00bb animation=\u00bbleft-to-right\u00bb]Nuestros Clientes[\/mk_fancy_title][vc_column_text el_class=\u00bbwhitetext o2c-equal-columns-about\u00bb css=\u00bb.vc_custom_1644335714208{margin-bottom: 0px !important;}\u00bb]<span class=\"\" title=\"\">Nuestros clientes incluyen los desarrolladores, fabricantes, oficinas de personalizaci\u00f3n, bancos, emisores, laboratorios de prueba y esquemas de pago m\u00e1s importantes del mundo.<\/span>[\/vc_column_text][mk_button dimension=\u00bbflat\u00bb corner_style=\u00bbfull_rounded\u00bb url=\u00bb\/es\/sobre-nosotros\/nuestros-clientes\/\u00bb margin_bottom=\u00bb0&#8243; margin_right=\u00bb0&#8243; animation=\u00bbleft-to-right\u00bb el_class=\u00bbo2c-periwinkle-button\u00bb bg_color=\u00bb#ffffff\u00bb btn_hover_bg=\u00bb#eaedf1&#8243; text_color=\u00bbdark\u00bb btn_hover_txt_color=\u00bb#666666&#8243;]Leer m\u00e1s[\/mk_button][\/mk_custom_box][\/vc_column_inner][vc_column_inner width=\u00bb1\/4&#8243; css=\u00bb.vc_custom_1539254205081{padding-top: 30px !important;padding-bottom: 30px !important;}\u00bb][mk_custom_box padding_vertical=\u00bb0&#8243; margin_bottom=\u00bb0&#8243;][mk_fancy_title tag_name=\u00bbh5&#8243; color=\u00bb#ffffff\u00bb size=\u00bb20&#8243; line_height=\u00bb73&#8243; font_weight=\u00bbbold\u00bb margin_bottom=\u00bb0&#8243; font_family=\u00bbnone\u00bb animation=\u00bbleft-to-right\u00bb]Nuestros Socios[\/mk_fancy_title][vc_column_text el_class=\u00bbwhitetext o2c-equal-columns-about\u00bb css=\u00bb.vc_custom_1644335777701{margin-bottom: 0px !important;}\u00bb]<span class=\"\" title=\"\">Con relaciones de trabajo cercanas con los esquemas de pago y las compa\u00f1\u00edas en la industria de tarjetas, ofrecemos a los clientes un excelente servicio.[\/vc_column_text][mk_button dimension=\u00bbflat\u00bb corner_style=\u00bbfull_rounded\u00bb url=\u00bb\/es\/sobre-nosotros\/nuestros-socios\/\u00bb margin_bottom=\u00bb0&#8243; margin_right=\u00bb0&#8243; animation=\u00bbleft-to-right\u00bb el_class=\u00bbo2c-periwinkle-button\u00bb bg_color=\u00bb#ffffff\u00bb btn_hover_bg=\u00bb#eaedf1&#8243; text_color=\u00bbdark\u00bb btn_hover_txt_color=\u00bb#666666&#8243;]Nuestros socios[\/mk_button][\/mk_custom_box][\/vc_column_inner][vc_column_inner width=\u00bb1\/4&#8243; css=\u00bb.vc_custom_1558524623995{padding-top: 30px !important;padding-bottom: 30px !important;}\u00bb][mk_custom_box padding_vertical=\u00bb0&#8243; margin_bottom=\u00bb0&#8243;][mk_fancy_title tag_name=\u00bbh5&#8243; color=\u00bb#ffffff\u00bb size=\u00bb20&#8243; line_height=\u00bb73&#8243; font_weight=\u00bbbold\u00bb margin_bottom=\u00bb0&#8243; font_family=\u00bbnone\u00bb animation=\u00bbleft-to-right\u00bb]Eventos[\/mk_fancy_title][vc_column_text el_class=\u00bbwhitetext o2c-equal-columns-about\u00bb css=\u00bb.vc_custom_1644335791989{margin-bottom: 0px !important;}\u00bb]<span class=\"\" title=\"\">Durante todo el a\u00f1o, asistimos a eventos en todo el mundo, compartiendo ideas y consejos sobre pruebas efectivas de chip, banda magn\u00e9tica y mucho m\u00e1s.[\/vc_column_text][mk_button dimension=\u00bbflat\u00bb corner_style=\u00bbfull_rounded\u00bb url=\u00bb\/es\/sobre-nosotros\/eventos\/\u00bb margin_bottom=\u00bb0&#8243; margin_right=\u00bb0&#8243; animation=\u00bbleft-to-right\u00bb el_class=\u00bbo2c-periwinkle-button\u00bb bg_color=\u00bb#ffffff\u00bb btn_hover_bg=\u00bb#eaedf1&#8243; text_color=\u00bbdark\u00bb btn_hover_txt_color=\u00bb#666666&#8243;]Pr\u00f3ximos eventos[\/mk_button][\/mk_custom_box][\/vc_column_inner][vc_column_inner width=\u00bb1\/4&#8243; css=\u00bb.vc_custom_1539254211267{padding-top: 30px !important;padding-bottom: 30px !important;}\u00bb][mk_custom_box padding_vertical=\u00bb0&#8243; margin_bottom=\u00bb0&#8243;][mk_fancy_title tag_name=\u00bbh5&#8243; color=\u00bb#ffffff\u00bb size=\u00bb20&#8243; line_height=\u00bb73&#8243; font_weight=\u00bbbold\u00bb margin_bottom=\u00bb0&#8243; font_family=\u00bbnone\u00bb animation=\u00bbleft-to-right\u00bb]Testimonios[\/mk_fancy_title][vc_column_text el_class=\u00bbwhitetext o2c-equal-columns-about\u00bb css=\u00bb.vc_custom_1644335801619{margin-bottom: 0px !important;}\u00bb]<span class=\"\" title=\"\">Con clientes y socios dentro de una variedad de sectores, nos aseguramos de que todos reciban el mismo est\u00e1ndar de servicio durante su tiempo con nosotros.[\/vc_column_text][mk_button dimension=\u00bbflat\u00bb corner_style=\u00bbfull_rounded\u00bb url=\u00bb\/es\/sobre-nosotros\/testimonios\/\u00bb margin_bottom=\u00bb0&#8243; margin_right=\u00bb0&#8243; animation=\u00bbleft-to-right\u00bb el_class=\u00bbo2c-periwinkle-button\u00bb bg_color=\u00bb#ffffff\u00bb btn_hover_bg=\u00bb#eaedf1&#8243; text_color=\u00bbdark\u00bb btn_hover_txt_color=\u00bb#666666&#8243;]Leer<br \/>\nm\u00e1s[\/mk_button][\/mk_custom_box][\/vc_column_inner][\/vc_row_inner][\/vc_column][\/mk_page_section][mk_page_section bg_color=\u00bb#0098db\u00bb el_class=\u00bbo2c-white-contact\u00bb sidebar=\u00bbsidebar-1&#8243;][vc_column width=\u00bb1\/12&#8243;][\/vc_column][vc_column width=\u00bb10\/12&#8243;][mk_padding_divider size=\u00bb65&#8243;][mk_fancy_title color=\u00bb#ffffff\u00bb size=\u00bb32&#8243; font_weight=\u00bb400&#8243; margin_bottom=\u00bb0&#8243; font_family=\u00bbnone\u00bb align=\u00bbcenter\u00bb animation=\u00bbfade-in\u00bb]\u00bfDesea saber m\u00e1s?[\/mk_fancy_title][mk_padding_divider size=\u00bb30&#8243;]\n<div class=\"wpcf7 no-js\" id=\"wpcf7-f5865-o1\" lang=\"en-US\" dir=\"ltr\" data-wpcf7-id=\"5865\">\n<div class=\"screen-reader-response\"><p role=\"status\" aria-live=\"polite\" aria-atomic=\"true\"><\/p> <ul><\/ul><\/div>\n<form action=\"\/es\/wp-json\/wp\/v2\/pages\/4629#wpcf7-f5865-o1\" method=\"post\" class=\"wpcf7-form init\" aria-label=\"Contact form\" novalidate=\"novalidate\" data-status=\"init\">\n<fieldset class=\"hidden-fields-container\"><input type=\"hidden\" name=\"_wpcf7\" value=\"5865\" \/><input type=\"hidden\" name=\"_wpcf7_version\" value=\"6.1.5\" \/><input type=\"hidden\" name=\"_wpcf7_locale\" value=\"en_US\" \/><input type=\"hidden\" name=\"_wpcf7_unit_tag\" value=\"wpcf7-f5865-o1\" \/><input type=\"hidden\" name=\"_wpcf7_container_post\" value=\"0\" \/><input type=\"hidden\" name=\"_wpcf7_posted_data_hash\" value=\"\" \/><input type=\"hidden\" name=\"_wpcf7_recaptcha_response\" value=\"\" \/>\n<\/fieldset>\n<div class=\"o2c-fullwidth\">\n\t<div class=\"o2c-break1\">\n\t\t<p><span class=\"wpcf7-form-control-wrap\" data-name=\"full-name\"><input size=\"40\" maxlength=\"400\" class=\"wpcf7-form-control wpcf7-text wpcf7-validates-as-required o2c-text-field\" aria-required=\"true\" aria-invalid=\"false\" placeholder=\"Nombre Completo\" value=\"\" type=\"text\" name=\"full-name\" \/><\/span><br \/>\n<span class=\"wpcf7-form-control-wrap\" data-name=\"company-name\"><input size=\"40\" maxlength=\"400\" class=\"wpcf7-form-control wpcf7-text wpcf7-validates-as-required o2c-text-field\" aria-required=\"true\" aria-invalid=\"false\" placeholder=\"Empresa\" value=\"\" type=\"text\" name=\"company-name\" \/><\/span><br \/>\n<span class=\"wpcf7-form-control-wrap\" data-name=\"customer-email\"><input size=\"40\" maxlength=\"400\" class=\"wpcf7-form-control wpcf7-email wpcf7-validates-as-required wpcf7-text wpcf7-validates-as-email o2c-email-field\" aria-required=\"true\" aria-invalid=\"false\" placeholder=\"Correo Electr\u00f3nico\" value=\"\" type=\"email\" name=\"customer-email\" \/><\/span><br \/>\n<span class=\"wpcf7-form-control-wrap\" data-name=\"customer-telephone\"><input size=\"40\" maxlength=\"400\" class=\"wpcf7-form-control wpcf7-tel wpcf7-text wpcf7-validates-as-tel o2c-text-field\" aria-invalid=\"false\" placeholder=\"Tel\u00e9fono\" value=\"\" type=\"tel\" name=\"customer-telephone\" \/><\/span><br \/>\n\t\t<span class=\"wpcf7-form-control-wrap recaptcha\" data-name=\"recaptcha\"><span data-sitekey=\"6LfV16QUAAAAAAoDHi55y8SiR8vm8sVeBlZMDHpb\" class=\"wpcf7-form-control wpcf7-recaptcha g-recaptcha\"><\/span>\r\n<noscript>\r\n\t<div class=\"grecaptcha-noscript\">\r\n\t\t<iframe src=\"https:\/\/www.google.com\/recaptcha\/api\/fallback?k=6LfV16QUAAAAAAoDHi55y8SiR8vm8sVeBlZMDHpb\" frameborder=\"0\" scrolling=\"no\" width=\"310\" height=\"430\">\r\n\t\t<\/iframe>\r\n\t\t<textarea name=\"g-recaptcha-response\" rows=\"3\" cols=\"40\" placeholder=\"reCaptcha Response Here\">\r\n\t\t<\/textarea>\r\n\t<\/div>\r\n<\/noscript>\r\n<\/span>\n\t\t<\/p>\n\t<\/div>\n\t<div class=\"o2c-break2\">\n\t\t<p><span class=\"wpcf7-form-control-wrap\" data-name=\"customer-query\"><textarea cols=\"40\" rows=\"10\" maxlength=\"2000\" class=\"wpcf7-form-control wpcf7-textarea o2c-text-area\" aria-invalid=\"false\" placeholder=\"Mensaje\" name=\"customer-query\"><\/textarea><\/span>\n\t\t<\/p>\n\t\t<div class=\"o2c-subscribe\">\n\t\t\t<p><span class=\"wpcf7-form-control-wrap\" data-name=\"checkbox-21\"><span class=\"wpcf7-form-control wpcf7-checkbox\"><span class=\"wpcf7-list-item first last\"><input type=\"checkbox\" name=\"checkbox-21[]\" value=\"Registrarse a la Newsletter\" \/><span class=\"wpcf7-list-item-label\">Registrarse a la Newsletter<\/span><\/span><\/span><\/span><br \/>\n<input class=\"wpcf7-form-control wpcf7-submit has-spinner o2c-submit\" type=\"submit\" value=\"Enviar\" \/>\n\t\t\t<\/p>\n\t\t<\/div>\n\t<\/div>\n<\/div>\n<div class=\"gdpr-text-contact\">\n\t<p>Este formulario recopila su nombre, direcci\u00f3n de correo electr\u00f3nico y n\u00famero de tel\u00e9fono para que podamos mantenernos en contacto con usted con respecto a su solicitud. Nuestra <a href=\"\/es\/politica-de-privacidad-rgpd\/\">Pol\u00edtica de privacidad<\/a> proporcionar\u00e1 m\u00e1s informaci\u00f3n sobre c\u00f3mo protegemos estos datos.\n\t<\/p>\n\t<div class=\"gpdr-tick-box-contact\">\n\t\t<p><span class=\"wpcf7-form-control-wrap\" data-name=\"GDPR\"><span class=\"wpcf7-form-control wpcf7-checkbox wpcf7-validates-as-required\"><span class=\"wpcf7-list-item first last\"><input type=\"checkbox\" name=\"GDPR[]\" value=\"Doy mi consentimiento para que Barnes International recopile mis datos.\" \/><span class=\"wpcf7-list-item-label\">Doy mi consentimiento para que Barnes International recopile mis datos.<\/span><\/span><\/span><\/span>\n\t\t<\/p>\n\t<\/div>\n<\/div><div class=\"wpcf7-response-output\" aria-hidden=\"true\"><\/div>\n<\/form>\n<\/div>\n[mk_padding_divider size=\u00bb65&#8243;][\/vc_column][vc_column width=\u00bb1\/12&#8243;][\/vc_column][\/mk_page_section]<\/span><\/span><\/span><\/p>\n<\/div>","protected":false},"excerpt":{"rendered":"<p>[mk_page_section bg_color=\u00bb#b6bada\u00bb padding_top=\u00bb60&#8243; padding_bottom=\u00bb60&#8243; sidebar=\u00bbsidebar-1&#8243;][vc_column width=\u00bb8\/12&#8243;][mk_fancy_title tag_name=\u00bbh1&#8243; color=\u00bb#25334b\u00bb size=\u00bb20&#8243; font_weight=\u00bbbold\u00bb margin_bottom=\u00bb0&#8243; font_family=\u00bbnone\u00bb animation=\u00bbleft-to-right\u00bb]Sobre nosotros[\/mk_fancy_title][mk_fancy_title color=\u00bb#25334b\u00bb size=\u00bb32&#8243; font_weight=\u00bb400&#8243; margin_bottom=\u00bb0&#8243; font_family=\u00bbnone\u00bb animation=\u00bbfade-in\u00bb]La calidad de su producto es nuestra m\u00e1xima prioridad[\/mk_fancy_title][vc_column_text css=\u00bb.vc_custom_1590592791780{margin-bottom: 0px !important;}\u00bb]Formado en 1991, el objetivo de nuestra empresa es satisfacer las necesidades dentro del mundo de las tarjetas inteligentes. Utilizando nuestro conocimiento especializado en las [&hellip;]<\/p>\n","protected":false},"author":1,"featured_media":0,"parent":0,"menu_order":0,"comment_status":"closed","ping_status":"closed","template":"","meta":{"footnotes":""},"class_list":["post-4629","page","type-page","status-publish","hentry"],"yoast_head":"<!-- This site is optimized with the Yoast SEO plugin v27.3 - https:\/\/yoast.com\/product\/yoast-seo-wordpress\/ -->\n<title>Sobre Nosotros | Barnes International Limited<\/title>\n<meta name=\"description\" content=\"Puede obtener aqu\u00ed m\u00e1s informaci\u00f3n sobre Barnes International Limited, inclusive con qui\u00e9n trabajamos, nuestros socios y las razones por las cuales las instituciones financieras y los fabricantes de tarjetas de todo el mundo conf\u00edan en nuestras soluciones de prueba de banda magn\u00e9tica y chip.\" \/>\n<meta name=\"robots\" content=\"index, follow, max-snippet:-1, max-image-preview:large, max-video-preview:-1\" \/>\n<link rel=\"canonical\" href=\"https:\/\/www.barnestest.com\/es\/sobre-nosotros\/\" \/>\n<meta property=\"og:locale\" content=\"es_ES\" \/>\n<meta property=\"og:type\" content=\"article\" \/>\n<meta property=\"og:title\" content=\"Sobre Nosotros | Barnes International Limited\" \/>\n<meta property=\"og:description\" content=\"Puede obtener aqu\u00ed m\u00e1s informaci\u00f3n sobre Barnes International Limited, inclusive con qui\u00e9n trabajamos, nuestros socios y las razones por las cuales las instituciones financieras y los fabricantes de tarjetas de todo el mundo conf\u00edan en nuestras soluciones de prueba de banda magn\u00e9tica y chip.\" \/>\n<meta property=\"og:url\" content=\"https:\/\/www.barnestest.com\/es\/sobre-nosotros\/\" \/>\n<meta property=\"og:site_name\" content=\"Barnes International\" \/>\n<meta property=\"article:modified_time\" content=\"2023-05-02T18:49:24+00:00\" \/>\n<meta property=\"og:image\" content=\"https:\/\/www.barnestest.com\/wp-content\/uploads\/barnes-logo.png\" \/>\n\t<meta property=\"og:image:width\" content=\"183\" \/>\n\t<meta property=\"og:image:height\" content=\"43\" \/>\n\t<meta property=\"og:image:type\" content=\"image\/png\" \/>\n<meta name=\"twitter:card\" content=\"summary_large_image\" \/>\n<meta name=\"twitter:site\" content=\"@barnes_test\" \/>\n<meta name=\"twitter:label1\" content=\"Tiempo de lectura\" \/>\n\t<meta name=\"twitter:data1\" content=\"3 minutos\" \/>\n<script type=\"application\/ld+json\" class=\"yoast-schema-graph\">{\"@context\":\"https:\\\/\\\/schema.org\",\"@graph\":[{\"@type\":\"WebPage\",\"@id\":\"https:\\\/\\\/www.barnestest.com\\\/es\\\/sobre-nosotros\\\/\",\"url\":\"https:\\\/\\\/www.barnestest.com\\\/es\\\/sobre-nosotros\\\/\",\"name\":\"Sobre Nosotros | Barnes International Limited\",\"isPartOf\":{\"@id\":\"https:\\\/\\\/www.barnestest.com\\\/es\\\/#website\"},\"datePublished\":\"2020-08-04T09:37:18+00:00\",\"dateModified\":\"2023-05-02T18:49:24+00:00\",\"description\":\"Puede obtener aqu\u00ed m\u00e1s informaci\u00f3n sobre Barnes International Limited, inclusive con qui\u00e9n trabajamos, nuestros socios y las razones por las cuales las instituciones financieras y los fabricantes de tarjetas de todo el mundo conf\u00edan en nuestras soluciones de prueba de banda magn\u00e9tica y chip.\",\"breadcrumb\":{\"@id\":\"https:\\\/\\\/www.barnestest.com\\\/es\\\/sobre-nosotros\\\/#breadcrumb\"},\"inLanguage\":\"es\",\"potentialAction\":[{\"@type\":\"ReadAction\",\"target\":[\"https:\\\/\\\/www.barnestest.com\\\/es\\\/sobre-nosotros\\\/\"]}]},{\"@type\":\"BreadcrumbList\",\"@id\":\"https:\\\/\\\/www.barnestest.com\\\/es\\\/sobre-nosotros\\\/#breadcrumb\",\"itemListElement\":[{\"@type\":\"ListItem\",\"position\":1,\"name\":\"Home\",\"item\":\"https:\\\/\\\/www.barnestest.com\\\/es\\\/\"},{\"@type\":\"ListItem\",\"position\":2,\"name\":\"Sobre Nosotros\"}]},{\"@type\":\"WebSite\",\"@id\":\"https:\\\/\\\/www.barnestest.com\\\/es\\\/#website\",\"url\":\"https:\\\/\\\/www.barnestest.com\\\/es\\\/\",\"name\":\"Barnes International\",\"description\":\"a leading provider of magnetic stripe and EMV test tools, training and consulting\",\"publisher\":{\"@id\":\"https:\\\/\\\/www.barnestest.com\\\/es\\\/#organization\"},\"potentialAction\":[{\"@type\":\"SearchAction\",\"target\":{\"@type\":\"EntryPoint\",\"urlTemplate\":\"https:\\\/\\\/www.barnestest.com\\\/es\\\/?s={search_term_string}\"},\"query-input\":{\"@type\":\"PropertyValueSpecification\",\"valueRequired\":true,\"valueName\":\"search_term_string\"}}],\"inLanguage\":\"es\"},{\"@type\":\"Organization\",\"@id\":\"https:\\\/\\\/www.barnestest.com\\\/es\\\/#organization\",\"name\":\"Barnes International\",\"url\":\"https:\\\/\\\/www.barnestest.com\\\/es\\\/\",\"logo\":{\"@type\":\"ImageObject\",\"inLanguage\":\"es\",\"@id\":\"https:\\\/\\\/www.barnestest.com\\\/es\\\/#\\\/schema\\\/logo\\\/image\\\/\",\"url\":\"https:\\\/\\\/www.barnestest.com\\\/wp-content\\\/uploads\\\/barnesinternationallogo_transparent.png\",\"contentUrl\":\"https:\\\/\\\/www.barnestest.com\\\/wp-content\\\/uploads\\\/barnesinternationallogo_transparent.png\",\"width\":1712,\"height\":484,\"caption\":\"Barnes International\"},\"image\":{\"@id\":\"https:\\\/\\\/www.barnestest.com\\\/es\\\/#\\\/schema\\\/logo\\\/image\\\/\"},\"sameAs\":[\"https:\\\/\\\/x.com\\\/barnes_test\",\"https:\\\/\\\/www.linkedin.com\\\/company\\\/barnes-international-ltd\\\/\",\"https:\\\/\\\/www.youtube.com\\\/channel\\\/UC5_Lit5ykPemqDHnHda0bvw\"]}]}<\/script>\n<!-- \/ Yoast SEO plugin. -->","yoast_head_json":{"title":"Sobre Nosotros | Barnes International Limited","description":"Puede obtener aqu\u00ed m\u00e1s informaci\u00f3n sobre Barnes International Limited, inclusive con qui\u00e9n trabajamos, nuestros socios y las razones por las cuales las instituciones financieras y los fabricantes de tarjetas de todo el mundo conf\u00edan en nuestras soluciones de prueba de banda magn\u00e9tica y chip.","robots":{"index":"index","follow":"follow","max-snippet":"max-snippet:-1","max-image-preview":"max-image-preview:large","max-video-preview":"max-video-preview:-1"},"canonical":"https:\/\/www.barnestest.com\/es\/sobre-nosotros\/","og_locale":"es_ES","og_type":"article","og_title":"Sobre Nosotros | Barnes International Limited","og_description":"Puede obtener aqu\u00ed m\u00e1s informaci\u00f3n sobre Barnes International Limited, inclusive con qui\u00e9n trabajamos, nuestros socios y las razones por las cuales las instituciones financieras y los fabricantes de tarjetas de todo el mundo conf\u00edan en nuestras soluciones de prueba de banda magn\u00e9tica y chip.","og_url":"https:\/\/www.barnestest.com\/es\/sobre-nosotros\/","og_site_name":"Barnes International","article_modified_time":"2023-05-02T18:49:24+00:00","og_image":[{"width":183,"height":43,"url":"https:\/\/www.barnestest.com\/wp-content\/uploads\/barnes-logo.png","type":"image\/png"}],"twitter_card":"summary_large_image","twitter_site":"@barnes_test","twitter_misc":{"Tiempo de lectura":"3 minutos"},"schema":{"@context":"https:\/\/schema.org","@graph":[{"@type":"WebPage","@id":"https:\/\/www.barnestest.com\/es\/sobre-nosotros\/","url":"https:\/\/www.barnestest.com\/es\/sobre-nosotros\/","name":"Sobre Nosotros | Barnes International Limited","isPartOf":{"@id":"https:\/\/www.barnestest.com\/es\/#website"},"datePublished":"2020-08-04T09:37:18+00:00","dateModified":"2023-05-02T18:49:24+00:00","description":"Puede obtener aqu\u00ed m\u00e1s informaci\u00f3n sobre Barnes International Limited, inclusive con qui\u00e9n trabajamos, nuestros socios y las razones por las cuales las instituciones financieras y los fabricantes de tarjetas de todo el mundo conf\u00edan en nuestras soluciones de prueba de banda magn\u00e9tica y chip.","breadcrumb":{"@id":"https:\/\/www.barnestest.com\/es\/sobre-nosotros\/#breadcrumb"},"inLanguage":"es","potentialAction":[{"@type":"ReadAction","target":["https:\/\/www.barnestest.com\/es\/sobre-nosotros\/"]}]},{"@type":"BreadcrumbList","@id":"https:\/\/www.barnestest.com\/es\/sobre-nosotros\/#breadcrumb","itemListElement":[{"@type":"ListItem","position":1,"name":"Home","item":"https:\/\/www.barnestest.com\/es\/"},{"@type":"ListItem","position":2,"name":"Sobre Nosotros"}]},{"@type":"WebSite","@id":"https:\/\/www.barnestest.com\/es\/#website","url":"https:\/\/www.barnestest.com\/es\/","name":"Barnes International","description":"a leading provider of magnetic stripe and EMV test tools, training and consulting","publisher":{"@id":"https:\/\/www.barnestest.com\/es\/#organization"},"potentialAction":[{"@type":"SearchAction","target":{"@type":"EntryPoint","urlTemplate":"https:\/\/www.barnestest.com\/es\/?s={search_term_string}"},"query-input":{"@type":"PropertyValueSpecification","valueRequired":true,"valueName":"search_term_string"}}],"inLanguage":"es"},{"@type":"Organization","@id":"https:\/\/www.barnestest.com\/es\/#organization","name":"Barnes International","url":"https:\/\/www.barnestest.com\/es\/","logo":{"@type":"ImageObject","inLanguage":"es","@id":"https:\/\/www.barnestest.com\/es\/#\/schema\/logo\/image\/","url":"https:\/\/www.barnestest.com\/wp-content\/uploads\/barnesinternationallogo_transparent.png","contentUrl":"https:\/\/www.barnestest.com\/wp-content\/uploads\/barnesinternationallogo_transparent.png","width":1712,"height":484,"caption":"Barnes International"},"image":{"@id":"https:\/\/www.barnestest.com\/es\/#\/schema\/logo\/image\/"},"sameAs":["https:\/\/x.com\/barnes_test","https:\/\/www.linkedin.com\/company\/barnes-international-ltd\/","https:\/\/www.youtube.com\/channel\/UC5_Lit5ykPemqDHnHda0bvw"]}]}},"_links":{"self":[{"href":"https:\/\/www.barnestest.com\/es\/wp-json\/wp\/v2\/pages\/4629","targetHints":{"allow":["GET"]}}],"collection":[{"href":"https:\/\/www.barnestest.com\/es\/wp-json\/wp\/v2\/pages"}],"about":[{"href":"https:\/\/www.barnestest.com\/es\/wp-json\/wp\/v2\/types\/page"}],"author":[{"embeddable":true,"href":"https:\/\/www.barnestest.com\/es\/wp-json\/wp\/v2\/users\/1"}],"replies":[{"embeddable":true,"href":"https:\/\/www.barnestest.com\/es\/wp-json\/wp\/v2\/comments?post=4629"}],"version-history":[{"count":0,"href":"https:\/\/www.barnestest.com\/es\/wp-json\/wp\/v2\/pages\/4629\/revisions"}],"wp:attachment":[{"href":"https:\/\/www.barnestest.com\/es\/wp-json\/wp\/v2\/media?parent=4629"}],"curies":[{"name":"wp","href":"https:\/\/api.w.org\/{rel}","templated":true}]}}