{"id":4632,"date":"2020-08-04T10:44:21","date_gmt":"2020-08-04T09:44:21","guid":{"rendered":"https:\/\/www.barnestest.com\/sobre-nosotros\/nuestros-clientes\/"},"modified":"2025-12-17T12:05:54","modified_gmt":"2025-12-17T12:05:54","slug":"nuestros-clientes","status":"publish","type":"page","link":"https:\/\/www.barnestest.com\/es\/sobre-nosotros\/nuestros-clientes\/","title":{"rendered":"Nuestros Clientes"},"content":{"rendered":"<div class=\"wpb-content-wrapper\">[mk_page_section bg_color=\u00bb#bec2de\u00bb padding_top=\u00bb60&#8243; padding_bottom=\u00bb60&#8243; sidebar=\u00bbsidebar-1&#8243;][vc_column width=\u00bb8\/12&#8243;][mk_fancy_title tag_name=\u00bbh1&#8243; color=\u00bb#25334b\u00bb size=\u00bb20&#8243; font_weight=\u00bbbold\u00bb margin_bottom=\u00bb0&#8243; font_family=\u00bbnone\u00bb animation=\u00bbleft-to-right\u00bb]Clientes[\/mk_fancy_title][mk_fancy_title color=\u00bb#25334b\u00bb size=\u00bb32&#8243; font_weight=\u00bb400&#8243; margin_bottom=\u00bb0&#8243; font_family=\u00bbnone\u00bb animation=\u00bbfade-in\u00bb]Customer sites in over 115 countries[\/mk_fancy_title][vc_column_text css=\u00bb.vc_custom_1538125231422{margin-bottom: 0px !important;}\u00bb]Nuestras herramientas de prueba son seleccionadas debido a su velocidad, precisi\u00f3n y confiabilidad. Combinadas con niveles inigualables de atenci\u00f3n personal al cliente, Barnes es la elecci\u00f3n preferida de nuevo una y otra vez.[\/vc_column_text][\/vc_column][vc_column width=\u00bb1\/12&#8243;][\/vc_column][vc_column width=\u00bb1\/4&#8243;][\/vc_column][\/mk_page_section][mk_page_section bg_color=\u00bb#3d5e8b\u00bb bg_position=\u00bbcenter center\u00bb bg_stretch=\u00bbtrue\u00bb padding_top=\u00bb60&#8243; padding_bottom=\u00bb60&#8243; sidebar=\u00bbsidebar-1&#8243;][vc_column][vc_row_inner][vc_column_inner width=\u00bb1\/12&#8243;][\/vc_column_inner][vc_column_inner width=\u00bb10\/12&#8243;][mk_fancy_title color=\u00bb#ffffff\u00bb size=\u00bb32&#8243; font_weight=\u00bb400&#8243; margin_bottom=\u00bb0&#8243; font_family=\u00bbnone\u00bb align=\u00bbcenter\u00bb animation=\u00bbfade-in\u00bb]Los principales fabricantes de tarjetas y oficinas de personalizaci\u00f3n del mundo utilizan las herramientas de prueba de Barnes[\/mk_fancy_title][mk_image src=\u00bbhttps:\/\/www.barnestest.com\/wp-content\/uploads\/logos_about-us-our-customers-top-card-manufacturers-rev2.jpg\u00bb image_size=\u00bbfull\u00bb align=\u00bbcenter\u00bb][mk_padding_divider size=\u00bb20&#8243;][mk_fancy_title color=\u00bb#ffffff\u00bb size=\u00bb32&#8243; font_weight=\u00bb400&#8243; margin_bottom=\u00bb0&#8243; font_family=\u00bbnone\u00bb align=\u00bbcenter\u00bb animation=\u00bbfade-in\u00bb]Las herramientas de prueba de Barnes son seleccionadas por Instituciones Financieras l\u00edderes en cada regi\u00f3n, incluyendo:[\/mk_fancy_title][mk_image src=\u00bbhttps:\/\/www.barnestest.com\/wp-content\/uploads\/financial-institutions_our-customers_barnestest-2.jpg\u00bb image_size=\u00bbfull\u00bb align=\u00bbcenter\u00bb][\/vc_column_inner][vc_column_inner width=\u00bb1\/12&#8243;][\/vc_column_inner][\/vc_row_inner][\/vc_column][\/mk_page_section][mk_page_section bg_color=\u00bb#0098db\u00bb el_class=\u00bbo2c-white-contact\u00bb sidebar=\u00bbsidebar-1&#8243;][vc_column width=\u00bb1\/12&#8243;][\/vc_column][vc_column width=\u00bb10\/12&#8243;][mk_padding_divider size=\u00bb65&#8243;][mk_fancy_title color=\u00bb#ffffff\u00bb size=\u00bb32&#8243; font_weight=\u00bb400&#8243; margin_bottom=\u00bb0&#8243; font_family=\u00bbnone\u00bb align=\u00bbcenter\u00bb animation=\u00bbfade-in\u00bb]\u00bfDesea saber m\u00e1s?[\/mk_fancy_title][mk_padding_divider size=\u00bb30&#8243;]\n<div class=\"wpcf7 no-js\" id=\"wpcf7-f141-o1\" lang=\"en-US\" dir=\"ltr\" data-wpcf7-id=\"141\">\n<div class=\"screen-reader-response\"><p role=\"status\" aria-live=\"polite\" aria-atomic=\"true\"><\/p> <ul><\/ul><\/div>\n<form action=\"\/es\/wp-json\/wp\/v2\/pages\/4632#wpcf7-f141-o1\" method=\"post\" class=\"wpcf7-form init\" aria-label=\"Contact form\" novalidate=\"novalidate\" data-status=\"init\">\n<fieldset class=\"hidden-fields-container\"><input type=\"hidden\" name=\"_wpcf7\" value=\"141\" \/><input type=\"hidden\" name=\"_wpcf7_version\" value=\"6.1.5\" \/><input type=\"hidden\" name=\"_wpcf7_locale\" value=\"en_US\" \/><input type=\"hidden\" name=\"_wpcf7_unit_tag\" value=\"wpcf7-f141-o1\" \/><input type=\"hidden\" name=\"_wpcf7_container_post\" value=\"0\" \/><input type=\"hidden\" name=\"_wpcf7_posted_data_hash\" value=\"\" \/><input type=\"hidden\" name=\"_wpcf7_recaptcha_response\" value=\"\" \/>\n<\/fieldset>\n<div class=\"o2c-fullwidth\">\n\t<div class=\"o2c-break1\">\n\t\t<p><span class=\"wpcf7-form-control-wrap\" data-name=\"full-name\"><input size=\"40\" maxlength=\"400\" class=\"wpcf7-form-control wpcf7-text wpcf7-validates-as-required o2c-text-field\" aria-required=\"true\" aria-invalid=\"false\" placeholder=\"Full Name\" value=\"\" type=\"text\" name=\"full-name\" \/><\/span><br \/>\n<span class=\"wpcf7-form-control-wrap\" data-name=\"company-name\"><input size=\"40\" maxlength=\"400\" class=\"wpcf7-form-control wpcf7-text wpcf7-validates-as-required o2c-text-field\" aria-required=\"true\" aria-invalid=\"false\" placeholder=\"Company\" value=\"\" type=\"text\" name=\"company-name\" \/><\/span><br \/>\n<span class=\"wpcf7-form-control-wrap\" data-name=\"customer-email\"><input size=\"40\" maxlength=\"400\" class=\"wpcf7-form-control wpcf7-email wpcf7-validates-as-required wpcf7-text wpcf7-validates-as-email o2c-email-field\" aria-required=\"true\" aria-invalid=\"false\" placeholder=\"Email\" value=\"\" type=\"email\" name=\"customer-email\" \/><\/span><br \/>\n<span class=\"wpcf7-form-control-wrap\" data-name=\"customer-telephone\"><input size=\"40\" maxlength=\"400\" class=\"wpcf7-form-control wpcf7-tel wpcf7-text wpcf7-validates-as-tel o2c-text-field\" aria-invalid=\"false\" placeholder=\"Telephone\" value=\"\" type=\"tel\" name=\"customer-telephone\" \/><\/span><br \/>\n\t\t<span class=\"wpcf7-form-control-wrap recaptcha\" data-name=\"recaptcha\"><span data-sitekey=\"6LfV16QUAAAAAAoDHi55y8SiR8vm8sVeBlZMDHpb\" class=\"wpcf7-form-control wpcf7-recaptcha g-recaptcha\"><\/span>\r\n<noscript>\r\n\t<div class=\"grecaptcha-noscript\">\r\n\t\t<iframe src=\"https:\/\/www.google.com\/recaptcha\/api\/fallback?k=6LfV16QUAAAAAAoDHi55y8SiR8vm8sVeBlZMDHpb\" frameborder=\"0\" scrolling=\"no\" width=\"310\" height=\"430\">\r\n\t\t<\/iframe>\r\n\t\t<textarea name=\"g-recaptcha-response\" rows=\"3\" cols=\"40\" placeholder=\"reCaptcha Response Here\">\r\n\t\t<\/textarea>\r\n\t<\/div>\r\n<\/noscript>\r\n<\/span>\n\t\t<\/p>\n\t<\/div>\n\t<div class=\"o2c-break2\">\n\t\t<p><span class=\"wpcf7-form-control-wrap\" data-name=\"customer-query\"><textarea cols=\"40\" rows=\"10\" maxlength=\"2000\" class=\"wpcf7-form-control wpcf7-textarea o2c-text-area\" aria-invalid=\"false\" placeholder=\"Query\" name=\"customer-query\"><\/textarea><\/span>\n\t\t<\/p>\n\t\t<div class=\"o2c-subscribe\">\n\t\t\t<p><span class=\"wpcf7-form-control-wrap\" data-name=\"checkbox-21\"><span class=\"wpcf7-form-control wpcf7-checkbox\"><span class=\"wpcf7-list-item first last\"><input type=\"checkbox\" name=\"checkbox-21[]\" value=\"Subscribe to updates\" \/><span class=\"wpcf7-list-item-label\">Subscribe to updates<\/span><\/span><\/span><\/span><br \/>\n<input class=\"wpcf7-form-control wpcf7-submit has-spinner o2c-submit\" type=\"submit\" value=\"Send\" \/>\n\t\t\t<\/p>\n\t\t<\/div>\n\t<\/div>\n<\/div>\n<div class=\"gdpr-text-contact\">\n\t<p>This form collects your name, email and telephone number so that we can keep in contact with you regarding your enquiry. Our <a href=\"\/privacy-policy\/\">Privacy Policy<\/a> will provide further information on how this data is protected and managed.\n\t<\/p>\n\t<div class=\"gpdr-tick-box-contact\">\n\t\t<p><span class=\"wpcf7-form-control-wrap\" data-name=\"GDPR\"><span class=\"wpcf7-form-control wpcf7-checkbox wpcf7-validates-as-required\"><span class=\"wpcf7-list-item first last\"><input type=\"checkbox\" name=\"GDPR[]\" value=\"I consent to having Barnes International collect my data.\" \/><span class=\"wpcf7-list-item-label\">I consent to having Barnes International collect my data.<\/span><\/span><\/span><\/span>\n\t\t<\/p>\n\t<\/div>\n<\/div><div class=\"wpcf7-response-output\" aria-hidden=\"true\"><\/div>\n<\/form>\n<\/div>\n[mk_padding_divider size=\u00bb65&#8243;][\/vc_column][vc_column width=\u00bb1\/12&#8243;][\/vc_column][\/mk_page_section]\n<\/div>","protected":false},"excerpt":{"rendered":"<p>[mk_page_section bg_color=\u00bb#bec2de\u00bb padding_top=\u00bb60&#8243; padding_bottom=\u00bb60&#8243; sidebar=\u00bbsidebar-1&#8243;][vc_column width=\u00bb8\/12&#8243;][mk_fancy_title tag_name=\u00bbh1&#8243; color=\u00bb#25334b\u00bb size=\u00bb20&#8243; font_weight=\u00bbbold\u00bb margin_bottom=\u00bb0&#8243; font_family=\u00bbnone\u00bb animation=\u00bbleft-to-right\u00bb]Clientes[\/mk_fancy_title][mk_fancy_title color=\u00bb#25334b\u00bb size=\u00bb32&#8243; font_weight=\u00bb400&#8243; margin_bottom=\u00bb0&#8243; font_family=\u00bbnone\u00bb animation=\u00bbfade-in\u00bb]Customer sites in over 115 countries[\/mk_fancy_title][vc_column_text css=\u00bb.vc_custom_1538125231422{margin-bottom: 0px !important;}\u00bb]Nuestras herramientas de prueba son seleccionadas debido a su velocidad, precisi\u00f3n y confiabilidad. Combinadas con niveles inigualables de atenci\u00f3n personal al cliente, Barnes es la elecci\u00f3n preferida de nuevo [&hellip;]<\/p>\n","protected":false},"author":1,"featured_media":0,"parent":4629,"menu_order":0,"comment_status":"closed","ping_status":"closed","template":"","meta":{"footnotes":""},"class_list":["post-4632","page","type-page","status-publish","hentry"],"yoast_head":"<!-- This site is optimized with the Yoast SEO plugin v27.3 - https:\/\/yoast.com\/product\/yoast-seo-wordpress\/ -->\n<title>Nuestros Clientes | Sobre Nosotros | Barnes International Limited<\/title>\n<meta name=\"description\" content=\"Con la confianza de los principales fabricantes de tarjetas del mundo, oficinas de personalizaci\u00f3n e instituciones financieras, nuestras soluciones de herramientas de prueba son de confianza gracias a su velocidad, precisi\u00f3n y confiabilidad. Obtenga m\u00e1s informaci\u00f3n sobre la gama de empresas que utilizan nuestras herramientas.\" \/>\n<meta name=\"robots\" content=\"index, follow, max-snippet:-1, max-image-preview:large, max-video-preview:-1\" \/>\n<link rel=\"canonical\" href=\"https:\/\/www.barnestest.com\/es\/sobre-nosotros\/nuestros-clientes\/\" \/>\n<meta property=\"og:locale\" content=\"es_ES\" \/>\n<meta property=\"og:type\" content=\"article\" \/>\n<meta property=\"og:title\" content=\"Nuestros Clientes | Sobre Nosotros | Barnes International Limited\" \/>\n<meta property=\"og:description\" content=\"Con la confianza de los principales fabricantes de tarjetas del mundo, oficinas de personalizaci\u00f3n e instituciones financieras, nuestras soluciones de herramientas de prueba son de confianza gracias a su velocidad, precisi\u00f3n y confiabilidad. Obtenga m\u00e1s informaci\u00f3n sobre la gama de empresas que utilizan nuestras herramientas.\" \/>\n<meta property=\"og:url\" content=\"https:\/\/www.barnestest.com\/es\/sobre-nosotros\/nuestros-clientes\/\" \/>\n<meta property=\"og:site_name\" content=\"Barnes International\" \/>\n<meta property=\"article:modified_time\" content=\"2025-12-17T12:05:54+00:00\" \/>\n<meta property=\"og:image\" content=\"https:\/\/www.barnestest.com\/wp-content\/uploads\/barnes-logo.png\" \/>\n\t<meta property=\"og:image:width\" content=\"183\" \/>\n\t<meta property=\"og:image:height\" content=\"43\" \/>\n\t<meta property=\"og:image:type\" content=\"image\/png\" \/>\n<meta name=\"twitter:card\" content=\"summary_large_image\" \/>\n<meta name=\"twitter:site\" content=\"@barnes_test\" \/>\n<meta name=\"twitter:label1\" content=\"Tiempo de lectura\" \/>\n\t<meta name=\"twitter:data1\" content=\"2 minutos\" \/>\n<script type=\"application\/ld+json\" class=\"yoast-schema-graph\">{\"@context\":\"https:\\\/\\\/schema.org\",\"@graph\":[{\"@type\":\"WebPage\",\"@id\":\"https:\\\/\\\/www.barnestest.com\\\/es\\\/sobre-nosotros\\\/nuestros-clientes\\\/\",\"url\":\"https:\\\/\\\/www.barnestest.com\\\/es\\\/sobre-nosotros\\\/nuestros-clientes\\\/\",\"name\":\"Nuestros Clientes | Sobre Nosotros | Barnes International Limited\",\"isPartOf\":{\"@id\":\"https:\\\/\\\/www.barnestest.com\\\/es\\\/#website\"},\"datePublished\":\"2020-08-04T09:44:21+00:00\",\"dateModified\":\"2025-12-17T12:05:54+00:00\",\"description\":\"Con la confianza de los principales fabricantes de tarjetas del mundo, oficinas de personalizaci\u00f3n e instituciones financieras, nuestras soluciones de herramientas de prueba son de confianza gracias a su velocidad, precisi\u00f3n y confiabilidad. Obtenga m\u00e1s informaci\u00f3n sobre la gama de empresas que utilizan nuestras herramientas.\",\"breadcrumb\":{\"@id\":\"https:\\\/\\\/www.barnestest.com\\\/es\\\/sobre-nosotros\\\/nuestros-clientes\\\/#breadcrumb\"},\"inLanguage\":\"es\",\"potentialAction\":[{\"@type\":\"ReadAction\",\"target\":[\"https:\\\/\\\/www.barnestest.com\\\/es\\\/sobre-nosotros\\\/nuestros-clientes\\\/\"]}]},{\"@type\":\"BreadcrumbList\",\"@id\":\"https:\\\/\\\/www.barnestest.com\\\/es\\\/sobre-nosotros\\\/nuestros-clientes\\\/#breadcrumb\",\"itemListElement\":[{\"@type\":\"ListItem\",\"position\":1,\"name\":\"Home\",\"item\":\"https:\\\/\\\/www.barnestest.com\\\/es\\\/\"},{\"@type\":\"ListItem\",\"position\":2,\"name\":\"Sobre Nosotros\",\"item\":\"https:\\\/\\\/www.barnestest.com\\\/es\\\/sobre-nosotros\\\/\"},{\"@type\":\"ListItem\",\"position\":3,\"name\":\"Nuestros Clientes\"}]},{\"@type\":\"WebSite\",\"@id\":\"https:\\\/\\\/www.barnestest.com\\\/es\\\/#website\",\"url\":\"https:\\\/\\\/www.barnestest.com\\\/es\\\/\",\"name\":\"Barnes International\",\"description\":\"a leading provider of magnetic stripe and EMV test tools, training and consulting\",\"publisher\":{\"@id\":\"https:\\\/\\\/www.barnestest.com\\\/es\\\/#organization\"},\"potentialAction\":[{\"@type\":\"SearchAction\",\"target\":{\"@type\":\"EntryPoint\",\"urlTemplate\":\"https:\\\/\\\/www.barnestest.com\\\/es\\\/?s={search_term_string}\"},\"query-input\":{\"@type\":\"PropertyValueSpecification\",\"valueRequired\":true,\"valueName\":\"search_term_string\"}}],\"inLanguage\":\"es\"},{\"@type\":\"Organization\",\"@id\":\"https:\\\/\\\/www.barnestest.com\\\/es\\\/#organization\",\"name\":\"Barnes International\",\"url\":\"https:\\\/\\\/www.barnestest.com\\\/es\\\/\",\"logo\":{\"@type\":\"ImageObject\",\"inLanguage\":\"es\",\"@id\":\"https:\\\/\\\/www.barnestest.com\\\/es\\\/#\\\/schema\\\/logo\\\/image\\\/\",\"url\":\"https:\\\/\\\/www.barnestest.com\\\/wp-content\\\/uploads\\\/barnesinternationallogo_transparent.png\",\"contentUrl\":\"https:\\\/\\\/www.barnestest.com\\\/wp-content\\\/uploads\\\/barnesinternationallogo_transparent.png\",\"width\":1712,\"height\":484,\"caption\":\"Barnes International\"},\"image\":{\"@id\":\"https:\\\/\\\/www.barnestest.com\\\/es\\\/#\\\/schema\\\/logo\\\/image\\\/\"},\"sameAs\":[\"https:\\\/\\\/x.com\\\/barnes_test\",\"https:\\\/\\\/www.linkedin.com\\\/company\\\/barnes-international-ltd\\\/\",\"https:\\\/\\\/www.youtube.com\\\/channel\\\/UC5_Lit5ykPemqDHnHda0bvw\"]}]}<\/script>\n<!-- \/ Yoast SEO plugin. -->","yoast_head_json":{"title":"Nuestros Clientes | Sobre Nosotros | Barnes International Limited","description":"Con la confianza de los principales fabricantes de tarjetas del mundo, oficinas de personalizaci\u00f3n e instituciones financieras, nuestras soluciones de herramientas de prueba son de confianza gracias a su velocidad, precisi\u00f3n y confiabilidad. Obtenga m\u00e1s informaci\u00f3n sobre la gama de empresas que utilizan nuestras herramientas.","robots":{"index":"index","follow":"follow","max-snippet":"max-snippet:-1","max-image-preview":"max-image-preview:large","max-video-preview":"max-video-preview:-1"},"canonical":"https:\/\/www.barnestest.com\/es\/sobre-nosotros\/nuestros-clientes\/","og_locale":"es_ES","og_type":"article","og_title":"Nuestros Clientes | Sobre Nosotros | Barnes International Limited","og_description":"Con la confianza de los principales fabricantes de tarjetas del mundo, oficinas de personalizaci\u00f3n e instituciones financieras, nuestras soluciones de herramientas de prueba son de confianza gracias a su velocidad, precisi\u00f3n y confiabilidad. Obtenga m\u00e1s informaci\u00f3n sobre la gama de empresas que utilizan nuestras herramientas.","og_url":"https:\/\/www.barnestest.com\/es\/sobre-nosotros\/nuestros-clientes\/","og_site_name":"Barnes International","article_modified_time":"2025-12-17T12:05:54+00:00","og_image":[{"width":183,"height":43,"url":"https:\/\/www.barnestest.com\/wp-content\/uploads\/barnes-logo.png","type":"image\/png"}],"twitter_card":"summary_large_image","twitter_site":"@barnes_test","twitter_misc":{"Tiempo de lectura":"2 minutos"},"schema":{"@context":"https:\/\/schema.org","@graph":[{"@type":"WebPage","@id":"https:\/\/www.barnestest.com\/es\/sobre-nosotros\/nuestros-clientes\/","url":"https:\/\/www.barnestest.com\/es\/sobre-nosotros\/nuestros-clientes\/","name":"Nuestros Clientes | Sobre Nosotros | Barnes International Limited","isPartOf":{"@id":"https:\/\/www.barnestest.com\/es\/#website"},"datePublished":"2020-08-04T09:44:21+00:00","dateModified":"2025-12-17T12:05:54+00:00","description":"Con la confianza de los principales fabricantes de tarjetas del mundo, oficinas de personalizaci\u00f3n e instituciones financieras, nuestras soluciones de herramientas de prueba son de confianza gracias a su velocidad, precisi\u00f3n y confiabilidad. Obtenga m\u00e1s informaci\u00f3n sobre la gama de empresas que utilizan nuestras herramientas.","breadcrumb":{"@id":"https:\/\/www.barnestest.com\/es\/sobre-nosotros\/nuestros-clientes\/#breadcrumb"},"inLanguage":"es","potentialAction":[{"@type":"ReadAction","target":["https:\/\/www.barnestest.com\/es\/sobre-nosotros\/nuestros-clientes\/"]}]},{"@type":"BreadcrumbList","@id":"https:\/\/www.barnestest.com\/es\/sobre-nosotros\/nuestros-clientes\/#breadcrumb","itemListElement":[{"@type":"ListItem","position":1,"name":"Home","item":"https:\/\/www.barnestest.com\/es\/"},{"@type":"ListItem","position":2,"name":"Sobre Nosotros","item":"https:\/\/www.barnestest.com\/es\/sobre-nosotros\/"},{"@type":"ListItem","position":3,"name":"Nuestros Clientes"}]},{"@type":"WebSite","@id":"https:\/\/www.barnestest.com\/es\/#website","url":"https:\/\/www.barnestest.com\/es\/","name":"Barnes International","description":"a leading provider of magnetic stripe and EMV test tools, training and consulting","publisher":{"@id":"https:\/\/www.barnestest.com\/es\/#organization"},"potentialAction":[{"@type":"SearchAction","target":{"@type":"EntryPoint","urlTemplate":"https:\/\/www.barnestest.com\/es\/?s={search_term_string}"},"query-input":{"@type":"PropertyValueSpecification","valueRequired":true,"valueName":"search_term_string"}}],"inLanguage":"es"},{"@type":"Organization","@id":"https:\/\/www.barnestest.com\/es\/#organization","name":"Barnes International","url":"https:\/\/www.barnestest.com\/es\/","logo":{"@type":"ImageObject","inLanguage":"es","@id":"https:\/\/www.barnestest.com\/es\/#\/schema\/logo\/image\/","url":"https:\/\/www.barnestest.com\/wp-content\/uploads\/barnesinternationallogo_transparent.png","contentUrl":"https:\/\/www.barnestest.com\/wp-content\/uploads\/barnesinternationallogo_transparent.png","width":1712,"height":484,"caption":"Barnes International"},"image":{"@id":"https:\/\/www.barnestest.com\/es\/#\/schema\/logo\/image\/"},"sameAs":["https:\/\/x.com\/barnes_test","https:\/\/www.linkedin.com\/company\/barnes-international-ltd\/","https:\/\/www.youtube.com\/channel\/UC5_Lit5ykPemqDHnHda0bvw"]}]}},"_links":{"self":[{"href":"https:\/\/www.barnestest.com\/es\/wp-json\/wp\/v2\/pages\/4632","targetHints":{"allow":["GET"]}}],"collection":[{"href":"https:\/\/www.barnestest.com\/es\/wp-json\/wp\/v2\/pages"}],"about":[{"href":"https:\/\/www.barnestest.com\/es\/wp-json\/wp\/v2\/types\/page"}],"author":[{"embeddable":true,"href":"https:\/\/www.barnestest.com\/es\/wp-json\/wp\/v2\/users\/1"}],"replies":[{"embeddable":true,"href":"https:\/\/www.barnestest.com\/es\/wp-json\/wp\/v2\/comments?post=4632"}],"version-history":[{"count":3,"href":"https:\/\/www.barnestest.com\/es\/wp-json\/wp\/v2\/pages\/4632\/revisions"}],"predecessor-version":[{"id":11845,"href":"https:\/\/www.barnestest.com\/es\/wp-json\/wp\/v2\/pages\/4632\/revisions\/11845"}],"up":[{"embeddable":true,"href":"https:\/\/www.barnestest.com\/es\/wp-json\/wp\/v2\/pages\/4629"}],"wp:attachment":[{"href":"https:\/\/www.barnestest.com\/es\/wp-json\/wp\/v2\/media?parent=4632"}],"curies":[{"name":"wp","href":"https:\/\/api.w.org\/{rel}","templated":true}]}}