{"id":4678,"date":"2020-08-06T13:46:35","date_gmt":"2020-08-06T12:46:35","guid":{"rendered":"https:\/\/www.barnestest.com\/herramientas-de-prueba\/"},"modified":"2020-12-22T11:27:10","modified_gmt":"2020-12-22T11:27:10","slug":"herramientas-de-prueba","status":"publish","type":"page","link":"https:\/\/www.barnestest.com\/es\/herramientas-de-prueba\/","title":{"rendered":"Herramientas de Prueba"},"content":{"rendered":"<div class=\"wpb-content-wrapper\">[mk_page_section bg_color=\u00bb#76889d\u00bb padding_top=\u00bb60&#8243; padding_bottom=\u00bb60&#8243; sidebar=\u00bbsidebar-1&#8243;][vc_column width=\u00bb8\/12&#8243;][mk_fancy_title tag_name=\u00bbh1&#8243; color=\u00bb#ffffff\u00bb size=\u00bb20&#8243; font_weight=\u00bbbold\u00bb margin_bottom=\u00bb0&#8243; font_family=\u00bbnone\u00bb animation=\u00bbleft-to-right\u00bb]Herramientas de Prueba[\/mk_fancy_title][mk_fancy_title color=\u00bb#ffffff\u00bb size=\u00bb32&#8243; font_weight=\u00bb400&#8243; margin_bottom=\u00bb0&#8243; font_family=\u00bbnone\u00bb animation=\u00bbfade-in\u00bb]Aumente la eficiencia y minimice los errores[\/mk_fancy_title][vc_column_text el_class=\u00bbwhitetext\u00bb css=\u00bb.vc_custom_1606401036267{margin-bottom: 0px !important;}\u00bb]\n<p><span style=\"font-size: 18px;\">Con una gama de herramientas de prueba de chip y banda magn\u00e9tica disponible, Barnes trabaja con organizaciones a escala internacional para ofrecer la garantia de una entrega de medios magn\u00e9ticos, tarjetas y otros productos de la m\u00e1s alta calidad.<\/span><\/p>\n[\/vc_column_text][\/vc_column][vc_column width=\u00bb1\/12&#8243;][\/vc_column][vc_column width=\u00bb1\/4&#8243;][\/vc_column][\/mk_page_section][mk_page_section bg_image=\u00bbhttp:\/\/www.barnestest.com\/wp-content\/uploads\/barnes_slide_2.jpg\u00bb bg_position=\u00bbcenter center\u00bb bg_stretch=\u00bbtrue\u00bb padding_top=\u00bb60&#8243; padding_bottom=\u00bb60&#8243; sidebar=\u00bbsidebar-1&#8243;][vc_column][vc_row_inner][vc_column_inner width=\u00bb8\/12&#8243;][mk_fancy_title color=\u00bb#25334b\u00bb size=\u00bb32&#8243; font_weight=\u00bb400&#8243; margin_bottom=\u00bb0&#8243; font_family=\u00bbnone\u00bb animation=\u00bbleft-to-right\u00bb]Nuestras Herramientas de Prueba[\/mk_fancy_title][\/vc_column_inner][vc_column_inner width=\u00bb1\/12&#8243;][\/vc_column_inner][vc_column_inner width=\u00bb1\/4&#8243;][\/vc_column_inner][\/vc_row_inner][vc_row_inner][vc_column_inner width=\u00bb1\/3&#8243; css=\u00bb.vc_custom_1524475255084{padding-right: 5px !important;padding-left: 5px !important;}\u00bb][mk_custom_box corner_radius=\u00bb10&#8243; padding_vertical=\u00bb0&#8243; padding_horizental=\u00bb10&#8243; margin_bottom=\u00bb0&#8243; min_height=\u00bb0&#8243; animation=\u00bbleft-to-right\u00bb bg_color=\u00bb#ffffff\u00bb][mk_padding_divider size=\u00bb20&#8243;][mk_fancy_title tag_name=\u00bbh1&#8243; color=\u00bb#76889d\u00bb size=\u00bb20&#8243; font_weight=\u00bbbold\u00bb margin_bottom=\u00bb0&#8243; font_family=\u00bbnone\u00bb align=\u00bbcenter\u00bb]<a href=\"https:\/\/www.barnestest.com\/es\/herramientas-de-prueba\/validacion-de-personalizacion-emv\/\">Validaci\u00f3n de Personalizaci\u00f3n EMV<\/a><br \/>\n<a href=\"https:\/\/www.barnestest.com\/es\/herramientas-de-prueba\/validacion-de-personalizacion-emv\/\"><span style=\"color: #808080;\">CPT 3000v3CL<\/span><\/a>[\/mk_fancy_title][\/mk_custom_box][\/vc_column_inner][vc_column_inner width=\u00bb1\/3&#8243; css=\u00bb.vc_custom_1524475264500{padding-right: 5px !important;padding-left: 5px !important;}\u00bb][mk_custom_box corner_radius=\u00bb10&#8243; padding_vertical=\u00bb0&#8243; padding_horizental=\u00bb10&#8243; margin_bottom=\u00bb0&#8243; min_height=\u00bb0&#8243; animation=\u00bbbottom-to-top\u00bb bg_color=\u00bb#ffffff\u00bb][mk_padding_divider size=\u00bb20&#8243;][mk_fancy_title tag_name=\u00bbh1&#8243; color=\u00bb#76889d\u00bb size=\u00bb20&#8243; font_weight=\u00bbbold\u00bb margin_bottom=\u00bb0&#8243; font_family=\u00bbnone\u00bb align=\u00bbcenter\u00bb]<a href=\"https:\/\/www.barnestest.com\/es\/herramientas-de-prueba\/pagos-moviles-nfc\/\">Pagos m\u00f3viles NFC<\/a><br \/>\n<a href=\"https:\/\/www.barnestest.com\/es\/herramientas-de-prueba\/pagos-moviles-nfc\/\"><span style=\"color: #808080;\">CPT 3000v3ML<\/span><\/a>[\/mk_fancy_title][\/mk_custom_box][\/vc_column_inner][vc_column_inner width=\u00bb1\/3&#8243; css=\u00bb.vc_custom_1524475269698{padding-right: 5px !important;padding-left: 5px !important;}\u00bb][mk_custom_box corner_radius=\u00bb10&#8243; padding_vertical=\u00bb0&#8243; padding_horizental=\u00bb10&#8243; margin_bottom=\u00bb0&#8243; min_height=\u00bb0&#8243; animation=\u00bbright-to-left\u00bb bg_color=\u00bb#ffffff\u00bb][mk_padding_divider size=\u00bb20&#8243;][mk_fancy_title tag_name=\u00bbh1&#8243; color=\u00bb#76889d\u00bb size=\u00bb20&#8243; font_weight=\u00bbbold\u00bb margin_bottom=\u00bb0&#8243; font_family=\u00bbnone\u00bb align=\u00bbcenter\u00bb]<a href=\"https:\/\/www.barnestest.com\/es\/herramientas-de-prueba\/soluciones-de-cumplimiento-cqm\/\">Herramientas de Prueba CQM<\/a><br \/>\n<a href=\"https:\/\/www.barnestest.com\/es\/herramientas-de-prueba\/soluciones-de-cumplimiento-cqm\/\"><span style=\"color: #808080;\">Q-Factor, RF y Distancia de Lectura<\/span><\/a>[\/mk_fancy_title][\/mk_custom_box][\/vc_column_inner][\/vc_row_inner][mk_padding_divider size=\u00bb20&#8243;][vc_row_inner][vc_column_inner width=\u00bb1\/3&#8243; css=\u00bb.vc_custom_1524475255084{padding-right: 5px !important;padding-left: 5px !important;}\u00bb][mk_custom_box corner_radius=\u00bb10&#8243; padding_vertical=\u00bb0&#8243; padding_horizental=\u00bb10&#8243; margin_bottom=\u00bb0&#8243; min_height=\u00bb0&#8243; animation=\u00bbleft-to-right\u00bb bg_color=\u00bb#ffffff\u00bb][mk_padding_divider size=\u00bb20&#8243;][mk_fancy_title tag_name=\u00bbh1&#8243; color=\u00bb#76889d\u00bb size=\u00bb20&#8243; font_weight=\u00bbbold\u00bb margin_bottom=\u00bb0&#8243; font_family=\u00bbnone\u00bb align=\u00bbcenter\u00bb]<a href=\"https:\/\/www.barnestest.com\/es\/herramientas-de-prueba\/analizadores-de-banda-magnetica\/\">Analizadores de Banda Magn\u00e9tica<\/a><br \/>\n<span style=\"color: #333333;\"><a style=\"color: #333333;\" href=\"https:\/\/www.barnestest.com\/es\/herramientas-de-prueba\/analizadores-de-banda-magnetica\/\"><span style=\"color: #808080;\">REVO \/ MT3000<\/span><\/a><\/span>[\/mk_fancy_title][\/mk_custom_box][\/vc_column_inner][vc_column_inner width=\u00bb1\/3&#8243; css=\u00bb.vc_custom_1524475264500{padding-right: 5px !important;padding-left: 5px !important;}\u00bb][mk_custom_box corner_radius=\u00bb10&#8243; padding_vertical=\u00bb0&#8243; padding_horizental=\u00bb10&#8243; margin_bottom=\u00bb0&#8243; min_height=\u00bb0&#8243; animation=\u00bbbottom-to-top\u00bb bg_color=\u00bb#ffffff\u00bb][mk_padding_divider size=\u00bb20&#8243;][mk_fancy_title tag_name=\u00bbh1&#8243; color=\u00bb#76889d\u00bb size=\u00bb20&#8243; font_weight=\u00bbbold\u00bb margin_bottom=\u00bb0&#8243; font_family=\u00bbnone\u00bb align=\u00bbcenter\u00bb]<a href=\"https:\/\/www.barnestest.com\/es\/herramientas-de-prueba\/tarjetas-de-prueba-de-banda-magnetica\/\">Banda Magn\u00e9tica<br \/>\n<span style=\"color: #808080;\">Tarjetas de L\u00edmite de Prueba<\/span><\/a>[\/mk_fancy_title][\/mk_custom_box][\/vc_column_inner][vc_column_inner width=\u00bb1\/3&#8243; css=\u00bb.vc_custom_1524475269698{padding-right: 5px !important;padding-left: 5px !important;}\u00bb][mk_custom_box corner_radius=\u00bb10&#8243; padding_vertical=\u00bb0&#8243; padding_horizental=\u00bb10&#8243; margin_bottom=\u00bb0&#8243; min_height=\u00bb0&#8243; animation=\u00bbright-to-left\u00bb bg_color=\u00bb#ffffff\u00bb][mk_padding_divider size=\u00bb20&#8243;][mk_fancy_title tag_name=\u00bbh1&#8243; color=\u00bb#76889d\u00bb size=\u00bb20&#8243; font_weight=\u00bbbold\u00bb margin_bottom=\u00bb0&#8243; font_family=\u00bbnone\u00bb align=\u00bbcenter\u00bb]<a href=\"https:\/\/www.barnestest.com\/es\/herramientas-de-prueba\/soluciones-de-prueba-integradas\/\">Soluciones de Prueba Integradas<\/a><br \/>\n<a href=\"https:\/\/www.barnestest.com\/es\/herramientas-de-prueba\/soluciones-de-prueba-integradas\/\"><span style=\"color: #808080;\">Control de Calidad EMV en L\u00ednea<\/span><\/a>[\/mk_fancy_title][\/mk_custom_box][\/vc_column_inner][\/vc_row_inner][\/vc_column][\/mk_page_section][mk_page_section bg_color=\u00bb#0098db\u00bb el_class=\u00bbo2c-white-contact\u00bb sidebar=\u00bbsidebar-1&#8243;][vc_column width=\u00bb1\/12&#8243;][\/vc_column][vc_column width=\u00bb10\/12&#8243;][mk_padding_divider size=\u00bb65&#8243;][mk_fancy_title color=\u00bb#ffffff\u00bb size=\u00bb32&#8243; font_weight=\u00bb400&#8243; margin_bottom=\u00bb0&#8243; font_family=\u00bbnone\u00bb align=\u00bbcenter\u00bb animation=\u00bbfade-in\u00bb]\u00bfDesea saber m\u00e1s?[\/mk_fancy_title][mk_padding_divider size=\u00bb30&#8243;]\n<div class=\"wpcf7 no-js\" id=\"wpcf7-f5865-o1\" lang=\"en-US\" dir=\"ltr\" data-wpcf7-id=\"5865\">\n<div class=\"screen-reader-response\"><p role=\"status\" aria-live=\"polite\" aria-atomic=\"true\"><\/p> <ul><\/ul><\/div>\n<form action=\"\/es\/wp-json\/wp\/v2\/pages\/4678#wpcf7-f5865-o1\" method=\"post\" class=\"wpcf7-form init\" aria-label=\"Contact form\" novalidate=\"novalidate\" data-status=\"init\">\n<fieldset class=\"hidden-fields-container\"><input type=\"hidden\" name=\"_wpcf7\" value=\"5865\" \/><input type=\"hidden\" name=\"_wpcf7_version\" value=\"6.1.5\" \/><input type=\"hidden\" name=\"_wpcf7_locale\" value=\"en_US\" \/><input type=\"hidden\" name=\"_wpcf7_unit_tag\" value=\"wpcf7-f5865-o1\" \/><input type=\"hidden\" name=\"_wpcf7_container_post\" value=\"0\" \/><input type=\"hidden\" name=\"_wpcf7_posted_data_hash\" value=\"\" \/><input type=\"hidden\" name=\"_wpcf7_recaptcha_response\" value=\"\" \/>\n<\/fieldset>\n<div class=\"o2c-fullwidth\">\n\t<div class=\"o2c-break1\">\n\t\t<p><span class=\"wpcf7-form-control-wrap\" data-name=\"full-name\"><input size=\"40\" maxlength=\"400\" class=\"wpcf7-form-control wpcf7-text wpcf7-validates-as-required o2c-text-field\" aria-required=\"true\" aria-invalid=\"false\" placeholder=\"Nombre Completo\" value=\"\" type=\"text\" name=\"full-name\" \/><\/span><br \/>\n<span class=\"wpcf7-form-control-wrap\" data-name=\"company-name\"><input size=\"40\" maxlength=\"400\" class=\"wpcf7-form-control wpcf7-text wpcf7-validates-as-required o2c-text-field\" aria-required=\"true\" aria-invalid=\"false\" placeholder=\"Empresa\" value=\"\" type=\"text\" name=\"company-name\" \/><\/span><br \/>\n<span class=\"wpcf7-form-control-wrap\" data-name=\"customer-email\"><input size=\"40\" maxlength=\"400\" class=\"wpcf7-form-control wpcf7-email wpcf7-validates-as-required wpcf7-text wpcf7-validates-as-email o2c-email-field\" aria-required=\"true\" aria-invalid=\"false\" placeholder=\"Correo Electr\u00f3nico\" value=\"\" type=\"email\" name=\"customer-email\" \/><\/span><br \/>\n<span class=\"wpcf7-form-control-wrap\" data-name=\"customer-telephone\"><input size=\"40\" maxlength=\"400\" class=\"wpcf7-form-control wpcf7-tel wpcf7-text wpcf7-validates-as-tel o2c-text-field\" aria-invalid=\"false\" placeholder=\"Tel\u00e9fono\" value=\"\" type=\"tel\" name=\"customer-telephone\" \/><\/span><br \/>\n\t\t<span class=\"wpcf7-form-control-wrap recaptcha\" data-name=\"recaptcha\"><span data-sitekey=\"6LfV16QUAAAAAAoDHi55y8SiR8vm8sVeBlZMDHpb\" class=\"wpcf7-form-control wpcf7-recaptcha g-recaptcha\"><\/span>\r\n<noscript>\r\n\t<div class=\"grecaptcha-noscript\">\r\n\t\t<iframe src=\"https:\/\/www.google.com\/recaptcha\/api\/fallback?k=6LfV16QUAAAAAAoDHi55y8SiR8vm8sVeBlZMDHpb\" frameborder=\"0\" scrolling=\"no\" width=\"310\" height=\"430\">\r\n\t\t<\/iframe>\r\n\t\t<textarea name=\"g-recaptcha-response\" rows=\"3\" cols=\"40\" placeholder=\"reCaptcha Response Here\">\r\n\t\t<\/textarea>\r\n\t<\/div>\r\n<\/noscript>\r\n<\/span>\n\t\t<\/p>\n\t<\/div>\n\t<div class=\"o2c-break2\">\n\t\t<p><span class=\"wpcf7-form-control-wrap\" data-name=\"customer-query\"><textarea cols=\"40\" rows=\"10\" maxlength=\"2000\" class=\"wpcf7-form-control wpcf7-textarea o2c-text-area\" aria-invalid=\"false\" placeholder=\"Mensaje\" name=\"customer-query\"><\/textarea><\/span>\n\t\t<\/p>\n\t\t<div class=\"o2c-subscribe\">\n\t\t\t<p><span class=\"wpcf7-form-control-wrap\" data-name=\"checkbox-21\"><span class=\"wpcf7-form-control wpcf7-checkbox\"><span class=\"wpcf7-list-item first last\"><input type=\"checkbox\" name=\"checkbox-21[]\" value=\"Registrarse a la Newsletter\" \/><span class=\"wpcf7-list-item-label\">Registrarse a la Newsletter<\/span><\/span><\/span><\/span><br \/>\n<input class=\"wpcf7-form-control wpcf7-submit has-spinner o2c-submit\" type=\"submit\" value=\"Enviar\" \/>\n\t\t\t<\/p>\n\t\t<\/div>\n\t<\/div>\n<\/div>\n<div class=\"gdpr-text-contact\">\n\t<p>Este formulario recopila su nombre, direcci\u00f3n de correo electr\u00f3nico y n\u00famero de tel\u00e9fono para que podamos mantenernos en contacto con usted con respecto a su solicitud. Nuestra <a href=\"\/es\/politica-de-privacidad-rgpd\/\">Pol\u00edtica de privacidad<\/a> proporcionar\u00e1 m\u00e1s informaci\u00f3n sobre c\u00f3mo protegemos estos datos.\n\t<\/p>\n\t<div class=\"gpdr-tick-box-contact\">\n\t\t<p><span class=\"wpcf7-form-control-wrap\" data-name=\"GDPR\"><span class=\"wpcf7-form-control wpcf7-checkbox wpcf7-validates-as-required\"><span class=\"wpcf7-list-item first last\"><input type=\"checkbox\" name=\"GDPR[]\" value=\"Doy mi consentimiento para que Barnes International recopile mis datos.\" \/><span class=\"wpcf7-list-item-label\">Doy mi consentimiento para que Barnes International recopile mis datos.<\/span><\/span><\/span><\/span>\n\t\t<\/p>\n\t<\/div>\n<\/div><div class=\"wpcf7-response-output\" aria-hidden=\"true\"><\/div>\n<\/form>\n<\/div>\n[mk_padding_divider size=\u00bb65&#8243;][\/vc_column][vc_column width=\u00bb1\/12&#8243;][\/vc_column][\/mk_page_section]\n<\/div>","protected":false},"excerpt":{"rendered":"<p>[mk_page_section bg_color=\u00bb#76889d\u00bb padding_top=\u00bb60&#8243; padding_bottom=\u00bb60&#8243; sidebar=\u00bbsidebar-1&#8243;][vc_column width=\u00bb8\/12&#8243;][mk_fancy_title tag_name=\u00bbh1&#8243; color=\u00bb#ffffff\u00bb size=\u00bb20&#8243; font_weight=\u00bbbold\u00bb margin_bottom=\u00bb0&#8243; font_family=\u00bbnone\u00bb animation=\u00bbleft-to-right\u00bb]Herramientas de Prueba[\/mk_fancy_title][mk_fancy_title color=\u00bb#ffffff\u00bb size=\u00bb32&#8243; font_weight=\u00bb400&#8243; margin_bottom=\u00bb0&#8243; font_family=\u00bbnone\u00bb animation=\u00bbfade-in\u00bb]Aumente la eficiencia y minimice los errores[\/mk_fancy_title][vc_column_text el_class=\u00bbwhitetext\u00bb css=\u00bb.vc_custom_1606401036267{margin-bottom: 0px !important;}\u00bb] Con una gama de herramientas de prueba de chip y banda magn\u00e9tica disponible, Barnes trabaja con organizaciones a escala internacional para ofrecer la garantia [&hellip;]<\/p>\n","protected":false},"author":1,"featured_media":0,"parent":0,"menu_order":0,"comment_status":"closed","ping_status":"closed","template":"","meta":{"footnotes":""},"class_list":["post-4678","page","type-page","status-publish","hentry"],"yoast_head":"<!-- This site is optimized with the Yoast SEO plugin v27.3 - https:\/\/yoast.com\/product\/yoast-seo-wordpress\/ -->\n<title>Herramientas de Prueba | Barnes International Limited<\/title>\n<meta name=\"description\" content=\"Nuestras herramientas de prueba de banda magn\u00e9tica fueron desarrolladas para proporcionar a las empresas soluciones de prueba eficientes, flexibles, escalables y efectivas. Obtenga m\u00e1s informaci\u00f3n sobre la gama completa de productos de herramientas de prueba que podemos ofrecer aqu\u00ed.\" \/>\n<meta name=\"robots\" content=\"index, follow, max-snippet:-1, max-image-preview:large, max-video-preview:-1\" \/>\n<link rel=\"canonical\" href=\"https:\/\/www.barnestest.com\/es\/herramientas-de-prueba\/\" \/>\n<meta property=\"og:locale\" content=\"es_ES\" \/>\n<meta property=\"og:type\" content=\"article\" \/>\n<meta property=\"og:title\" content=\"Herramientas de Prueba | Barnes International Limited\" \/>\n<meta property=\"og:description\" content=\"Nuestras herramientas de prueba de banda magn\u00e9tica fueron desarrolladas para proporcionar a las empresas soluciones de prueba eficientes, flexibles, escalables y efectivas. Obtenga m\u00e1s informaci\u00f3n sobre la gama completa de productos de herramientas de prueba que podemos ofrecer aqu\u00ed.\" \/>\n<meta property=\"og:url\" content=\"https:\/\/www.barnestest.com\/es\/herramientas-de-prueba\/\" \/>\n<meta property=\"og:site_name\" content=\"Barnes International\" \/>\n<meta property=\"article:modified_time\" content=\"2020-12-22T11:27:10+00:00\" \/>\n<meta property=\"og:image\" content=\"https:\/\/www.barnestest.com\/wp-content\/uploads\/barnes-logo.png\" \/>\n\t<meta property=\"og:image:width\" content=\"183\" \/>\n\t<meta property=\"og:image:height\" content=\"43\" \/>\n\t<meta property=\"og:image:type\" content=\"image\/png\" \/>\n<meta name=\"twitter:card\" content=\"summary_large_image\" \/>\n<meta name=\"twitter:site\" content=\"@barnes_test\" \/>\n<meta name=\"twitter:label1\" content=\"Tiempo de lectura\" \/>\n\t<meta name=\"twitter:data1\" content=\"4 minutos\" \/>\n<script type=\"application\/ld+json\" class=\"yoast-schema-graph\">{\"@context\":\"https:\\\/\\\/schema.org\",\"@graph\":[{\"@type\":\"WebPage\",\"@id\":\"https:\\\/\\\/www.barnestest.com\\\/es\\\/herramientas-de-prueba\\\/\",\"url\":\"https:\\\/\\\/www.barnestest.com\\\/es\\\/herramientas-de-prueba\\\/\",\"name\":\"Herramientas de Prueba | Barnes International Limited\",\"isPartOf\":{\"@id\":\"https:\\\/\\\/www.barnestest.com\\\/es\\\/#website\"},\"datePublished\":\"2020-08-06T12:46:35+00:00\",\"dateModified\":\"2020-12-22T11:27:10+00:00\",\"description\":\"Nuestras herramientas de prueba de banda magn\u00e9tica fueron desarrolladas para proporcionar a las empresas soluciones de prueba eficientes, flexibles, escalables y efectivas. Obtenga m\u00e1s informaci\u00f3n sobre la gama completa de productos de herramientas de prueba que podemos ofrecer aqu\u00ed.\",\"breadcrumb\":{\"@id\":\"https:\\\/\\\/www.barnestest.com\\\/es\\\/herramientas-de-prueba\\\/#breadcrumb\"},\"inLanguage\":\"es\",\"potentialAction\":[{\"@type\":\"ReadAction\",\"target\":[\"https:\\\/\\\/www.barnestest.com\\\/es\\\/herramientas-de-prueba\\\/\"]}]},{\"@type\":\"BreadcrumbList\",\"@id\":\"https:\\\/\\\/www.barnestest.com\\\/es\\\/herramientas-de-prueba\\\/#breadcrumb\",\"itemListElement\":[{\"@type\":\"ListItem\",\"position\":1,\"name\":\"Home\",\"item\":\"https:\\\/\\\/www.barnestest.com\\\/es\\\/\"},{\"@type\":\"ListItem\",\"position\":2,\"name\":\"Herramientas de Prueba\"}]},{\"@type\":\"WebSite\",\"@id\":\"https:\\\/\\\/www.barnestest.com\\\/es\\\/#website\",\"url\":\"https:\\\/\\\/www.barnestest.com\\\/es\\\/\",\"name\":\"Barnes International\",\"description\":\"a leading provider of magnetic stripe and EMV test tools, training and consulting\",\"publisher\":{\"@id\":\"https:\\\/\\\/www.barnestest.com\\\/es\\\/#organization\"},\"potentialAction\":[{\"@type\":\"SearchAction\",\"target\":{\"@type\":\"EntryPoint\",\"urlTemplate\":\"https:\\\/\\\/www.barnestest.com\\\/es\\\/?s={search_term_string}\"},\"query-input\":{\"@type\":\"PropertyValueSpecification\",\"valueRequired\":true,\"valueName\":\"search_term_string\"}}],\"inLanguage\":\"es\"},{\"@type\":\"Organization\",\"@id\":\"https:\\\/\\\/www.barnestest.com\\\/es\\\/#organization\",\"name\":\"Barnes International\",\"url\":\"https:\\\/\\\/www.barnestest.com\\\/es\\\/\",\"logo\":{\"@type\":\"ImageObject\",\"inLanguage\":\"es\",\"@id\":\"https:\\\/\\\/www.barnestest.com\\\/es\\\/#\\\/schema\\\/logo\\\/image\\\/\",\"url\":\"https:\\\/\\\/www.barnestest.com\\\/wp-content\\\/uploads\\\/barnesinternationallogo_transparent.png\",\"contentUrl\":\"https:\\\/\\\/www.barnestest.com\\\/wp-content\\\/uploads\\\/barnesinternationallogo_transparent.png\",\"width\":1712,\"height\":484,\"caption\":\"Barnes International\"},\"image\":{\"@id\":\"https:\\\/\\\/www.barnestest.com\\\/es\\\/#\\\/schema\\\/logo\\\/image\\\/\"},\"sameAs\":[\"https:\\\/\\\/x.com\\\/barnes_test\",\"https:\\\/\\\/www.linkedin.com\\\/company\\\/barnes-international-ltd\\\/\",\"https:\\\/\\\/www.youtube.com\\\/channel\\\/UC5_Lit5ykPemqDHnHda0bvw\"]}]}<\/script>\n<!-- \/ Yoast SEO plugin. -->","yoast_head_json":{"title":"Herramientas de Prueba | Barnes International Limited","description":"Nuestras herramientas de prueba de banda magn\u00e9tica fueron desarrolladas para proporcionar a las empresas soluciones de prueba eficientes, flexibles, escalables y efectivas. Obtenga m\u00e1s informaci\u00f3n sobre la gama completa de productos de herramientas de prueba que podemos ofrecer aqu\u00ed.","robots":{"index":"index","follow":"follow","max-snippet":"max-snippet:-1","max-image-preview":"max-image-preview:large","max-video-preview":"max-video-preview:-1"},"canonical":"https:\/\/www.barnestest.com\/es\/herramientas-de-prueba\/","og_locale":"es_ES","og_type":"article","og_title":"Herramientas de Prueba | Barnes International Limited","og_description":"Nuestras herramientas de prueba de banda magn\u00e9tica fueron desarrolladas para proporcionar a las empresas soluciones de prueba eficientes, flexibles, escalables y efectivas. Obtenga m\u00e1s informaci\u00f3n sobre la gama completa de productos de herramientas de prueba que podemos ofrecer aqu\u00ed.","og_url":"https:\/\/www.barnestest.com\/es\/herramientas-de-prueba\/","og_site_name":"Barnes International","article_modified_time":"2020-12-22T11:27:10+00:00","og_image":[{"width":183,"height":43,"url":"https:\/\/www.barnestest.com\/wp-content\/uploads\/barnes-logo.png","type":"image\/png"}],"twitter_card":"summary_large_image","twitter_site":"@barnes_test","twitter_misc":{"Tiempo de lectura":"4 minutos"},"schema":{"@context":"https:\/\/schema.org","@graph":[{"@type":"WebPage","@id":"https:\/\/www.barnestest.com\/es\/herramientas-de-prueba\/","url":"https:\/\/www.barnestest.com\/es\/herramientas-de-prueba\/","name":"Herramientas de Prueba | Barnes International Limited","isPartOf":{"@id":"https:\/\/www.barnestest.com\/es\/#website"},"datePublished":"2020-08-06T12:46:35+00:00","dateModified":"2020-12-22T11:27:10+00:00","description":"Nuestras herramientas de prueba de banda magn\u00e9tica fueron desarrolladas para proporcionar a las empresas soluciones de prueba eficientes, flexibles, escalables y efectivas. Obtenga m\u00e1s informaci\u00f3n sobre la gama completa de productos de herramientas de prueba que podemos ofrecer aqu\u00ed.","breadcrumb":{"@id":"https:\/\/www.barnestest.com\/es\/herramientas-de-prueba\/#breadcrumb"},"inLanguage":"es","potentialAction":[{"@type":"ReadAction","target":["https:\/\/www.barnestest.com\/es\/herramientas-de-prueba\/"]}]},{"@type":"BreadcrumbList","@id":"https:\/\/www.barnestest.com\/es\/herramientas-de-prueba\/#breadcrumb","itemListElement":[{"@type":"ListItem","position":1,"name":"Home","item":"https:\/\/www.barnestest.com\/es\/"},{"@type":"ListItem","position":2,"name":"Herramientas de Prueba"}]},{"@type":"WebSite","@id":"https:\/\/www.barnestest.com\/es\/#website","url":"https:\/\/www.barnestest.com\/es\/","name":"Barnes International","description":"a leading provider of magnetic stripe and EMV test tools, training and consulting","publisher":{"@id":"https:\/\/www.barnestest.com\/es\/#organization"},"potentialAction":[{"@type":"SearchAction","target":{"@type":"EntryPoint","urlTemplate":"https:\/\/www.barnestest.com\/es\/?s={search_term_string}"},"query-input":{"@type":"PropertyValueSpecification","valueRequired":true,"valueName":"search_term_string"}}],"inLanguage":"es"},{"@type":"Organization","@id":"https:\/\/www.barnestest.com\/es\/#organization","name":"Barnes International","url":"https:\/\/www.barnestest.com\/es\/","logo":{"@type":"ImageObject","inLanguage":"es","@id":"https:\/\/www.barnestest.com\/es\/#\/schema\/logo\/image\/","url":"https:\/\/www.barnestest.com\/wp-content\/uploads\/barnesinternationallogo_transparent.png","contentUrl":"https:\/\/www.barnestest.com\/wp-content\/uploads\/barnesinternationallogo_transparent.png","width":1712,"height":484,"caption":"Barnes International"},"image":{"@id":"https:\/\/www.barnestest.com\/es\/#\/schema\/logo\/image\/"},"sameAs":["https:\/\/x.com\/barnes_test","https:\/\/www.linkedin.com\/company\/barnes-international-ltd\/","https:\/\/www.youtube.com\/channel\/UC5_Lit5ykPemqDHnHda0bvw"]}]}},"_links":{"self":[{"href":"https:\/\/www.barnestest.com\/es\/wp-json\/wp\/v2\/pages\/4678","targetHints":{"allow":["GET"]}}],"collection":[{"href":"https:\/\/www.barnestest.com\/es\/wp-json\/wp\/v2\/pages"}],"about":[{"href":"https:\/\/www.barnestest.com\/es\/wp-json\/wp\/v2\/types\/page"}],"author":[{"embeddable":true,"href":"https:\/\/www.barnestest.com\/es\/wp-json\/wp\/v2\/users\/1"}],"replies":[{"embeddable":true,"href":"https:\/\/www.barnestest.com\/es\/wp-json\/wp\/v2\/comments?post=4678"}],"version-history":[{"count":0,"href":"https:\/\/www.barnestest.com\/es\/wp-json\/wp\/v2\/pages\/4678\/revisions"}],"wp:attachment":[{"href":"https:\/\/www.barnestest.com\/es\/wp-json\/wp\/v2\/media?parent=4678"}],"curies":[{"name":"wp","href":"https:\/\/api.w.org\/{rel}","templated":true}]}}