{"id":4730,"date":"2020-08-31T12:55:26","date_gmt":"2020-08-31T11:55:26","guid":{"rendered":"https:\/\/www.barnestest.com\/emv\/"},"modified":"2022-02-08T16:12:00","modified_gmt":"2022-02-08T16:12:00","slug":"emv","status":"publish","type":"page","link":"https:\/\/www.barnestest.com\/es\/emv\/","title":{"rendered":"\u00c9misi\u00f3n EMV"},"content":{"rendered":"<div class=\"wpb-content-wrapper\">[mk_page_section bg_color=\u00bb#6b7d92&#8243; bg_position=\u00bbright top\u00bb bg_repeat=\u00bbno-repeat\u00bb bg_stretch=\u00bbtrue\u00bb padding_top=\u00bb60&#8243; padding_bottom=\u00bb60&#8243; sidebar=\u00bbsidebar-1&#8243;][vc_column width=\u00bb8\/12&#8243;][mk_fancy_title tag_name=\u00bbh1&#8243; color=\u00bb#ffffff\u00bb size=\u00bb20&#8243; font_weight=\u00bbbold\u00bb margin_bottom=\u00bb0&#8243; font_family=\u00bbnone\u00bb animation=\u00bbleft-to-right\u00bb]Emisi\u00f3n EMV[\/mk_fancy_title][mk_fancy_title color=\u00bb#ffffff\u00bb size=\u00bb32&#8243; font_weight=\u00bb400&#8243; margin_bottom=\u00bb0&#8243; font_family=\u00bbnone\u00bb animation=\u00bbfade-in\u00bb]Si necesita emitir tokens EMV (<em>smartcards<\/em>) a sus clientes para su uso dentro de una amplia gama de aplicaciones, tanto financieras como no financieras, o necesita migrar de la banda magn\u00e9tica al Chip y Pin, Barnes puede ayudarle.[\/mk_fancy_title][vc_column_text el_class=\u00bbwhitetext\u00bb css=\u00bb.vc_custom_1640699800855{margin-bottom: 0px !important;}\u00bb]<span style=\"font-size: 18px;\">Barnes proporciona un conjunto de herramientas potente y de tecnologia punta que permite a los emisores de tarjetas preparar datos para la personalizaci\u00f3n de tarjetas inteligentes y su uso dentro de una amplia gama de aplicaciones; tanto financieras como no financieras. Los componentes principales de la soluci\u00f3n de emisi\u00f3n se pueden combinar de v\u00e1rias maneras para asi satisfacer las necesidades tanto de la emisi\u00f3n interna completa de tarjetas como el de los servicios internos de preparaci\u00f3n de datos \u00fanicamente. Los componentes tambi\u00e9n se integran f\u00e1cilmente con los sistemas de gesti\u00f3n de tarjetas (CMS) heredados de los emisores de tarjetas y con los sistemas de personalizaci\u00f3n que impulsan la impresi\u00f3n (o carga) de dicha informaci\u00f3n en tarjetas inteligentes.[\/vc_column_text][\/vc_column][vc_column width=\u00bb1\/12&#8243;][\/vc_column][vc_column width=\u00bb1\/4&#8243;][\/vc_column][\/mk_page_section][mk_page_section bg_color=\u00bb#345382&#8243; bg_position=\u00bbleft center\u00bb padding_top=\u00bb60&#8243; padding_bottom=\u00bb60&#8243; sidebar=\u00bbsidebar-1&#8243;][vc_column width=\u00bb1\/6&#8243;][\/vc_column][vc_column width=\u00bb2\/3&#8243;][mk_fancy_title color=\u00bb#ffffff\u00bb size=\u00bb32&#8243; font_weight=\u00bb400&#8243; margin_bottom=\u00bb0&#8243; font_family=\u00bbnone\u00bb animation=\u00bbfade-in\u00bb]El Sistema P3[\/mk_fancy_title][vc_column_text el_class=\u00bbwhitetext\u00bb css=\u00bb.vc_custom_1538663780964{margin-bottom: 0px !important;}\u00bb]<span style=\"font-size: 16px;\">P3 es una soluci\u00f3n de preparaci\u00f3n de datos de seguridad que comprende una aplicaci\u00f3n basada en Windows que utiliza un m\u00f3dulo de seguridad de hardware aprobado por FIPS 140-2 Nivel 3. Admite todos los principales tipos de tarjetas est\u00e1ndar y propietarios, todos los principales est\u00e1ndares de aplicaci\u00f3n de esquemas de tarjetas y m\u00faltiples formatos de archivo de entrada (relieve) y salida (enriquecidos con EMV) f\u00e1ciles de configurar.<\/span>[\/vc_column_text][mk_padding_divider size=\u00bb30&#8243;][vc_row_inner][vc_column_inner width=\u00bb1\/2&#8243;][mk_button dimension=\u00bbflat\u00bb corner_style=\u00bbfull_rounded\u00bb size=\u00bblarge\u00bb url=\u00bb\/es\/emv\/p3\/\u00bb margin_bottom=\u00bb0&#8243; margin_right=\u00bb0&#8243; animation=\u00bbleft-to-right\u00bb el_class=\u00bbo2c-periwinkle-dark-button\u00bb bg_color=\u00bb#ffffff\u00bb btn_hover_bg=\u00bb#eaedf1&#8243; text_color=\u00bbdark\u00bb btn_hover_txt_color=\u00bb#666666&#8243;]Saber m\u00e1s[\/mk_button][\/vc_column_inner][vc_column_inner width=\u00bb1\/2&#8243;][mk_button dimension=\u00bbflat\u00bb corner_style=\u00bbfull_rounded\u00bb size=\u00bblarge\u00bb url=\u00bb\/wp-content\/uploads\/barnes-smart-solutions-p3-11-21.pdf\u00bb target=\u00bb_blank\u00bb margin_bottom=\u00bb0&#8243; margin_right=\u00bb0&#8243; animation=\u00bbleft-to-right\u00bb el_class=\u00bbo2c-periwinkle-dark-button\u00bb bg_color=\u00bb#ffffff\u00bb btn_hover_bg=\u00bb#eaedf1&#8243; text_color=\u00bbdark\u00bb btn_hover_txt_color=\u00bb#666666&#8243;]Sistema P3[\/mk_button][\/vc_column_inner][\/vc_row_inner][\/vc_column][vc_column width=\u00bb1\/6&#8243;][\/vc_column][\/mk_page_section][mk_page_section bg_color=\u00bb#0098db\u00bb el_class=\u00bbo2c-white-contact\u00bb sidebar=\u00bbsidebar-1&#8243;][vc_column width=\u00bb1\/12&#8243;][\/vc_column][vc_column width=\u00bb10\/12&#8243;][mk_padding_divider size=\u00bb65&#8243;][mk_fancy_title color=\u00bb#ffffff\u00bb size=\u00bb32&#8243; font_weight=\u00bb400&#8243; margin_bottom=\u00bb0&#8243; font_family=\u00bbnone\u00bb align=\u00bbcenter\u00bb animation=\u00bbfade-in\u00bb]\u00bfDesea saber m\u00e1s?[\/mk_fancy_title][mk_padding_divider size=\u00bb30&#8243;]\n<div class=\"wpcf7 no-js\" id=\"wpcf7-f5865-o1\" lang=\"en-US\" dir=\"ltr\" data-wpcf7-id=\"5865\">\n<div class=\"screen-reader-response\"><p role=\"status\" aria-live=\"polite\" aria-atomic=\"true\"><\/p> <ul><\/ul><\/div>\n<form action=\"\/es\/wp-json\/wp\/v2\/pages\/4730#wpcf7-f5865-o1\" method=\"post\" class=\"wpcf7-form init\" aria-label=\"Contact form\" novalidate=\"novalidate\" data-status=\"init\">\n<fieldset class=\"hidden-fields-container\"><input type=\"hidden\" name=\"_wpcf7\" value=\"5865\" \/><input type=\"hidden\" name=\"_wpcf7_version\" value=\"6.1.5\" \/><input type=\"hidden\" name=\"_wpcf7_locale\" value=\"en_US\" \/><input type=\"hidden\" name=\"_wpcf7_unit_tag\" value=\"wpcf7-f5865-o1\" \/><input type=\"hidden\" name=\"_wpcf7_container_post\" value=\"0\" \/><input type=\"hidden\" name=\"_wpcf7_posted_data_hash\" value=\"\" \/><input type=\"hidden\" name=\"_wpcf7_recaptcha_response\" value=\"\" \/>\n<\/fieldset>\n<div class=\"o2c-fullwidth\">\n\t<div class=\"o2c-break1\">\n\t\t<p><span class=\"wpcf7-form-control-wrap\" data-name=\"full-name\"><input size=\"40\" maxlength=\"400\" class=\"wpcf7-form-control wpcf7-text wpcf7-validates-as-required o2c-text-field\" aria-required=\"true\" aria-invalid=\"false\" placeholder=\"Nombre Completo\" value=\"\" type=\"text\" name=\"full-name\" \/><\/span><br \/>\n<span class=\"wpcf7-form-control-wrap\" data-name=\"company-name\"><input size=\"40\" maxlength=\"400\" class=\"wpcf7-form-control wpcf7-text wpcf7-validates-as-required o2c-text-field\" aria-required=\"true\" aria-invalid=\"false\" placeholder=\"Empresa\" value=\"\" type=\"text\" name=\"company-name\" \/><\/span><br \/>\n<span class=\"wpcf7-form-control-wrap\" data-name=\"customer-email\"><input size=\"40\" maxlength=\"400\" class=\"wpcf7-form-control wpcf7-email wpcf7-validates-as-required wpcf7-text wpcf7-validates-as-email o2c-email-field\" aria-required=\"true\" aria-invalid=\"false\" placeholder=\"Correo Electr\u00f3nico\" value=\"\" type=\"email\" name=\"customer-email\" \/><\/span><br \/>\n<span class=\"wpcf7-form-control-wrap\" data-name=\"customer-telephone\"><input size=\"40\" maxlength=\"400\" class=\"wpcf7-form-control wpcf7-tel wpcf7-text wpcf7-validates-as-tel o2c-text-field\" aria-invalid=\"false\" placeholder=\"Tel\u00e9fono\" value=\"\" type=\"tel\" name=\"customer-telephone\" \/><\/span><br \/>\n\t\t<span class=\"wpcf7-form-control-wrap recaptcha\" data-name=\"recaptcha\"><span data-sitekey=\"6LfV16QUAAAAAAoDHi55y8SiR8vm8sVeBlZMDHpb\" class=\"wpcf7-form-control wpcf7-recaptcha g-recaptcha\"><\/span>\r\n<noscript>\r\n\t<div class=\"grecaptcha-noscript\">\r\n\t\t<iframe src=\"https:\/\/www.google.com\/recaptcha\/api\/fallback?k=6LfV16QUAAAAAAoDHi55y8SiR8vm8sVeBlZMDHpb\" frameborder=\"0\" scrolling=\"no\" width=\"310\" height=\"430\">\r\n\t\t<\/iframe>\r\n\t\t<textarea name=\"g-recaptcha-response\" rows=\"3\" cols=\"40\" placeholder=\"reCaptcha Response Here\">\r\n\t\t<\/textarea>\r\n\t<\/div>\r\n<\/noscript>\r\n<\/span>\n\t\t<\/p>\n\t<\/div>\n\t<div class=\"o2c-break2\">\n\t\t<p><span class=\"wpcf7-form-control-wrap\" data-name=\"customer-query\"><textarea cols=\"40\" rows=\"10\" maxlength=\"2000\" class=\"wpcf7-form-control wpcf7-textarea o2c-text-area\" aria-invalid=\"false\" placeholder=\"Mensaje\" name=\"customer-query\"><\/textarea><\/span>\n\t\t<\/p>\n\t\t<div class=\"o2c-subscribe\">\n\t\t\t<p><span class=\"wpcf7-form-control-wrap\" data-name=\"checkbox-21\"><span class=\"wpcf7-form-control wpcf7-checkbox\"><span class=\"wpcf7-list-item first last\"><input type=\"checkbox\" name=\"checkbox-21[]\" value=\"Registrarse a la Newsletter\" \/><span class=\"wpcf7-list-item-label\">Registrarse a la Newsletter<\/span><\/span><\/span><\/span><br \/>\n<input class=\"wpcf7-form-control wpcf7-submit has-spinner o2c-submit\" type=\"submit\" value=\"Enviar\" \/>\n\t\t\t<\/p>\n\t\t<\/div>\n\t<\/div>\n<\/div>\n<div class=\"gdpr-text-contact\">\n\t<p>Este formulario recopila su nombre, direcci\u00f3n de correo electr\u00f3nico y n\u00famero de tel\u00e9fono para que podamos mantenernos en contacto con usted con respecto a su solicitud. Nuestra <a href=\"\/es\/politica-de-privacidad-rgpd\/\">Pol\u00edtica de privacidad<\/a> proporcionar\u00e1 m\u00e1s informaci\u00f3n sobre c\u00f3mo protegemos estos datos.\n\t<\/p>\n\t<div class=\"gpdr-tick-box-contact\">\n\t\t<p><span class=\"wpcf7-form-control-wrap\" data-name=\"GDPR\"><span class=\"wpcf7-form-control wpcf7-checkbox wpcf7-validates-as-required\"><span class=\"wpcf7-list-item first last\"><input type=\"checkbox\" name=\"GDPR[]\" value=\"Doy mi consentimiento para que Barnes International recopile mis datos.\" \/><span class=\"wpcf7-list-item-label\">Doy mi consentimiento para que Barnes International recopile mis datos.<\/span><\/span><\/span><\/span>\n\t\t<\/p>\n\t<\/div>\n<\/div><div class=\"wpcf7-response-output\" aria-hidden=\"true\"><\/div>\n<\/form>\n<\/div>\n[mk_padding_divider size=\u00bb65&#8243;][\/vc_column][vc_column width=\u00bb1\/12&#8243;][\/vc_column][\/mk_page_section]<\/span><\/p>\n<\/div>","protected":false},"excerpt":{"rendered":"<p>[mk_page_section bg_color=\u00bb#6b7d92&#8243; bg_position=\u00bbright top\u00bb bg_repeat=\u00bbno-repeat\u00bb bg_stretch=\u00bbtrue\u00bb padding_top=\u00bb60&#8243; padding_bottom=\u00bb60&#8243; sidebar=\u00bbsidebar-1&#8243;][vc_column width=\u00bb8\/12&#8243;][mk_fancy_title tag_name=\u00bbh1&#8243; color=\u00bb#ffffff\u00bb size=\u00bb20&#8243; font_weight=\u00bbbold\u00bb margin_bottom=\u00bb0&#8243; font_family=\u00bbnone\u00bb animation=\u00bbleft-to-right\u00bb]Emisi\u00f3n EMV[\/mk_fancy_title][mk_fancy_title color=\u00bb#ffffff\u00bb size=\u00bb32&#8243; font_weight=\u00bb400&#8243; margin_bottom=\u00bb0&#8243; font_family=\u00bbnone\u00bb animation=\u00bbfade-in\u00bb]Si necesita emitir tokens EMV (smartcards) a sus clientes para su uso dentro de una amplia gama de aplicaciones, tanto financieras como no financieras, o necesita migrar de la banda magn\u00e9tica al [&hellip;]<\/p>\n","protected":false},"author":1,"featured_media":0,"parent":0,"menu_order":0,"comment_status":"closed","ping_status":"closed","template":"","meta":{"footnotes":""},"class_list":["post-4730","page","type-page","status-publish","hentry"],"yoast_head":"<!-- This site is optimized with the Yoast SEO plugin v27.3 - https:\/\/yoast.com\/product\/yoast-seo-wordpress\/ -->\n<title>Emisi\u00f3n EMV | Soluciones de Prueba Barnes<\/title>\n<meta name=\"description\" content=\"Barnes proporciona las herramientas que los emisores de tarjetas necesitan para preparar tarjetas inteligentes para su personalizaci\u00f3n. Obtenga m\u00e1s informaci\u00f3n sobre nuestra soluci\u00f3n de Emisi\u00f3n EMV aqu\u00ed.\" \/>\n<meta name=\"robots\" content=\"index, follow, max-snippet:-1, max-image-preview:large, max-video-preview:-1\" \/>\n<link rel=\"canonical\" href=\"https:\/\/www.barnestest.com\/es\/emv\/\" \/>\n<meta property=\"og:locale\" content=\"es_ES\" \/>\n<meta property=\"og:type\" content=\"article\" \/>\n<meta property=\"og:title\" content=\"Emisi\u00f3n EMV | Soluciones de Prueba Barnes\" \/>\n<meta property=\"og:description\" content=\"Barnes proporciona las herramientas que los emisores de tarjetas necesitan para preparar tarjetas inteligentes para su personalizaci\u00f3n. Obtenga m\u00e1s informaci\u00f3n sobre nuestra soluci\u00f3n de Emisi\u00f3n EMV aqu\u00ed.\" \/>\n<meta property=\"og:url\" content=\"https:\/\/www.barnestest.com\/es\/emv\/\" \/>\n<meta property=\"og:site_name\" content=\"Barnes International\" \/>\n<meta property=\"article:modified_time\" content=\"2022-02-08T16:12:00+00:00\" \/>\n<meta property=\"og:image\" content=\"https:\/\/www.barnestest.com\/wp-content\/uploads\/barnes-logo.png\" \/>\n\t<meta property=\"og:image:width\" content=\"183\" \/>\n\t<meta property=\"og:image:height\" content=\"43\" \/>\n\t<meta property=\"og:image:type\" content=\"image\/png\" \/>\n<meta name=\"twitter:card\" content=\"summary_large_image\" \/>\n<meta name=\"twitter:site\" content=\"@barnes_test\" \/>\n<meta name=\"twitter:label1\" content=\"Tiempo de lectura\" \/>\n\t<meta name=\"twitter:data1\" content=\"2 minutos\" \/>\n<script type=\"application\/ld+json\" class=\"yoast-schema-graph\">{\"@context\":\"https:\\\/\\\/schema.org\",\"@graph\":[{\"@type\":\"WebPage\",\"@id\":\"https:\\\/\\\/www.barnestest.com\\\/es\\\/emv\\\/\",\"url\":\"https:\\\/\\\/www.barnestest.com\\\/es\\\/emv\\\/\",\"name\":\"Emisi\u00f3n EMV | Soluciones de Prueba Barnes\",\"isPartOf\":{\"@id\":\"https:\\\/\\\/www.barnestest.com\\\/es\\\/#website\"},\"datePublished\":\"2020-08-31T11:55:26+00:00\",\"dateModified\":\"2022-02-08T16:12:00+00:00\",\"description\":\"Barnes proporciona las herramientas que los emisores de tarjetas necesitan para preparar tarjetas inteligentes para su personalizaci\u00f3n. Obtenga m\u00e1s informaci\u00f3n sobre nuestra soluci\u00f3n de Emisi\u00f3n EMV aqu\u00ed.\",\"breadcrumb\":{\"@id\":\"https:\\\/\\\/www.barnestest.com\\\/es\\\/emv\\\/#breadcrumb\"},\"inLanguage\":\"es\",\"potentialAction\":[{\"@type\":\"ReadAction\",\"target\":[\"https:\\\/\\\/www.barnestest.com\\\/es\\\/emv\\\/\"]}]},{\"@type\":\"BreadcrumbList\",\"@id\":\"https:\\\/\\\/www.barnestest.com\\\/es\\\/emv\\\/#breadcrumb\",\"itemListElement\":[{\"@type\":\"ListItem\",\"position\":1,\"name\":\"Home\",\"item\":\"https:\\\/\\\/www.barnestest.com\\\/es\\\/\"},{\"@type\":\"ListItem\",\"position\":2,\"name\":\"\u00c9misi\u00f3n EMV\"}]},{\"@type\":\"WebSite\",\"@id\":\"https:\\\/\\\/www.barnestest.com\\\/es\\\/#website\",\"url\":\"https:\\\/\\\/www.barnestest.com\\\/es\\\/\",\"name\":\"Barnes International\",\"description\":\"a leading provider of magnetic stripe and EMV test tools, training and consulting\",\"publisher\":{\"@id\":\"https:\\\/\\\/www.barnestest.com\\\/es\\\/#organization\"},\"potentialAction\":[{\"@type\":\"SearchAction\",\"target\":{\"@type\":\"EntryPoint\",\"urlTemplate\":\"https:\\\/\\\/www.barnestest.com\\\/es\\\/?s={search_term_string}\"},\"query-input\":{\"@type\":\"PropertyValueSpecification\",\"valueRequired\":true,\"valueName\":\"search_term_string\"}}],\"inLanguage\":\"es\"},{\"@type\":\"Organization\",\"@id\":\"https:\\\/\\\/www.barnestest.com\\\/es\\\/#organization\",\"name\":\"Barnes International\",\"url\":\"https:\\\/\\\/www.barnestest.com\\\/es\\\/\",\"logo\":{\"@type\":\"ImageObject\",\"inLanguage\":\"es\",\"@id\":\"https:\\\/\\\/www.barnestest.com\\\/es\\\/#\\\/schema\\\/logo\\\/image\\\/\",\"url\":\"https:\\\/\\\/www.barnestest.com\\\/wp-content\\\/uploads\\\/barnesinternationallogo_transparent.png\",\"contentUrl\":\"https:\\\/\\\/www.barnestest.com\\\/wp-content\\\/uploads\\\/barnesinternationallogo_transparent.png\",\"width\":1712,\"height\":484,\"caption\":\"Barnes International\"},\"image\":{\"@id\":\"https:\\\/\\\/www.barnestest.com\\\/es\\\/#\\\/schema\\\/logo\\\/image\\\/\"},\"sameAs\":[\"https:\\\/\\\/x.com\\\/barnes_test\",\"https:\\\/\\\/www.linkedin.com\\\/company\\\/barnes-international-ltd\\\/\",\"https:\\\/\\\/www.youtube.com\\\/channel\\\/UC5_Lit5ykPemqDHnHda0bvw\"]}]}<\/script>\n<!-- \/ Yoast SEO plugin. -->","yoast_head_json":{"title":"Emisi\u00f3n EMV | Soluciones de Prueba Barnes","description":"Barnes proporciona las herramientas que los emisores de tarjetas necesitan para preparar tarjetas inteligentes para su personalizaci\u00f3n. Obtenga m\u00e1s informaci\u00f3n sobre nuestra soluci\u00f3n de Emisi\u00f3n EMV aqu\u00ed.","robots":{"index":"index","follow":"follow","max-snippet":"max-snippet:-1","max-image-preview":"max-image-preview:large","max-video-preview":"max-video-preview:-1"},"canonical":"https:\/\/www.barnestest.com\/es\/emv\/","og_locale":"es_ES","og_type":"article","og_title":"Emisi\u00f3n EMV | Soluciones de Prueba Barnes","og_description":"Barnes proporciona las herramientas que los emisores de tarjetas necesitan para preparar tarjetas inteligentes para su personalizaci\u00f3n. Obtenga m\u00e1s informaci\u00f3n sobre nuestra soluci\u00f3n de Emisi\u00f3n EMV aqu\u00ed.","og_url":"https:\/\/www.barnestest.com\/es\/emv\/","og_site_name":"Barnes International","article_modified_time":"2022-02-08T16:12:00+00:00","og_image":[{"width":183,"height":43,"url":"https:\/\/www.barnestest.com\/wp-content\/uploads\/barnes-logo.png","type":"image\/png"}],"twitter_card":"summary_large_image","twitter_site":"@barnes_test","twitter_misc":{"Tiempo de lectura":"2 minutos"},"schema":{"@context":"https:\/\/schema.org","@graph":[{"@type":"WebPage","@id":"https:\/\/www.barnestest.com\/es\/emv\/","url":"https:\/\/www.barnestest.com\/es\/emv\/","name":"Emisi\u00f3n EMV | Soluciones de Prueba Barnes","isPartOf":{"@id":"https:\/\/www.barnestest.com\/es\/#website"},"datePublished":"2020-08-31T11:55:26+00:00","dateModified":"2022-02-08T16:12:00+00:00","description":"Barnes proporciona las herramientas que los emisores de tarjetas necesitan para preparar tarjetas inteligentes para su personalizaci\u00f3n. Obtenga m\u00e1s informaci\u00f3n sobre nuestra soluci\u00f3n de Emisi\u00f3n EMV aqu\u00ed.","breadcrumb":{"@id":"https:\/\/www.barnestest.com\/es\/emv\/#breadcrumb"},"inLanguage":"es","potentialAction":[{"@type":"ReadAction","target":["https:\/\/www.barnestest.com\/es\/emv\/"]}]},{"@type":"BreadcrumbList","@id":"https:\/\/www.barnestest.com\/es\/emv\/#breadcrumb","itemListElement":[{"@type":"ListItem","position":1,"name":"Home","item":"https:\/\/www.barnestest.com\/es\/"},{"@type":"ListItem","position":2,"name":"\u00c9misi\u00f3n EMV"}]},{"@type":"WebSite","@id":"https:\/\/www.barnestest.com\/es\/#website","url":"https:\/\/www.barnestest.com\/es\/","name":"Barnes International","description":"a leading provider of magnetic stripe and EMV test tools, training and consulting","publisher":{"@id":"https:\/\/www.barnestest.com\/es\/#organization"},"potentialAction":[{"@type":"SearchAction","target":{"@type":"EntryPoint","urlTemplate":"https:\/\/www.barnestest.com\/es\/?s={search_term_string}"},"query-input":{"@type":"PropertyValueSpecification","valueRequired":true,"valueName":"search_term_string"}}],"inLanguage":"es"},{"@type":"Organization","@id":"https:\/\/www.barnestest.com\/es\/#organization","name":"Barnes International","url":"https:\/\/www.barnestest.com\/es\/","logo":{"@type":"ImageObject","inLanguage":"es","@id":"https:\/\/www.barnestest.com\/es\/#\/schema\/logo\/image\/","url":"https:\/\/www.barnestest.com\/wp-content\/uploads\/barnesinternationallogo_transparent.png","contentUrl":"https:\/\/www.barnestest.com\/wp-content\/uploads\/barnesinternationallogo_transparent.png","width":1712,"height":484,"caption":"Barnes International"},"image":{"@id":"https:\/\/www.barnestest.com\/es\/#\/schema\/logo\/image\/"},"sameAs":["https:\/\/x.com\/barnes_test","https:\/\/www.linkedin.com\/company\/barnes-international-ltd\/","https:\/\/www.youtube.com\/channel\/UC5_Lit5ykPemqDHnHda0bvw"]}]}},"_links":{"self":[{"href":"https:\/\/www.barnestest.com\/es\/wp-json\/wp\/v2\/pages\/4730","targetHints":{"allow":["GET"]}}],"collection":[{"href":"https:\/\/www.barnestest.com\/es\/wp-json\/wp\/v2\/pages"}],"about":[{"href":"https:\/\/www.barnestest.com\/es\/wp-json\/wp\/v2\/types\/page"}],"author":[{"embeddable":true,"href":"https:\/\/www.barnestest.com\/es\/wp-json\/wp\/v2\/users\/1"}],"replies":[{"embeddable":true,"href":"https:\/\/www.barnestest.com\/es\/wp-json\/wp\/v2\/comments?post=4730"}],"version-history":[{"count":0,"href":"https:\/\/www.barnestest.com\/es\/wp-json\/wp\/v2\/pages\/4730\/revisions"}],"wp:attachment":[{"href":"https:\/\/www.barnestest.com\/es\/wp-json\/wp\/v2\/media?parent=4730"}],"curies":[{"name":"wp","href":"https:\/\/api.w.org\/{rel}","templated":true}]}}