{"id":5033,"date":"2020-09-21T17:36:31","date_gmt":"2020-09-21T16:36:31","guid":{"rendered":"https:\/\/www.barnestest.com\/servicios\/consultorias-en-emv\/"},"modified":"2022-02-16T12:13:00","modified_gmt":"2022-02-16T12:13:00","slug":"consultoria-en-emision-de-tarjetas","status":"publish","type":"page","link":"https:\/\/www.barnestest.com\/es\/servicios\/consultoria-en-emision-de-tarjetas\/","title":{"rendered":"Consultor\u00eda en Emisi\u00f3n de Tarjetas"},"content":{"rendered":"[mk_page_section bg_image=\u00bbhttp:\/\/www.barnestest.com\/wp-content\/uploads\/emv-consultancy-bg.jpg\u00bb bg_position=\u00bbcenter center\u00bb bg_repeat=\u00bbno-repeat\u00bb bg_stretch=\u00bbtrue\u00bb padding_top=\u00bb60&#8243; padding_bottom=\u00bb60&#8243; sidebar=\u00bbsidebar-1&#8243;][vc_column width=\u00bb6\/12&#8243;][mk_fancy_title tag_name=\u00bbh1&#8243; color=\u00bb#ffffff\u00bb size=\u00bb20&#8243; font_weight=\u00bbbold\u00bb margin_bottom=\u00bb0&#8243; font_family=\u00bbnone\u00bb animation=\u00bbleft-to-right\u00bb]Consultor\u00eda en Emisi\u00f3n de Tarjetas[\/mk_fancy_title][mk_fancy_title color=\u00bb#ffffff\u00bb size=\u00bb32&#8243; font_weight=\u00bb400&#8243; margin_bottom=\u00bb0&#8243; font_family=\u00bbnone\u00bb animation=\u00bbfade-in\u00bb]Podemos ayudarle a desarrollar y<br \/>\na mejorar su programa de emisi\u00f3n de EMV[\/mk_fancy_title][vc_column_text el_class=\u00bbwhitetext\u00bb css=\u00bb.vc_custom_1587111895160{margin-bottom: 0px !important;}\u00bb]<span style=\"font-size: 18px;\">Si usted est\u00e1 buscando avanzar en su programa existente con aplicaciones de pago inovadoras o nuevos tipos de tarjetas, como tambi\u00e9n extensiones para agregar la interfaz dual o aplicaciones en las tarjetas, nuestro servicio de Consultor\u00eda en EMV significa para usted que tiene a su disposici\u00f3n un extenso soporte experto a su disposici\u00f3n. Puede asegurarse de que su programa cumpla con sus objetivos.<\/span>[\/vc_column_text][\/vc_column][vc_column width=\u00bb4\/12&#8243;][\/vc_column][vc_column width=\u00bb2\/12&#8243;][\/vc_column][\/mk_page_section][mk_page_section bg_color=\u00bb#5d6b8c\u00bb bg_position=\u00bbleft center\u00bb padding_top=\u00bb60&#8243; padding_bottom=\u00bb60&#8243; sidebar=\u00bbsidebar-1&#8243;][vc_column width=\u00bb1\/6&#8243;][\/vc_column][vc_column width=\u00bb2\/3&#8243;][mk_fancy_title color=\u00bb#ffffff\u00bb size=\u00bb32&#8243; font_weight=\u00bb400&#8243; margin_bottom=\u00bb0&#8243; font_family=\u00bbnone\u00bb animation=\u00bbfade-in\u00bb]Mejorar la eficacia de los programas de certificaci\u00f3n, control de calidad y desarrollo de tarjetas EMV[\/mk_fancy_title][vc_column_text el_class=\u00bbwhitetext\u00bb css=\u00bb.vc_custom_1631265460699{margin-bottom: 0px !important;}\u00bb]<span style=\"font-size: 16px;\"><strong>Consultor\u00eda de Autocertificaci\u00f3n de Visa Europe<\/strong><br \/>\nBarnes puede guiarle a trav\u00e9s de su proceso de certificaci\u00f3n de autoservicio (<em>Self-Service<\/em>) de Visa Europe, ayudando a todos los Emisores a: seleccionar los par\u00e1metros de dicha tarjeta, completar el VPA, crear una plantilla de tarjeta y enviarla con \u00e9xito para la certificaci\u00f3n. Nuestros expertos han trabajado para Visa y han apollado y ayudado a lanzar los programas de tarjetas Visa durante m\u00e1s de 20 a\u00f1os.<\/span>[\/vc_column_text][\/vc_column][vc_column width=\u00bb1\/6&#8243;][\/vc_column][\/mk_page_section][mk_page_section bg_color=\u00bb#9ca5b9&#8243; bg_position=\u00bbleft center\u00bb padding_top=\u00bb60&#8243; padding_bottom=\u00bb60&#8243; sidebar=\u00bbsidebar-1&#8243;][vc_column width=\u00bb2\/3&#8243;][mk_fancy_title color=\u00bb#ffffff\u00bb size=\u00bb32&#8243; font_weight=\u00bb400&#8243; margin_bottom=\u00bb0&#8243; font_family=\u00bbnone\u00bb animation=\u00bbfade-in\u00bb]Aproveche de la vasta experiencia y<br \/>\npericia de nuestros Consultores en EMV[\/mk_fancy_title][vc_column_text el_class=\u00bbwhitetext\u00bb css=\u00bb.vc_custom_1587112298218{margin-bottom: 0px !important;}\u00bb]<span style=\"font-size: 16px;\">Adem\u00e1s del curso de capacitaci\u00f3n formal, la amplia experiencia de nuestros consultores en la industria de las tarjetas con chip se puede utilizar para ayudar y asesorar a los clientes en la configuraci\u00f3n y ejecuci\u00f3n de cualquier o todos los sistemas asociados con la emisi\u00f3n y el procesamiento de tarjetas de pago EMV. como:<\/span><\/p>\n<ul>\n<li>Actualizaci\u00f3n de tarjetas a interfaz dual<\/li>\n<li>Actualizaci\u00f3n de tarjetas de SDA a DDA o DDA\/CDA, o adici\u00f3n de funcionalidad fuera de l\u00ednea a tarjetas solo en l\u00ednea<\/li>\n<li>Pruebas de producci\u00f3n\/control de calidad de las tarjetas personalizadas y los dispositivos de pago<\/li>\n<li>Dise\u00f1o y revisi\u00f3n del sistema<\/li>\n<li>Definici\u00f3n de requisitos comerciales y traducci\u00f3n a la configuraci\u00f3n de la tarjeta<\/li>\n<li>Gesti\u00f3n de llaves criptogr\u00e1ficas<\/li>\n<\/ul>\n[\/vc_column_text][vc_column_text el_class=\u00bbwhitetext\u00bb css=\u00bb.vc_custom_1538131708043{margin-bottom: 0px !important;}\u00bb]<span style=\"font-size: 16px;\">Puede utilizar la experiencia de nuestro equipo para reducir significativamente sus costos, minimizar el riesgo del proyecto y optimizar los plazos de implementaci\u00f3n, dej\u00e1ndole libre para concentrarse en el n\u00facleo de su negocio.<\/span>[\/vc_column_text][\/vc_column][vc_column width=\u00bb1\/3&#8243;][\/vc_column][\/mk_page_section][mk_page_section bg_color=\u00bb#0098db\u00bb el_class=\u00bbo2c-white-contact\u00bb sidebar=\u00bbsidebar-1&#8243;][vc_column width=\u00bb1\/12&#8243;][\/vc_column][vc_column width=\u00bb10\/12&#8243;][mk_padding_divider size=\u00bb65&#8243;][mk_fancy_title color=\u00bb#ffffff\u00bb size=\u00bb32&#8243; font_weight=\u00bb400&#8243; margin_bottom=\u00bb0&#8243; font_family=\u00bbnone\u00bb align=\u00bbcenter\u00bb animation=\u00bbfade-in\u00bb]\u00bfDesea saber m\u00e1s?[\/mk_fancy_title][mk_padding_divider size=\u00bb30&#8243;]\n<div class=\"wpcf7 no-js\" id=\"wpcf7-f5865-o1\" lang=\"en-US\" dir=\"ltr\" data-wpcf7-id=\"5865\">\n<div class=\"screen-reader-response\"><p role=\"status\" aria-live=\"polite\" aria-atomic=\"true\"><\/p> <ul><\/ul><\/div>\n<form action=\"\/es\/wp-json\/wp\/v2\/pages\/5033#wpcf7-f5865-o1\" method=\"post\" class=\"wpcf7-form init\" aria-label=\"Contact form\" novalidate=\"novalidate\" data-status=\"init\">\n<fieldset class=\"hidden-fields-container\"><input type=\"hidden\" name=\"_wpcf7\" value=\"5865\" \/><input type=\"hidden\" name=\"_wpcf7_version\" value=\"6.1.5\" \/><input type=\"hidden\" name=\"_wpcf7_locale\" value=\"en_US\" \/><input type=\"hidden\" name=\"_wpcf7_unit_tag\" value=\"wpcf7-f5865-o1\" \/><input type=\"hidden\" name=\"_wpcf7_container_post\" value=\"0\" \/><input type=\"hidden\" name=\"_wpcf7_posted_data_hash\" value=\"\" \/><input type=\"hidden\" name=\"_wpcf7_recaptcha_response\" value=\"\" \/>\n<\/fieldset>\n<div class=\"o2c-fullwidth\">\n\t<div class=\"o2c-break1\">\n\t\t<p><span class=\"wpcf7-form-control-wrap\" data-name=\"full-name\"><input size=\"40\" maxlength=\"400\" class=\"wpcf7-form-control wpcf7-text wpcf7-validates-as-required o2c-text-field\" aria-required=\"true\" aria-invalid=\"false\" placeholder=\"Nombre Completo\" value=\"\" type=\"text\" name=\"full-name\" \/><\/span><br \/>\n<span class=\"wpcf7-form-control-wrap\" data-name=\"company-name\"><input size=\"40\" maxlength=\"400\" class=\"wpcf7-form-control wpcf7-text wpcf7-validates-as-required o2c-text-field\" aria-required=\"true\" aria-invalid=\"false\" placeholder=\"Empresa\" value=\"\" type=\"text\" name=\"company-name\" \/><\/span><br \/>\n<span class=\"wpcf7-form-control-wrap\" data-name=\"customer-email\"><input size=\"40\" maxlength=\"400\" class=\"wpcf7-form-control wpcf7-email wpcf7-validates-as-required wpcf7-text wpcf7-validates-as-email o2c-email-field\" aria-required=\"true\" aria-invalid=\"false\" placeholder=\"Correo Electr\u00f3nico\" value=\"\" type=\"email\" name=\"customer-email\" \/><\/span><br \/>\n<span class=\"wpcf7-form-control-wrap\" data-name=\"customer-telephone\"><input size=\"40\" maxlength=\"400\" class=\"wpcf7-form-control wpcf7-tel wpcf7-text wpcf7-validates-as-tel o2c-text-field\" aria-invalid=\"false\" placeholder=\"Tel\u00e9fono\" value=\"\" type=\"tel\" name=\"customer-telephone\" \/><\/span><br \/>\n\t\t<span class=\"wpcf7-form-control-wrap recaptcha\" data-name=\"recaptcha\"><span data-sitekey=\"6LfV16QUAAAAAAoDHi55y8SiR8vm8sVeBlZMDHpb\" class=\"wpcf7-form-control wpcf7-recaptcha g-recaptcha\"><\/span>\r\n<noscript>\r\n\t<div class=\"grecaptcha-noscript\">\r\n\t\t<iframe src=\"https:\/\/www.google.com\/recaptcha\/api\/fallback?k=6LfV16QUAAAAAAoDHi55y8SiR8vm8sVeBlZMDHpb\" frameborder=\"0\" scrolling=\"no\" width=\"310\" height=\"430\">\r\n\t\t<\/iframe>\r\n\t\t<textarea name=\"g-recaptcha-response\" rows=\"3\" cols=\"40\" placeholder=\"reCaptcha Response Here\">\r\n\t\t<\/textarea>\r\n\t<\/div>\r\n<\/noscript>\r\n<\/span>\n\t\t<\/p>\n\t<\/div>\n\t<div class=\"o2c-break2\">\n\t\t<p><span class=\"wpcf7-form-control-wrap\" data-name=\"customer-query\"><textarea cols=\"40\" rows=\"10\" maxlength=\"2000\" class=\"wpcf7-form-control wpcf7-textarea o2c-text-area\" aria-invalid=\"false\" placeholder=\"Mensaje\" name=\"customer-query\"><\/textarea><\/span>\n\t\t<\/p>\n\t\t<div class=\"o2c-subscribe\">\n\t\t\t<p><span class=\"wpcf7-form-control-wrap\" data-name=\"checkbox-21\"><span class=\"wpcf7-form-control wpcf7-checkbox\"><span class=\"wpcf7-list-item first last\"><input type=\"checkbox\" name=\"checkbox-21[]\" value=\"Registrarse a la Newsletter\" \/><span class=\"wpcf7-list-item-label\">Registrarse a la Newsletter<\/span><\/span><\/span><\/span><br \/>\n<input class=\"wpcf7-form-control wpcf7-submit has-spinner o2c-submit\" type=\"submit\" value=\"Enviar\" \/>\n\t\t\t<\/p>\n\t\t<\/div>\n\t<\/div>\n<\/div>\n<div class=\"gdpr-text-contact\">\n\t<p>Este formulario recopila su nombre, direcci\u00f3n de correo electr\u00f3nico y n\u00famero de tel\u00e9fono para que podamos mantenernos en contacto con usted con respecto a su solicitud. Nuestra <a href=\"\/es\/politica-de-privacidad-rgpd\/\">Pol\u00edtica de privacidad<\/a> proporcionar\u00e1 m\u00e1s informaci\u00f3n sobre c\u00f3mo protegemos estos datos.\n\t<\/p>\n\t<div class=\"gpdr-tick-box-contact\">\n\t\t<p><span class=\"wpcf7-form-control-wrap\" data-name=\"GDPR\"><span class=\"wpcf7-form-control wpcf7-checkbox wpcf7-validates-as-required\"><span class=\"wpcf7-list-item first last\"><input type=\"checkbox\" name=\"GDPR[]\" value=\"Doy mi consentimiento para que Barnes International recopile mis datos.\" \/><span class=\"wpcf7-list-item-label\">Doy mi consentimiento para que Barnes International recopile mis datos.<\/span><\/span><\/span><\/span>\n\t\t<\/p>\n\t<\/div>\n<\/div><div class=\"wpcf7-response-output\" aria-hidden=\"true\"><\/div>\n<\/form>\n<\/div>\n[mk_padding_divider size=\u00bb65&#8243;][\/vc_column][vc_column width=\u00bb1\/12&#8243;][\/vc_column][\/mk_page_section]\n","protected":false},"excerpt":{"rendered":"<p>[mk_page_section bg_image=\u00bbhttp:\/\/www.barnestest.com\/wp-content\/uploads\/emv-consultancy-bg.jpg\u00bb bg_position=\u00bbcenter center\u00bb bg_repeat=\u00bbno-repeat\u00bb bg_stretch=\u00bbtrue\u00bb padding_top=\u00bb60&#8243; padding_bottom=\u00bb60&#8243; sidebar=\u00bbsidebar-1&#8243;][vc_column width=\u00bb6\/12&#8243;][mk_fancy_title tag_name=\u00bbh1&#8243; color=\u00bb#ffffff\u00bb size=\u00bb20&#8243; font_weight=\u00bbbold\u00bb margin_bottom=\u00bb0&#8243; font_family=\u00bbnone\u00bb animation=\u00bbleft-to-right\u00bb]Consultor\u00eda en Emisi\u00f3n de Tarjetas[\/mk_fancy_title][mk_fancy_title color=\u00bb#ffffff\u00bb size=\u00bb32&#8243; font_weight=\u00bb400&#8243; margin_bottom=\u00bb0&#8243; font_family=\u00bbnone\u00bb animation=\u00bbfade-in\u00bb]Podemos ayudarle a desarrollar y a mejorar su programa de emisi\u00f3n de EMV[\/mk_fancy_title][vc_column_text el_class=\u00bbwhitetext\u00bb css=\u00bb.vc_custom_1587111895160{margin-bottom: 0px !important;}\u00bb]Si usted est\u00e1 buscando avanzar en su programa existente con aplicaciones de pago [&hellip;]<\/p>\n","protected":false},"author":1,"featured_media":0,"parent":5020,"menu_order":0,"comment_status":"closed","ping_status":"closed","template":"","meta":{"footnotes":""},"class_list":["post-5033","page","type-page","status-publish","hentry"],"yoast_head":"<!-- This site is optimized with the Yoast SEO plugin v27.4 - https:\/\/yoast.com\/product\/yoast-seo-wordpress\/ -->\n<title>Consultor\u00eda en Emisi\u00f3n de Tarjetas | Servicios | Barnes International<\/title>\n<meta name=\"description\" content=\"Nuestro servicio de consultor\u00eda en Emisi\u00f3n de Tarjetas ayuda a reducir sus costos operativos, como tambi\u00e9n a minimizar el riesgo del proyecto y a garantizarle que pueda concentrarse en el n\u00facleo de su negocio. Descubra c\u00f3mo nuestro experimentado equipo de consultores puede ayudarlo a usted y a su organizaci\u00f3n aqu\u00ed.\" \/>\n<meta name=\"robots\" content=\"index, follow, max-snippet:-1, max-image-preview:large, max-video-preview:-1\" \/>\n<link rel=\"canonical\" href=\"https:\/\/www.barnestest.com\/es\/servicios\/consultoria-en-emision-de-tarjetas\/\" \/>\n<meta property=\"og:locale\" content=\"es_ES\" \/>\n<meta property=\"og:type\" content=\"article\" \/>\n<meta property=\"og:title\" content=\"Consultor\u00eda en Emisi\u00f3n de Tarjetas | Servicios | Barnes International\" \/>\n<meta property=\"og:description\" content=\"Nuestro servicio de consultor\u00eda en Emisi\u00f3n de Tarjetas ayuda a reducir sus costos operativos, como tambi\u00e9n a minimizar el riesgo del proyecto y a garantizarle que pueda concentrarse en el n\u00facleo de su negocio. Descubra c\u00f3mo nuestro experimentado equipo de consultores puede ayudarlo a usted y a su organizaci\u00f3n aqu\u00ed.\" \/>\n<meta property=\"og:url\" content=\"https:\/\/www.barnestest.com\/es\/servicios\/consultoria-en-emision-de-tarjetas\/\" \/>\n<meta property=\"og:site_name\" content=\"Barnes International\" \/>\n<meta property=\"article:modified_time\" content=\"2022-02-16T12:13:00+00:00\" \/>\n<meta property=\"og:image\" content=\"https:\/\/www.barnestest.com\/wp-content\/uploads\/barnes-logo.png\" \/>\n\t<meta property=\"og:image:width\" content=\"183\" \/>\n\t<meta property=\"og:image:height\" content=\"43\" \/>\n\t<meta property=\"og:image:type\" content=\"image\/png\" \/>\n<meta name=\"twitter:card\" content=\"summary_large_image\" \/>\n<meta name=\"twitter:site\" content=\"@barnes_test\" \/>\n<meta name=\"twitter:label1\" content=\"Tiempo de lectura\" \/>\n\t<meta name=\"twitter:data1\" content=\"2 minutos\" \/>\n<script type=\"application\/ld+json\" class=\"yoast-schema-graph\">{\"@context\":\"https:\\\/\\\/schema.org\",\"@graph\":[{\"@type\":\"WebPage\",\"@id\":\"https:\\\/\\\/www.barnestest.com\\\/es\\\/servicios\\\/consultoria-en-emision-de-tarjetas\\\/\",\"url\":\"https:\\\/\\\/www.barnestest.com\\\/es\\\/servicios\\\/consultoria-en-emision-de-tarjetas\\\/\",\"name\":\"Consultor\u00eda en Emisi\u00f3n de Tarjetas | Servicios | Barnes International\",\"isPartOf\":{\"@id\":\"https:\\\/\\\/www.barnestest.com\\\/es\\\/#website\"},\"datePublished\":\"2020-09-21T16:36:31+00:00\",\"dateModified\":\"2022-02-16T12:13:00+00:00\",\"description\":\"Nuestro servicio de consultor\u00eda en Emisi\u00f3n de Tarjetas ayuda a reducir sus costos operativos, como tambi\u00e9n a minimizar el riesgo del proyecto y a garantizarle que pueda concentrarse en el n\u00facleo de su negocio. Descubra c\u00f3mo nuestro experimentado equipo de consultores puede ayudarlo a usted y a su organizaci\u00f3n aqu\u00ed.\",\"breadcrumb\":{\"@id\":\"https:\\\/\\\/www.barnestest.com\\\/es\\\/servicios\\\/consultoria-en-emision-de-tarjetas\\\/#breadcrumb\"},\"inLanguage\":\"es\",\"potentialAction\":[{\"@type\":\"ReadAction\",\"target\":[\"https:\\\/\\\/www.barnestest.com\\\/es\\\/servicios\\\/consultoria-en-emision-de-tarjetas\\\/\"]}]},{\"@type\":\"BreadcrumbList\",\"@id\":\"https:\\\/\\\/www.barnestest.com\\\/es\\\/servicios\\\/consultoria-en-emision-de-tarjetas\\\/#breadcrumb\",\"itemListElement\":[{\"@type\":\"ListItem\",\"position\":1,\"name\":\"Home\",\"item\":\"https:\\\/\\\/www.barnestest.com\\\/es\\\/\"},{\"@type\":\"ListItem\",\"position\":2,\"name\":\"Servicios\",\"item\":\"https:\\\/\\\/www.barnestest.com\\\/es\\\/servicios\\\/\"},{\"@type\":\"ListItem\",\"position\":3,\"name\":\"Consultor\u00eda en Emisi\u00f3n de Tarjetas\"}]},{\"@type\":\"WebSite\",\"@id\":\"https:\\\/\\\/www.barnestest.com\\\/es\\\/#website\",\"url\":\"https:\\\/\\\/www.barnestest.com\\\/es\\\/\",\"name\":\"Barnes International\",\"description\":\"a leading provider of magnetic stripe and EMV test tools, training and consulting\",\"publisher\":{\"@id\":\"https:\\\/\\\/www.barnestest.com\\\/es\\\/#organization\"},\"potentialAction\":[{\"@type\":\"SearchAction\",\"target\":{\"@type\":\"EntryPoint\",\"urlTemplate\":\"https:\\\/\\\/www.barnestest.com\\\/es\\\/?s={search_term_string}\"},\"query-input\":{\"@type\":\"PropertyValueSpecification\",\"valueRequired\":true,\"valueName\":\"search_term_string\"}}],\"inLanguage\":\"es\"},{\"@type\":\"Organization\",\"@id\":\"https:\\\/\\\/www.barnestest.com\\\/es\\\/#organization\",\"name\":\"Barnes International\",\"url\":\"https:\\\/\\\/www.barnestest.com\\\/es\\\/\",\"logo\":{\"@type\":\"ImageObject\",\"inLanguage\":\"es\",\"@id\":\"https:\\\/\\\/www.barnestest.com\\\/es\\\/#\\\/schema\\\/logo\\\/image\\\/\",\"url\":\"https:\\\/\\\/www.barnestest.com\\\/wp-content\\\/uploads\\\/barnesinternationallogo_transparent.png\",\"contentUrl\":\"https:\\\/\\\/www.barnestest.com\\\/wp-content\\\/uploads\\\/barnesinternationallogo_transparent.png\",\"width\":1712,\"height\":484,\"caption\":\"Barnes International\"},\"image\":{\"@id\":\"https:\\\/\\\/www.barnestest.com\\\/es\\\/#\\\/schema\\\/logo\\\/image\\\/\"},\"sameAs\":[\"https:\\\/\\\/x.com\\\/barnes_test\",\"https:\\\/\\\/www.linkedin.com\\\/company\\\/barnes-international-ltd\\\/\",\"https:\\\/\\\/www.youtube.com\\\/channel\\\/UC5_Lit5ykPemqDHnHda0bvw\"]}]}<\/script>\n<!-- \/ Yoast SEO plugin. -->","yoast_head_json":{"title":"Consultor\u00eda en Emisi\u00f3n de Tarjetas | Servicios | Barnes International","description":"Nuestro servicio de consultor\u00eda en Emisi\u00f3n de Tarjetas ayuda a reducir sus costos operativos, como tambi\u00e9n a minimizar el riesgo del proyecto y a garantizarle que pueda concentrarse en el n\u00facleo de su negocio. Descubra c\u00f3mo nuestro experimentado equipo de consultores puede ayudarlo a usted y a su organizaci\u00f3n aqu\u00ed.","robots":{"index":"index","follow":"follow","max-snippet":"max-snippet:-1","max-image-preview":"max-image-preview:large","max-video-preview":"max-video-preview:-1"},"canonical":"https:\/\/www.barnestest.com\/es\/servicios\/consultoria-en-emision-de-tarjetas\/","og_locale":"es_ES","og_type":"article","og_title":"Consultor\u00eda en Emisi\u00f3n de Tarjetas | Servicios | Barnes International","og_description":"Nuestro servicio de consultor\u00eda en Emisi\u00f3n de Tarjetas ayuda a reducir sus costos operativos, como tambi\u00e9n a minimizar el riesgo del proyecto y a garantizarle que pueda concentrarse en el n\u00facleo de su negocio. Descubra c\u00f3mo nuestro experimentado equipo de consultores puede ayudarlo a usted y a su organizaci\u00f3n aqu\u00ed.","og_url":"https:\/\/www.barnestest.com\/es\/servicios\/consultoria-en-emision-de-tarjetas\/","og_site_name":"Barnes International","article_modified_time":"2022-02-16T12:13:00+00:00","og_image":[{"width":183,"height":43,"url":"https:\/\/www.barnestest.com\/wp-content\/uploads\/barnes-logo.png","type":"image\/png"}],"twitter_card":"summary_large_image","twitter_site":"@barnes_test","twitter_misc":{"Tiempo de lectura":"2 minutos"},"schema":{"@context":"https:\/\/schema.org","@graph":[{"@type":"WebPage","@id":"https:\/\/www.barnestest.com\/es\/servicios\/consultoria-en-emision-de-tarjetas\/","url":"https:\/\/www.barnestest.com\/es\/servicios\/consultoria-en-emision-de-tarjetas\/","name":"Consultor\u00eda en Emisi\u00f3n de Tarjetas | Servicios | Barnes International","isPartOf":{"@id":"https:\/\/www.barnestest.com\/es\/#website"},"datePublished":"2020-09-21T16:36:31+00:00","dateModified":"2022-02-16T12:13:00+00:00","description":"Nuestro servicio de consultor\u00eda en Emisi\u00f3n de Tarjetas ayuda a reducir sus costos operativos, como tambi\u00e9n a minimizar el riesgo del proyecto y a garantizarle que pueda concentrarse en el n\u00facleo de su negocio. Descubra c\u00f3mo nuestro experimentado equipo de consultores puede ayudarlo a usted y a su organizaci\u00f3n aqu\u00ed.","breadcrumb":{"@id":"https:\/\/www.barnestest.com\/es\/servicios\/consultoria-en-emision-de-tarjetas\/#breadcrumb"},"inLanguage":"es","potentialAction":[{"@type":"ReadAction","target":["https:\/\/www.barnestest.com\/es\/servicios\/consultoria-en-emision-de-tarjetas\/"]}]},{"@type":"BreadcrumbList","@id":"https:\/\/www.barnestest.com\/es\/servicios\/consultoria-en-emision-de-tarjetas\/#breadcrumb","itemListElement":[{"@type":"ListItem","position":1,"name":"Home","item":"https:\/\/www.barnestest.com\/es\/"},{"@type":"ListItem","position":2,"name":"Servicios","item":"https:\/\/www.barnestest.com\/es\/servicios\/"},{"@type":"ListItem","position":3,"name":"Consultor\u00eda en Emisi\u00f3n de Tarjetas"}]},{"@type":"WebSite","@id":"https:\/\/www.barnestest.com\/es\/#website","url":"https:\/\/www.barnestest.com\/es\/","name":"Barnes International","description":"a leading provider of magnetic stripe and EMV test tools, training and consulting","publisher":{"@id":"https:\/\/www.barnestest.com\/es\/#organization"},"potentialAction":[{"@type":"SearchAction","target":{"@type":"EntryPoint","urlTemplate":"https:\/\/www.barnestest.com\/es\/?s={search_term_string}"},"query-input":{"@type":"PropertyValueSpecification","valueRequired":true,"valueName":"search_term_string"}}],"inLanguage":"es"},{"@type":"Organization","@id":"https:\/\/www.barnestest.com\/es\/#organization","name":"Barnes International","url":"https:\/\/www.barnestest.com\/es\/","logo":{"@type":"ImageObject","inLanguage":"es","@id":"https:\/\/www.barnestest.com\/es\/#\/schema\/logo\/image\/","url":"https:\/\/www.barnestest.com\/wp-content\/uploads\/barnesinternationallogo_transparent.png","contentUrl":"https:\/\/www.barnestest.com\/wp-content\/uploads\/barnesinternationallogo_transparent.png","width":1712,"height":484,"caption":"Barnes International"},"image":{"@id":"https:\/\/www.barnestest.com\/es\/#\/schema\/logo\/image\/"},"sameAs":["https:\/\/x.com\/barnes_test","https:\/\/www.linkedin.com\/company\/barnes-international-ltd\/","https:\/\/www.youtube.com\/channel\/UC5_Lit5ykPemqDHnHda0bvw"]}]}},"_links":{"self":[{"href":"https:\/\/www.barnestest.com\/es\/wp-json\/wp\/v2\/pages\/5033","targetHints":{"allow":["GET"]}}],"collection":[{"href":"https:\/\/www.barnestest.com\/es\/wp-json\/wp\/v2\/pages"}],"about":[{"href":"https:\/\/www.barnestest.com\/es\/wp-json\/wp\/v2\/types\/page"}],"author":[{"embeddable":true,"href":"https:\/\/www.barnestest.com\/es\/wp-json\/wp\/v2\/users\/1"}],"replies":[{"embeddable":true,"href":"https:\/\/www.barnestest.com\/es\/wp-json\/wp\/v2\/comments?post=5033"}],"version-history":[{"count":0,"href":"https:\/\/www.barnestest.com\/es\/wp-json\/wp\/v2\/pages\/5033\/revisions"}],"up":[{"embeddable":true,"href":"https:\/\/www.barnestest.com\/es\/wp-json\/wp\/v2\/pages\/5020"}],"wp:attachment":[{"href":"https:\/\/www.barnestest.com\/es\/wp-json\/wp\/v2\/media?parent=5033"}],"curies":[{"name":"wp","href":"https:\/\/api.w.org\/{rel}","templated":true}]}}