{"id":5055,"date":"2020-09-30T14:23:19","date_gmt":"2020-09-30T13:23:19","guid":{"rendered":"https:\/\/www.barnestest.com\/servicios\/capacitacion-y-consultoria-en-banda-magnetica\/"},"modified":"2020-12-22T11:49:21","modified_gmt":"2020-12-22T11:49:21","slug":"capacitacion-y-consultoria-en-banda-magnetica","status":"publish","type":"page","link":"https:\/\/www.barnestest.com\/es\/servicios\/capacitacion-y-consultoria-en-banda-magnetica\/","title":{"rendered":"Capacitaci\u00f3n y Consultor\u00eda en Banda Magn\u00e9tica"},"content":{"rendered":"[mk_page_section bg_image=\u00bbhttp:\/\/www.barnestest.com\/wp-content\/uploads\/mag-stripe-testing-and-consultancy-bg.jpg\u00bb bg_position=\u00bbcenter top\u00bb bg_repeat=\u00bbno-repeat\u00bb bg_stretch=\u00bbtrue\u00bb padding_top=\u00bb60&#8243; padding_bottom=\u00bb60&#8243; sidebar=\u00bbsidebar-1&#8243;][vc_column width=\u00bb8\/12&#8243;][mk_fancy_title tag_name=\u00bbh1&#8243; color=\u00bb#ffffff\u00bb size=\u00bb20&#8243; font_weight=\u00bbbold\u00bb margin_bottom=\u00bb0&#8243; font_family=\u00bbnone\u00bb animation=\u00bbleft-to-right\u00bb]Capacitaci\u00f3n y Consultor\u00eda en Banda Magn\u00e9tica[\/mk_fancy_title][mk_fancy_title color=\u00bb#ffffff\u00bb size=\u00bb32&#8243; font_weight=\u00bb400&#8243; margin_bottom=\u00bb0&#8243; font_family=\u00bbnone\u00bb animation=\u00bbfade-in\u00bb]Entienda completamente los est\u00e1ndares<br \/>\nISO 7811 e investigue los problemas<br \/>\nde calidad de las bandas magn\u00e9ticas[\/mk_fancy_title][vc_column_text el_class=\u00bbwhitetext\u00bb css=\u00bb.vc_custom_1588346536184{margin-bottom: 0px !important;}\u00bb]<span style=\"font-size: 18px;\">Como autoridad global en est\u00e1ndares de banda magn\u00e9tica, el equipo de peritos de Barnes est\u00e1n siempre disponibles para ayudar a los clientes con problemas de calidad que puedan haber detectado y sobre los que necesitan m\u00e1s asesoramiento y pruebas m\u00e1s extensas.<\/span><\/p>\n<p><span style=\"font-size: 14pt;\">Barnes ofrece los cursos que permiten explicar en su totalidad todos los principios que se encuentran detr\u00e1s de los est\u00e1ndares ISO 7811 y c\u00f3mo aprovechar al m\u00e1ximo sus analizadores de prueba.<\/span>[\/vc_column_text][\/vc_column][vc_column width=\u00bb1\/12&#8243;][\/vc_column][vc_column width=\u00bb1\/4&#8243;][\/vc_column][\/mk_page_section][mk_page_section bg_color=\u00bb#9ca5b9&#8243; bg_position=\u00bbleft center\u00bb padding_top=\u00bb60&#8243; padding_bottom=\u00bb60&#8243; sidebar=\u00bbsidebar-1&#8243;][vc_column width=\u00bb1\/6&#8243;][\/vc_column][vc_column width=\u00bb2\/3&#8243;][mk_fancy_title color=\u00bb#ffffff\u00bb size=\u00bb32&#8243; font_weight=\u00bb400&#8243; margin_bottom=\u00bb0&#8243; font_family=\u00bbnone\u00bb animation=\u00bbfade-in\u00bb]Barnes proporciona capacitaci\u00f3n operativa del Mag-Tester para operadores y el personal del control de calidad[\/mk_fancy_title][vc_column_text el_class=\u00bbwhitetext\u00bb css=\u00bb.vc_custom_1588346857902{margin-bottom: 0px !important;}\u00bb]<span style=\"font-size: 16px;\">Barnes ofrece una formaci\u00f3n adaptada y a la medida del cliente. Este programa puede ser variable para as\u00ed concentrarse en cada uno de los requisitos particulares y especificos de cada cliente. El curso de capacitaci\u00f3n proporciona una informaci\u00f3n general sobre la banda magn\u00e9tica, as\u00ed mismo una comprensi\u00f3n integral de los est\u00e1ndares de banda magn\u00e9tica ISO 7811 y la cuestion esencial de c\u00f3mo el probador magn\u00e9tico relaciona sus pruebas con esta especificaci\u00f3n. <\/span><\/p>\n<p><span style=\"font-size: 16px;\">El curso de capacitaci\u00f3n de duraci\u00f3n de 1 d\u00eda contiene la informaci\u00f3n detallada que parte desde la base de la comprensi\u00f3n de los resultados hasta el tema que engloba la calibraci\u00f3n y el mantenimiento de los analizadores de banda magn\u00e9tica.<\/span>[\/vc_column_text][\/vc_column][vc_column width=\u00bb1\/6&#8243;][\/vc_column][\/mk_page_section][mk_page_section bg_image=\u00bbhttp:\/\/www.barnestest.com\/wp-content\/uploads\/mag-stripe-testing-and-consultancy-bg.jpg\u00bb bg_position=\u00bbcenter bottom\u00bb bg_repeat=\u00bbno-repeat\u00bb bg_stretch=\u00bbtrue\u00bb padding_top=\u00bb60&#8243; padding_bottom=\u00bb60&#8243; sidebar=\u00bbsidebar-1&#8243;][vc_column width=\u00bb8\/12&#8243;][mk_fancy_title tag_name=\u00bbh1&#8243; color=\u00bb#ffffff\u00bb size=\u00bb20&#8243; font_weight=\u00bbbold\u00bb margin_bottom=\u00bb0&#8243; font_family=\u00bbnone\u00bb animation=\u00bbleft-to-right\u00bb]Prueba de la Banda Magn\u00e9tica[\/mk_fancy_title][mk_fancy_title color=\u00bb#ffffff\u00bb size=\u00bb32&#8243; font_weight=\u00bb400&#8243; margin_bottom=\u00bb0&#8243; font_family=\u00bbnone\u00bb animation=\u00bbfade-in\u00bb]Preg\u00fantenos c\u00f3mo podemos apoyar y mejorar<br \/>\nsu pr\u00e1ctica de prueba de la banda magn\u00e9tica[\/mk_fancy_title][vc_column_text el_class=\u00bbwhitetext\u00bb css=\u00bb.vc_custom_1588346446295{margin-bottom: 0px !important;}\u00bb]<span style=\"font-size: 18px;\">Barnes ofrece pruebas de laboratorio de cintas y tarjetas de banda magn\u00e9tica utilizando sus analizadores de banda magn\u00e9tica l\u00edderes en el mundo, el Mag-Tester Revo y el Mag-Tester 3000, incluyendo la interpretaci\u00f3n de los resultados de las pruebas y la identificaci\u00f3n de soluciones.<\/span>[\/vc_column_text][\/vc_column][vc_column width=\u00bb1\/12&#8243;][\/vc_column][vc_column width=\u00bb1\/4&#8243;][\/vc_column][\/mk_page_section][mk_page_section bg_color=\u00bb#0098db\u00bb el_class=\u00bbo2c-white-contact\u00bb sidebar=\u00bbsidebar-1&#8243;][vc_column width=\u00bb1\/12&#8243;][\/vc_column][vc_column width=\u00bb10\/12&#8243;][mk_padding_divider size=\u00bb65&#8243;][mk_fancy_title color=\u00bb#ffffff\u00bb size=\u00bb32&#8243; font_weight=\u00bb400&#8243; margin_bottom=\u00bb0&#8243; font_family=\u00bbnone\u00bb align=\u00bbcenter\u00bb animation=\u00bbfade-in\u00bb]\u00bfDesea saber m\u00e1s?[\/mk_fancy_title][mk_padding_divider size=\u00bb30&#8243;]\n<div class=\"wpcf7 no-js\" id=\"wpcf7-f5865-o1\" lang=\"en-US\" dir=\"ltr\" data-wpcf7-id=\"5865\">\n<div class=\"screen-reader-response\"><p role=\"status\" aria-live=\"polite\" aria-atomic=\"true\"><\/p> <ul><\/ul><\/div>\n<form action=\"\/es\/wp-json\/wp\/v2\/pages\/5055#wpcf7-f5865-o1\" method=\"post\" class=\"wpcf7-form init\" aria-label=\"Contact form\" novalidate=\"novalidate\" data-status=\"init\">\n<fieldset class=\"hidden-fields-container\"><input type=\"hidden\" name=\"_wpcf7\" value=\"5865\" \/><input type=\"hidden\" name=\"_wpcf7_version\" value=\"6.1.5\" \/><input type=\"hidden\" name=\"_wpcf7_locale\" value=\"en_US\" \/><input type=\"hidden\" name=\"_wpcf7_unit_tag\" value=\"wpcf7-f5865-o1\" \/><input type=\"hidden\" name=\"_wpcf7_container_post\" value=\"0\" \/><input type=\"hidden\" name=\"_wpcf7_posted_data_hash\" value=\"\" \/><input type=\"hidden\" name=\"_wpcf7_recaptcha_response\" value=\"\" \/>\n<\/fieldset>\n<div class=\"o2c-fullwidth\">\n\t<div class=\"o2c-break1\">\n\t\t<p><span class=\"wpcf7-form-control-wrap\" data-name=\"full-name\"><input size=\"40\" maxlength=\"400\" class=\"wpcf7-form-control wpcf7-text wpcf7-validates-as-required o2c-text-field\" aria-required=\"true\" aria-invalid=\"false\" placeholder=\"Nombre Completo\" value=\"\" type=\"text\" name=\"full-name\" \/><\/span><br \/>\n<span class=\"wpcf7-form-control-wrap\" data-name=\"company-name\"><input size=\"40\" maxlength=\"400\" class=\"wpcf7-form-control wpcf7-text wpcf7-validates-as-required o2c-text-field\" aria-required=\"true\" aria-invalid=\"false\" placeholder=\"Empresa\" value=\"\" type=\"text\" name=\"company-name\" \/><\/span><br \/>\n<span class=\"wpcf7-form-control-wrap\" data-name=\"customer-email\"><input size=\"40\" maxlength=\"400\" class=\"wpcf7-form-control wpcf7-email wpcf7-validates-as-required wpcf7-text wpcf7-validates-as-email o2c-email-field\" aria-required=\"true\" aria-invalid=\"false\" placeholder=\"Correo Electr\u00f3nico\" value=\"\" type=\"email\" name=\"customer-email\" \/><\/span><br \/>\n<span class=\"wpcf7-form-control-wrap\" data-name=\"customer-telephone\"><input size=\"40\" maxlength=\"400\" class=\"wpcf7-form-control wpcf7-tel wpcf7-text wpcf7-validates-as-tel o2c-text-field\" aria-invalid=\"false\" placeholder=\"Tel\u00e9fono\" value=\"\" type=\"tel\" name=\"customer-telephone\" \/><\/span><br \/>\n\t\t<span class=\"wpcf7-form-control-wrap recaptcha\" data-name=\"recaptcha\"><span data-sitekey=\"6LfV16QUAAAAAAoDHi55y8SiR8vm8sVeBlZMDHpb\" class=\"wpcf7-form-control wpcf7-recaptcha g-recaptcha\"><\/span>\r\n<noscript>\r\n\t<div class=\"grecaptcha-noscript\">\r\n\t\t<iframe src=\"https:\/\/www.google.com\/recaptcha\/api\/fallback?k=6LfV16QUAAAAAAoDHi55y8SiR8vm8sVeBlZMDHpb\" frameborder=\"0\" scrolling=\"no\" width=\"310\" height=\"430\">\r\n\t\t<\/iframe>\r\n\t\t<textarea name=\"g-recaptcha-response\" rows=\"3\" cols=\"40\" placeholder=\"reCaptcha Response Here\">\r\n\t\t<\/textarea>\r\n\t<\/div>\r\n<\/noscript>\r\n<\/span>\n\t\t<\/p>\n\t<\/div>\n\t<div class=\"o2c-break2\">\n\t\t<p><span class=\"wpcf7-form-control-wrap\" data-name=\"customer-query\"><textarea cols=\"40\" rows=\"10\" maxlength=\"2000\" class=\"wpcf7-form-control wpcf7-textarea o2c-text-area\" aria-invalid=\"false\" placeholder=\"Mensaje\" name=\"customer-query\"><\/textarea><\/span>\n\t\t<\/p>\n\t\t<div class=\"o2c-subscribe\">\n\t\t\t<p><span class=\"wpcf7-form-control-wrap\" data-name=\"checkbox-21\"><span class=\"wpcf7-form-control wpcf7-checkbox\"><span class=\"wpcf7-list-item first last\"><input type=\"checkbox\" name=\"checkbox-21[]\" value=\"Registrarse a la Newsletter\" \/><span class=\"wpcf7-list-item-label\">Registrarse a la Newsletter<\/span><\/span><\/span><\/span><br \/>\n<input class=\"wpcf7-form-control wpcf7-submit has-spinner o2c-submit\" type=\"submit\" value=\"Enviar\" \/>\n\t\t\t<\/p>\n\t\t<\/div>\n\t<\/div>\n<\/div>\n<div class=\"gdpr-text-contact\">\n\t<p>Este formulario recopila su nombre, direcci\u00f3n de correo electr\u00f3nico y n\u00famero de tel\u00e9fono para que podamos mantenernos en contacto con usted con respecto a su solicitud. Nuestra <a href=\"\/es\/politica-de-privacidad-rgpd\/\">Pol\u00edtica de privacidad<\/a> proporcionar\u00e1 m\u00e1s informaci\u00f3n sobre c\u00f3mo protegemos estos datos.\n\t<\/p>\n\t<div class=\"gpdr-tick-box-contact\">\n\t\t<p><span class=\"wpcf7-form-control-wrap\" data-name=\"GDPR\"><span class=\"wpcf7-form-control wpcf7-checkbox wpcf7-validates-as-required\"><span class=\"wpcf7-list-item first last\"><input type=\"checkbox\" name=\"GDPR[]\" value=\"Doy mi consentimiento para que Barnes International recopile mis datos.\" \/><span class=\"wpcf7-list-item-label\">Doy mi consentimiento para que Barnes International recopile mis datos.<\/span><\/span><\/span><\/span>\n\t\t<\/p>\n\t<\/div>\n<\/div><div class=\"wpcf7-response-output\" aria-hidden=\"true\"><\/div>\n<\/form>\n<\/div>\n[mk_padding_divider size=\u00bb65&#8243;][\/vc_column][vc_column width=\u00bb1\/12&#8243;][\/vc_column][\/mk_page_section]\n","protected":false},"excerpt":{"rendered":"<p>[mk_page_section bg_image=\u00bbhttp:\/\/www.barnestest.com\/wp-content\/uploads\/mag-stripe-testing-and-consultancy-bg.jpg\u00bb bg_position=\u00bbcenter top\u00bb bg_repeat=\u00bbno-repeat\u00bb bg_stretch=\u00bbtrue\u00bb padding_top=\u00bb60&#8243; padding_bottom=\u00bb60&#8243; sidebar=\u00bbsidebar-1&#8243;][vc_column width=\u00bb8\/12&#8243;][mk_fancy_title tag_name=\u00bbh1&#8243; color=\u00bb#ffffff\u00bb size=\u00bb20&#8243; font_weight=\u00bbbold\u00bb margin_bottom=\u00bb0&#8243; font_family=\u00bbnone\u00bb animation=\u00bbleft-to-right\u00bb]Capacitaci\u00f3n y Consultor\u00eda en Banda Magn\u00e9tica[\/mk_fancy_title][mk_fancy_title color=\u00bb#ffffff\u00bb size=\u00bb32&#8243; font_weight=\u00bb400&#8243; margin_bottom=\u00bb0&#8243; font_family=\u00bbnone\u00bb animation=\u00bbfade-in\u00bb]Entienda completamente los est\u00e1ndares ISO 7811 e investigue los problemas de calidad de las bandas magn\u00e9ticas[\/mk_fancy_title][vc_column_text el_class=\u00bbwhitetext\u00bb css=\u00bb.vc_custom_1588346536184{margin-bottom: 0px !important;}\u00bb]Como autoridad global en est\u00e1ndares de banda magn\u00e9tica, el [&hellip;]<\/p>\n","protected":false},"author":1,"featured_media":0,"parent":5020,"menu_order":0,"comment_status":"closed","ping_status":"closed","template":"","meta":{"footnotes":""},"class_list":["post-5055","page","type-page","status-publish","hentry"],"yoast_head":"<!-- This site is optimized with the Yoast SEO plugin v27.5 - https:\/\/yoast.com\/product\/yoast-seo-wordpress\/ -->\n<title>Capacitaci\u00f3n y Consultor\u00eda en Banda Magn\u00e9tica | Servicios | Barnes International Limited<\/title>\n<meta name=\"description\" content=\"Nuestra capacitaci\u00f3n y consultor\u00eda sobre bandas magn\u00e9ticas permite a las empresas comprender los principios de ISO 7811 gracias a un equipo de expertos disponibles para ayudarle a entender cualquier problema de calidad que pueda haberse detectado durante la producci\u00f3n. Descubra m\u00e1s aqu\u00ed.\" \/>\n<meta name=\"robots\" content=\"index, follow, max-snippet:-1, max-image-preview:large, max-video-preview:-1\" \/>\n<link rel=\"canonical\" href=\"https:\/\/www.barnestest.com\/es\/servicios\/capacitacion-y-consultoria-en-banda-magnetica\/\" \/>\n<meta property=\"og:locale\" content=\"es_ES\" \/>\n<meta property=\"og:type\" content=\"article\" \/>\n<meta property=\"og:title\" content=\"Capacitaci\u00f3n y Consultor\u00eda en Banda Magn\u00e9tica | Servicios | Barnes International Limited\" \/>\n<meta property=\"og:description\" content=\"Nuestra capacitaci\u00f3n y consultor\u00eda sobre bandas magn\u00e9ticas permite a las empresas comprender los principios de ISO 7811 gracias a un equipo de expertos disponibles para ayudarle a entender cualquier problema de calidad que pueda haberse detectado durante la producci\u00f3n. Descubra m\u00e1s aqu\u00ed.\" \/>\n<meta property=\"og:url\" content=\"https:\/\/www.barnestest.com\/es\/servicios\/capacitacion-y-consultoria-en-banda-magnetica\/\" \/>\n<meta property=\"og:site_name\" content=\"Barnes International\" \/>\n<meta property=\"article:modified_time\" content=\"2020-12-22T11:49:21+00:00\" \/>\n<meta property=\"og:image\" content=\"https:\/\/www.barnestest.com\/wp-content\/uploads\/barnes-logo.png\" \/>\n\t<meta property=\"og:image:width\" content=\"183\" \/>\n\t<meta property=\"og:image:height\" content=\"43\" \/>\n\t<meta property=\"og:image:type\" content=\"image\/png\" \/>\n<meta name=\"twitter:card\" content=\"summary_large_image\" \/>\n<meta name=\"twitter:site\" content=\"@barnes_test\" \/>\n<meta name=\"twitter:label1\" content=\"Tiempo de lectura\" \/>\n\t<meta name=\"twitter:data1\" content=\"3 minutos\" \/>\n<script type=\"application\/ld+json\" class=\"yoast-schema-graph\">{\"@context\":\"https:\\\/\\\/schema.org\",\"@graph\":[{\"@type\":\"WebPage\",\"@id\":\"https:\\\/\\\/www.barnestest.com\\\/es\\\/servicios\\\/capacitacion-y-consultoria-en-banda-magnetica\\\/\",\"url\":\"https:\\\/\\\/www.barnestest.com\\\/es\\\/servicios\\\/capacitacion-y-consultoria-en-banda-magnetica\\\/\",\"name\":\"Capacitaci\u00f3n y Consultor\u00eda en Banda Magn\u00e9tica | Servicios | Barnes International Limited\",\"isPartOf\":{\"@id\":\"https:\\\/\\\/www.barnestest.com\\\/es\\\/#website\"},\"datePublished\":\"2020-09-30T13:23:19+00:00\",\"dateModified\":\"2020-12-22T11:49:21+00:00\",\"description\":\"Nuestra capacitaci\u00f3n y consultor\u00eda sobre bandas magn\u00e9ticas permite a las empresas comprender los principios de ISO 7811 gracias a un equipo de expertos disponibles para ayudarle a entender cualquier problema de calidad que pueda haberse detectado durante la producci\u00f3n. Descubra m\u00e1s aqu\u00ed.\",\"breadcrumb\":{\"@id\":\"https:\\\/\\\/www.barnestest.com\\\/es\\\/servicios\\\/capacitacion-y-consultoria-en-banda-magnetica\\\/#breadcrumb\"},\"inLanguage\":\"es\",\"potentialAction\":[{\"@type\":\"ReadAction\",\"target\":[\"https:\\\/\\\/www.barnestest.com\\\/es\\\/servicios\\\/capacitacion-y-consultoria-en-banda-magnetica\\\/\"]}]},{\"@type\":\"BreadcrumbList\",\"@id\":\"https:\\\/\\\/www.barnestest.com\\\/es\\\/servicios\\\/capacitacion-y-consultoria-en-banda-magnetica\\\/#breadcrumb\",\"itemListElement\":[{\"@type\":\"ListItem\",\"position\":1,\"name\":\"Home\",\"item\":\"https:\\\/\\\/www.barnestest.com\\\/es\\\/\"},{\"@type\":\"ListItem\",\"position\":2,\"name\":\"Servicios\",\"item\":\"https:\\\/\\\/www.barnestest.com\\\/es\\\/servicios\\\/\"},{\"@type\":\"ListItem\",\"position\":3,\"name\":\"Capacitaci\u00f3n y Consultor\u00eda en Banda Magn\u00e9tica\"}]},{\"@type\":\"WebSite\",\"@id\":\"https:\\\/\\\/www.barnestest.com\\\/es\\\/#website\",\"url\":\"https:\\\/\\\/www.barnestest.com\\\/es\\\/\",\"name\":\"Barnes International\",\"description\":\"a leading provider of magnetic stripe and EMV test tools, training and consulting\",\"publisher\":{\"@id\":\"https:\\\/\\\/www.barnestest.com\\\/es\\\/#organization\"},\"potentialAction\":[{\"@type\":\"SearchAction\",\"target\":{\"@type\":\"EntryPoint\",\"urlTemplate\":\"https:\\\/\\\/www.barnestest.com\\\/es\\\/?s={search_term_string}\"},\"query-input\":{\"@type\":\"PropertyValueSpecification\",\"valueRequired\":true,\"valueName\":\"search_term_string\"}}],\"inLanguage\":\"es\"},{\"@type\":\"Organization\",\"@id\":\"https:\\\/\\\/www.barnestest.com\\\/es\\\/#organization\",\"name\":\"Barnes International\",\"url\":\"https:\\\/\\\/www.barnestest.com\\\/es\\\/\",\"logo\":{\"@type\":\"ImageObject\",\"inLanguage\":\"es\",\"@id\":\"https:\\\/\\\/www.barnestest.com\\\/es\\\/#\\\/schema\\\/logo\\\/image\\\/\",\"url\":\"https:\\\/\\\/www.barnestest.com\\\/wp-content\\\/uploads\\\/barnesinternationallogo_transparent.png\",\"contentUrl\":\"https:\\\/\\\/www.barnestest.com\\\/wp-content\\\/uploads\\\/barnesinternationallogo_transparent.png\",\"width\":1712,\"height\":484,\"caption\":\"Barnes International\"},\"image\":{\"@id\":\"https:\\\/\\\/www.barnestest.com\\\/es\\\/#\\\/schema\\\/logo\\\/image\\\/\"},\"sameAs\":[\"https:\\\/\\\/x.com\\\/barnes_test\",\"https:\\\/\\\/www.linkedin.com\\\/company\\\/barnes-international-ltd\\\/\",\"https:\\\/\\\/www.youtube.com\\\/channel\\\/UC5_Lit5ykPemqDHnHda0bvw\"]}]}<\/script>\n<!-- \/ Yoast SEO plugin. -->","yoast_head_json":{"title":"Capacitaci\u00f3n y Consultor\u00eda en Banda Magn\u00e9tica | Servicios | Barnes International Limited","description":"Nuestra capacitaci\u00f3n y consultor\u00eda sobre bandas magn\u00e9ticas permite a las empresas comprender los principios de ISO 7811 gracias a un equipo de expertos disponibles para ayudarle a entender cualquier problema de calidad que pueda haberse detectado durante la producci\u00f3n. Descubra m\u00e1s aqu\u00ed.","robots":{"index":"index","follow":"follow","max-snippet":"max-snippet:-1","max-image-preview":"max-image-preview:large","max-video-preview":"max-video-preview:-1"},"canonical":"https:\/\/www.barnestest.com\/es\/servicios\/capacitacion-y-consultoria-en-banda-magnetica\/","og_locale":"es_ES","og_type":"article","og_title":"Capacitaci\u00f3n y Consultor\u00eda en Banda Magn\u00e9tica | Servicios | Barnes International Limited","og_description":"Nuestra capacitaci\u00f3n y consultor\u00eda sobre bandas magn\u00e9ticas permite a las empresas comprender los principios de ISO 7811 gracias a un equipo de expertos disponibles para ayudarle a entender cualquier problema de calidad que pueda haberse detectado durante la producci\u00f3n. Descubra m\u00e1s aqu\u00ed.","og_url":"https:\/\/www.barnestest.com\/es\/servicios\/capacitacion-y-consultoria-en-banda-magnetica\/","og_site_name":"Barnes International","article_modified_time":"2020-12-22T11:49:21+00:00","og_image":[{"width":183,"height":43,"url":"https:\/\/www.barnestest.com\/wp-content\/uploads\/barnes-logo.png","type":"image\/png"}],"twitter_card":"summary_large_image","twitter_site":"@barnes_test","twitter_misc":{"Tiempo de lectura":"3 minutos"},"schema":{"@context":"https:\/\/schema.org","@graph":[{"@type":"WebPage","@id":"https:\/\/www.barnestest.com\/es\/servicios\/capacitacion-y-consultoria-en-banda-magnetica\/","url":"https:\/\/www.barnestest.com\/es\/servicios\/capacitacion-y-consultoria-en-banda-magnetica\/","name":"Capacitaci\u00f3n y Consultor\u00eda en Banda Magn\u00e9tica | Servicios | Barnes International Limited","isPartOf":{"@id":"https:\/\/www.barnestest.com\/es\/#website"},"datePublished":"2020-09-30T13:23:19+00:00","dateModified":"2020-12-22T11:49:21+00:00","description":"Nuestra capacitaci\u00f3n y consultor\u00eda sobre bandas magn\u00e9ticas permite a las empresas comprender los principios de ISO 7811 gracias a un equipo de expertos disponibles para ayudarle a entender cualquier problema de calidad que pueda haberse detectado durante la producci\u00f3n. Descubra m\u00e1s aqu\u00ed.","breadcrumb":{"@id":"https:\/\/www.barnestest.com\/es\/servicios\/capacitacion-y-consultoria-en-banda-magnetica\/#breadcrumb"},"inLanguage":"es","potentialAction":[{"@type":"ReadAction","target":["https:\/\/www.barnestest.com\/es\/servicios\/capacitacion-y-consultoria-en-banda-magnetica\/"]}]},{"@type":"BreadcrumbList","@id":"https:\/\/www.barnestest.com\/es\/servicios\/capacitacion-y-consultoria-en-banda-magnetica\/#breadcrumb","itemListElement":[{"@type":"ListItem","position":1,"name":"Home","item":"https:\/\/www.barnestest.com\/es\/"},{"@type":"ListItem","position":2,"name":"Servicios","item":"https:\/\/www.barnestest.com\/es\/servicios\/"},{"@type":"ListItem","position":3,"name":"Capacitaci\u00f3n y Consultor\u00eda en Banda Magn\u00e9tica"}]},{"@type":"WebSite","@id":"https:\/\/www.barnestest.com\/es\/#website","url":"https:\/\/www.barnestest.com\/es\/","name":"Barnes International","description":"a leading provider of magnetic stripe and EMV test tools, training and consulting","publisher":{"@id":"https:\/\/www.barnestest.com\/es\/#organization"},"potentialAction":[{"@type":"SearchAction","target":{"@type":"EntryPoint","urlTemplate":"https:\/\/www.barnestest.com\/es\/?s={search_term_string}"},"query-input":{"@type":"PropertyValueSpecification","valueRequired":true,"valueName":"search_term_string"}}],"inLanguage":"es"},{"@type":"Organization","@id":"https:\/\/www.barnestest.com\/es\/#organization","name":"Barnes International","url":"https:\/\/www.barnestest.com\/es\/","logo":{"@type":"ImageObject","inLanguage":"es","@id":"https:\/\/www.barnestest.com\/es\/#\/schema\/logo\/image\/","url":"https:\/\/www.barnestest.com\/wp-content\/uploads\/barnesinternationallogo_transparent.png","contentUrl":"https:\/\/www.barnestest.com\/wp-content\/uploads\/barnesinternationallogo_transparent.png","width":1712,"height":484,"caption":"Barnes International"},"image":{"@id":"https:\/\/www.barnestest.com\/es\/#\/schema\/logo\/image\/"},"sameAs":["https:\/\/x.com\/barnes_test","https:\/\/www.linkedin.com\/company\/barnes-international-ltd\/","https:\/\/www.youtube.com\/channel\/UC5_Lit5ykPemqDHnHda0bvw"]}]}},"_links":{"self":[{"href":"https:\/\/www.barnestest.com\/es\/wp-json\/wp\/v2\/pages\/5055","targetHints":{"allow":["GET"]}}],"collection":[{"href":"https:\/\/www.barnestest.com\/es\/wp-json\/wp\/v2\/pages"}],"about":[{"href":"https:\/\/www.barnestest.com\/es\/wp-json\/wp\/v2\/types\/page"}],"author":[{"embeddable":true,"href":"https:\/\/www.barnestest.com\/es\/wp-json\/wp\/v2\/users\/1"}],"replies":[{"embeddable":true,"href":"https:\/\/www.barnestest.com\/es\/wp-json\/wp\/v2\/comments?post=5055"}],"version-history":[{"count":0,"href":"https:\/\/www.barnestest.com\/es\/wp-json\/wp\/v2\/pages\/5055\/revisions"}],"up":[{"embeddable":true,"href":"https:\/\/www.barnestest.com\/es\/wp-json\/wp\/v2\/pages\/5020"}],"wp:attachment":[{"href":"https:\/\/www.barnestest.com\/es\/wp-json\/wp\/v2\/media?parent=5055"}],"curies":[{"name":"wp","href":"https:\/\/api.w.org\/{rel}","templated":true}]}}