{"id":5083,"date":"2020-10-05T14:11:40","date_gmt":"2020-10-05T13:11:40","guid":{"rendered":"https:\/\/www.barnestest.com\/terminos-y-condiciones\/"},"modified":"2020-12-22T11:54:01","modified_gmt":"2020-12-22T11:54:01","slug":"terminos-y-condiciones","status":"publish","type":"page","link":"https:\/\/www.barnestest.com\/es\/terminos-y-condiciones\/","title":{"rendered":"T\u00e9rminos y Condiciones"},"content":{"rendered":"[mk_page_section bg_color=\u00bb#6b7d92&#8243; padding_top=\u00bb60&#8243; padding_bottom=\u00bb60&#8243; sidebar=\u00bbsidebar-1&#8243;][vc_column width=\u00bb8\/12&#8243;][mk_fancy_title tag_name=\u00bbh1&#8243; color=\u00bb#ffffff\u00bb size=\u00bb20&#8243; font_weight=\u00bbbold\u00bb margin_bottom=\u00bb0&#8243; font_family=\u00bbnone\u00bb animation=\u00bbleft-to-right\u00bb]\n<p>T\u00e9rminos y Condiciones<\/p>\n[\/mk_fancy_title][mk_fancy_title color=\u00bb#ffffff\u00bb size=\u00bb32&#8243; font_weight=\u00bb400&#8243; margin_bottom=\u00bb0&#8243; font_family=\u00bbnone\u00bb animation=\u00bbfade-in\u00bb]\n<p>Estos son los t\u00e9rminos y condiciones que rigen el uso de nuestro sitio web.<\/p>\n[\/mk_fancy_title][vc_column_text el_class=\u00bbwhitetext\u00bb css=\u00bb.vc_custom_1539182864253{margin-bottom: 0px !important;}\u00bb]\n<p><span style=\"font-size: 18px;\">Al utilizar nuestro sitio web, acepta los t\u00e9rminos y condiciones de uso en su totalidad. Para obtener m\u00e1s informaci\u00f3n, lea lo siguiente.<\/span><\/p>\n[\/vc_column_text][\/vc_column][vc_column width=\u00bb1\/12&#8243;][\/vc_column][vc_column width=\u00bb1\/4&#8243;][\/vc_column][\/mk_page_section][mk_page_section bg_color=\u00bb#ffffff\u00bb min_height=\u00bb0&#8243; padding_top=\u00bb60&#8243; padding_bottom=\u00bb60&#8243; sidebar=\u00bbsidebar-1&#8243;][vc_column][mk_fancy_title tag_name=\u00bbh3&#8243; color=\u00bb#764295&#8243; size=\u00bb32&#8243; font_weight=\u00bb400&#8243; margin_bottom=\u00bb0&#8243; font_family=\u00bbnone\u00bb animation=\u00bbleft-to-right\u00bb]\n<p>Introducci\u00f3n<\/p>\n[\/mk_fancy_title][vc_column_text css=\u00bb.vc_custom_1539182942028{margin-bottom: 0px !important;}\u00bb]\n<p>Estos t\u00e9rminos y condiciones rigen el uso de nuestro sitio web; al utilizar nuestro sitio web, usted acepta dichos t\u00e9rminos y condiciones en su totalidad. Si no est\u00e1 de acuerdo con alguna parte de estos t\u00e9rminos y condiciones, le invitamos a que no utilice nuestro sitio web.<\/p>\n[\/vc_column_text][mk_fancy_title tag_name=\u00bbh4&#8243; color=\u00bb#764295&#8243; size=\u00bb20&#8243; font_weight=\u00bbbold\u00bb margin_bottom=\u00bb0&#8243; font_family=\u00bbnone\u00bb animation=\u00bbfade-in\u00bb]\n<p>Derechos de propiedad intelectual<\/p>\n[\/mk_fancy_title][vc_column_text css=\u00bb.vc_custom_1539182965858{margin-bottom: 0px !important;}\u00bb]\n<p>A menos que se indique lo contrario, nosotros o nuestros licenciantes somos due\u00f1os de los derechos de propiedad intelectual dentro del sitio web de Barnes, al igual que los materiales en dicho sitio web. Sujeto a la siguiente licencia, todos nuestros derechos de propiedad intelectual est\u00e1n reservados.<\/p>\n[\/vc_column_text][mk_fancy_title tag_name=\u00bbh4&#8243; color=\u00bb#764295&#8243; size=\u00bb20&#8243; font_weight=\u00bbbold\u00bb margin_bottom=\u00bb0&#8243; font_family=\u00bbnone\u00bb animation=\u00bbfade-in\u00bb]\n<p>Licencia de uso del sitio web<\/p>\n[\/mk_fancy_title][vc_column_text css=\u00bb.vc_custom_1539183567984{margin-bottom: 0px !important;}\u00bb]\n<p>Puede ver, descargar solo con fines de almacenamiento en cach\u00e9 e imprimir p\u00e1ginas de este sitio web, siempre y cuando que;<\/p>\n[\/vc_column_text][vc_column_text css=\u00bb.vc_custom_1539183579664{margin-bottom: 0px !important;}\u00bb]\n<ul>\n<li>no debe publicar material de este sitio web (incluidas las publicaciones en otro sitio web), ni reproducir o almacenar material de este sitio web en ning\u00fan sistema de recuperaci\u00f3n electr\u00f3nico p\u00fablico o privado;<\/li>\n<li>no debe reproducir, duplicar, copiar, vender, revender, visitar o explotar de otro modo no especificado el material de nuestro sitio web en nuestro sitio web con fines comerciales, sin nuestro consentimiento expreso por escrito;<\/li>\n<li>no debe editar ni modificar ning\u00fan material de nuestro sitio web<\/li>\n<\/ul>\n[\/vc_column_text][mk_fancy_title tag_name=\u00bbh4&#8243; color=\u00bb#764295&#8243; size=\u00bb20&#8243; font_weight=\u00bbbold\u00bb margin_bottom=\u00bb0&#8243; font_family=\u00bbnone\u00bb animation=\u00bbfade-in\u00bb]\n<p>Limitaciones de Responsabilidad<\/p>\n[\/mk_fancy_title][vc_column_text css=\u00bb.vc_custom_1539183613012{margin-bottom: 0px !important;}\u00bb]\n<p>La informaci\u00f3n de este sitio web se proporciona de forma gratuita y usted reconoce que no ser\u00eda razonable hacernos responsables con respecto a este sitio web y la informaci\u00f3n en este sitio web. Si bien nos esforzamos por garantizar que la informaci\u00f3n de este sitio web sea correcta, no garantizamos que est\u00e9 completa o exacta; tampoco nos comprometemos a garantizar que el sitio web permanezca disponible o que el material de este sitio web se mantenga actualizado.<\/p>\n<p>En la medida m\u00e1xima permitida por la ley aplicable, excluimos todas las representaciones, garant\u00edas y condiciones (incluidas, entre otras, las condiciones impl\u00edcitas en la ley de calidad satisfactoria, idoneidad para el prop\u00f3sito y uso de cuidado y habilidad razonables). Nuestra responsabilidad es limitada y excluida en la medida m\u00e1xima permitida por la ley aplicable. No seremos responsables de ninguna p\u00e9rdida o da\u00f1o directo, indirecto o consecuente que surja en virtud de estos t\u00e9rminos y condiciones o en relaci\u00f3n con nuestro sitio web, ya sea que surja de agravio, contrato o de otro modo, incluyendo, sin limitaci\u00f3n, cualquier p\u00e9rdida de ganancias, contrato, negocio, fondo de comercio, datos, ingresos, ingresos o ahorros anticipados.<\/p>\n[\/vc_column_text][mk_fancy_title tag_name=\u00bbh4&#8243; color=\u00bb#764295&#8243; size=\u00bb20&#8243; font_weight=\u00bbbold\u00bb margin_bottom=\u00bb0&#8243; font_family=\u00bbnone\u00bb animation=\u00bbfade-in\u00bb]\n<p>Variaci\u00f3n<\/p>\n[\/mk_fancy_title][vc_column_text css=\u00bb.vc_custom_1539183643109{margin-bottom: 0px !important;}\u00bb]\n<p>Podemos revisar estos t\u00e9rminos y condiciones de forma periodica. Por favor revise esta p\u00e1gina peri\u00f3dicamente para asegurarse de que est\u00e1 familiarizado con la versi\u00f3n actual.<\/p>\n[\/vc_column_text][mk_fancy_title tag_name=\u00bbh4&#8243; color=\u00bb#764295&#8243; size=\u00bb20&#8243; font_weight=\u00bbbold\u00bb margin_bottom=\u00bb0&#8243; font_family=\u00bbnone\u00bb animation=\u00bbfade-in\u00bb]\n<p>Acuerdo Completo<\/p>\n[\/mk_fancy_title][vc_column_text css=\u00bb.vc_custom_1539183665677{margin-bottom: 0px !important;}\u00bb]\n<p>Estos t\u00e9rminos y condiciones constituyen el acuerdo completo entre usted y nosotros en relaci\u00f3n con su uso de nuestro sitio web y reemplazan todos los acuerdos anteriores con respecto a su uso de este sitio web.<\/p>\n[\/vc_column_text][mk_fancy_title tag_name=\u00bbh4&#8243; color=\u00bb#764295&#8243; size=\u00bb20&#8243; font_weight=\u00bbbold\u00bb margin_bottom=\u00bb0&#8243; font_family=\u00bbnone\u00bb animation=\u00bbfade-in\u00bb]\n<p>Ley y Jurisdicci\u00f3n<\/p>\n[\/mk_fancy_title][vc_column_text css=\u00bb.vc_custom_1539183690621{margin-bottom: 0px !important;}\u00bb]\n<p>Este aviso se regir\u00e1 e interpretar\u00e1 de acuerdo con la ley inglesa y cualquier posible desacuerdo relacionada con este aviso estar\u00e1 sujeta a la jurisdicci\u00f3n exclusiva de los tribunales de Inglaterra.<\/p>\n[\/vc_column_text][mk_fancy_title tag_name=\u00bbh4&#8243; color=\u00bb#764295&#8243; size=\u00bb20&#8243; font_weight=\u00bbbold\u00bb margin_bottom=\u00bb0&#8243; font_family=\u00bbnone\u00bb animation=\u00bbfade-in\u00bb]\n<p>Nuestros Datos de Contacto<\/p>\n[\/mk_fancy_title][vc_column_text css=\u00bb.vc_custom_1539183731624{margin-bottom: 0px !important;}\u00bb]\n<p>El nombre completo de nuestra empresa es el siguiente: Barnes International Limited y nuestra direcci\u00f3n es Barnes International Limited, The Loft, St Clair&#8217;s Farm, Wickham Road, Droxford, Hampshire, SO32 3PW. Puede contactarnos por correo electr\u00f3nico a la siguiente direcci\u00f3n <a href=\"mailto:info@barnestest.com\">info@barnestest.com<\/a>.<\/p>\n[\/vc_column_text][\/vc_column][\/mk_page_section][mk_page_section bg_color=\u00bb#0098db\u00bb el_class=\u00bbo2c-white-contact\u00bb sidebar=\u00bbsidebar-1&#8243;][vc_column width=\u00bb1\/12&#8243;][\/vc_column][vc_column width=\u00bb10\/12&#8243;][mk_padding_divider size=\u00bb65&#8243;][mk_fancy_title color=\u00bb#ffffff\u00bb size=\u00bb32&#8243; font_weight=\u00bb400&#8243; margin_bottom=\u00bb0&#8243; font_family=\u00bbnone\u00bb align=\u00bbcenter\u00bb animation=\u00bbfade-in\u00bb]\u00bfDesea saber m\u00e1s?[\/mk_fancy_title][mk_padding_divider size=\u00bb30&#8243;]\n<div class=\"wpcf7 no-js\" id=\"wpcf7-f5865-o1\" lang=\"en-US\" dir=\"ltr\" data-wpcf7-id=\"5865\">\n<div class=\"screen-reader-response\"><p role=\"status\" aria-live=\"polite\" aria-atomic=\"true\"><\/p> <ul><\/ul><\/div>\n<form action=\"\/es\/wp-json\/wp\/v2\/pages\/5083#wpcf7-f5865-o1\" method=\"post\" class=\"wpcf7-form init\" aria-label=\"Contact form\" novalidate=\"novalidate\" data-status=\"init\">\n<fieldset class=\"hidden-fields-container\"><input type=\"hidden\" name=\"_wpcf7\" value=\"5865\" \/><input type=\"hidden\" name=\"_wpcf7_version\" value=\"6.1.5\" \/><input type=\"hidden\" name=\"_wpcf7_locale\" value=\"en_US\" \/><input type=\"hidden\" name=\"_wpcf7_unit_tag\" value=\"wpcf7-f5865-o1\" \/><input type=\"hidden\" name=\"_wpcf7_container_post\" value=\"0\" \/><input type=\"hidden\" name=\"_wpcf7_posted_data_hash\" value=\"\" \/><input type=\"hidden\" name=\"_wpcf7_recaptcha_response\" value=\"\" \/>\n<\/fieldset>\n<div class=\"o2c-fullwidth\">\n\t<div class=\"o2c-break1\">\n\t\t<p><span class=\"wpcf7-form-control-wrap\" data-name=\"full-name\"><input size=\"40\" maxlength=\"400\" class=\"wpcf7-form-control wpcf7-text wpcf7-validates-as-required o2c-text-field\" aria-required=\"true\" aria-invalid=\"false\" placeholder=\"Nombre Completo\" value=\"\" type=\"text\" name=\"full-name\" \/><\/span><br \/>\n<span class=\"wpcf7-form-control-wrap\" data-name=\"company-name\"><input size=\"40\" maxlength=\"400\" class=\"wpcf7-form-control wpcf7-text wpcf7-validates-as-required o2c-text-field\" aria-required=\"true\" aria-invalid=\"false\" placeholder=\"Empresa\" value=\"\" type=\"text\" name=\"company-name\" \/><\/span><br \/>\n<span class=\"wpcf7-form-control-wrap\" data-name=\"customer-email\"><input size=\"40\" maxlength=\"400\" class=\"wpcf7-form-control wpcf7-email wpcf7-validates-as-required wpcf7-text wpcf7-validates-as-email o2c-email-field\" aria-required=\"true\" aria-invalid=\"false\" placeholder=\"Correo Electr\u00f3nico\" value=\"\" type=\"email\" name=\"customer-email\" \/><\/span><br \/>\n<span class=\"wpcf7-form-control-wrap\" data-name=\"customer-telephone\"><input size=\"40\" maxlength=\"400\" class=\"wpcf7-form-control wpcf7-tel wpcf7-text wpcf7-validates-as-tel o2c-text-field\" aria-invalid=\"false\" placeholder=\"Tel\u00e9fono\" value=\"\" type=\"tel\" name=\"customer-telephone\" \/><\/span><br \/>\n\t\t<span class=\"wpcf7-form-control-wrap recaptcha\" data-name=\"recaptcha\"><span data-sitekey=\"6LfV16QUAAAAAAoDHi55y8SiR8vm8sVeBlZMDHpb\" class=\"wpcf7-form-control wpcf7-recaptcha g-recaptcha\"><\/span>\r\n<noscript>\r\n\t<div class=\"grecaptcha-noscript\">\r\n\t\t<iframe src=\"https:\/\/www.google.com\/recaptcha\/api\/fallback?k=6LfV16QUAAAAAAoDHi55y8SiR8vm8sVeBlZMDHpb\" frameborder=\"0\" scrolling=\"no\" width=\"310\" height=\"430\">\r\n\t\t<\/iframe>\r\n\t\t<textarea name=\"g-recaptcha-response\" rows=\"3\" cols=\"40\" placeholder=\"reCaptcha Response Here\">\r\n\t\t<\/textarea>\r\n\t<\/div>\r\n<\/noscript>\r\n<\/span>\n\t\t<\/p>\n\t<\/div>\n\t<div class=\"o2c-break2\">\n\t\t<p><span class=\"wpcf7-form-control-wrap\" data-name=\"customer-query\"><textarea cols=\"40\" rows=\"10\" maxlength=\"2000\" class=\"wpcf7-form-control wpcf7-textarea o2c-text-area\" aria-invalid=\"false\" placeholder=\"Mensaje\" name=\"customer-query\"><\/textarea><\/span>\n\t\t<\/p>\n\t\t<div class=\"o2c-subscribe\">\n\t\t\t<p><span class=\"wpcf7-form-control-wrap\" data-name=\"checkbox-21\"><span class=\"wpcf7-form-control wpcf7-checkbox\"><span class=\"wpcf7-list-item first last\"><input type=\"checkbox\" name=\"checkbox-21[]\" value=\"Registrarse a la Newsletter\" \/><span class=\"wpcf7-list-item-label\">Registrarse a la Newsletter<\/span><\/span><\/span><\/span><br \/>\n<input class=\"wpcf7-form-control wpcf7-submit has-spinner o2c-submit\" type=\"submit\" value=\"Enviar\" \/>\n\t\t\t<\/p>\n\t\t<\/div>\n\t<\/div>\n<\/div>\n<div class=\"gdpr-text-contact\">\n\t<p>Este formulario recopila su nombre, direcci\u00f3n de correo electr\u00f3nico y n\u00famero de tel\u00e9fono para que podamos mantenernos en contacto con usted con respecto a su solicitud. Nuestra <a href=\"\/es\/politica-de-privacidad-rgpd\/\">Pol\u00edtica de privacidad<\/a> proporcionar\u00e1 m\u00e1s informaci\u00f3n sobre c\u00f3mo protegemos estos datos.\n\t<\/p>\n\t<div class=\"gpdr-tick-box-contact\">\n\t\t<p><span class=\"wpcf7-form-control-wrap\" data-name=\"GDPR\"><span class=\"wpcf7-form-control wpcf7-checkbox wpcf7-validates-as-required\"><span class=\"wpcf7-list-item first last\"><input type=\"checkbox\" name=\"GDPR[]\" value=\"Doy mi consentimiento para que Barnes International recopile mis datos.\" \/><span class=\"wpcf7-list-item-label\">Doy mi consentimiento para que Barnes International recopile mis datos.<\/span><\/span><\/span><\/span>\n\t\t<\/p>\n\t<\/div>\n<\/div><div class=\"wpcf7-response-output\" aria-hidden=\"true\"><\/div>\n<\/form>\n<\/div>\n[mk_padding_divider size=\u00bb65&#8243;][\/vc_column][vc_column width=\u00bb1\/12&#8243;][\/vc_column][\/mk_page_section]\n","protected":false},"excerpt":{"rendered":"<p>[mk_page_section bg_color=\u00bb#6b7d92&#8243; padding_top=\u00bb60&#8243; padding_bottom=\u00bb60&#8243; sidebar=\u00bbsidebar-1&#8243;][vc_column width=\u00bb8\/12&#8243;][mk_fancy_title tag_name=\u00bbh1&#8243; color=\u00bb#ffffff\u00bb size=\u00bb20&#8243; font_weight=\u00bbbold\u00bb margin_bottom=\u00bb0&#8243; font_family=\u00bbnone\u00bb animation=\u00bbleft-to-right\u00bb] T\u00e9rminos y Condiciones [\/mk_fancy_title][mk_fancy_title color=\u00bb#ffffff\u00bb size=\u00bb32&#8243; font_weight=\u00bb400&#8243; margin_bottom=\u00bb0&#8243; font_family=\u00bbnone\u00bb animation=\u00bbfade-in\u00bb] Estos son los t\u00e9rminos y condiciones que rigen el uso de nuestro sitio web. [\/mk_fancy_title][vc_column_text el_class=\u00bbwhitetext\u00bb css=\u00bb.vc_custom_1539182864253{margin-bottom: 0px !important;}\u00bb] Al utilizar nuestro sitio web, acepta los t\u00e9rminos y condiciones de uso en [&hellip;]<\/p>\n","protected":false},"author":1,"featured_media":0,"parent":0,"menu_order":0,"comment_status":"closed","ping_status":"closed","template":"","meta":{"footnotes":""},"class_list":["post-5083","page","type-page","status-publish","hentry"],"yoast_head":"<!-- This site is optimized with the Yoast SEO plugin v27.4 - https:\/\/yoast.com\/product\/yoast-seo-wordpress\/ -->\n<title>T\u00e9rminos y Condiciones | Barnes International Limited<\/title>\n<meta name=\"description\" content=\"Estos t\u00e9rminos y condiciones rigen el uso de nuestro sitio web; al utilizar nuestro sitio web, usted acepta dichos t\u00e9rminos y condiciones en su totalidad. Si no est\u00e1 de acuerdo con alguna parte de estos t\u00e9rminos y condiciones, le invitamos a que no utilice nuestro sitio web.\" \/>\n<meta name=\"robots\" content=\"index, follow, max-snippet:-1, max-image-preview:large, max-video-preview:-1\" \/>\n<link rel=\"canonical\" href=\"https:\/\/www.barnestest.com\/es\/terminos-y-condiciones\/\" \/>\n<meta property=\"og:locale\" content=\"es_ES\" \/>\n<meta property=\"og:type\" content=\"article\" \/>\n<meta property=\"og:title\" content=\"T\u00e9rminos y Condiciones | Barnes International Limited\" \/>\n<meta property=\"og:description\" content=\"Estos t\u00e9rminos y condiciones rigen el uso de nuestro sitio web; al utilizar nuestro sitio web, usted acepta dichos t\u00e9rminos y condiciones en su totalidad. Si no est\u00e1 de acuerdo con alguna parte de estos t\u00e9rminos y condiciones, le invitamos a que no utilice nuestro sitio web.\" \/>\n<meta property=\"og:url\" content=\"https:\/\/www.barnestest.com\/es\/terminos-y-condiciones\/\" \/>\n<meta property=\"og:site_name\" content=\"Barnes International\" \/>\n<meta property=\"article:modified_time\" content=\"2020-12-22T11:54:01+00:00\" \/>\n<meta property=\"og:image\" content=\"https:\/\/www.barnestest.com\/wp-content\/uploads\/barnes-logo.png\" \/>\n\t<meta property=\"og:image:width\" content=\"183\" \/>\n\t<meta property=\"og:image:height\" content=\"43\" \/>\n\t<meta property=\"og:image:type\" content=\"image\/png\" \/>\n<meta name=\"twitter:card\" content=\"summary_large_image\" \/>\n<meta name=\"twitter:site\" content=\"@barnes_test\" \/>\n<meta name=\"twitter:label1\" content=\"Tiempo de lectura\" \/>\n\t<meta name=\"twitter:data1\" content=\"5 minutos\" \/>\n<script type=\"application\/ld+json\" class=\"yoast-schema-graph\">{\"@context\":\"https:\\\/\\\/schema.org\",\"@graph\":[{\"@type\":\"WebPage\",\"@id\":\"https:\\\/\\\/www.barnestest.com\\\/es\\\/terminos-y-condiciones\\\/\",\"url\":\"https:\\\/\\\/www.barnestest.com\\\/es\\\/terminos-y-condiciones\\\/\",\"name\":\"T\u00e9rminos y Condiciones | Barnes International Limited\",\"isPartOf\":{\"@id\":\"https:\\\/\\\/www.barnestest.com\\\/es\\\/#website\"},\"datePublished\":\"2020-10-05T13:11:40+00:00\",\"dateModified\":\"2020-12-22T11:54:01+00:00\",\"description\":\"Estos t\u00e9rminos y condiciones rigen el uso de nuestro sitio web; al utilizar nuestro sitio web, usted acepta dichos t\u00e9rminos y condiciones en su totalidad. Si no est\u00e1 de acuerdo con alguna parte de estos t\u00e9rminos y condiciones, le invitamos a que no utilice nuestro sitio web.\",\"breadcrumb\":{\"@id\":\"https:\\\/\\\/www.barnestest.com\\\/es\\\/terminos-y-condiciones\\\/#breadcrumb\"},\"inLanguage\":\"es\",\"potentialAction\":[{\"@type\":\"ReadAction\",\"target\":[\"https:\\\/\\\/www.barnestest.com\\\/es\\\/terminos-y-condiciones\\\/\"]}]},{\"@type\":\"BreadcrumbList\",\"@id\":\"https:\\\/\\\/www.barnestest.com\\\/es\\\/terminos-y-condiciones\\\/#breadcrumb\",\"itemListElement\":[{\"@type\":\"ListItem\",\"position\":1,\"name\":\"Home\",\"item\":\"https:\\\/\\\/www.barnestest.com\\\/es\\\/\"},{\"@type\":\"ListItem\",\"position\":2,\"name\":\"T\u00e9rminos y Condiciones\"}]},{\"@type\":\"WebSite\",\"@id\":\"https:\\\/\\\/www.barnestest.com\\\/es\\\/#website\",\"url\":\"https:\\\/\\\/www.barnestest.com\\\/es\\\/\",\"name\":\"Barnes International\",\"description\":\"a leading provider of magnetic stripe and EMV test tools, training and consulting\",\"publisher\":{\"@id\":\"https:\\\/\\\/www.barnestest.com\\\/es\\\/#organization\"},\"potentialAction\":[{\"@type\":\"SearchAction\",\"target\":{\"@type\":\"EntryPoint\",\"urlTemplate\":\"https:\\\/\\\/www.barnestest.com\\\/es\\\/?s={search_term_string}\"},\"query-input\":{\"@type\":\"PropertyValueSpecification\",\"valueRequired\":true,\"valueName\":\"search_term_string\"}}],\"inLanguage\":\"es\"},{\"@type\":\"Organization\",\"@id\":\"https:\\\/\\\/www.barnestest.com\\\/es\\\/#organization\",\"name\":\"Barnes International\",\"url\":\"https:\\\/\\\/www.barnestest.com\\\/es\\\/\",\"logo\":{\"@type\":\"ImageObject\",\"inLanguage\":\"es\",\"@id\":\"https:\\\/\\\/www.barnestest.com\\\/es\\\/#\\\/schema\\\/logo\\\/image\\\/\",\"url\":\"https:\\\/\\\/www.barnestest.com\\\/wp-content\\\/uploads\\\/barnesinternationallogo_transparent.png\",\"contentUrl\":\"https:\\\/\\\/www.barnestest.com\\\/wp-content\\\/uploads\\\/barnesinternationallogo_transparent.png\",\"width\":1712,\"height\":484,\"caption\":\"Barnes International\"},\"image\":{\"@id\":\"https:\\\/\\\/www.barnestest.com\\\/es\\\/#\\\/schema\\\/logo\\\/image\\\/\"},\"sameAs\":[\"https:\\\/\\\/x.com\\\/barnes_test\",\"https:\\\/\\\/www.linkedin.com\\\/company\\\/barnes-international-ltd\\\/\",\"https:\\\/\\\/www.youtube.com\\\/channel\\\/UC5_Lit5ykPemqDHnHda0bvw\"]}]}<\/script>\n<!-- \/ Yoast SEO plugin. -->","yoast_head_json":{"title":"T\u00e9rminos y Condiciones | Barnes International Limited","description":"Estos t\u00e9rminos y condiciones rigen el uso de nuestro sitio web; al utilizar nuestro sitio web, usted acepta dichos t\u00e9rminos y condiciones en su totalidad. Si no est\u00e1 de acuerdo con alguna parte de estos t\u00e9rminos y condiciones, le invitamos a que no utilice nuestro sitio web.","robots":{"index":"index","follow":"follow","max-snippet":"max-snippet:-1","max-image-preview":"max-image-preview:large","max-video-preview":"max-video-preview:-1"},"canonical":"https:\/\/www.barnestest.com\/es\/terminos-y-condiciones\/","og_locale":"es_ES","og_type":"article","og_title":"T\u00e9rminos y Condiciones | Barnes International Limited","og_description":"Estos t\u00e9rminos y condiciones rigen el uso de nuestro sitio web; al utilizar nuestro sitio web, usted acepta dichos t\u00e9rminos y condiciones en su totalidad. Si no est\u00e1 de acuerdo con alguna parte de estos t\u00e9rminos y condiciones, le invitamos a que no utilice nuestro sitio web.","og_url":"https:\/\/www.barnestest.com\/es\/terminos-y-condiciones\/","og_site_name":"Barnes International","article_modified_time":"2020-12-22T11:54:01+00:00","og_image":[{"width":183,"height":43,"url":"https:\/\/www.barnestest.com\/wp-content\/uploads\/barnes-logo.png","type":"image\/png"}],"twitter_card":"summary_large_image","twitter_site":"@barnes_test","twitter_misc":{"Tiempo de lectura":"5 minutos"},"schema":{"@context":"https:\/\/schema.org","@graph":[{"@type":"WebPage","@id":"https:\/\/www.barnestest.com\/es\/terminos-y-condiciones\/","url":"https:\/\/www.barnestest.com\/es\/terminos-y-condiciones\/","name":"T\u00e9rminos y Condiciones | Barnes International Limited","isPartOf":{"@id":"https:\/\/www.barnestest.com\/es\/#website"},"datePublished":"2020-10-05T13:11:40+00:00","dateModified":"2020-12-22T11:54:01+00:00","description":"Estos t\u00e9rminos y condiciones rigen el uso de nuestro sitio web; al utilizar nuestro sitio web, usted acepta dichos t\u00e9rminos y condiciones en su totalidad. Si no est\u00e1 de acuerdo con alguna parte de estos t\u00e9rminos y condiciones, le invitamos a que no utilice nuestro sitio web.","breadcrumb":{"@id":"https:\/\/www.barnestest.com\/es\/terminos-y-condiciones\/#breadcrumb"},"inLanguage":"es","potentialAction":[{"@type":"ReadAction","target":["https:\/\/www.barnestest.com\/es\/terminos-y-condiciones\/"]}]},{"@type":"BreadcrumbList","@id":"https:\/\/www.barnestest.com\/es\/terminos-y-condiciones\/#breadcrumb","itemListElement":[{"@type":"ListItem","position":1,"name":"Home","item":"https:\/\/www.barnestest.com\/es\/"},{"@type":"ListItem","position":2,"name":"T\u00e9rminos y Condiciones"}]},{"@type":"WebSite","@id":"https:\/\/www.barnestest.com\/es\/#website","url":"https:\/\/www.barnestest.com\/es\/","name":"Barnes International","description":"a leading provider of magnetic stripe and EMV test tools, training and consulting","publisher":{"@id":"https:\/\/www.barnestest.com\/es\/#organization"},"potentialAction":[{"@type":"SearchAction","target":{"@type":"EntryPoint","urlTemplate":"https:\/\/www.barnestest.com\/es\/?s={search_term_string}"},"query-input":{"@type":"PropertyValueSpecification","valueRequired":true,"valueName":"search_term_string"}}],"inLanguage":"es"},{"@type":"Organization","@id":"https:\/\/www.barnestest.com\/es\/#organization","name":"Barnes International","url":"https:\/\/www.barnestest.com\/es\/","logo":{"@type":"ImageObject","inLanguage":"es","@id":"https:\/\/www.barnestest.com\/es\/#\/schema\/logo\/image\/","url":"https:\/\/www.barnestest.com\/wp-content\/uploads\/barnesinternationallogo_transparent.png","contentUrl":"https:\/\/www.barnestest.com\/wp-content\/uploads\/barnesinternationallogo_transparent.png","width":1712,"height":484,"caption":"Barnes International"},"image":{"@id":"https:\/\/www.barnestest.com\/es\/#\/schema\/logo\/image\/"},"sameAs":["https:\/\/x.com\/barnes_test","https:\/\/www.linkedin.com\/company\/barnes-international-ltd\/","https:\/\/www.youtube.com\/channel\/UC5_Lit5ykPemqDHnHda0bvw"]}]}},"_links":{"self":[{"href":"https:\/\/www.barnestest.com\/es\/wp-json\/wp\/v2\/pages\/5083","targetHints":{"allow":["GET"]}}],"collection":[{"href":"https:\/\/www.barnestest.com\/es\/wp-json\/wp\/v2\/pages"}],"about":[{"href":"https:\/\/www.barnestest.com\/es\/wp-json\/wp\/v2\/types\/page"}],"author":[{"embeddable":true,"href":"https:\/\/www.barnestest.com\/es\/wp-json\/wp\/v2\/users\/1"}],"replies":[{"embeddable":true,"href":"https:\/\/www.barnestest.com\/es\/wp-json\/wp\/v2\/comments?post=5083"}],"version-history":[{"count":0,"href":"https:\/\/www.barnestest.com\/es\/wp-json\/wp\/v2\/pages\/5083\/revisions"}],"wp:attachment":[{"href":"https:\/\/www.barnestest.com\/es\/wp-json\/wp\/v2\/media?parent=5083"}],"curies":[{"name":"wp","href":"https:\/\/api.w.org\/{rel}","templated":true}]}}