{"id":5457,"date":"2020-11-25T13:41:30","date_gmt":"2020-11-25T13:41:30","guid":{"rendered":"https:\/\/www.barnestest.com\/a-propos-de-barnes\/ce-qui-nous-differencie\/"},"modified":"2021-01-25T14:42:28","modified_gmt":"2021-01-25T14:42:28","slug":"ce-qui-nous-differencie","status":"publish","type":"page","link":"https:\/\/www.barnestest.com\/fr\/a-propos-de-barnes\/ce-qui-nous-differencie\/","title":{"rendered":"Ce qui nous diff\u00e9rencie"},"content":{"rendered":"[mk_page_section bg_image=\u00a0\u00bbhttp:\/\/www.barnestest.com\/wp-content\/uploads\/barnes-advantage-bg.jpg\u00a0\u00bb bg_position=\u00a0\u00bbcenter center\u00a0\u00bb bg_repeat=\u00a0\u00bbno-repeat\u00a0\u00bb bg_stretch=\u00a0\u00bbtrue\u00a0\u00bb padding_top=\u00a0\u00bb60&Prime; padding_bottom=\u00a0\u00bb60&Prime; sidebar=\u00a0\u00bbsidebar-1&Prime;][vc_column width=\u00a0\u00bb1\/2&Prime;][\/vc_column][vc_column width=\u00a0\u00bb1\/2&Prime;][mk_fancy_title color=\u00a0\u00bb#0098db\u00a0\u00bb size=\u00a0\u00bb32&Prime; font_weight=\u00a0\u00bb400&Prime; margin_bottom=\u00a0\u00bb0&Prime; font_family=\u00a0\u00bbnone\u00a0\u00bb animation=\u00a0\u00bbfade-in\u00a0\u00bb]\n<p>Qu&rsquo;est-ce qui nous differencie ?<\/p>\n[\/mk_fancy_title][vc_column_text css=\u00a0\u00bb.vc_custom_1611585514589{margin-bottom: 0px !important;}\u00a0\u00bb]<span style=\"font-size: 18px; color: #0098db;\">Barnes est le partenaire id\u00e9al pour les tests de cartes EMV, d&rsquo;applications de paiement, <\/span><span style=\"font-size: 18px; color: #0098db;\">de bandes magn\u00e9tiques, <\/span><span style=\"font-size: 18px; color: #0098db;\">mais aussi pour la pr\u00e9paration de donn\u00e9es EMV aupr\u00e8s des banques, des \u00e9metteurs et des fabricants de cartes, des bureaux de personnalisation, des laboratoires de test et des syst\u00e8mes de paiement du monde entier.<\/span><\/p>\n<p>&nbsp;<\/p>\n[\/vc_column_text][vc_column_text css=\u00a0\u00bb.vc_custom_1611585665132{margin-bottom: 0px !important;}\u00a0\u00bb]\n<h4><span style=\"color: #0098db;\"><span style=\"font-size: 16px;\">Notre Promesse<\/span><\/span><\/h4>\n<p><span style=\"font-size: 16px; color: #0098db;\">Nous fournissons les outils de test les plus rapides, les plus pr\u00e9cis et les plus fiables du march\u00e9<\/span><\/p>\n<h4><span style=\"color: #0098db;\"><span style=\"font-size: 16px;\">Exp\u00e9rience<\/span><\/span><\/h4>\n<p><span style=\"font-size: 16px; color: #0098db;\">Notre \u00e9quipe peaufine et am\u00e9liore nos produits et logiciels de test depuis presque 30 ans<\/span><\/p>\n<h4><span style=\"color: #0098db;\"><span style=\"font-size: 16px;\">Qualit\u00e9 et Tranquilit\u00e9 d&rsquo;Esprit<\/span><\/span><\/h4>\n<p><span style=\"font-size: 16px; color: #0098db;\">Nous garantissons une qualit\u00e9 optimale et une conformit\u00e9 aux normes de l&rsquo;industrie : ISO, EMV et tous les syst\u00e9mes de paiement<\/span><\/p>\n<h4><span style=\"color: #0098db;\"><span style=\"font-size: 16px;\">Pr\u00e9cis et Fiables<\/span><\/span><\/h4>\n<p><span style=\"font-size: 16px; color: #0098db;\">Nos outils identifient avec pr\u00e9cision et fiabilit\u00e9 les erreurs de codage sur les cartes par rapport aux normes de l&rsquo;industrie<\/span><\/p>\n<h4><span style=\"color: #0098db;\"><span style=\"font-size: 16px;\">Vitesse<\/span><\/span><\/h4>\n<p><span style=\"font-size: 16px; color: #0098db;\">Nos outils de test sont les plus rapides du march\u00e9, r\u00e9duisant ainsi les co\u00fbts de production et acc\u00e9l\u00e9rant leur mise en circulation<\/span><\/p>\n<h4><span style=\"color: #0098db;\"><span style=\"font-size: 16px;\">Assistance Mondiale<\/span><\/span><\/h4>\n<p><span style=\"font-size: 16px; color: #0098db;\">Nous avons une \u00e9quipe d&rsquo;experts multilingues pr\u00eats \u00e0 conseiller et accompagner tous nos clients<\/span><\/p>\n<h4><span style=\"color: #0098db;\"><span style=\"font-size: 16px;\">Rentabilit\u00e9<\/span><\/span><\/h4>\n<p><span style=\"font-size: 16px; color: #0098db;\">Nous sommes transparents sur nos frais, ce qui rend l&rsquo;ensemble de nos packs (y compris nos logiciels) les plus rentables<br \/>\n<\/span><\/p>\n<h4><span style=\"color: #0098db;\"><span style=\"font-size: 16px;\">Assistance aux D\u00e9veloppeurs<\/span><\/span><\/h4>\n<p><span style=\"font-size: 16px; color: #0098db;\">Nos outils de test sont utilis\u00e9s dans le monde entier pour le d\u00e9veloppement de cartes, d&rsquo;applications et de terminaux<\/span>[\/vc_column_text][\/vc_column][\/mk_page_section][mk_page_section][vc_column][mk_padding_divider size=\u00a0\u00bb20&Prime;][mk_fancy_title color=\u00a0\u00bb#012395&Prime; size=\u00a0\u00bb32&Prime; font_weight=\u00a0\u00bb400&Prime; margin_bottom=\u00a0\u00bb0&Prime; font_family=\u00a0\u00bbnone\u00a0\u00bb align=\u00a0\u00bbcenter\u00a0\u00bb animation=\u00a0\u00bbfade-in\u00a0\u00bb]\n<p>Rencontrez-nous<\/p>\n[\/mk_fancy_title][vc_column_text css=\u00a0\u00bb.vc_custom_1611585723188{margin-bottom: 0px !important;}\u00a0\u00bb]\n<p style=\"text-align: center; padding-left: 40px;\"><span style=\"color: #012395;\">Barnes expose r\u00e9guli\u00e8rement lors d&rsquo;\u00e9v\u00e9nements de l&rsquo;industrie \u00e0 travers le monde entier.<br \/>\nPour discuter de vos exigences de test lors d&rsquo;un \u00e9v\u00e9nement, contactez-nous d\u00e8s maintenant sur <a style=\"color: #012395; text-decoration: underline;\" href=\"mailto:marketing@barnestest.com\">marketing@barnestest.com<\/a><\/span><\/p>\n[\/vc_column_text][vc_column_text css=\u00a0\u00bb.vc_custom_1585649841051{margin-bottom: 0px !important;}\u00a0\u00bb][\/vc_column_text][mk_padding_divider size=\u00a0\u00bb10&Prime;][\/vc_column][\/mk_page_section][mk_page_section bg_color=\u00a0\u00bb#0098db\u00a0\u00bb el_class=\u00a0\u00bbo2c-white-contact\u00a0\u00bb sidebar=\u00a0\u00bbsidebar-1&Prime;][vc_column width=\u00a0\u00bb1\/12&Prime;][\/vc_column][vc_column width=\u00a0\u00bb10\/12&Prime;][mk_padding_divider size=\u00a0\u00bb65&Prime;][mk_fancy_title color=\u00a0\u00bb#ffffff\u00a0\u00bb size=\u00a0\u00bb32&Prime; font_weight=\u00a0\u00bb400&Prime; margin_bottom=\u00a0\u00bb0&Prime; font_family=\u00a0\u00bbnone\u00a0\u00bb align=\u00a0\u00bbcenter\u00a0\u00bb animation=\u00a0\u00bbfade-in\u00a0\u00bb]\n<p>Envie d&rsquo;en savoir plus ?<\/p>\n[\/mk_fancy_title][mk_padding_divider size=\u00a0\u00bb30&Prime;]\n<div class=\"wpcf7 no-js\" id=\"wpcf7-f5824-o1\" lang=\"en-US\" dir=\"ltr\" data-wpcf7-id=\"5824\">\n<div class=\"screen-reader-response\"><p role=\"status\" aria-live=\"polite\" aria-atomic=\"true\"><\/p> <ul><\/ul><\/div>\n<form action=\"\/fr\/wp-json\/wp\/v2\/pages\/5457#wpcf7-f5824-o1\" method=\"post\" class=\"wpcf7-form init\" aria-label=\"Contact form\" novalidate=\"novalidate\" data-status=\"init\">\n<fieldset class=\"hidden-fields-container\"><input type=\"hidden\" name=\"_wpcf7\" value=\"5824\" \/><input type=\"hidden\" name=\"_wpcf7_version\" value=\"6.1.5\" \/><input type=\"hidden\" name=\"_wpcf7_locale\" value=\"en_US\" \/><input type=\"hidden\" name=\"_wpcf7_unit_tag\" value=\"wpcf7-f5824-o1\" \/><input type=\"hidden\" name=\"_wpcf7_container_post\" value=\"0\" \/><input type=\"hidden\" name=\"_wpcf7_posted_data_hash\" value=\"\" \/><input type=\"hidden\" name=\"_wpcf7_recaptcha_response\" value=\"\" \/>\n<\/fieldset>\n<div class=\"o2c-fullwidth\">\n\t<div class=\"o2c-break1\">\n\t\t<p><span class=\"wpcf7-form-control-wrap\" data-name=\"full-name\"><input size=\"40\" maxlength=\"400\" class=\"wpcf7-form-control wpcf7-text wpcf7-validates-as-required o2c-text-field\" aria-required=\"true\" aria-invalid=\"false\" placeholder=\"Nom Complet\" value=\"\" type=\"text\" name=\"full-name\" \/><\/span><br \/>\n<span class=\"wpcf7-form-control-wrap\" data-name=\"company-name\"><input size=\"40\" maxlength=\"400\" class=\"wpcf7-form-control wpcf7-text wpcf7-validates-as-required o2c-text-field\" aria-required=\"true\" aria-invalid=\"false\" placeholder=\"Entreprise\" value=\"\" type=\"text\" name=\"company-name\" \/><\/span><br \/>\n<span class=\"wpcf7-form-control-wrap\" data-name=\"customer-email\"><input size=\"40\" maxlength=\"400\" class=\"wpcf7-form-control wpcf7-email wpcf7-validates-as-required wpcf7-text wpcf7-validates-as-email o2c-email-field\" aria-required=\"true\" aria-invalid=\"false\" placeholder=\"E-mail\" value=\"\" type=\"email\" name=\"customer-email\" \/><\/span><br \/>\n<span class=\"wpcf7-form-control-wrap\" data-name=\"customer-telephone\"><input size=\"40\" maxlength=\"400\" class=\"wpcf7-form-control wpcf7-tel wpcf7-text wpcf7-validates-as-tel o2c-text-field\" aria-invalid=\"false\" placeholder=\"T\u00e9l\u00e9phone\" value=\"\" type=\"tel\" name=\"customer-telephone\" \/><\/span><br \/>\n\t\t<span class=\"wpcf7-form-control-wrap recaptcha\" data-name=\"recaptcha\"><span data-sitekey=\"6LfV16QUAAAAAAoDHi55y8SiR8vm8sVeBlZMDHpb\" class=\"wpcf7-form-control wpcf7-recaptcha g-recaptcha\"><\/span>\r\n<noscript>\r\n\t<div class=\"grecaptcha-noscript\">\r\n\t\t<iframe src=\"https:\/\/www.google.com\/recaptcha\/api\/fallback?k=6LfV16QUAAAAAAoDHi55y8SiR8vm8sVeBlZMDHpb\" frameborder=\"0\" scrolling=\"no\" width=\"310\" height=\"430\">\r\n\t\t<\/iframe>\r\n\t\t<textarea name=\"g-recaptcha-response\" rows=\"3\" cols=\"40\" placeholder=\"reCaptcha Response Here\">\r\n\t\t<\/textarea>\r\n\t<\/div>\r\n<\/noscript>\r\n<\/span>\n\t\t<\/p>\n\t<\/div>\n\t<div class=\"o2c-break2\">\n\t\t<p><span class=\"wpcf7-form-control-wrap\" data-name=\"customer-query\"><textarea cols=\"40\" rows=\"10\" maxlength=\"2000\" class=\"wpcf7-form-control wpcf7-textarea o2c-text-area\" aria-invalid=\"false\" placeholder=\"Message\" name=\"customer-query\"><\/textarea><\/span>\n\t\t<\/p>\n\t\t<div class=\"o2c-subscribe\">\n\t\t\t<p><span class=\"wpcf7-form-control-wrap\" data-name=\"checkbox-21\"><span class=\"wpcf7-form-control wpcf7-checkbox\"><span class=\"wpcf7-list-item first last\"><input type=\"checkbox\" name=\"checkbox-21[]\" value=\"S&#039;abonner \u00e0 la Newsletter\" \/><span class=\"wpcf7-list-item-label\">S&#039;abonner \u00e0 la Newsletter<\/span><\/span><\/span><\/span><br \/>\n<input class=\"wpcf7-form-control wpcf7-submit has-spinner o2c-submit\" type=\"submit\" value=\"Envoyer\" \/>\n\t\t\t<\/p>\n\t\t<\/div>\n\t<\/div>\n<\/div>\n<div class=\"gdpr-text-contact\">\n\t<p>Ce formulaire recueille votre nom, adresse e-mail et num\u00e9ro de t\u00e9l\u00e9phone afin que nous puissions rester en contact avec vous concernant votre demande. Notre <a href=\"\/fr\/politique-de-confidentialite-rgpd\/\">Politique de Confidentialit\u00e9<\/a> fournira de plus amples informations sur la mani\u00e8re dont ces donn\u00e9es sont prot\u00e9g\u00e9es et g\u00e9r\u00e9es.\n\t<\/p>\n\t<div class=\"gpdr-tick-box-contact\">\n\t\t<p><span class=\"wpcf7-form-control-wrap\" data-name=\"GDPR\"><span class=\"wpcf7-form-control wpcf7-checkbox wpcf7-validates-as-required\"><span class=\"wpcf7-list-item first last\"><input type=\"checkbox\" name=\"GDPR[]\" value=\"Je consens \u00e0 ce que Barnes International collecte mes donn\u00e9es.\" \/><span class=\"wpcf7-list-item-label\">Je consens \u00e0 ce que Barnes International collecte mes donn\u00e9es.<\/span><\/span><\/span><\/span>\n\t\t<\/p>\n\t<\/div>\n<\/div><div class=\"wpcf7-response-output\" aria-hidden=\"true\"><\/div>\n<\/form>\n<\/div>\n[mk_padding_divider size=\u00a0\u00bb65&Prime;][\/vc_column][vc_column width=\u00a0\u00bb1\/12&Prime;][\/vc_column][\/mk_page_section]\n","protected":false},"excerpt":{"rendered":"<p>[mk_page_section bg_image=\u00a0\u00bbhttp:\/\/www.barnestest.com\/wp-content\/uploads\/barnes-advantage-bg.jpg\u00a0\u00bb bg_position=\u00a0\u00bbcenter center\u00a0\u00bb bg_repeat=\u00a0\u00bbno-repeat\u00a0\u00bb bg_stretch=\u00a0\u00bbtrue\u00a0\u00bb padding_top=\u00a0\u00bb60&Prime; padding_bottom=\u00a0\u00bb60&Prime; sidebar=\u00a0\u00bbsidebar-1&Prime;][vc_column width=\u00a0\u00bb1\/2&Prime;][\/vc_column][vc_column width=\u00a0\u00bb1\/2&Prime;][mk_fancy_title color=\u00a0\u00bb#0098db\u00a0\u00bb size=\u00a0\u00bb32&Prime; font_weight=\u00a0\u00bb400&Prime; margin_bottom=\u00a0\u00bb0&Prime; font_family=\u00a0\u00bbnone\u00a0\u00bb animation=\u00a0\u00bbfade-in\u00a0\u00bb] Qu&rsquo;est-ce qui nous differencie ? [\/mk_fancy_title][vc_column_text css=\u00a0\u00bb.vc_custom_1611585514589{margin-bottom: 0px !important;}\u00a0\u00bb]Barnes est le partenaire id\u00e9al pour les tests de cartes EMV, d&rsquo;applications de paiement, de bandes magn\u00e9tiques, mais aussi pour la pr\u00e9paration de donn\u00e9es EMV aupr\u00e8s des banques, des \u00e9metteurs [&hellip;]<\/p>\n","protected":false},"author":1,"featured_media":0,"parent":5450,"menu_order":0,"comment_status":"closed","ping_status":"closed","template":"","meta":{"footnotes":""},"class_list":["post-5457","page","type-page","status-publish","hentry"],"yoast_head":"<!-- This site is optimized with the Yoast SEO plugin v27.3 - https:\/\/yoast.com\/product\/yoast-seo-wordpress\/ -->\n<title>Ce qui nous diff\u00e9rencie | \u00c0 propos de Barnes | Barnes International Limited<\/title>\n<meta name=\"description\" content=\"Avec une \u00e9quipe d&#039;experts d\u00e9di\u00e9e et ayant accumul\u00e9 des d\u00e9cennies d&#039;exp\u00e9rience, Barnes est le principal fournisseur d&#039;outils de test EMV et de bande magn\u00e9tique aupr\u00e8s des institutions financi\u00e8res, des banques, des \u00e9metteurs et de nombreux autres clients \u00e0 \u00e9chelle mondiale.\" \/>\n<meta name=\"robots\" content=\"index, follow, max-snippet:-1, max-image-preview:large, max-video-preview:-1\" \/>\n<link rel=\"canonical\" href=\"https:\/\/www.barnestest.com\/fr\/a-propos-de-barnes\/ce-qui-nous-differencie\/\" \/>\n<meta property=\"og:locale\" content=\"fr_FR\" \/>\n<meta property=\"og:type\" content=\"article\" \/>\n<meta property=\"og:title\" content=\"Ce qui nous diff\u00e9rencie | \u00c0 propos de Barnes | Barnes International Limited\" \/>\n<meta property=\"og:description\" content=\"Avec une \u00e9quipe d&#039;experts d\u00e9di\u00e9e et ayant accumul\u00e9 des d\u00e9cennies d&#039;exp\u00e9rience, Barnes est le principal fournisseur d&#039;outils de test EMV et de bande magn\u00e9tique aupr\u00e8s des institutions financi\u00e8res, des banques, des \u00e9metteurs et de nombreux autres clients \u00e0 \u00e9chelle mondiale.\" \/>\n<meta property=\"og:url\" content=\"https:\/\/www.barnestest.com\/fr\/a-propos-de-barnes\/ce-qui-nous-differencie\/\" \/>\n<meta property=\"og:site_name\" content=\"Barnes International\" \/>\n<meta property=\"article:modified_time\" content=\"2021-01-25T14:42:28+00:00\" \/>\n<meta property=\"og:image\" content=\"https:\/\/www.barnestest.com\/wp-content\/uploads\/barnes-logo.png\" \/>\n\t<meta property=\"og:image:width\" content=\"183\" \/>\n\t<meta property=\"og:image:height\" content=\"43\" \/>\n\t<meta property=\"og:image:type\" content=\"image\/png\" \/>\n<meta name=\"twitter:card\" content=\"summary_large_image\" \/>\n<meta name=\"twitter:site\" content=\"@barnes_test\" \/>\n<meta name=\"twitter:label1\" content=\"Dur\u00e9e de lecture estim\u00e9e\" \/>\n\t<meta name=\"twitter:data1\" content=\"2 minutes\" \/>\n<script type=\"application\/ld+json\" class=\"yoast-schema-graph\">{\"@context\":\"https:\\\/\\\/schema.org\",\"@graph\":[{\"@type\":\"WebPage\",\"@id\":\"https:\\\/\\\/www.barnestest.com\\\/fr\\\/a-propos-de-barnes\\\/ce-qui-nous-differencie\\\/\",\"url\":\"https:\\\/\\\/www.barnestest.com\\\/fr\\\/a-propos-de-barnes\\\/ce-qui-nous-differencie\\\/\",\"name\":\"Ce qui nous diff\u00e9rencie | \u00c0 propos de Barnes | Barnes International Limited\",\"isPartOf\":{\"@id\":\"https:\\\/\\\/www.barnestest.com\\\/fr\\\/#website\"},\"datePublished\":\"2020-11-25T13:41:30+00:00\",\"dateModified\":\"2021-01-25T14:42:28+00:00\",\"description\":\"Avec une \u00e9quipe d'experts d\u00e9di\u00e9e et ayant accumul\u00e9 des d\u00e9cennies d'exp\u00e9rience, Barnes est le principal fournisseur d'outils de test EMV et de bande magn\u00e9tique aupr\u00e8s des institutions financi\u00e8res, des banques, des \u00e9metteurs et de nombreux autres clients \u00e0 \u00e9chelle mondiale.\",\"breadcrumb\":{\"@id\":\"https:\\\/\\\/www.barnestest.com\\\/fr\\\/a-propos-de-barnes\\\/ce-qui-nous-differencie\\\/#breadcrumb\"},\"inLanguage\":\"fr-FR\",\"potentialAction\":[{\"@type\":\"ReadAction\",\"target\":[\"https:\\\/\\\/www.barnestest.com\\\/fr\\\/a-propos-de-barnes\\\/ce-qui-nous-differencie\\\/\"]}]},{\"@type\":\"BreadcrumbList\",\"@id\":\"https:\\\/\\\/www.barnestest.com\\\/fr\\\/a-propos-de-barnes\\\/ce-qui-nous-differencie\\\/#breadcrumb\",\"itemListElement\":[{\"@type\":\"ListItem\",\"position\":1,\"name\":\"Home\",\"item\":\"https:\\\/\\\/www.barnestest.com\\\/fr\\\/\"},{\"@type\":\"ListItem\",\"position\":2,\"name\":\"\u00c0 propos de Barnes\",\"item\":\"https:\\\/\\\/www.barnestest.com\\\/fr\\\/a-propos-de-barnes\\\/\"},{\"@type\":\"ListItem\",\"position\":3,\"name\":\"Ce qui nous diff\u00e9rencie\"}]},{\"@type\":\"WebSite\",\"@id\":\"https:\\\/\\\/www.barnestest.com\\\/fr\\\/#website\",\"url\":\"https:\\\/\\\/www.barnestest.com\\\/fr\\\/\",\"name\":\"Barnes International\",\"description\":\"a leading provider of magnetic stripe and EMV test tools, training and consulting\",\"publisher\":{\"@id\":\"https:\\\/\\\/www.barnestest.com\\\/fr\\\/#organization\"},\"potentialAction\":[{\"@type\":\"SearchAction\",\"target\":{\"@type\":\"EntryPoint\",\"urlTemplate\":\"https:\\\/\\\/www.barnestest.com\\\/fr\\\/?s={search_term_string}\"},\"query-input\":{\"@type\":\"PropertyValueSpecification\",\"valueRequired\":true,\"valueName\":\"search_term_string\"}}],\"inLanguage\":\"fr-FR\"},{\"@type\":\"Organization\",\"@id\":\"https:\\\/\\\/www.barnestest.com\\\/fr\\\/#organization\",\"name\":\"Barnes International\",\"url\":\"https:\\\/\\\/www.barnestest.com\\\/fr\\\/\",\"logo\":{\"@type\":\"ImageObject\",\"inLanguage\":\"fr-FR\",\"@id\":\"https:\\\/\\\/www.barnestest.com\\\/fr\\\/#\\\/schema\\\/logo\\\/image\\\/\",\"url\":\"https:\\\/\\\/www.barnestest.com\\\/wp-content\\\/uploads\\\/barnesinternationallogo_transparent.png\",\"contentUrl\":\"https:\\\/\\\/www.barnestest.com\\\/wp-content\\\/uploads\\\/barnesinternationallogo_transparent.png\",\"width\":1712,\"height\":484,\"caption\":\"Barnes International\"},\"image\":{\"@id\":\"https:\\\/\\\/www.barnestest.com\\\/fr\\\/#\\\/schema\\\/logo\\\/image\\\/\"},\"sameAs\":[\"https:\\\/\\\/x.com\\\/barnes_test\",\"https:\\\/\\\/www.linkedin.com\\\/company\\\/barnes-international-ltd\\\/\",\"https:\\\/\\\/www.youtube.com\\\/channel\\\/UC5_Lit5ykPemqDHnHda0bvw\"]}]}<\/script>\n<!-- \/ Yoast SEO plugin. -->","yoast_head_json":{"title":"Ce qui nous diff\u00e9rencie | \u00c0 propos de Barnes | Barnes International Limited","description":"Avec une \u00e9quipe d'experts d\u00e9di\u00e9e et ayant accumul\u00e9 des d\u00e9cennies d'exp\u00e9rience, Barnes est le principal fournisseur d'outils de test EMV et de bande magn\u00e9tique aupr\u00e8s des institutions financi\u00e8res, des banques, des \u00e9metteurs et de nombreux autres clients \u00e0 \u00e9chelle mondiale.","robots":{"index":"index","follow":"follow","max-snippet":"max-snippet:-1","max-image-preview":"max-image-preview:large","max-video-preview":"max-video-preview:-1"},"canonical":"https:\/\/www.barnestest.com\/fr\/a-propos-de-barnes\/ce-qui-nous-differencie\/","og_locale":"fr_FR","og_type":"article","og_title":"Ce qui nous diff\u00e9rencie | \u00c0 propos de Barnes | Barnes International Limited","og_description":"Avec une \u00e9quipe d'experts d\u00e9di\u00e9e et ayant accumul\u00e9 des d\u00e9cennies d'exp\u00e9rience, Barnes est le principal fournisseur d'outils de test EMV et de bande magn\u00e9tique aupr\u00e8s des institutions financi\u00e8res, des banques, des \u00e9metteurs et de nombreux autres clients \u00e0 \u00e9chelle mondiale.","og_url":"https:\/\/www.barnestest.com\/fr\/a-propos-de-barnes\/ce-qui-nous-differencie\/","og_site_name":"Barnes International","article_modified_time":"2021-01-25T14:42:28+00:00","og_image":[{"width":183,"height":43,"url":"https:\/\/www.barnestest.com\/wp-content\/uploads\/barnes-logo.png","type":"image\/png"}],"twitter_card":"summary_large_image","twitter_site":"@barnes_test","twitter_misc":{"Dur\u00e9e de lecture estim\u00e9e":"2 minutes"},"schema":{"@context":"https:\/\/schema.org","@graph":[{"@type":"WebPage","@id":"https:\/\/www.barnestest.com\/fr\/a-propos-de-barnes\/ce-qui-nous-differencie\/","url":"https:\/\/www.barnestest.com\/fr\/a-propos-de-barnes\/ce-qui-nous-differencie\/","name":"Ce qui nous diff\u00e9rencie | \u00c0 propos de Barnes | Barnes International Limited","isPartOf":{"@id":"https:\/\/www.barnestest.com\/fr\/#website"},"datePublished":"2020-11-25T13:41:30+00:00","dateModified":"2021-01-25T14:42:28+00:00","description":"Avec une \u00e9quipe d'experts d\u00e9di\u00e9e et ayant accumul\u00e9 des d\u00e9cennies d'exp\u00e9rience, Barnes est le principal fournisseur d'outils de test EMV et de bande magn\u00e9tique aupr\u00e8s des institutions financi\u00e8res, des banques, des \u00e9metteurs et de nombreux autres clients \u00e0 \u00e9chelle mondiale.","breadcrumb":{"@id":"https:\/\/www.barnestest.com\/fr\/a-propos-de-barnes\/ce-qui-nous-differencie\/#breadcrumb"},"inLanguage":"fr-FR","potentialAction":[{"@type":"ReadAction","target":["https:\/\/www.barnestest.com\/fr\/a-propos-de-barnes\/ce-qui-nous-differencie\/"]}]},{"@type":"BreadcrumbList","@id":"https:\/\/www.barnestest.com\/fr\/a-propos-de-barnes\/ce-qui-nous-differencie\/#breadcrumb","itemListElement":[{"@type":"ListItem","position":1,"name":"Home","item":"https:\/\/www.barnestest.com\/fr\/"},{"@type":"ListItem","position":2,"name":"\u00c0 propos de Barnes","item":"https:\/\/www.barnestest.com\/fr\/a-propos-de-barnes\/"},{"@type":"ListItem","position":3,"name":"Ce qui nous diff\u00e9rencie"}]},{"@type":"WebSite","@id":"https:\/\/www.barnestest.com\/fr\/#website","url":"https:\/\/www.barnestest.com\/fr\/","name":"Barnes International","description":"a leading provider of magnetic stripe and EMV test tools, training and consulting","publisher":{"@id":"https:\/\/www.barnestest.com\/fr\/#organization"},"potentialAction":[{"@type":"SearchAction","target":{"@type":"EntryPoint","urlTemplate":"https:\/\/www.barnestest.com\/fr\/?s={search_term_string}"},"query-input":{"@type":"PropertyValueSpecification","valueRequired":true,"valueName":"search_term_string"}}],"inLanguage":"fr-FR"},{"@type":"Organization","@id":"https:\/\/www.barnestest.com\/fr\/#organization","name":"Barnes International","url":"https:\/\/www.barnestest.com\/fr\/","logo":{"@type":"ImageObject","inLanguage":"fr-FR","@id":"https:\/\/www.barnestest.com\/fr\/#\/schema\/logo\/image\/","url":"https:\/\/www.barnestest.com\/wp-content\/uploads\/barnesinternationallogo_transparent.png","contentUrl":"https:\/\/www.barnestest.com\/wp-content\/uploads\/barnesinternationallogo_transparent.png","width":1712,"height":484,"caption":"Barnes International"},"image":{"@id":"https:\/\/www.barnestest.com\/fr\/#\/schema\/logo\/image\/"},"sameAs":["https:\/\/x.com\/barnes_test","https:\/\/www.linkedin.com\/company\/barnes-international-ltd\/","https:\/\/www.youtube.com\/channel\/UC5_Lit5ykPemqDHnHda0bvw"]}]}},"_links":{"self":[{"href":"https:\/\/www.barnestest.com\/fr\/wp-json\/wp\/v2\/pages\/5457","targetHints":{"allow":["GET"]}}],"collection":[{"href":"https:\/\/www.barnestest.com\/fr\/wp-json\/wp\/v2\/pages"}],"about":[{"href":"https:\/\/www.barnestest.com\/fr\/wp-json\/wp\/v2\/types\/page"}],"author":[{"embeddable":true,"href":"https:\/\/www.barnestest.com\/fr\/wp-json\/wp\/v2\/users\/1"}],"replies":[{"embeddable":true,"href":"https:\/\/www.barnestest.com\/fr\/wp-json\/wp\/v2\/comments?post=5457"}],"version-history":[{"count":0,"href":"https:\/\/www.barnestest.com\/fr\/wp-json\/wp\/v2\/pages\/5457\/revisions"}],"up":[{"embeddable":true,"href":"https:\/\/www.barnestest.com\/fr\/wp-json\/wp\/v2\/pages\/5450"}],"wp:attachment":[{"href":"https:\/\/www.barnestest.com\/fr\/wp-json\/wp\/v2\/media?parent=5457"}],"curies":[{"name":"wp","href":"https:\/\/api.w.org\/{rel}","templated":true}]}}