{"id":5467,"date":"2020-11-26T10:26:42","date_gmt":"2020-11-26T10:26:42","guid":{"rendered":"https:\/\/www.barnestest.com\/a-propos-de-barnes\/nos-partenaires\/"},"modified":"2025-12-17T12:05:55","modified_gmt":"2025-12-17T12:05:55","slug":"nos-partenaires","status":"publish","type":"page","link":"https:\/\/www.barnestest.com\/fr\/a-propos-de-barnes\/nos-partenaires\/","title":{"rendered":"Nos Partenaires"},"content":{"rendered":"[mk_page_section bg_image=\u00a0\u00bbhttp:\/\/www.barnestest.com\/wp-content\/uploads\/barnes-partners-bg.jpg\u00a0\u00bb bg_position=\u00a0\u00bbcenter top\u00a0\u00bb bg_repeat=\u00a0\u00bbno-repeat\u00a0\u00bb bg_stretch=\u00a0\u00bbtrue\u00a0\u00bb padding_top=\u00a0\u00bb60&Prime; padding_bottom=\u00a0\u00bb60&Prime; sidebar=\u00a0\u00bbsidebar-1&Prime;][vc_column width=\u00a0\u00bb8\/12&Prime;][mk_fancy_title tag_name=\u00a0\u00bbh1&Prime; color=\u00a0\u00bb#25334b\u00a0\u00bb size=\u00a0\u00bb20&Prime; font_weight=\u00a0\u00bbbold\u00a0\u00bb margin_bottom=\u00a0\u00bb0&Prime; font_family=\u00a0\u00bbnone\u00a0\u00bb animation=\u00a0\u00bbleft-to-right\u00a0\u00bb]Partenaires[\/mk_fancy_title][mk_fancy_title color=\u00a0\u00bb#25334b\u00a0\u00bb size=\u00a0\u00bb32&Prime; font_weight=\u00a0\u00bb400&Prime; margin_bottom=\u00a0\u00bb0&Prime; font_family=\u00a0\u00bbnone\u00a0\u00bb animation=\u00a0\u00bbfade-in\u00a0\u00bb]Nous nous informons sur les d\u00e9veloppements de l&rsquo;industrie pour que vous n&rsquo;ayez pas \u00e0 le faire[\/mk_fancy_title][vc_column_text css=\u00a0\u00bb.vc_custom_1585903942456{margin-bottom: 0px !important;}\u00a0\u00bb]<span style=\"font-size: 18px;\">To ensure our test tools remain the most accurate and reliable on the market, we are a member of various industry bodies and actively participate in discussions around EMV migration to Dual Interface and technological advances in the card and mobile payments industry.<\/span><\/p>\n<p><span style=\"font-size: 18px;\">We also work collaboratively with the major payments networks to ensure our test tools are inline with their latest specifications, and partner with complementary solution providers to bring to market the best possible test tools.<\/span>[\/vc_column_text][\/vc_column][vc_column width=\u00a0\u00bb1\/12&Prime;][\/vc_column][vc_column width=\u00a0\u00bb1\/4&Prime;][\/vc_column][\/mk_page_section][mk_page_section bg_color=\u00a0\u00bb#3d5e8b\u00a0\u00bb bg_position=\u00a0\u00bbleft center\u00a0\u00bb padding_top=\u00a0\u00bb60&Prime; padding_bottom=\u00a0\u00bb60&Prime; sidebar=\u00a0\u00bbsidebar-1&Prime;][vc_column width=\u00a0\u00bb1\/12&Prime;][\/vc_column][vc_column width=\u00a0\u00bb10\/12&Prime;][mk_fancy_title color=\u00a0\u00bb#ffffff\u00a0\u00bb size=\u00a0\u00bb32&Prime; font_weight=\u00a0\u00bb400&Prime; margin_bottom=\u00a0\u00bb0&Prime; font_family=\u00a0\u00bbnone\u00a0\u00bb align=\u00a0\u00bbcenter\u00a0\u00bb animation=\u00a0\u00bbfade-in\u00a0\u00bb]Syst\u00e8mes de Paiement[\/mk_fancy_title][mk_image src=\u00a0\u00bbhttps:\/\/www.barnestest.com\/wp-content\/uploads\/payment-schemes_our-partners_about-us_barnestest_rev2023-1.png\u00a0\u00bb image_size=\u00a0\u00bbfull\u00a0\u00bb align=\u00a0\u00bbcenter\u00a0\u00bb][mk_padding_divider size=\u00a0\u00bb20&Prime;][mk_fancy_title color=\u00a0\u00bb#ffffff\u00a0\u00bb size=\u00a0\u00bb32&Prime; font_weight=\u00a0\u00bb400&Prime; margin_bottom=\u00a0\u00bb0&Prime; font_family=\u00a0\u00bbnone\u00a0\u00bb align=\u00a0\u00bbcenter\u00a0\u00bb animation=\u00a0\u00bbfade-in\u00a0\u00bb]Partenaires Technologiques[\/mk_fancy_title][mk_image src=\u00a0\u00bbhttps:\/\/www.barnestest.com\/wp-content\/uploads\/technology-partners_our-partners_about-us_barnestest_rev6.jpg\u00a0\u00bb image_size=\u00a0\u00bbfull\u00a0\u00bb align=\u00a0\u00bbcenter\u00a0\u00bb][mk_padding_divider size=\u00a0\u00bb20&Prime;][mk_fancy_title color=\u00a0\u00bb#ffffff\u00a0\u00bb size=\u00a0\u00bb32&Prime; font_weight=\u00a0\u00bb400&Prime; margin_bottom=\u00a0\u00bb0&Prime; font_family=\u00a0\u00bbnone\u00a0\u00bb align=\u00a0\u00bbcenter\u00a0\u00bb animation=\u00a0\u00bbfade-in\u00a0\u00bb]Associations de l&rsquo;Industrie[\/mk_fancy_title][mk_image src=\u00a0\u00bbhttp:\/\/www.barnestest.com\/wp-content\/uploads\/partner-logos_updated_01.png\u00a0\u00bb image_size=\u00a0\u00bbfull\u00a0\u00bb align=\u00a0\u00bbcenter\u00a0\u00bb][\/vc_column][vc_column width=\u00a0\u00bb1\/12&Prime;][\/vc_column][\/mk_page_section][mk_page_section bg_position=\u00a0\u00bbcenter center\u00a0\u00bb bg_stretch=\u00a0\u00bbtrue\u00a0\u00bb padding_top=\u00a0\u00bb60&Prime; padding_bottom=\u00a0\u00bb40&Prime; sidebar=\u00a0\u00bbsidebar-1&Prime;][vc_column][vc_column_text css=\u00a0\u00bb.vc_custom_1538128188534{margin-bottom: 0px !important;}\u00a0\u00bb]\n<p style=\"text-align: center;\">\u00ab\u00a0Barnes International is a well recognised brand on today&rsquo;s global market and visiting our clients I&rsquo;ve seen them appreciating CPT as an invaluable product with lots of extraordinary knowledge behind it. While being primarily dedicated to card validation and testing, its ability to transfer EMV knowledge is being widely appreciated by our software developers every day.\u00a0\u00bb<\/p>\n<p style=\"text-align: center;\"><strong>EFTlab, Australia<\/strong><\/p>\n[\/vc_column_text][\/vc_column][\/mk_page_section][mk_page_section bg_color=\u00a0\u00bb#0098db\u00a0\u00bb el_class=\u00a0\u00bbo2c-white-contact\u00a0\u00bb sidebar=\u00a0\u00bbsidebar-1&Prime;][vc_column width=\u00a0\u00bb1\/12&Prime;][\/vc_column][vc_column width=\u00a0\u00bb10\/12&Prime;][mk_padding_divider size=\u00a0\u00bb65&Prime;][mk_fancy_title color=\u00a0\u00bb#ffffff\u00a0\u00bb size=\u00a0\u00bb32&Prime; font_weight=\u00a0\u00bb400&Prime; margin_bottom=\u00a0\u00bb0&Prime; font_family=\u00a0\u00bbnone\u00a0\u00bb align=\u00a0\u00bbcenter\u00a0\u00bb animation=\u00a0\u00bbfade-in\u00a0\u00bb]Envie d&rsquo;en savoir plus ?[\/mk_fancy_title][mk_padding_divider size=\u00a0\u00bb30&Prime;]\n<div class=\"wpcf7 no-js\" id=\"wpcf7-f141-o1\" lang=\"en-US\" dir=\"ltr\" data-wpcf7-id=\"141\">\n<div class=\"screen-reader-response\"><p role=\"status\" aria-live=\"polite\" aria-atomic=\"true\"><\/p> <ul><\/ul><\/div>\n<form action=\"\/fr\/wp-json\/wp\/v2\/pages\/5467#wpcf7-f141-o1\" method=\"post\" class=\"wpcf7-form init\" aria-label=\"Contact form\" novalidate=\"novalidate\" data-status=\"init\">\n<fieldset class=\"hidden-fields-container\"><input type=\"hidden\" name=\"_wpcf7\" value=\"141\" \/><input type=\"hidden\" name=\"_wpcf7_version\" value=\"6.1.5\" \/><input type=\"hidden\" name=\"_wpcf7_locale\" value=\"en_US\" \/><input type=\"hidden\" name=\"_wpcf7_unit_tag\" value=\"wpcf7-f141-o1\" \/><input type=\"hidden\" name=\"_wpcf7_container_post\" value=\"0\" \/><input type=\"hidden\" name=\"_wpcf7_posted_data_hash\" value=\"\" \/><input type=\"hidden\" name=\"_wpcf7_recaptcha_response\" value=\"\" \/>\n<\/fieldset>\n<div class=\"o2c-fullwidth\">\n\t<div class=\"o2c-break1\">\n\t\t<p><span class=\"wpcf7-form-control-wrap\" data-name=\"full-name\"><input size=\"40\" maxlength=\"400\" class=\"wpcf7-form-control wpcf7-text wpcf7-validates-as-required o2c-text-field\" aria-required=\"true\" aria-invalid=\"false\" placeholder=\"Full Name\" value=\"\" type=\"text\" name=\"full-name\" \/><\/span><br \/>\n<span class=\"wpcf7-form-control-wrap\" data-name=\"company-name\"><input size=\"40\" maxlength=\"400\" class=\"wpcf7-form-control wpcf7-text wpcf7-validates-as-required o2c-text-field\" aria-required=\"true\" aria-invalid=\"false\" placeholder=\"Company\" value=\"\" type=\"text\" name=\"company-name\" \/><\/span><br \/>\n<span class=\"wpcf7-form-control-wrap\" data-name=\"customer-email\"><input size=\"40\" maxlength=\"400\" class=\"wpcf7-form-control wpcf7-email wpcf7-validates-as-required wpcf7-text wpcf7-validates-as-email o2c-email-field\" aria-required=\"true\" aria-invalid=\"false\" placeholder=\"Email\" value=\"\" type=\"email\" name=\"customer-email\" \/><\/span><br \/>\n<span class=\"wpcf7-form-control-wrap\" data-name=\"customer-telephone\"><input size=\"40\" maxlength=\"400\" class=\"wpcf7-form-control wpcf7-tel wpcf7-text wpcf7-validates-as-tel o2c-text-field\" aria-invalid=\"false\" placeholder=\"Telephone\" value=\"\" type=\"tel\" name=\"customer-telephone\" \/><\/span><br \/>\n\t\t<span class=\"wpcf7-form-control-wrap recaptcha\" data-name=\"recaptcha\"><span data-sitekey=\"6LfV16QUAAAAAAoDHi55y8SiR8vm8sVeBlZMDHpb\" class=\"wpcf7-form-control wpcf7-recaptcha g-recaptcha\"><\/span>\r\n<noscript>\r\n\t<div class=\"grecaptcha-noscript\">\r\n\t\t<iframe src=\"https:\/\/www.google.com\/recaptcha\/api\/fallback?k=6LfV16QUAAAAAAoDHi55y8SiR8vm8sVeBlZMDHpb\" frameborder=\"0\" scrolling=\"no\" width=\"310\" height=\"430\">\r\n\t\t<\/iframe>\r\n\t\t<textarea name=\"g-recaptcha-response\" rows=\"3\" cols=\"40\" placeholder=\"reCaptcha Response Here\">\r\n\t\t<\/textarea>\r\n\t<\/div>\r\n<\/noscript>\r\n<\/span>\n\t\t<\/p>\n\t<\/div>\n\t<div class=\"o2c-break2\">\n\t\t<p><span class=\"wpcf7-form-control-wrap\" data-name=\"customer-query\"><textarea cols=\"40\" rows=\"10\" maxlength=\"2000\" class=\"wpcf7-form-control wpcf7-textarea o2c-text-area\" aria-invalid=\"false\" placeholder=\"Query\" name=\"customer-query\"><\/textarea><\/span>\n\t\t<\/p>\n\t\t<div class=\"o2c-subscribe\">\n\t\t\t<p><span class=\"wpcf7-form-control-wrap\" data-name=\"checkbox-21\"><span class=\"wpcf7-form-control wpcf7-checkbox\"><span class=\"wpcf7-list-item first last\"><input type=\"checkbox\" name=\"checkbox-21[]\" value=\"Subscribe to updates\" \/><span class=\"wpcf7-list-item-label\">Subscribe to updates<\/span><\/span><\/span><\/span><br \/>\n<input class=\"wpcf7-form-control wpcf7-submit has-spinner o2c-submit\" type=\"submit\" value=\"Send\" \/>\n\t\t\t<\/p>\n\t\t<\/div>\n\t<\/div>\n<\/div>\n<div class=\"gdpr-text-contact\">\n\t<p>This form collects your name, email and telephone number so that we can keep in contact with you regarding your enquiry. Our <a href=\"\/privacy-policy\/\">Privacy Policy<\/a> will provide further information on how this data is protected and managed.\n\t<\/p>\n\t<div class=\"gpdr-tick-box-contact\">\n\t\t<p><span class=\"wpcf7-form-control-wrap\" data-name=\"GDPR\"><span class=\"wpcf7-form-control wpcf7-checkbox wpcf7-validates-as-required\"><span class=\"wpcf7-list-item first last\"><input type=\"checkbox\" name=\"GDPR[]\" value=\"I consent to having Barnes International collect my data.\" \/><span class=\"wpcf7-list-item-label\">I consent to having Barnes International collect my data.<\/span><\/span><\/span><\/span>\n\t\t<\/p>\n\t<\/div>\n<\/div><div class=\"wpcf7-response-output\" aria-hidden=\"true\"><\/div>\n<\/form>\n<\/div>\n[mk_padding_divider size=\u00a0\u00bb65&Prime;][\/vc_column][vc_column width=\u00a0\u00bb1\/12&Prime;][\/vc_column][\/mk_page_section]\n","protected":false},"excerpt":{"rendered":"<p>[mk_page_section bg_image=\u00a0\u00bbhttp:\/\/www.barnestest.com\/wp-content\/uploads\/barnes-partners-bg.jpg\u00a0\u00bb bg_position=\u00a0\u00bbcenter top\u00a0\u00bb bg_repeat=\u00a0\u00bbno-repeat\u00a0\u00bb bg_stretch=\u00a0\u00bbtrue\u00a0\u00bb padding_top=\u00a0\u00bb60&Prime; padding_bottom=\u00a0\u00bb60&Prime; sidebar=\u00a0\u00bbsidebar-1&Prime;][vc_column width=\u00a0\u00bb8\/12&Prime;][mk_fancy_title tag_name=\u00a0\u00bbh1&Prime; color=\u00a0\u00bb#25334b\u00a0\u00bb size=\u00a0\u00bb20&Prime; font_weight=\u00a0\u00bbbold\u00a0\u00bb margin_bottom=\u00a0\u00bb0&Prime; font_family=\u00a0\u00bbnone\u00a0\u00bb animation=\u00a0\u00bbleft-to-right\u00a0\u00bb]Partenaires[\/mk_fancy_title][mk_fancy_title color=\u00a0\u00bb#25334b\u00a0\u00bb size=\u00a0\u00bb32&Prime; font_weight=\u00a0\u00bb400&Prime; margin_bottom=\u00a0\u00bb0&Prime; font_family=\u00a0\u00bbnone\u00a0\u00bb animation=\u00a0\u00bbfade-in\u00a0\u00bb]Nous nous informons sur les d\u00e9veloppements de l&rsquo;industrie pour que vous n&rsquo;ayez pas \u00e0 le faire[\/mk_fancy_title][vc_column_text css=\u00a0\u00bb.vc_custom_1585903942456{margin-bottom: 0px !important;}\u00a0\u00bb]To ensure our test tools remain the most accurate and reliable on the market, we [&hellip;]<\/p>\n","protected":false},"author":1,"featured_media":0,"parent":5450,"menu_order":0,"comment_status":"closed","ping_status":"closed","template":"","meta":{"footnotes":""},"class_list":["post-5467","page","type-page","status-publish","hentry"],"yoast_head":"<!-- This site is optimized with the Yoast SEO plugin v27.3 - https:\/\/yoast.com\/product\/yoast-seo-wordpress\/ -->\n<title>Nos Partenaires | \u00c0 propos de Barnes | Barnes International Limited<\/title>\n<meta name=\"description\" content=\"Collaborer avec divers organismes de l&#039;industrie et r\u00e9seaux de paiement nous aide \u00e0 garantir que nos outils de test sont conformes aux derni\u00e8res sp\u00e9cifications et normes.\" \/>\n<meta name=\"robots\" content=\"index, follow, max-snippet:-1, max-image-preview:large, max-video-preview:-1\" \/>\n<link rel=\"canonical\" href=\"https:\/\/www.barnestest.com\/fr\/a-propos-de-barnes\/nos-partenaires\/\" \/>\n<meta property=\"og:locale\" content=\"fr_FR\" \/>\n<meta property=\"og:type\" content=\"article\" \/>\n<meta property=\"og:title\" content=\"Nos Partenaires | \u00c0 propos de Barnes | Barnes International Limited\" \/>\n<meta property=\"og:description\" content=\"Collaborer avec divers organismes de l&#039;industrie et r\u00e9seaux de paiement nous aide \u00e0 garantir que nos outils de test sont conformes aux derni\u00e8res sp\u00e9cifications et normes.\" \/>\n<meta property=\"og:url\" content=\"https:\/\/www.barnestest.com\/fr\/a-propos-de-barnes\/nos-partenaires\/\" \/>\n<meta property=\"og:site_name\" content=\"Barnes International\" \/>\n<meta property=\"article:modified_time\" content=\"2025-12-17T12:05:55+00:00\" \/>\n<meta property=\"og:image\" content=\"https:\/\/www.barnestest.com\/wp-content\/uploads\/barnes-logo.png\" \/>\n\t<meta property=\"og:image:width\" content=\"183\" \/>\n\t<meta property=\"og:image:height\" content=\"43\" \/>\n\t<meta property=\"og:image:type\" content=\"image\/png\" \/>\n<meta name=\"twitter:card\" content=\"summary_large_image\" \/>\n<meta name=\"twitter:site\" content=\"@barnes_test\" \/>\n<meta name=\"twitter:label1\" content=\"Dur\u00e9e de lecture estim\u00e9e\" \/>\n\t<meta name=\"twitter:data1\" content=\"3 minutes\" \/>\n<script type=\"application\/ld+json\" class=\"yoast-schema-graph\">{\"@context\":\"https:\\\/\\\/schema.org\",\"@graph\":[{\"@type\":\"WebPage\",\"@id\":\"https:\\\/\\\/www.barnestest.com\\\/fr\\\/a-propos-de-barnes\\\/nos-partenaires\\\/\",\"url\":\"https:\\\/\\\/www.barnestest.com\\\/fr\\\/a-propos-de-barnes\\\/nos-partenaires\\\/\",\"name\":\"Nos Partenaires | \u00c0 propos de Barnes | Barnes International Limited\",\"isPartOf\":{\"@id\":\"https:\\\/\\\/www.barnestest.com\\\/fr\\\/#website\"},\"datePublished\":\"2020-11-26T10:26:42+00:00\",\"dateModified\":\"2025-12-17T12:05:55+00:00\",\"description\":\"Collaborer avec divers organismes de l'industrie et r\u00e9seaux de paiement nous aide \u00e0 garantir que nos outils de test sont conformes aux derni\u00e8res sp\u00e9cifications et normes.\",\"breadcrumb\":{\"@id\":\"https:\\\/\\\/www.barnestest.com\\\/fr\\\/a-propos-de-barnes\\\/nos-partenaires\\\/#breadcrumb\"},\"inLanguage\":\"fr-FR\",\"potentialAction\":[{\"@type\":\"ReadAction\",\"target\":[\"https:\\\/\\\/www.barnestest.com\\\/fr\\\/a-propos-de-barnes\\\/nos-partenaires\\\/\"]}]},{\"@type\":\"BreadcrumbList\",\"@id\":\"https:\\\/\\\/www.barnestest.com\\\/fr\\\/a-propos-de-barnes\\\/nos-partenaires\\\/#breadcrumb\",\"itemListElement\":[{\"@type\":\"ListItem\",\"position\":1,\"name\":\"Home\",\"item\":\"https:\\\/\\\/www.barnestest.com\\\/fr\\\/\"},{\"@type\":\"ListItem\",\"position\":2,\"name\":\"\u00c0 propos de Barnes\",\"item\":\"https:\\\/\\\/www.barnestest.com\\\/fr\\\/a-propos-de-barnes\\\/\"},{\"@type\":\"ListItem\",\"position\":3,\"name\":\"Nos Partenaires\"}]},{\"@type\":\"WebSite\",\"@id\":\"https:\\\/\\\/www.barnestest.com\\\/fr\\\/#website\",\"url\":\"https:\\\/\\\/www.barnestest.com\\\/fr\\\/\",\"name\":\"Barnes International\",\"description\":\"a leading provider of magnetic stripe and EMV test tools, training and consulting\",\"publisher\":{\"@id\":\"https:\\\/\\\/www.barnestest.com\\\/fr\\\/#organization\"},\"potentialAction\":[{\"@type\":\"SearchAction\",\"target\":{\"@type\":\"EntryPoint\",\"urlTemplate\":\"https:\\\/\\\/www.barnestest.com\\\/fr\\\/?s={search_term_string}\"},\"query-input\":{\"@type\":\"PropertyValueSpecification\",\"valueRequired\":true,\"valueName\":\"search_term_string\"}}],\"inLanguage\":\"fr-FR\"},{\"@type\":\"Organization\",\"@id\":\"https:\\\/\\\/www.barnestest.com\\\/fr\\\/#organization\",\"name\":\"Barnes International\",\"url\":\"https:\\\/\\\/www.barnestest.com\\\/fr\\\/\",\"logo\":{\"@type\":\"ImageObject\",\"inLanguage\":\"fr-FR\",\"@id\":\"https:\\\/\\\/www.barnestest.com\\\/fr\\\/#\\\/schema\\\/logo\\\/image\\\/\",\"url\":\"https:\\\/\\\/www.barnestest.com\\\/wp-content\\\/uploads\\\/barnesinternationallogo_transparent.png\",\"contentUrl\":\"https:\\\/\\\/www.barnestest.com\\\/wp-content\\\/uploads\\\/barnesinternationallogo_transparent.png\",\"width\":1712,\"height\":484,\"caption\":\"Barnes International\"},\"image\":{\"@id\":\"https:\\\/\\\/www.barnestest.com\\\/fr\\\/#\\\/schema\\\/logo\\\/image\\\/\"},\"sameAs\":[\"https:\\\/\\\/x.com\\\/barnes_test\",\"https:\\\/\\\/www.linkedin.com\\\/company\\\/barnes-international-ltd\\\/\",\"https:\\\/\\\/www.youtube.com\\\/channel\\\/UC5_Lit5ykPemqDHnHda0bvw\"]}]}<\/script>\n<!-- \/ Yoast SEO plugin. -->","yoast_head_json":{"title":"Nos Partenaires | \u00c0 propos de Barnes | Barnes International Limited","description":"Collaborer avec divers organismes de l'industrie et r\u00e9seaux de paiement nous aide \u00e0 garantir que nos outils de test sont conformes aux derni\u00e8res sp\u00e9cifications et normes.","robots":{"index":"index","follow":"follow","max-snippet":"max-snippet:-1","max-image-preview":"max-image-preview:large","max-video-preview":"max-video-preview:-1"},"canonical":"https:\/\/www.barnestest.com\/fr\/a-propos-de-barnes\/nos-partenaires\/","og_locale":"fr_FR","og_type":"article","og_title":"Nos Partenaires | \u00c0 propos de Barnes | Barnes International Limited","og_description":"Collaborer avec divers organismes de l'industrie et r\u00e9seaux de paiement nous aide \u00e0 garantir que nos outils de test sont conformes aux derni\u00e8res sp\u00e9cifications et normes.","og_url":"https:\/\/www.barnestest.com\/fr\/a-propos-de-barnes\/nos-partenaires\/","og_site_name":"Barnes International","article_modified_time":"2025-12-17T12:05:55+00:00","og_image":[{"width":183,"height":43,"url":"https:\/\/www.barnestest.com\/wp-content\/uploads\/barnes-logo.png","type":"image\/png"}],"twitter_card":"summary_large_image","twitter_site":"@barnes_test","twitter_misc":{"Dur\u00e9e de lecture estim\u00e9e":"3 minutes"},"schema":{"@context":"https:\/\/schema.org","@graph":[{"@type":"WebPage","@id":"https:\/\/www.barnestest.com\/fr\/a-propos-de-barnes\/nos-partenaires\/","url":"https:\/\/www.barnestest.com\/fr\/a-propos-de-barnes\/nos-partenaires\/","name":"Nos Partenaires | \u00c0 propos de Barnes | Barnes International Limited","isPartOf":{"@id":"https:\/\/www.barnestest.com\/fr\/#website"},"datePublished":"2020-11-26T10:26:42+00:00","dateModified":"2025-12-17T12:05:55+00:00","description":"Collaborer avec divers organismes de l'industrie et r\u00e9seaux de paiement nous aide \u00e0 garantir que nos outils de test sont conformes aux derni\u00e8res sp\u00e9cifications et normes.","breadcrumb":{"@id":"https:\/\/www.barnestest.com\/fr\/a-propos-de-barnes\/nos-partenaires\/#breadcrumb"},"inLanguage":"fr-FR","potentialAction":[{"@type":"ReadAction","target":["https:\/\/www.barnestest.com\/fr\/a-propos-de-barnes\/nos-partenaires\/"]}]},{"@type":"BreadcrumbList","@id":"https:\/\/www.barnestest.com\/fr\/a-propos-de-barnes\/nos-partenaires\/#breadcrumb","itemListElement":[{"@type":"ListItem","position":1,"name":"Home","item":"https:\/\/www.barnestest.com\/fr\/"},{"@type":"ListItem","position":2,"name":"\u00c0 propos de Barnes","item":"https:\/\/www.barnestest.com\/fr\/a-propos-de-barnes\/"},{"@type":"ListItem","position":3,"name":"Nos Partenaires"}]},{"@type":"WebSite","@id":"https:\/\/www.barnestest.com\/fr\/#website","url":"https:\/\/www.barnestest.com\/fr\/","name":"Barnes International","description":"a leading provider of magnetic stripe and EMV test tools, training and consulting","publisher":{"@id":"https:\/\/www.barnestest.com\/fr\/#organization"},"potentialAction":[{"@type":"SearchAction","target":{"@type":"EntryPoint","urlTemplate":"https:\/\/www.barnestest.com\/fr\/?s={search_term_string}"},"query-input":{"@type":"PropertyValueSpecification","valueRequired":true,"valueName":"search_term_string"}}],"inLanguage":"fr-FR"},{"@type":"Organization","@id":"https:\/\/www.barnestest.com\/fr\/#organization","name":"Barnes International","url":"https:\/\/www.barnestest.com\/fr\/","logo":{"@type":"ImageObject","inLanguage":"fr-FR","@id":"https:\/\/www.barnestest.com\/fr\/#\/schema\/logo\/image\/","url":"https:\/\/www.barnestest.com\/wp-content\/uploads\/barnesinternationallogo_transparent.png","contentUrl":"https:\/\/www.barnestest.com\/wp-content\/uploads\/barnesinternationallogo_transparent.png","width":1712,"height":484,"caption":"Barnes International"},"image":{"@id":"https:\/\/www.barnestest.com\/fr\/#\/schema\/logo\/image\/"},"sameAs":["https:\/\/x.com\/barnes_test","https:\/\/www.linkedin.com\/company\/barnes-international-ltd\/","https:\/\/www.youtube.com\/channel\/UC5_Lit5ykPemqDHnHda0bvw"]}]}},"_links":{"self":[{"href":"https:\/\/www.barnestest.com\/fr\/wp-json\/wp\/v2\/pages\/5467","targetHints":{"allow":["GET"]}}],"collection":[{"href":"https:\/\/www.barnestest.com\/fr\/wp-json\/wp\/v2\/pages"}],"about":[{"href":"https:\/\/www.barnestest.com\/fr\/wp-json\/wp\/v2\/types\/page"}],"author":[{"embeddable":true,"href":"https:\/\/www.barnestest.com\/fr\/wp-json\/wp\/v2\/users\/1"}],"replies":[{"embeddable":true,"href":"https:\/\/www.barnestest.com\/fr\/wp-json\/wp\/v2\/comments?post=5467"}],"version-history":[{"count":1,"href":"https:\/\/www.barnestest.com\/fr\/wp-json\/wp\/v2\/pages\/5467\/revisions"}],"predecessor-version":[{"id":38645,"href":"https:\/\/www.barnestest.com\/fr\/wp-json\/wp\/v2\/pages\/5467\/revisions\/38645"}],"up":[{"embeddable":true,"href":"https:\/\/www.barnestest.com\/fr\/wp-json\/wp\/v2\/pages\/5450"}],"wp:attachment":[{"href":"https:\/\/www.barnestest.com\/fr\/wp-json\/wp\/v2\/media?parent=5467"}],"curies":[{"name":"wp","href":"https:\/\/api.w.org\/{rel}","templated":true}]}}