{"id":5472,"date":"2020-11-26T10:54:00","date_gmt":"2020-11-26T10:54:00","guid":{"rendered":"https:\/\/www.barnestest.com\/a-propos-de-barnes\/barnes-smart-solutions\/"},"modified":"2021-01-25T10:28:46","modified_gmt":"2021-01-25T10:28:46","slug":"barnes-smart-solutions","status":"publish","type":"page","link":"https:\/\/www.barnestest.com\/fr\/a-propos-de-barnes\/barnes-smart-solutions\/","title":{"rendered":"Barnes Smart Solutions"},"content":{"rendered":"[mk_page_section bg_image=\u00a0\u00bbhttp:\/\/www.barnestest.com\/wp-content\/uploads\/barnes-partners-bg.jpg\u00a0\u00bb bg_position=\u00a0\u00bbcenter top\u00a0\u00bb bg_repeat=\u00a0\u00bbno-repeat\u00a0\u00bb bg_stretch=\u00a0\u00bbtrue\u00a0\u00bb padding_top=\u00a0\u00bb60&Prime; padding_bottom=\u00a0\u00bb60&Prime; sidebar=\u00a0\u00bbsidebar-1&Prime;][vc_column width=\u00a0\u00bb8\/12&Prime;][mk_fancy_title tag_name=\u00a0\u00bbh1&Prime; color=\u00a0\u00bb#25334b\u00a0\u00bb size=\u00a0\u00bb20&Prime; font_weight=\u00a0\u00bbbold\u00a0\u00bb margin_bottom=\u00a0\u00bb0&Prime; font_family=\u00a0\u00bbnone\u00a0\u00bb animation=\u00a0\u00bbleft-to-right\u00a0\u00bb]Barnes Smart Solutions[\/mk_fancy_title][mk_fancy_title color=\u00a0\u00bb#25334b\u00a0\u00bb size=\u00a0\u00bb32&Prime; font_weight=\u00a0\u00bb400&Prime; margin_bottom=\u00a0\u00bb0&Prime; font_family=\u00a0\u00bbnone\u00a0\u00bb animation=\u00a0\u00bbfade-in\u00a0\u00bb]Barnes Smart Solutions, unique d\u00e9veloppeur et fournisseur de licences P3, fait partie du groupe Barnes International[\/mk_fancy_title][vc_column_text css=\u00a0\u00bb.vc_custom_1571301573755{margin-bottom: 0px !important;}\u00a0\u00bb]\n<p><span style=\"font-size: 18px;\">Form\u00e9 en 2017 dans le but de cr\u00e9er une soci\u00e9t\u00e9 de solutions innovante ax\u00e9e sur la technologie pour se concentrer sur le renforcement de la capacit\u00e9 de servir les clients P3 actuels, Barnes Smart Solutions a pour mission de d\u00e9velopper et d\u2019am\u00e9liorer la famille de produits P3 et de fournir un support de maintenance continue aux clients P3 depuis l\u2019annonce de sa fin de vie par Thales en juillet 2018.<\/span><\/p>\n<p><span style=\"font-size: 14pt;\">Des membres des \u00e9quipes de Thales qui occupaient auparavant les fonctions de gestion et de d\u00e9veloppement de produits P3 ont rejoint notre \u00e9quipe technique d&rsquo;experts<\/span><span style=\"font-size: 18px;\"><span style=\"font-size: 14pt;\">.<\/span> <\/span><\/p>\n<p><span style=\"font-size: 14pt;\">Barnes Smart Solutions fait partie du groupe Barnes International qui a bient\u00f4t 30 ans et dont le si\u00e8ge est au Royaume-Uni, avec des bureaux aux \u00c9tats-Unis, en Chine, en Malaisie, en Inde, au Portugal, en Espagne, au Kenya et en Afrique du Sud, permettant \u00e0 Barnes Smart Solutions d&rsquo;atteindre toute la client\u00e8le pour les ventes et le support. Les ressources du groupe et la capacit\u00e9 intellectuelle collective seront mises au profit de nos clients.<\/span><\/p>\n[\/vc_column_text][\/vc_column][vc_column width=\u00a0\u00bb1\/12&Prime;][\/vc_column][vc_column width=\u00a0\u00bb1\/4&Prime;][\/vc_column][\/mk_page_section][mk_page_section bg_color=\u00a0\u00bb#3d5e8b\u00a0\u00bb bg_position=\u00a0\u00bbleft center\u00a0\u00bb padding_top=\u00a0\u00bb60&Prime; padding_bottom=\u00a0\u00bb60&Prime; sidebar=\u00a0\u00bbsidebar-1&Prime;][vc_column width=\u00a0\u00bb1\/12&Prime;][\/vc_column][vc_column width=\u00a0\u00bb10\/12&Prime;][mk_fancy_title color=\u00a0\u00bb#ffffff\u00a0\u00bb size=\u00a0\u00bb32&Prime; font_weight=\u00a0\u00bb400&Prime; margin_bottom=\u00a0\u00bb0&Prime; font_family=\u00a0\u00bbnone\u00a0\u00bb align=\u00a0\u00bbcenter\u00a0\u00bb animation=\u00a0\u00bbfade-in\u00a0\u00bb]\n<p>L\u2019Offre de Barnes Smart Solutions<\/p>\n[\/mk_fancy_title][vc_column_text el_class=\u00a0\u00bbwhitetext\u00a0\u00bb css=\u00a0\u00bb.vc_custom_1606388597445{margin-bottom: 0px !important;}\u00a0\u00bb]<span style=\"font-size: 16px;\">Si vous devez \u00e9mettre des <em>tokens<\/em> EMV (cartes \u00e0 puce) \u00e0 vos clients pour une utilisation dans un large \u00e9ventail d&rsquo;applications, \u00e0 la fois financi\u00e8res et non financi\u00e8res, ou si vous avez besoin de migrer de la bande magn\u00e9tique vers la puce et le code PIN, Barnes peut vous aider gr\u00e2ce \u00e0 son ensemble d&rsquo;outils puissants et matures permettant aux \u00e9metteurs de cartes de pr\u00e9parer des donn\u00e9es pour la personnalisation de cartes \u00e0 puce.<\/span><\/p>\n<p><span style=\"font-size: 16px;\">Les principaux composants de la solution d&rsquo;\u00e9mission P3 peuvent \u00eatre combin\u00e9s de plusieurs mani\u00e8res pour r\u00e9pondre aux besoins des services d&rsquo;\u00e9mission de cartes internes complets et de pr\u00e9paration de donn\u00e9es uniquement en interne.<\/span><\/p>\n<p><span style=\"font-size: 16px;\">Les composants s&rsquo;int\u00e8grent \u00e9galement facilement aux anciens syst\u00e8mes de gestion de cartes (CMS) des \u00e9metteurs et aux syst\u00e8mes de personnalisation qui pilotent l&rsquo;impression (ou le chargement) de ces informations sur des cartes \u00e0 puce.<\/span><\/p>\n<p><span style=\"font-size: 16px;\">Notre offre comprend :<\/span><\/p>\n<ul>\n<li>Logiciel P3 <em>advance<\/em> et <em>server <\/em>(v 1.9)<\/li>\n<li>Services d&rsquo;Assistance Logiciel P3 <em>advance<\/em> et <em>server <\/em>(v 1.9)<\/li>\n<li>Services d&rsquo;installation et de formation P3<\/li>\n<li><span style=\"font-size: 16px;\">Services de consultation<\/span><\/li>\n<li>D\u00e9veloppement sur mesure<\/li>\n<li><span style=\"font-size: 16px;\">Support logiciel sur le d\u00e9veloppement sur mesure<\/span><\/li>\n<li>Formation P3<\/li>\n<li>Revendeur des firmwares Thales <em>payShield<\/em> <em>9000<\/em> et <em>HSM9-PAC907<\/em><\/li>\n<\/ul>\n[\/vc_column_text][\/vc_column][vc_column width=\u00a0\u00bb1\/12&Prime;][\/vc_column][\/mk_page_section][mk_page_section bg_color=\u00a0\u00bb#0098db\u00a0\u00bb el_class=\u00a0\u00bbo2c-white-contact\u00a0\u00bb sidebar=\u00a0\u00bbsidebar-1&Prime;][vc_column width=\u00a0\u00bb1\/12&Prime;][\/vc_column][vc_column width=\u00a0\u00bb10\/12&Prime;][mk_padding_divider size=\u00a0\u00bb65&Prime;][mk_fancy_title color=\u00a0\u00bb#ffffff\u00a0\u00bb size=\u00a0\u00bb32&Prime; font_weight=\u00a0\u00bb400&Prime; margin_bottom=\u00a0\u00bb0&Prime; font_family=\u00a0\u00bbnone\u00a0\u00bb align=\u00a0\u00bbcenter\u00a0\u00bb animation=\u00a0\u00bbfade-in\u00a0\u00bb]\n<p>Envie d&rsquo;en savoir plus ?<\/p>\n[\/mk_fancy_title][mk_padding_divider size=\u00a0\u00bb30&Prime;]\n<div class=\"wpcf7 no-js\" id=\"wpcf7-f5824-o1\" lang=\"en-US\" dir=\"ltr\" data-wpcf7-id=\"5824\">\n<div class=\"screen-reader-response\"><p role=\"status\" aria-live=\"polite\" aria-atomic=\"true\"><\/p> <ul><\/ul><\/div>\n<form action=\"\/fr\/wp-json\/wp\/v2\/pages\/5472#wpcf7-f5824-o1\" method=\"post\" class=\"wpcf7-form init\" aria-label=\"Contact form\" novalidate=\"novalidate\" data-status=\"init\">\n<fieldset class=\"hidden-fields-container\"><input type=\"hidden\" name=\"_wpcf7\" value=\"5824\" \/><input type=\"hidden\" name=\"_wpcf7_version\" value=\"6.1.5\" \/><input type=\"hidden\" name=\"_wpcf7_locale\" value=\"en_US\" \/><input type=\"hidden\" name=\"_wpcf7_unit_tag\" value=\"wpcf7-f5824-o1\" \/><input type=\"hidden\" name=\"_wpcf7_container_post\" value=\"0\" \/><input type=\"hidden\" name=\"_wpcf7_posted_data_hash\" value=\"\" \/><input type=\"hidden\" name=\"_wpcf7_recaptcha_response\" value=\"\" \/>\n<\/fieldset>\n<div class=\"o2c-fullwidth\">\n\t<div class=\"o2c-break1\">\n\t\t<p><span class=\"wpcf7-form-control-wrap\" data-name=\"full-name\"><input size=\"40\" maxlength=\"400\" class=\"wpcf7-form-control wpcf7-text wpcf7-validates-as-required o2c-text-field\" aria-required=\"true\" aria-invalid=\"false\" placeholder=\"Nom Complet\" value=\"\" type=\"text\" name=\"full-name\" \/><\/span><br \/>\n<span class=\"wpcf7-form-control-wrap\" data-name=\"company-name\"><input size=\"40\" maxlength=\"400\" class=\"wpcf7-form-control wpcf7-text wpcf7-validates-as-required o2c-text-field\" aria-required=\"true\" aria-invalid=\"false\" placeholder=\"Entreprise\" value=\"\" type=\"text\" name=\"company-name\" \/><\/span><br \/>\n<span class=\"wpcf7-form-control-wrap\" data-name=\"customer-email\"><input size=\"40\" maxlength=\"400\" class=\"wpcf7-form-control wpcf7-email wpcf7-validates-as-required wpcf7-text wpcf7-validates-as-email o2c-email-field\" aria-required=\"true\" aria-invalid=\"false\" placeholder=\"E-mail\" value=\"\" type=\"email\" name=\"customer-email\" \/><\/span><br \/>\n<span class=\"wpcf7-form-control-wrap\" data-name=\"customer-telephone\"><input size=\"40\" maxlength=\"400\" class=\"wpcf7-form-control wpcf7-tel wpcf7-text wpcf7-validates-as-tel o2c-text-field\" aria-invalid=\"false\" placeholder=\"T\u00e9l\u00e9phone\" value=\"\" type=\"tel\" name=\"customer-telephone\" \/><\/span><br \/>\n\t\t<span class=\"wpcf7-form-control-wrap recaptcha\" data-name=\"recaptcha\"><span data-sitekey=\"6LfV16QUAAAAAAoDHi55y8SiR8vm8sVeBlZMDHpb\" class=\"wpcf7-form-control wpcf7-recaptcha g-recaptcha\"><\/span>\r\n<noscript>\r\n\t<div class=\"grecaptcha-noscript\">\r\n\t\t<iframe src=\"https:\/\/www.google.com\/recaptcha\/api\/fallback?k=6LfV16QUAAAAAAoDHi55y8SiR8vm8sVeBlZMDHpb\" frameborder=\"0\" scrolling=\"no\" width=\"310\" height=\"430\">\r\n\t\t<\/iframe>\r\n\t\t<textarea name=\"g-recaptcha-response\" rows=\"3\" cols=\"40\" placeholder=\"reCaptcha Response Here\">\r\n\t\t<\/textarea>\r\n\t<\/div>\r\n<\/noscript>\r\n<\/span>\n\t\t<\/p>\n\t<\/div>\n\t<div class=\"o2c-break2\">\n\t\t<p><span class=\"wpcf7-form-control-wrap\" data-name=\"customer-query\"><textarea cols=\"40\" rows=\"10\" maxlength=\"2000\" class=\"wpcf7-form-control wpcf7-textarea o2c-text-area\" aria-invalid=\"false\" placeholder=\"Message\" name=\"customer-query\"><\/textarea><\/span>\n\t\t<\/p>\n\t\t<div class=\"o2c-subscribe\">\n\t\t\t<p><span class=\"wpcf7-form-control-wrap\" data-name=\"checkbox-21\"><span class=\"wpcf7-form-control wpcf7-checkbox\"><span class=\"wpcf7-list-item first last\"><input type=\"checkbox\" name=\"checkbox-21[]\" value=\"S&#039;abonner \u00e0 la Newsletter\" \/><span class=\"wpcf7-list-item-label\">S&#039;abonner \u00e0 la Newsletter<\/span><\/span><\/span><\/span><br \/>\n<input class=\"wpcf7-form-control wpcf7-submit has-spinner o2c-submit\" type=\"submit\" value=\"Envoyer\" \/>\n\t\t\t<\/p>\n\t\t<\/div>\n\t<\/div>\n<\/div>\n<div class=\"gdpr-text-contact\">\n\t<p>Ce formulaire recueille votre nom, adresse e-mail et num\u00e9ro de t\u00e9l\u00e9phone afin que nous puissions rester en contact avec vous concernant votre demande. Notre <a href=\"\/fr\/politique-de-confidentialite-rgpd\/\">Politique de Confidentialit\u00e9<\/a> fournira de plus amples informations sur la mani\u00e8re dont ces donn\u00e9es sont prot\u00e9g\u00e9es et g\u00e9r\u00e9es.\n\t<\/p>\n\t<div class=\"gpdr-tick-box-contact\">\n\t\t<p><span class=\"wpcf7-form-control-wrap\" data-name=\"GDPR\"><span class=\"wpcf7-form-control wpcf7-checkbox wpcf7-validates-as-required\"><span class=\"wpcf7-list-item first last\"><input type=\"checkbox\" name=\"GDPR[]\" value=\"Je consens \u00e0 ce que Barnes International collecte mes donn\u00e9es.\" \/><span class=\"wpcf7-list-item-label\">Je consens \u00e0 ce que Barnes International collecte mes donn\u00e9es.<\/span><\/span><\/span><\/span>\n\t\t<\/p>\n\t<\/div>\n<\/div><div class=\"wpcf7-response-output\" aria-hidden=\"true\"><\/div>\n<\/form>\n<\/div>\n[mk_padding_divider size=\u00a0\u00bb65&Prime;][\/vc_column][vc_column width=\u00a0\u00bb1\/12&Prime;][\/vc_column][\/mk_page_section]\n","protected":false},"excerpt":{"rendered":"<p>[mk_page_section bg_image=\u00a0\u00bbhttp:\/\/www.barnestest.com\/wp-content\/uploads\/barnes-partners-bg.jpg\u00a0\u00bb bg_position=\u00a0\u00bbcenter top\u00a0\u00bb bg_repeat=\u00a0\u00bbno-repeat\u00a0\u00bb bg_stretch=\u00a0\u00bbtrue\u00a0\u00bb padding_top=\u00a0\u00bb60&Prime; padding_bottom=\u00a0\u00bb60&Prime; sidebar=\u00a0\u00bbsidebar-1&Prime;][vc_column width=\u00a0\u00bb8\/12&Prime;][mk_fancy_title tag_name=\u00a0\u00bbh1&Prime; color=\u00a0\u00bb#25334b\u00a0\u00bb size=\u00a0\u00bb20&Prime; font_weight=\u00a0\u00bbbold\u00a0\u00bb margin_bottom=\u00a0\u00bb0&Prime; font_family=\u00a0\u00bbnone\u00a0\u00bb animation=\u00a0\u00bbleft-to-right\u00a0\u00bb]Barnes Smart Solutions[\/mk_fancy_title][mk_fancy_title color=\u00a0\u00bb#25334b\u00a0\u00bb size=\u00a0\u00bb32&Prime; font_weight=\u00a0\u00bb400&Prime; margin_bottom=\u00a0\u00bb0&Prime; font_family=\u00a0\u00bbnone\u00a0\u00bb animation=\u00a0\u00bbfade-in\u00a0\u00bb]Barnes Smart Solutions, unique d\u00e9veloppeur et fournisseur de licences P3, fait partie du groupe Barnes International[\/mk_fancy_title][vc_column_text css=\u00a0\u00bb.vc_custom_1571301573755{margin-bottom: 0px !important;}\u00a0\u00bb] Form\u00e9 en 2017 dans le but de cr\u00e9er une soci\u00e9t\u00e9 de solutions [&hellip;]<\/p>\n","protected":false},"author":1,"featured_media":0,"parent":5450,"menu_order":0,"comment_status":"closed","ping_status":"closed","template":"","meta":{"footnotes":""},"class_list":["post-5472","page","type-page","status-publish","hentry"],"yoast_head":"<!-- This site is optimized with the Yoast SEO plugin v27.3 - https:\/\/yoast.com\/product\/yoast-seo-wordpress\/ -->\n<title>Barnes Smart Solutions | Solutions de Test Barnes<\/title>\n<meta name=\"description\" content=\"Au sein du groupe Barnes International, Barnes Smart Solutions d\u00e9veloppe et enrichit la famille de produits P3.\" \/>\n<meta name=\"robots\" content=\"index, follow, max-snippet:-1, max-image-preview:large, max-video-preview:-1\" \/>\n<link rel=\"canonical\" href=\"https:\/\/www.barnestest.com\/fr\/a-propos-de-barnes\/barnes-smart-solutions\/\" \/>\n<meta property=\"og:locale\" content=\"fr_FR\" \/>\n<meta property=\"og:type\" content=\"article\" \/>\n<meta property=\"og:title\" content=\"Barnes Smart Solutions | Solutions de Test Barnes\" \/>\n<meta property=\"og:description\" content=\"Au sein du groupe Barnes International, Barnes Smart Solutions d\u00e9veloppe et enrichit la famille de produits P3.\" \/>\n<meta property=\"og:url\" content=\"https:\/\/www.barnestest.com\/fr\/a-propos-de-barnes\/barnes-smart-solutions\/\" \/>\n<meta property=\"og:site_name\" content=\"Barnes International\" \/>\n<meta property=\"article:modified_time\" content=\"2021-01-25T10:28:46+00:00\" \/>\n<meta property=\"og:image\" content=\"https:\/\/www.barnestest.com\/wp-content\/uploads\/barnes-logo.png\" \/>\n\t<meta property=\"og:image:width\" content=\"183\" \/>\n\t<meta property=\"og:image:height\" content=\"43\" \/>\n\t<meta property=\"og:image:type\" content=\"image\/png\" \/>\n<meta name=\"twitter:card\" content=\"summary_large_image\" \/>\n<meta name=\"twitter:site\" content=\"@barnes_test\" \/>\n<meta name=\"twitter:label1\" content=\"Dur\u00e9e de lecture estim\u00e9e\" \/>\n\t<meta name=\"twitter:data1\" content=\"3 minutes\" \/>\n<script type=\"application\/ld+json\" class=\"yoast-schema-graph\">{\"@context\":\"https:\\\/\\\/schema.org\",\"@graph\":[{\"@type\":\"WebPage\",\"@id\":\"https:\\\/\\\/www.barnestest.com\\\/fr\\\/a-propos-de-barnes\\\/barnes-smart-solutions\\\/\",\"url\":\"https:\\\/\\\/www.barnestest.com\\\/fr\\\/a-propos-de-barnes\\\/barnes-smart-solutions\\\/\",\"name\":\"Barnes Smart Solutions | Solutions de Test Barnes\",\"isPartOf\":{\"@id\":\"https:\\\/\\\/www.barnestest.com\\\/fr\\\/#website\"},\"datePublished\":\"2020-11-26T10:54:00+00:00\",\"dateModified\":\"2021-01-25T10:28:46+00:00\",\"description\":\"Au sein du groupe Barnes International, Barnes Smart Solutions d\u00e9veloppe et enrichit la famille de produits P3.\",\"breadcrumb\":{\"@id\":\"https:\\\/\\\/www.barnestest.com\\\/fr\\\/a-propos-de-barnes\\\/barnes-smart-solutions\\\/#breadcrumb\"},\"inLanguage\":\"fr-FR\",\"potentialAction\":[{\"@type\":\"ReadAction\",\"target\":[\"https:\\\/\\\/www.barnestest.com\\\/fr\\\/a-propos-de-barnes\\\/barnes-smart-solutions\\\/\"]}]},{\"@type\":\"BreadcrumbList\",\"@id\":\"https:\\\/\\\/www.barnestest.com\\\/fr\\\/a-propos-de-barnes\\\/barnes-smart-solutions\\\/#breadcrumb\",\"itemListElement\":[{\"@type\":\"ListItem\",\"position\":1,\"name\":\"Home\",\"item\":\"https:\\\/\\\/www.barnestest.com\\\/fr\\\/\"},{\"@type\":\"ListItem\",\"position\":2,\"name\":\"\u00c0 propos de Barnes\",\"item\":\"https:\\\/\\\/www.barnestest.com\\\/fr\\\/a-propos-de-barnes\\\/\"},{\"@type\":\"ListItem\",\"position\":3,\"name\":\"Barnes Smart Solutions\"}]},{\"@type\":\"WebSite\",\"@id\":\"https:\\\/\\\/www.barnestest.com\\\/fr\\\/#website\",\"url\":\"https:\\\/\\\/www.barnestest.com\\\/fr\\\/\",\"name\":\"Barnes International\",\"description\":\"a leading provider of magnetic stripe and EMV test tools, training and consulting\",\"publisher\":{\"@id\":\"https:\\\/\\\/www.barnestest.com\\\/fr\\\/#organization\"},\"potentialAction\":[{\"@type\":\"SearchAction\",\"target\":{\"@type\":\"EntryPoint\",\"urlTemplate\":\"https:\\\/\\\/www.barnestest.com\\\/fr\\\/?s={search_term_string}\"},\"query-input\":{\"@type\":\"PropertyValueSpecification\",\"valueRequired\":true,\"valueName\":\"search_term_string\"}}],\"inLanguage\":\"fr-FR\"},{\"@type\":\"Organization\",\"@id\":\"https:\\\/\\\/www.barnestest.com\\\/fr\\\/#organization\",\"name\":\"Barnes International\",\"url\":\"https:\\\/\\\/www.barnestest.com\\\/fr\\\/\",\"logo\":{\"@type\":\"ImageObject\",\"inLanguage\":\"fr-FR\",\"@id\":\"https:\\\/\\\/www.barnestest.com\\\/fr\\\/#\\\/schema\\\/logo\\\/image\\\/\",\"url\":\"https:\\\/\\\/www.barnestest.com\\\/wp-content\\\/uploads\\\/barnesinternationallogo_transparent.png\",\"contentUrl\":\"https:\\\/\\\/www.barnestest.com\\\/wp-content\\\/uploads\\\/barnesinternationallogo_transparent.png\",\"width\":1712,\"height\":484,\"caption\":\"Barnes International\"},\"image\":{\"@id\":\"https:\\\/\\\/www.barnestest.com\\\/fr\\\/#\\\/schema\\\/logo\\\/image\\\/\"},\"sameAs\":[\"https:\\\/\\\/x.com\\\/barnes_test\",\"https:\\\/\\\/www.linkedin.com\\\/company\\\/barnes-international-ltd\\\/\",\"https:\\\/\\\/www.youtube.com\\\/channel\\\/UC5_Lit5ykPemqDHnHda0bvw\"]}]}<\/script>\n<!-- \/ Yoast SEO plugin. -->","yoast_head_json":{"title":"Barnes Smart Solutions | Solutions de Test Barnes","description":"Au sein du groupe Barnes International, Barnes Smart Solutions d\u00e9veloppe et enrichit la famille de produits P3.","robots":{"index":"index","follow":"follow","max-snippet":"max-snippet:-1","max-image-preview":"max-image-preview:large","max-video-preview":"max-video-preview:-1"},"canonical":"https:\/\/www.barnestest.com\/fr\/a-propos-de-barnes\/barnes-smart-solutions\/","og_locale":"fr_FR","og_type":"article","og_title":"Barnes Smart Solutions | Solutions de Test Barnes","og_description":"Au sein du groupe Barnes International, Barnes Smart Solutions d\u00e9veloppe et enrichit la famille de produits P3.","og_url":"https:\/\/www.barnestest.com\/fr\/a-propos-de-barnes\/barnes-smart-solutions\/","og_site_name":"Barnes International","article_modified_time":"2021-01-25T10:28:46+00:00","og_image":[{"width":183,"height":43,"url":"https:\/\/www.barnestest.com\/wp-content\/uploads\/barnes-logo.png","type":"image\/png"}],"twitter_card":"summary_large_image","twitter_site":"@barnes_test","twitter_misc":{"Dur\u00e9e de lecture estim\u00e9e":"3 minutes"},"schema":{"@context":"https:\/\/schema.org","@graph":[{"@type":"WebPage","@id":"https:\/\/www.barnestest.com\/fr\/a-propos-de-barnes\/barnes-smart-solutions\/","url":"https:\/\/www.barnestest.com\/fr\/a-propos-de-barnes\/barnes-smart-solutions\/","name":"Barnes Smart Solutions | Solutions de Test Barnes","isPartOf":{"@id":"https:\/\/www.barnestest.com\/fr\/#website"},"datePublished":"2020-11-26T10:54:00+00:00","dateModified":"2021-01-25T10:28:46+00:00","description":"Au sein du groupe Barnes International, Barnes Smart Solutions d\u00e9veloppe et enrichit la famille de produits P3.","breadcrumb":{"@id":"https:\/\/www.barnestest.com\/fr\/a-propos-de-barnes\/barnes-smart-solutions\/#breadcrumb"},"inLanguage":"fr-FR","potentialAction":[{"@type":"ReadAction","target":["https:\/\/www.barnestest.com\/fr\/a-propos-de-barnes\/barnes-smart-solutions\/"]}]},{"@type":"BreadcrumbList","@id":"https:\/\/www.barnestest.com\/fr\/a-propos-de-barnes\/barnes-smart-solutions\/#breadcrumb","itemListElement":[{"@type":"ListItem","position":1,"name":"Home","item":"https:\/\/www.barnestest.com\/fr\/"},{"@type":"ListItem","position":2,"name":"\u00c0 propos de Barnes","item":"https:\/\/www.barnestest.com\/fr\/a-propos-de-barnes\/"},{"@type":"ListItem","position":3,"name":"Barnes Smart Solutions"}]},{"@type":"WebSite","@id":"https:\/\/www.barnestest.com\/fr\/#website","url":"https:\/\/www.barnestest.com\/fr\/","name":"Barnes International","description":"a leading provider of magnetic stripe and EMV test tools, training and consulting","publisher":{"@id":"https:\/\/www.barnestest.com\/fr\/#organization"},"potentialAction":[{"@type":"SearchAction","target":{"@type":"EntryPoint","urlTemplate":"https:\/\/www.barnestest.com\/fr\/?s={search_term_string}"},"query-input":{"@type":"PropertyValueSpecification","valueRequired":true,"valueName":"search_term_string"}}],"inLanguage":"fr-FR"},{"@type":"Organization","@id":"https:\/\/www.barnestest.com\/fr\/#organization","name":"Barnes International","url":"https:\/\/www.barnestest.com\/fr\/","logo":{"@type":"ImageObject","inLanguage":"fr-FR","@id":"https:\/\/www.barnestest.com\/fr\/#\/schema\/logo\/image\/","url":"https:\/\/www.barnestest.com\/wp-content\/uploads\/barnesinternationallogo_transparent.png","contentUrl":"https:\/\/www.barnestest.com\/wp-content\/uploads\/barnesinternationallogo_transparent.png","width":1712,"height":484,"caption":"Barnes International"},"image":{"@id":"https:\/\/www.barnestest.com\/fr\/#\/schema\/logo\/image\/"},"sameAs":["https:\/\/x.com\/barnes_test","https:\/\/www.linkedin.com\/company\/barnes-international-ltd\/","https:\/\/www.youtube.com\/channel\/UC5_Lit5ykPemqDHnHda0bvw"]}]}},"_links":{"self":[{"href":"https:\/\/www.barnestest.com\/fr\/wp-json\/wp\/v2\/pages\/5472","targetHints":{"allow":["GET"]}}],"collection":[{"href":"https:\/\/www.barnestest.com\/fr\/wp-json\/wp\/v2\/pages"}],"about":[{"href":"https:\/\/www.barnestest.com\/fr\/wp-json\/wp\/v2\/types\/page"}],"author":[{"embeddable":true,"href":"https:\/\/www.barnestest.com\/fr\/wp-json\/wp\/v2\/users\/1"}],"replies":[{"embeddable":true,"href":"https:\/\/www.barnestest.com\/fr\/wp-json\/wp\/v2\/comments?post=5472"}],"version-history":[{"count":0,"href":"https:\/\/www.barnestest.com\/fr\/wp-json\/wp\/v2\/pages\/5472\/revisions"}],"up":[{"embeddable":true,"href":"https:\/\/www.barnestest.com\/fr\/wp-json\/wp\/v2\/pages\/5450"}],"wp:attachment":[{"href":"https:\/\/www.barnestest.com\/fr\/wp-json\/wp\/v2\/media?parent=5472"}],"curies":[{"name":"wp","href":"https:\/\/api.w.org\/{rel}","templated":true}]}}