{"id":5479,"date":"2020-11-26T11:12:21","date_gmt":"2020-11-26T11:12:21","guid":{"rendered":"https:\/\/www.barnestest.com\/a-propos-de-barnes\/evenements\/"},"modified":"2025-12-17T12:09:17","modified_gmt":"2025-12-17T12:09:17","slug":"evenements","status":"publish","type":"page","link":"https:\/\/www.barnestest.com\/fr\/a-propos-de-barnes\/evenements\/","title":{"rendered":"\u00c9v\u00e9nements"},"content":{"rendered":"[mk_page_section bg_image=\u00a0\u00bbhttp:\/\/www.barnestest.com\/wp-content\/uploads\/chip-tool-training-bg.jpg\u00a0\u00bb bg_position=\u00a0\u00bbright top\u00a0\u00bb bg_repeat=\u00a0\u00bbno-repeat\u00a0\u00bb bg_stretch=\u00a0\u00bbtrue\u00a0\u00bb padding_top=\u00a0\u00bb60&Prime; padding_bottom=\u00a0\u00bb60&Prime; sidebar=\u00a0\u00bbsidebar-1&Prime;][vc_column width=\u00a0\u00bb8\/12&Prime;][mk_fancy_title tag_name=\u00a0\u00bbh1&Prime; color=\u00a0\u00bb#25334b\u00a0\u00bb size=\u00a0\u00bb20&Prime; font_weight=\u00a0\u00bbbold\u00a0\u00bb margin_bottom=\u00a0\u00bb0&Prime; font_family=\u00a0\u00bbnone\u00a0\u00bb animation=\u00a0\u00bbleft-to-right\u00a0\u00bb]\u00c9v\u00e9nements[\/mk_fancy_title][mk_fancy_title color=\u00a0\u00bb#25334b\u00a0\u00bb size=\u00a0\u00bb32&Prime; font_weight=\u00a0\u00bb400&Prime; margin_bottom=\u00a0\u00bb0&Prime; font_family=\u00a0\u00bbnone\u00a0\u00bb animation=\u00a0\u00bbfade-in\u00a0\u00bb]Rejoignez-nous aux conf\u00e9rences les plus importantes de l&rsquo;industrie[\/mk_fancy_title][vc_column_text css=\u00a0\u00bb.vc_custom_1717003421778{margin-bottom: 0px !important;}\u00a0\u00bb]<span style=\"font-size: 18px;\">We regularly attend, speak and exhibit at major industry events around the world. <\/span><\/p>\n<p><span style=\"font-size: 18px;\">To discuss your test tool requirements or book a demonstration at any of the events below, visit us or arrange an appointment by emailing <a href=\"mailto:marketing@barnestest.com\"><span style=\"text-decoration: underline;\">sales@barnestest.com<\/span><\/a><\/span>[\/vc_column_text][\/vc_column][vc_column width=\u00a0\u00bb1\/12&Prime;][\/vc_column][vc_column width=\u00a0\u00bb1\/4&Prime;][\/vc_column][\/mk_page_section][mk_page_section bg_color=\u00a0\u00bb#9ca5b9&Prime; bg_position=\u00a0\u00bbleft center\u00a0\u00bb padding_top=\u00a0\u00bb60&Prime; padding_bottom=\u00a0\u00bb60&Prime; sidebar=\u00a0\u00bbsidebar-1&Prime;][vc_column][vc_column_text el_class=\u00a0\u00bbwhitetext\u00a0\u00bb css=\u00a0\u00bb.vc_custom_1762355712901{margin-bottom: 0px !important;}\u00a0\u00bb]\n<p style=\"text-align: center;\"><span style=\"font-size: 14pt;\"><a href=\"https:\/\/www.trustech-event.com\/\">Trustech, Paris, France<\/a><\/span><br \/>\n02 &#8211; 04 December 2025<\/p>\n<p style=\"text-align: center;\"><span style=\"font-size: 14pt;\">Come and see us on Stand C 015<\/span><\/p>\n<p>&nbsp;<\/p>\n<p style=\"text-align: center;\"><a href=\"https:\/\/www.stasummit.com\/\"><span style=\"font-size: 14pt;\">Identity &amp; Payments Summit, Houston<\/span><\/a><\/p>\n<p style=\"text-align: center;\">02 &#8211; 04 March 2026<\/p>\n<p>&nbsp;<\/p>\n<p style=\"text-align: center;\"><a href=\"https:\/\/icma.com\/icma-expo\/attend\"><span style=\"font-size: 14pt;\">ICMA Expo, Orlando<\/span><\/a><\/p>\n<p style=\"text-align: center;\">19 &#8211; 22 April 2026<\/p>\n<p>&nbsp;<\/p>\n<p style=\"text-align: center;\"><a href=\"https:\/\/www.terrapinn.com\/exhibition\/seamless-middle-east-fintech\/index.stm\"><span style=\"font-size: 14pt;\">Seamless Fintech M.E. 2026 Dubai<\/span><\/a><\/p>\n<p style=\"text-align: center;\">12 &#8211; 14 May 2026<\/p>\n[\/vc_column_text][\/vc_column][\/mk_page_section][mk_page_section bg_position=\u00a0\u00bbcenter center\u00a0\u00bb bg_stretch=\u00a0\u00bbtrue\u00a0\u00bb padding_top=\u00a0\u00bb60&Prime; padding_bottom=\u00a0\u00bb40&Prime; sidebar=\u00a0\u00bbsidebar-1&Prime;][vc_column width=\u00a0\u00bb1\/6&Prime;][\/vc_column][vc_column width=\u00a0\u00bb2\/3&Prime;][mk_fancy_title color=\u00a0\u00bb#25334b\u00a0\u00bb size=\u00a0\u00bb32&Prime; font_weight=\u00a0\u00bb400&Prime; margin_bottom=\u00a0\u00bb0&Prime; font_family=\u00a0\u00bbnone\u00a0\u00bb align=\u00a0\u00bbcenter\u00a0\u00bb animation=\u00a0\u00bbfade-in\u00a0\u00bb]\n<p style=\"text-align: center;\">Attend our EMV Training Courses<\/p>\n[\/mk_fancy_title][vc_column_text css=\u00a0\u00bb.vc_custom_1716998809369{margin-bottom: 0px !important;}\u00a0\u00bb]\n<p style=\"text-align: center;\">We frequently deliver EMV and other training courses in multiple different regions. Click through the scheduled courses below to find out more details and a training outline.<\/p>\n<p style=\"text-align: center;\">Early bird and group booking discounts are available, <a href=\"sales@barnestest.com\">contact us now<\/a> to book your place.<\/p>\n[\/vc_column_text][vc_column_text css=\u00a0\u00bb.vc_custom_1761815053576{margin-bottom: 0px !important;}\u00a0\u00bb]\n<div style=\"text-align: center;\"><span style=\"font-size: 14pt;\"><b>EMV Training ~ Miami, Florida<\/b><\/span><b><br \/>\n<\/b><span style=\"font-size: 14pt;\"><b>23 &#8211; 26 March 2026<\/b><\/span><\/div>\n[\/vc_column_text][\/vc_column][vc_column width=\u00a0\u00bb1\/6&Prime;][\/vc_column][\/mk_page_section][mk_page_section bg_color=\u00a0\u00bb#0098db\u00a0\u00bb el_class=\u00a0\u00bbo2c-white-contact\u00a0\u00bb sidebar=\u00a0\u00bbsidebar-1&Prime;][vc_column width=\u00a0\u00bb1\/12&Prime;][\/vc_column][vc_column width=\u00a0\u00bb10\/12&Prime;][mk_padding_divider size=\u00a0\u00bb65&Prime;][mk_fancy_title color=\u00a0\u00bb#ffffff\u00a0\u00bb size=\u00a0\u00bb32&Prime; font_weight=\u00a0\u00bb400&Prime; margin_bottom=\u00a0\u00bb0&Prime; font_family=\u00a0\u00bbnone\u00a0\u00bb align=\u00a0\u00bbcenter\u00a0\u00bb animation=\u00a0\u00bbfade-in\u00a0\u00bb]Envie d&rsquo;en savoir plus ?[\/mk_fancy_title][mk_padding_divider size=\u00a0\u00bb30&Prime;]\n<div class=\"wpcf7 no-js\" id=\"wpcf7-f141-o1\" lang=\"en-US\" dir=\"ltr\" data-wpcf7-id=\"141\">\n<div class=\"screen-reader-response\"><p role=\"status\" aria-live=\"polite\" aria-atomic=\"true\"><\/p> <ul><\/ul><\/div>\n<form action=\"\/fr\/wp-json\/wp\/v2\/pages\/5479#wpcf7-f141-o1\" method=\"post\" class=\"wpcf7-form init\" aria-label=\"Contact form\" novalidate=\"novalidate\" data-status=\"init\">\n<fieldset class=\"hidden-fields-container\"><input type=\"hidden\" name=\"_wpcf7\" value=\"141\" \/><input type=\"hidden\" name=\"_wpcf7_version\" value=\"6.1.5\" \/><input type=\"hidden\" name=\"_wpcf7_locale\" value=\"en_US\" \/><input type=\"hidden\" name=\"_wpcf7_unit_tag\" value=\"wpcf7-f141-o1\" \/><input type=\"hidden\" name=\"_wpcf7_container_post\" value=\"0\" \/><input type=\"hidden\" name=\"_wpcf7_posted_data_hash\" value=\"\" \/><input type=\"hidden\" name=\"_wpcf7_recaptcha_response\" value=\"\" \/>\n<\/fieldset>\n<div class=\"o2c-fullwidth\">\n\t<div class=\"o2c-break1\">\n\t\t<p><span class=\"wpcf7-form-control-wrap\" data-name=\"full-name\"><input size=\"40\" maxlength=\"400\" class=\"wpcf7-form-control wpcf7-text wpcf7-validates-as-required o2c-text-field\" aria-required=\"true\" aria-invalid=\"false\" placeholder=\"Full Name\" value=\"\" type=\"text\" name=\"full-name\" \/><\/span><br \/>\n<span class=\"wpcf7-form-control-wrap\" data-name=\"company-name\"><input size=\"40\" maxlength=\"400\" class=\"wpcf7-form-control wpcf7-text wpcf7-validates-as-required o2c-text-field\" aria-required=\"true\" aria-invalid=\"false\" placeholder=\"Company\" value=\"\" type=\"text\" name=\"company-name\" \/><\/span><br \/>\n<span class=\"wpcf7-form-control-wrap\" data-name=\"customer-email\"><input size=\"40\" maxlength=\"400\" class=\"wpcf7-form-control wpcf7-email wpcf7-validates-as-required wpcf7-text wpcf7-validates-as-email o2c-email-field\" aria-required=\"true\" aria-invalid=\"false\" placeholder=\"Email\" value=\"\" type=\"email\" name=\"customer-email\" \/><\/span><br \/>\n<span class=\"wpcf7-form-control-wrap\" data-name=\"customer-telephone\"><input size=\"40\" maxlength=\"400\" class=\"wpcf7-form-control wpcf7-tel wpcf7-text wpcf7-validates-as-tel o2c-text-field\" aria-invalid=\"false\" placeholder=\"Telephone\" value=\"\" type=\"tel\" name=\"customer-telephone\" \/><\/span><br \/>\n\t\t<span class=\"wpcf7-form-control-wrap recaptcha\" data-name=\"recaptcha\"><span data-sitekey=\"6LfV16QUAAAAAAoDHi55y8SiR8vm8sVeBlZMDHpb\" class=\"wpcf7-form-control wpcf7-recaptcha g-recaptcha\"><\/span>\r\n<noscript>\r\n\t<div class=\"grecaptcha-noscript\">\r\n\t\t<iframe src=\"https:\/\/www.google.com\/recaptcha\/api\/fallback?k=6LfV16QUAAAAAAoDHi55y8SiR8vm8sVeBlZMDHpb\" frameborder=\"0\" scrolling=\"no\" width=\"310\" height=\"430\">\r\n\t\t<\/iframe>\r\n\t\t<textarea name=\"g-recaptcha-response\" rows=\"3\" cols=\"40\" placeholder=\"reCaptcha Response Here\">\r\n\t\t<\/textarea>\r\n\t<\/div>\r\n<\/noscript>\r\n<\/span>\n\t\t<\/p>\n\t<\/div>\n\t<div class=\"o2c-break2\">\n\t\t<p><span class=\"wpcf7-form-control-wrap\" data-name=\"customer-query\"><textarea cols=\"40\" rows=\"10\" maxlength=\"2000\" class=\"wpcf7-form-control wpcf7-textarea o2c-text-area\" aria-invalid=\"false\" placeholder=\"Query\" name=\"customer-query\"><\/textarea><\/span>\n\t\t<\/p>\n\t\t<div class=\"o2c-subscribe\">\n\t\t\t<p><span class=\"wpcf7-form-control-wrap\" data-name=\"checkbox-21\"><span class=\"wpcf7-form-control wpcf7-checkbox\"><span class=\"wpcf7-list-item first last\"><input type=\"checkbox\" name=\"checkbox-21[]\" value=\"Subscribe to updates\" \/><span class=\"wpcf7-list-item-label\">Subscribe to updates<\/span><\/span><\/span><\/span><br \/>\n<input class=\"wpcf7-form-control wpcf7-submit has-spinner o2c-submit\" type=\"submit\" value=\"Send\" \/>\n\t\t\t<\/p>\n\t\t<\/div>\n\t<\/div>\n<\/div>\n<div class=\"gdpr-text-contact\">\n\t<p>This form collects your name, email and telephone number so that we can keep in contact with you regarding your enquiry. Our <a href=\"\/privacy-policy\/\">Privacy Policy<\/a> will provide further information on how this data is protected and managed.\n\t<\/p>\n\t<div class=\"gpdr-tick-box-contact\">\n\t\t<p><span class=\"wpcf7-form-control-wrap\" data-name=\"GDPR\"><span class=\"wpcf7-form-control wpcf7-checkbox wpcf7-validates-as-required\"><span class=\"wpcf7-list-item first last\"><input type=\"checkbox\" name=\"GDPR[]\" value=\"I consent to having Barnes International collect my data.\" \/><span class=\"wpcf7-list-item-label\">I consent to having Barnes International collect my data.<\/span><\/span><\/span><\/span>\n\t\t<\/p>\n\t<\/div>\n<\/div><div class=\"wpcf7-response-output\" aria-hidden=\"true\"><\/div>\n<\/form>\n<\/div>\n[mk_padding_divider size=\u00a0\u00bb65&Prime;][\/vc_column][vc_column width=\u00a0\u00bb1\/12&Prime;][\/vc_column][\/mk_page_section]\n","protected":false},"excerpt":{"rendered":"<p>[mk_page_section bg_image=\u00a0\u00bbhttp:\/\/www.barnestest.com\/wp-content\/uploads\/chip-tool-training-bg.jpg\u00a0\u00bb bg_position=\u00a0\u00bbright top\u00a0\u00bb bg_repeat=\u00a0\u00bbno-repeat\u00a0\u00bb bg_stretch=\u00a0\u00bbtrue\u00a0\u00bb padding_top=\u00a0\u00bb60&Prime; padding_bottom=\u00a0\u00bb60&Prime; sidebar=\u00a0\u00bbsidebar-1&Prime;][vc_column width=\u00a0\u00bb8\/12&Prime;][mk_fancy_title tag_name=\u00a0\u00bbh1&Prime; color=\u00a0\u00bb#25334b\u00a0\u00bb size=\u00a0\u00bb20&Prime; font_weight=\u00a0\u00bbbold\u00a0\u00bb margin_bottom=\u00a0\u00bb0&Prime; font_family=\u00a0\u00bbnone\u00a0\u00bb animation=\u00a0\u00bbleft-to-right\u00a0\u00bb]\u00c9v\u00e9nements[\/mk_fancy_title][mk_fancy_title color=\u00a0\u00bb#25334b\u00a0\u00bb size=\u00a0\u00bb32&Prime; font_weight=\u00a0\u00bb400&Prime; margin_bottom=\u00a0\u00bb0&Prime; font_family=\u00a0\u00bbnone\u00a0\u00bb animation=\u00a0\u00bbfade-in\u00a0\u00bb]Rejoignez-nous aux conf\u00e9rences les plus importantes de l&rsquo;industrie[\/mk_fancy_title][vc_column_text css=\u00a0\u00bb.vc_custom_1717003421778{margin-bottom: 0px !important;}\u00a0\u00bb]We regularly attend, speak and exhibit at major industry events around the world. To discuss your test tool requirements or book a demonstration [&hellip;]<\/p>\n","protected":false},"author":1,"featured_media":0,"parent":5450,"menu_order":0,"comment_status":"closed","ping_status":"closed","template":"","meta":{"footnotes":""},"class_list":["post-5479","page","type-page","status-publish","hentry"],"yoast_head":"<!-- This site is optimized with the Yoast SEO plugin v27.5 - https:\/\/yoast.com\/product\/yoast-seo-wordpress\/ -->\n<title>\u00c9v\u00e9nements | \u00c0 propos de nous | Barnes International Limit\u00e9e<\/title>\n<meta name=\"description\" content=\"Tout au long de l\u2019ann\u00e9e, nous assistons aux principales conf\u00e9rences de l\u2019industrie partout dans le monde. Vous pouvez en savoir plus sur les \u00e9v\u00e9nements auxquels nous participons cette ann\u00e9e, ainsi que sur les \u00e9v\u00e9nements futurs pour lesquels vous pourrez r\u00e9server votre place.\" \/>\n<meta name=\"robots\" content=\"index, follow, max-snippet:-1, max-image-preview:large, max-video-preview:-1\" \/>\n<link rel=\"canonical\" href=\"https:\/\/www.barnestest.com\/fr\/a-propos-de-barnes\/evenements\/\" \/>\n<meta property=\"og:locale\" content=\"fr_FR\" \/>\n<meta property=\"og:type\" content=\"article\" \/>\n<meta property=\"og:title\" content=\"\u00c9v\u00e9nements | \u00c0 propos de nous | Barnes International Limit\u00e9e\" \/>\n<meta property=\"og:description\" content=\"Tout au long de l\u2019ann\u00e9e, nous assistons aux principales conf\u00e9rences de l\u2019industrie partout dans le monde. Vous pouvez en savoir plus sur les \u00e9v\u00e9nements auxquels nous participons cette ann\u00e9e, ainsi que sur les \u00e9v\u00e9nements futurs pour lesquels vous pourrez r\u00e9server votre place.\" \/>\n<meta property=\"og:url\" content=\"https:\/\/www.barnestest.com\/fr\/a-propos-de-barnes\/evenements\/\" \/>\n<meta property=\"og:site_name\" content=\"Barnes International\" \/>\n<meta property=\"article:modified_time\" content=\"2025-12-17T12:09:17+00:00\" \/>\n<meta property=\"og:image\" content=\"https:\/\/www.barnestest.com\/wp-content\/uploads\/barnes-logo.png\" \/>\n\t<meta property=\"og:image:width\" content=\"183\" \/>\n\t<meta property=\"og:image:height\" content=\"43\" \/>\n\t<meta property=\"og:image:type\" content=\"image\/png\" \/>\n<meta name=\"twitter:card\" content=\"summary_large_image\" \/>\n<meta name=\"twitter:site\" content=\"@barnes_test\" \/>\n<meta name=\"twitter:label1\" content=\"Dur\u00e9e de lecture estim\u00e9e\" \/>\n\t<meta name=\"twitter:data1\" content=\"1 minute\" \/>\n<script type=\"application\/ld+json\" class=\"yoast-schema-graph\">{\"@context\":\"https:\\\/\\\/schema.org\",\"@graph\":[{\"@type\":\"WebPage\",\"@id\":\"https:\\\/\\\/www.barnestest.com\\\/fr\\\/a-propos-de-barnes\\\/evenements\\\/\",\"url\":\"https:\\\/\\\/www.barnestest.com\\\/fr\\\/a-propos-de-barnes\\\/evenements\\\/\",\"name\":\"\u00c9v\u00e9nements | \u00c0 propos de nous | Barnes International Limit\u00e9e\",\"isPartOf\":{\"@id\":\"https:\\\/\\\/www.barnestest.com\\\/fr\\\/#website\"},\"datePublished\":\"2020-11-26T11:12:21+00:00\",\"dateModified\":\"2025-12-17T12:09:17+00:00\",\"description\":\"Tout au long de l\u2019ann\u00e9e, nous assistons aux principales conf\u00e9rences de l\u2019industrie partout dans le monde. Vous pouvez en savoir plus sur les \u00e9v\u00e9nements auxquels nous participons cette ann\u00e9e, ainsi que sur les \u00e9v\u00e9nements futurs pour lesquels vous pourrez r\u00e9server votre place.\",\"breadcrumb\":{\"@id\":\"https:\\\/\\\/www.barnestest.com\\\/fr\\\/a-propos-de-barnes\\\/evenements\\\/#breadcrumb\"},\"inLanguage\":\"fr-FR\",\"potentialAction\":[{\"@type\":\"ReadAction\",\"target\":[\"https:\\\/\\\/www.barnestest.com\\\/fr\\\/a-propos-de-barnes\\\/evenements\\\/\"]}]},{\"@type\":\"BreadcrumbList\",\"@id\":\"https:\\\/\\\/www.barnestest.com\\\/fr\\\/a-propos-de-barnes\\\/evenements\\\/#breadcrumb\",\"itemListElement\":[{\"@type\":\"ListItem\",\"position\":1,\"name\":\"Home\",\"item\":\"https:\\\/\\\/www.barnestest.com\\\/fr\\\/\"},{\"@type\":\"ListItem\",\"position\":2,\"name\":\"\u00c0 propos de Barnes\",\"item\":\"https:\\\/\\\/www.barnestest.com\\\/fr\\\/a-propos-de-barnes\\\/\"},{\"@type\":\"ListItem\",\"position\":3,\"name\":\"\u00c9v\u00e9nements\"}]},{\"@type\":\"WebSite\",\"@id\":\"https:\\\/\\\/www.barnestest.com\\\/fr\\\/#website\",\"url\":\"https:\\\/\\\/www.barnestest.com\\\/fr\\\/\",\"name\":\"Barnes International\",\"description\":\"a leading provider of magnetic stripe and EMV test tools, training and consulting\",\"publisher\":{\"@id\":\"https:\\\/\\\/www.barnestest.com\\\/fr\\\/#organization\"},\"potentialAction\":[{\"@type\":\"SearchAction\",\"target\":{\"@type\":\"EntryPoint\",\"urlTemplate\":\"https:\\\/\\\/www.barnestest.com\\\/fr\\\/?s={search_term_string}\"},\"query-input\":{\"@type\":\"PropertyValueSpecification\",\"valueRequired\":true,\"valueName\":\"search_term_string\"}}],\"inLanguage\":\"fr-FR\"},{\"@type\":\"Organization\",\"@id\":\"https:\\\/\\\/www.barnestest.com\\\/fr\\\/#organization\",\"name\":\"Barnes International\",\"url\":\"https:\\\/\\\/www.barnestest.com\\\/fr\\\/\",\"logo\":{\"@type\":\"ImageObject\",\"inLanguage\":\"fr-FR\",\"@id\":\"https:\\\/\\\/www.barnestest.com\\\/fr\\\/#\\\/schema\\\/logo\\\/image\\\/\",\"url\":\"https:\\\/\\\/www.barnestest.com\\\/wp-content\\\/uploads\\\/barnesinternationallogo_transparent.png\",\"contentUrl\":\"https:\\\/\\\/www.barnestest.com\\\/wp-content\\\/uploads\\\/barnesinternationallogo_transparent.png\",\"width\":1712,\"height\":484,\"caption\":\"Barnes International\"},\"image\":{\"@id\":\"https:\\\/\\\/www.barnestest.com\\\/fr\\\/#\\\/schema\\\/logo\\\/image\\\/\"},\"sameAs\":[\"https:\\\/\\\/x.com\\\/barnes_test\",\"https:\\\/\\\/www.linkedin.com\\\/company\\\/barnes-international-ltd\\\/\",\"https:\\\/\\\/www.youtube.com\\\/channel\\\/UC5_Lit5ykPemqDHnHda0bvw\"]}]}<\/script>\n<!-- \/ Yoast SEO plugin. -->","yoast_head_json":{"title":"\u00c9v\u00e9nements | \u00c0 propos de nous | Barnes International Limit\u00e9e","description":"Tout au long de l\u2019ann\u00e9e, nous assistons aux principales conf\u00e9rences de l\u2019industrie partout dans le monde. Vous pouvez en savoir plus sur les \u00e9v\u00e9nements auxquels nous participons cette ann\u00e9e, ainsi que sur les \u00e9v\u00e9nements futurs pour lesquels vous pourrez r\u00e9server votre place.","robots":{"index":"index","follow":"follow","max-snippet":"max-snippet:-1","max-image-preview":"max-image-preview:large","max-video-preview":"max-video-preview:-1"},"canonical":"https:\/\/www.barnestest.com\/fr\/a-propos-de-barnes\/evenements\/","og_locale":"fr_FR","og_type":"article","og_title":"\u00c9v\u00e9nements | \u00c0 propos de nous | Barnes International Limit\u00e9e","og_description":"Tout au long de l\u2019ann\u00e9e, nous assistons aux principales conf\u00e9rences de l\u2019industrie partout dans le monde. Vous pouvez en savoir plus sur les \u00e9v\u00e9nements auxquels nous participons cette ann\u00e9e, ainsi que sur les \u00e9v\u00e9nements futurs pour lesquels vous pourrez r\u00e9server votre place.","og_url":"https:\/\/www.barnestest.com\/fr\/a-propos-de-barnes\/evenements\/","og_site_name":"Barnes International","article_modified_time":"2025-12-17T12:09:17+00:00","og_image":[{"width":183,"height":43,"url":"https:\/\/www.barnestest.com\/wp-content\/uploads\/barnes-logo.png","type":"image\/png"}],"twitter_card":"summary_large_image","twitter_site":"@barnes_test","twitter_misc":{"Dur\u00e9e de lecture estim\u00e9e":"1 minute"},"schema":{"@context":"https:\/\/schema.org","@graph":[{"@type":"WebPage","@id":"https:\/\/www.barnestest.com\/fr\/a-propos-de-barnes\/evenements\/","url":"https:\/\/www.barnestest.com\/fr\/a-propos-de-barnes\/evenements\/","name":"\u00c9v\u00e9nements | \u00c0 propos de nous | Barnes International Limit\u00e9e","isPartOf":{"@id":"https:\/\/www.barnestest.com\/fr\/#website"},"datePublished":"2020-11-26T11:12:21+00:00","dateModified":"2025-12-17T12:09:17+00:00","description":"Tout au long de l\u2019ann\u00e9e, nous assistons aux principales conf\u00e9rences de l\u2019industrie partout dans le monde. Vous pouvez en savoir plus sur les \u00e9v\u00e9nements auxquels nous participons cette ann\u00e9e, ainsi que sur les \u00e9v\u00e9nements futurs pour lesquels vous pourrez r\u00e9server votre place.","breadcrumb":{"@id":"https:\/\/www.barnestest.com\/fr\/a-propos-de-barnes\/evenements\/#breadcrumb"},"inLanguage":"fr-FR","potentialAction":[{"@type":"ReadAction","target":["https:\/\/www.barnestest.com\/fr\/a-propos-de-barnes\/evenements\/"]}]},{"@type":"BreadcrumbList","@id":"https:\/\/www.barnestest.com\/fr\/a-propos-de-barnes\/evenements\/#breadcrumb","itemListElement":[{"@type":"ListItem","position":1,"name":"Home","item":"https:\/\/www.barnestest.com\/fr\/"},{"@type":"ListItem","position":2,"name":"\u00c0 propos de Barnes","item":"https:\/\/www.barnestest.com\/fr\/a-propos-de-barnes\/"},{"@type":"ListItem","position":3,"name":"\u00c9v\u00e9nements"}]},{"@type":"WebSite","@id":"https:\/\/www.barnestest.com\/fr\/#website","url":"https:\/\/www.barnestest.com\/fr\/","name":"Barnes International","description":"a leading provider of magnetic stripe and EMV test tools, training and consulting","publisher":{"@id":"https:\/\/www.barnestest.com\/fr\/#organization"},"potentialAction":[{"@type":"SearchAction","target":{"@type":"EntryPoint","urlTemplate":"https:\/\/www.barnestest.com\/fr\/?s={search_term_string}"},"query-input":{"@type":"PropertyValueSpecification","valueRequired":true,"valueName":"search_term_string"}}],"inLanguage":"fr-FR"},{"@type":"Organization","@id":"https:\/\/www.barnestest.com\/fr\/#organization","name":"Barnes International","url":"https:\/\/www.barnestest.com\/fr\/","logo":{"@type":"ImageObject","inLanguage":"fr-FR","@id":"https:\/\/www.barnestest.com\/fr\/#\/schema\/logo\/image\/","url":"https:\/\/www.barnestest.com\/wp-content\/uploads\/barnesinternationallogo_transparent.png","contentUrl":"https:\/\/www.barnestest.com\/wp-content\/uploads\/barnesinternationallogo_transparent.png","width":1712,"height":484,"caption":"Barnes International"},"image":{"@id":"https:\/\/www.barnestest.com\/fr\/#\/schema\/logo\/image\/"},"sameAs":["https:\/\/x.com\/barnes_test","https:\/\/www.linkedin.com\/company\/barnes-international-ltd\/","https:\/\/www.youtube.com\/channel\/UC5_Lit5ykPemqDHnHda0bvw"]}]}},"_links":{"self":[{"href":"https:\/\/www.barnestest.com\/fr\/wp-json\/wp\/v2\/pages\/5479","targetHints":{"allow":["GET"]}}],"collection":[{"href":"https:\/\/www.barnestest.com\/fr\/wp-json\/wp\/v2\/pages"}],"about":[{"href":"https:\/\/www.barnestest.com\/fr\/wp-json\/wp\/v2\/types\/page"}],"author":[{"embeddable":true,"href":"https:\/\/www.barnestest.com\/fr\/wp-json\/wp\/v2\/users\/1"}],"replies":[{"embeddable":true,"href":"https:\/\/www.barnestest.com\/fr\/wp-json\/wp\/v2\/comments?post=5479"}],"version-history":[{"count":11,"href":"https:\/\/www.barnestest.com\/fr\/wp-json\/wp\/v2\/pages\/5479\/revisions"}],"predecessor-version":[{"id":38691,"href":"https:\/\/www.barnestest.com\/fr\/wp-json\/wp\/v2\/pages\/5479\/revisions\/38691"}],"up":[{"embeddable":true,"href":"https:\/\/www.barnestest.com\/fr\/wp-json\/wp\/v2\/pages\/5450"}],"wp:attachment":[{"href":"https:\/\/www.barnestest.com\/fr\/wp-json\/wp\/v2\/media?parent=5479"}],"curies":[{"name":"wp","href":"https:\/\/api.w.org\/{rel}","templated":true}]}}