{"id":5488,"date":"2020-11-26T13:22:09","date_gmt":"2020-11-26T13:22:09","guid":{"rendered":"https:\/\/www.barnestest.com\/outils-de-test\/"},"modified":"2021-01-25T15:14:58","modified_gmt":"2021-01-25T15:14:58","slug":"outils-de-test","status":"publish","type":"page","link":"https:\/\/www.barnestest.com\/fr\/outils-de-test\/","title":{"rendered":"Outils de Test"},"content":{"rendered":"<div class=\"wpb-content-wrapper\">[mk_page_section bg_color=\u00a0\u00bb#76889d\u00a0\u00bb padding_top=\u00a0\u00bb60&Prime; padding_bottom=\u00a0\u00bb60&Prime; sidebar=\u00a0\u00bbsidebar-1&Prime;][vc_column width=\u00a0\u00bb8\/12&Prime;][mk_fancy_title tag_name=\u00a0\u00bbh1&Prime; color=\u00a0\u00bb#ffffff\u00a0\u00bb size=\u00a0\u00bb20&Prime; font_weight=\u00a0\u00bbbold\u00a0\u00bb margin_bottom=\u00a0\u00bb0&Prime; font_family=\u00a0\u00bbnone\u00a0\u00bb animation=\u00a0\u00bbleft-to-right\u00a0\u00bb]Outils de Test[\/mk_fancy_title][mk_fancy_title color=\u00a0\u00bb#ffffff\u00a0\u00bb size=\u00a0\u00bb32&Prime; font_weight=\u00a0\u00bb400&Prime; margin_bottom=\u00a0\u00bb0&Prime; font_family=\u00a0\u00bbnone\u00a0\u00bb animation=\u00a0\u00bbfade-in\u00a0\u00bb]Augmentez l&rsquo;efficacit\u00e9 et minimisez les erreurs[\/mk_fancy_title][vc_column_text el_class=\u00a0\u00bbwhitetext\u00a0\u00bb css=\u00a0\u00bb.vc_custom_1611587665053{margin-bottom: 0px !important;}\u00a0\u00bb]<span style=\"font-size: 18px;\">Gr\u00e2ce \u00e0 une gamme compl\u00e8te d&rsquo;outils de test pour puces EMV et bandes magn\u00e9tiques, Barnes travaille avec des organisations \u00e0 l&rsquo;\u00e9chelle internationale afin de s&rsquo;assurer qu&rsquo;elles sont en mesure de fournir des produits de la plus haute qualit\u00e9.<\/span>[\/vc_column_text][\/vc_column][vc_column width=\u00a0\u00bb1\/12&Prime;][\/vc_column][vc_column width=\u00a0\u00bb1\/4&Prime;][\/vc_column][\/mk_page_section][mk_page_section bg_image=\u00a0\u00bbhttp:\/\/www.barnestest.com\/wp-content\/uploads\/barnes_slide_2.jpg\u00a0\u00bb bg_position=\u00a0\u00bbcenter center\u00a0\u00bb bg_stretch=\u00a0\u00bbtrue\u00a0\u00bb padding_top=\u00a0\u00bb60&Prime; padding_bottom=\u00a0\u00bb60&Prime; sidebar=\u00a0\u00bbsidebar-1&Prime;][vc_column][vc_row_inner][vc_column_inner width=\u00a0\u00bb8\/12&Prime;][mk_fancy_title color=\u00a0\u00bb#25334b\u00a0\u00bb size=\u00a0\u00bb32&Prime; font_weight=\u00a0\u00bb400&Prime; margin_bottom=\u00a0\u00bb0&Prime; font_family=\u00a0\u00bbnone\u00a0\u00bb animation=\u00a0\u00bbleft-to-right\u00a0\u00bb]Nos Outils de Test[\/mk_fancy_title][\/vc_column_inner][vc_column_inner width=\u00a0\u00bb1\/12&Prime;][\/vc_column_inner][vc_column_inner width=\u00a0\u00bb1\/4&Prime;][\/vc_column_inner][\/vc_row_inner][vc_row_inner][vc_column_inner width=\u00a0\u00bb1\/3&Prime; css=\u00a0\u00bb.vc_custom_1524475255084{padding-right: 5px !important;padding-left: 5px !important;}\u00a0\u00bb][mk_custom_box corner_radius=\u00a0\u00bb10&Prime; padding_vertical=\u00a0\u00bb0&Prime; padding_horizental=\u00a0\u00bb10&Prime; margin_bottom=\u00a0\u00bb0&Prime; min_height=\u00a0\u00bb0&Prime; animation=\u00a0\u00bbleft-to-right\u00a0\u00bb bg_color=\u00a0\u00bb#ffffff\u00a0\u00bb][mk_padding_divider size=\u00a0\u00bb20&Prime;][mk_fancy_title tag_name=\u00a0\u00bbh1&Prime; color=\u00a0\u00bb#76889d\u00a0\u00bb size=\u00a0\u00bb20&Prime; font_weight=\u00a0\u00bbbold\u00a0\u00bb margin_bottom=\u00a0\u00bb0&Prime; font_family=\u00a0\u00bbnone\u00a0\u00bb align=\u00a0\u00bbcenter\u00a0\u00bb]<a href=\"https:\/\/www.barnestest.com\/fr\/outils-de-test\/validation-de-personnalisation-emv\/\">Validation de Personnalisation EMV<\/a><br \/>\n<a href=\"https:\/\/www.barnestest.com\/fr\/outils-de-test\/validation-de-personnalisation-emv\/\"><span style=\"color: #808080;\">CPT 3000v3CL<\/span><\/a>[\/mk_fancy_title][\/mk_custom_box][\/vc_column_inner][vc_column_inner width=\u00a0\u00bb1\/3&Prime; css=\u00a0\u00bb.vc_custom_1524475264500{padding-right: 5px !important;padding-left: 5px !important;}\u00a0\u00bb][mk_custom_box corner_radius=\u00a0\u00bb10&Prime; padding_vertical=\u00a0\u00bb0&Prime; padding_horizental=\u00a0\u00bb10&Prime; margin_bottom=\u00a0\u00bb0&Prime; min_height=\u00a0\u00bb0&Prime; animation=\u00a0\u00bbbottom-to-top\u00a0\u00bb bg_color=\u00a0\u00bb#ffffff\u00a0\u00bb][mk_padding_divider size=\u00a0\u00bb20&Prime;][mk_fancy_title tag_name=\u00a0\u00bbh1&Prime; color=\u00a0\u00bb#76889d\u00a0\u00bb size=\u00a0\u00bb20&Prime; font_weight=\u00a0\u00bbbold\u00a0\u00bb margin_bottom=\u00a0\u00bb0&Prime; font_family=\u00a0\u00bbnone\u00a0\u00bb align=\u00a0\u00bbcenter\u00a0\u00bb]<a href=\"https:\/\/www.barnestest.com\/fr\/outils-de-test\/paiements-mobiles-nfc\/\">Paiements Mobiles NFC <\/a><br \/>\n<a href=\"https:\/\/www.barnestest.com\/fr\/outils-de-test\/paiements-mobiles-nfc\/\"><span style=\"color: #808080;\">CPT 3000v3ML<\/span><\/a>[\/mk_fancy_title][\/mk_custom_box][\/vc_column_inner][vc_column_inner width=\u00a0\u00bb1\/3&Prime; css=\u00a0\u00bb.vc_custom_1524475269698{padding-right: 5px !important;padding-left: 5px !important;}\u00a0\u00bb][mk_custom_box corner_radius=\u00a0\u00bb10&Prime; padding_vertical=\u00a0\u00bb0&Prime; padding_horizental=\u00a0\u00bb10&Prime; margin_bottom=\u00a0\u00bb0&Prime; min_height=\u00a0\u00bb0&Prime; animation=\u00a0\u00bbright-to-left\u00a0\u00bb bg_color=\u00a0\u00bb#ffffff\u00a0\u00bb][mk_padding_divider size=\u00a0\u00bb20&Prime;][mk_fancy_title tag_name=\u00a0\u00bbh1&Prime; color=\u00a0\u00bb#76889d\u00a0\u00bb size=\u00a0\u00bb20&Prime; font_weight=\u00a0\u00bbbold\u00a0\u00bb margin_bottom=\u00a0\u00bb0&Prime; font_family=\u00a0\u00bbnone\u00a0\u00bb align=\u00a0\u00bbcenter\u00a0\u00bb]<a href=\"https:\/\/www.barnestest.com\/fr\/outils-de-test\/solutions-de-conformite-cqm\/\">Outils de Test Contactless (CQM)<\/a><br \/>\n<a href=\"https:\/\/www.barnestest.com\/fr\/outils-de-test\/solutions-de-conformite-cqm\/\"><span style=\"color: #808080;\">Facteur Q, Fr\u00e9quence, &#8230;<\/span><\/a>[\/mk_fancy_title][\/mk_custom_box][\/vc_column_inner][\/vc_row_inner][mk_padding_divider size=\u00a0\u00bb20&Prime;][vc_row_inner][vc_column_inner width=\u00a0\u00bb1\/3&Prime; css=\u00a0\u00bb.vc_custom_1524475255084{padding-right: 5px !important;padding-left: 5px !important;}\u00a0\u00bb][mk_custom_box corner_radius=\u00a0\u00bb10&Prime; padding_vertical=\u00a0\u00bb0&Prime; padding_horizental=\u00a0\u00bb10&Prime; margin_bottom=\u00a0\u00bb0&Prime; min_height=\u00a0\u00bb0&Prime; animation=\u00a0\u00bbleft-to-right\u00a0\u00bb bg_color=\u00a0\u00bb#ffffff\u00a0\u00bb][mk_padding_divider size=\u00a0\u00bb20&Prime;][mk_fancy_title tag_name=\u00a0\u00bbh1&Prime; color=\u00a0\u00bb#76889d\u00a0\u00bb size=\u00a0\u00bb20&Prime; font_weight=\u00a0\u00bbbold\u00a0\u00bb margin_bottom=\u00a0\u00bb0&Prime; font_family=\u00a0\u00bbnone\u00a0\u00bb align=\u00a0\u00bbcenter\u00a0\u00bb]<a href=\"https:\/\/www.barnestest.com\/fr\/outils-de-test\/analyseurs-de-bandes-magnetiques\/\">Analyseurs Bande Magn\u00e9tique<\/a><br \/>\n<span style=\"color: #333333;\"><a style=\"color: #333333;\" href=\"https:\/\/www.barnestest.com\/fr\/outils-de-test\/analyseurs-de-bandes-magnetiques\/\"><span style=\"color: #808080;\">REVO \/ MT3000<\/span><\/a><\/span>[\/mk_fancy_title][\/mk_custom_box][\/vc_column_inner][vc_column_inner width=\u00a0\u00bb1\/3&Prime; css=\u00a0\u00bb.vc_custom_1524475264500{padding-right: 5px !important;padding-left: 5px !important;}\u00a0\u00bb][mk_custom_box corner_radius=\u00a0\u00bb10&Prime; padding_vertical=\u00a0\u00bb0&Prime; padding_horizental=\u00a0\u00bb10&Prime; margin_bottom=\u00a0\u00bb0&Prime; min_height=\u00a0\u00bb0&Prime; animation=\u00a0\u00bbbottom-to-top\u00a0\u00bb bg_color=\u00a0\u00bb#ffffff\u00a0\u00bb][mk_padding_divider size=\u00a0\u00bb20&Prime;][mk_fancy_title tag_name=\u00a0\u00bbh1&Prime; color=\u00a0\u00bb#76889d\u00a0\u00bb size=\u00a0\u00bb20&Prime; font_weight=\u00a0\u00bbbold\u00a0\u00bb margin_bottom=\u00a0\u00bb0&Prime; font_family=\u00a0\u00bbnone\u00a0\u00bb align=\u00a0\u00bbcenter\u00a0\u00bb]<a href=\"https:\/\/www.barnestest.com\/fr\/outils-de-test\/cartes-magnetiques-pour-test-de-limite\/\">Bande Magn\u00e9tique<br \/>\n<span style=\"color: #808080;\">Cartes de Limite de Test<\/span><\/a>[\/mk_fancy_title][\/mk_custom_box][\/vc_column_inner][vc_column_inner width=\u00a0\u00bb1\/3&Prime; css=\u00a0\u00bb.vc_custom_1524475269698{padding-right: 5px !important;padding-left: 5px !important;}\u00a0\u00bb][mk_custom_box corner_radius=\u00a0\u00bb10&Prime; padding_vertical=\u00a0\u00bb0&Prime; padding_horizental=\u00a0\u00bb10&Prime; margin_bottom=\u00a0\u00bb0&Prime; min_height=\u00a0\u00bb0&Prime; animation=\u00a0\u00bbright-to-left\u00a0\u00bb bg_color=\u00a0\u00bb#ffffff\u00a0\u00bb][mk_padding_divider size=\u00a0\u00bb20&Prime;][mk_fancy_title tag_name=\u00a0\u00bbh1&Prime; color=\u00a0\u00bb#76889d\u00a0\u00bb size=\u00a0\u00bb20&Prime; font_weight=\u00a0\u00bbbold\u00a0\u00bb margin_bottom=\u00a0\u00bb0&Prime; font_family=\u00a0\u00bbnone\u00a0\u00bb align=\u00a0\u00bbcenter\u00a0\u00bb]<a href=\"https:\/\/www.barnestest.com\/fr\/outils-de-test\/solutions-de-test-integrees\/\">Solutions de Test Int\u00e9gr\u00e9es<\/a><br \/>\n<a href=\"https:\/\/www.barnestest.com\/fr\/outils-de-test\/solutions-de-test-integrees\/\"><span style=\"color: #808080;\">Contr\u00f4le Qualit\u00e9 EMV en Ligne<\/span><\/a>[\/mk_fancy_title][\/mk_custom_box][\/vc_column_inner][\/vc_row_inner][\/vc_column][\/mk_page_section][mk_page_section bg_color=\u00a0\u00bb#0098db\u00a0\u00bb el_class=\u00a0\u00bbo2c-white-contact\u00a0\u00bb sidebar=\u00a0\u00bbsidebar-1&Prime;][vc_column width=\u00a0\u00bb1\/12&Prime;][\/vc_column][vc_column width=\u00a0\u00bb10\/12&Prime;][mk_padding_divider size=\u00a0\u00bb65&Prime;][mk_fancy_title color=\u00a0\u00bb#ffffff\u00a0\u00bb size=\u00a0\u00bb32&Prime; font_weight=\u00a0\u00bb400&Prime; margin_bottom=\u00a0\u00bb0&Prime; font_family=\u00a0\u00bbnone\u00a0\u00bb align=\u00a0\u00bbcenter\u00a0\u00bb animation=\u00a0\u00bbfade-in\u00a0\u00bb]Envie d&rsquo;en savoir plus ?<\/p>\n[\/mk_fancy_title][mk_padding_divider size=\u00a0\u00bb30&Prime;]\n<div class=\"wpcf7 no-js\" id=\"wpcf7-f5824-o1\" lang=\"en-US\" dir=\"ltr\" data-wpcf7-id=\"5824\">\n<div class=\"screen-reader-response\"><p role=\"status\" aria-live=\"polite\" aria-atomic=\"true\"><\/p> <ul><\/ul><\/div>\n<form action=\"\/fr\/wp-json\/wp\/v2\/pages\/5488#wpcf7-f5824-o1\" method=\"post\" class=\"wpcf7-form init\" aria-label=\"Contact form\" novalidate=\"novalidate\" data-status=\"init\">\n<fieldset class=\"hidden-fields-container\"><input type=\"hidden\" name=\"_wpcf7\" value=\"5824\" \/><input type=\"hidden\" name=\"_wpcf7_version\" value=\"6.1.5\" \/><input type=\"hidden\" name=\"_wpcf7_locale\" value=\"en_US\" \/><input type=\"hidden\" name=\"_wpcf7_unit_tag\" value=\"wpcf7-f5824-o1\" \/><input type=\"hidden\" name=\"_wpcf7_container_post\" value=\"0\" \/><input type=\"hidden\" name=\"_wpcf7_posted_data_hash\" value=\"\" \/><input type=\"hidden\" name=\"_wpcf7_recaptcha_response\" value=\"\" \/>\n<\/fieldset>\n<div class=\"o2c-fullwidth\">\n\t<div class=\"o2c-break1\">\n\t\t<p><span class=\"wpcf7-form-control-wrap\" data-name=\"full-name\"><input size=\"40\" maxlength=\"400\" class=\"wpcf7-form-control wpcf7-text wpcf7-validates-as-required o2c-text-field\" aria-required=\"true\" aria-invalid=\"false\" placeholder=\"Nom Complet\" value=\"\" type=\"text\" name=\"full-name\" \/><\/span><br \/>\n<span class=\"wpcf7-form-control-wrap\" data-name=\"company-name\"><input size=\"40\" maxlength=\"400\" class=\"wpcf7-form-control wpcf7-text wpcf7-validates-as-required o2c-text-field\" aria-required=\"true\" aria-invalid=\"false\" placeholder=\"Entreprise\" value=\"\" type=\"text\" name=\"company-name\" \/><\/span><br \/>\n<span class=\"wpcf7-form-control-wrap\" data-name=\"customer-email\"><input size=\"40\" maxlength=\"400\" class=\"wpcf7-form-control wpcf7-email wpcf7-validates-as-required wpcf7-text wpcf7-validates-as-email o2c-email-field\" aria-required=\"true\" aria-invalid=\"false\" placeholder=\"E-mail\" value=\"\" type=\"email\" name=\"customer-email\" \/><\/span><br \/>\n<span class=\"wpcf7-form-control-wrap\" data-name=\"customer-telephone\"><input size=\"40\" maxlength=\"400\" class=\"wpcf7-form-control wpcf7-tel wpcf7-text wpcf7-validates-as-tel o2c-text-field\" aria-invalid=\"false\" placeholder=\"T\u00e9l\u00e9phone\" value=\"\" type=\"tel\" name=\"customer-telephone\" \/><\/span><br \/>\n\t\t<span class=\"wpcf7-form-control-wrap recaptcha\" data-name=\"recaptcha\"><span data-sitekey=\"6LfV16QUAAAAAAoDHi55y8SiR8vm8sVeBlZMDHpb\" class=\"wpcf7-form-control wpcf7-recaptcha g-recaptcha\"><\/span>\r\n<noscript>\r\n\t<div class=\"grecaptcha-noscript\">\r\n\t\t<iframe src=\"https:\/\/www.google.com\/recaptcha\/api\/fallback?k=6LfV16QUAAAAAAoDHi55y8SiR8vm8sVeBlZMDHpb\" frameborder=\"0\" scrolling=\"no\" width=\"310\" height=\"430\">\r\n\t\t<\/iframe>\r\n\t\t<textarea name=\"g-recaptcha-response\" rows=\"3\" cols=\"40\" placeholder=\"reCaptcha Response Here\">\r\n\t\t<\/textarea>\r\n\t<\/div>\r\n<\/noscript>\r\n<\/span>\n\t\t<\/p>\n\t<\/div>\n\t<div class=\"o2c-break2\">\n\t\t<p><span class=\"wpcf7-form-control-wrap\" data-name=\"customer-query\"><textarea cols=\"40\" rows=\"10\" maxlength=\"2000\" class=\"wpcf7-form-control wpcf7-textarea o2c-text-area\" aria-invalid=\"false\" placeholder=\"Message\" name=\"customer-query\"><\/textarea><\/span>\n\t\t<\/p>\n\t\t<div class=\"o2c-subscribe\">\n\t\t\t<p><span class=\"wpcf7-form-control-wrap\" data-name=\"checkbox-21\"><span class=\"wpcf7-form-control wpcf7-checkbox\"><span class=\"wpcf7-list-item first last\"><input type=\"checkbox\" name=\"checkbox-21[]\" value=\"S&#039;abonner \u00e0 la Newsletter\" \/><span class=\"wpcf7-list-item-label\">S&#039;abonner \u00e0 la Newsletter<\/span><\/span><\/span><\/span><br \/>\n<input class=\"wpcf7-form-control wpcf7-submit has-spinner o2c-submit\" type=\"submit\" value=\"Envoyer\" \/>\n\t\t\t<\/p>\n\t\t<\/div>\n\t<\/div>\n<\/div>\n<div class=\"gdpr-text-contact\">\n\t<p>Ce formulaire recueille votre nom, adresse e-mail et num\u00e9ro de t\u00e9l\u00e9phone afin que nous puissions rester en contact avec vous concernant votre demande. Notre <a href=\"\/fr\/politique-de-confidentialite-rgpd\/\">Politique de Confidentialit\u00e9<\/a> fournira de plus amples informations sur la mani\u00e8re dont ces donn\u00e9es sont prot\u00e9g\u00e9es et g\u00e9r\u00e9es.\n\t<\/p>\n\t<div class=\"gpdr-tick-box-contact\">\n\t\t<p><span class=\"wpcf7-form-control-wrap\" data-name=\"GDPR\"><span class=\"wpcf7-form-control wpcf7-checkbox wpcf7-validates-as-required\"><span class=\"wpcf7-list-item first last\"><input type=\"checkbox\" name=\"GDPR[]\" value=\"Je consens \u00e0 ce que Barnes International collecte mes donn\u00e9es.\" \/><span class=\"wpcf7-list-item-label\">Je consens \u00e0 ce que Barnes International collecte mes donn\u00e9es.<\/span><\/span><\/span><\/span>\n\t\t<\/p>\n\t<\/div>\n<\/div><div class=\"wpcf7-response-output\" aria-hidden=\"true\"><\/div>\n<\/form>\n<\/div>\n[mk_padding_divider size=\u00a0\u00bb65&Prime;][\/vc_column][vc_column width=\u00a0\u00bb1\/12&Prime;][\/vc_column][\/mk_page_section]\n<\/div>","protected":false},"excerpt":{"rendered":"<p>[mk_page_section bg_color=\u00a0\u00bb#76889d\u00a0\u00bb padding_top=\u00a0\u00bb60&Prime; padding_bottom=\u00a0\u00bb60&Prime; sidebar=\u00a0\u00bbsidebar-1&Prime;][vc_column width=\u00a0\u00bb8\/12&Prime;][mk_fancy_title tag_name=\u00a0\u00bbh1&Prime; color=\u00a0\u00bb#ffffff\u00a0\u00bb size=\u00a0\u00bb20&Prime; font_weight=\u00a0\u00bbbold\u00a0\u00bb margin_bottom=\u00a0\u00bb0&Prime; font_family=\u00a0\u00bbnone\u00a0\u00bb animation=\u00a0\u00bbleft-to-right\u00a0\u00bb]Outils de Test[\/mk_fancy_title][mk_fancy_title color=\u00a0\u00bb#ffffff\u00a0\u00bb size=\u00a0\u00bb32&Prime; font_weight=\u00a0\u00bb400&Prime; margin_bottom=\u00a0\u00bb0&Prime; font_family=\u00a0\u00bbnone\u00a0\u00bb animation=\u00a0\u00bbfade-in\u00a0\u00bb]Augmentez l&rsquo;efficacit\u00e9 et minimisez les erreurs[\/mk_fancy_title][vc_column_text el_class=\u00a0\u00bbwhitetext\u00a0\u00bb css=\u00a0\u00bb.vc_custom_1611587665053{margin-bottom: 0px !important;}\u00a0\u00bb]Gr\u00e2ce \u00e0 une gamme compl\u00e8te d&rsquo;outils de test pour puces EMV et bandes magn\u00e9tiques, Barnes travaille avec des organisations \u00e0 l&rsquo;\u00e9chelle internationale afin de s&rsquo;assurer qu&rsquo;elles [&hellip;]<\/p>\n","protected":false},"author":1,"featured_media":0,"parent":0,"menu_order":0,"comment_status":"closed","ping_status":"closed","template":"","meta":{"footnotes":""},"class_list":["post-5488","page","type-page","status-publish","hentry"],"yoast_head":"<!-- This site is optimized with the Yoast SEO plugin v27.3 - https:\/\/yoast.com\/product\/yoast-seo-wordpress\/ -->\n<title>Outils de Test | Barnes International Limited<\/title>\n<meta name=\"description\" content=\"Nos outils de test de bande magn\u00e9tique ont \u00e9t\u00e9 d\u00e9velopp\u00e9s pour fournir \u00e0 nos clients des solutions de test efficaces, \u00e9volutives et efficaces. D\u00e9couvrez la gamme compl\u00e8te d&#039;outils de test que nous sommes en mesure de vous proposer.\" \/>\n<meta name=\"robots\" content=\"index, follow, max-snippet:-1, max-image-preview:large, max-video-preview:-1\" \/>\n<link rel=\"canonical\" href=\"https:\/\/www.barnestest.com\/fr\/outils-de-test\/\" \/>\n<meta property=\"og:locale\" content=\"fr_FR\" \/>\n<meta property=\"og:type\" content=\"article\" \/>\n<meta property=\"og:title\" content=\"Outils de Test | Barnes International Limited\" \/>\n<meta property=\"og:description\" content=\"Nos outils de test de bande magn\u00e9tique ont \u00e9t\u00e9 d\u00e9velopp\u00e9s pour fournir \u00e0 nos clients des solutions de test efficaces, \u00e9volutives et efficaces. D\u00e9couvrez la gamme compl\u00e8te d&#039;outils de test que nous sommes en mesure de vous proposer.\" \/>\n<meta property=\"og:url\" content=\"https:\/\/www.barnestest.com\/fr\/outils-de-test\/\" \/>\n<meta property=\"og:site_name\" content=\"Barnes International\" \/>\n<meta property=\"article:modified_time\" content=\"2021-01-25T15:14:58+00:00\" \/>\n<meta property=\"og:image\" content=\"https:\/\/www.barnestest.com\/wp-content\/uploads\/barnes-logo.png\" \/>\n\t<meta property=\"og:image:width\" content=\"183\" \/>\n\t<meta property=\"og:image:height\" content=\"43\" \/>\n\t<meta property=\"og:image:type\" content=\"image\/png\" \/>\n<meta name=\"twitter:card\" content=\"summary_large_image\" \/>\n<meta name=\"twitter:site\" content=\"@barnes_test\" \/>\n<meta name=\"twitter:label1\" content=\"Dur\u00e9e de lecture estim\u00e9e\" \/>\n\t<meta name=\"twitter:data1\" content=\"2 minutes\" \/>\n<script type=\"application\/ld+json\" class=\"yoast-schema-graph\">{\"@context\":\"https:\\\/\\\/schema.org\",\"@graph\":[{\"@type\":\"WebPage\",\"@id\":\"https:\\\/\\\/www.barnestest.com\\\/fr\\\/outils-de-test\\\/\",\"url\":\"https:\\\/\\\/www.barnestest.com\\\/fr\\\/outils-de-test\\\/\",\"name\":\"Outils de Test | Barnes International Limited\",\"isPartOf\":{\"@id\":\"https:\\\/\\\/www.barnestest.com\\\/fr\\\/#website\"},\"datePublished\":\"2020-11-26T13:22:09+00:00\",\"dateModified\":\"2021-01-25T15:14:58+00:00\",\"description\":\"Nos outils de test de bande magn\u00e9tique ont \u00e9t\u00e9 d\u00e9velopp\u00e9s pour fournir \u00e0 nos clients des solutions de test efficaces, \u00e9volutives et efficaces. D\u00e9couvrez la gamme compl\u00e8te d'outils de test que nous sommes en mesure de vous proposer.\",\"breadcrumb\":{\"@id\":\"https:\\\/\\\/www.barnestest.com\\\/fr\\\/outils-de-test\\\/#breadcrumb\"},\"inLanguage\":\"fr-FR\",\"potentialAction\":[{\"@type\":\"ReadAction\",\"target\":[\"https:\\\/\\\/www.barnestest.com\\\/fr\\\/outils-de-test\\\/\"]}]},{\"@type\":\"BreadcrumbList\",\"@id\":\"https:\\\/\\\/www.barnestest.com\\\/fr\\\/outils-de-test\\\/#breadcrumb\",\"itemListElement\":[{\"@type\":\"ListItem\",\"position\":1,\"name\":\"Home\",\"item\":\"https:\\\/\\\/www.barnestest.com\\\/fr\\\/\"},{\"@type\":\"ListItem\",\"position\":2,\"name\":\"Outils de Test\"}]},{\"@type\":\"WebSite\",\"@id\":\"https:\\\/\\\/www.barnestest.com\\\/fr\\\/#website\",\"url\":\"https:\\\/\\\/www.barnestest.com\\\/fr\\\/\",\"name\":\"Barnes International\",\"description\":\"a leading provider of magnetic stripe and EMV test tools, training and consulting\",\"publisher\":{\"@id\":\"https:\\\/\\\/www.barnestest.com\\\/fr\\\/#organization\"},\"potentialAction\":[{\"@type\":\"SearchAction\",\"target\":{\"@type\":\"EntryPoint\",\"urlTemplate\":\"https:\\\/\\\/www.barnestest.com\\\/fr\\\/?s={search_term_string}\"},\"query-input\":{\"@type\":\"PropertyValueSpecification\",\"valueRequired\":true,\"valueName\":\"search_term_string\"}}],\"inLanguage\":\"fr-FR\"},{\"@type\":\"Organization\",\"@id\":\"https:\\\/\\\/www.barnestest.com\\\/fr\\\/#organization\",\"name\":\"Barnes International\",\"url\":\"https:\\\/\\\/www.barnestest.com\\\/fr\\\/\",\"logo\":{\"@type\":\"ImageObject\",\"inLanguage\":\"fr-FR\",\"@id\":\"https:\\\/\\\/www.barnestest.com\\\/fr\\\/#\\\/schema\\\/logo\\\/image\\\/\",\"url\":\"https:\\\/\\\/www.barnestest.com\\\/wp-content\\\/uploads\\\/barnesinternationallogo_transparent.png\",\"contentUrl\":\"https:\\\/\\\/www.barnestest.com\\\/wp-content\\\/uploads\\\/barnesinternationallogo_transparent.png\",\"width\":1712,\"height\":484,\"caption\":\"Barnes International\"},\"image\":{\"@id\":\"https:\\\/\\\/www.barnestest.com\\\/fr\\\/#\\\/schema\\\/logo\\\/image\\\/\"},\"sameAs\":[\"https:\\\/\\\/x.com\\\/barnes_test\",\"https:\\\/\\\/www.linkedin.com\\\/company\\\/barnes-international-ltd\\\/\",\"https:\\\/\\\/www.youtube.com\\\/channel\\\/UC5_Lit5ykPemqDHnHda0bvw\"]}]}<\/script>\n<!-- \/ Yoast SEO plugin. -->","yoast_head_json":{"title":"Outils de Test | Barnes International Limited","description":"Nos outils de test de bande magn\u00e9tique ont \u00e9t\u00e9 d\u00e9velopp\u00e9s pour fournir \u00e0 nos clients des solutions de test efficaces, \u00e9volutives et efficaces. D\u00e9couvrez la gamme compl\u00e8te d'outils de test que nous sommes en mesure de vous proposer.","robots":{"index":"index","follow":"follow","max-snippet":"max-snippet:-1","max-image-preview":"max-image-preview:large","max-video-preview":"max-video-preview:-1"},"canonical":"https:\/\/www.barnestest.com\/fr\/outils-de-test\/","og_locale":"fr_FR","og_type":"article","og_title":"Outils de Test | Barnes International Limited","og_description":"Nos outils de test de bande magn\u00e9tique ont \u00e9t\u00e9 d\u00e9velopp\u00e9s pour fournir \u00e0 nos clients des solutions de test efficaces, \u00e9volutives et efficaces. D\u00e9couvrez la gamme compl\u00e8te d'outils de test que nous sommes en mesure de vous proposer.","og_url":"https:\/\/www.barnestest.com\/fr\/outils-de-test\/","og_site_name":"Barnes International","article_modified_time":"2021-01-25T15:14:58+00:00","og_image":[{"width":183,"height":43,"url":"https:\/\/www.barnestest.com\/wp-content\/uploads\/barnes-logo.png","type":"image\/png"}],"twitter_card":"summary_large_image","twitter_site":"@barnes_test","twitter_misc":{"Dur\u00e9e de lecture estim\u00e9e":"2 minutes"},"schema":{"@context":"https:\/\/schema.org","@graph":[{"@type":"WebPage","@id":"https:\/\/www.barnestest.com\/fr\/outils-de-test\/","url":"https:\/\/www.barnestest.com\/fr\/outils-de-test\/","name":"Outils de Test | Barnes International Limited","isPartOf":{"@id":"https:\/\/www.barnestest.com\/fr\/#website"},"datePublished":"2020-11-26T13:22:09+00:00","dateModified":"2021-01-25T15:14:58+00:00","description":"Nos outils de test de bande magn\u00e9tique ont \u00e9t\u00e9 d\u00e9velopp\u00e9s pour fournir \u00e0 nos clients des solutions de test efficaces, \u00e9volutives et efficaces. D\u00e9couvrez la gamme compl\u00e8te d'outils de test que nous sommes en mesure de vous proposer.","breadcrumb":{"@id":"https:\/\/www.barnestest.com\/fr\/outils-de-test\/#breadcrumb"},"inLanguage":"fr-FR","potentialAction":[{"@type":"ReadAction","target":["https:\/\/www.barnestest.com\/fr\/outils-de-test\/"]}]},{"@type":"BreadcrumbList","@id":"https:\/\/www.barnestest.com\/fr\/outils-de-test\/#breadcrumb","itemListElement":[{"@type":"ListItem","position":1,"name":"Home","item":"https:\/\/www.barnestest.com\/fr\/"},{"@type":"ListItem","position":2,"name":"Outils de Test"}]},{"@type":"WebSite","@id":"https:\/\/www.barnestest.com\/fr\/#website","url":"https:\/\/www.barnestest.com\/fr\/","name":"Barnes International","description":"a leading provider of magnetic stripe and EMV test tools, training and consulting","publisher":{"@id":"https:\/\/www.barnestest.com\/fr\/#organization"},"potentialAction":[{"@type":"SearchAction","target":{"@type":"EntryPoint","urlTemplate":"https:\/\/www.barnestest.com\/fr\/?s={search_term_string}"},"query-input":{"@type":"PropertyValueSpecification","valueRequired":true,"valueName":"search_term_string"}}],"inLanguage":"fr-FR"},{"@type":"Organization","@id":"https:\/\/www.barnestest.com\/fr\/#organization","name":"Barnes International","url":"https:\/\/www.barnestest.com\/fr\/","logo":{"@type":"ImageObject","inLanguage":"fr-FR","@id":"https:\/\/www.barnestest.com\/fr\/#\/schema\/logo\/image\/","url":"https:\/\/www.barnestest.com\/wp-content\/uploads\/barnesinternationallogo_transparent.png","contentUrl":"https:\/\/www.barnestest.com\/wp-content\/uploads\/barnesinternationallogo_transparent.png","width":1712,"height":484,"caption":"Barnes International"},"image":{"@id":"https:\/\/www.barnestest.com\/fr\/#\/schema\/logo\/image\/"},"sameAs":["https:\/\/x.com\/barnes_test","https:\/\/www.linkedin.com\/company\/barnes-international-ltd\/","https:\/\/www.youtube.com\/channel\/UC5_Lit5ykPemqDHnHda0bvw"]}]}},"_links":{"self":[{"href":"https:\/\/www.barnestest.com\/fr\/wp-json\/wp\/v2\/pages\/5488","targetHints":{"allow":["GET"]}}],"collection":[{"href":"https:\/\/www.barnestest.com\/fr\/wp-json\/wp\/v2\/pages"}],"about":[{"href":"https:\/\/www.barnestest.com\/fr\/wp-json\/wp\/v2\/types\/page"}],"author":[{"embeddable":true,"href":"https:\/\/www.barnestest.com\/fr\/wp-json\/wp\/v2\/users\/1"}],"replies":[{"embeddable":true,"href":"https:\/\/www.barnestest.com\/fr\/wp-json\/wp\/v2\/comments?post=5488"}],"version-history":[{"count":0,"href":"https:\/\/www.barnestest.com\/fr\/wp-json\/wp\/v2\/pages\/5488\/revisions"}],"wp:attachment":[{"href":"https:\/\/www.barnestest.com\/fr\/wp-json\/wp\/v2\/media?parent=5488"}],"curies":[{"name":"wp","href":"https:\/\/api.w.org\/{rel}","templated":true}]}}