{"id":5715,"date":"2020-12-18T10:44:52","date_gmt":"2020-12-18T10:44:52","guid":{"rendered":"https:\/\/www.barnestest.com\/termes-et-conditions\/"},"modified":"2020-12-22T10:39:18","modified_gmt":"2020-12-22T10:39:18","slug":"termes-et-conditions","status":"publish","type":"page","link":"https:\/\/www.barnestest.com\/fr\/termes-et-conditions\/","title":{"rendered":"Termes et Conditions"},"content":{"rendered":"[mk_page_section bg_color=\u00a0\u00bb#6b7d92&Prime; padding_top=\u00a0\u00bb60&Prime; padding_bottom=\u00a0\u00bb60&Prime; sidebar=\u00a0\u00bbsidebar-1&Prime;][vc_column width=\u00a0\u00bb8\/12&Prime;][mk_fancy_title tag_name=\u00a0\u00bbh1&Prime; color=\u00a0\u00bb#ffffff\u00a0\u00bb size=\u00a0\u00bb20&Prime; font_weight=\u00a0\u00bbbold\u00a0\u00bb margin_bottom=\u00a0\u00bb0&Prime; font_family=\u00a0\u00bbnone\u00a0\u00bb animation=\u00a0\u00bbleft-to-right\u00a0\u00bb]Termes et Conditions[\/mk_fancy_title][mk_fancy_title color=\u00a0\u00bb#ffffff\u00a0\u00bb size=\u00a0\u00bb32&Prime; font_weight=\u00a0\u00bb400&Prime; margin_bottom=\u00a0\u00bb0&Prime; font_family=\u00a0\u00bbnone\u00a0\u00bb animation=\u00a0\u00bbfade-in\u00a0\u00bb]Ce sont les termes et conditions qui r\u00e9gissent l&rsquo;utilisation de notre site Web[\/mk_fancy_title][vc_column_text el_class=\u00a0\u00bbwhitetext\u00a0\u00bb css=\u00a0\u00bb.vc_custom_1539182864253{margin-bottom: 0px !important;}\u00a0\u00bb]<span style=\"font-size: 18px;\">En utilisant notre site Web, vous acceptez les termes et conditions d&rsquo;utilisation dans leur int\u00e9gralit\u00e9. Pour plus d&rsquo;informations, veuillez lire ci-dessous.<\/span>[\/vc_column_text][\/vc_column][vc_column width=\u00a0\u00bb1\/12&Prime;][\/vc_column][vc_column width=\u00a0\u00bb1\/4&Prime;][\/vc_column][\/mk_page_section][mk_page_section bg_color=\u00a0\u00bb#ffffff\u00a0\u00bb min_height=\u00a0\u00bb0&Prime; padding_top=\u00a0\u00bb60&Prime; padding_bottom=\u00a0\u00bb60&Prime; sidebar=\u00a0\u00bbsidebar-1&Prime;][vc_column][mk_fancy_title tag_name=\u00a0\u00bbh3&Prime; color=\u00a0\u00bb#764295&Prime; size=\u00a0\u00bb32&Prime; font_weight=\u00a0\u00bb400&Prime; margin_bottom=\u00a0\u00bb0&Prime; font_family=\u00a0\u00bbnone\u00a0\u00bb animation=\u00a0\u00bbleft-to-right\u00a0\u00bb]Introduction[\/mk_fancy_title][vc_column_text css=\u00a0\u00bb.vc_custom_1539182942028{margin-bottom: 0px !important;}\u00a0\u00bb]Ces termes et conditions r\u00e9gissent votre utilisation de notre site Web; en utilisant notre site Web, vous acceptez ces termes et conditions dans leur int\u00e9gralit\u00e9. Si vous n&rsquo;\u00eates pas d&rsquo;accord avec une partie de ces termes et conditions, veuillez ne pas visiter notre site Web.[\/vc_column_text][mk_fancy_title tag_name=\u00a0\u00bbh4&Prime; color=\u00a0\u00bb#764295&Prime; size=\u00a0\u00bb20&Prime; font_weight=\u00a0\u00bbbold\u00a0\u00bb margin_bottom=\u00a0\u00bb0&Prime; font_family=\u00a0\u00bbnone\u00a0\u00bb animation=\u00a0\u00bbfade-in\u00a0\u00bb]Droits de Propri\u00e9t\u00e9 Intellectuelle[\/mk_fancy_title][vc_column_text css=\u00a0\u00bb.vc_custom_1539182965858{margin-bottom: 0px !important;}\u00a0\u00bb]Sauf indication contraire, nous ou nos conc\u00e9dants de licence d\u00e9tenons les droits de propri\u00e9t\u00e9 intellectuelle sur le site Web et les \u00e9l\u00e9ments du site Web. Sous r\u00e9serve de la licence ci-dessous, tous nos droits de propri\u00e9t\u00e9 intellectuelle sont r\u00e9serv\u00e9s.[\/vc_column_text][mk_fancy_title tag_name=\u00a0\u00bbh4&Prime; color=\u00a0\u00bb#764295&Prime; size=\u00a0\u00bb20&Prime; font_weight=\u00a0\u00bbbold\u00a0\u00bb margin_bottom=\u00a0\u00bb0&Prime; font_family=\u00a0\u00bbnone\u00a0\u00bb animation=\u00a0\u00bbfade-in\u00a0\u00bb]Licence d&rsquo;Utilisation du Site Web[\/mk_fancy_title][vc_column_text css=\u00a0\u00bb.vc_custom_1539183567984{margin-bottom: 0px !important;}\u00a0\u00bb]Vous pouvez afficher, t\u00e9l\u00e9charger \u00e0 des fins de mise en cache uniquement et imprimer des pages \u00e0 partir du site Web, \u00e0 condition que ;[\/vc_column_text][vc_column_text css=\u00a0\u00bb.vc_custom_1539183579664{margin-bottom: 0px !important;}\u00a0\u00bb]\n<ul>\n<li>vous ne devez pas republier le mat\u00e9riel de ce site Web (y compris les republications sur un autre site Web), ni reproduire ou stocker le mat\u00e9riel de ce site Web dans un syst\u00e8me de recherche \u00e9lectronique public ou priv\u00e9 ;<\/li>\n<li>vous ne devez pas reproduire, dupliquer, copier, vendre, revendre, visiter ou autrement exploiter le mat\u00e9riel de notre site Web sur notre site Web \u00e0 des fins commerciales, sans notre consentement \u00e9crit ;<\/li>\n<li>vous ne devez pas \u00e9diter ou autrement modifier tout mat\u00e9riel sur le site Web<\/li>\n<\/ul>\n[\/vc_column_text][mk_fancy_title tag_name=\u00a0\u00bbh4&Prime; color=\u00a0\u00bb#764295&Prime; size=\u00a0\u00bb20&Prime; font_weight=\u00a0\u00bbbold\u00a0\u00bb margin_bottom=\u00a0\u00bb0&Prime; font_family=\u00a0\u00bbnone\u00a0\u00bb animation=\u00a0\u00bbfade-in\u00a0\u00bb]Limitations de Responsabilit\u00e9[\/mk_fancy_title][vc_column_text css=\u00a0\u00bb.vc_custom_1539183613012{margin-bottom: 0px !important;}\u00a0\u00bb]Les informations sur ce site Web sont fournies gratuitement, et vous reconnaissez qu&rsquo;il serait d\u00e9raisonnable de nous tenir responsables \u00e0 l&rsquo;\u00e9gard de ce site Web et des informations sur ce site Web. Bien que nous nous efforcions d&rsquo; assurer que les informations sur ce site Web sont correctes, nous ne garantissons pas leur exhaustivit\u00e9 ou leur exactitude ; nous ne nous engageons pas \u00e0 garantir que le site Web reste disponible ou que le contenu de ce site Web est tenu \u00e0 jour.<\/p>\n<p>Dans la mesure maximale permise par la loi applicable, nous excluons toutes les repr\u00e9sentations, garanties et conditions (y compris, sans limitation, les conditions implicites par la loi de qualit\u00e9 satisfaisante, d&rsquo;aptitude \u00e0 l&#8217;emploi et l&rsquo;utilisation de soins et de comp\u00e9tences raisonnables). Notre responsabilit\u00e9 est limit\u00e9e et exclue dans la mesure maximale autoris\u00e9e par la loi applicable. Nous ne serons pas responsables de toute perte ou dommage direct, indirect ou cons\u00e9cutif d\u00e9coulant des pr\u00e9sentes conditions g\u00e9n\u00e9rales ou en relation avec notre site Web, que ce soit en cas de d\u00e9lit, de contrat ou autre &#8211; y compris, sans limitation, toute perte de profit, contrat, affaires, bonne volont\u00e9, donn\u00e9es, revenus ou \u00e9conomies anticip\u00e9es.[\/vc_column_text][mk_fancy_title tag_name=\u00a0\u00bbh4&Prime; color=\u00a0\u00bb#764295&Prime; size=\u00a0\u00bb20&Prime; font_weight=\u00a0\u00bbbold\u00a0\u00bb margin_bottom=\u00a0\u00bb0&Prime; font_family=\u00a0\u00bbnone\u00a0\u00bb animation=\u00a0\u00bbfade-in\u00a0\u00bb]Variation[\/mk_fancy_title][vc_column_text css=\u00a0\u00bb.vc_custom_1539183643109{margin-bottom: 0px !important;}\u00a0\u00bb]Nous pouvons r\u00e9viser ces termes et conditions de temps en temps. Veuillez consulter cette page r\u00e9guli\u00e8rement pour vous assurer que vous \u00eates familiaris\u00e9 avec la version actuelle.[\/vc_column_text][mk_fancy_title tag_name=\u00a0\u00bbh4&Prime; color=\u00a0\u00bb#764295&Prime; size=\u00a0\u00bb20&Prime; font_weight=\u00a0\u00bbbold\u00a0\u00bb margin_bottom=\u00a0\u00bb0&Prime; font_family=\u00a0\u00bbnone\u00a0\u00bb animation=\u00a0\u00bbfade-in\u00a0\u00bb]Accord Complet[\/mk_fancy_title][vc_column_text css=\u00a0\u00bb.vc_custom_1539183665677{margin-bottom: 0px !important;}\u00a0\u00bb]Ces termes et conditions constituent l&rsquo;int\u00e9gralit\u00e9 de l&rsquo;accord entre nous en ce qui concerne votre utilisation de notre site Web et remplacent tous les accords ant\u00e9rieurs concernant votre utilisation de ce site Web.[\/vc_column_text][mk_fancy_title tag_name=\u00a0\u00bbh4&Prime; color=\u00a0\u00bb#764295&Prime; size=\u00a0\u00bb20&Prime; font_weight=\u00a0\u00bbbold\u00a0\u00bb margin_bottom=\u00a0\u00bb0&Prime; font_family=\u00a0\u00bbnone\u00a0\u00bb animation=\u00a0\u00bbfade-in\u00a0\u00bb]Loi et Juridiction[\/mk_fancy_title][vc_column_text css=\u00a0\u00bb.vc_custom_1539183690621{margin-bottom: 0px !important;}\u00a0\u00bb]Cet avis sera r\u00e9gi et interpr\u00e9t\u00e9 conform\u00e9ment au droit anglais et tout litige relatif \u00e0 cet avis sera soumis \u00e0 la comp\u00e9tence exclusive des tribunaux d&rsquo;Angleterre.[\/vc_column_text][mk_fancy_title tag_name=\u00a0\u00bbh4&Prime; color=\u00a0\u00bb#764295&Prime; size=\u00a0\u00bb20&Prime; font_weight=\u00a0\u00bbbold\u00a0\u00bb margin_bottom=\u00a0\u00bb0&Prime; font_family=\u00a0\u00bbnone\u00a0\u00bb animation=\u00a0\u00bbfade-in\u00a0\u00bb]Nos Coordonn\u00e9es[\/mk_fancy_title][vc_column_text css=\u00a0\u00bb.vc_custom_1539183731624{margin-bottom: 0px !important;}\u00a0\u00bb]Le nom complet de notre soci\u00e9t\u00e9 est Barnes International Limited et notre adresse est Barnes International Limited, The Loft, St Clair\u2019s Farm, Wickham Road, Droxford, Hampshire, SO32 3PW. Vous pouvez nous contacter par e-mail \u00e0 l&rsquo;adresse suivante <a href=\"mailto:info@barnestest.com\">info@barnestest.com<\/a>.[\/vc_column_text][\/vc_column][\/mk_page_section][mk_page_section bg_color=\u00a0\u00bb#0098db\u00a0\u00bb el_class=\u00a0\u00bbo2c-white-contact\u00a0\u00bb sidebar=\u00a0\u00bbsidebar-1&Prime;][vc_column width=\u00a0\u00bb1\/12&Prime;][\/vc_column][vc_column width=\u00a0\u00bb10\/12&Prime;][mk_padding_divider size=\u00a0\u00bb65&Prime;][mk_fancy_title color=\u00a0\u00bb#ffffff\u00a0\u00bb size=\u00a0\u00bb32&Prime; font_weight=\u00a0\u00bb400&Prime; margin_bottom=\u00a0\u00bb0&Prime; font_family=\u00a0\u00bbnone\u00a0\u00bb align=\u00a0\u00bbcenter\u00a0\u00bb animation=\u00a0\u00bbfade-in\u00a0\u00bb]\n<p>Envie d&rsquo;en savoir plus ?<\/p>\n[\/mk_fancy_title][mk_padding_divider size=\u00a0\u00bb30&Prime;]\n<div class=\"wpcf7 no-js\" id=\"wpcf7-f5824-o1\" lang=\"en-US\" dir=\"ltr\" data-wpcf7-id=\"5824\">\n<div class=\"screen-reader-response\"><p role=\"status\" aria-live=\"polite\" aria-atomic=\"true\"><\/p> <ul><\/ul><\/div>\n<form action=\"\/fr\/wp-json\/wp\/v2\/pages\/5715#wpcf7-f5824-o1\" method=\"post\" class=\"wpcf7-form init\" aria-label=\"Contact form\" novalidate=\"novalidate\" data-status=\"init\">\n<fieldset class=\"hidden-fields-container\"><input type=\"hidden\" name=\"_wpcf7\" value=\"5824\" \/><input type=\"hidden\" name=\"_wpcf7_version\" value=\"6.1.5\" \/><input type=\"hidden\" name=\"_wpcf7_locale\" value=\"en_US\" \/><input type=\"hidden\" name=\"_wpcf7_unit_tag\" value=\"wpcf7-f5824-o1\" \/><input type=\"hidden\" name=\"_wpcf7_container_post\" value=\"0\" \/><input type=\"hidden\" name=\"_wpcf7_posted_data_hash\" value=\"\" \/><input type=\"hidden\" name=\"_wpcf7_recaptcha_response\" value=\"\" \/>\n<\/fieldset>\n<div class=\"o2c-fullwidth\">\n\t<div class=\"o2c-break1\">\n\t\t<p><span class=\"wpcf7-form-control-wrap\" data-name=\"full-name\"><input size=\"40\" maxlength=\"400\" class=\"wpcf7-form-control wpcf7-text wpcf7-validates-as-required o2c-text-field\" aria-required=\"true\" aria-invalid=\"false\" placeholder=\"Nom Complet\" value=\"\" type=\"text\" name=\"full-name\" \/><\/span><br \/>\n<span class=\"wpcf7-form-control-wrap\" data-name=\"company-name\"><input size=\"40\" maxlength=\"400\" class=\"wpcf7-form-control wpcf7-text wpcf7-validates-as-required o2c-text-field\" aria-required=\"true\" aria-invalid=\"false\" placeholder=\"Entreprise\" value=\"\" type=\"text\" name=\"company-name\" \/><\/span><br \/>\n<span class=\"wpcf7-form-control-wrap\" data-name=\"customer-email\"><input size=\"40\" maxlength=\"400\" class=\"wpcf7-form-control wpcf7-email wpcf7-validates-as-required wpcf7-text wpcf7-validates-as-email o2c-email-field\" aria-required=\"true\" aria-invalid=\"false\" placeholder=\"E-mail\" value=\"\" type=\"email\" name=\"customer-email\" \/><\/span><br \/>\n<span class=\"wpcf7-form-control-wrap\" data-name=\"customer-telephone\"><input size=\"40\" maxlength=\"400\" class=\"wpcf7-form-control wpcf7-tel wpcf7-text wpcf7-validates-as-tel o2c-text-field\" aria-invalid=\"false\" placeholder=\"T\u00e9l\u00e9phone\" value=\"\" type=\"tel\" name=\"customer-telephone\" \/><\/span><br \/>\n\t\t<span class=\"wpcf7-form-control-wrap recaptcha\" data-name=\"recaptcha\"><span data-sitekey=\"6LfV16QUAAAAAAoDHi55y8SiR8vm8sVeBlZMDHpb\" class=\"wpcf7-form-control wpcf7-recaptcha g-recaptcha\"><\/span>\r\n<noscript>\r\n\t<div class=\"grecaptcha-noscript\">\r\n\t\t<iframe src=\"https:\/\/www.google.com\/recaptcha\/api\/fallback?k=6LfV16QUAAAAAAoDHi55y8SiR8vm8sVeBlZMDHpb\" frameborder=\"0\" scrolling=\"no\" width=\"310\" height=\"430\">\r\n\t\t<\/iframe>\r\n\t\t<textarea name=\"g-recaptcha-response\" rows=\"3\" cols=\"40\" placeholder=\"reCaptcha Response Here\">\r\n\t\t<\/textarea>\r\n\t<\/div>\r\n<\/noscript>\r\n<\/span>\n\t\t<\/p>\n\t<\/div>\n\t<div class=\"o2c-break2\">\n\t\t<p><span class=\"wpcf7-form-control-wrap\" data-name=\"customer-query\"><textarea cols=\"40\" rows=\"10\" maxlength=\"2000\" class=\"wpcf7-form-control wpcf7-textarea o2c-text-area\" aria-invalid=\"false\" placeholder=\"Message\" name=\"customer-query\"><\/textarea><\/span>\n\t\t<\/p>\n\t\t<div class=\"o2c-subscribe\">\n\t\t\t<p><span class=\"wpcf7-form-control-wrap\" data-name=\"checkbox-21\"><span class=\"wpcf7-form-control wpcf7-checkbox\"><span class=\"wpcf7-list-item first last\"><input type=\"checkbox\" name=\"checkbox-21[]\" value=\"S&#039;abonner \u00e0 la Newsletter\" \/><span class=\"wpcf7-list-item-label\">S&#039;abonner \u00e0 la Newsletter<\/span><\/span><\/span><\/span><br \/>\n<input class=\"wpcf7-form-control wpcf7-submit has-spinner o2c-submit\" type=\"submit\" value=\"Envoyer\" \/>\n\t\t\t<\/p>\n\t\t<\/div>\n\t<\/div>\n<\/div>\n<div class=\"gdpr-text-contact\">\n\t<p>Ce formulaire recueille votre nom, adresse e-mail et num\u00e9ro de t\u00e9l\u00e9phone afin que nous puissions rester en contact avec vous concernant votre demande. Notre <a href=\"\/fr\/politique-de-confidentialite-rgpd\/\">Politique de Confidentialit\u00e9<\/a> fournira de plus amples informations sur la mani\u00e8re dont ces donn\u00e9es sont prot\u00e9g\u00e9es et g\u00e9r\u00e9es.\n\t<\/p>\n\t<div class=\"gpdr-tick-box-contact\">\n\t\t<p><span class=\"wpcf7-form-control-wrap\" data-name=\"GDPR\"><span class=\"wpcf7-form-control wpcf7-checkbox wpcf7-validates-as-required\"><span class=\"wpcf7-list-item first last\"><input type=\"checkbox\" name=\"GDPR[]\" value=\"Je consens \u00e0 ce que Barnes International collecte mes donn\u00e9es.\" \/><span class=\"wpcf7-list-item-label\">Je consens \u00e0 ce que Barnes International collecte mes donn\u00e9es.<\/span><\/span><\/span><\/span>\n\t\t<\/p>\n\t<\/div>\n<\/div><div class=\"wpcf7-response-output\" aria-hidden=\"true\"><\/div>\n<\/form>\n<\/div>\n[mk_padding_divider size=\u00a0\u00bb65&Prime;][\/vc_column][vc_column width=\u00a0\u00bb1\/12&Prime;][\/vc_column][\/mk_page_section]\n","protected":false},"excerpt":{"rendered":"<p>[mk_page_section bg_color=\u00a0\u00bb#6b7d92&Prime; padding_top=\u00a0\u00bb60&Prime; padding_bottom=\u00a0\u00bb60&Prime; sidebar=\u00a0\u00bbsidebar-1&Prime;][vc_column width=\u00a0\u00bb8\/12&Prime;][mk_fancy_title tag_name=\u00a0\u00bbh1&Prime; color=\u00a0\u00bb#ffffff\u00a0\u00bb size=\u00a0\u00bb20&Prime; font_weight=\u00a0\u00bbbold\u00a0\u00bb margin_bottom=\u00a0\u00bb0&Prime; font_family=\u00a0\u00bbnone\u00a0\u00bb animation=\u00a0\u00bbleft-to-right\u00a0\u00bb]Termes et Conditions[\/mk_fancy_title][mk_fancy_title color=\u00a0\u00bb#ffffff\u00a0\u00bb size=\u00a0\u00bb32&Prime; font_weight=\u00a0\u00bb400&Prime; margin_bottom=\u00a0\u00bb0&Prime; font_family=\u00a0\u00bbnone\u00a0\u00bb animation=\u00a0\u00bbfade-in\u00a0\u00bb]Ce sont les termes et conditions qui r\u00e9gissent l&rsquo;utilisation de notre site Web[\/mk_fancy_title][vc_column_text el_class=\u00a0\u00bbwhitetext\u00a0\u00bb css=\u00a0\u00bb.vc_custom_1539182864253{margin-bottom: 0px !important;}\u00a0\u00bb]En utilisant notre site Web, vous acceptez les termes et conditions d&rsquo;utilisation dans leur int\u00e9gralit\u00e9. Pour plus d&rsquo;informations, veuillez [&hellip;]<\/p>\n","protected":false},"author":1,"featured_media":0,"parent":0,"menu_order":0,"comment_status":"closed","ping_status":"closed","template":"","meta":{"footnotes":""},"class_list":["post-5715","page","type-page","status-publish","hentry"],"yoast_head":"<!-- This site is optimized with the Yoast SEO plugin v27.4 - https:\/\/yoast.com\/product\/yoast-seo-wordpress\/ -->\n<title>Termes et Conditions | Barnes International Limited<\/title>\n<meta name=\"description\" content=\"Ces termes et conditions r\u00e9gissent votre utilisation de notre site Web; en utilisant notre site Web, vous acceptez ces termes et conditions dans leur int\u00e9gralit\u00e9. Si vous n&#039;\u00eates pas d&#039;accord avec une partie de ces termes et conditions, veuillez ne pas visiter notre site Web.\" \/>\n<meta name=\"robots\" content=\"index, follow, max-snippet:-1, max-image-preview:large, max-video-preview:-1\" \/>\n<link rel=\"canonical\" href=\"https:\/\/www.barnestest.com\/fr\/termes-et-conditions\/\" \/>\n<meta property=\"og:locale\" content=\"fr_FR\" \/>\n<meta property=\"og:type\" content=\"article\" \/>\n<meta property=\"og:title\" content=\"Termes et Conditions | Barnes International Limited\" \/>\n<meta property=\"og:description\" content=\"Ces termes et conditions r\u00e9gissent votre utilisation de notre site Web; en utilisant notre site Web, vous acceptez ces termes et conditions dans leur int\u00e9gralit\u00e9. Si vous n&#039;\u00eates pas d&#039;accord avec une partie de ces termes et conditions, veuillez ne pas visiter notre site Web.\" \/>\n<meta property=\"og:url\" content=\"https:\/\/www.barnestest.com\/fr\/termes-et-conditions\/\" \/>\n<meta property=\"og:site_name\" content=\"Barnes International\" \/>\n<meta property=\"article:modified_time\" content=\"2020-12-22T10:39:18+00:00\" \/>\n<meta property=\"og:image\" content=\"https:\/\/www.barnestest.com\/wp-content\/uploads\/barnes-logo.png\" \/>\n\t<meta property=\"og:image:width\" content=\"183\" \/>\n\t<meta property=\"og:image:height\" content=\"43\" \/>\n\t<meta property=\"og:image:type\" content=\"image\/png\" \/>\n<meta name=\"twitter:card\" content=\"summary_large_image\" \/>\n<meta name=\"twitter:site\" content=\"@barnes_test\" \/>\n<meta name=\"twitter:label1\" content=\"Dur\u00e9e de lecture estim\u00e9e\" \/>\n\t<meta name=\"twitter:data1\" content=\"5 minutes\" \/>\n<script type=\"application\/ld+json\" class=\"yoast-schema-graph\">{\"@context\":\"https:\\\/\\\/schema.org\",\"@graph\":[{\"@type\":\"WebPage\",\"@id\":\"https:\\\/\\\/www.barnestest.com\\\/fr\\\/termes-et-conditions\\\/\",\"url\":\"https:\\\/\\\/www.barnestest.com\\\/fr\\\/termes-et-conditions\\\/\",\"name\":\"Termes et Conditions | Barnes International Limited\",\"isPartOf\":{\"@id\":\"https:\\\/\\\/www.barnestest.com\\\/fr\\\/#website\"},\"datePublished\":\"2020-12-18T10:44:52+00:00\",\"dateModified\":\"2020-12-22T10:39:18+00:00\",\"description\":\"Ces termes et conditions r\u00e9gissent votre utilisation de notre site Web; en utilisant notre site Web, vous acceptez ces termes et conditions dans leur int\u00e9gralit\u00e9. Si vous n'\u00eates pas d'accord avec une partie de ces termes et conditions, veuillez ne pas visiter notre site Web.\",\"breadcrumb\":{\"@id\":\"https:\\\/\\\/www.barnestest.com\\\/fr\\\/termes-et-conditions\\\/#breadcrumb\"},\"inLanguage\":\"fr-FR\",\"potentialAction\":[{\"@type\":\"ReadAction\",\"target\":[\"https:\\\/\\\/www.barnestest.com\\\/fr\\\/termes-et-conditions\\\/\"]}]},{\"@type\":\"BreadcrumbList\",\"@id\":\"https:\\\/\\\/www.barnestest.com\\\/fr\\\/termes-et-conditions\\\/#breadcrumb\",\"itemListElement\":[{\"@type\":\"ListItem\",\"position\":1,\"name\":\"Home\",\"item\":\"https:\\\/\\\/www.barnestest.com\\\/fr\\\/\"},{\"@type\":\"ListItem\",\"position\":2,\"name\":\"Termes et Conditions\"}]},{\"@type\":\"WebSite\",\"@id\":\"https:\\\/\\\/www.barnestest.com\\\/fr\\\/#website\",\"url\":\"https:\\\/\\\/www.barnestest.com\\\/fr\\\/\",\"name\":\"Barnes International\",\"description\":\"a leading provider of magnetic stripe and EMV test tools, training and consulting\",\"publisher\":{\"@id\":\"https:\\\/\\\/www.barnestest.com\\\/fr\\\/#organization\"},\"potentialAction\":[{\"@type\":\"SearchAction\",\"target\":{\"@type\":\"EntryPoint\",\"urlTemplate\":\"https:\\\/\\\/www.barnestest.com\\\/fr\\\/?s={search_term_string}\"},\"query-input\":{\"@type\":\"PropertyValueSpecification\",\"valueRequired\":true,\"valueName\":\"search_term_string\"}}],\"inLanguage\":\"fr-FR\"},{\"@type\":\"Organization\",\"@id\":\"https:\\\/\\\/www.barnestest.com\\\/fr\\\/#organization\",\"name\":\"Barnes International\",\"url\":\"https:\\\/\\\/www.barnestest.com\\\/fr\\\/\",\"logo\":{\"@type\":\"ImageObject\",\"inLanguage\":\"fr-FR\",\"@id\":\"https:\\\/\\\/www.barnestest.com\\\/fr\\\/#\\\/schema\\\/logo\\\/image\\\/\",\"url\":\"https:\\\/\\\/www.barnestest.com\\\/wp-content\\\/uploads\\\/barnesinternationallogo_transparent.png\",\"contentUrl\":\"https:\\\/\\\/www.barnestest.com\\\/wp-content\\\/uploads\\\/barnesinternationallogo_transparent.png\",\"width\":1712,\"height\":484,\"caption\":\"Barnes International\"},\"image\":{\"@id\":\"https:\\\/\\\/www.barnestest.com\\\/fr\\\/#\\\/schema\\\/logo\\\/image\\\/\"},\"sameAs\":[\"https:\\\/\\\/x.com\\\/barnes_test\",\"https:\\\/\\\/www.linkedin.com\\\/company\\\/barnes-international-ltd\\\/\",\"https:\\\/\\\/www.youtube.com\\\/channel\\\/UC5_Lit5ykPemqDHnHda0bvw\"]}]}<\/script>\n<!-- \/ Yoast SEO plugin. -->","yoast_head_json":{"title":"Termes et Conditions | Barnes International Limited","description":"Ces termes et conditions r\u00e9gissent votre utilisation de notre site Web; en utilisant notre site Web, vous acceptez ces termes et conditions dans leur int\u00e9gralit\u00e9. Si vous n'\u00eates pas d'accord avec une partie de ces termes et conditions, veuillez ne pas visiter notre site Web.","robots":{"index":"index","follow":"follow","max-snippet":"max-snippet:-1","max-image-preview":"max-image-preview:large","max-video-preview":"max-video-preview:-1"},"canonical":"https:\/\/www.barnestest.com\/fr\/termes-et-conditions\/","og_locale":"fr_FR","og_type":"article","og_title":"Termes et Conditions | Barnes International Limited","og_description":"Ces termes et conditions r\u00e9gissent votre utilisation de notre site Web; en utilisant notre site Web, vous acceptez ces termes et conditions dans leur int\u00e9gralit\u00e9. Si vous n'\u00eates pas d'accord avec une partie de ces termes et conditions, veuillez ne pas visiter notre site Web.","og_url":"https:\/\/www.barnestest.com\/fr\/termes-et-conditions\/","og_site_name":"Barnes International","article_modified_time":"2020-12-22T10:39:18+00:00","og_image":[{"width":183,"height":43,"url":"https:\/\/www.barnestest.com\/wp-content\/uploads\/barnes-logo.png","type":"image\/png"}],"twitter_card":"summary_large_image","twitter_site":"@barnes_test","twitter_misc":{"Dur\u00e9e de lecture estim\u00e9e":"5 minutes"},"schema":{"@context":"https:\/\/schema.org","@graph":[{"@type":"WebPage","@id":"https:\/\/www.barnestest.com\/fr\/termes-et-conditions\/","url":"https:\/\/www.barnestest.com\/fr\/termes-et-conditions\/","name":"Termes et Conditions | Barnes International Limited","isPartOf":{"@id":"https:\/\/www.barnestest.com\/fr\/#website"},"datePublished":"2020-12-18T10:44:52+00:00","dateModified":"2020-12-22T10:39:18+00:00","description":"Ces termes et conditions r\u00e9gissent votre utilisation de notre site Web; en utilisant notre site Web, vous acceptez ces termes et conditions dans leur int\u00e9gralit\u00e9. Si vous n'\u00eates pas d'accord avec une partie de ces termes et conditions, veuillez ne pas visiter notre site Web.","breadcrumb":{"@id":"https:\/\/www.barnestest.com\/fr\/termes-et-conditions\/#breadcrumb"},"inLanguage":"fr-FR","potentialAction":[{"@type":"ReadAction","target":["https:\/\/www.barnestest.com\/fr\/termes-et-conditions\/"]}]},{"@type":"BreadcrumbList","@id":"https:\/\/www.barnestest.com\/fr\/termes-et-conditions\/#breadcrumb","itemListElement":[{"@type":"ListItem","position":1,"name":"Home","item":"https:\/\/www.barnestest.com\/fr\/"},{"@type":"ListItem","position":2,"name":"Termes et Conditions"}]},{"@type":"WebSite","@id":"https:\/\/www.barnestest.com\/fr\/#website","url":"https:\/\/www.barnestest.com\/fr\/","name":"Barnes International","description":"a leading provider of magnetic stripe and EMV test tools, training and consulting","publisher":{"@id":"https:\/\/www.barnestest.com\/fr\/#organization"},"potentialAction":[{"@type":"SearchAction","target":{"@type":"EntryPoint","urlTemplate":"https:\/\/www.barnestest.com\/fr\/?s={search_term_string}"},"query-input":{"@type":"PropertyValueSpecification","valueRequired":true,"valueName":"search_term_string"}}],"inLanguage":"fr-FR"},{"@type":"Organization","@id":"https:\/\/www.barnestest.com\/fr\/#organization","name":"Barnes International","url":"https:\/\/www.barnestest.com\/fr\/","logo":{"@type":"ImageObject","inLanguage":"fr-FR","@id":"https:\/\/www.barnestest.com\/fr\/#\/schema\/logo\/image\/","url":"https:\/\/www.barnestest.com\/wp-content\/uploads\/barnesinternationallogo_transparent.png","contentUrl":"https:\/\/www.barnestest.com\/wp-content\/uploads\/barnesinternationallogo_transparent.png","width":1712,"height":484,"caption":"Barnes International"},"image":{"@id":"https:\/\/www.barnestest.com\/fr\/#\/schema\/logo\/image\/"},"sameAs":["https:\/\/x.com\/barnes_test","https:\/\/www.linkedin.com\/company\/barnes-international-ltd\/","https:\/\/www.youtube.com\/channel\/UC5_Lit5ykPemqDHnHda0bvw"]}]}},"_links":{"self":[{"href":"https:\/\/www.barnestest.com\/fr\/wp-json\/wp\/v2\/pages\/5715","targetHints":{"allow":["GET"]}}],"collection":[{"href":"https:\/\/www.barnestest.com\/fr\/wp-json\/wp\/v2\/pages"}],"about":[{"href":"https:\/\/www.barnestest.com\/fr\/wp-json\/wp\/v2\/types\/page"}],"author":[{"embeddable":true,"href":"https:\/\/www.barnestest.com\/fr\/wp-json\/wp\/v2\/users\/1"}],"replies":[{"embeddable":true,"href":"https:\/\/www.barnestest.com\/fr\/wp-json\/wp\/v2\/comments?post=5715"}],"version-history":[{"count":0,"href":"https:\/\/www.barnestest.com\/fr\/wp-json\/wp\/v2\/pages\/5715\/revisions"}],"wp:attachment":[{"href":"https:\/\/www.barnestest.com\/fr\/wp-json\/wp\/v2\/media?parent=5715"}],"curies":[{"name":"wp","href":"https:\/\/api.w.org\/{rel}","templated":true}]}}