{"id":7432,"date":"2022-01-25T11:10:20","date_gmt":"2022-01-25T11:10:20","guid":{"rendered":"https:\/\/www.barnestest.com\/sobre-nos\/"},"modified":"2023-05-02T19:47:38","modified_gmt":"2023-05-02T18:47:38","slug":"sobre-nos","status":"publish","type":"page","link":"https:\/\/www.barnestest.com\/pt-pt\/sobre-nos\/","title":{"rendered":"Sobre N\u00f3s"},"content":{"rendered":"<div class=\"wpb-content-wrapper\">[mk_page_section bg_color=&#8221;#b6bada&#8221; padding_top=&#8221;60&#8243; padding_bottom=&#8221;60&#8243; sidebar=&#8221;sidebar-1&#8243;][vc_column width=&#8221;8\/12&#8243;][mk_fancy_title tag_name=&#8221;h1&#8243; color=&#8221;#25334b&#8221; size=&#8221;20&#8243; font_weight=&#8221;bold&#8221; margin_bottom=&#8221;0&#8243; font_family=&#8221;none&#8221; animation=&#8221;left-to-right&#8221;]Sobre n\u00f3s[\/mk_fancy_title][mk_fancy_title color=&#8221;#25334b&#8221; size=&#8221;32&#8243; font_weight=&#8221;400&#8243; margin_bottom=&#8221;0&#8243; font_family=&#8221;none&#8221; animation=&#8221;fade-in&#8221;]A qualidade do seu produto \u00e9 nossa principal prioridade.[\/mk_fancy_title][vc_column_text css=&#8221;.vc_custom_1590592791780{margin-bottom: 0px !important;}&#8221;]<span style=\"font-size: 18px;\">Formada em 1991, o objetivo de nossa empresa \u00e9 atender \u00e0s necessidades do mundo dos <em>smartcards<\/em>. Utilizando nosso conhecimento especializado em cart\u00f5es inteligentes e migra\u00e7\u00e3o para a EMV, somos um fornecedor l\u00edder internacional de equipamentos e software de teste para chip EMV e tarja magn\u00e9tica.<\/span>[\/vc_column_text][\/vc_column][vc_column width=&#8221;1\/12&#8243;][\/vc_column][vc_column width=&#8221;1\/4&#8243;][\/vc_column][\/mk_page_section][mk_page_section bg_image=&#8221;http:\/\/www.barnestest.com\/wp-content\/uploads\/magnetic-tape-and-ticket-manufacturers-bg.jpg&#8221; bg_position=&#8221;center center&#8221; bg_stretch=&#8221;true&#8221; padding_top=&#8221;60&#8243; padding_bottom=&#8221;60&#8243; sidebar=&#8221;sidebar-1&#8243;][vc_column][vc_row_inner][vc_column_inner width=&#8221;8\/12&#8243;][mk_fancy_title color=&#8221;#25334b&#8221; size=&#8221;32&#8243; font_weight=&#8221;400&#8243; margin_bottom=&#8221;0&#8243; font_family=&#8221;none&#8221; animation=&#8221;left-to-right&#8221;]Nossas solu\u00e7\u00f5es[\/mk_fancy_title][vc_column_text css=&#8221;.vc_custom_1585663685043{margin-bottom: 0px !important;}&#8221;]\n<ul>\n<li>Ferramentas de teste e an\u00e1lise de <em>smartcard<\/em>, credenciadas por ISO, EMV, CQM e pelos Esquemas de Pagamento<\/li>\n<li>Solu\u00e7\u00f5es que permitem aos nossos clientes fornecer cart\u00f5es de pagamento, dispositivos e aplicativos m\u00f3veis comprovados e certificados; e tamb\u00e9m ingressos para seus clientes<\/li>\n<li>Usado para o desenvolvimento t\u00e9cnico bem-sucedido, a an\u00e1lise de falhas, a verifica\u00e7\u00e3o de conformidade e a garantia de qualidade de fabrica\u00e7\u00e3o<\/li>\n<li>A Barnes Smart Solutions desenvolve, aprimora e promove o sistema de emiss\u00e3o de cart\u00f5es P3<\/li>\n<\/ul>\n[\/vc_column_text][\/vc_column_inner][vc_column_inner width=&#8221;1\/12&#8243;][\/vc_column_inner][vc_column_inner width=&#8221;1\/4&#8243;][\/vc_column_inner][\/vc_row_inner][\/vc_column][\/mk_page_section][mk_page_section bg_color=&#8221;#9ca5ba&#8221; min_height=&#8221;0&#8243; padding_top=&#8221;60&#8243; padding_bottom=&#8221;60&#8243; sidebar=&#8221;sidebar-1&#8243;][vc_column][mk_fancy_title tag_name=&#8221;h3&#8243; color=&#8221;#ffffff&#8221; size=&#8221;32&#8243; font_weight=&#8221;400&#8243; margin_bottom=&#8221;0&#8243; font_family=&#8221;none&#8221; align=&#8221;center&#8221; animation=&#8221;left-to-right&#8221;]Saiba mais sobre n\u00f3s[\/mk_fancy_title][mk_padding_divider size=&#8221;10&#8243;][vc_row_inner][vc_column_inner width=&#8221;1\/4&#8243; css=&#8221;.vc_custom_1539254199102{padding-top: 30px !important;padding-bottom: 30px !important;}&#8221;][\/vc_column_inner][vc_column_inner width=&#8221;1\/2&#8243; css=&#8221;.vc_custom_1539254205081{padding-top: 30px !important;padding-bottom: 30px !important;}&#8221;][vc_wp_text]<iframe title=\"YouTube video player\" data-src=\"https:\/\/www.youtube.com\/embed\/f5GhcegbvRM\" width=\"560\" height=\"315\" frameborder=\"0\" allowfullscreen=\"allowfullscreen\" src=\"data:image\/svg+xml;base64,PHN2ZyB3aWR0aD0iMSIgaGVpZ2h0PSIxIiB4bWxucz0iaHR0cDovL3d3dy53My5vcmcvMjAwMC9zdmciPjwvc3ZnPg==\" class=\"lazyload\" data-load-mode=\"1\"><\/iframe>[\/vc_wp_text][\/vc_column_inner][vc_column_inner width=&#8221;1\/4&#8243; css=&#8221;.vc_custom_1558524623995{padding-top: 30px !important;padding-bottom: 30px !important;}&#8221;][\/vc_column_inner][\/vc_row_inner][vc_row_inner][vc_column_inner width=&#8221;1\/4&#8243; css=&#8221;.vc_custom_1539254199102{padding-top: 30px !important;padding-bottom: 30px !important;}&#8221;][mk_custom_box padding_vertical=&#8221;&#8221; margin_bottom=&#8221;&#8221;][mk_fancy_title tag_name=&#8221;h5&#8243; color=&#8221;#ffffff&#8221; size=&#8221;20&#8243; line_height=&#8221;73&#8243; font_weight=&#8221;bold&#8221; margin_bottom=&#8221;0&#8243; font_family=&#8221;none&#8221; animation=&#8221;left-to-right&#8221;]Nossos Clientes[\/mk_fancy_title][vc_column_text el_class=&#8221;whitetext o2c-equal-columns-about&#8221; css=&#8221;.vc_custom_1590593559856{margin-bottom: 0px !important;}&#8221;]<span style=\"font-size: 16px;\">Nossos clientes incluem os principais desenvolvedores e fabricantes de cart\u00f5es e ingressos do mundo, mas tamb\u00e9m bur\u00f4s de personaliza\u00e7\u00e3o, bancos, emissores, laborat\u00f3rios de teste e esquemas de pagamento.<\/span>[\/vc_column_text][mk_button dimension=&#8221;flat&#8221; corner_style=&#8221;full_rounded&#8221; url=&#8221;\/pt-pt\/sobre-nos\/nossos-clientes\/&#8221; margin_bottom=&#8221;0&#8243; margin_right=&#8221;0&#8243; animation=&#8221;left-to-right&#8221; el_class=&#8221;o2c-periwinkle-button&#8221; bg_color=&#8221;#ffffff&#8221; btn_hover_bg=&#8221;#eaedf1&#8243; text_color=&#8221;dark&#8221; btn_hover_txt_color=&#8221;#666666&#8243;]Saiba mais[\/mk_button][\/mk_custom_box][\/vc_column_inner][vc_column_inner width=&#8221;1\/4&#8243; css=&#8221;.vc_custom_1539254205081{padding-top: 30px !important;padding-bottom: 30px !important;}&#8221;][mk_custom_box padding_vertical=&#8221;0&#8243; margin_bottom=&#8221;0&#8243;][mk_fancy_title tag_name=&#8221;h5&#8243; color=&#8221;#ffffff&#8221; size=&#8221;20&#8243; line_height=&#8221;73&#8243; font_weight=&#8221;bold&#8221; margin_bottom=&#8221;0&#8243; font_family=&#8221;none&#8221; animation=&#8221;left-to-right&#8221;]Nossos Parceiros[\/mk_fancy_title][vc_column_text el_class=&#8221;whitetext o2c-equal-columns-about&#8221; css=&#8221;.vc_custom_1590593468461{margin-bottom: 0px !important;}&#8221;]\n<p style=\"text-align: left;\"><span style=\"font-size: 16px;\">Com estreitas rela\u00e7\u00f5es de trabalho com os esquemas de pagamento e as empresas do setor de cart\u00f5es, oferecemos aos clientes um excelente servi\u00e7o.<\/span><\/p>\n[\/vc_column_text][mk_button dimension=&#8221;flat&#8221; corner_style=&#8221;full_rounded&#8221; url=&#8221;\/pt-pt\/sobre-nos\/nossos-parceiros\/&#8221; margin_bottom=&#8221;0&#8243; margin_right=&#8221;0&#8243; animation=&#8221;left-to-right&#8221; el_class=&#8221;o2c-periwinkle-button&#8221; bg_color=&#8221;#ffffff&#8221; btn_hover_bg=&#8221;#eaedf1&#8243; text_color=&#8221;dark&#8221; btn_hover_txt_color=&#8221;#666666&#8243;]Nossos parceiros[\/mk_button][\/mk_custom_box][\/vc_column_inner][vc_column_inner width=&#8221;1\/4&#8243; css=&#8221;.vc_custom_1558524623995{padding-top: 30px !important;padding-bottom: 30px !important;}&#8221;][mk_custom_box padding_vertical=&#8221;0&#8243; margin_bottom=&#8221;0&#8243;][mk_fancy_title tag_name=&#8221;h5&#8243; color=&#8221;#ffffff&#8221; size=&#8221;20&#8243; line_height=&#8221;73&#8243; font_weight=&#8221;bold&#8221; margin_bottom=&#8221;0&#8243; font_family=&#8221;none&#8221; animation=&#8221;left-to-right&#8221;]Eventos[\/mk_fancy_title][vc_column_text el_class=&#8221;whitetext o2c-equal-columns-about&#8221; css=&#8221;.vc_custom_1539180324218{margin-bottom: 0px !important;}&#8221;]<span style=\"font-size: 16px;\">Ao longo do ano, participamos em eventos no mundo inteiro, compartilhando ideias e conselhos sobre testes eficazes de chip e de tarja magn\u00e9tica e muito mais.<\/span>[\/vc_column_text][mk_button dimension=&#8221;flat&#8221; corner_style=&#8221;full_rounded&#8221; url=&#8221;\/pt-pt\/sobre-nos\/eventos\/&#8221; margin_bottom=&#8221;0&#8243; margin_right=&#8221;0&#8243; animation=&#8221;left-to-right&#8221; el_class=&#8221;o2c-periwinkle-button&#8221; bg_color=&#8221;#ffffff&#8221; btn_hover_bg=&#8221;#eaedf1&#8243; text_color=&#8221;dark&#8221; btn_hover_txt_color=&#8221;#666666&#8243;]Pr\u00f3ximos eventos[\/mk_button][\/mk_custom_box][\/vc_column_inner][vc_column_inner width=&#8221;1\/4&#8243; css=&#8221;.vc_custom_1539254211267{padding-top: 30px !important;padding-bottom: 30px !important;}&#8221;][mk_custom_box padding_vertical=&#8221;0&#8243; margin_bottom=&#8221;0&#8243;][mk_fancy_title tag_name=&#8221;h5&#8243; color=&#8221;#ffffff&#8221; size=&#8221;20&#8243; line_height=&#8221;73&#8243; font_weight=&#8221;bold&#8221; margin_bottom=&#8221;0&#8243; font_family=&#8221;none&#8221; animation=&#8221;left-to-right&#8221;]Testemunhos[\/mk_fancy_title][vc_column_text el_class=&#8221;whitetext o2c-equal-columns-about&#8221; css=&#8221;.vc_custom_1539180317240{margin-bottom: 0px !important;}&#8221;]<span style=\"font-size: 16px;\">Com clientes e parceiros em diversos setores, garantimos que todos recebam o mesmo padr\u00e3o de servi\u00e7o durante seu tempo conosco.<\/span>[\/vc_column_text][mk_button dimension=&#8221;flat&#8221; corner_style=&#8221;full_rounded&#8221; url=&#8221;\/pt-pt\/sobre-nos\/testemunhos\/&#8221; margin_bottom=&#8221;0&#8243; margin_right=&#8221;0&#8243; animation=&#8221;left-to-right&#8221; el_class=&#8221;o2c-periwinkle-button&#8221; bg_color=&#8221;#ffffff&#8221; btn_hover_bg=&#8221;#eaedf1&#8243; text_color=&#8221;dark&#8221; btn_hover_txt_color=&#8221;#666666&#8243;]Saiba<br \/>\nmais[\/mk_button][\/mk_custom_box][\/vc_column_inner][\/vc_row_inner][\/vc_column][\/mk_page_section][mk_page_section bg_color=&#8221;#0098db&#8221; el_class=&#8221;o2c-white-contact&#8221; sidebar=&#8221;sidebar-1&#8243;][vc_column width=&#8221;1\/12&#8243;][\/vc_column][vc_column width=&#8221;10\/12&#8243;][mk_padding_divider size=&#8221;65&#8243;][mk_fancy_title color=&#8221;#ffffff&#8221; size=&#8221;32&#8243; font_weight=&#8221;400&#8243; margin_bottom=&#8221;0&#8243; font_family=&#8221;none&#8221; align=&#8221;center&#8221; animation=&#8221;fade-in&#8221;]Quer saber mais?[\/mk_fancy_title][mk_padding_divider size=&#8221;30&#8243;]\n<div class=\"wpcf7 no-js\" id=\"wpcf7-f7435-o1\" lang=\"en-US\" dir=\"ltr\" data-wpcf7-id=\"7435\">\n<div class=\"screen-reader-response\"><p role=\"status\" aria-live=\"polite\" aria-atomic=\"true\"><\/p> <ul><\/ul><\/div>\n<form action=\"\/pt-pt\/wp-json\/wp\/v2\/pages\/7432#wpcf7-f7435-o1\" method=\"post\" class=\"wpcf7-form init\" aria-label=\"Contact form\" novalidate=\"novalidate\" data-status=\"init\">\n<fieldset class=\"hidden-fields-container\"><input type=\"hidden\" name=\"_wpcf7\" value=\"7435\" \/><input type=\"hidden\" name=\"_wpcf7_version\" value=\"6.1.5\" \/><input type=\"hidden\" name=\"_wpcf7_locale\" value=\"en_US\" \/><input type=\"hidden\" name=\"_wpcf7_unit_tag\" value=\"wpcf7-f7435-o1\" \/><input type=\"hidden\" name=\"_wpcf7_container_post\" value=\"0\" \/><input type=\"hidden\" name=\"_wpcf7_posted_data_hash\" value=\"\" \/><input type=\"hidden\" name=\"_wpcf7_recaptcha_response\" value=\"\" \/>\n<\/fieldset>\n<div class=\"o2c-fullwidth\">\n\t<div class=\"o2c-break1\">\n\t\t<p><span class=\"wpcf7-form-control-wrap\" data-name=\"full-name\"><input size=\"40\" maxlength=\"400\" class=\"wpcf7-form-control wpcf7-text wpcf7-validates-as-required o2c-text-field\" aria-required=\"true\" aria-invalid=\"false\" placeholder=\"Nome Completo\" value=\"\" type=\"text\" name=\"full-name\" \/><\/span><br \/>\n<span class=\"wpcf7-form-control-wrap\" data-name=\"company-name\"><input size=\"40\" maxlength=\"400\" class=\"wpcf7-form-control wpcf7-text wpcf7-validates-as-required o2c-text-field\" aria-required=\"true\" aria-invalid=\"false\" placeholder=\"Empresa\" value=\"\" type=\"text\" name=\"company-name\" \/><\/span><br \/>\n<span class=\"wpcf7-form-control-wrap\" data-name=\"customer-email\"><input size=\"40\" maxlength=\"400\" class=\"wpcf7-form-control wpcf7-email wpcf7-validates-as-required wpcf7-text wpcf7-validates-as-email o2c-email-field\" aria-required=\"true\" aria-invalid=\"false\" placeholder=\"E-mail\" value=\"\" type=\"email\" name=\"customer-email\" \/><\/span><br \/>\n<span class=\"wpcf7-form-control-wrap\" data-name=\"customer-telephone\"><input size=\"40\" maxlength=\"400\" class=\"wpcf7-form-control wpcf7-tel wpcf7-text wpcf7-validates-as-tel o2c-text-field\" aria-invalid=\"false\" placeholder=\"Telefone\" value=\"\" type=\"tel\" name=\"customer-telephone\" \/><\/span><br \/>\n\t\t<span class=\"wpcf7-form-control-wrap recaptcha\" data-name=\"recaptcha\"><span data-sitekey=\"6LfV16QUAAAAAAoDHi55y8SiR8vm8sVeBlZMDHpb\" class=\"wpcf7-form-control wpcf7-recaptcha g-recaptcha\"><\/span>\r\n<noscript>\r\n\t<div class=\"grecaptcha-noscript\">\r\n\t\t<iframe src=\"https:\/\/www.google.com\/recaptcha\/api\/fallback?k=6LfV16QUAAAAAAoDHi55y8SiR8vm8sVeBlZMDHpb\" frameborder=\"0\" scrolling=\"no\" width=\"310\" height=\"430\">\r\n\t\t<\/iframe>\r\n\t\t<textarea name=\"g-recaptcha-response\" rows=\"3\" cols=\"40\" placeholder=\"reCaptcha Response Here\">\r\n\t\t<\/textarea>\r\n\t<\/div>\r\n<\/noscript>\r\n<\/span>\n\t\t<\/p>\n\t<\/div>\n\t<div class=\"o2c-break2\">\n\t\t<p><span class=\"wpcf7-form-control-wrap\" data-name=\"customer-query\"><textarea cols=\"40\" rows=\"10\" maxlength=\"2000\" class=\"wpcf7-form-control wpcf7-textarea o2c-text-area\" aria-invalid=\"false\" placeholder=\"Mensagem\" name=\"customer-query\"><\/textarea><\/span>\n\t\t<\/p>\n\t\t<div class=\"o2c-subscribe\">\n\t\t\t<p><span class=\"wpcf7-form-control-wrap\" data-name=\"checkbox-21\"><span class=\"wpcf7-form-control wpcf7-checkbox\"><span class=\"wpcf7-list-item first last\"><input type=\"checkbox\" name=\"checkbox-21[]\" value=\"Inscreva-se e receba nossas atualiza\u00e7\u00f5es de produto\" \/><span class=\"wpcf7-list-item-label\">Inscreva-se e receba nossas atualiza\u00e7\u00f5es de produto<\/span><\/span><\/span><\/span><br \/>\n<input class=\"wpcf7-form-control wpcf7-submit has-spinner o2c-submit\" type=\"submit\" value=\"Enviar\" \/>\n\t\t\t<\/p>\n\t\t<\/div>\n\t<\/div>\n<\/div>\n<div class=\"gdpr-text-contact\">\n\t<p>Este formul\u00e1rio coleta seu nome, e-mail e n\u00famero de telefone para que possamos manter contato com voc\u00ea em rela\u00e7\u00e3o \u00e0 sua consulta. Nossa <a href=\"\/privacy-policy\/\">Pol\u00edtica de Privacidade<\/a> fornecer\u00e1 mais informa\u00e7\u00f5es sobre como esses dados s\u00e3o protegidos e gerenciados.\n\t<\/p>\n\t<div class=\"gpdr-tick-box-contact\">\n\t\t<p><span class=\"wpcf7-form-control-wrap\" data-name=\"GDPR\"><span class=\"wpcf7-form-control wpcf7-checkbox wpcf7-validates-as-required\"><span class=\"wpcf7-list-item first last\"><input type=\"checkbox\" name=\"GDPR[]\" value=\"Autorizo que a Barnes International recolha os meus dados.\" \/><span class=\"wpcf7-list-item-label\">Autorizo que a Barnes International recolha os meus dados.<\/span><\/span><\/span><\/span>\n\t\t<\/p>\n\t<\/div>\n<\/div><div class=\"wpcf7-response-output\" aria-hidden=\"true\"><\/div>\n<\/form>\n<\/div>\n[mk_padding_divider size=&#8221;65&#8243;][\/vc_column][vc_column width=&#8221;1\/12&#8243;][\/vc_column][\/mk_page_section]\n<\/div>","protected":false},"excerpt":{"rendered":"<p>[mk_page_section bg_color=&#8221;#b6bada&#8221; padding_top=&#8221;60&#8243; padding_bottom=&#8221;60&#8243; sidebar=&#8221;sidebar-1&#8243;][vc_column width=&#8221;8\/12&#8243;][mk_fancy_title tag_name=&#8221;h1&#8243; color=&#8221;#25334b&#8221; size=&#8221;20&#8243; font_weight=&#8221;bold&#8221; margin_bottom=&#8221;0&#8243; font_family=&#8221;none&#8221; animation=&#8221;left-to-right&#8221;]Sobre n\u00f3s[\/mk_fancy_title][mk_fancy_title color=&#8221;#25334b&#8221; size=&#8221;32&#8243; font_weight=&#8221;400&#8243; margin_bottom=&#8221;0&#8243; font_family=&#8221;none&#8221; animation=&#8221;fade-in&#8221;]A qualidade do seu produto \u00e9 nossa principal prioridade.[\/mk_fancy_title][vc_column_text css=&#8221;.vc_custom_1590592791780{margin-bottom: 0px !important;}&#8221;]Formada em 1991, o objetivo de nossa empresa \u00e9 atender \u00e0s necessidades do mundo dos smartcards. Utilizando nosso conhecimento especializado em cart\u00f5es inteligentes e migra\u00e7\u00e3o [&hellip;]<\/p>\n","protected":false},"author":1,"featured_media":0,"parent":0,"menu_order":0,"comment_status":"closed","ping_status":"closed","template":"","meta":{"footnotes":""},"class_list":["post-7432","page","type-page","status-publish","hentry"],"yoast_head":"<!-- This site is optimized with the Yoast SEO plugin v27.3 - https:\/\/yoast.com\/product\/yoast-seo-wordpress\/ -->\n<title>Sobre N\u00f3s | Barnes International Limited<\/title>\n<meta name=\"description\" content=\"Saiba mais sobre a Barnes International Limited aqui, incluindo com quem trabalhamos, nossos parceiros e por que institui\u00e7\u00f5es financeiras e fabricantes de cart\u00f5es do mundo inteiro confiam em nossas solu\u00e7\u00f5es de teste de chip e de tarja magn\u00e9tica.\" \/>\n<meta name=\"robots\" content=\"index, follow, max-snippet:-1, max-image-preview:large, max-video-preview:-1\" \/>\n<link rel=\"canonical\" href=\"https:\/\/www.barnestest.com\/pt-pt\/sobre-nos\/\" \/>\n<meta property=\"og:locale\" content=\"pt_PT\" \/>\n<meta property=\"og:type\" content=\"article\" \/>\n<meta property=\"og:title\" content=\"Sobre N\u00f3s | Barnes International Limited\" \/>\n<meta property=\"og:description\" content=\"Saiba mais sobre a Barnes International Limited aqui, incluindo com quem trabalhamos, nossos parceiros e por que institui\u00e7\u00f5es financeiras e fabricantes de cart\u00f5es do mundo inteiro confiam em nossas solu\u00e7\u00f5es de teste de chip e de tarja magn\u00e9tica.\" \/>\n<meta property=\"og:url\" content=\"https:\/\/www.barnestest.com\/pt-pt\/sobre-nos\/\" \/>\n<meta property=\"og:site_name\" content=\"Barnes International\" \/>\n<meta property=\"article:modified_time\" content=\"2023-05-02T18:47:38+00:00\" \/>\n<meta property=\"og:image\" content=\"https:\/\/www.barnestest.com\/wp-content\/uploads\/barnes-logo.png\" \/>\n\t<meta property=\"og:image:width\" content=\"183\" \/>\n\t<meta property=\"og:image:height\" content=\"43\" \/>\n\t<meta property=\"og:image:type\" content=\"image\/png\" \/>\n<meta name=\"twitter:card\" content=\"summary_large_image\" \/>\n<meta name=\"twitter:site\" content=\"@barnes_test\" \/>\n<meta name=\"twitter:label1\" content=\"Tempo estimado de leitura\" \/>\n\t<meta name=\"twitter:data1\" content=\"3 minutos\" \/>\n<script type=\"application\/ld+json\" class=\"yoast-schema-graph\">{\"@context\":\"https:\\\/\\\/schema.org\",\"@graph\":[{\"@type\":\"WebPage\",\"@id\":\"https:\\\/\\\/www.barnestest.com\\\/pt-pt\\\/sobre-nos\\\/\",\"url\":\"https:\\\/\\\/www.barnestest.com\\\/pt-pt\\\/sobre-nos\\\/\",\"name\":\"Sobre N\u00f3s | Barnes International Limited\",\"isPartOf\":{\"@id\":\"https:\\\/\\\/www.barnestest.com\\\/pt-pt\\\/#website\"},\"datePublished\":\"2022-01-25T11:10:20+00:00\",\"dateModified\":\"2023-05-02T18:47:38+00:00\",\"description\":\"Saiba mais sobre a Barnes International Limited aqui, incluindo com quem trabalhamos, nossos parceiros e por que institui\u00e7\u00f5es financeiras e fabricantes de cart\u00f5es do mundo inteiro confiam em nossas solu\u00e7\u00f5es de teste de chip e de tarja magn\u00e9tica.\",\"breadcrumb\":{\"@id\":\"https:\\\/\\\/www.barnestest.com\\\/pt-pt\\\/sobre-nos\\\/#breadcrumb\"},\"inLanguage\":\"pt-PT\",\"potentialAction\":[{\"@type\":\"ReadAction\",\"target\":[\"https:\\\/\\\/www.barnestest.com\\\/pt-pt\\\/sobre-nos\\\/\"]}]},{\"@type\":\"BreadcrumbList\",\"@id\":\"https:\\\/\\\/www.barnestest.com\\\/pt-pt\\\/sobre-nos\\\/#breadcrumb\",\"itemListElement\":[{\"@type\":\"ListItem\",\"position\":1,\"name\":\"Home\",\"item\":\"https:\\\/\\\/www.barnestest.com\\\/pt-pt\\\/\"},{\"@type\":\"ListItem\",\"position\":2,\"name\":\"Sobre N\u00f3s\"}]},{\"@type\":\"WebSite\",\"@id\":\"https:\\\/\\\/www.barnestest.com\\\/pt-pt\\\/#website\",\"url\":\"https:\\\/\\\/www.barnestest.com\\\/pt-pt\\\/\",\"name\":\"Barnes International\",\"description\":\"a leading provider of magnetic stripe and EMV test tools, training and consulting\",\"publisher\":{\"@id\":\"https:\\\/\\\/www.barnestest.com\\\/pt-pt\\\/#organization\"},\"potentialAction\":[{\"@type\":\"SearchAction\",\"target\":{\"@type\":\"EntryPoint\",\"urlTemplate\":\"https:\\\/\\\/www.barnestest.com\\\/pt-pt\\\/?s={search_term_string}\"},\"query-input\":{\"@type\":\"PropertyValueSpecification\",\"valueRequired\":true,\"valueName\":\"search_term_string\"}}],\"inLanguage\":\"pt-PT\"},{\"@type\":\"Organization\",\"@id\":\"https:\\\/\\\/www.barnestest.com\\\/pt-pt\\\/#organization\",\"name\":\"Barnes International\",\"url\":\"https:\\\/\\\/www.barnestest.com\\\/pt-pt\\\/\",\"logo\":{\"@type\":\"ImageObject\",\"inLanguage\":\"pt-PT\",\"@id\":\"https:\\\/\\\/www.barnestest.com\\\/pt-pt\\\/#\\\/schema\\\/logo\\\/image\\\/\",\"url\":\"https:\\\/\\\/www.barnestest.com\\\/wp-content\\\/uploads\\\/barnesinternationallogo_transparent.png\",\"contentUrl\":\"https:\\\/\\\/www.barnestest.com\\\/wp-content\\\/uploads\\\/barnesinternationallogo_transparent.png\",\"width\":1712,\"height\":484,\"caption\":\"Barnes International\"},\"image\":{\"@id\":\"https:\\\/\\\/www.barnestest.com\\\/pt-pt\\\/#\\\/schema\\\/logo\\\/image\\\/\"},\"sameAs\":[\"https:\\\/\\\/x.com\\\/barnes_test\",\"https:\\\/\\\/www.linkedin.com\\\/company\\\/barnes-international-ltd\\\/\",\"https:\\\/\\\/www.youtube.com\\\/channel\\\/UC5_Lit5ykPemqDHnHda0bvw\"]}]}<\/script>\n<!-- \/ Yoast SEO plugin. -->","yoast_head_json":{"title":"Sobre N\u00f3s | Barnes International Limited","description":"Saiba mais sobre a Barnes International Limited aqui, incluindo com quem trabalhamos, nossos parceiros e por que institui\u00e7\u00f5es financeiras e fabricantes de cart\u00f5es do mundo inteiro confiam em nossas solu\u00e7\u00f5es de teste de chip e de tarja magn\u00e9tica.","robots":{"index":"index","follow":"follow","max-snippet":"max-snippet:-1","max-image-preview":"max-image-preview:large","max-video-preview":"max-video-preview:-1"},"canonical":"https:\/\/www.barnestest.com\/pt-pt\/sobre-nos\/","og_locale":"pt_PT","og_type":"article","og_title":"Sobre N\u00f3s | Barnes International Limited","og_description":"Saiba mais sobre a Barnes International Limited aqui, incluindo com quem trabalhamos, nossos parceiros e por que institui\u00e7\u00f5es financeiras e fabricantes de cart\u00f5es do mundo inteiro confiam em nossas solu\u00e7\u00f5es de teste de chip e de tarja magn\u00e9tica.","og_url":"https:\/\/www.barnestest.com\/pt-pt\/sobre-nos\/","og_site_name":"Barnes International","article_modified_time":"2023-05-02T18:47:38+00:00","og_image":[{"width":183,"height":43,"url":"https:\/\/www.barnestest.com\/wp-content\/uploads\/barnes-logo.png","type":"image\/png"}],"twitter_card":"summary_large_image","twitter_site":"@barnes_test","twitter_misc":{"Tempo estimado de leitura":"3 minutos"},"schema":{"@context":"https:\/\/schema.org","@graph":[{"@type":"WebPage","@id":"https:\/\/www.barnestest.com\/pt-pt\/sobre-nos\/","url":"https:\/\/www.barnestest.com\/pt-pt\/sobre-nos\/","name":"Sobre N\u00f3s | Barnes International Limited","isPartOf":{"@id":"https:\/\/www.barnestest.com\/pt-pt\/#website"},"datePublished":"2022-01-25T11:10:20+00:00","dateModified":"2023-05-02T18:47:38+00:00","description":"Saiba mais sobre a Barnes International Limited aqui, incluindo com quem trabalhamos, nossos parceiros e por que institui\u00e7\u00f5es financeiras e fabricantes de cart\u00f5es do mundo inteiro confiam em nossas solu\u00e7\u00f5es de teste de chip e de tarja magn\u00e9tica.","breadcrumb":{"@id":"https:\/\/www.barnestest.com\/pt-pt\/sobre-nos\/#breadcrumb"},"inLanguage":"pt-PT","potentialAction":[{"@type":"ReadAction","target":["https:\/\/www.barnestest.com\/pt-pt\/sobre-nos\/"]}]},{"@type":"BreadcrumbList","@id":"https:\/\/www.barnestest.com\/pt-pt\/sobre-nos\/#breadcrumb","itemListElement":[{"@type":"ListItem","position":1,"name":"Home","item":"https:\/\/www.barnestest.com\/pt-pt\/"},{"@type":"ListItem","position":2,"name":"Sobre N\u00f3s"}]},{"@type":"WebSite","@id":"https:\/\/www.barnestest.com\/pt-pt\/#website","url":"https:\/\/www.barnestest.com\/pt-pt\/","name":"Barnes International","description":"a leading provider of magnetic stripe and EMV test tools, training and consulting","publisher":{"@id":"https:\/\/www.barnestest.com\/pt-pt\/#organization"},"potentialAction":[{"@type":"SearchAction","target":{"@type":"EntryPoint","urlTemplate":"https:\/\/www.barnestest.com\/pt-pt\/?s={search_term_string}"},"query-input":{"@type":"PropertyValueSpecification","valueRequired":true,"valueName":"search_term_string"}}],"inLanguage":"pt-PT"},{"@type":"Organization","@id":"https:\/\/www.barnestest.com\/pt-pt\/#organization","name":"Barnes International","url":"https:\/\/www.barnestest.com\/pt-pt\/","logo":{"@type":"ImageObject","inLanguage":"pt-PT","@id":"https:\/\/www.barnestest.com\/pt-pt\/#\/schema\/logo\/image\/","url":"https:\/\/www.barnestest.com\/wp-content\/uploads\/barnesinternationallogo_transparent.png","contentUrl":"https:\/\/www.barnestest.com\/wp-content\/uploads\/barnesinternationallogo_transparent.png","width":1712,"height":484,"caption":"Barnes International"},"image":{"@id":"https:\/\/www.barnestest.com\/pt-pt\/#\/schema\/logo\/image\/"},"sameAs":["https:\/\/x.com\/barnes_test","https:\/\/www.linkedin.com\/company\/barnes-international-ltd\/","https:\/\/www.youtube.com\/channel\/UC5_Lit5ykPemqDHnHda0bvw"]}]}},"_links":{"self":[{"href":"https:\/\/www.barnestest.com\/pt-pt\/wp-json\/wp\/v2\/pages\/7432","targetHints":{"allow":["GET"]}}],"collection":[{"href":"https:\/\/www.barnestest.com\/pt-pt\/wp-json\/wp\/v2\/pages"}],"about":[{"href":"https:\/\/www.barnestest.com\/pt-pt\/wp-json\/wp\/v2\/types\/page"}],"author":[{"embeddable":true,"href":"https:\/\/www.barnestest.com\/pt-pt\/wp-json\/wp\/v2\/users\/1"}],"replies":[{"embeddable":true,"href":"https:\/\/www.barnestest.com\/pt-pt\/wp-json\/wp\/v2\/comments?post=7432"}],"version-history":[{"count":0,"href":"https:\/\/www.barnestest.com\/pt-pt\/wp-json\/wp\/v2\/pages\/7432\/revisions"}],"wp:attachment":[{"href":"https:\/\/www.barnestest.com\/pt-pt\/wp-json\/wp\/v2\/media?parent=7432"}],"curies":[{"name":"wp","href":"https:\/\/api.w.org\/{rel}","templated":true}]}}