{"id":7439,"date":"2022-01-25T11:30:19","date_gmt":"2022-01-25T11:30:19","guid":{"rendered":"https:\/\/www.barnestest.com\/sobre-nos\/eventos\/"},"modified":"2025-12-17T12:09:17","modified_gmt":"2025-12-17T12:09:17","slug":"eventos","status":"publish","type":"page","link":"https:\/\/www.barnestest.com\/pt-pt\/sobre-nos\/eventos\/","title":{"rendered":"Eventos"},"content":{"rendered":"[mk_page_section bg_image=&#8221;http:\/\/www.barnestest.com\/wp-content\/uploads\/chip-tool-training-bg.jpg&#8221; bg_position=&#8221;right top&#8221; bg_repeat=&#8221;no-repeat&#8221; bg_stretch=&#8221;true&#8221; padding_top=&#8221;60&#8243; padding_bottom=&#8221;60&#8243; sidebar=&#8221;sidebar-1&#8243;][vc_column width=&#8221;8\/12&#8243;][mk_fancy_title tag_name=&#8221;h1&#8243; color=&#8221;#25334b&#8221; size=&#8221;20&#8243; font_weight=&#8221;bold&#8221; margin_bottom=&#8221;0&#8243; font_family=&#8221;none&#8221; animation=&#8221;left-to-right&#8221;]Eventos[\/mk_fancy_title][mk_fancy_title color=&#8221;#25334b&#8221; size=&#8221;32&#8243; font_weight=&#8221;400&#8243; margin_bottom=&#8221;0&#8243; font_family=&#8221;none&#8221; animation=&#8221;fade-in&#8221;]Encontre-se conosco nas principais confer\u00eancias do setor[\/mk_fancy_title][vc_column_text css=&#8221;.vc_custom_1717003421778{margin-bottom: 0px !important;}&#8221;]<span style=\"font-size: 18px;\">We regularly attend, speak and exhibit at major industry events around the world. <\/span><\/p>\n<p><span style=\"font-size: 18px;\">To discuss your test tool requirements or book a demonstration at any of the events below, visit us or arrange an appointment by emailing <a href=\"mailto:marketing@barnestest.com\"><span style=\"text-decoration: underline;\">sales@barnestest.com<\/span><\/a><\/span>[\/vc_column_text][\/vc_column][vc_column width=&#8221;1\/12&#8243;][\/vc_column][vc_column width=&#8221;1\/4&#8243;][\/vc_column][\/mk_page_section][mk_page_section bg_color=&#8221;#9ca5b9&#8243; bg_position=&#8221;left center&#8221; padding_top=&#8221;60&#8243; padding_bottom=&#8221;60&#8243; sidebar=&#8221;sidebar-1&#8243;][vc_column][vc_column_text el_class=&#8221;whitetext&#8221; css=&#8221;.vc_custom_1762355712901{margin-bottom: 0px !important;}&#8221;]\n<p style=\"text-align: center;\"><span style=\"font-size: 14pt;\"><a href=\"https:\/\/www.trustech-event.com\/\">Trustech, Paris, France<\/a><\/span><br \/>\n02 &#8211; 04 December 2025<\/p>\n<p style=\"text-align: center;\"><span style=\"font-size: 14pt;\">Come and see us on Stand C 015<\/span><\/p>\n<p>&nbsp;<\/p>\n<p style=\"text-align: center;\"><a href=\"https:\/\/www.stasummit.com\/\"><span style=\"font-size: 14pt;\">Identity &amp; Payments Summit, Houston<\/span><\/a><\/p>\n<p style=\"text-align: center;\">02 &#8211; 04 March 2026<\/p>\n<p>&nbsp;<\/p>\n<p style=\"text-align: center;\"><a href=\"https:\/\/icma.com\/icma-expo\/attend\"><span style=\"font-size: 14pt;\">ICMA Expo, Orlando<\/span><\/a><\/p>\n<p style=\"text-align: center;\">19 &#8211; 22 April 2026<\/p>\n<p>&nbsp;<\/p>\n<p style=\"text-align: center;\"><a href=\"https:\/\/www.terrapinn.com\/exhibition\/seamless-middle-east-fintech\/index.stm\"><span style=\"font-size: 14pt;\">Seamless Fintech M.E. 2026 Dubai<\/span><\/a><\/p>\n<p style=\"text-align: center;\">12 &#8211; 14 May 2026<\/p>\n[\/vc_column_text][\/vc_column][\/mk_page_section][mk_page_section bg_position=&#8221;center center&#8221; bg_stretch=&#8221;true&#8221; padding_top=&#8221;60&#8243; padding_bottom=&#8221;40&#8243; sidebar=&#8221;sidebar-1&#8243;][vc_column width=&#8221;1\/6&#8243;][\/vc_column][vc_column width=&#8221;2\/3&#8243;][mk_fancy_title color=&#8221;#25334b&#8221; size=&#8221;32&#8243; font_weight=&#8221;400&#8243; margin_bottom=&#8221;0&#8243; font_family=&#8221;none&#8221; align=&#8221;center&#8221; animation=&#8221;fade-in&#8221;]\n<p style=\"text-align: center;\">Attend our EMV Training Courses<\/p>\n[\/mk_fancy_title][vc_column_text css=&#8221;.vc_custom_1716998809369{margin-bottom: 0px !important;}&#8221;]\n<p style=\"text-align: center;\">We frequently deliver EMV and other training courses in multiple different regions. Click through the scheduled courses below to find out more details and a training outline.<\/p>\n<p style=\"text-align: center;\">Early bird and group booking discounts are available, <a href=\"sales@barnestest.com\">contact us now<\/a> to book your place.<\/p>\n[\/vc_column_text][vc_column_text css=&#8221;.vc_custom_1761815053576{margin-bottom: 0px !important;}&#8221;]\n<div style=\"text-align: center;\"><span style=\"font-size: 14pt;\"><b>EMV Training ~ Miami, Florida<\/b><\/span><b><br \/>\n<\/b><span style=\"font-size: 14pt;\"><b>23 &#8211; 26 March 2026<\/b><\/span><\/div>\n[\/vc_column_text][\/vc_column][vc_column width=&#8221;1\/6&#8243;][\/vc_column][\/mk_page_section][mk_page_section bg_color=&#8221;#0098db&#8221; el_class=&#8221;o2c-white-contact&#8221; sidebar=&#8221;sidebar-1&#8243;][vc_column width=&#8221;1\/12&#8243;][\/vc_column][vc_column width=&#8221;10\/12&#8243;][mk_padding_divider size=&#8221;65&#8243;][mk_fancy_title color=&#8221;#ffffff&#8221; size=&#8221;32&#8243; font_weight=&#8221;400&#8243; margin_bottom=&#8221;0&#8243; font_family=&#8221;none&#8221; align=&#8221;center&#8221; animation=&#8221;fade-in&#8221;]Quer saber mais?[\/mk_fancy_title][mk_padding_divider size=&#8221;30&#8243;]\n<div class=\"wpcf7 no-js\" id=\"wpcf7-f141-o1\" lang=\"en-US\" dir=\"ltr\" data-wpcf7-id=\"141\">\n<div class=\"screen-reader-response\"><p role=\"status\" aria-live=\"polite\" aria-atomic=\"true\"><\/p> <ul><\/ul><\/div>\n<form action=\"\/pt-pt\/wp-json\/wp\/v2\/pages\/7439#wpcf7-f141-o1\" method=\"post\" class=\"wpcf7-form init\" aria-label=\"Contact form\" novalidate=\"novalidate\" data-status=\"init\">\n<fieldset class=\"hidden-fields-container\"><input type=\"hidden\" name=\"_wpcf7\" value=\"141\" \/><input type=\"hidden\" name=\"_wpcf7_version\" value=\"6.1.5\" \/><input type=\"hidden\" name=\"_wpcf7_locale\" value=\"en_US\" \/><input type=\"hidden\" name=\"_wpcf7_unit_tag\" value=\"wpcf7-f141-o1\" \/><input type=\"hidden\" name=\"_wpcf7_container_post\" value=\"0\" \/><input type=\"hidden\" name=\"_wpcf7_posted_data_hash\" value=\"\" \/><input type=\"hidden\" name=\"_wpcf7_recaptcha_response\" value=\"\" \/>\n<\/fieldset>\n<div class=\"o2c-fullwidth\">\n\t<div class=\"o2c-break1\">\n\t\t<p><span class=\"wpcf7-form-control-wrap\" data-name=\"full-name\"><input size=\"40\" maxlength=\"400\" class=\"wpcf7-form-control wpcf7-text wpcf7-validates-as-required o2c-text-field\" aria-required=\"true\" aria-invalid=\"false\" placeholder=\"Full Name\" value=\"\" type=\"text\" name=\"full-name\" \/><\/span><br \/>\n<span class=\"wpcf7-form-control-wrap\" data-name=\"company-name\"><input size=\"40\" maxlength=\"400\" class=\"wpcf7-form-control wpcf7-text wpcf7-validates-as-required o2c-text-field\" aria-required=\"true\" aria-invalid=\"false\" placeholder=\"Company\" value=\"\" type=\"text\" name=\"company-name\" \/><\/span><br \/>\n<span class=\"wpcf7-form-control-wrap\" data-name=\"customer-email\"><input size=\"40\" maxlength=\"400\" class=\"wpcf7-form-control wpcf7-email wpcf7-validates-as-required wpcf7-text wpcf7-validates-as-email o2c-email-field\" aria-required=\"true\" aria-invalid=\"false\" placeholder=\"Email\" value=\"\" type=\"email\" name=\"customer-email\" \/><\/span><br \/>\n<span class=\"wpcf7-form-control-wrap\" data-name=\"customer-telephone\"><input size=\"40\" maxlength=\"400\" class=\"wpcf7-form-control wpcf7-tel wpcf7-text wpcf7-validates-as-tel o2c-text-field\" aria-invalid=\"false\" placeholder=\"Telephone\" value=\"\" type=\"tel\" name=\"customer-telephone\" \/><\/span><br \/>\n\t\t<span class=\"wpcf7-form-control-wrap recaptcha\" data-name=\"recaptcha\"><span data-sitekey=\"6LfV16QUAAAAAAoDHi55y8SiR8vm8sVeBlZMDHpb\" class=\"wpcf7-form-control wpcf7-recaptcha g-recaptcha\"><\/span>\r\n<noscript>\r\n\t<div class=\"grecaptcha-noscript\">\r\n\t\t<iframe src=\"https:\/\/www.google.com\/recaptcha\/api\/fallback?k=6LfV16QUAAAAAAoDHi55y8SiR8vm8sVeBlZMDHpb\" frameborder=\"0\" scrolling=\"no\" width=\"310\" height=\"430\">\r\n\t\t<\/iframe>\r\n\t\t<textarea name=\"g-recaptcha-response\" rows=\"3\" cols=\"40\" placeholder=\"reCaptcha Response Here\">\r\n\t\t<\/textarea>\r\n\t<\/div>\r\n<\/noscript>\r\n<\/span>\n\t\t<\/p>\n\t<\/div>\n\t<div class=\"o2c-break2\">\n\t\t<p><span class=\"wpcf7-form-control-wrap\" data-name=\"customer-query\"><textarea cols=\"40\" rows=\"10\" maxlength=\"2000\" class=\"wpcf7-form-control wpcf7-textarea o2c-text-area\" aria-invalid=\"false\" placeholder=\"Query\" name=\"customer-query\"><\/textarea><\/span>\n\t\t<\/p>\n\t\t<div class=\"o2c-subscribe\">\n\t\t\t<p><span class=\"wpcf7-form-control-wrap\" data-name=\"checkbox-21\"><span class=\"wpcf7-form-control wpcf7-checkbox\"><span class=\"wpcf7-list-item first last\"><input type=\"checkbox\" name=\"checkbox-21[]\" value=\"Subscribe to updates\" \/><span class=\"wpcf7-list-item-label\">Subscribe to updates<\/span><\/span><\/span><\/span><br \/>\n<input class=\"wpcf7-form-control wpcf7-submit has-spinner o2c-submit\" type=\"submit\" value=\"Send\" \/>\n\t\t\t<\/p>\n\t\t<\/div>\n\t<\/div>\n<\/div>\n<div class=\"gdpr-text-contact\">\n\t<p>This form collects your name, email and telephone number so that we can keep in contact with you regarding your enquiry. Our <a href=\"\/privacy-policy\/\">Privacy Policy<\/a> will provide further information on how this data is protected and managed.\n\t<\/p>\n\t<div class=\"gpdr-tick-box-contact\">\n\t\t<p><span class=\"wpcf7-form-control-wrap\" data-name=\"GDPR\"><span class=\"wpcf7-form-control wpcf7-checkbox wpcf7-validates-as-required\"><span class=\"wpcf7-list-item first last\"><input type=\"checkbox\" name=\"GDPR[]\" value=\"I consent to having Barnes International collect my data.\" \/><span class=\"wpcf7-list-item-label\">I consent to having Barnes International collect my data.<\/span><\/span><\/span><\/span>\n\t\t<\/p>\n\t<\/div>\n<\/div><div class=\"wpcf7-response-output\" aria-hidden=\"true\"><\/div>\n<\/form>\n<\/div>\n[mk_padding_divider size=&#8221;65&#8243;][\/vc_column][vc_column width=&#8221;1\/12&#8243;][\/vc_column][\/mk_page_section]\n","protected":false},"excerpt":{"rendered":"<p>[mk_page_section bg_image=&#8221;http:\/\/www.barnestest.com\/wp-content\/uploads\/chip-tool-training-bg.jpg&#8221; bg_position=&#8221;right top&#8221; bg_repeat=&#8221;no-repeat&#8221; bg_stretch=&#8221;true&#8221; padding_top=&#8221;60&#8243; padding_bottom=&#8221;60&#8243; sidebar=&#8221;sidebar-1&#8243;][vc_column width=&#8221;8\/12&#8243;][mk_fancy_title tag_name=&#8221;h1&#8243; color=&#8221;#25334b&#8221; size=&#8221;20&#8243; font_weight=&#8221;bold&#8221; margin_bottom=&#8221;0&#8243; font_family=&#8221;none&#8221; animation=&#8221;left-to-right&#8221;]Eventos[\/mk_fancy_title][mk_fancy_title color=&#8221;#25334b&#8221; size=&#8221;32&#8243; font_weight=&#8221;400&#8243; margin_bottom=&#8221;0&#8243; font_family=&#8221;none&#8221; animation=&#8221;fade-in&#8221;]Encontre-se conosco nas principais confer\u00eancias do setor[\/mk_fancy_title][vc_column_text css=&#8221;.vc_custom_1717003421778{margin-bottom: 0px !important;}&#8221;]We regularly attend, speak and exhibit at major industry events around the world. To discuss your test tool requirements or book a demonstration at [&hellip;]<\/p>\n","protected":false},"author":1,"featured_media":0,"parent":7432,"menu_order":0,"comment_status":"closed","ping_status":"closed","template":"","meta":{"footnotes":""},"class_list":["post-7439","page","type-page","status-publish","hentry"],"yoast_head":"<!-- This site is optimized with the Yoast SEO plugin v27.3 - https:\/\/yoast.com\/product\/yoast-seo-wordpress\/ -->\n<title>Eventos | Sobre N\u00f3s | Barnes International Limited<\/title>\n<meta name=\"description\" content=\"Ao longo do ano, participamos nas principais confer\u00eancias do setor ao redor do mundo. Descubra mais sobre os eventos nos quais participamos e reserve j\u00e1 seu lugar.\" \/>\n<meta name=\"robots\" content=\"index, follow, max-snippet:-1, max-image-preview:large, max-video-preview:-1\" \/>\n<link rel=\"canonical\" href=\"https:\/\/www.barnestest.com\/pt-pt\/sobre-nos\/eventos\/\" \/>\n<meta property=\"og:locale\" content=\"pt_PT\" \/>\n<meta property=\"og:type\" content=\"article\" \/>\n<meta property=\"og:title\" content=\"Eventos | Sobre N\u00f3s | Barnes International Limited\" \/>\n<meta property=\"og:description\" content=\"Ao longo do ano, participamos nas principais confer\u00eancias do setor ao redor do mundo. Descubra mais sobre os eventos nos quais participamos e reserve j\u00e1 seu lugar.\" \/>\n<meta property=\"og:url\" content=\"https:\/\/www.barnestest.com\/pt-pt\/sobre-nos\/eventos\/\" \/>\n<meta property=\"og:site_name\" content=\"Barnes International\" \/>\n<meta property=\"article:modified_time\" content=\"2025-12-17T12:09:17+00:00\" \/>\n<meta property=\"og:image\" content=\"https:\/\/www.barnestest.com\/wp-content\/uploads\/barnes-logo.png\" \/>\n\t<meta property=\"og:image:width\" content=\"183\" \/>\n\t<meta property=\"og:image:height\" content=\"43\" \/>\n\t<meta property=\"og:image:type\" content=\"image\/png\" \/>\n<meta name=\"twitter:card\" content=\"summary_large_image\" \/>\n<meta name=\"twitter:site\" content=\"@barnes_test\" \/>\n<meta name=\"twitter:label1\" content=\"Tempo estimado de leitura\" \/>\n\t<meta name=\"twitter:data1\" content=\"1 minuto\" \/>\n<script type=\"application\/ld+json\" class=\"yoast-schema-graph\">{\"@context\":\"https:\\\/\\\/schema.org\",\"@graph\":[{\"@type\":\"WebPage\",\"@id\":\"https:\\\/\\\/www.barnestest.com\\\/pt-pt\\\/sobre-nos\\\/eventos\\\/\",\"url\":\"https:\\\/\\\/www.barnestest.com\\\/pt-pt\\\/sobre-nos\\\/eventos\\\/\",\"name\":\"Eventos | Sobre N\u00f3s | Barnes International Limited\",\"isPartOf\":{\"@id\":\"https:\\\/\\\/www.barnestest.com\\\/pt-pt\\\/#website\"},\"datePublished\":\"2022-01-25T11:30:19+00:00\",\"dateModified\":\"2025-12-17T12:09:17+00:00\",\"description\":\"Ao longo do ano, participamos nas principais confer\u00eancias do setor ao redor do mundo. Descubra mais sobre os eventos nos quais participamos e reserve j\u00e1 seu lugar.\",\"breadcrumb\":{\"@id\":\"https:\\\/\\\/www.barnestest.com\\\/pt-pt\\\/sobre-nos\\\/eventos\\\/#breadcrumb\"},\"inLanguage\":\"pt-PT\",\"potentialAction\":[{\"@type\":\"ReadAction\",\"target\":[\"https:\\\/\\\/www.barnestest.com\\\/pt-pt\\\/sobre-nos\\\/eventos\\\/\"]}]},{\"@type\":\"BreadcrumbList\",\"@id\":\"https:\\\/\\\/www.barnestest.com\\\/pt-pt\\\/sobre-nos\\\/eventos\\\/#breadcrumb\",\"itemListElement\":[{\"@type\":\"ListItem\",\"position\":1,\"name\":\"Home\",\"item\":\"https:\\\/\\\/www.barnestest.com\\\/pt-pt\\\/\"},{\"@type\":\"ListItem\",\"position\":2,\"name\":\"Sobre N\u00f3s\",\"item\":\"https:\\\/\\\/www.barnestest.com\\\/pt-pt\\\/sobre-nos\\\/\"},{\"@type\":\"ListItem\",\"position\":3,\"name\":\"Eventos\"}]},{\"@type\":\"WebSite\",\"@id\":\"https:\\\/\\\/www.barnestest.com\\\/pt-pt\\\/#website\",\"url\":\"https:\\\/\\\/www.barnestest.com\\\/pt-pt\\\/\",\"name\":\"Barnes International\",\"description\":\"a leading provider of magnetic stripe and EMV test tools, training and consulting\",\"publisher\":{\"@id\":\"https:\\\/\\\/www.barnestest.com\\\/pt-pt\\\/#organization\"},\"potentialAction\":[{\"@type\":\"SearchAction\",\"target\":{\"@type\":\"EntryPoint\",\"urlTemplate\":\"https:\\\/\\\/www.barnestest.com\\\/pt-pt\\\/?s={search_term_string}\"},\"query-input\":{\"@type\":\"PropertyValueSpecification\",\"valueRequired\":true,\"valueName\":\"search_term_string\"}}],\"inLanguage\":\"pt-PT\"},{\"@type\":\"Organization\",\"@id\":\"https:\\\/\\\/www.barnestest.com\\\/pt-pt\\\/#organization\",\"name\":\"Barnes International\",\"url\":\"https:\\\/\\\/www.barnestest.com\\\/pt-pt\\\/\",\"logo\":{\"@type\":\"ImageObject\",\"inLanguage\":\"pt-PT\",\"@id\":\"https:\\\/\\\/www.barnestest.com\\\/pt-pt\\\/#\\\/schema\\\/logo\\\/image\\\/\",\"url\":\"https:\\\/\\\/www.barnestest.com\\\/wp-content\\\/uploads\\\/barnesinternationallogo_transparent.png\",\"contentUrl\":\"https:\\\/\\\/www.barnestest.com\\\/wp-content\\\/uploads\\\/barnesinternationallogo_transparent.png\",\"width\":1712,\"height\":484,\"caption\":\"Barnes International\"},\"image\":{\"@id\":\"https:\\\/\\\/www.barnestest.com\\\/pt-pt\\\/#\\\/schema\\\/logo\\\/image\\\/\"},\"sameAs\":[\"https:\\\/\\\/x.com\\\/barnes_test\",\"https:\\\/\\\/www.linkedin.com\\\/company\\\/barnes-international-ltd\\\/\",\"https:\\\/\\\/www.youtube.com\\\/channel\\\/UC5_Lit5ykPemqDHnHda0bvw\"]}]}<\/script>\n<!-- \/ Yoast SEO plugin. -->","yoast_head_json":{"title":"Eventos | Sobre N\u00f3s | Barnes International Limited","description":"Ao longo do ano, participamos nas principais confer\u00eancias do setor ao redor do mundo. Descubra mais sobre os eventos nos quais participamos e reserve j\u00e1 seu lugar.","robots":{"index":"index","follow":"follow","max-snippet":"max-snippet:-1","max-image-preview":"max-image-preview:large","max-video-preview":"max-video-preview:-1"},"canonical":"https:\/\/www.barnestest.com\/pt-pt\/sobre-nos\/eventos\/","og_locale":"pt_PT","og_type":"article","og_title":"Eventos | Sobre N\u00f3s | Barnes International Limited","og_description":"Ao longo do ano, participamos nas principais confer\u00eancias do setor ao redor do mundo. Descubra mais sobre os eventos nos quais participamos e reserve j\u00e1 seu lugar.","og_url":"https:\/\/www.barnestest.com\/pt-pt\/sobre-nos\/eventos\/","og_site_name":"Barnes International","article_modified_time":"2025-12-17T12:09:17+00:00","og_image":[{"width":183,"height":43,"url":"https:\/\/www.barnestest.com\/wp-content\/uploads\/barnes-logo.png","type":"image\/png"}],"twitter_card":"summary_large_image","twitter_site":"@barnes_test","twitter_misc":{"Tempo estimado de leitura":"1 minuto"},"schema":{"@context":"https:\/\/schema.org","@graph":[{"@type":"WebPage","@id":"https:\/\/www.barnestest.com\/pt-pt\/sobre-nos\/eventos\/","url":"https:\/\/www.barnestest.com\/pt-pt\/sobre-nos\/eventos\/","name":"Eventos | Sobre N\u00f3s | Barnes International Limited","isPartOf":{"@id":"https:\/\/www.barnestest.com\/pt-pt\/#website"},"datePublished":"2022-01-25T11:30:19+00:00","dateModified":"2025-12-17T12:09:17+00:00","description":"Ao longo do ano, participamos nas principais confer\u00eancias do setor ao redor do mundo. Descubra mais sobre os eventos nos quais participamos e reserve j\u00e1 seu lugar.","breadcrumb":{"@id":"https:\/\/www.barnestest.com\/pt-pt\/sobre-nos\/eventos\/#breadcrumb"},"inLanguage":"pt-PT","potentialAction":[{"@type":"ReadAction","target":["https:\/\/www.barnestest.com\/pt-pt\/sobre-nos\/eventos\/"]}]},{"@type":"BreadcrumbList","@id":"https:\/\/www.barnestest.com\/pt-pt\/sobre-nos\/eventos\/#breadcrumb","itemListElement":[{"@type":"ListItem","position":1,"name":"Home","item":"https:\/\/www.barnestest.com\/pt-pt\/"},{"@type":"ListItem","position":2,"name":"Sobre N\u00f3s","item":"https:\/\/www.barnestest.com\/pt-pt\/sobre-nos\/"},{"@type":"ListItem","position":3,"name":"Eventos"}]},{"@type":"WebSite","@id":"https:\/\/www.barnestest.com\/pt-pt\/#website","url":"https:\/\/www.barnestest.com\/pt-pt\/","name":"Barnes International","description":"a leading provider of magnetic stripe and EMV test tools, training and consulting","publisher":{"@id":"https:\/\/www.barnestest.com\/pt-pt\/#organization"},"potentialAction":[{"@type":"SearchAction","target":{"@type":"EntryPoint","urlTemplate":"https:\/\/www.barnestest.com\/pt-pt\/?s={search_term_string}"},"query-input":{"@type":"PropertyValueSpecification","valueRequired":true,"valueName":"search_term_string"}}],"inLanguage":"pt-PT"},{"@type":"Organization","@id":"https:\/\/www.barnestest.com\/pt-pt\/#organization","name":"Barnes International","url":"https:\/\/www.barnestest.com\/pt-pt\/","logo":{"@type":"ImageObject","inLanguage":"pt-PT","@id":"https:\/\/www.barnestest.com\/pt-pt\/#\/schema\/logo\/image\/","url":"https:\/\/www.barnestest.com\/wp-content\/uploads\/barnesinternationallogo_transparent.png","contentUrl":"https:\/\/www.barnestest.com\/wp-content\/uploads\/barnesinternationallogo_transparent.png","width":1712,"height":484,"caption":"Barnes International"},"image":{"@id":"https:\/\/www.barnestest.com\/pt-pt\/#\/schema\/logo\/image\/"},"sameAs":["https:\/\/x.com\/barnes_test","https:\/\/www.linkedin.com\/company\/barnes-international-ltd\/","https:\/\/www.youtube.com\/channel\/UC5_Lit5ykPemqDHnHda0bvw"]}]}},"_links":{"self":[{"href":"https:\/\/www.barnestest.com\/pt-pt\/wp-json\/wp\/v2\/pages\/7439","targetHints":{"allow":["GET"]}}],"collection":[{"href":"https:\/\/www.barnestest.com\/pt-pt\/wp-json\/wp\/v2\/pages"}],"about":[{"href":"https:\/\/www.barnestest.com\/pt-pt\/wp-json\/wp\/v2\/types\/page"}],"author":[{"embeddable":true,"href":"https:\/\/www.barnestest.com\/pt-pt\/wp-json\/wp\/v2\/users\/1"}],"replies":[{"embeddable":true,"href":"https:\/\/www.barnestest.com\/pt-pt\/wp-json\/wp\/v2\/comments?post=7439"}],"version-history":[{"count":11,"href":"https:\/\/www.barnestest.com\/pt-pt\/wp-json\/wp\/v2\/pages\/7439\/revisions"}],"predecessor-version":[{"id":38693,"href":"https:\/\/www.barnestest.com\/pt-pt\/wp-json\/wp\/v2\/pages\/7439\/revisions\/38693"}],"up":[{"embeddable":true,"href":"https:\/\/www.barnestest.com\/pt-pt\/wp-json\/wp\/v2\/pages\/7432"}],"wp:attachment":[{"href":"https:\/\/www.barnestest.com\/pt-pt\/wp-json\/wp\/v2\/media?parent=7439"}],"curies":[{"name":"wp","href":"https:\/\/api.w.org\/{rel}","templated":true}]}}