{"id":7462,"date":"2022-01-25T16:23:16","date_gmt":"2022-01-25T16:23:16","guid":{"rendered":"https:\/\/www.barnestest.com\/sobre-nos\/o-que-nos-torna-diferentes\/"},"modified":"2022-02-03T15:55:55","modified_gmt":"2022-02-03T15:55:55","slug":"o-que-nos-torna-diferentes","status":"publish","type":"page","link":"https:\/\/www.barnestest.com\/pt-pt\/sobre-nos\/o-que-nos-torna-diferentes\/","title":{"rendered":"O Que Nos Torna Diferentes"},"content":{"rendered":"[mk_page_section bg_image=&#8221;http:\/\/www.barnestest.com\/wp-content\/uploads\/barnes-advantage-bg.jpg&#8221; bg_position=&#8221;center center&#8221; bg_repeat=&#8221;no-repeat&#8221; bg_stretch=&#8221;true&#8221; padding_top=&#8221;60&#8243; padding_bottom=&#8221;60&#8243; sidebar=&#8221;sidebar-1&#8243;][vc_column width=&#8221;1\/2&#8243;][\/vc_column][vc_column width=&#8221;1\/2&#8243;][mk_fancy_title color=&#8221;#0098db&#8221; size=&#8221;32&#8243; font_weight=&#8221;400&#8243; margin_bottom=&#8221;0&#8243; font_family=&#8221;none&#8221; animation=&#8221;fade-in&#8221;]O que nos torna diferentes[\/mk_fancy_title][vc_column_text css=&#8221;.vc_custom_1551690932601{margin-bottom: 0px !important;}&#8221;]<span style=\"font-size: 18px; color: #0098db;\">A Barnes \u00e9 o parceiro escolhido para os testes de cart\u00e3o EMV e aplicativo de pagamento, a prepara\u00e7\u00e3o de dados EMV e os analisadores de teste de tarja magn\u00e9tica, para os bancos, emissores, fabricantes de cart\u00f5es, bur\u00f4s de personaliza\u00e7\u00e3o, laborat\u00f3rios de teste e esquemas de pagamento em todo o mundo.<\/span><\/p>\n<p><span style=\"font-size: 18px; color: #0098db;\"><br \/>\nAqui est\u00e3o alguns dos motivos:<\/span>[\/vc_column_text][vc_column_text css=&#8221;.vc_custom_1590595198391{margin-bottom: 0px !important;}&#8221;]\n<h4><span style=\"color: #0098db;\"><span style=\"font-size: 16px;\">Nossa Promessa<\/span><\/span><\/h4>\n<p><span style=\"font-size: 16px; color: #0098db;\">Fornecemos as ferramentas de teste mais r\u00e1pidas, precisas e confi\u00e1veis do mercado<\/span><\/p>\n<h4><span style=\"color: #0098db;\"><span style=\"font-size: 16px;\">Experi\u00eancia<\/span><\/span><\/h4>\n<p><span style=\"font-size: 16px; color: #0098db;\">Nossa equipe vem refinando e melhorando nossos produtos e software de teste h\u00e1 mais de 25 anos<\/span><\/p>\n<h4><span style=\"color: #0098db;\"><span style=\"font-size: 16px;\">Qualidade e Tranquilidade<\/span><\/span><\/h4>\n<p><span style=\"font-size: 16px; color: #0098db;\">Garantimos alta qualidade e conformidade com os padr\u00f5es da ind\u00fastria: ISO, EMV e todos os esquemas de pagamento<\/span><\/p>\n<h4><span style=\"color: #0098db;\"><span style=\"font-size: 16px;\">Preciso e Confi\u00e1vel<\/span><\/span><\/h4>\n<p><span style=\"font-size: 16px; color: #0098db;\">Nossas ferramentas identificam com precis\u00e3o e confiabilidade erros de codifica\u00e7\u00e3o em <em>SmartCards<\/em> em rela\u00e7\u00e3o aos padr\u00f5es do setor.<\/span><\/p>\n<h4><span style=\"color: #0098db;\"><span style=\"font-size: 16px;\">Rapidez<\/span><\/span><\/h4>\n<p><span style=\"font-size: 16px; color: #0098db;\">Nossas ferramentas de teste s\u00e3o as mais r\u00e1pidas do mercado, o que reduz seus custos de produ\u00e7\u00e3o e acelera seu lan\u00e7amento no mercado<\/span><\/p>\n<h4><span style=\"color: #0098db;\"><span style=\"font-size: 16px;\">Suporte Global<\/span><\/span><\/h4>\n<p><span style=\"font-size: 16px; color: #0098db;\">Temos uma equipe multil\u00edngue de especialistas prontos para aconselhar e fornecer suporte a todos os nossos clientes<\/span><\/p>\n<h4><span style=\"color: #0098db;\"><span style=\"font-size: 16px;\">Rent\u00e1vel<\/span><\/span><\/h4>\n<p><span style=\"font-size: 16px; color: #0098db;\">Somos transparentes sobre nossas taxas, sem custos ocultos em nossos contratos. Isso torna nossos custos totais de pacote (incluindo nosso software) comparativamente econ\u00f4micos<\/span><\/p>\n<h4><span style=\"color: #0098db;\"><span style=\"font-size: 16px;\">Assist\u00eancia ao Desenvolvedor<\/span><\/span><\/h4>\n<p><span style=\"font-size: 16px; color: #0098db;\">Nossas ferramentas de teste s\u00e3o usadas globalmente para desenvolver novos cart\u00f5es, aplicativos e terminais<\/span>[\/vc_column_text][\/vc_column][\/mk_page_section][mk_page_section][vc_column][mk_padding_divider size=&#8221;20&#8243;][mk_fancy_title color=&#8221;#012395&#8243; size=&#8221;32&#8243; font_weight=&#8221;400&#8243; margin_bottom=&#8221;0&#8243; font_family=&#8221;none&#8221; align=&#8221;center&#8221; animation=&#8221;fade-in&#8221;]Encontre-se conosco[\/mk_fancy_title][vc_column_text css=&#8221;.vc_custom_1643903730923{margin-bottom: 0px !important;}&#8221;]\n<p style=\"text-align: center; padding-left: 40px;\"><span style=\"color: #012395;\">Barnes regularmente fala e exp\u00f5e em eventos da ind\u00fastria do mundo inteiro. Para discutir seus requisitos de ferramenta de teste em um evento, envie um e-mail para <a style=\"color: #012395; text-decoration: underline;\" href=\"mailto:marketing@barnestest.com\">marketing@barnestest.com<\/a><\/span><\/p>\n[\/vc_column_text][vc_column_text css=&#8221;.vc_custom_1585649841051{margin-bottom: 0px !important;}&#8221;][\/vc_column_text][mk_padding_divider size=&#8221;10&#8243;][\/vc_column][\/mk_page_section][mk_page_section bg_color=&#8221;#0098db&#8221; el_class=&#8221;o2c-white-contact&#8221; sidebar=&#8221;sidebar-1&#8243;][vc_column width=&#8221;1\/12&#8243;][\/vc_column][vc_column width=&#8221;10\/12&#8243;][mk_padding_divider size=&#8221;65&#8243;][mk_fancy_title color=&#8221;#ffffff&#8221; size=&#8221;32&#8243; font_weight=&#8221;400&#8243; margin_bottom=&#8221;0&#8243; font_family=&#8221;none&#8221; align=&#8221;center&#8221; animation=&#8221;fade-in&#8221;]Quer saber mais?[\/mk_fancy_title][mk_padding_divider size=&#8221;30&#8243;]\n<div class=\"wpcf7 no-js\" id=\"wpcf7-f7435-o1\" lang=\"en-US\" dir=\"ltr\" data-wpcf7-id=\"7435\">\n<div class=\"screen-reader-response\"><p role=\"status\" aria-live=\"polite\" aria-atomic=\"true\"><\/p> <ul><\/ul><\/div>\n<form action=\"\/pt-pt\/wp-json\/wp\/v2\/pages\/7462#wpcf7-f7435-o1\" method=\"post\" class=\"wpcf7-form init\" aria-label=\"Contact form\" novalidate=\"novalidate\" data-status=\"init\">\n<fieldset class=\"hidden-fields-container\"><input type=\"hidden\" name=\"_wpcf7\" value=\"7435\" \/><input type=\"hidden\" name=\"_wpcf7_version\" value=\"6.1.5\" \/><input type=\"hidden\" name=\"_wpcf7_locale\" value=\"en_US\" \/><input type=\"hidden\" name=\"_wpcf7_unit_tag\" value=\"wpcf7-f7435-o1\" \/><input type=\"hidden\" name=\"_wpcf7_container_post\" value=\"0\" \/><input type=\"hidden\" name=\"_wpcf7_posted_data_hash\" value=\"\" \/><input type=\"hidden\" name=\"_wpcf7_recaptcha_response\" value=\"\" \/>\n<\/fieldset>\n<div class=\"o2c-fullwidth\">\n\t<div class=\"o2c-break1\">\n\t\t<p><span class=\"wpcf7-form-control-wrap\" data-name=\"full-name\"><input size=\"40\" maxlength=\"400\" class=\"wpcf7-form-control wpcf7-text wpcf7-validates-as-required o2c-text-field\" aria-required=\"true\" aria-invalid=\"false\" placeholder=\"Nome Completo\" value=\"\" type=\"text\" name=\"full-name\" \/><\/span><br \/>\n<span class=\"wpcf7-form-control-wrap\" data-name=\"company-name\"><input size=\"40\" maxlength=\"400\" class=\"wpcf7-form-control wpcf7-text wpcf7-validates-as-required o2c-text-field\" aria-required=\"true\" aria-invalid=\"false\" placeholder=\"Empresa\" value=\"\" type=\"text\" name=\"company-name\" \/><\/span><br \/>\n<span class=\"wpcf7-form-control-wrap\" data-name=\"customer-email\"><input size=\"40\" maxlength=\"400\" class=\"wpcf7-form-control wpcf7-email wpcf7-validates-as-required wpcf7-text wpcf7-validates-as-email o2c-email-field\" aria-required=\"true\" aria-invalid=\"false\" placeholder=\"E-mail\" value=\"\" type=\"email\" name=\"customer-email\" \/><\/span><br \/>\n<span class=\"wpcf7-form-control-wrap\" data-name=\"customer-telephone\"><input size=\"40\" maxlength=\"400\" class=\"wpcf7-form-control wpcf7-tel wpcf7-text wpcf7-validates-as-tel o2c-text-field\" aria-invalid=\"false\" placeholder=\"Telefone\" value=\"\" type=\"tel\" name=\"customer-telephone\" \/><\/span><br \/>\n\t\t<span class=\"wpcf7-form-control-wrap recaptcha\" data-name=\"recaptcha\"><span data-sitekey=\"6LfV16QUAAAAAAoDHi55y8SiR8vm8sVeBlZMDHpb\" class=\"wpcf7-form-control wpcf7-recaptcha g-recaptcha\"><\/span>\r\n<noscript>\r\n\t<div class=\"grecaptcha-noscript\">\r\n\t\t<iframe src=\"https:\/\/www.google.com\/recaptcha\/api\/fallback?k=6LfV16QUAAAAAAoDHi55y8SiR8vm8sVeBlZMDHpb\" frameborder=\"0\" scrolling=\"no\" width=\"310\" height=\"430\">\r\n\t\t<\/iframe>\r\n\t\t<textarea name=\"g-recaptcha-response\" rows=\"3\" cols=\"40\" placeholder=\"reCaptcha Response Here\">\r\n\t\t<\/textarea>\r\n\t<\/div>\r\n<\/noscript>\r\n<\/span>\n\t\t<\/p>\n\t<\/div>\n\t<div class=\"o2c-break2\">\n\t\t<p><span class=\"wpcf7-form-control-wrap\" data-name=\"customer-query\"><textarea cols=\"40\" rows=\"10\" maxlength=\"2000\" class=\"wpcf7-form-control wpcf7-textarea o2c-text-area\" aria-invalid=\"false\" placeholder=\"Mensagem\" name=\"customer-query\"><\/textarea><\/span>\n\t\t<\/p>\n\t\t<div class=\"o2c-subscribe\">\n\t\t\t<p><span class=\"wpcf7-form-control-wrap\" data-name=\"checkbox-21\"><span class=\"wpcf7-form-control wpcf7-checkbox\"><span class=\"wpcf7-list-item first last\"><input type=\"checkbox\" name=\"checkbox-21[]\" value=\"Inscreva-se e receba nossas atualiza\u00e7\u00f5es de produto\" \/><span class=\"wpcf7-list-item-label\">Inscreva-se e receba nossas atualiza\u00e7\u00f5es de produto<\/span><\/span><\/span><\/span><br \/>\n<input class=\"wpcf7-form-control wpcf7-submit has-spinner o2c-submit\" type=\"submit\" value=\"Enviar\" \/>\n\t\t\t<\/p>\n\t\t<\/div>\n\t<\/div>\n<\/div>\n<div class=\"gdpr-text-contact\">\n\t<p>Este formul\u00e1rio coleta seu nome, e-mail e n\u00famero de telefone para que possamos manter contato com voc\u00ea em rela\u00e7\u00e3o \u00e0 sua consulta. Nossa <a href=\"\/privacy-policy\/\">Pol\u00edtica de Privacidade<\/a> fornecer\u00e1 mais informa\u00e7\u00f5es sobre como esses dados s\u00e3o protegidos e gerenciados.\n\t<\/p>\n\t<div class=\"gpdr-tick-box-contact\">\n\t\t<p><span class=\"wpcf7-form-control-wrap\" data-name=\"GDPR\"><span class=\"wpcf7-form-control wpcf7-checkbox wpcf7-validates-as-required\"><span class=\"wpcf7-list-item first last\"><input type=\"checkbox\" name=\"GDPR[]\" value=\"Autorizo que a Barnes International recolha os meus dados.\" \/><span class=\"wpcf7-list-item-label\">Autorizo que a Barnes International recolha os meus dados.<\/span><\/span><\/span><\/span>\n\t\t<\/p>\n\t<\/div>\n<\/div><div class=\"wpcf7-response-output\" aria-hidden=\"true\"><\/div>\n<\/form>\n<\/div>\n[mk_padding_divider size=&#8221;65&#8243;][\/vc_column][vc_column width=&#8221;1\/12&#8243;][\/vc_column][\/mk_page_section]\n","protected":false},"excerpt":{"rendered":"<p>[mk_page_section bg_image=&#8221;http:\/\/www.barnestest.com\/wp-content\/uploads\/barnes-advantage-bg.jpg&#8221; bg_position=&#8221;center center&#8221; bg_repeat=&#8221;no-repeat&#8221; bg_stretch=&#8221;true&#8221; padding_top=&#8221;60&#8243; padding_bottom=&#8221;60&#8243; sidebar=&#8221;sidebar-1&#8243;][vc_column width=&#8221;1\/2&#8243;][\/vc_column][vc_column width=&#8221;1\/2&#8243;][mk_fancy_title color=&#8221;#0098db&#8221; size=&#8221;32&#8243; font_weight=&#8221;400&#8243; margin_bottom=&#8221;0&#8243; font_family=&#8221;none&#8221; animation=&#8221;fade-in&#8221;]O que nos torna diferentes[\/mk_fancy_title][vc_column_text css=&#8221;.vc_custom_1551690932601{margin-bottom: 0px !important;}&#8221;]A Barnes \u00e9 o parceiro escolhido para os testes de cart\u00e3o EMV e aplicativo de pagamento, a prepara\u00e7\u00e3o de dados EMV e os analisadores de teste de tarja magn\u00e9tica, para os bancos, [&hellip;]<\/p>\n","protected":false},"author":1,"featured_media":0,"parent":7432,"menu_order":0,"comment_status":"closed","ping_status":"closed","template":"","meta":{"footnotes":""},"class_list":["post-7462","page","type-page","status-publish","hentry"],"yoast_head":"<!-- This site is optimized with the Yoast SEO plugin v27.3 - https:\/\/yoast.com\/product\/yoast-seo-wordpress\/ -->\n<title>O Que Nos Torna Diferentes | Sobre N\u00f3s | Barnes International Limited<\/title>\n<meta name=\"description\" content=\"Com uma equipe dedicada de especialistas do setor e d\u00e9cadas de experi\u00eancia combinada, a Barnes se estabeleceu como o principal parceiro de ferramentas de teste EMV e tarja magn\u00e9tica para institui\u00e7\u00f5es financeiras, bancos e emissores e mais, no mundo inteiro. Saiba mais aqui.\" \/>\n<meta name=\"robots\" content=\"index, follow, max-snippet:-1, max-image-preview:large, max-video-preview:-1\" \/>\n<link rel=\"canonical\" href=\"https:\/\/www.barnestest.com\/pt-pt\/sobre-nos\/o-que-nos-torna-diferentes\/\" \/>\n<meta property=\"og:locale\" content=\"pt_PT\" \/>\n<meta property=\"og:type\" content=\"article\" \/>\n<meta property=\"og:title\" content=\"O Que Nos Torna Diferentes | Sobre N\u00f3s | Barnes International Limited\" \/>\n<meta property=\"og:description\" content=\"Com uma equipe dedicada de especialistas do setor e d\u00e9cadas de experi\u00eancia combinada, a Barnes se estabeleceu como o principal parceiro de ferramentas de teste EMV e tarja magn\u00e9tica para institui\u00e7\u00f5es financeiras, bancos e emissores e mais, no mundo inteiro. Saiba mais aqui.\" \/>\n<meta property=\"og:url\" content=\"https:\/\/www.barnestest.com\/pt-pt\/sobre-nos\/o-que-nos-torna-diferentes\/\" \/>\n<meta property=\"og:site_name\" content=\"Barnes International\" \/>\n<meta property=\"article:modified_time\" content=\"2022-02-03T15:55:55+00:00\" \/>\n<meta property=\"og:image\" content=\"https:\/\/www.barnestest.com\/wp-content\/uploads\/barnes-logo.png\" \/>\n\t<meta property=\"og:image:width\" content=\"183\" \/>\n\t<meta property=\"og:image:height\" content=\"43\" \/>\n\t<meta property=\"og:image:type\" content=\"image\/png\" \/>\n<meta name=\"twitter:card\" content=\"summary_large_image\" \/>\n<meta name=\"twitter:site\" content=\"@barnes_test\" \/>\n<meta name=\"twitter:label1\" content=\"Tempo estimado de leitura\" \/>\n\t<meta name=\"twitter:data1\" content=\"2 minutos\" \/>\n<script type=\"application\/ld+json\" class=\"yoast-schema-graph\">{\"@context\":\"https:\\\/\\\/schema.org\",\"@graph\":[{\"@type\":\"WebPage\",\"@id\":\"https:\\\/\\\/www.barnestest.com\\\/pt-pt\\\/sobre-nos\\\/o-que-nos-torna-diferentes\\\/\",\"url\":\"https:\\\/\\\/www.barnestest.com\\\/pt-pt\\\/sobre-nos\\\/o-que-nos-torna-diferentes\\\/\",\"name\":\"O Que Nos Torna Diferentes | Sobre N\u00f3s | Barnes International Limited\",\"isPartOf\":{\"@id\":\"https:\\\/\\\/www.barnestest.com\\\/pt-pt\\\/#website\"},\"datePublished\":\"2022-01-25T16:23:16+00:00\",\"dateModified\":\"2022-02-03T15:55:55+00:00\",\"description\":\"Com uma equipe dedicada de especialistas do setor e d\u00e9cadas de experi\u00eancia combinada, a Barnes se estabeleceu como o principal parceiro de ferramentas de teste EMV e tarja magn\u00e9tica para institui\u00e7\u00f5es financeiras, bancos e emissores e mais, no mundo inteiro. Saiba mais aqui.\",\"breadcrumb\":{\"@id\":\"https:\\\/\\\/www.barnestest.com\\\/pt-pt\\\/sobre-nos\\\/o-que-nos-torna-diferentes\\\/#breadcrumb\"},\"inLanguage\":\"pt-PT\",\"potentialAction\":[{\"@type\":\"ReadAction\",\"target\":[\"https:\\\/\\\/www.barnestest.com\\\/pt-pt\\\/sobre-nos\\\/o-que-nos-torna-diferentes\\\/\"]}]},{\"@type\":\"BreadcrumbList\",\"@id\":\"https:\\\/\\\/www.barnestest.com\\\/pt-pt\\\/sobre-nos\\\/o-que-nos-torna-diferentes\\\/#breadcrumb\",\"itemListElement\":[{\"@type\":\"ListItem\",\"position\":1,\"name\":\"Home\",\"item\":\"https:\\\/\\\/www.barnestest.com\\\/pt-pt\\\/\"},{\"@type\":\"ListItem\",\"position\":2,\"name\":\"Sobre N\u00f3s\",\"item\":\"https:\\\/\\\/www.barnestest.com\\\/pt-pt\\\/sobre-nos\\\/\"},{\"@type\":\"ListItem\",\"position\":3,\"name\":\"O Que Nos Torna Diferentes\"}]},{\"@type\":\"WebSite\",\"@id\":\"https:\\\/\\\/www.barnestest.com\\\/pt-pt\\\/#website\",\"url\":\"https:\\\/\\\/www.barnestest.com\\\/pt-pt\\\/\",\"name\":\"Barnes International\",\"description\":\"a leading provider of magnetic stripe and EMV test tools, training and consulting\",\"publisher\":{\"@id\":\"https:\\\/\\\/www.barnestest.com\\\/pt-pt\\\/#organization\"},\"potentialAction\":[{\"@type\":\"SearchAction\",\"target\":{\"@type\":\"EntryPoint\",\"urlTemplate\":\"https:\\\/\\\/www.barnestest.com\\\/pt-pt\\\/?s={search_term_string}\"},\"query-input\":{\"@type\":\"PropertyValueSpecification\",\"valueRequired\":true,\"valueName\":\"search_term_string\"}}],\"inLanguage\":\"pt-PT\"},{\"@type\":\"Organization\",\"@id\":\"https:\\\/\\\/www.barnestest.com\\\/pt-pt\\\/#organization\",\"name\":\"Barnes International\",\"url\":\"https:\\\/\\\/www.barnestest.com\\\/pt-pt\\\/\",\"logo\":{\"@type\":\"ImageObject\",\"inLanguage\":\"pt-PT\",\"@id\":\"https:\\\/\\\/www.barnestest.com\\\/pt-pt\\\/#\\\/schema\\\/logo\\\/image\\\/\",\"url\":\"https:\\\/\\\/www.barnestest.com\\\/wp-content\\\/uploads\\\/barnesinternationallogo_transparent.png\",\"contentUrl\":\"https:\\\/\\\/www.barnestest.com\\\/wp-content\\\/uploads\\\/barnesinternationallogo_transparent.png\",\"width\":1712,\"height\":484,\"caption\":\"Barnes International\"},\"image\":{\"@id\":\"https:\\\/\\\/www.barnestest.com\\\/pt-pt\\\/#\\\/schema\\\/logo\\\/image\\\/\"},\"sameAs\":[\"https:\\\/\\\/x.com\\\/barnes_test\",\"https:\\\/\\\/www.linkedin.com\\\/company\\\/barnes-international-ltd\\\/\",\"https:\\\/\\\/www.youtube.com\\\/channel\\\/UC5_Lit5ykPemqDHnHda0bvw\"]}]}<\/script>\n<!-- \/ Yoast SEO plugin. -->","yoast_head_json":{"title":"O Que Nos Torna Diferentes | Sobre N\u00f3s | Barnes International Limited","description":"Com uma equipe dedicada de especialistas do setor e d\u00e9cadas de experi\u00eancia combinada, a Barnes se estabeleceu como o principal parceiro de ferramentas de teste EMV e tarja magn\u00e9tica para institui\u00e7\u00f5es financeiras, bancos e emissores e mais, no mundo inteiro. Saiba mais aqui.","robots":{"index":"index","follow":"follow","max-snippet":"max-snippet:-1","max-image-preview":"max-image-preview:large","max-video-preview":"max-video-preview:-1"},"canonical":"https:\/\/www.barnestest.com\/pt-pt\/sobre-nos\/o-que-nos-torna-diferentes\/","og_locale":"pt_PT","og_type":"article","og_title":"O Que Nos Torna Diferentes | Sobre N\u00f3s | Barnes International Limited","og_description":"Com uma equipe dedicada de especialistas do setor e d\u00e9cadas de experi\u00eancia combinada, a Barnes se estabeleceu como o principal parceiro de ferramentas de teste EMV e tarja magn\u00e9tica para institui\u00e7\u00f5es financeiras, bancos e emissores e mais, no mundo inteiro. Saiba mais aqui.","og_url":"https:\/\/www.barnestest.com\/pt-pt\/sobre-nos\/o-que-nos-torna-diferentes\/","og_site_name":"Barnes International","article_modified_time":"2022-02-03T15:55:55+00:00","og_image":[{"width":183,"height":43,"url":"https:\/\/www.barnestest.com\/wp-content\/uploads\/barnes-logo.png","type":"image\/png"}],"twitter_card":"summary_large_image","twitter_site":"@barnes_test","twitter_misc":{"Tempo estimado de leitura":"2 minutos"},"schema":{"@context":"https:\/\/schema.org","@graph":[{"@type":"WebPage","@id":"https:\/\/www.barnestest.com\/pt-pt\/sobre-nos\/o-que-nos-torna-diferentes\/","url":"https:\/\/www.barnestest.com\/pt-pt\/sobre-nos\/o-que-nos-torna-diferentes\/","name":"O Que Nos Torna Diferentes | Sobre N\u00f3s | Barnes International Limited","isPartOf":{"@id":"https:\/\/www.barnestest.com\/pt-pt\/#website"},"datePublished":"2022-01-25T16:23:16+00:00","dateModified":"2022-02-03T15:55:55+00:00","description":"Com uma equipe dedicada de especialistas do setor e d\u00e9cadas de experi\u00eancia combinada, a Barnes se estabeleceu como o principal parceiro de ferramentas de teste EMV e tarja magn\u00e9tica para institui\u00e7\u00f5es financeiras, bancos e emissores e mais, no mundo inteiro. Saiba mais aqui.","breadcrumb":{"@id":"https:\/\/www.barnestest.com\/pt-pt\/sobre-nos\/o-que-nos-torna-diferentes\/#breadcrumb"},"inLanguage":"pt-PT","potentialAction":[{"@type":"ReadAction","target":["https:\/\/www.barnestest.com\/pt-pt\/sobre-nos\/o-que-nos-torna-diferentes\/"]}]},{"@type":"BreadcrumbList","@id":"https:\/\/www.barnestest.com\/pt-pt\/sobre-nos\/o-que-nos-torna-diferentes\/#breadcrumb","itemListElement":[{"@type":"ListItem","position":1,"name":"Home","item":"https:\/\/www.barnestest.com\/pt-pt\/"},{"@type":"ListItem","position":2,"name":"Sobre N\u00f3s","item":"https:\/\/www.barnestest.com\/pt-pt\/sobre-nos\/"},{"@type":"ListItem","position":3,"name":"O Que Nos Torna Diferentes"}]},{"@type":"WebSite","@id":"https:\/\/www.barnestest.com\/pt-pt\/#website","url":"https:\/\/www.barnestest.com\/pt-pt\/","name":"Barnes International","description":"a leading provider of magnetic stripe and EMV test tools, training and consulting","publisher":{"@id":"https:\/\/www.barnestest.com\/pt-pt\/#organization"},"potentialAction":[{"@type":"SearchAction","target":{"@type":"EntryPoint","urlTemplate":"https:\/\/www.barnestest.com\/pt-pt\/?s={search_term_string}"},"query-input":{"@type":"PropertyValueSpecification","valueRequired":true,"valueName":"search_term_string"}}],"inLanguage":"pt-PT"},{"@type":"Organization","@id":"https:\/\/www.barnestest.com\/pt-pt\/#organization","name":"Barnes International","url":"https:\/\/www.barnestest.com\/pt-pt\/","logo":{"@type":"ImageObject","inLanguage":"pt-PT","@id":"https:\/\/www.barnestest.com\/pt-pt\/#\/schema\/logo\/image\/","url":"https:\/\/www.barnestest.com\/wp-content\/uploads\/barnesinternationallogo_transparent.png","contentUrl":"https:\/\/www.barnestest.com\/wp-content\/uploads\/barnesinternationallogo_transparent.png","width":1712,"height":484,"caption":"Barnes International"},"image":{"@id":"https:\/\/www.barnestest.com\/pt-pt\/#\/schema\/logo\/image\/"},"sameAs":["https:\/\/x.com\/barnes_test","https:\/\/www.linkedin.com\/company\/barnes-international-ltd\/","https:\/\/www.youtube.com\/channel\/UC5_Lit5ykPemqDHnHda0bvw"]}]}},"_links":{"self":[{"href":"https:\/\/www.barnestest.com\/pt-pt\/wp-json\/wp\/v2\/pages\/7462","targetHints":{"allow":["GET"]}}],"collection":[{"href":"https:\/\/www.barnestest.com\/pt-pt\/wp-json\/wp\/v2\/pages"}],"about":[{"href":"https:\/\/www.barnestest.com\/pt-pt\/wp-json\/wp\/v2\/types\/page"}],"author":[{"embeddable":true,"href":"https:\/\/www.barnestest.com\/pt-pt\/wp-json\/wp\/v2\/users\/1"}],"replies":[{"embeddable":true,"href":"https:\/\/www.barnestest.com\/pt-pt\/wp-json\/wp\/v2\/comments?post=7462"}],"version-history":[{"count":0,"href":"https:\/\/www.barnestest.com\/pt-pt\/wp-json\/wp\/v2\/pages\/7462\/revisions"}],"up":[{"embeddable":true,"href":"https:\/\/www.barnestest.com\/pt-pt\/wp-json\/wp\/v2\/pages\/7432"}],"wp:attachment":[{"href":"https:\/\/www.barnestest.com\/pt-pt\/wp-json\/wp\/v2\/media?parent=7462"}],"curies":[{"name":"wp","href":"https:\/\/api.w.org\/{rel}","templated":true}]}}