{"id":7577,"date":"2022-01-31T10:50:12","date_gmt":"2022-01-31T10:50:12","guid":{"rendered":"https:\/\/www.barnestest.com\/setores\/operadoras-de-rede-movel\/"},"modified":"2022-02-16T16:06:22","modified_gmt":"2022-02-16T16:06:22","slug":"operadoras-de-rede-movel","status":"publish","type":"page","link":"https:\/\/www.barnestest.com\/pt-pt\/setores\/operadoras-de-rede-movel\/","title":{"rendered":"Operadoras de Rede M\u00f3vel"},"content":{"rendered":"<div class=\"wpb-content-wrapper\">[mk_page_section bg_image=&#8221;https:\/\/www.barnestest.com\/wp-content\/uploads\/mobile-network-operators-bg.jpg&#8221; bg_position=&#8221;right top&#8221; bg_repeat=&#8221;no-repeat&#8221; bg_stretch=&#8221;true&#8221; padding_top=&#8221;60&#8243; padding_bottom=&#8221;60&#8243; sidebar=&#8221;sidebar-1&#8243;][vc_column width=&#8221;8\/12&#8243;][mk_fancy_title tag_name=&#8221;h1&#8243; color=&#8221;#25334b&#8221; size=&#8221;20&#8243; font_weight=&#8221;bold&#8221; margin_bottom=&#8221;0&#8243; font_family=&#8221;none&#8221; animation=&#8221;left-to-right&#8221;]Operadoras de Rede M\u00f3vel[\/mk_fancy_title][mk_fancy_title color=&#8221;#25334b&#8221; size=&#8221;32&#8243; font_weight=&#8221;400&#8243; margin_bottom=&#8221;0&#8243; font_family=&#8221;none&#8221; animation=&#8221;fade-in&#8221;]Aproveite todo o potencial<br \/>\ndos pagamentos m\u00f3veis NFC[\/mk_fancy_title][vc_column_text css=&#8221;.vc_custom_1551690815691{margin-bottom: 0px !important;}&#8221;]<span style=\"font-size: 18px;\">O pagamento por NFC \u00e9 uma tecnologia comprovada e est\u00e1 se beneficiando da introdu\u00e7\u00e3o dos padr\u00f5es de Emula\u00e7\u00e3o de Cart\u00e3o de Host (HCE &#8211; <em>Host Card Emulation<\/em>). A Barnes est\u00e1 trabalhando com a ind\u00fastria e Operadoras de Rede M\u00f3vel que desejam desenvolver produtos m\u00f3veis ou HCE.<\/span>[\/vc_column_text][\/vc_column][vc_column width=&#8221;1\/12&#8243;][\/vc_column][vc_column width=&#8221;1\/4&#8243;][\/vc_column][\/mk_page_section][mk_page_section bg_color=&#8221;#9ca5b9&#8243; bg_position=&#8221;left center&#8221; padding_top=&#8221;60&#8243; padding_bottom=&#8221;60&#8243; sidebar=&#8221;sidebar-1&#8243;][vc_column width=&#8221;1\/6&#8243;][\/vc_column][vc_column width=&#8221;2\/3&#8243;][mk_fancy_title color=&#8221;#ffffff&#8221; size=&#8221;32&#8243; font_weight=&#8221;400&#8243; margin_bottom=&#8221;0&#8243; font_family=&#8221;none&#8221; animation=&#8221;fade-in&#8221;]Valide aplicativos de pagamento m\u00f3vel em interfaces NFC, SWP e ISO[\/mk_fancy_title][vc_column_text el_class=&#8221;whitetext&#8221; css=&#8221;.vc_custom_1551690822504{margin-bottom: 0px !important;}&#8221;]<span style=\"font-size: 16px;\">A Barnes oferece ferramentas para a valida\u00e7\u00e3o da personaliza\u00e7\u00e3o durante o desenvolvimento de aplicativos de pagamento e ferramentas para a certifica\u00e7\u00e3o que s\u00e3o muito \u00fateis para as Operadoras de Rede M\u00f3vel para testar aplicativos de pagamento em cart\u00f5es SIM ou por NFC. As ferramentas de valida\u00e7\u00e3o da personaliza\u00e7\u00e3o da Barnes podem testar aplicativos de pagamento em interfaces NFC, SWP e ISO e abranger testes de aplicativos HCE. As especifica\u00e7\u00f5es m\u00f3veis dos Esquemas de Pagamento s\u00e3o cobertas pelas ferramentas.<\/span>[\/vc_column_text][\/vc_column][vc_column width=&#8221;1\/6&#8243;][\/vc_column][\/mk_page_section][mk_page_section bg_color=&#8221;#efefef&#8221; sidebar=&#8221;sidebar-1&#8243;][vc_column][mk_padding_divider][mk_fancy_title color=&#8221;#012395&#8243; size=&#8221;45&#8243; font_weight=&#8221;300&#8243; margin_bottom=&#8221;0&#8243; font_family=&#8221;none&#8221; align=&#8221;center&#8221;]<span class=\"VIiyi\" lang=\"en\"><span class=\"JLqJ4b ChMk0b\" data-language-for-alternatives=\"en\" data-language-to-translate-into=\"fr\" data-phrase-index=\"0\">Produtos Recomendados pela Barnes<\/span><\/span>[\/mk_fancy_title][mk_padding_divider size=&#8221;45&#8243;][vc_row_inner el_class=&#8221;o2c-how&#8221;][vc_column_inner width=&#8221;1\/4&#8243;][\/vc_column_inner][vc_column_inner width=&#8221;1\/4&#8243;][mk_image_switch src_first=&#8221;https:\/\/www.barnestest.com\/wp-content\/uploads\/nfc-logo.png&#8221; src_second=&#8221;https:\/\/www.barnestest.com\/wp-content\/uploads\/nfc-logo-cadre.png&#8221; image_width=&#8221;180&#8243; image_height=&#8221;180&#8243; align=&#8221;center&#8221; margin_bottom=&#8221;0&#8243; animation=&#8221;left-to-right&#8221; link=&#8221;url:https%3A%2F%2Fwww.barnestest.com%2Fpt-pt%2Fferramentas-de-teste%2Fpagamentos-moveis-por-nfc%2F|title:NFC%20Mobile%20Payments||&#8221;][vc_custom_heading text=&#8221;Pagamentos M\u00f3veis por NFC&#8221; font_container=&#8221;tag:p|font_size:14|text_align:center|color:%231b254f&#8221; use_theme_fonts=&#8221;yes&#8221; css_animation=&#8221;left-to-right&#8221; css=&#8221;.vc_custom_1643906349942{padding-top: 10px !important;padding-right: 10px !important;padding-left: 10px !important;}&#8221; link=&#8221;url:https%3A%2F%2Fwww.barnestest.com%2Fpt-pt%2Fferramentas-de-teste%2Fpagamentos-moveis-por-nfc%2F|title:Pagamentos%20M%C3%B3veis%20por%20NFC||&#8221;][\/vc_column_inner][vc_column_inner width=&#8221;1\/4&#8243;][mk_image_switch src_first=&#8221;https:\/\/www.barnestest.com\/wp-content\/uploads\/emv-trg-logo.png&#8221; src_second=&#8221;https:\/\/www.barnestest.com\/wp-content\/uploads\/emv-trg-logo-cadre.png&#8221; image_width=&#8221;180&#8243; image_height=&#8221;180&#8243; align=&#8221;center&#8221; margin_bottom=&#8221;0&#8243; animation=&#8221;right-to-left&#8221; link=&#8221;url:https%3A%2F%2Fwww.barnestest.com%2Fpt-pt%2Fservicos%2Fformacao-em-emv%2F|title:EMV%20Training||&#8221;][vc_custom_heading text=&#8221;Forma\u00e7\u00e3o em EMV&#8221; font_container=&#8221;tag:p|font_size:14|text_align:center|color:%231b254f&#8221; use_theme_fonts=&#8221;yes&#8221; css_animation=&#8221;right-to-left&#8221; css=&#8221;.vc_custom_1643906363712{padding-top: 10px !important;padding-right: 10px !important;padding-left: 10px !important;}&#8221; link=&#8221;url:https%3A%2F%2Fwww.barnestest.com%2Fpt-pt%2Fservicos%2Fformacao-em-emv%2F|title:Forma%C3%A7%C3%A3o%20em%20EMV||&#8221;][\/vc_column_inner][vc_column_inner width=&#8221;1\/4&#8243;][\/vc_column_inner][\/vc_row_inner][mk_padding_divider][\/vc_column][\/mk_page_section][mk_page_section][vc_column][mk_padding_divider][mk_fancy_title color=&#8221;#012395&#8243; size=&#8221;45&#8243; font_weight=&#8221;300&#8243; margin_bottom=&#8221;0&#8243; font_family=&#8221;none&#8221; align=&#8221;center&#8221;]Como podemos ajudar?[\/mk_fancy_title][mk_padding_divider size=&#8221;45&#8243;][vc_row_inner el_class=&#8221;o2c-how&#8221;][vc_column_inner width=&#8221;1\/4&#8243;][\/vc_column_inner][vc_column_inner width=&#8221;1\/4&#8243;][mk_image_switch src_first=&#8221;https:\/\/www.barnestest.com\/wp-content\/uploads\/icon-payments-nocircle.png&#8221; src_second=&#8221;https:\/\/www.barnestest.com\/wp-content\/uploads\/icon-payments-circle.png&#8221; image_width=&#8221;105&#8243; image_height=&#8221;105&#8243; crop=&#8221;false&#8221; align=&#8221;center&#8221; margin_bottom=&#8221;0&#8243; animation=&#8221;left-to-right&#8221; link=&#8221;url:https%3A%2F%2Fwww.barnestest.com%2Fpt-pt%2Fferramentas-de-teste%2Fpagamentos-moveis-por-nfc%2F|||&#8221;][vc_custom_heading text=&#8221;Testes de EMV, NFC e pagamentos m\u00f3veis &#8221; font_container=&#8221;tag:p|font_size:14|text_align:center|color:%23744093&#8243; use_theme_fonts=&#8221;yes&#8221; css_animation=&#8221;left-to-right&#8221; css=&#8221;.vc_custom_1643906388806{padding-right: 10px !important;padding-left: 10px !important;}&#8221; link=&#8221;url:https%3A%2F%2Fwww.barnestest.com%2Fpt-pt%2Fferramentas-de-teste%2Fpagamentos-moveis-por-nfc%2F|title:Pagamentos%20M%C3%B3veis%20por%20NFC||&#8221;][\/vc_column_inner][vc_column_inner width=&#8221;1\/4&#8243;][mk_image_switch src_first=&#8221;https:\/\/www.barnestest.com\/wp-content\/uploads\/icon-training-nocircle.png&#8221; src_second=&#8221;https:\/\/www.barnestest.com\/wp-content\/uploads\/icon-training-circle.png&#8221; image_width=&#8221;105&#8243; image_height=&#8221;105&#8243; crop=&#8221;false&#8221; align=&#8221;center&#8221; margin_bottom=&#8221;0&#8243; animation=&#8221;right-to-left&#8221; link=&#8221;url:https%3A%2F%2Fwww.barnestest.com%2Fpt-pt%2Fservicos%2Fformacao-em-emv%2F|||&#8221;][vc_custom_heading text=&#8221;Forma\u00e7\u00e3o em EMV e Magstripe &#8221; font_container=&#8221;tag:p|font_size:14|text_align:center|color:%23c966a1&#8243; use_theme_fonts=&#8221;yes&#8221; css_animation=&#8221;right-to-left&#8221; css=&#8221;.vc_custom_1643906403896{padding-right: 10px !important;padding-left: 10px !important;}&#8221; link=&#8221;url:https%3A%2F%2Fwww.barnestest.com%2Fpt-pt%2Fservicos%2Fformacao-em-emv%2F|title:Forma%C3%A7%C3%A3o%20em%20EMV||&#8221;][\/vc_column_inner][vc_column_inner width=&#8221;1\/4&#8243;][\/vc_column_inner][\/vc_row_inner][mk_padding_divider][\/vc_column][\/mk_page_section][mk_page_section bg_color=&#8221;#3d5e8b&#8221; bg_position=&#8221;center center&#8221; bg_stretch=&#8221;true&#8221; padding_top=&#8221;60&#8243; padding_bottom=&#8221;40&#8243; sidebar=&#8221;sidebar-1&#8243;][vc_column width=&#8221;1\/6&#8243;][\/vc_column][vc_column width=&#8221;2\/3&#8243;][vc_column_text el_class=&#8221;whitetext&#8221; css=&#8221;.vc_custom_1538560695721{margin-bottom: 0px !important;}&#8221;]\n<p style=\"text-align: center;\"><span style=\"font-size: 18px;\"><em>Clouding The Issue<\/em>: Cart\u00f5es de pagamento sem contato, celulares e o \u201c<em>Cloud<\/em>\u201d<\/span><\/p>\n[\/vc_column_text][mk_button dimension=&#8221;flat&#8221; corner_style=&#8221;full_rounded&#8221; size=&#8221;large&#8221; url=&#8221;\/wp-content\/uploads\/barnes-white-paper-clouding-the-issue-contactless-payment-cards-mobile-phones-and-the-cloud.pdf&#8221; target=&#8221;_blank&#8221; align=&#8221;center&#8221; margin_bottom=&#8221;0&#8243; margin_right=&#8221;0&#8243; animation=&#8221;left-to-right&#8221; el_class=&#8221;o2c-periwinkle-dark-button&#8221; bg_color=&#8221;#ffffff&#8221; btn_hover_bg=&#8221;#eaedf1&#8243; text_color=&#8221;dark&#8221; btn_hover_txt_color=&#8221;#666666&#8243;]Ler Livro Branco[\/mk_button][\/vc_column][vc_column width=&#8221;1\/6&#8243;][\/vc_column][\/mk_page_section][mk_page_section bg_color=&#8221;#0098db&#8221; el_class=&#8221;o2c-white-contact&#8221; sidebar=&#8221;sidebar-1&#8243;][vc_column width=&#8221;1\/12&#8243;][\/vc_column][vc_column width=&#8221;10\/12&#8243;][mk_padding_divider size=&#8221;65&#8243;][mk_fancy_title color=&#8221;#ffffff&#8221; size=&#8221;32&#8243; font_weight=&#8221;400&#8243; margin_bottom=&#8221;0&#8243; font_family=&#8221;none&#8221; align=&#8221;center&#8221; animation=&#8221;fade-in&#8221;]Quer saber mais?[\/mk_fancy_title][mk_padding_divider size=&#8221;30&#8243;]\n<div class=\"wpcf7 no-js\" id=\"wpcf7-f7435-o1\" lang=\"en-US\" dir=\"ltr\" data-wpcf7-id=\"7435\">\n<div class=\"screen-reader-response\"><p role=\"status\" aria-live=\"polite\" aria-atomic=\"true\"><\/p> <ul><\/ul><\/div>\n<form action=\"\/pt-pt\/wp-json\/wp\/v2\/pages\/7577#wpcf7-f7435-o1\" method=\"post\" class=\"wpcf7-form init\" aria-label=\"Contact form\" novalidate=\"novalidate\" data-status=\"init\">\n<fieldset class=\"hidden-fields-container\"><input type=\"hidden\" name=\"_wpcf7\" value=\"7435\" \/><input type=\"hidden\" name=\"_wpcf7_version\" value=\"6.1.5\" \/><input type=\"hidden\" name=\"_wpcf7_locale\" value=\"en_US\" \/><input type=\"hidden\" name=\"_wpcf7_unit_tag\" value=\"wpcf7-f7435-o1\" \/><input type=\"hidden\" name=\"_wpcf7_container_post\" value=\"0\" \/><input type=\"hidden\" name=\"_wpcf7_posted_data_hash\" value=\"\" \/><input type=\"hidden\" name=\"_wpcf7_recaptcha_response\" value=\"\" \/>\n<\/fieldset>\n<div class=\"o2c-fullwidth\">\n\t<div class=\"o2c-break1\">\n\t\t<p><span class=\"wpcf7-form-control-wrap\" data-name=\"full-name\"><input size=\"40\" maxlength=\"400\" class=\"wpcf7-form-control wpcf7-text wpcf7-validates-as-required o2c-text-field\" aria-required=\"true\" aria-invalid=\"false\" placeholder=\"Nome Completo\" value=\"\" type=\"text\" name=\"full-name\" \/><\/span><br \/>\n<span class=\"wpcf7-form-control-wrap\" data-name=\"company-name\"><input size=\"40\" maxlength=\"400\" class=\"wpcf7-form-control wpcf7-text wpcf7-validates-as-required o2c-text-field\" aria-required=\"true\" aria-invalid=\"false\" placeholder=\"Empresa\" value=\"\" type=\"text\" name=\"company-name\" \/><\/span><br \/>\n<span class=\"wpcf7-form-control-wrap\" data-name=\"customer-email\"><input size=\"40\" maxlength=\"400\" class=\"wpcf7-form-control wpcf7-email wpcf7-validates-as-required wpcf7-text wpcf7-validates-as-email o2c-email-field\" aria-required=\"true\" aria-invalid=\"false\" placeholder=\"E-mail\" value=\"\" type=\"email\" name=\"customer-email\" \/><\/span><br \/>\n<span class=\"wpcf7-form-control-wrap\" data-name=\"customer-telephone\"><input size=\"40\" maxlength=\"400\" class=\"wpcf7-form-control wpcf7-tel wpcf7-text wpcf7-validates-as-tel o2c-text-field\" aria-invalid=\"false\" placeholder=\"Telefone\" value=\"\" type=\"tel\" name=\"customer-telephone\" \/><\/span><br \/>\n\t\t<span class=\"wpcf7-form-control-wrap recaptcha\" data-name=\"recaptcha\"><span data-sitekey=\"6LfV16QUAAAAAAoDHi55y8SiR8vm8sVeBlZMDHpb\" class=\"wpcf7-form-control wpcf7-recaptcha g-recaptcha\"><\/span>\r\n<noscript>\r\n\t<div class=\"grecaptcha-noscript\">\r\n\t\t<iframe src=\"https:\/\/www.google.com\/recaptcha\/api\/fallback?k=6LfV16QUAAAAAAoDHi55y8SiR8vm8sVeBlZMDHpb\" frameborder=\"0\" scrolling=\"no\" width=\"310\" height=\"430\">\r\n\t\t<\/iframe>\r\n\t\t<textarea name=\"g-recaptcha-response\" rows=\"3\" cols=\"40\" placeholder=\"reCaptcha Response Here\">\r\n\t\t<\/textarea>\r\n\t<\/div>\r\n<\/noscript>\r\n<\/span>\n\t\t<\/p>\n\t<\/div>\n\t<div class=\"o2c-break2\">\n\t\t<p><span class=\"wpcf7-form-control-wrap\" data-name=\"customer-query\"><textarea cols=\"40\" rows=\"10\" maxlength=\"2000\" class=\"wpcf7-form-control wpcf7-textarea o2c-text-area\" aria-invalid=\"false\" placeholder=\"Mensagem\" name=\"customer-query\"><\/textarea><\/span>\n\t\t<\/p>\n\t\t<div class=\"o2c-subscribe\">\n\t\t\t<p><span class=\"wpcf7-form-control-wrap\" data-name=\"checkbox-21\"><span class=\"wpcf7-form-control wpcf7-checkbox\"><span class=\"wpcf7-list-item first last\"><input type=\"checkbox\" name=\"checkbox-21[]\" value=\"Inscreva-se e receba nossas atualiza\u00e7\u00f5es de produto\" \/><span class=\"wpcf7-list-item-label\">Inscreva-se e receba nossas atualiza\u00e7\u00f5es de produto<\/span><\/span><\/span><\/span><br \/>\n<input class=\"wpcf7-form-control wpcf7-submit has-spinner o2c-submit\" type=\"submit\" value=\"Enviar\" \/>\n\t\t\t<\/p>\n\t\t<\/div>\n\t<\/div>\n<\/div>\n<div class=\"gdpr-text-contact\">\n\t<p>Este formul\u00e1rio coleta seu nome, e-mail e n\u00famero de telefone para que possamos manter contato com voc\u00ea em rela\u00e7\u00e3o \u00e0 sua consulta. Nossa <a href=\"\/privacy-policy\/\">Pol\u00edtica de Privacidade<\/a> fornecer\u00e1 mais informa\u00e7\u00f5es sobre como esses dados s\u00e3o protegidos e gerenciados.\n\t<\/p>\n\t<div class=\"gpdr-tick-box-contact\">\n\t\t<p><span class=\"wpcf7-form-control-wrap\" data-name=\"GDPR\"><span class=\"wpcf7-form-control wpcf7-checkbox wpcf7-validates-as-required\"><span class=\"wpcf7-list-item first last\"><input type=\"checkbox\" name=\"GDPR[]\" value=\"Autorizo que a Barnes International recolha os meus dados.\" \/><span class=\"wpcf7-list-item-label\">Autorizo que a Barnes International recolha os meus dados.<\/span><\/span><\/span><\/span>\n\t\t<\/p>\n\t<\/div>\n<\/div><div class=\"wpcf7-response-output\" aria-hidden=\"true\"><\/div>\n<\/form>\n<\/div>\n[mk_padding_divider size=&#8221;65&#8243;][\/vc_column][vc_column width=&#8221;1\/12&#8243;][\/vc_column][\/mk_page_section]\n<\/div>","protected":false},"excerpt":{"rendered":"<p>[mk_page_section bg_image=&#8221;https:\/\/www.barnestest.com\/wp-content\/uploads\/mobile-network-operators-bg.jpg&#8221; bg_position=&#8221;right top&#8221; bg_repeat=&#8221;no-repeat&#8221; bg_stretch=&#8221;true&#8221; padding_top=&#8221;60&#8243; padding_bottom=&#8221;60&#8243; sidebar=&#8221;sidebar-1&#8243;][vc_column width=&#8221;8\/12&#8243;][mk_fancy_title tag_name=&#8221;h1&#8243; color=&#8221;#25334b&#8221; size=&#8221;20&#8243; font_weight=&#8221;bold&#8221; margin_bottom=&#8221;0&#8243; font_family=&#8221;none&#8221; animation=&#8221;left-to-right&#8221;]Operadoras de Rede M\u00f3vel[\/mk_fancy_title][mk_fancy_title color=&#8221;#25334b&#8221; size=&#8221;32&#8243; font_weight=&#8221;400&#8243; margin_bottom=&#8221;0&#8243; font_family=&#8221;none&#8221; animation=&#8221;fade-in&#8221;]Aproveite todo o potencial dos pagamentos m\u00f3veis NFC[\/mk_fancy_title][vc_column_text css=&#8221;.vc_custom_1551690815691{margin-bottom: 0px !important;}&#8221;]O pagamento por NFC \u00e9 uma tecnologia comprovada e est\u00e1 se beneficiando da introdu\u00e7\u00e3o dos padr\u00f5es de Emula\u00e7\u00e3o de Cart\u00e3o [&hellip;]<\/p>\n","protected":false},"author":1,"featured_media":0,"parent":7509,"menu_order":0,"comment_status":"closed","ping_status":"closed","template":"","meta":{"footnotes":""},"class_list":["post-7577","page","type-page","status-publish","hentry"],"yoast_head":"<!-- This site is optimized with the Yoast SEO plugin v27.3 - https:\/\/yoast.com\/product\/yoast-seo-wordpress\/ -->\n<title>Operadoras de Rede M\u00f3vel | Setores | Barnes International Limited<\/title>\n<meta name=\"description\" content=\"As operadoras de rede m\u00f3vel usam nossas ferramentas de personaliza\u00e7\u00e3o durante o desenvolvimento de aplicativos de pagamento para testar cart\u00f5es SIM (NFC, SWP e ISO), cobrindo o teste de aplicativos HCE. Saiba mais aqui.\" \/>\n<meta name=\"robots\" content=\"index, follow, max-snippet:-1, max-image-preview:large, max-video-preview:-1\" \/>\n<link rel=\"canonical\" href=\"https:\/\/www.barnestest.com\/pt-pt\/setores\/operadoras-de-rede-movel\/\" \/>\n<meta property=\"og:locale\" content=\"pt_PT\" \/>\n<meta property=\"og:type\" content=\"article\" \/>\n<meta property=\"og:title\" content=\"Operadoras de Rede M\u00f3vel | Setores | Barnes International Limited\" \/>\n<meta property=\"og:description\" content=\"As operadoras de rede m\u00f3vel usam nossas ferramentas de personaliza\u00e7\u00e3o durante o desenvolvimento de aplicativos de pagamento para testar cart\u00f5es SIM (NFC, SWP e ISO), cobrindo o teste de aplicativos HCE. Saiba mais aqui.\" \/>\n<meta property=\"og:url\" content=\"https:\/\/www.barnestest.com\/pt-pt\/setores\/operadoras-de-rede-movel\/\" \/>\n<meta property=\"og:site_name\" content=\"Barnes International\" \/>\n<meta property=\"article:modified_time\" content=\"2022-02-16T16:06:22+00:00\" \/>\n<meta property=\"og:image\" content=\"https:\/\/www.barnestest.com\/wp-content\/uploads\/barnes-logo.png\" \/>\n\t<meta property=\"og:image:width\" content=\"183\" \/>\n\t<meta property=\"og:image:height\" content=\"43\" \/>\n\t<meta property=\"og:image:type\" content=\"image\/png\" \/>\n<meta name=\"twitter:card\" content=\"summary_large_image\" \/>\n<meta name=\"twitter:site\" content=\"@barnes_test\" \/>\n<meta name=\"twitter:label1\" content=\"Tempo estimado de leitura\" \/>\n\t<meta name=\"twitter:data1\" content=\"2 minutos\" \/>\n<script type=\"application\/ld+json\" class=\"yoast-schema-graph\">{\"@context\":\"https:\\\/\\\/schema.org\",\"@graph\":[{\"@type\":\"WebPage\",\"@id\":\"https:\\\/\\\/www.barnestest.com\\\/pt-pt\\\/setores\\\/operadoras-de-rede-movel\\\/\",\"url\":\"https:\\\/\\\/www.barnestest.com\\\/pt-pt\\\/setores\\\/operadoras-de-rede-movel\\\/\",\"name\":\"Operadoras de Rede M\u00f3vel | Setores | Barnes International Limited\",\"isPartOf\":{\"@id\":\"https:\\\/\\\/www.barnestest.com\\\/pt-pt\\\/#website\"},\"datePublished\":\"2022-01-31T10:50:12+00:00\",\"dateModified\":\"2022-02-16T16:06:22+00:00\",\"description\":\"As operadoras de rede m\u00f3vel usam nossas ferramentas de personaliza\u00e7\u00e3o durante o desenvolvimento de aplicativos de pagamento para testar cart\u00f5es SIM (NFC, SWP e ISO), cobrindo o teste de aplicativos HCE. Saiba mais aqui.\",\"breadcrumb\":{\"@id\":\"https:\\\/\\\/www.barnestest.com\\\/pt-pt\\\/setores\\\/operadoras-de-rede-movel\\\/#breadcrumb\"},\"inLanguage\":\"pt-PT\",\"potentialAction\":[{\"@type\":\"ReadAction\",\"target\":[\"https:\\\/\\\/www.barnestest.com\\\/pt-pt\\\/setores\\\/operadoras-de-rede-movel\\\/\"]}]},{\"@type\":\"BreadcrumbList\",\"@id\":\"https:\\\/\\\/www.barnestest.com\\\/pt-pt\\\/setores\\\/operadoras-de-rede-movel\\\/#breadcrumb\",\"itemListElement\":[{\"@type\":\"ListItem\",\"position\":1,\"name\":\"Home\",\"item\":\"https:\\\/\\\/www.barnestest.com\\\/pt-pt\\\/\"},{\"@type\":\"ListItem\",\"position\":2,\"name\":\"Setores\",\"item\":\"https:\\\/\\\/www.barnestest.com\\\/pt-pt\\\/setores\\\/\"},{\"@type\":\"ListItem\",\"position\":3,\"name\":\"Operadoras de Rede M\u00f3vel\"}]},{\"@type\":\"WebSite\",\"@id\":\"https:\\\/\\\/www.barnestest.com\\\/pt-pt\\\/#website\",\"url\":\"https:\\\/\\\/www.barnestest.com\\\/pt-pt\\\/\",\"name\":\"Barnes International\",\"description\":\"a leading provider of magnetic stripe and EMV test tools, training and consulting\",\"publisher\":{\"@id\":\"https:\\\/\\\/www.barnestest.com\\\/pt-pt\\\/#organization\"},\"potentialAction\":[{\"@type\":\"SearchAction\",\"target\":{\"@type\":\"EntryPoint\",\"urlTemplate\":\"https:\\\/\\\/www.barnestest.com\\\/pt-pt\\\/?s={search_term_string}\"},\"query-input\":{\"@type\":\"PropertyValueSpecification\",\"valueRequired\":true,\"valueName\":\"search_term_string\"}}],\"inLanguage\":\"pt-PT\"},{\"@type\":\"Organization\",\"@id\":\"https:\\\/\\\/www.barnestest.com\\\/pt-pt\\\/#organization\",\"name\":\"Barnes International\",\"url\":\"https:\\\/\\\/www.barnestest.com\\\/pt-pt\\\/\",\"logo\":{\"@type\":\"ImageObject\",\"inLanguage\":\"pt-PT\",\"@id\":\"https:\\\/\\\/www.barnestest.com\\\/pt-pt\\\/#\\\/schema\\\/logo\\\/image\\\/\",\"url\":\"https:\\\/\\\/www.barnestest.com\\\/wp-content\\\/uploads\\\/barnesinternationallogo_transparent.png\",\"contentUrl\":\"https:\\\/\\\/www.barnestest.com\\\/wp-content\\\/uploads\\\/barnesinternationallogo_transparent.png\",\"width\":1712,\"height\":484,\"caption\":\"Barnes International\"},\"image\":{\"@id\":\"https:\\\/\\\/www.barnestest.com\\\/pt-pt\\\/#\\\/schema\\\/logo\\\/image\\\/\"},\"sameAs\":[\"https:\\\/\\\/x.com\\\/barnes_test\",\"https:\\\/\\\/www.linkedin.com\\\/company\\\/barnes-international-ltd\\\/\",\"https:\\\/\\\/www.youtube.com\\\/channel\\\/UC5_Lit5ykPemqDHnHda0bvw\"]}]}<\/script>\n<!-- \/ Yoast SEO plugin. -->","yoast_head_json":{"title":"Operadoras de Rede M\u00f3vel | Setores | Barnes International Limited","description":"As operadoras de rede m\u00f3vel usam nossas ferramentas de personaliza\u00e7\u00e3o durante o desenvolvimento de aplicativos de pagamento para testar cart\u00f5es SIM (NFC, SWP e ISO), cobrindo o teste de aplicativos HCE. Saiba mais aqui.","robots":{"index":"index","follow":"follow","max-snippet":"max-snippet:-1","max-image-preview":"max-image-preview:large","max-video-preview":"max-video-preview:-1"},"canonical":"https:\/\/www.barnestest.com\/pt-pt\/setores\/operadoras-de-rede-movel\/","og_locale":"pt_PT","og_type":"article","og_title":"Operadoras de Rede M\u00f3vel | Setores | Barnes International Limited","og_description":"As operadoras de rede m\u00f3vel usam nossas ferramentas de personaliza\u00e7\u00e3o durante o desenvolvimento de aplicativos de pagamento para testar cart\u00f5es SIM (NFC, SWP e ISO), cobrindo o teste de aplicativos HCE. Saiba mais aqui.","og_url":"https:\/\/www.barnestest.com\/pt-pt\/setores\/operadoras-de-rede-movel\/","og_site_name":"Barnes International","article_modified_time":"2022-02-16T16:06:22+00:00","og_image":[{"width":183,"height":43,"url":"https:\/\/www.barnestest.com\/wp-content\/uploads\/barnes-logo.png","type":"image\/png"}],"twitter_card":"summary_large_image","twitter_site":"@barnes_test","twitter_misc":{"Tempo estimado de leitura":"2 minutos"},"schema":{"@context":"https:\/\/schema.org","@graph":[{"@type":"WebPage","@id":"https:\/\/www.barnestest.com\/pt-pt\/setores\/operadoras-de-rede-movel\/","url":"https:\/\/www.barnestest.com\/pt-pt\/setores\/operadoras-de-rede-movel\/","name":"Operadoras de Rede M\u00f3vel | Setores | Barnes International Limited","isPartOf":{"@id":"https:\/\/www.barnestest.com\/pt-pt\/#website"},"datePublished":"2022-01-31T10:50:12+00:00","dateModified":"2022-02-16T16:06:22+00:00","description":"As operadoras de rede m\u00f3vel usam nossas ferramentas de personaliza\u00e7\u00e3o durante o desenvolvimento de aplicativos de pagamento para testar cart\u00f5es SIM (NFC, SWP e ISO), cobrindo o teste de aplicativos HCE. Saiba mais aqui.","breadcrumb":{"@id":"https:\/\/www.barnestest.com\/pt-pt\/setores\/operadoras-de-rede-movel\/#breadcrumb"},"inLanguage":"pt-PT","potentialAction":[{"@type":"ReadAction","target":["https:\/\/www.barnestest.com\/pt-pt\/setores\/operadoras-de-rede-movel\/"]}]},{"@type":"BreadcrumbList","@id":"https:\/\/www.barnestest.com\/pt-pt\/setores\/operadoras-de-rede-movel\/#breadcrumb","itemListElement":[{"@type":"ListItem","position":1,"name":"Home","item":"https:\/\/www.barnestest.com\/pt-pt\/"},{"@type":"ListItem","position":2,"name":"Setores","item":"https:\/\/www.barnestest.com\/pt-pt\/setores\/"},{"@type":"ListItem","position":3,"name":"Operadoras de Rede M\u00f3vel"}]},{"@type":"WebSite","@id":"https:\/\/www.barnestest.com\/pt-pt\/#website","url":"https:\/\/www.barnestest.com\/pt-pt\/","name":"Barnes International","description":"a leading provider of magnetic stripe and EMV test tools, training and consulting","publisher":{"@id":"https:\/\/www.barnestest.com\/pt-pt\/#organization"},"potentialAction":[{"@type":"SearchAction","target":{"@type":"EntryPoint","urlTemplate":"https:\/\/www.barnestest.com\/pt-pt\/?s={search_term_string}"},"query-input":{"@type":"PropertyValueSpecification","valueRequired":true,"valueName":"search_term_string"}}],"inLanguage":"pt-PT"},{"@type":"Organization","@id":"https:\/\/www.barnestest.com\/pt-pt\/#organization","name":"Barnes International","url":"https:\/\/www.barnestest.com\/pt-pt\/","logo":{"@type":"ImageObject","inLanguage":"pt-PT","@id":"https:\/\/www.barnestest.com\/pt-pt\/#\/schema\/logo\/image\/","url":"https:\/\/www.barnestest.com\/wp-content\/uploads\/barnesinternationallogo_transparent.png","contentUrl":"https:\/\/www.barnestest.com\/wp-content\/uploads\/barnesinternationallogo_transparent.png","width":1712,"height":484,"caption":"Barnes International"},"image":{"@id":"https:\/\/www.barnestest.com\/pt-pt\/#\/schema\/logo\/image\/"},"sameAs":["https:\/\/x.com\/barnes_test","https:\/\/www.linkedin.com\/company\/barnes-international-ltd\/","https:\/\/www.youtube.com\/channel\/UC5_Lit5ykPemqDHnHda0bvw"]}]}},"_links":{"self":[{"href":"https:\/\/www.barnestest.com\/pt-pt\/wp-json\/wp\/v2\/pages\/7577","targetHints":{"allow":["GET"]}}],"collection":[{"href":"https:\/\/www.barnestest.com\/pt-pt\/wp-json\/wp\/v2\/pages"}],"about":[{"href":"https:\/\/www.barnestest.com\/pt-pt\/wp-json\/wp\/v2\/types\/page"}],"author":[{"embeddable":true,"href":"https:\/\/www.barnestest.com\/pt-pt\/wp-json\/wp\/v2\/users\/1"}],"replies":[{"embeddable":true,"href":"https:\/\/www.barnestest.com\/pt-pt\/wp-json\/wp\/v2\/comments?post=7577"}],"version-history":[{"count":0,"href":"https:\/\/www.barnestest.com\/pt-pt\/wp-json\/wp\/v2\/pages\/7577\/revisions"}],"up":[{"embeddable":true,"href":"https:\/\/www.barnestest.com\/pt-pt\/wp-json\/wp\/v2\/pages\/7509"}],"wp:attachment":[{"href":"https:\/\/www.barnestest.com\/pt-pt\/wp-json\/wp\/v2\/media?parent=7577"}],"curies":[{"name":"wp","href":"https:\/\/api.w.org\/{rel}","templated":true}]}}