{"id":7609,"date":"2022-01-31T15:22:53","date_gmt":"2022-01-31T15:22:53","guid":{"rendered":"https:\/\/www.barnestest.com\/servicos\/consultoria-em-emissao-de-cartoes\/"},"modified":"2022-01-31T15:30:20","modified_gmt":"2022-01-31T15:30:20","slug":"consultoria-em-emissao-de-cartoes","status":"publish","type":"page","link":"https:\/\/www.barnestest.com\/pt-pt\/servicos\/consultoria-em-emissao-de-cartoes\/","title":{"rendered":"Consultoria em Emiss\u00e3o de Cart\u00f5es"},"content":{"rendered":"[mk_page_section bg_image=&#8221;http:\/\/www.barnestest.com\/wp-content\/uploads\/emv-consultancy-bg.jpg&#8221; bg_position=&#8221;center center&#8221; bg_repeat=&#8221;no-repeat&#8221; bg_stretch=&#8221;true&#8221; padding_top=&#8221;60&#8243; padding_bottom=&#8221;60&#8243; sidebar=&#8221;sidebar-1&#8243;][vc_column width=&#8221;6\/12&#8243;][mk_fancy_title tag_name=&#8221;h1&#8243; color=&#8221;#ffffff&#8221; size=&#8221;20&#8243; font_weight=&#8221;bold&#8221; margin_bottom=&#8221;0&#8243; font_family=&#8221;none&#8221; animation=&#8221;left-to-right&#8221;]Consultoria em Emiss\u00e3o de Cart\u00f5es[\/mk_fancy_title][mk_fancy_title color=&#8221;#ffffff&#8221; size=&#8221;32&#8243; font_weight=&#8221;400&#8243; margin_bottom=&#8221;0&#8243; font_family=&#8221;none&#8221; animation=&#8221;fade-in&#8221;]Podemos ajud\u00e1-lo a desenvolver<br \/>\ne aprimorar seu programa<br \/>\nde emiss\u00e3o de EMV[\/mk_fancy_title][vc_column_text el_class=&#8221;whitetext&#8221; css=&#8221;.vc_custom_1587111895160{margin-bottom: 0px !important;}&#8221;]<span style=\"font-size: 18px;\">Se voc\u00ea deseja aprimorar seu programa existente com aplicativos de pagamento inovadores ou novos tipos de cart\u00f5es, nosso servi\u00e7o de consultoria em EMV especializado est\u00e1 \u00e0 sua disposi\u00e7\u00e3o para garantir que seu programa cumpra seus objetivos.<\/span>[\/vc_column_text][\/vc_column][vc_column width=&#8221;4\/12&#8243;][\/vc_column][vc_column width=&#8221;2\/12&#8243;][\/vc_column][\/mk_page_section][mk_page_section bg_color=&#8221;#5d6b8c&#8221; bg_position=&#8221;left center&#8221; padding_top=&#8221;60&#8243; padding_bottom=&#8221;60&#8243; sidebar=&#8221;sidebar-1&#8243;][vc_column width=&#8221;1\/6&#8243;][\/vc_column][vc_column width=&#8221;2\/3&#8243;][mk_fancy_title color=&#8221;#ffffff&#8221; size=&#8221;32&#8243; font_weight=&#8221;400&#8243; margin_bottom=&#8221;0&#8243; font_family=&#8221;none&#8221; animation=&#8221;fade-in&#8221;]Melhore a efic\u00e1cia dos programas de desenvolvimento, do controle de qualidade e da certifica\u00e7\u00e3o de cart\u00f5es EMV[\/mk_fancy_title][vc_column_text el_class=&#8221;whitetext&#8221; css=&#8221;.vc_custom_1631265460699{margin-bottom: 0px !important;}&#8221;]<span style=\"font-size: 16px;\"><strong>Consultoria em Autocertificaci\u00f3n Visa Europe<\/strong><br \/>\nA Barnes pode orient\u00e1-lo no processo de autocertifica\u00e7\u00e3o da Visa Europe, ajudando os emissores a selecionar os par\u00e2metros do cart\u00e3o, preencher o VPA, criar um modelo de cart\u00e3o e envi\u00e1-lo com sucesso para a certifica\u00e7\u00e3o. Nossos especialistas trabalharam para a Visa e ajudaram a lan\u00e7ar programas de cart\u00f5es Visa h\u00e1 mais de 20 anos.<\/span>[\/vc_column_text][\/vc_column][vc_column width=&#8221;1\/6&#8243;][\/vc_column][\/mk_page_section][mk_page_section bg_color=&#8221;#9ca5b9&#8243; bg_position=&#8221;left center&#8221; padding_top=&#8221;60&#8243; padding_bottom=&#8221;60&#8243; sidebar=&#8221;sidebar-1&#8243;][vc_column width=&#8221;2\/3&#8243;][mk_fancy_title color=&#8221;#ffffff&#8221; size=&#8221;32&#8243; font_weight=&#8221;400&#8243; margin_bottom=&#8221;0&#8243; font_family=&#8221;none&#8221; animation=&#8221;fade-in&#8221;]Aproveite a vasta experi\u00eancia e<br \/>\nexpertise de nossos Consultores EMV[\/mk_fancy_title][vc_column_text el_class=&#8221;whitetext&#8221; css=&#8221;.vc_custom_1643643007451{margin-bottom: 0px !important;}&#8221;]<span style=\"font-size: 16px;\">Al\u00e9m do treinamento formal, a ampla experi\u00eancia de nossos consultores na ind\u00fastria de cart\u00f5es com chip pode ser usada para auxiliar e aconselhar os clientes na instala\u00e7\u00e3o e opera\u00e7\u00e3o de qualquer ou todos os sistemas associados \u00e0 emiss\u00e3o e ao processamento de cart\u00f5es de pagamento EMV, tal como:<\/span><\/p>\n<ul>\n<li>Atualizar cart\u00f5es para Interface Dupla<\/li>\n<li>Atualizar cart\u00f5es de SDA para cart\u00f5es DDA ou DDA\/CDA, ou adicionar a funcionalidade <em>offline<\/em> a cart\u00f5es somente <em>online<\/em><\/li>\n<li>Testar a produ\u00e7\u00e3o e a qualidade dos cart\u00f5es personalizados e dispositivos de pagamento<\/li>\n<li>Projetar e revisar o sistema<\/li>\n<li>Definir os requisitos de neg\u00f3cios e traduzi-los para a configura\u00e7\u00e3o do cart\u00e3o<\/li>\n<li>Gerenciar chaves criptogr\u00e1ficas<\/li>\n<\/ul>\n[\/vc_column_text][vc_column_text el_class=&#8221;whitetext&#8221; css=&#8221;.vc_custom_1538131708043{margin-bottom: 0px !important;}&#8221;]<span style=\"font-size: 16px;\">Voc\u00ea pode utilizar a experi\u00eancia de nossa equipe para reduzir significativamente seus custos, minimizar os riscos do projeto e otimizar os prazos de implanta\u00e7\u00e3o, deixando voc\u00ea livre para se concentrar no n\u00facleo do seu neg\u00f3cio.<\/span>[\/vc_column_text][\/vc_column][vc_column width=&#8221;1\/3&#8243;][\/vc_column][\/mk_page_section][mk_page_section bg_color=&#8221;#0098db&#8221; el_class=&#8221;o2c-white-contact&#8221; sidebar=&#8221;sidebar-1&#8243;][vc_column width=&#8221;1\/12&#8243;][\/vc_column][vc_column width=&#8221;10\/12&#8243;][mk_padding_divider size=&#8221;65&#8243;][mk_fancy_title color=&#8221;#ffffff&#8221; size=&#8221;32&#8243; font_weight=&#8221;400&#8243; margin_bottom=&#8221;0&#8243; font_family=&#8221;none&#8221; align=&#8221;center&#8221; animation=&#8221;fade-in&#8221;]Quer saber mais?[\/mk_fancy_title][mk_padding_divider size=&#8221;30&#8243;]\n<div class=\"wpcf7 no-js\" id=\"wpcf7-f7435-o1\" lang=\"en-US\" dir=\"ltr\" data-wpcf7-id=\"7435\">\n<div class=\"screen-reader-response\"><p role=\"status\" aria-live=\"polite\" aria-atomic=\"true\"><\/p> <ul><\/ul><\/div>\n<form action=\"\/pt-pt\/wp-json\/wp\/v2\/pages\/7609#wpcf7-f7435-o1\" method=\"post\" class=\"wpcf7-form init\" aria-label=\"Contact form\" novalidate=\"novalidate\" data-status=\"init\">\n<fieldset class=\"hidden-fields-container\"><input type=\"hidden\" name=\"_wpcf7\" value=\"7435\" \/><input type=\"hidden\" name=\"_wpcf7_version\" value=\"6.1.5\" \/><input type=\"hidden\" name=\"_wpcf7_locale\" value=\"en_US\" \/><input type=\"hidden\" name=\"_wpcf7_unit_tag\" value=\"wpcf7-f7435-o1\" \/><input type=\"hidden\" name=\"_wpcf7_container_post\" value=\"0\" \/><input type=\"hidden\" name=\"_wpcf7_posted_data_hash\" value=\"\" \/><input type=\"hidden\" name=\"_wpcf7_recaptcha_response\" value=\"\" \/>\n<\/fieldset>\n<div class=\"o2c-fullwidth\">\n\t<div class=\"o2c-break1\">\n\t\t<p><span class=\"wpcf7-form-control-wrap\" data-name=\"full-name\"><input size=\"40\" maxlength=\"400\" class=\"wpcf7-form-control wpcf7-text wpcf7-validates-as-required o2c-text-field\" aria-required=\"true\" aria-invalid=\"false\" placeholder=\"Nome Completo\" value=\"\" type=\"text\" name=\"full-name\" \/><\/span><br \/>\n<span class=\"wpcf7-form-control-wrap\" data-name=\"company-name\"><input size=\"40\" maxlength=\"400\" class=\"wpcf7-form-control wpcf7-text wpcf7-validates-as-required o2c-text-field\" aria-required=\"true\" aria-invalid=\"false\" placeholder=\"Empresa\" value=\"\" type=\"text\" name=\"company-name\" \/><\/span><br \/>\n<span class=\"wpcf7-form-control-wrap\" data-name=\"customer-email\"><input size=\"40\" maxlength=\"400\" class=\"wpcf7-form-control wpcf7-email wpcf7-validates-as-required wpcf7-text wpcf7-validates-as-email o2c-email-field\" aria-required=\"true\" aria-invalid=\"false\" placeholder=\"E-mail\" value=\"\" type=\"email\" name=\"customer-email\" \/><\/span><br \/>\n<span class=\"wpcf7-form-control-wrap\" data-name=\"customer-telephone\"><input size=\"40\" maxlength=\"400\" class=\"wpcf7-form-control wpcf7-tel wpcf7-text wpcf7-validates-as-tel o2c-text-field\" aria-invalid=\"false\" placeholder=\"Telefone\" value=\"\" type=\"tel\" name=\"customer-telephone\" \/><\/span><br \/>\n\t\t<span class=\"wpcf7-form-control-wrap recaptcha\" data-name=\"recaptcha\"><span data-sitekey=\"6LfV16QUAAAAAAoDHi55y8SiR8vm8sVeBlZMDHpb\" class=\"wpcf7-form-control wpcf7-recaptcha g-recaptcha\"><\/span>\r\n<noscript>\r\n\t<div class=\"grecaptcha-noscript\">\r\n\t\t<iframe src=\"https:\/\/www.google.com\/recaptcha\/api\/fallback?k=6LfV16QUAAAAAAoDHi55y8SiR8vm8sVeBlZMDHpb\" frameborder=\"0\" scrolling=\"no\" width=\"310\" height=\"430\">\r\n\t\t<\/iframe>\r\n\t\t<textarea name=\"g-recaptcha-response\" rows=\"3\" cols=\"40\" placeholder=\"reCaptcha Response Here\">\r\n\t\t<\/textarea>\r\n\t<\/div>\r\n<\/noscript>\r\n<\/span>\n\t\t<\/p>\n\t<\/div>\n\t<div class=\"o2c-break2\">\n\t\t<p><span class=\"wpcf7-form-control-wrap\" data-name=\"customer-query\"><textarea cols=\"40\" rows=\"10\" maxlength=\"2000\" class=\"wpcf7-form-control wpcf7-textarea o2c-text-area\" aria-invalid=\"false\" placeholder=\"Mensagem\" name=\"customer-query\"><\/textarea><\/span>\n\t\t<\/p>\n\t\t<div class=\"o2c-subscribe\">\n\t\t\t<p><span class=\"wpcf7-form-control-wrap\" data-name=\"checkbox-21\"><span class=\"wpcf7-form-control wpcf7-checkbox\"><span class=\"wpcf7-list-item first last\"><input type=\"checkbox\" name=\"checkbox-21[]\" value=\"Inscreva-se e receba nossas atualiza\u00e7\u00f5es de produto\" \/><span class=\"wpcf7-list-item-label\">Inscreva-se e receba nossas atualiza\u00e7\u00f5es de produto<\/span><\/span><\/span><\/span><br \/>\n<input class=\"wpcf7-form-control wpcf7-submit has-spinner o2c-submit\" type=\"submit\" value=\"Enviar\" \/>\n\t\t\t<\/p>\n\t\t<\/div>\n\t<\/div>\n<\/div>\n<div class=\"gdpr-text-contact\">\n\t<p>Este formul\u00e1rio coleta seu nome, e-mail e n\u00famero de telefone para que possamos manter contato com voc\u00ea em rela\u00e7\u00e3o \u00e0 sua consulta. Nossa <a href=\"\/privacy-policy\/\">Pol\u00edtica de Privacidade<\/a> fornecer\u00e1 mais informa\u00e7\u00f5es sobre como esses dados s\u00e3o protegidos e gerenciados.\n\t<\/p>\n\t<div class=\"gpdr-tick-box-contact\">\n\t\t<p><span class=\"wpcf7-form-control-wrap\" data-name=\"GDPR\"><span class=\"wpcf7-form-control wpcf7-checkbox wpcf7-validates-as-required\"><span class=\"wpcf7-list-item first last\"><input type=\"checkbox\" name=\"GDPR[]\" value=\"Autorizo que a Barnes International recolha os meus dados.\" \/><span class=\"wpcf7-list-item-label\">Autorizo que a Barnes International recolha os meus dados.<\/span><\/span><\/span><\/span>\n\t\t<\/p>\n\t<\/div>\n<\/div><div class=\"wpcf7-response-output\" aria-hidden=\"true\"><\/div>\n<\/form>\n<\/div>\n[mk_padding_divider size=&#8221;65&#8243;][\/vc_column][vc_column width=&#8221;1\/12&#8243;][\/vc_column][\/mk_page_section]\n","protected":false},"excerpt":{"rendered":"<p>[mk_page_section bg_image=&#8221;http:\/\/www.barnestest.com\/wp-content\/uploads\/emv-consultancy-bg.jpg&#8221; bg_position=&#8221;center center&#8221; bg_repeat=&#8221;no-repeat&#8221; bg_stretch=&#8221;true&#8221; padding_top=&#8221;60&#8243; padding_bottom=&#8221;60&#8243; sidebar=&#8221;sidebar-1&#8243;][vc_column width=&#8221;6\/12&#8243;][mk_fancy_title tag_name=&#8221;h1&#8243; color=&#8221;#ffffff&#8221; size=&#8221;20&#8243; font_weight=&#8221;bold&#8221; margin_bottom=&#8221;0&#8243; font_family=&#8221;none&#8221; animation=&#8221;left-to-right&#8221;]Consultoria em Emiss\u00e3o de Cart\u00f5es[\/mk_fancy_title][mk_fancy_title color=&#8221;#ffffff&#8221; size=&#8221;32&#8243; font_weight=&#8221;400&#8243; margin_bottom=&#8221;0&#8243; font_family=&#8221;none&#8221; animation=&#8221;fade-in&#8221;]Podemos ajud\u00e1-lo a desenvolver e aprimorar seu programa de emiss\u00e3o de EMV[\/mk_fancy_title][vc_column_text el_class=&#8221;whitetext&#8221; css=&#8221;.vc_custom_1587111895160{margin-bottom: 0px !important;}&#8221;]Se voc\u00ea deseja aprimorar seu programa existente com aplicativos de pagamento inovadores ou novos [&hellip;]<\/p>\n","protected":false},"author":1,"featured_media":0,"parent":7498,"menu_order":0,"comment_status":"closed","ping_status":"closed","template":"","meta":{"footnotes":""},"class_list":["post-7609","page","type-page","status-publish","hentry"],"yoast_head":"<!-- This site is optimized with the Yoast SEO plugin v27.4 - https:\/\/yoast.com\/product\/yoast-seo-wordpress\/ -->\n<title>Consultoria em Emiss\u00e3o de Cart\u00f5es | Barnes International<\/title>\n<meta name=\"description\" content=\"Nosso servi\u00e7o de consultoria em emiss\u00e3o de cart\u00f5es EMV ajuda a reduzir seus custos operacionais, minimizar os riscos do projeto e garantir que voc\u00ea possa se concentrar no n\u00facleo do seu neg\u00f3cio. Descubra como nossa experiente equipe de consultores pode ajudar voc\u00ea e sua organiza\u00e7\u00e3o aqui.\" \/>\n<meta name=\"robots\" content=\"index, follow, max-snippet:-1, max-image-preview:large, max-video-preview:-1\" \/>\n<link rel=\"canonical\" href=\"https:\/\/www.barnestest.com\/pt-pt\/servicos\/consultoria-em-emissao-de-cartoes\/\" \/>\n<meta property=\"og:locale\" content=\"pt_PT\" \/>\n<meta property=\"og:type\" content=\"article\" \/>\n<meta property=\"og:title\" content=\"Consultoria em Emiss\u00e3o de Cart\u00f5es | Barnes International\" \/>\n<meta property=\"og:description\" content=\"Nosso servi\u00e7o de consultoria em emiss\u00e3o de cart\u00f5es EMV ajuda a reduzir seus custos operacionais, minimizar os riscos do projeto e garantir que voc\u00ea possa se concentrar no n\u00facleo do seu neg\u00f3cio. Descubra como nossa experiente equipe de consultores pode ajudar voc\u00ea e sua organiza\u00e7\u00e3o aqui.\" \/>\n<meta property=\"og:url\" content=\"https:\/\/www.barnestest.com\/pt-pt\/servicos\/consultoria-em-emissao-de-cartoes\/\" \/>\n<meta property=\"og:site_name\" content=\"Barnes International\" \/>\n<meta property=\"article:modified_time\" content=\"2022-01-31T15:30:20+00:00\" \/>\n<meta property=\"og:image\" content=\"https:\/\/www.barnestest.com\/wp-content\/uploads\/barnes-logo.png\" \/>\n\t<meta property=\"og:image:width\" content=\"183\" \/>\n\t<meta property=\"og:image:height\" content=\"43\" \/>\n\t<meta property=\"og:image:type\" content=\"image\/png\" \/>\n<meta name=\"twitter:card\" content=\"summary_large_image\" \/>\n<meta name=\"twitter:site\" content=\"@barnes_test\" \/>\n<meta name=\"twitter:label1\" content=\"Tempo estimado de leitura\" \/>\n\t<meta name=\"twitter:data1\" content=\"2 minutos\" \/>\n<script type=\"application\/ld+json\" class=\"yoast-schema-graph\">{\"@context\":\"https:\\\/\\\/schema.org\",\"@graph\":[{\"@type\":\"WebPage\",\"@id\":\"https:\\\/\\\/www.barnestest.com\\\/pt-pt\\\/servicos\\\/consultoria-em-emissao-de-cartoes\\\/\",\"url\":\"https:\\\/\\\/www.barnestest.com\\\/pt-pt\\\/servicos\\\/consultoria-em-emissao-de-cartoes\\\/\",\"name\":\"Consultoria em Emiss\u00e3o de Cart\u00f5es | Barnes International\",\"isPartOf\":{\"@id\":\"https:\\\/\\\/www.barnestest.com\\\/pt-pt\\\/#website\"},\"datePublished\":\"2022-01-31T15:22:53+00:00\",\"dateModified\":\"2022-01-31T15:30:20+00:00\",\"description\":\"Nosso servi\u00e7o de consultoria em emiss\u00e3o de cart\u00f5es EMV ajuda a reduzir seus custos operacionais, minimizar os riscos do projeto e garantir que voc\u00ea possa se concentrar no n\u00facleo do seu neg\u00f3cio. Descubra como nossa experiente equipe de consultores pode ajudar voc\u00ea e sua organiza\u00e7\u00e3o aqui.\",\"breadcrumb\":{\"@id\":\"https:\\\/\\\/www.barnestest.com\\\/pt-pt\\\/servicos\\\/consultoria-em-emissao-de-cartoes\\\/#breadcrumb\"},\"inLanguage\":\"pt-PT\",\"potentialAction\":[{\"@type\":\"ReadAction\",\"target\":[\"https:\\\/\\\/www.barnestest.com\\\/pt-pt\\\/servicos\\\/consultoria-em-emissao-de-cartoes\\\/\"]}]},{\"@type\":\"BreadcrumbList\",\"@id\":\"https:\\\/\\\/www.barnestest.com\\\/pt-pt\\\/servicos\\\/consultoria-em-emissao-de-cartoes\\\/#breadcrumb\",\"itemListElement\":[{\"@type\":\"ListItem\",\"position\":1,\"name\":\"Home\",\"item\":\"https:\\\/\\\/www.barnestest.com\\\/pt-pt\\\/\"},{\"@type\":\"ListItem\",\"position\":2,\"name\":\"Servi\u00e7os\",\"item\":\"https:\\\/\\\/www.barnestest.com\\\/pt-pt\\\/servicos\\\/\"},{\"@type\":\"ListItem\",\"position\":3,\"name\":\"Consultoria em Emiss\u00e3o de Cart\u00f5es\"}]},{\"@type\":\"WebSite\",\"@id\":\"https:\\\/\\\/www.barnestest.com\\\/pt-pt\\\/#website\",\"url\":\"https:\\\/\\\/www.barnestest.com\\\/pt-pt\\\/\",\"name\":\"Barnes International\",\"description\":\"a leading provider of magnetic stripe and EMV test tools, training and consulting\",\"publisher\":{\"@id\":\"https:\\\/\\\/www.barnestest.com\\\/pt-pt\\\/#organization\"},\"potentialAction\":[{\"@type\":\"SearchAction\",\"target\":{\"@type\":\"EntryPoint\",\"urlTemplate\":\"https:\\\/\\\/www.barnestest.com\\\/pt-pt\\\/?s={search_term_string}\"},\"query-input\":{\"@type\":\"PropertyValueSpecification\",\"valueRequired\":true,\"valueName\":\"search_term_string\"}}],\"inLanguage\":\"pt-PT\"},{\"@type\":\"Organization\",\"@id\":\"https:\\\/\\\/www.barnestest.com\\\/pt-pt\\\/#organization\",\"name\":\"Barnes International\",\"url\":\"https:\\\/\\\/www.barnestest.com\\\/pt-pt\\\/\",\"logo\":{\"@type\":\"ImageObject\",\"inLanguage\":\"pt-PT\",\"@id\":\"https:\\\/\\\/www.barnestest.com\\\/pt-pt\\\/#\\\/schema\\\/logo\\\/image\\\/\",\"url\":\"https:\\\/\\\/www.barnestest.com\\\/wp-content\\\/uploads\\\/barnesinternationallogo_transparent.png\",\"contentUrl\":\"https:\\\/\\\/www.barnestest.com\\\/wp-content\\\/uploads\\\/barnesinternationallogo_transparent.png\",\"width\":1712,\"height\":484,\"caption\":\"Barnes International\"},\"image\":{\"@id\":\"https:\\\/\\\/www.barnestest.com\\\/pt-pt\\\/#\\\/schema\\\/logo\\\/image\\\/\"},\"sameAs\":[\"https:\\\/\\\/x.com\\\/barnes_test\",\"https:\\\/\\\/www.linkedin.com\\\/company\\\/barnes-international-ltd\\\/\",\"https:\\\/\\\/www.youtube.com\\\/channel\\\/UC5_Lit5ykPemqDHnHda0bvw\"]}]}<\/script>\n<!-- \/ Yoast SEO plugin. -->","yoast_head_json":{"title":"Consultoria em Emiss\u00e3o de Cart\u00f5es | Barnes International","description":"Nosso servi\u00e7o de consultoria em emiss\u00e3o de cart\u00f5es EMV ajuda a reduzir seus custos operacionais, minimizar os riscos do projeto e garantir que voc\u00ea possa se concentrar no n\u00facleo do seu neg\u00f3cio. Descubra como nossa experiente equipe de consultores pode ajudar voc\u00ea e sua organiza\u00e7\u00e3o aqui.","robots":{"index":"index","follow":"follow","max-snippet":"max-snippet:-1","max-image-preview":"max-image-preview:large","max-video-preview":"max-video-preview:-1"},"canonical":"https:\/\/www.barnestest.com\/pt-pt\/servicos\/consultoria-em-emissao-de-cartoes\/","og_locale":"pt_PT","og_type":"article","og_title":"Consultoria em Emiss\u00e3o de Cart\u00f5es | Barnes International","og_description":"Nosso servi\u00e7o de consultoria em emiss\u00e3o de cart\u00f5es EMV ajuda a reduzir seus custos operacionais, minimizar os riscos do projeto e garantir que voc\u00ea possa se concentrar no n\u00facleo do seu neg\u00f3cio. Descubra como nossa experiente equipe de consultores pode ajudar voc\u00ea e sua organiza\u00e7\u00e3o aqui.","og_url":"https:\/\/www.barnestest.com\/pt-pt\/servicos\/consultoria-em-emissao-de-cartoes\/","og_site_name":"Barnes International","article_modified_time":"2022-01-31T15:30:20+00:00","og_image":[{"width":183,"height":43,"url":"https:\/\/www.barnestest.com\/wp-content\/uploads\/barnes-logo.png","type":"image\/png"}],"twitter_card":"summary_large_image","twitter_site":"@barnes_test","twitter_misc":{"Tempo estimado de leitura":"2 minutos"},"schema":{"@context":"https:\/\/schema.org","@graph":[{"@type":"WebPage","@id":"https:\/\/www.barnestest.com\/pt-pt\/servicos\/consultoria-em-emissao-de-cartoes\/","url":"https:\/\/www.barnestest.com\/pt-pt\/servicos\/consultoria-em-emissao-de-cartoes\/","name":"Consultoria em Emiss\u00e3o de Cart\u00f5es | Barnes International","isPartOf":{"@id":"https:\/\/www.barnestest.com\/pt-pt\/#website"},"datePublished":"2022-01-31T15:22:53+00:00","dateModified":"2022-01-31T15:30:20+00:00","description":"Nosso servi\u00e7o de consultoria em emiss\u00e3o de cart\u00f5es EMV ajuda a reduzir seus custos operacionais, minimizar os riscos do projeto e garantir que voc\u00ea possa se concentrar no n\u00facleo do seu neg\u00f3cio. Descubra como nossa experiente equipe de consultores pode ajudar voc\u00ea e sua organiza\u00e7\u00e3o aqui.","breadcrumb":{"@id":"https:\/\/www.barnestest.com\/pt-pt\/servicos\/consultoria-em-emissao-de-cartoes\/#breadcrumb"},"inLanguage":"pt-PT","potentialAction":[{"@type":"ReadAction","target":["https:\/\/www.barnestest.com\/pt-pt\/servicos\/consultoria-em-emissao-de-cartoes\/"]}]},{"@type":"BreadcrumbList","@id":"https:\/\/www.barnestest.com\/pt-pt\/servicos\/consultoria-em-emissao-de-cartoes\/#breadcrumb","itemListElement":[{"@type":"ListItem","position":1,"name":"Home","item":"https:\/\/www.barnestest.com\/pt-pt\/"},{"@type":"ListItem","position":2,"name":"Servi\u00e7os","item":"https:\/\/www.barnestest.com\/pt-pt\/servicos\/"},{"@type":"ListItem","position":3,"name":"Consultoria em Emiss\u00e3o de Cart\u00f5es"}]},{"@type":"WebSite","@id":"https:\/\/www.barnestest.com\/pt-pt\/#website","url":"https:\/\/www.barnestest.com\/pt-pt\/","name":"Barnes International","description":"a leading provider of magnetic stripe and EMV test tools, training and consulting","publisher":{"@id":"https:\/\/www.barnestest.com\/pt-pt\/#organization"},"potentialAction":[{"@type":"SearchAction","target":{"@type":"EntryPoint","urlTemplate":"https:\/\/www.barnestest.com\/pt-pt\/?s={search_term_string}"},"query-input":{"@type":"PropertyValueSpecification","valueRequired":true,"valueName":"search_term_string"}}],"inLanguage":"pt-PT"},{"@type":"Organization","@id":"https:\/\/www.barnestest.com\/pt-pt\/#organization","name":"Barnes International","url":"https:\/\/www.barnestest.com\/pt-pt\/","logo":{"@type":"ImageObject","inLanguage":"pt-PT","@id":"https:\/\/www.barnestest.com\/pt-pt\/#\/schema\/logo\/image\/","url":"https:\/\/www.barnestest.com\/wp-content\/uploads\/barnesinternationallogo_transparent.png","contentUrl":"https:\/\/www.barnestest.com\/wp-content\/uploads\/barnesinternationallogo_transparent.png","width":1712,"height":484,"caption":"Barnes International"},"image":{"@id":"https:\/\/www.barnestest.com\/pt-pt\/#\/schema\/logo\/image\/"},"sameAs":["https:\/\/x.com\/barnes_test","https:\/\/www.linkedin.com\/company\/barnes-international-ltd\/","https:\/\/www.youtube.com\/channel\/UC5_Lit5ykPemqDHnHda0bvw"]}]}},"_links":{"self":[{"href":"https:\/\/www.barnestest.com\/pt-pt\/wp-json\/wp\/v2\/pages\/7609","targetHints":{"allow":["GET"]}}],"collection":[{"href":"https:\/\/www.barnestest.com\/pt-pt\/wp-json\/wp\/v2\/pages"}],"about":[{"href":"https:\/\/www.barnestest.com\/pt-pt\/wp-json\/wp\/v2\/types\/page"}],"author":[{"embeddable":true,"href":"https:\/\/www.barnestest.com\/pt-pt\/wp-json\/wp\/v2\/users\/1"}],"replies":[{"embeddable":true,"href":"https:\/\/www.barnestest.com\/pt-pt\/wp-json\/wp\/v2\/comments?post=7609"}],"version-history":[{"count":0,"href":"https:\/\/www.barnestest.com\/pt-pt\/wp-json\/wp\/v2\/pages\/7609\/revisions"}],"up":[{"embeddable":true,"href":"https:\/\/www.barnestest.com\/pt-pt\/wp-json\/wp\/v2\/pages\/7498"}],"wp:attachment":[{"href":"https:\/\/www.barnestest.com\/pt-pt\/wp-json\/wp\/v2\/media?parent=7609"}],"curies":[{"name":"wp","href":"https:\/\/api.w.org\/{rel}","templated":true}]}}