{"id":7642,"date":"2022-02-01T13:56:00","date_gmt":"2022-02-01T13:56:00","guid":{"rendered":"https:\/\/www.barnestest.com\/ferramentas-de-teste\/solucoes-de-conformidade-cqm\/"},"modified":"2022-02-08T13:55:33","modified_gmt":"2022-02-08T13:55:33","slug":"solucoes-de-conformidade-cqm","status":"publish","type":"page","link":"https:\/\/www.barnestest.com\/pt-pt\/ferramentas-de-teste\/solucoes-de-conformidade-cqm\/","title":{"rendered":"Solu\u00e7\u00f5es de Conformidade CQM"},"content":{"rendered":"[mk_page_section bg_color=&#8221;#eae2ef&#8221; padding_top=&#8221;60&#8243; padding_bottom=&#8221;60&#8243; sidebar=&#8221;sidebar-1&#8243;][vc_column width=&#8221;8\/12&#8243;][mk_fancy_title tag_name=&#8221;h1&#8243; color=&#8221;#764295&#8243; size=&#8221;20&#8243; font_weight=&#8221;bold&#8221; margin_bottom=&#8221;0&#8243; font_family=&#8221;none&#8221; animation=&#8221;left-to-right&#8221;]Solu\u00e7\u00f5es de Conformidade CQM[\/mk_fancy_title][mk_fancy_title color=&#8221;#764295&#8243; size=&#8221;32&#8243; font_weight=&#8221;400&#8243; margin_bottom=&#8221;0&#8243; font_family=&#8221;none&#8221; animation=&#8221;fade-in&#8221;]Frequ\u00eancia de Resson\u00e2ncia, Fator Q<br \/>\ne Dist\u00e2ncia de Leitura[\/mk_fancy_title][vc_column_text css=&#8221;.vc_custom_1590675925387{margin-bottom: 0px !important;}&#8221;]<span style=\"font-size: 14pt;\">Os produtores de cart\u00f5es financeiros precisam provar \u00e0 Mastercard que, para cada cart\u00e3o banc\u00e1rio emitido, eles conclu\u00edram com sucesso uma s\u00e9rie de testes, incluindo aqueles relacionados \u00e0 qualidade do cart\u00e3o com chip. A Mastercard emite seus requisitos de <em>Card Quality Manufacturing<\/em> (CQM) para garantir a qualidade do produto durante as fases de fabrica\u00e7\u00e3o e personaliza\u00e7\u00e3o.<\/span>[\/vc_column_text][\/vc_column][vc_column width=&#8221;1\/12&#8243;][\/vc_column][vc_column width=&#8221;1\/4&#8243;][mk_image src=&#8221;https:\/\/www.barnestest.com\/wp-content\/uploads\/icon-mobile-payments.png&#8221; image_width=&#8221;180&#8243; image_height=&#8221;180&#8243; align=&#8221;center&#8221; margin_bottom=&#8221;0&#8243; animation=&#8221;right-to-left&#8221;][\/vc_column][\/mk_page_section][mk_page_section bg_color=&#8221;#ffffff&#8221; min_height=&#8221;0&#8243; padding_top=&#8221;60&#8243; padding_bottom=&#8221;60&#8243; sidebar=&#8221;sidebar-1&#8243;][vc_column width=&#8221;7\/12&#8243;][mk_fancy_title tag_name=&#8221;h3&#8243; color=&#8221;#764295&#8243; size=&#8221;32&#8243; font_weight=&#8221;400&#8243; margin_bottom=&#8221;0&#8243; font_family=&#8221;none&#8221; animation=&#8221;left-to-right&#8221;]Garanta a qualidade dos cart\u00f5es de pagamento sem contato de acordo com os padr\u00f5es Mastercard CQM[\/mk_fancy_title][mk_fancy_title tag_name=&#8221;h4&#8243; color=&#8221;#764295&#8243; size=&#8221;20&#8243; font_weight=&#8221;bold&#8221; margin_bottom=&#8221;0&#8243; font_family=&#8221;none&#8221; animation=&#8221;fade-in&#8221;]Ferramentas de Teste <em>Contactless<\/em>[\/mk_fancy_title][vc_column_text css=&#8221;.vc_custom_1643724046878{margin-bottom: 0px !important;}&#8221;]<span style=\"color: #764295; font-size: 14pt;\">A Barnes e a <a style=\"color: #764295;\" href=\"http:\/\/www.smartware.fr\/\">Smartware<\/a> oferecem solu\u00e7\u00f5es de conformidade CQM adaptadas para os bur\u00f4s de personaliza\u00e7\u00e3o oferecendo a cobertura completa dos testes obrigat\u00f3rios Mastercard, incluindo os testes eletromagn\u00e9ticos sem contato.<\/span><\/p>\n<ol>\n<li>Fase de qualifica\u00e7\u00e3o &#8211; Crie seu conjunto de amostras;<\/li>\n<li>Fase de produ\u00e7\u00e3o &#8211; Teste seus cart\u00f5es;<\/li>\n<li>Visualiza\u00e7\u00e3o dos resultados &#8211; Relat\u00f3rio poderoso.<\/li>\n<\/ol>\n<p>&nbsp;<\/p>\n<p><span style=\"font-size: 14pt; color: #764295;\">O software Smart QC traz um processo passo a passo simples para calcular seu conjunto de resultados de amostra e monitoramento subsequente para:<\/span><\/p>\n<ul>\n<li>#3062# <em>Resonance Frequency<\/em><\/li>\n<li>#3063# <em>Q-Factor<\/em><\/li>\n<li>#3064# <em>Reading Distance<\/em><\/li>\n<\/ul>\n[\/vc_column_text][mk_padding_divider size=&#8221;20&#8243;][mk_button dimension=&#8221;flat&#8221; corner_style=&#8221;full_rounded&#8221; size=&#8221;large&#8221; url=&#8221;\/wp-content\/uploads\/barnes-international-barnes-and-smartware-smartqc-solution-11-21-pt.pdf&#8221; target=&#8221;_blank&#8221; margin_bottom=&#8221;0&#8243; margin_right=&#8221;0&#8243; animation=&#8221;left-to-right&#8221; el_class=&#8221;o2c-periwinkle-dark-button&#8221; bg_color=&#8221;#764295&#8243; btn_hover_bg=&#8221;#eaedf1&#8243;]Folheto do Produto[\/mk_button][\/vc_column][vc_column width=&#8221;5\/12&#8243;][mk_padding_divider size=&#8221;60&#8243;][mk_image src=&#8221;https:\/\/www.barnestest.com\/wp-content\/uploads\/cqm-compliance-solution-1-scaled.jpg&#8221; image_size=&#8221;full&#8221; align=&#8221;center&#8221; margin_bottom=&#8221;0&#8243; animation=&#8221;right-to-left&#8221;][mk_padding_divider size=&#8221;60&#8243;][mk_image src=&#8221;https:\/\/www.barnestest.com\/wp-content\/uploads\/cqm-compliance-solution_2-1.png&#8221; image_size=&#8221;full&#8221; align=&#8221;center&#8221; margin_bottom=&#8221;0&#8243; animation=&#8221;right-to-left&#8221;][\/vc_column][\/mk_page_section][mk_page_section bg_color=&#8221;#0098db&#8221; el_class=&#8221;o2c-white-contact&#8221; sidebar=&#8221;sidebar-1&#8243;][vc_column width=&#8221;1\/12&#8243;][\/vc_column][vc_column width=&#8221;10\/12&#8243;][mk_padding_divider size=&#8221;65&#8243;][mk_fancy_title color=&#8221;#ffffff&#8221; size=&#8221;32&#8243; font_weight=&#8221;400&#8243; margin_bottom=&#8221;0&#8243; font_family=&#8221;none&#8221; align=&#8221;center&#8221; animation=&#8221;fade-in&#8221;]Quer saber mais?[\/mk_fancy_title][mk_padding_divider size=&#8221;30&#8243;]\n<div class=\"wpcf7 no-js\" id=\"wpcf7-f7435-o1\" lang=\"en-US\" dir=\"ltr\" data-wpcf7-id=\"7435\">\n<div class=\"screen-reader-response\"><p role=\"status\" aria-live=\"polite\" aria-atomic=\"true\"><\/p> <ul><\/ul><\/div>\n<form action=\"\/pt-pt\/wp-json\/wp\/v2\/pages\/7642#wpcf7-f7435-o1\" method=\"post\" class=\"wpcf7-form init\" aria-label=\"Contact form\" novalidate=\"novalidate\" data-status=\"init\">\n<fieldset class=\"hidden-fields-container\"><input type=\"hidden\" name=\"_wpcf7\" value=\"7435\" \/><input type=\"hidden\" name=\"_wpcf7_version\" value=\"6.1.5\" \/><input type=\"hidden\" name=\"_wpcf7_locale\" value=\"en_US\" \/><input type=\"hidden\" name=\"_wpcf7_unit_tag\" value=\"wpcf7-f7435-o1\" \/><input type=\"hidden\" name=\"_wpcf7_container_post\" value=\"0\" \/><input type=\"hidden\" name=\"_wpcf7_posted_data_hash\" value=\"\" \/><input type=\"hidden\" name=\"_wpcf7_recaptcha_response\" value=\"\" \/>\n<\/fieldset>\n<div class=\"o2c-fullwidth\">\n\t<div class=\"o2c-break1\">\n\t\t<p><span class=\"wpcf7-form-control-wrap\" data-name=\"full-name\"><input size=\"40\" maxlength=\"400\" class=\"wpcf7-form-control wpcf7-text wpcf7-validates-as-required o2c-text-field\" aria-required=\"true\" aria-invalid=\"false\" placeholder=\"Nome Completo\" value=\"\" type=\"text\" name=\"full-name\" \/><\/span><br \/>\n<span class=\"wpcf7-form-control-wrap\" data-name=\"company-name\"><input size=\"40\" maxlength=\"400\" class=\"wpcf7-form-control wpcf7-text wpcf7-validates-as-required o2c-text-field\" aria-required=\"true\" aria-invalid=\"false\" placeholder=\"Empresa\" value=\"\" type=\"text\" name=\"company-name\" \/><\/span><br \/>\n<span class=\"wpcf7-form-control-wrap\" data-name=\"customer-email\"><input size=\"40\" maxlength=\"400\" class=\"wpcf7-form-control wpcf7-email wpcf7-validates-as-required wpcf7-text wpcf7-validates-as-email o2c-email-field\" aria-required=\"true\" aria-invalid=\"false\" placeholder=\"E-mail\" value=\"\" type=\"email\" name=\"customer-email\" \/><\/span><br \/>\n<span class=\"wpcf7-form-control-wrap\" data-name=\"customer-telephone\"><input size=\"40\" maxlength=\"400\" class=\"wpcf7-form-control wpcf7-tel wpcf7-text wpcf7-validates-as-tel o2c-text-field\" aria-invalid=\"false\" placeholder=\"Telefone\" value=\"\" type=\"tel\" name=\"customer-telephone\" \/><\/span><br \/>\n\t\t<span class=\"wpcf7-form-control-wrap recaptcha\" data-name=\"recaptcha\"><span data-sitekey=\"6LfV16QUAAAAAAoDHi55y8SiR8vm8sVeBlZMDHpb\" class=\"wpcf7-form-control wpcf7-recaptcha g-recaptcha\"><\/span>\r\n<noscript>\r\n\t<div class=\"grecaptcha-noscript\">\r\n\t\t<iframe src=\"https:\/\/www.google.com\/recaptcha\/api\/fallback?k=6LfV16QUAAAAAAoDHi55y8SiR8vm8sVeBlZMDHpb\" frameborder=\"0\" scrolling=\"no\" width=\"310\" height=\"430\">\r\n\t\t<\/iframe>\r\n\t\t<textarea name=\"g-recaptcha-response\" rows=\"3\" cols=\"40\" placeholder=\"reCaptcha Response Here\">\r\n\t\t<\/textarea>\r\n\t<\/div>\r\n<\/noscript>\r\n<\/span>\n\t\t<\/p>\n\t<\/div>\n\t<div class=\"o2c-break2\">\n\t\t<p><span class=\"wpcf7-form-control-wrap\" data-name=\"customer-query\"><textarea cols=\"40\" rows=\"10\" maxlength=\"2000\" class=\"wpcf7-form-control wpcf7-textarea o2c-text-area\" aria-invalid=\"false\" placeholder=\"Mensagem\" name=\"customer-query\"><\/textarea><\/span>\n\t\t<\/p>\n\t\t<div class=\"o2c-subscribe\">\n\t\t\t<p><span class=\"wpcf7-form-control-wrap\" data-name=\"checkbox-21\"><span class=\"wpcf7-form-control wpcf7-checkbox\"><span class=\"wpcf7-list-item first last\"><input type=\"checkbox\" name=\"checkbox-21[]\" value=\"Inscreva-se e receba nossas atualiza\u00e7\u00f5es de produto\" \/><span class=\"wpcf7-list-item-label\">Inscreva-se e receba nossas atualiza\u00e7\u00f5es de produto<\/span><\/span><\/span><\/span><br \/>\n<input class=\"wpcf7-form-control wpcf7-submit has-spinner o2c-submit\" type=\"submit\" value=\"Enviar\" \/>\n\t\t\t<\/p>\n\t\t<\/div>\n\t<\/div>\n<\/div>\n<div class=\"gdpr-text-contact\">\n\t<p>Este formul\u00e1rio coleta seu nome, e-mail e n\u00famero de telefone para que possamos manter contato com voc\u00ea em rela\u00e7\u00e3o \u00e0 sua consulta. Nossa <a href=\"\/privacy-policy\/\">Pol\u00edtica de Privacidade<\/a> fornecer\u00e1 mais informa\u00e7\u00f5es sobre como esses dados s\u00e3o protegidos e gerenciados.\n\t<\/p>\n\t<div class=\"gpdr-tick-box-contact\">\n\t\t<p><span class=\"wpcf7-form-control-wrap\" data-name=\"GDPR\"><span class=\"wpcf7-form-control wpcf7-checkbox wpcf7-validates-as-required\"><span class=\"wpcf7-list-item first last\"><input type=\"checkbox\" name=\"GDPR[]\" value=\"Autorizo que a Barnes International recolha os meus dados.\" \/><span class=\"wpcf7-list-item-label\">Autorizo que a Barnes International recolha os meus dados.<\/span><\/span><\/span><\/span>\n\t\t<\/p>\n\t<\/div>\n<\/div><div class=\"wpcf7-response-output\" aria-hidden=\"true\"><\/div>\n<\/form>\n<\/div>\n[mk_padding_divider size=&#8221;65&#8243;][\/vc_column][vc_column width=&#8221;1\/12&#8243;][\/vc_column][\/mk_page_section]\n","protected":false},"excerpt":{"rendered":"<p>[mk_page_section bg_color=&#8221;#eae2ef&#8221; padding_top=&#8221;60&#8243; padding_bottom=&#8221;60&#8243; sidebar=&#8221;sidebar-1&#8243;][vc_column width=&#8221;8\/12&#8243;][mk_fancy_title tag_name=&#8221;h1&#8243; color=&#8221;#764295&#8243; size=&#8221;20&#8243; font_weight=&#8221;bold&#8221; margin_bottom=&#8221;0&#8243; font_family=&#8221;none&#8221; animation=&#8221;left-to-right&#8221;]Solu\u00e7\u00f5es de Conformidade CQM[\/mk_fancy_title][mk_fancy_title color=&#8221;#764295&#8243; size=&#8221;32&#8243; font_weight=&#8221;400&#8243; margin_bottom=&#8221;0&#8243; font_family=&#8221;none&#8221; animation=&#8221;fade-in&#8221;]Frequ\u00eancia de Resson\u00e2ncia, Fator Q e Dist\u00e2ncia de Leitura[\/mk_fancy_title][vc_column_text css=&#8221;.vc_custom_1590675925387{margin-bottom: 0px !important;}&#8221;]Os produtores de cart\u00f5es financeiros precisam provar \u00e0 Mastercard que, para cada cart\u00e3o banc\u00e1rio emitido, eles conclu\u00edram com sucesso uma s\u00e9rie de testes, [&hellip;]<\/p>\n","protected":false},"author":4,"featured_media":0,"parent":7490,"menu_order":0,"comment_status":"closed","ping_status":"closed","template":"","meta":{"footnotes":""},"class_list":["post-7642","page","type-page","status-publish","hentry"],"yoast_head":"<!-- This site is optimized with the Yoast SEO plugin v27.3 - https:\/\/yoast.com\/product\/yoast-seo-wordpress\/ -->\n<title>Solu\u00e7\u00f5es de Conformidade CQM | Ferramentas de Teste | Barnes International Limited<\/title>\n<meta name=\"description\" content=\"Solu\u00e7\u00f5es de Conformidade CQM que oferecem uma cobertura completa dos testes obrigat\u00f3rios Mastercard - Frequ\u00eancia de Resson\u00e2ncia, Fator Q e Dist\u00e2ncia de Leitura.\" \/>\n<meta name=\"robots\" content=\"index, follow, max-snippet:-1, max-image-preview:large, max-video-preview:-1\" \/>\n<link rel=\"canonical\" href=\"https:\/\/www.barnestest.com\/pt-pt\/ferramentas-de-teste\/solucoes-de-conformidade-cqm\/\" \/>\n<meta property=\"og:locale\" content=\"pt_PT\" \/>\n<meta property=\"og:type\" content=\"article\" \/>\n<meta property=\"og:title\" content=\"Solu\u00e7\u00f5es de Conformidade CQM | Ferramentas de Teste | Barnes International Limited\" \/>\n<meta property=\"og:description\" content=\"Solu\u00e7\u00f5es de Conformidade CQM que oferecem uma cobertura completa dos testes obrigat\u00f3rios Mastercard - Frequ\u00eancia de Resson\u00e2ncia, Fator Q e Dist\u00e2ncia de Leitura.\" \/>\n<meta property=\"og:url\" content=\"https:\/\/www.barnestest.com\/pt-pt\/ferramentas-de-teste\/solucoes-de-conformidade-cqm\/\" \/>\n<meta property=\"og:site_name\" content=\"Barnes International\" \/>\n<meta property=\"article:modified_time\" content=\"2022-02-08T13:55:33+00:00\" \/>\n<meta property=\"og:image\" content=\"https:\/\/www.barnestest.com\/wp-content\/uploads\/barnes-logo.png\" \/>\n\t<meta property=\"og:image:width\" content=\"183\" \/>\n\t<meta property=\"og:image:height\" content=\"43\" \/>\n\t<meta property=\"og:image:type\" content=\"image\/png\" \/>\n<meta name=\"twitter:card\" content=\"summary_large_image\" \/>\n<meta name=\"twitter:site\" content=\"@barnes_test\" \/>\n<meta name=\"twitter:label1\" content=\"Tempo estimado de leitura\" \/>\n\t<meta name=\"twitter:data1\" content=\"2 minutos\" \/>\n<script type=\"application\/ld+json\" class=\"yoast-schema-graph\">{\"@context\":\"https:\\\/\\\/schema.org\",\"@graph\":[{\"@type\":\"WebPage\",\"@id\":\"https:\\\/\\\/www.barnestest.com\\\/pt-pt\\\/ferramentas-de-teste\\\/solucoes-de-conformidade-cqm\\\/\",\"url\":\"https:\\\/\\\/www.barnestest.com\\\/pt-pt\\\/ferramentas-de-teste\\\/solucoes-de-conformidade-cqm\\\/\",\"name\":\"Solu\u00e7\u00f5es de Conformidade CQM | Ferramentas de Teste | Barnes International Limited\",\"isPartOf\":{\"@id\":\"https:\\\/\\\/www.barnestest.com\\\/pt-pt\\\/#website\"},\"datePublished\":\"2022-02-01T13:56:00+00:00\",\"dateModified\":\"2022-02-08T13:55:33+00:00\",\"description\":\"Solu\u00e7\u00f5es de Conformidade CQM que oferecem uma cobertura completa dos testes obrigat\u00f3rios Mastercard - Frequ\u00eancia de Resson\u00e2ncia, Fator Q e Dist\u00e2ncia de Leitura.\",\"breadcrumb\":{\"@id\":\"https:\\\/\\\/www.barnestest.com\\\/pt-pt\\\/ferramentas-de-teste\\\/solucoes-de-conformidade-cqm\\\/#breadcrumb\"},\"inLanguage\":\"pt-PT\",\"potentialAction\":[{\"@type\":\"ReadAction\",\"target\":[\"https:\\\/\\\/www.barnestest.com\\\/pt-pt\\\/ferramentas-de-teste\\\/solucoes-de-conformidade-cqm\\\/\"]}]},{\"@type\":\"BreadcrumbList\",\"@id\":\"https:\\\/\\\/www.barnestest.com\\\/pt-pt\\\/ferramentas-de-teste\\\/solucoes-de-conformidade-cqm\\\/#breadcrumb\",\"itemListElement\":[{\"@type\":\"ListItem\",\"position\":1,\"name\":\"Home\",\"item\":\"https:\\\/\\\/www.barnestest.com\\\/pt-pt\\\/\"},{\"@type\":\"ListItem\",\"position\":2,\"name\":\"Ferramentas de Teste\",\"item\":\"https:\\\/\\\/www.barnestest.com\\\/pt-pt\\\/ferramentas-de-teste\\\/\"},{\"@type\":\"ListItem\",\"position\":3,\"name\":\"Solu\u00e7\u00f5es de Conformidade CQM\"}]},{\"@type\":\"WebSite\",\"@id\":\"https:\\\/\\\/www.barnestest.com\\\/pt-pt\\\/#website\",\"url\":\"https:\\\/\\\/www.barnestest.com\\\/pt-pt\\\/\",\"name\":\"Barnes International\",\"description\":\"a leading provider of magnetic stripe and EMV test tools, training and consulting\",\"publisher\":{\"@id\":\"https:\\\/\\\/www.barnestest.com\\\/pt-pt\\\/#organization\"},\"potentialAction\":[{\"@type\":\"SearchAction\",\"target\":{\"@type\":\"EntryPoint\",\"urlTemplate\":\"https:\\\/\\\/www.barnestest.com\\\/pt-pt\\\/?s={search_term_string}\"},\"query-input\":{\"@type\":\"PropertyValueSpecification\",\"valueRequired\":true,\"valueName\":\"search_term_string\"}}],\"inLanguage\":\"pt-PT\"},{\"@type\":\"Organization\",\"@id\":\"https:\\\/\\\/www.barnestest.com\\\/pt-pt\\\/#organization\",\"name\":\"Barnes International\",\"url\":\"https:\\\/\\\/www.barnestest.com\\\/pt-pt\\\/\",\"logo\":{\"@type\":\"ImageObject\",\"inLanguage\":\"pt-PT\",\"@id\":\"https:\\\/\\\/www.barnestest.com\\\/pt-pt\\\/#\\\/schema\\\/logo\\\/image\\\/\",\"url\":\"https:\\\/\\\/www.barnestest.com\\\/wp-content\\\/uploads\\\/barnesinternationallogo_transparent.png\",\"contentUrl\":\"https:\\\/\\\/www.barnestest.com\\\/wp-content\\\/uploads\\\/barnesinternationallogo_transparent.png\",\"width\":1712,\"height\":484,\"caption\":\"Barnes International\"},\"image\":{\"@id\":\"https:\\\/\\\/www.barnestest.com\\\/pt-pt\\\/#\\\/schema\\\/logo\\\/image\\\/\"},\"sameAs\":[\"https:\\\/\\\/x.com\\\/barnes_test\",\"https:\\\/\\\/www.linkedin.com\\\/company\\\/barnes-international-ltd\\\/\",\"https:\\\/\\\/www.youtube.com\\\/channel\\\/UC5_Lit5ykPemqDHnHda0bvw\"]}]}<\/script>\n<!-- \/ Yoast SEO plugin. -->","yoast_head_json":{"title":"Solu\u00e7\u00f5es de Conformidade CQM | Ferramentas de Teste | Barnes International Limited","description":"Solu\u00e7\u00f5es de Conformidade CQM que oferecem uma cobertura completa dos testes obrigat\u00f3rios Mastercard - Frequ\u00eancia de Resson\u00e2ncia, Fator Q e Dist\u00e2ncia de Leitura.","robots":{"index":"index","follow":"follow","max-snippet":"max-snippet:-1","max-image-preview":"max-image-preview:large","max-video-preview":"max-video-preview:-1"},"canonical":"https:\/\/www.barnestest.com\/pt-pt\/ferramentas-de-teste\/solucoes-de-conformidade-cqm\/","og_locale":"pt_PT","og_type":"article","og_title":"Solu\u00e7\u00f5es de Conformidade CQM | Ferramentas de Teste | Barnes International Limited","og_description":"Solu\u00e7\u00f5es de Conformidade CQM que oferecem uma cobertura completa dos testes obrigat\u00f3rios Mastercard - Frequ\u00eancia de Resson\u00e2ncia, Fator Q e Dist\u00e2ncia de Leitura.","og_url":"https:\/\/www.barnestest.com\/pt-pt\/ferramentas-de-teste\/solucoes-de-conformidade-cqm\/","og_site_name":"Barnes International","article_modified_time":"2022-02-08T13:55:33+00:00","og_image":[{"width":183,"height":43,"url":"https:\/\/www.barnestest.com\/wp-content\/uploads\/barnes-logo.png","type":"image\/png"}],"twitter_card":"summary_large_image","twitter_site":"@barnes_test","twitter_misc":{"Tempo estimado de leitura":"2 minutos"},"schema":{"@context":"https:\/\/schema.org","@graph":[{"@type":"WebPage","@id":"https:\/\/www.barnestest.com\/pt-pt\/ferramentas-de-teste\/solucoes-de-conformidade-cqm\/","url":"https:\/\/www.barnestest.com\/pt-pt\/ferramentas-de-teste\/solucoes-de-conformidade-cqm\/","name":"Solu\u00e7\u00f5es de Conformidade CQM | Ferramentas de Teste | Barnes International Limited","isPartOf":{"@id":"https:\/\/www.barnestest.com\/pt-pt\/#website"},"datePublished":"2022-02-01T13:56:00+00:00","dateModified":"2022-02-08T13:55:33+00:00","description":"Solu\u00e7\u00f5es de Conformidade CQM que oferecem uma cobertura completa dos testes obrigat\u00f3rios Mastercard - Frequ\u00eancia de Resson\u00e2ncia, Fator Q e Dist\u00e2ncia de Leitura.","breadcrumb":{"@id":"https:\/\/www.barnestest.com\/pt-pt\/ferramentas-de-teste\/solucoes-de-conformidade-cqm\/#breadcrumb"},"inLanguage":"pt-PT","potentialAction":[{"@type":"ReadAction","target":["https:\/\/www.barnestest.com\/pt-pt\/ferramentas-de-teste\/solucoes-de-conformidade-cqm\/"]}]},{"@type":"BreadcrumbList","@id":"https:\/\/www.barnestest.com\/pt-pt\/ferramentas-de-teste\/solucoes-de-conformidade-cqm\/#breadcrumb","itemListElement":[{"@type":"ListItem","position":1,"name":"Home","item":"https:\/\/www.barnestest.com\/pt-pt\/"},{"@type":"ListItem","position":2,"name":"Ferramentas de Teste","item":"https:\/\/www.barnestest.com\/pt-pt\/ferramentas-de-teste\/"},{"@type":"ListItem","position":3,"name":"Solu\u00e7\u00f5es de Conformidade CQM"}]},{"@type":"WebSite","@id":"https:\/\/www.barnestest.com\/pt-pt\/#website","url":"https:\/\/www.barnestest.com\/pt-pt\/","name":"Barnes International","description":"a leading provider of magnetic stripe and EMV test tools, training and consulting","publisher":{"@id":"https:\/\/www.barnestest.com\/pt-pt\/#organization"},"potentialAction":[{"@type":"SearchAction","target":{"@type":"EntryPoint","urlTemplate":"https:\/\/www.barnestest.com\/pt-pt\/?s={search_term_string}"},"query-input":{"@type":"PropertyValueSpecification","valueRequired":true,"valueName":"search_term_string"}}],"inLanguage":"pt-PT"},{"@type":"Organization","@id":"https:\/\/www.barnestest.com\/pt-pt\/#organization","name":"Barnes International","url":"https:\/\/www.barnestest.com\/pt-pt\/","logo":{"@type":"ImageObject","inLanguage":"pt-PT","@id":"https:\/\/www.barnestest.com\/pt-pt\/#\/schema\/logo\/image\/","url":"https:\/\/www.barnestest.com\/wp-content\/uploads\/barnesinternationallogo_transparent.png","contentUrl":"https:\/\/www.barnestest.com\/wp-content\/uploads\/barnesinternationallogo_transparent.png","width":1712,"height":484,"caption":"Barnes International"},"image":{"@id":"https:\/\/www.barnestest.com\/pt-pt\/#\/schema\/logo\/image\/"},"sameAs":["https:\/\/x.com\/barnes_test","https:\/\/www.linkedin.com\/company\/barnes-international-ltd\/","https:\/\/www.youtube.com\/channel\/UC5_Lit5ykPemqDHnHda0bvw"]}]}},"_links":{"self":[{"href":"https:\/\/www.barnestest.com\/pt-pt\/wp-json\/wp\/v2\/pages\/7642","targetHints":{"allow":["GET"]}}],"collection":[{"href":"https:\/\/www.barnestest.com\/pt-pt\/wp-json\/wp\/v2\/pages"}],"about":[{"href":"https:\/\/www.barnestest.com\/pt-pt\/wp-json\/wp\/v2\/types\/page"}],"author":[{"embeddable":true,"href":"https:\/\/www.barnestest.com\/pt-pt\/wp-json\/wp\/v2\/users\/4"}],"replies":[{"embeddable":true,"href":"https:\/\/www.barnestest.com\/pt-pt\/wp-json\/wp\/v2\/comments?post=7642"}],"version-history":[{"count":0,"href":"https:\/\/www.barnestest.com\/pt-pt\/wp-json\/wp\/v2\/pages\/7642\/revisions"}],"up":[{"embeddable":true,"href":"https:\/\/www.barnestest.com\/pt-pt\/wp-json\/wp\/v2\/pages\/7490"}],"wp:attachment":[{"href":"https:\/\/www.barnestest.com\/pt-pt\/wp-json\/wp\/v2\/media?parent=7642"}],"curies":[{"name":"wp","href":"https:\/\/api.w.org\/{rel}","templated":true}]}}