{"id":7679,"date":"2022-02-01T16:00:39","date_gmt":"2022-02-01T16:00:39","guid":{"rendered":"https:\/\/www.barnestest.com\/ferramentas-de-teste\/cartoes-de-teste-de-tarja-magnetica\/"},"modified":"2022-02-08T14:36:46","modified_gmt":"2022-02-08T14:36:46","slug":"cartoes-de-teste-de-tarja-magnetica","status":"publish","type":"page","link":"https:\/\/www.barnestest.com\/pt-pt\/ferramentas-de-teste\/cartoes-de-teste-de-tarja-magnetica\/","title":{"rendered":"Cart\u00f5es de Teste de Tarja Magn\u00e9tica"},"content":{"rendered":"<div class=\"wpb-content-wrapper\">[mk_page_section bg_color=&#8221;#fdf2dd&#8221; padding_top=&#8221;60&#8243; padding_bottom=&#8221;60&#8243; sidebar=&#8221;sidebar-1&#8243;][vc_column width=&#8221;8\/12&#8243;][mk_fancy_title tag_name=&#8221;h1&#8243; color=&#8221;#f5a61c&#8221; size=&#8221;20&#8243; font_weight=&#8221;bold&#8221; margin_bottom=&#8221;0&#8243; font_family=&#8221;none&#8221; animation=&#8221;left-to-right&#8221;]Cart\u00f5es de Teste de Tarja Magn\u00e9tica[\/mk_fancy_title][mk_fancy_title color=&#8221;#f5a61c&#8221; size=&#8221;32&#8243; font_weight=&#8221;400&#8243; margin_bottom=&#8221;0&#8243; font_family=&#8221;none&#8221; animation=&#8221;fade-in&#8221;]Valide o desempenho da tarja magn\u00e9tica durante o desenvolvimento de novos produtos[\/mk_fancy_title][vc_column_text css=&#8221;.vc_custom_1538044648719{margin-bottom: 0px !important;}&#8221;]<span style=\"font-size: 18px;\">Os cart\u00f5es de teste de tarja magn\u00e9tica s\u00e3o usados para a pesquisa e o desenvolvimento de novos produtos ou para o controle de qualidade para verificar a capacidade dos leitores. Eles ajudam a garantir a conformidade dos dispositivos com os diferentes padr\u00f5es globais ou com seus pr\u00f3prios requisitos.<\/span>[\/vc_column_text][mk_button dimension=&#8221;flat&#8221; corner_style=&#8221;full_rounded&#8221; size=&#8221;large&#8221; url=&#8221;\/wp-content\/uploads\/magnetic-stripe-test-limit-cards-08-18.pdf&#8221; target=&#8221;_blank&#8221; margin_bottom=&#8221;0&#8243; margin_right=&#8221;0&#8243; animation=&#8221;left-to-right&#8221; el_class=&#8221;o2c-periwinkle-button&#8221; bg_color=&#8221;#ffffff&#8221; btn_hover_bg=&#8221;#eaedf1&#8243; text_color=&#8221;dark&#8221; btn_hover_txt_color=&#8221;#666666&#8243;]Cart\u00f5es de Limite de Tarja Magn\u00e9tica[\/mk_button][\/vc_column][vc_column width=&#8221;1\/12&#8243;][\/vc_column][vc_column width=&#8221;1\/4&#8243;][\/vc_column][\/mk_page_section][mk_page_section bg_image=&#8221;http:\/\/www.barnestest.com\/wp-content\/uploads\/magnetic-stripe-test-cards-bg.jpg&#8221; bg_position=&#8221;center center&#8221; bg_stretch=&#8221;true&#8221; padding_top=&#8221;60&#8243; padding_bottom=&#8221;60&#8243; sidebar=&#8221;sidebar-1&#8243;][vc_column][vc_row_inner][vc_column_inner width=&#8221;8\/12&#8243;][mk_fancy_title color=&#8221;#ffffff&#8221; size=&#8221;32&#8243; font_weight=&#8221;400&#8243; margin_bottom=&#8221;0&#8243; font_family=&#8221;none&#8221; animation=&#8221;left-to-right&#8221;]Teste para os padr\u00f5es ISO 7811-2, ISO 7811-6 e ISO 7811-8[\/mk_fancy_title][vc_column_text el_class=&#8221;whitetext&#8221; css=&#8221;.vc_custom_1548862161076{margin-bottom: 0px !important;}&#8221;]<span style=\"font-size: 18px;\">A Barnes fornece cart\u00f5es de limite de teste de Alta Coercividade (HiCo) ou Baixa Coercividade (LoCo) que s\u00e3o codificados de acordo com os padr\u00f5es ISO. Qualquer combina\u00e7\u00e3o de posi\u00e7\u00e3o da trilha, posi\u00e7\u00e3o sentinela inicial, codifica\u00e7\u00e3o, amplitude, <em>jitter<\/em> e espa\u00e7amento de bits pode ser codificada nos cart\u00f5es no laborat\u00f3rio de testes da Barnes.<\/span>[\/vc_column_text][\/vc_column_inner][vc_column_inner width=&#8221;1\/12&#8243;][\/vc_column_inner][vc_column_inner width=&#8221;1\/4&#8243;][\/vc_column_inner][\/vc_row_inner][vc_row_inner][vc_column_inner width=&#8221;1\/3&#8243; css=&#8221;.vc_custom_1539255045037{margin-top: 10px !important;margin-bottom: 10px !important;padding-right: 5px !important;padding-left: 5px !important;}&#8221;][mk_custom_box corner_radius=&#8221;10&#8243; padding_vertical=&#8221;0&#8243; padding_horizental=&#8221;10&#8243; margin_bottom=&#8221;0&#8243; min_height=&#8221;0&#8243; animation=&#8221;left-to-right&#8221; bg_color=&#8221;#ffffff&#8221;][mk_padding_divider size=&#8221;20&#8243;][mk_fancy_title tag_name=&#8221;h1&#8243; color=&#8221;#f5a61c&#8221; size=&#8221;20&#8243; font_weight=&#8221;bold&#8221; margin_bottom=&#8221;0&#8243; font_family=&#8221;none&#8221; align=&#8221;center&#8221;]Usados por:[\/mk_fancy_title][vc_column_text align=&#8221;center&#8221; css=&#8221;.vc_custom_1590659045719{margin-bottom: 0px !important;padding-bottom: 0px !important;}&#8221;]<span style=\"color: #f5a61c; font-size: 16px;\">Departamentos de teste e inspe\u00e7\u00e3o<\/span><\/p>\n<p><span style=\"color: #f5a61c; font-size: 16px;\">Pesquisa e desenvolvimento<\/span><\/p>\n<p><span style=\"color: #f5a61c; font-size: 16px;\">Engenharia<\/span><\/p>\n[\/vc_column_text][mk_padding_divider][\/mk_custom_box][\/vc_column_inner][vc_column_inner width=&#8221;1\/3&#8243; css=&#8221;.vc_custom_1539255032681{margin-top: 10px !important;margin-bottom: 10px !important;padding-right: 5px !important;padding-left: 5px !important;}&#8221;][mk_custom_box corner_radius=&#8221;10&#8243; padding_vertical=&#8221;0&#8243; padding_horizental=&#8221;10&#8243; margin_bottom=&#8221;0&#8243; min_height=&#8221;0&#8243; animation=&#8221;bottom-to-top&#8221; bg_color=&#8221;#ffffff&#8221;][mk_padding_divider size=&#8221;20&#8243;][mk_fancy_title tag_name=&#8221;h1&#8243; color=&#8221;#f5a61c&#8221; size=&#8221;20&#8243; font_weight=&#8221;bold&#8221; margin_bottom=&#8221;0&#8243; font_family=&#8221;none&#8221; align=&#8221;center&#8221;]Essenciais para:[\/mk_fancy_title][vc_column_text align=&#8221;center&#8221; css=&#8221;.vc_custom_1590658815855{margin-bottom: 0px !important;}&#8221;]<span style=\"color: #f5a61c; font-size: 16px;\">Desenvolvimento de novos produtos<\/span><\/p>\n<p><span style=\"color: #f5a61c; font-size: 16px;\">Controle de qualidade do equipamento de leitura de tarja magn\u00e9tica<\/span><\/p>\n<p>&nbsp;<\/p>\n[\/vc_column_text][mk_padding_divider size=&#8221;20&#8243;][\/mk_custom_box][\/vc_column_inner][vc_column_inner width=&#8221;1\/3&#8243; css=&#8221;.vc_custom_1539255022349{margin-top: 10px !important;margin-bottom: 10px !important;padding-right: 5px !important;padding-left: 5px !important;}&#8221;][mk_custom_box corner_radius=&#8221;10&#8243; padding_vertical=&#8221;0&#8243; padding_horizental=&#8221;10&#8243; margin_bottom=&#8221;0&#8243; min_height=&#8221;0&#8243; animation=&#8221;right-to-left&#8221; bg_color=&#8221;#ffffff&#8221;][mk_padding_divider size=&#8221;20&#8243;][mk_fancy_title tag_name=&#8221;h1&#8243; color=&#8221;#f5a61c&#8221; size=&#8221;20&#8243; font_weight=&#8221;bold&#8221; margin_bottom=&#8221;0&#8243; font_family=&#8221;none&#8221; align=&#8221;center&#8221;]Benef\u00edcios:[\/mk_fancy_title][vc_column_text align=&#8221;center&#8221; css=&#8221;.vc_custom_1538045052512{margin-bottom: 0px !important;}&#8221;]<span style=\"color: #f5a61c; font-size: 16px;\">Verifica que os leitores de cart\u00e3o de tarja magn\u00e9tica atendem aos requisitos ISO ou outras especifica\u00e7\u00f5es<\/span><\/p>\n<p><span style=\"color: #f5a61c; font-size: 16px;\">Permite o teste de equipamentos de leitura de tarja magn\u00e9tica (Multibancos, terminais POS, m\u00e1quinas de bilhetes, etc.)<\/span>[\/vc_column_text][\/mk_custom_box][\/vc_column_inner][\/vc_row_inner][\/vc_column][\/mk_page_section][mk_page_section bg_color=&#8221;#0098db&#8221; el_class=&#8221;o2c-white-contact&#8221; sidebar=&#8221;sidebar-1&#8243;][vc_column width=&#8221;1\/12&#8243;][\/vc_column][vc_column width=&#8221;10\/12&#8243;][mk_padding_divider size=&#8221;65&#8243;][mk_fancy_title color=&#8221;#ffffff&#8221; size=&#8221;32&#8243; font_weight=&#8221;400&#8243; margin_bottom=&#8221;0&#8243; font_family=&#8221;none&#8221; align=&#8221;center&#8221; animation=&#8221;fade-in&#8221;]Quer saber mais?[\/mk_fancy_title][mk_padding_divider size=&#8221;30&#8243;]\n<div class=\"wpcf7 no-js\" id=\"wpcf7-f7435-o1\" lang=\"en-US\" dir=\"ltr\" data-wpcf7-id=\"7435\">\n<div class=\"screen-reader-response\"><p role=\"status\" aria-live=\"polite\" aria-atomic=\"true\"><\/p> <ul><\/ul><\/div>\n<form action=\"\/pt-pt\/wp-json\/wp\/v2\/pages\/7679#wpcf7-f7435-o1\" method=\"post\" class=\"wpcf7-form init\" aria-label=\"Contact form\" novalidate=\"novalidate\" data-status=\"init\">\n<fieldset class=\"hidden-fields-container\"><input type=\"hidden\" name=\"_wpcf7\" value=\"7435\" \/><input type=\"hidden\" name=\"_wpcf7_version\" value=\"6.1.5\" \/><input type=\"hidden\" name=\"_wpcf7_locale\" value=\"en_US\" \/><input type=\"hidden\" name=\"_wpcf7_unit_tag\" value=\"wpcf7-f7435-o1\" \/><input type=\"hidden\" name=\"_wpcf7_container_post\" value=\"0\" \/><input type=\"hidden\" name=\"_wpcf7_posted_data_hash\" value=\"\" \/><input type=\"hidden\" name=\"_wpcf7_recaptcha_response\" value=\"\" \/>\n<\/fieldset>\n<div class=\"o2c-fullwidth\">\n\t<div class=\"o2c-break1\">\n\t\t<p><span class=\"wpcf7-form-control-wrap\" data-name=\"full-name\"><input size=\"40\" maxlength=\"400\" class=\"wpcf7-form-control wpcf7-text wpcf7-validates-as-required o2c-text-field\" aria-required=\"true\" aria-invalid=\"false\" placeholder=\"Nome Completo\" value=\"\" type=\"text\" name=\"full-name\" \/><\/span><br \/>\n<span class=\"wpcf7-form-control-wrap\" data-name=\"company-name\"><input size=\"40\" maxlength=\"400\" class=\"wpcf7-form-control wpcf7-text wpcf7-validates-as-required o2c-text-field\" aria-required=\"true\" aria-invalid=\"false\" placeholder=\"Empresa\" value=\"\" type=\"text\" name=\"company-name\" \/><\/span><br \/>\n<span class=\"wpcf7-form-control-wrap\" data-name=\"customer-email\"><input size=\"40\" maxlength=\"400\" class=\"wpcf7-form-control wpcf7-email wpcf7-validates-as-required wpcf7-text wpcf7-validates-as-email o2c-email-field\" aria-required=\"true\" aria-invalid=\"false\" placeholder=\"E-mail\" value=\"\" type=\"email\" name=\"customer-email\" \/><\/span><br \/>\n<span class=\"wpcf7-form-control-wrap\" data-name=\"customer-telephone\"><input size=\"40\" maxlength=\"400\" class=\"wpcf7-form-control wpcf7-tel wpcf7-text wpcf7-validates-as-tel o2c-text-field\" aria-invalid=\"false\" placeholder=\"Telefone\" value=\"\" type=\"tel\" name=\"customer-telephone\" \/><\/span><br \/>\n\t\t<span class=\"wpcf7-form-control-wrap recaptcha\" data-name=\"recaptcha\"><span data-sitekey=\"6LfV16QUAAAAAAoDHi55y8SiR8vm8sVeBlZMDHpb\" class=\"wpcf7-form-control wpcf7-recaptcha g-recaptcha\"><\/span>\r\n<noscript>\r\n\t<div class=\"grecaptcha-noscript\">\r\n\t\t<iframe src=\"https:\/\/www.google.com\/recaptcha\/api\/fallback?k=6LfV16QUAAAAAAoDHi55y8SiR8vm8sVeBlZMDHpb\" frameborder=\"0\" scrolling=\"no\" width=\"310\" height=\"430\">\r\n\t\t<\/iframe>\r\n\t\t<textarea name=\"g-recaptcha-response\" rows=\"3\" cols=\"40\" placeholder=\"reCaptcha Response Here\">\r\n\t\t<\/textarea>\r\n\t<\/div>\r\n<\/noscript>\r\n<\/span>\n\t\t<\/p>\n\t<\/div>\n\t<div class=\"o2c-break2\">\n\t\t<p><span class=\"wpcf7-form-control-wrap\" data-name=\"customer-query\"><textarea cols=\"40\" rows=\"10\" maxlength=\"2000\" class=\"wpcf7-form-control wpcf7-textarea o2c-text-area\" aria-invalid=\"false\" placeholder=\"Mensagem\" name=\"customer-query\"><\/textarea><\/span>\n\t\t<\/p>\n\t\t<div class=\"o2c-subscribe\">\n\t\t\t<p><span class=\"wpcf7-form-control-wrap\" data-name=\"checkbox-21\"><span class=\"wpcf7-form-control wpcf7-checkbox\"><span class=\"wpcf7-list-item first last\"><input type=\"checkbox\" name=\"checkbox-21[]\" value=\"Inscreva-se e receba nossas atualiza\u00e7\u00f5es de produto\" \/><span class=\"wpcf7-list-item-label\">Inscreva-se e receba nossas atualiza\u00e7\u00f5es de produto<\/span><\/span><\/span><\/span><br \/>\n<input class=\"wpcf7-form-control wpcf7-submit has-spinner o2c-submit\" type=\"submit\" value=\"Enviar\" \/>\n\t\t\t<\/p>\n\t\t<\/div>\n\t<\/div>\n<\/div>\n<div class=\"gdpr-text-contact\">\n\t<p>Este formul\u00e1rio coleta seu nome, e-mail e n\u00famero de telefone para que possamos manter contato com voc\u00ea em rela\u00e7\u00e3o \u00e0 sua consulta. Nossa <a href=\"\/privacy-policy\/\">Pol\u00edtica de Privacidade<\/a> fornecer\u00e1 mais informa\u00e7\u00f5es sobre como esses dados s\u00e3o protegidos e gerenciados.\n\t<\/p>\n\t<div class=\"gpdr-tick-box-contact\">\n\t\t<p><span class=\"wpcf7-form-control-wrap\" data-name=\"GDPR\"><span class=\"wpcf7-form-control wpcf7-checkbox wpcf7-validates-as-required\"><span class=\"wpcf7-list-item first last\"><input type=\"checkbox\" name=\"GDPR[]\" value=\"Autorizo que a Barnes International recolha os meus dados.\" \/><span class=\"wpcf7-list-item-label\">Autorizo que a Barnes International recolha os meus dados.<\/span><\/span><\/span><\/span>\n\t\t<\/p>\n\t<\/div>\n<\/div><div class=\"wpcf7-response-output\" aria-hidden=\"true\"><\/div>\n<\/form>\n<\/div>\n[mk_padding_divider size=&#8221;65&#8243;][\/vc_column][vc_column width=&#8221;1\/12&#8243;][\/vc_column][\/mk_page_section]\n<\/div>","protected":false},"excerpt":{"rendered":"<p>[mk_page_section bg_color=&#8221;#fdf2dd&#8221; padding_top=&#8221;60&#8243; padding_bottom=&#8221;60&#8243; sidebar=&#8221;sidebar-1&#8243;][vc_column width=&#8221;8\/12&#8243;][mk_fancy_title tag_name=&#8221;h1&#8243; color=&#8221;#f5a61c&#8221; size=&#8221;20&#8243; font_weight=&#8221;bold&#8221; margin_bottom=&#8221;0&#8243; font_family=&#8221;none&#8221; animation=&#8221;left-to-right&#8221;]Cart\u00f5es de Teste de Tarja Magn\u00e9tica[\/mk_fancy_title][mk_fancy_title color=&#8221;#f5a61c&#8221; size=&#8221;32&#8243; font_weight=&#8221;400&#8243; margin_bottom=&#8221;0&#8243; font_family=&#8221;none&#8221; animation=&#8221;fade-in&#8221;]Valide o desempenho da tarja magn\u00e9tica durante o desenvolvimento de novos produtos[\/mk_fancy_title][vc_column_text css=&#8221;.vc_custom_1538044648719{margin-bottom: 0px !important;}&#8221;]Os cart\u00f5es de teste de tarja magn\u00e9tica s\u00e3o usados para a pesquisa e o desenvolvimento de novos produtos [&hellip;]<\/p>\n","protected":false},"author":1,"featured_media":0,"parent":7490,"menu_order":0,"comment_status":"closed","ping_status":"closed","template":"","meta":{"footnotes":""},"class_list":["post-7679","page","type-page","status-publish","hentry"],"yoast_head":"<!-- This site is optimized with the Yoast SEO plugin v27.3 - https:\/\/yoast.com\/product\/yoast-seo-wordpress\/ -->\n<title>Cart\u00f5es de Teste de Tarja Magn\u00e9tica | Ferramentas de Teste | Barnes International Limited<\/title>\n<meta name=\"description\" content=\"Nossos cart\u00f5es de teste de tarja magn\u00e9tica s\u00e3o usados por organiza\u00e7\u00f5es globais para testes ISO e CQM, com base em seus resultados de teste r\u00e1pidos, precisos e confi\u00e1veis. Voc\u00ea poder\u00e1 melhorar a efici\u00eancia operacional e acelerar a produ\u00e7\u00e3o de tarja magn\u00e9tica. Saiba mais aqui.\" \/>\n<meta name=\"robots\" content=\"index, follow, max-snippet:-1, max-image-preview:large, max-video-preview:-1\" \/>\n<link rel=\"canonical\" href=\"https:\/\/www.barnestest.com\/pt-pt\/ferramentas-de-teste\/cartoes-de-teste-de-tarja-magnetica\/\" \/>\n<meta property=\"og:locale\" content=\"pt_PT\" \/>\n<meta property=\"og:type\" content=\"article\" \/>\n<meta property=\"og:title\" content=\"Cart\u00f5es de Teste de Tarja Magn\u00e9tica | Ferramentas de Teste | Barnes International Limited\" \/>\n<meta property=\"og:description\" content=\"Nossos cart\u00f5es de teste de tarja magn\u00e9tica s\u00e3o usados por organiza\u00e7\u00f5es globais para testes ISO e CQM, com base em seus resultados de teste r\u00e1pidos, precisos e confi\u00e1veis. Voc\u00ea poder\u00e1 melhorar a efici\u00eancia operacional e acelerar a produ\u00e7\u00e3o de tarja magn\u00e9tica. Saiba mais aqui.\" \/>\n<meta property=\"og:url\" content=\"https:\/\/www.barnestest.com\/pt-pt\/ferramentas-de-teste\/cartoes-de-teste-de-tarja-magnetica\/\" \/>\n<meta property=\"og:site_name\" content=\"Barnes International\" \/>\n<meta property=\"article:modified_time\" content=\"2022-02-08T14:36:46+00:00\" \/>\n<meta property=\"og:image\" content=\"https:\/\/www.barnestest.com\/wp-content\/uploads\/barnes-logo.png\" \/>\n\t<meta property=\"og:image:width\" content=\"183\" \/>\n\t<meta property=\"og:image:height\" content=\"43\" \/>\n\t<meta property=\"og:image:type\" content=\"image\/png\" \/>\n<meta name=\"twitter:card\" content=\"summary_large_image\" \/>\n<meta name=\"twitter:site\" content=\"@barnes_test\" \/>\n<meta name=\"twitter:label1\" content=\"Tempo estimado de leitura\" \/>\n\t<meta name=\"twitter:data1\" content=\"2 minutos\" \/>\n<script type=\"application\/ld+json\" class=\"yoast-schema-graph\">{\"@context\":\"https:\\\/\\\/schema.org\",\"@graph\":[{\"@type\":\"WebPage\",\"@id\":\"https:\\\/\\\/www.barnestest.com\\\/pt-pt\\\/ferramentas-de-teste\\\/cartoes-de-teste-de-tarja-magnetica\\\/\",\"url\":\"https:\\\/\\\/www.barnestest.com\\\/pt-pt\\\/ferramentas-de-teste\\\/cartoes-de-teste-de-tarja-magnetica\\\/\",\"name\":\"Cart\u00f5es de Teste de Tarja Magn\u00e9tica | Ferramentas de Teste | Barnes International Limited\",\"isPartOf\":{\"@id\":\"https:\\\/\\\/www.barnestest.com\\\/pt-pt\\\/#website\"},\"datePublished\":\"2022-02-01T16:00:39+00:00\",\"dateModified\":\"2022-02-08T14:36:46+00:00\",\"description\":\"Nossos cart\u00f5es de teste de tarja magn\u00e9tica s\u00e3o usados por organiza\u00e7\u00f5es globais para testes ISO e CQM, com base em seus resultados de teste r\u00e1pidos, precisos e confi\u00e1veis. Voc\u00ea poder\u00e1 melhorar a efici\u00eancia operacional e acelerar a produ\u00e7\u00e3o de tarja magn\u00e9tica. Saiba mais aqui.\",\"breadcrumb\":{\"@id\":\"https:\\\/\\\/www.barnestest.com\\\/pt-pt\\\/ferramentas-de-teste\\\/cartoes-de-teste-de-tarja-magnetica\\\/#breadcrumb\"},\"inLanguage\":\"pt-PT\",\"potentialAction\":[{\"@type\":\"ReadAction\",\"target\":[\"https:\\\/\\\/www.barnestest.com\\\/pt-pt\\\/ferramentas-de-teste\\\/cartoes-de-teste-de-tarja-magnetica\\\/\"]}]},{\"@type\":\"BreadcrumbList\",\"@id\":\"https:\\\/\\\/www.barnestest.com\\\/pt-pt\\\/ferramentas-de-teste\\\/cartoes-de-teste-de-tarja-magnetica\\\/#breadcrumb\",\"itemListElement\":[{\"@type\":\"ListItem\",\"position\":1,\"name\":\"Home\",\"item\":\"https:\\\/\\\/www.barnestest.com\\\/pt-pt\\\/\"},{\"@type\":\"ListItem\",\"position\":2,\"name\":\"Ferramentas de Teste\",\"item\":\"https:\\\/\\\/www.barnestest.com\\\/pt-pt\\\/ferramentas-de-teste\\\/\"},{\"@type\":\"ListItem\",\"position\":3,\"name\":\"Cart\u00f5es de Teste de Tarja Magn\u00e9tica\"}]},{\"@type\":\"WebSite\",\"@id\":\"https:\\\/\\\/www.barnestest.com\\\/pt-pt\\\/#website\",\"url\":\"https:\\\/\\\/www.barnestest.com\\\/pt-pt\\\/\",\"name\":\"Barnes International\",\"description\":\"a leading provider of magnetic stripe and EMV test tools, training and consulting\",\"publisher\":{\"@id\":\"https:\\\/\\\/www.barnestest.com\\\/pt-pt\\\/#organization\"},\"potentialAction\":[{\"@type\":\"SearchAction\",\"target\":{\"@type\":\"EntryPoint\",\"urlTemplate\":\"https:\\\/\\\/www.barnestest.com\\\/pt-pt\\\/?s={search_term_string}\"},\"query-input\":{\"@type\":\"PropertyValueSpecification\",\"valueRequired\":true,\"valueName\":\"search_term_string\"}}],\"inLanguage\":\"pt-PT\"},{\"@type\":\"Organization\",\"@id\":\"https:\\\/\\\/www.barnestest.com\\\/pt-pt\\\/#organization\",\"name\":\"Barnes International\",\"url\":\"https:\\\/\\\/www.barnestest.com\\\/pt-pt\\\/\",\"logo\":{\"@type\":\"ImageObject\",\"inLanguage\":\"pt-PT\",\"@id\":\"https:\\\/\\\/www.barnestest.com\\\/pt-pt\\\/#\\\/schema\\\/logo\\\/image\\\/\",\"url\":\"https:\\\/\\\/www.barnestest.com\\\/wp-content\\\/uploads\\\/barnesinternationallogo_transparent.png\",\"contentUrl\":\"https:\\\/\\\/www.barnestest.com\\\/wp-content\\\/uploads\\\/barnesinternationallogo_transparent.png\",\"width\":1712,\"height\":484,\"caption\":\"Barnes International\"},\"image\":{\"@id\":\"https:\\\/\\\/www.barnestest.com\\\/pt-pt\\\/#\\\/schema\\\/logo\\\/image\\\/\"},\"sameAs\":[\"https:\\\/\\\/x.com\\\/barnes_test\",\"https:\\\/\\\/www.linkedin.com\\\/company\\\/barnes-international-ltd\\\/\",\"https:\\\/\\\/www.youtube.com\\\/channel\\\/UC5_Lit5ykPemqDHnHda0bvw\"]}]}<\/script>\n<!-- \/ Yoast SEO plugin. -->","yoast_head_json":{"title":"Cart\u00f5es de Teste de Tarja Magn\u00e9tica | Ferramentas de Teste | Barnes International Limited","description":"Nossos cart\u00f5es de teste de tarja magn\u00e9tica s\u00e3o usados por organiza\u00e7\u00f5es globais para testes ISO e CQM, com base em seus resultados de teste r\u00e1pidos, precisos e confi\u00e1veis. Voc\u00ea poder\u00e1 melhorar a efici\u00eancia operacional e acelerar a produ\u00e7\u00e3o de tarja magn\u00e9tica. Saiba mais aqui.","robots":{"index":"index","follow":"follow","max-snippet":"max-snippet:-1","max-image-preview":"max-image-preview:large","max-video-preview":"max-video-preview:-1"},"canonical":"https:\/\/www.barnestest.com\/pt-pt\/ferramentas-de-teste\/cartoes-de-teste-de-tarja-magnetica\/","og_locale":"pt_PT","og_type":"article","og_title":"Cart\u00f5es de Teste de Tarja Magn\u00e9tica | Ferramentas de Teste | Barnes International Limited","og_description":"Nossos cart\u00f5es de teste de tarja magn\u00e9tica s\u00e3o usados por organiza\u00e7\u00f5es globais para testes ISO e CQM, com base em seus resultados de teste r\u00e1pidos, precisos e confi\u00e1veis. Voc\u00ea poder\u00e1 melhorar a efici\u00eancia operacional e acelerar a produ\u00e7\u00e3o de tarja magn\u00e9tica. Saiba mais aqui.","og_url":"https:\/\/www.barnestest.com\/pt-pt\/ferramentas-de-teste\/cartoes-de-teste-de-tarja-magnetica\/","og_site_name":"Barnes International","article_modified_time":"2022-02-08T14:36:46+00:00","og_image":[{"width":183,"height":43,"url":"https:\/\/www.barnestest.com\/wp-content\/uploads\/barnes-logo.png","type":"image\/png"}],"twitter_card":"summary_large_image","twitter_site":"@barnes_test","twitter_misc":{"Tempo estimado de leitura":"2 minutos"},"schema":{"@context":"https:\/\/schema.org","@graph":[{"@type":"WebPage","@id":"https:\/\/www.barnestest.com\/pt-pt\/ferramentas-de-teste\/cartoes-de-teste-de-tarja-magnetica\/","url":"https:\/\/www.barnestest.com\/pt-pt\/ferramentas-de-teste\/cartoes-de-teste-de-tarja-magnetica\/","name":"Cart\u00f5es de Teste de Tarja Magn\u00e9tica | Ferramentas de Teste | Barnes International Limited","isPartOf":{"@id":"https:\/\/www.barnestest.com\/pt-pt\/#website"},"datePublished":"2022-02-01T16:00:39+00:00","dateModified":"2022-02-08T14:36:46+00:00","description":"Nossos cart\u00f5es de teste de tarja magn\u00e9tica s\u00e3o usados por organiza\u00e7\u00f5es globais para testes ISO e CQM, com base em seus resultados de teste r\u00e1pidos, precisos e confi\u00e1veis. Voc\u00ea poder\u00e1 melhorar a efici\u00eancia operacional e acelerar a produ\u00e7\u00e3o de tarja magn\u00e9tica. Saiba mais aqui.","breadcrumb":{"@id":"https:\/\/www.barnestest.com\/pt-pt\/ferramentas-de-teste\/cartoes-de-teste-de-tarja-magnetica\/#breadcrumb"},"inLanguage":"pt-PT","potentialAction":[{"@type":"ReadAction","target":["https:\/\/www.barnestest.com\/pt-pt\/ferramentas-de-teste\/cartoes-de-teste-de-tarja-magnetica\/"]}]},{"@type":"BreadcrumbList","@id":"https:\/\/www.barnestest.com\/pt-pt\/ferramentas-de-teste\/cartoes-de-teste-de-tarja-magnetica\/#breadcrumb","itemListElement":[{"@type":"ListItem","position":1,"name":"Home","item":"https:\/\/www.barnestest.com\/pt-pt\/"},{"@type":"ListItem","position":2,"name":"Ferramentas de Teste","item":"https:\/\/www.barnestest.com\/pt-pt\/ferramentas-de-teste\/"},{"@type":"ListItem","position":3,"name":"Cart\u00f5es de Teste de Tarja Magn\u00e9tica"}]},{"@type":"WebSite","@id":"https:\/\/www.barnestest.com\/pt-pt\/#website","url":"https:\/\/www.barnestest.com\/pt-pt\/","name":"Barnes International","description":"a leading provider of magnetic stripe and EMV test tools, training and consulting","publisher":{"@id":"https:\/\/www.barnestest.com\/pt-pt\/#organization"},"potentialAction":[{"@type":"SearchAction","target":{"@type":"EntryPoint","urlTemplate":"https:\/\/www.barnestest.com\/pt-pt\/?s={search_term_string}"},"query-input":{"@type":"PropertyValueSpecification","valueRequired":true,"valueName":"search_term_string"}}],"inLanguage":"pt-PT"},{"@type":"Organization","@id":"https:\/\/www.barnestest.com\/pt-pt\/#organization","name":"Barnes International","url":"https:\/\/www.barnestest.com\/pt-pt\/","logo":{"@type":"ImageObject","inLanguage":"pt-PT","@id":"https:\/\/www.barnestest.com\/pt-pt\/#\/schema\/logo\/image\/","url":"https:\/\/www.barnestest.com\/wp-content\/uploads\/barnesinternationallogo_transparent.png","contentUrl":"https:\/\/www.barnestest.com\/wp-content\/uploads\/barnesinternationallogo_transparent.png","width":1712,"height":484,"caption":"Barnes International"},"image":{"@id":"https:\/\/www.barnestest.com\/pt-pt\/#\/schema\/logo\/image\/"},"sameAs":["https:\/\/x.com\/barnes_test","https:\/\/www.linkedin.com\/company\/barnes-international-ltd\/","https:\/\/www.youtube.com\/channel\/UC5_Lit5ykPemqDHnHda0bvw"]}]}},"_links":{"self":[{"href":"https:\/\/www.barnestest.com\/pt-pt\/wp-json\/wp\/v2\/pages\/7679","targetHints":{"allow":["GET"]}}],"collection":[{"href":"https:\/\/www.barnestest.com\/pt-pt\/wp-json\/wp\/v2\/pages"}],"about":[{"href":"https:\/\/www.barnestest.com\/pt-pt\/wp-json\/wp\/v2\/types\/page"}],"author":[{"embeddable":true,"href":"https:\/\/www.barnestest.com\/pt-pt\/wp-json\/wp\/v2\/users\/1"}],"replies":[{"embeddable":true,"href":"https:\/\/www.barnestest.com\/pt-pt\/wp-json\/wp\/v2\/comments?post=7679"}],"version-history":[{"count":0,"href":"https:\/\/www.barnestest.com\/pt-pt\/wp-json\/wp\/v2\/pages\/7679\/revisions"}],"up":[{"embeddable":true,"href":"https:\/\/www.barnestest.com\/pt-pt\/wp-json\/wp\/v2\/pages\/7490"}],"wp:attachment":[{"href":"https:\/\/www.barnestest.com\/pt-pt\/wp-json\/wp\/v2\/media?parent=7679"}],"curies":[{"name":"wp","href":"https:\/\/api.w.org\/{rel}","templated":true}]}}